{"id":17873,"date":"2017-04-24T08:40:49","date_gmt":"2017-04-24T08:40:49","guid":{"rendered":"https:\/\/abilica.com\/se\/?page_id=17873"},"modified":"2017-08-17T12:37:26","modified_gmt":"2017-08-17T11:37:26","slug":"traningsprogram-till-abilica-doorgym","status":"publish","type":"page","link":"https:\/\/abilica.com\/sv\/traningsprogram\/traningsprogram-till-abilica-doorgym\/","title":{"rendered":"Tr\u00e4ningsprogram till Abilica DoorGym"},"content":{"rendered":"<div class=\"wpb-content-wrapper\"><p>[vc_row full_width=&#8221;stretch_row_content&#8221; full_height=&#8221;yes&#8221; columns_placement=&#8221;bottom&#8221; css=&#8221;.vc_custom_1493023396652{background-image: url(https:\/\/abilica.com\/se\/wp-content\/uploads\/2017\/04\/doorgym1.jpg?id=17875) !important;background-position: center !important;background-repeat: no-repeat !important;background-size: cover !important;}&#8221;][vc_column width=&#8221;1\/3&#8243;][\/vc_column][vc_column width=&#8221;1\/3&#8243;][vc_icon icon_fontawesome=&#8221;fa fa-angle-down&#8221; color=&#8221;white&#8221; size=&#8221;xl&#8221; align=&#8221;center&#8221;][\/vc_column][vc_column width=&#8221;1\/3&#8243;][\/vc_column][\/vc_row][vc_row][vc_column][vc_column_text]<\/p>\n<h2 style=\"text-align: left;\"><span style=\"color: #000000;\">Tr\u00e4ningsprogram till Abilica\u00a0DoorGym\u00a0<\/span><\/h2>\n<p>Trapetsen h\u00e4nges i d\u00f6rr\u00f6pningen utan f\u00e4sten, och kan enkelt s\u00e4ttas upp och tas ner. Olika handtag i mjuktgummi f\u00f6r flera varierande grepp. Mycket effektiv f\u00f6r tr\u00e4ning av \u00f6verkropp. Fungerar ocks\u00e5 fint til push-ups och magetr\u00e4ning.[\/vc_column_text][vc_empty_space][\/vc_column][\/vc_row][vc_row][vc_column][title text=&#8221;K\u00f6p DoorGym nu.&#8221; text_align=&#8221;left&#8221;][\/vc_column][\/vc_row][vc_row][vc_column width=&#8221;1\/2&#8243;][product_mod id=&#8221;1846&#8243;][\/vc_column][vc_column width=&#8221;1\/2&#8243;][product_mod id=&#8221;1421&#8243;][\/vc_column][\/vc_row][vc_row][vc_column][vc_empty_space][vc_btn title=&#8221;Ladda hem tr\u00e4ningsprogrammet i PDF&#8221; style=&#8221;flat&#8221; color=&#8221;danger&#8221; i_icon_fontawesome=&#8221;fa fa-file-pdf-o&#8221; add_icon=&#8221;true&#8221; link=&#8221;url:http%3A%2F%2Fabilica.com\/se%2Fwp-content%2Fuploads%2F2017%2F02%2FAbilica-DoorGym-Advanced.pdf||target:%20_blank|&#8221;][\/vc_column][\/vc_row][vc_row css=&#8221;.vc_custom_1492108997727{background-position: center !important;background-repeat: no-repeat !important;background-size: cover !important;}&#8221;][vc_column][vc_column_text]<\/p>\n<h2 style=\"text-align: left;\">1.<\/h2>\n<p><b>Chin ups<br \/>\n<\/b><b>Tr\u00e4nar: <\/b>Den breda ryggmuskeln samt armar<\/p>\n<p>H\u00e4ng apparaten \u00f6ver d\u00f6rrkarmen som anvisat. H\u00e5ll p\u00e5 de bredaste handtagen. De \u00e4r f\u00f6rst och fr\u00e4mst musklerna i ryggen du anv\u00e4nder n\u00e4r du h\u00e5ller i dessa handtag. Dra dig upp med hakan \u00f6ver st\u00e5ngen. Upprepa s\u00e5 m\u00e5nga du orkar.[\/vc_column_text][vc_single_image image=&#8221;17894&#8243; img_size=&#8221;full&#8221; alignment=&#8221;center&#8221;][\/vc_column][\/vc_row][vc_row][vc_column][vc_column_text]<\/p>\n<h2 style=\"text-align: left;\">\u00a02.<\/h2>\n<p><b>Pull ups<br \/>\n<\/b><b>Tr\u00e4nar: <\/b>\u00d6vre del av rygg samt framsidan av arm<\/p>\n<p>H\u00e5ll i handtagen d\u00e4r handflatan pekar mot dig. I denna \u00f6vning f\u00e5r du mer hj\u00e4lp av musklerna p\u00e5 framsidan av armen \u00e4n i den f\u00f6rra. M\u00e5nga upplever d\u00e4rf\u00f6r att de \u00e4r starkare h\u00e4r. Lyft dig upp till du f\u00e5r hakan \u00f6ver st\u00e5ngen. Upprepa s\u00e5 m\u00e5nga g\u00e5nger du orkar.[\/vc_column_text][vc_single_image image=&#8221;17887&#8243; img_size=&#8221;full&#8221; alignment=&#8221;center&#8221;][\/vc_column][\/vc_row][vc_row][vc_column][vc_column_text]<\/p>\n<h2 style=\"text-align: left;\">3.<\/h2>\n<p><b>Pullups variant II<br \/>\n<\/b><b>Tr\u00e4nar: <\/b>\u00d6vre delen av rygg samt framsidan av arm<\/p>\n<p>H\u00e5ll p\u00e5 handtagen d\u00e4r handflatan pekar mot varandra. Upprepa s\u00e5 m\u00e5nga g\u00e5nger du orkar.[\/vc_column_text][vc_single_image image=&#8221;17888&#8243; img_size=&#8221;full&#8221; alignment=&#8221;center&#8221;][\/vc_column][\/vc_row][vc_row][vc_column][vc_column_text]<\/p>\n<h2 style=\"text-align: left;\">4.<\/h2>\n<p><b>Push ups<br \/>\n<\/b><b>Tr\u00e4nar: <\/b>Br\u00f6stmusklerna samt n\u00e5got p\u00e5 baksidan av arm och axlar<\/p>\n<p>L\u00e5t apparaten st\u00e5 fritt p\u00e5 golvet. St\u00e5 med rak kropp och h\u00e4nderna p\u00e5<br \/>\nde yttersta handagen. S\u00e4nk d\u00e4refter \u00f6verkroppen till du har 90 grader i armb\u00e5gsleden. Apparaten vill g\u00f6ra att armh\u00e4vningen k\u00e4nns extra utfo- drande. Passa p\u00e5 att h\u00e5lla s\u00e4tet nere och ryggen rak. G\u00f6r max antal reps innan du vilar.[\/vc_column_text][vc_single_image image=&#8221;17889&#8243; img_size=&#8221;full&#8221; alignment=&#8221;center&#8221;][\/vc_column][\/vc_row][vc_row full_width=&#8221;stretch_row_content&#8221; full_height=&#8221;yes&#8221; css=&#8221;.vc_custom_1493024297321{background-image: url(https:\/\/abilica.com\/se\/wp-content\/uploads\/2017\/04\/oorgym3.jpg?id=17877) !important;background-position: center !important;background-repeat: no-repeat !important;background-size: cover !important;}&#8221;][vc_column][\/vc_column][\/vc_row][vc_row][vc_column][vc_column_text]<\/p>\n<h2 style=\"text-align: left;\">5.<\/h2>\n<p><b>Kroppsh\u00e4v<br \/>\n<\/b><b>Tr\u00e4nar: <\/b>Armar och mage<\/p>\n<p>H\u00e5ll i handtagen d\u00e4r handflatan pekar mot dig. H\u00e5ll benen raka och lyft hela kroppen tills armarna \u00e4r i 90 grader. Upprepa s\u00e5 m\u00e5nga g\u00e5nger du orkar.[\/vc_column_text][vc_single_image image=&#8221;17890&#8243; img_size=&#8221;full&#8221; alignment=&#8221;center&#8221;][\/vc_column][\/vc_row][vc_row][vc_column][vc_column_text]<\/p>\n<h2 style=\"text-align: left;\">6.<\/h2>\n<p><b>Situps<br \/>\n<\/b><b>Tr\u00e4nar: <\/b>Mage<\/p>\n<p>Ligg p\u00e5 rygg med benen under apparaten. H\u00f6j \u00f6verkroppen upp till armb\u00e5garna tr\u00e4ffar kn\u00e4na. S\u00e4nk kroppen ner. Upprepa s\u00e5 m\u00e5nga g\u00e5nger du orkar.[\/vc_column_text][vc_single_image image=&#8221;17891&#8243; img_size=&#8221;full&#8221; alignment=&#8221;center&#8221;][\/vc_column][\/vc_row][vc_row][vc_column][vc_column_text]<\/p>\n<h2 style=\"text-align: left;\">7.<\/h2>\n<p><b>Dips<br \/>\n<\/b><b>Tr\u00e4nar: <\/b>Baksida armar<\/p>\n<p>L\u00e5t apparaten st\u00e5 fritt p\u00e5 golvet. St\u00e5 framf\u00f6r apparaten, sitta ner s\u00e5 att h\u00e4nderna \u00e4r p\u00e5 apparaten. Viktigt att dina handleder \u00e4r s\u00e5 raka som m\u00f6jligt. B\u00f6j armb\u00e5gsleden och s\u00e4nk s\u00e4tet ner till golvet, medan armb\u00e5garna pekar rakt bak\u00e5t hela tiden. Tryck tillbaka till utg\u00e5ngsl\u00e4get och upprepa. G\u00f6r som m\u00e5nga repetitioner som du orkar.<\/p>\n<p>[\/vc_column_text][vc_single_image image=&#8221;17892&#8243; img_size=&#8221;full&#8221; alignment=&#8221;center&#8221;][\/vc_column][\/vc_row][vc_row][vc_column][vc_column_text]<\/p>\n<h2 style=\"text-align: left;\">8.<\/h2>\n<p><b>Benh\u00e4v<br \/>\n<\/b><b>Tr\u00e4nar: <\/b>Mage<\/p>\n<p>Anv\u00e4nd \u00f6glorna som f\u00f6ljer med apparaten f\u00f6r att g\u00f6ra benlyft. Du b\u00f6rjar med att h\u00e4nga i apparaten med rak kropp. B\u00f6j s\u00e5 kn\u00e4na upp mot mage\/br\u00f6st. Du kan ocks\u00e5 g\u00f6ra \u00f6vningen med raka ben och lyfter dem ut fr\u00e5n kroppen &#8211; detta \u00e4r tyngre. G\u00f6r s\u00e5 manga reps som du orkar.[\/vc_column_text][vc_single_image image=&#8221;17893&#8243; img_size=&#8221;full&#8221; alignment=&#8221;center&#8221;][\/vc_column][\/vc_row][vc_row full_width=&#8221;stretch_row_content&#8221; css=&#8221;.vc_custom_1494931027093{background-color: #0a0101 !important;}&#8221;][vc_column][title text=&#8221;K\u00f6p ditt Abilica DoorGym nu.&#8221; tag=&#8221;h2&#8243; color=&#8221;#ffffff&#8221; text_align=&#8221;center&#8221;][vc_empty_space][\/vc_column][\/vc_row][vc_row][vc_column width=&#8221;1\/2&#8243;][product_mod id=&#8221;1846&#8243;][vc_empty_space][\/vc_column][vc_column width=&#8221;1\/2&#8243;][product_mod id=&#8221;1421&#8243;][vc_empty_space][\/vc_column][\/vc_row][vc_row full_width=&#8221;stretch_row_content&#8221; full_height=&#8221;yes&#8221; css=&#8221;.vc_custom_1493024423101{background-image: url(https:\/\/abilica.com\/se\/wp-content\/uploads\/2017\/04\/oorgym4.jpg?id=17878) !important;background-position: center !important;background-repeat: no-repeat !important;background-size: cover !important;}&#8221;][vc_column][\/vc_column][\/vc_row]<\/p>\n<\/div>","protected":false},"excerpt":{"rendered":"<p>[vc_row full_width=&#8221;stretch_row_content&#8221; full_height=&#8221;yes&#8221; columns_placement=&#8221;bottom&#8221; css=&#8221;.vc_custom_1493023396652{background-image: url(https:\/\/abilica.com\/se\/wp-content\/uploads\/2017\/04\/doorgym1.jpg?id=17875) !important;background-position: center !important;background-repeat: no-repeat !important;background-size: cover !important;}&#8221;][vc_column width=&#8221;1\/3&#8243;][\/vc_column][vc_column width=&#8221;1\/3&#8243;][vc_icon&#8230;<\/p>\n","protected":false},"author":2,"featured_media":0,"parent":3041,"menu_order":0,"comment_status":"closed","ping_status":"closed","template":"","meta":{"_acf_changed":false,"footnotes":""},"class_list":["post-17873","page","type-page","status-publish","hentry"],"acf":[],"yoast_head":"<!-- This site is optimized with the Yoast SEO Premium plugin v21.1 (Yoast SEO v25.4) - https:\/\/yoast.com\/wordpress\/plugins\/seo\/ -->\n<title>Tr\u00e4ningsprogram till Abilica DoorGym &#8226; Abilica<\/title>\n<meta name=\"robots\" content=\"index, follow, max-snippet:-1, max-image-preview:large, max-video-preview:-1\" \/>\n<link rel=\"canonical\" href=\"https:\/\/abilica.com\/sv\/traningsprogram\/traningsprogram-till-abilica-doorgym\/\" \/>\n<meta property=\"og:locale\" content=\"sv_SE\" \/>\n<meta property=\"og:type\" content=\"article\" \/>\n<meta property=\"og:title\" content=\"Tr\u00e4ningsprogram till Abilica DoorGym\" \/>\n<meta property=\"og:description\" content=\"[vc_row full_width=&#8221;stretch_row_content&#8221; full_height=&#8221;yes&#8221; columns_placement=&#8221;bottom&#8221; css=&#8221;.vc_custom_1493023396652{background-image: url(https:\/\/abilica.com\/se\/wp-content\/uploads\/2017\/04\/doorgym1.jpg?id=17875) !important;background-position: center !important;background-repeat: no-repeat !important;background-size: cover !important;}&#8221;][vc_column width=&#8221;1\/3&#8243;][\/vc_column][vc_column width=&#8221;1\/3&#8243;][vc_icon...\" \/>\n<meta property=\"og:url\" content=\"https:\/\/abilica.com\/sv\/traningsprogram\/traningsprogram-till-abilica-doorgym\/\" \/>\n<meta property=\"og:site_name\" content=\"Abilica\" \/>\n<meta property=\"article:publisher\" content=\"https:\/\/www.facebook.com\/abilicahometraining\/\" \/>\n<meta property=\"article:modified_time\" content=\"2017-08-17T11:37:26+00:00\" \/>\n<meta name=\"twitter:card\" content=\"summary_large_image\" \/>\n<meta name=\"twitter:label1\" content=\"Ber\u00e4knad l\u00e4stid\" \/>\n\t<meta name=\"twitter:data1\" content=\"5 minuter\" \/>\n<script type=\"application\/ld+json\" class=\"yoast-schema-graph\">{\"@context\":\"https:\/\/schema.org\",\"@graph\":[{\"@type\":\"WebPage\",\"@id\":\"https:\/\/abilica.com\/sv\/traningsprogram\/traningsprogram-till-abilica-doorgym\/\",\"url\":\"https:\/\/abilica.com\/sv\/traningsprogram\/traningsprogram-till-abilica-doorgym\/\",\"name\":\"Tr\u00e4ningsprogram till Abilica DoorGym &#8226; Abilica\",\"isPartOf\":{\"@id\":\"https:\/\/abilica.com\/#website\"},\"datePublished\":\"2017-04-24T08:40:49+00:00\",\"dateModified\":\"2017-08-17T11:37:26+00:00\",\"breadcrumb\":{\"@id\":\"https:\/\/abilica.com\/sv\/traningsprogram\/traningsprogram-till-abilica-doorgym\/#breadcrumb\"},\"inLanguage\":\"sv-SE\",\"potentialAction\":[{\"@type\":\"ReadAction\",\"target\":[\"https:\/\/abilica.com\/sv\/traningsprogram\/traningsprogram-till-abilica-doorgym\/\"]}]},{\"@type\":\"BreadcrumbList\",\"@id\":\"https:\/\/abilica.com\/sv\/traningsprogram\/traningsprogram-till-abilica-doorgym\/#breadcrumb\",\"itemListElement\":[{\"@type\":\"ListItem\",\"position\":1,\"name\":\"Hem\",\"item\":\"https:\/\/abilica.com\/sv\/\"},{\"@type\":\"ListItem\",\"position\":2,\"name\":\"Tr\u00e4ningsprogram\",\"item\":\"https:\/\/abilica.com\/sv\/traningsprogram\/\"},{\"@type\":\"ListItem\",\"position\":3,\"name\":\"Tr\u00e4ningsprogram till Abilica DoorGym\"}]},{\"@type\":\"WebSite\",\"@id\":\"https:\/\/abilica.com\/#website\",\"url\":\"https:\/\/abilica.com\/\",\"name\":\"Abilica\",\"description\":\"Abilica Home Training\",\"potentialAction\":[{\"@type\":\"SearchAction\",\"target\":{\"@type\":\"EntryPoint\",\"urlTemplate\":\"https:\/\/abilica.com\/?s={search_term_string}\"},\"query-input\":{\"@type\":\"PropertyValueSpecification\",\"valueRequired\":true,\"valueName\":\"search_term_string\"}}],\"inLanguage\":\"sv-SE\"}]}<\/script>\n<!-- \/ Yoast SEO Premium plugin. -->","yoast_head_json":{"title":"Tr\u00e4ningsprogram till Abilica DoorGym &#8226; Abilica","robots":{"index":"index","follow":"follow","max-snippet":"max-snippet:-1","max-image-preview":"max-image-preview:large","max-video-preview":"max-video-preview:-1"},"canonical":"https:\/\/abilica.com\/sv\/traningsprogram\/traningsprogram-till-abilica-doorgym\/","og_locale":"sv_SE","og_type":"article","og_title":"Tr\u00e4ningsprogram till Abilica DoorGym","og_description":"[vc_row full_width=&#8221;stretch_row_content&#8221; full_height=&#8221;yes&#8221; columns_placement=&#8221;bottom&#8221; css=&#8221;.vc_custom_1493023396652{background-image: url(https:\/\/abilica.com\/se\/wp-content\/uploads\/2017\/04\/doorgym1.jpg?id=17875) !important;background-position: center !important;background-repeat: no-repeat !important;background-size: cover !important;}&#8221;][vc_column width=&#8221;1\/3&#8243;][\/vc_column][vc_column width=&#8221;1\/3&#8243;][vc_icon...","og_url":"https:\/\/abilica.com\/sv\/traningsprogram\/traningsprogram-till-abilica-doorgym\/","og_site_name":"Abilica","article_publisher":"https:\/\/www.facebook.com\/abilicahometraining\/","article_modified_time":"2017-08-17T11:37:26+00:00","twitter_card":"summary_large_image","twitter_misc":{"Ber\u00e4knad l\u00e4stid":"5 minuter"},"schema":{"@context":"https:\/\/schema.org","@graph":[{"@type":"WebPage","@id":"https:\/\/abilica.com\/sv\/traningsprogram\/traningsprogram-till-abilica-doorgym\/","url":"https:\/\/abilica.com\/sv\/traningsprogram\/traningsprogram-till-abilica-doorgym\/","name":"Tr\u00e4ningsprogram till Abilica DoorGym &#8226; Abilica","isPartOf":{"@id":"https:\/\/abilica.com\/#website"},"datePublished":"2017-04-24T08:40:49+00:00","dateModified":"2017-08-17T11:37:26+00:00","breadcrumb":{"@id":"https:\/\/abilica.com\/sv\/traningsprogram\/traningsprogram-till-abilica-doorgym\/#breadcrumb"},"inLanguage":"sv-SE","potentialAction":[{"@type":"ReadAction","target":["https:\/\/abilica.com\/sv\/traningsprogram\/traningsprogram-till-abilica-doorgym\/"]}]},{"@type":"BreadcrumbList","@id":"https:\/\/abilica.com\/sv\/traningsprogram\/traningsprogram-till-abilica-doorgym\/#breadcrumb","itemListElement":[{"@type":"ListItem","position":1,"name":"Hem","item":"https:\/\/abilica.com\/sv\/"},{"@type":"ListItem","position":2,"name":"Tr\u00e4ningsprogram","item":"https:\/\/abilica.com\/sv\/traningsprogram\/"},{"@type":"ListItem","position":3,"name":"Tr\u00e4ningsprogram till Abilica DoorGym"}]},{"@type":"WebSite","@id":"https:\/\/abilica.com\/#website","url":"https:\/\/abilica.com\/","name":"Abilica","description":"Abilica Home Training","potentialAction":[{"@type":"SearchAction","target":{"@type":"EntryPoint","urlTemplate":"https:\/\/abilica.com\/?s={search_term_string}"},"query-input":{"@type":"PropertyValueSpecification","valueRequired":true,"valueName":"search_term_string"}}],"inLanguage":"sv-SE"}]}},"_links":{"self":[{"href":"https:\/\/abilica.com\/sv\/wp-json\/wp\/v2\/pages\/17873","targetHints":{"allow":["GET"]}}],"collection":[{"href":"https:\/\/abilica.com\/sv\/wp-json\/wp\/v2\/pages"}],"about":[{"href":"https:\/\/abilica.com\/sv\/wp-json\/wp\/v2\/types\/page"}],"author":[{"embeddable":true,"href":"https:\/\/abilica.com\/sv\/wp-json\/wp\/v2\/users\/2"}],"replies":[{"embeddable":true,"href":"https:\/\/abilica.com\/sv\/wp-json\/wp\/v2\/comments?post=17873"}],"version-history":[{"count":0,"href":"https:\/\/abilica.com\/sv\/wp-json\/wp\/v2\/pages\/17873\/revisions"}],"up":[{"embeddable":true,"href":"https:\/\/abilica.com\/sv\/wp-json\/wp\/v2\/pages\/3041"}],"wp:attachment":[{"href":"https:\/\/abilica.com\/sv\/wp-json\/wp\/v2\/media?parent=17873"}],"curies":[{"name":"wp","href":"https:\/\/api.w.org\/{rel}","templated":true}]}}