{"id":17899,"date":"2017-04-24T09:03:02","date_gmt":"2017-04-24T09:03:02","guid":{"rendered":"https:\/\/abilica.com\/se\/?page_id=17899"},"modified":"2020-03-05T09:19:03","modified_gmt":"2020-03-05T08:19:03","slug":"traningsprogram-till-abilica-dumbbells","status":"publish","type":"page","link":"https:\/\/abilica.com\/sv\/traningsprogram\/traningsprogram-till-abilica-dumbbells\/","title":{"rendered":"Tr\u00e4ningsprogram till Abilica DumbBells"},"content":{"rendered":"<div class=\"wpb-content-wrapper\"><p>[vc_row full_width=&#8221;stretch_row_content&#8221; full_height=&#8221;yes&#8221; columns_placement=&#8221;bottom&#8221; css=&#8221;.vc_custom_1493028533951{background-image: url(https:\/\/abilica.com\/se\/wp-content\/uploads\/2017\/04\/dumb.jpg?id=17924) !important;background-position: center !important;background-repeat: no-repeat !important;background-size: cover !important;}&#8221;][vc_column width=&#8221;1\/3&#8243;][\/vc_column][vc_column width=&#8221;1\/3&#8243;][vc_icon icon_fontawesome=&#8221;fa fa-angle-down&#8221; color=&#8221;white&#8221; size=&#8221;xl&#8221; align=&#8221;center&#8221;][\/vc_column][vc_column width=&#8221;1\/3&#8243;][\/vc_column][\/vc_row][vc_row][vc_column][vc_column_text]<\/p>\n<h2 style=\"text-align: left;\"><span style=\"color: #000000;\">Tr\u00e4ningsprogram till Abilica\u00a0DumbBells<\/span><\/h2>\n<p>Dessa vikterna kan anv\u00e4ndas f\u00f6r att tr\u00e4na hela kroppen. V\u00e4lj tyngden efter hur stark du \u00e4r, efter hur m\u00e5nga repetioner du ska g\u00f6ra samt vilka muskler du ska tr\u00e4na. Finns i 1 till 6 kg.[\/vc_column_text][vc_empty_space][\/vc_column][\/vc_row][vc_row][vc_column][title text=&#8221;K\u00f6p DumbBells nu.&#8221; text_align=&#8221;left&#8221;][\/vc_column][\/vc_row][vc_row][vc_column width=&#8221;1\/3&#8243;][product_mod id=&#8221;2259&#8243;][\/vc_column][vc_column width=&#8221;1\/3&#8243;][product_mod id=&#8221;2234&#8243;][\/vc_column][vc_column width=&#8221;1\/3&#8243;][product_mod id=&#8221;2255&#8243;][\/vc_column][\/vc_row][vc_row][vc_column][vc_empty_space][vc_btn title=&#8221;Ladda hem tr\u00e4ningsprogrammet i PDF&#8221; style=&#8221;flat&#8221; color=&#8221;black&#8221; i_icon_fontawesome=&#8221;fa fa-file-pdf-o&#8221; add_icon=&#8221;true&#8221; link=&#8221;url:http%3A%2F%2Fabilica.com\/se%2Fwp-content%2Fuploads%2F2017%2F02%2FAbilica-DumbBells.pdf||target:%20_blank|&#8221;][\/vc_column][\/vc_row][vc_row css=&#8221;.vc_custom_1492108997727{background-position: center !important;background-repeat: no-repeat !important;background-size: cover !important;}&#8221;][vc_column][vc_column_text]<\/p>\n<h2 style=\"text-align: left;\">1.<\/h2>\n<p><b>\u00d6vning: <\/b>Kn\u00e4b\u00f6j<b><br \/>\n<\/b><b>Tr\u00e4nar: <\/b>Framsida l\u00e5r och s\u00e4tesmuskulatur<b><br \/>\n<\/b><b>Antal upprepningar: <\/b>12-24*3<\/p>\n<p>St\u00e5 med f\u00f6tterna en h\u00f6ftbredd is\u00e4r. S\u00e4tt dig sedan ner som om du ska s\u00e4tta dig p\u00e5 en stol (tills kn\u00e4na \u00e4r i 90 grader) och res dig upp igen. Skjut ut s\u00e4tet ordentligt bak\u00e5t, h\u00e5ll br\u00f6stet uppr\u00e4tt och ha tyngden p\u00e5 h\u00e4larna.[\/vc_column_text][vc_single_image image=&#8221;17918&#8243; img_size=&#8221;full&#8221; alignment=&#8221;center&#8221;][\/vc_column][\/vc_row][vc_row][vc_column][vc_column_text]<\/p>\n<h2 style=\"text-align: left;\">2.<\/h2>\n<p><b>\u00d6vning: <\/b>Utfall<b><br \/>\n<\/b><b>Tr\u00e4nar: <\/b>Framsida l\u00e5r och s\u00e4tesmuskulatur<b><br \/>\n<\/b><b>Antal upprepningar: <\/b>12*3 p\u00e5 varje ben<\/p>\n<p>H\u00e5ll en hantel i varje hand och\u00a0<b> <\/b>st\u00e5 med f\u00f6tterna en h\u00f6ftbredd is\u00e4r. S\u00e4tt det ena benet l\u00e5ngt fram (t\u00e5rna ska alltid vara framf\u00f6r kn\u00e4t) och b\u00f6j b\u00e5da kn\u00e4na till 90 grader. G\u00f6r alla upprepningar p\u00e5 samma ben innan du byter.[\/vc_column_text][vc_single_image image=&#8221;17911&#8243; img_size=&#8221;full&#8221; alignment=&#8221;center&#8221;][\/vc_column][\/vc_row][vc_row][vc_column][vc_column_text]<\/p>\n<h2 style=\"text-align: left;\">3.<\/h2>\n<p><b>\u00d6vning: <\/b>Br\u00f6stpress<b><br \/>\n<\/b><b>Tr\u00e4nar: <\/b>Br\u00f6st och axlar<b><br \/>\n<\/b><b>Antal upprepningar: <\/b>12-16*3<\/p>\n<p>Ligg p\u00e5 ryggen med b\u00f6jda kn\u00e4n och h\u00e5ll en hantel i varje hand. Lyft b\u00e5da hantlarna r\u00e4tt ut fr\u00e5n br\u00f6stet mot taket. S\u00e4nk armb\u00e5garna mot golvet igen tills du har armb\u00e5gsleden i 90 grader innan du lyfter upp\u00e5t igen. T\u00e4nk p\u00e5 att l\u00e5sa handlederna s\u00e5 att de \u00e4r helt raka. Tips! Du kan g\u00e4rna anv\u00e4nda en stepl\u00e5da eller tr\u00e4ningsb\u00e4nk att ligga p\u00e5 f\u00f6r att komma upp lite n\u00e4r du g\u00f6r \u00f6vningen.[\/vc_column_text][vc_single_image image=&#8221;17912&#8243; img_size=&#8221;full&#8221; alignment=&#8221;center&#8221;][\/vc_column][\/vc_row][vc_row][vc_column][vc_column_text]<\/p>\n<h2 style=\"text-align: left;\">4.<\/h2>\n<p><b> \u00d6vning: <\/b>St\u00e5ende rodd\u00a0<b><br \/>\n<\/b><b>Tr\u00e4nar: <\/b>Rygg och lite axlar<b><br \/>\n<\/b><b>Antal upprepningar: <\/b>12-16*3 p\u00e5 varje arm<\/p>\n<p>B\u00f6j \u00f6verkroppen fram\u00e5t och skjut ut s\u00e4tet bakom dig. Luta dig fram\u00e5t med den ena armen p\u00e5 det fr\u00e4mre l\u00e5ret eller kn\u00e4t. Dra sedan upp armarna l\u00e4ngs sidan tills armb\u00e5gen pekar r\u00e4tt ut bak och hanteln \u00e4r i h\u00f6jd med midjan. R\u00f6relsen sker i axelleden. G\u00f6r alla upprepningar med samma arm innan du byter.[\/vc_column_text][vc_single_image image=&#8221;17913&#8243; img_size=&#8221;full&#8221; alignment=&#8221;center&#8221;][\/vc_column][\/vc_row][vc_row full_width=&#8221;stretch_row_content&#8221; full_height=&#8221;yes&#8221; css=&#8221;.vc_custom_1493028340878{background-image: url(https:\/\/abilica.com\/se\/wp-content\/uploads\/2017\/04\/dumb1.jpg?id=17902) !important;background-position: center !important;background-repeat: no-repeat !important;background-size: cover !important;}&#8221;][vc_column][\/vc_column][\/vc_row][vc_row][vc_column][vc_column_text]<\/p>\n<h2 style=\"text-align: left;\">5.<\/h2>\n<p><b>\u00d6vning: <\/b>Kick backs\u00a0<b><br \/>\n<\/b><b>Tr\u00e4nar: <\/b>Armens baksida (triceps)<b><br \/>\n<\/b><b>Antal upprepningar: <\/b>12-16*3 p\u00e5 varje arm<\/p>\n<p>St\u00e5 i samma st\u00e4llning som i f\u00f6reg\u00e5ende \u00f6vning. Den h\u00e4r g\u00e5ngen \u00e4r startpositionen med b\u00f6jd arm och armb\u00e5gen pekar r\u00e4tt ut bak\u00e5t. Detta \u00e4r muskeln som str\u00e4cker ut armen s\u00e5 f\u00f6r att komma \u00e5t den m\u00e5ste alla r\u00f6relser ske i armb\u00e5gsleden genom att armen b\u00f6js och str\u00e4cks ut helt. Du ska k\u00e4nna att det stramar ordentligt p\u00e5 baksidan av armen n\u00e4r armen \u00e4r helt utstr\u00e4ckt. G\u00f6r alla upprepningar med samma arm innan du byter.[\/vc_column_text][vc_single_image image=&#8221;17914&#8243; img_size=&#8221;full&#8221; alignment=&#8221;center&#8221;][\/vc_column][\/vc_row][vc_row][vc_column][vc_column_text]<\/p>\n<h2 style=\"text-align: left;\">6.<\/h2>\n<p><b>\u00d6vning: <\/b>Bicepsb\u00f6j<b><br \/>\n<\/b><b>Tr\u00e4nar: <\/b>Armens framsida (biceps)<b><br \/>\n<\/b><b>Antal upprepningar: <\/b>12-16*3<\/p>\n<p>St\u00e5 r\u00e4tt upp och ner med armarna framf\u00f6r dig och en vikt i varje hand. B\u00f6j sedan armarna upp mot dig. Stanna innan du n\u00e5r vilol\u00e4get l\u00e4ngst upp och str\u00e4ck ut armen helt rakt ut efter varje repetition. Alternativt kan du lyfta en arm i taget v\u00e4xelvis. D\u00e5 m\u00e5ste du dubbla antalet upprepningar innan du vilar s\u00e5 att du fortfarande f\u00e5r 12-16 upprepningar med varje arm.[\/vc_column_text][vc_single_image image=&#8221;17915&#8243; img_size=&#8221;full&#8221; alignment=&#8221;center&#8221;][\/vc_column][\/vc_row][vc_row][vc_column][vc_column_text]<\/p>\n<h2 style=\"text-align: left;\">7.<\/h2>\n<p><b>\u00d6vning: <\/b>Sidolyft<b><br \/>\n<\/b><b>Tr\u00e4nar: <\/b>Mellersta delen av axeln (delta)<b><br \/>\n<\/b><b>Antal upprepningar: <\/b>12-16*3<\/p>\n<p>St\u00e5 r\u00e4tt upp och ner med armarna framf\u00f6r dig med cirka 30 graders b\u00f6jning i armb\u00e5gsleden. Lyft s\u00e5 armarna ut \u00e5t sidan, upp till axelh\u00f6jd, medan du bibeh\u00e5ller samma b\u00f6jning i armb\u00e5garna. Armb\u00e5garna och pekfingrarna \u00e4r de tv\u00e5 h\u00f6gsta punkterna n\u00e4r armen \u00e4r lyft ut till sidan. S\u00e4nk lugnt tillbaka armarna till utg\u00e5ngsl\u00e4get igen.[\/vc_column_text][vc_single_image image=&#8221;17916&#8243; img_size=&#8221;full&#8221; alignment=&#8221;center&#8221;][\/vc_column][\/vc_row][vc_row][vc_column][vc_column_text]<\/p>\n<h2 style=\"text-align: left;\">8.<\/h2>\n<p><b>\u00d6vning: <\/b>Axelpress<b><br \/>\n<\/b><b>Tr\u00e4nar: <\/b>Muskeln p\u00e5 ovansidan av axlarna (kappmuskeln), samt mellersta delen av delta (axeln)<b><br \/>\n<\/b><b>Antal upprepningar: <\/b>12-16*3<\/p>\n<p>St\u00e5 med en h\u00f6ftbredds avst\u00e5nd mellan f\u00f6tterna och h\u00e5ll hantlarna i axelh\u00f6jd, redo att lyftas upp\u00e5t. Lyft hantlarna i en r\u00e4t linje mot taket tills armarna \u00e4r utstr\u00e4ckta. Se till att h\u00e5lla hantlarna lite framf\u00f6r huvudet och sp\u00e4nn magen ordentligt f\u00f6r att inte svanka i ryggen. S\u00e4nk lugnt tillbaka armarna till utg\u00e5ngsl\u00e4get igen.[\/vc_column_text][vc_single_image image=&#8221;17917&#8243; img_size=&#8221;full&#8221; alignment=&#8221;center&#8221;][\/vc_column][\/vc_row][vc_row full_width=&#8221;stretch_row_content&#8221; css=&#8221;.vc_custom_1505904021098{background-color: #00b140 !important;}&#8221;][vc_column][title text=&#8221;K\u00f6p dina Abilica DumbBells nu.&#8221; tag=&#8221;h2&#8243; color=&#8221;#ffffff&#8221; text_align=&#8221;center&#8221;][vc_empty_space][\/vc_column][\/vc_row][vc_row][vc_column width=&#8221;1\/3&#8243;][product_mod id=&#8221;2259&#8243;][vc_empty_space][\/vc_column][vc_column width=&#8221;1\/3&#8243;][product_mod id=&#8221;2234&#8243;][vc_empty_space][\/vc_column][vc_column width=&#8221;1\/3&#8243;][product_mod id=&#8221;2255&#8243;][vc_empty_space][\/vc_column][\/vc_row][vc_row full_width=&#8221;stretch_row_content&#8221; full_height=&#8221;yes&#8221; css=&#8221;.vc_custom_1493028545023{background-image: url(https:\/\/abilica.com\/se\/wp-content\/uploads\/2017\/04\/umb3.jpg?id=17904) !important;background-position: center !important;background-repeat: no-repeat !important;background-size: cover !important;}&#8221;][vc_column][\/vc_column][\/vc_row]<\/p>\n<\/div>","protected":false},"excerpt":{"rendered":"<p>[vc_row full_width=&#8221;stretch_row_content&#8221; full_height=&#8221;yes&#8221; columns_placement=&#8221;bottom&#8221; css=&#8221;.vc_custom_1493028533951{background-image: url(https:\/\/abilica.com\/se\/wp-content\/uploads\/2017\/04\/dumb.jpg?id=17924) !important;background-position: center !important;background-repeat: no-repeat !important;background-size: cover !important;}&#8221;][vc_column width=&#8221;1\/3&#8243;][\/vc_column][vc_column width=&#8221;1\/3&#8243;][vc_icon&#8230;<\/p>\n","protected":false},"author":2,"featured_media":0,"parent":3041,"menu_order":0,"comment_status":"closed","ping_status":"closed","template":"","meta":{"_acf_changed":false,"footnotes":""},"class_list":["post-17899","page","type-page","status-publish","hentry"],"acf":[],"yoast_head":"<!-- This site is optimized with the Yoast SEO Premium plugin v21.1 (Yoast SEO v25.4) - https:\/\/yoast.com\/wordpress\/plugins\/seo\/ -->\n<title>Tr\u00e4ningsprogram till Abilica DumbBells &#8226; Abilica<\/title>\n<meta name=\"robots\" content=\"index, follow, max-snippet:-1, max-image-preview:large, max-video-preview:-1\" \/>\n<link rel=\"canonical\" href=\"https:\/\/abilica.com\/sv\/traningsprogram\/traningsprogram-till-abilica-dumbbells\/\" \/>\n<meta property=\"og:locale\" content=\"sv_SE\" \/>\n<meta property=\"og:type\" content=\"article\" \/>\n<meta property=\"og:title\" content=\"Tr\u00e4ningsprogram till Abilica DumbBells\" \/>\n<meta property=\"og:description\" content=\"[vc_row full_width=&#8221;stretch_row_content&#8221; full_height=&#8221;yes&#8221; columns_placement=&#8221;bottom&#8221; css=&#8221;.vc_custom_1493028533951{background-image: url(https:\/\/abilica.com\/se\/wp-content\/uploads\/2017\/04\/dumb.jpg?id=17924) !important;background-position: center !important;background-repeat: no-repeat !important;background-size: cover !important;}&#8221;][vc_column width=&#8221;1\/3&#8243;][\/vc_column][vc_column width=&#8221;1\/3&#8243;][vc_icon...\" \/>\n<meta property=\"og:url\" content=\"https:\/\/abilica.com\/sv\/traningsprogram\/traningsprogram-till-abilica-dumbbells\/\" \/>\n<meta property=\"og:site_name\" content=\"Abilica\" \/>\n<meta property=\"article:publisher\" content=\"https:\/\/www.facebook.com\/abilicahometraining\/\" \/>\n<meta property=\"article:modified_time\" content=\"2020-03-05T08:19:03+00:00\" \/>\n<meta name=\"twitter:card\" content=\"summary_large_image\" \/>\n<meta name=\"twitter:label1\" content=\"Ber\u00e4knad l\u00e4stid\" \/>\n\t<meta name=\"twitter:data1\" content=\"6 minuter\" \/>\n<script type=\"application\/ld+json\" class=\"yoast-schema-graph\">{\"@context\":\"https:\/\/schema.org\",\"@graph\":[{\"@type\":\"WebPage\",\"@id\":\"https:\/\/abilica.com\/sv\/traningsprogram\/traningsprogram-till-abilica-dumbbells\/\",\"url\":\"https:\/\/abilica.com\/sv\/traningsprogram\/traningsprogram-till-abilica-dumbbells\/\",\"name\":\"Tr\u00e4ningsprogram till Abilica DumbBells &#8226; Abilica\",\"isPartOf\":{\"@id\":\"https:\/\/abilica.com\/#website\"},\"datePublished\":\"2017-04-24T09:03:02+00:00\",\"dateModified\":\"2020-03-05T08:19:03+00:00\",\"breadcrumb\":{\"@id\":\"https:\/\/abilica.com\/sv\/traningsprogram\/traningsprogram-till-abilica-dumbbells\/#breadcrumb\"},\"inLanguage\":\"sv-SE\",\"potentialAction\":[{\"@type\":\"ReadAction\",\"target\":[\"https:\/\/abilica.com\/sv\/traningsprogram\/traningsprogram-till-abilica-dumbbells\/\"]}]},{\"@type\":\"BreadcrumbList\",\"@id\":\"https:\/\/abilica.com\/sv\/traningsprogram\/traningsprogram-till-abilica-dumbbells\/#breadcrumb\",\"itemListElement\":[{\"@type\":\"ListItem\",\"position\":1,\"name\":\"Hem\",\"item\":\"https:\/\/abilica.com\/sv\/\"},{\"@type\":\"ListItem\",\"position\":2,\"name\":\"Tr\u00e4ningsprogram\",\"item\":\"https:\/\/abilica.com\/sv\/traningsprogram\/\"},{\"@type\":\"ListItem\",\"position\":3,\"name\":\"Tr\u00e4ningsprogram till Abilica DumbBells\"}]},{\"@type\":\"WebSite\",\"@id\":\"https:\/\/abilica.com\/#website\",\"url\":\"https:\/\/abilica.com\/\",\"name\":\"Abilica\",\"description\":\"Abilica Home Training\",\"potentialAction\":[{\"@type\":\"SearchAction\",\"target\":{\"@type\":\"EntryPoint\",\"urlTemplate\":\"https:\/\/abilica.com\/?s={search_term_string}\"},\"query-input\":{\"@type\":\"PropertyValueSpecification\",\"valueRequired\":true,\"valueName\":\"search_term_string\"}}],\"inLanguage\":\"sv-SE\"}]}<\/script>\n<!-- \/ Yoast SEO Premium plugin. -->","yoast_head_json":{"title":"Tr\u00e4ningsprogram till Abilica DumbBells &#8226; Abilica","robots":{"index":"index","follow":"follow","max-snippet":"max-snippet:-1","max-image-preview":"max-image-preview:large","max-video-preview":"max-video-preview:-1"},"canonical":"https:\/\/abilica.com\/sv\/traningsprogram\/traningsprogram-till-abilica-dumbbells\/","og_locale":"sv_SE","og_type":"article","og_title":"Tr\u00e4ningsprogram till Abilica DumbBells","og_description":"[vc_row full_width=&#8221;stretch_row_content&#8221; full_height=&#8221;yes&#8221; columns_placement=&#8221;bottom&#8221; css=&#8221;.vc_custom_1493028533951{background-image: url(https:\/\/abilica.com\/se\/wp-content\/uploads\/2017\/04\/dumb.jpg?id=17924) !important;background-position: center !important;background-repeat: no-repeat !important;background-size: cover !important;}&#8221;][vc_column width=&#8221;1\/3&#8243;][\/vc_column][vc_column width=&#8221;1\/3&#8243;][vc_icon...","og_url":"https:\/\/abilica.com\/sv\/traningsprogram\/traningsprogram-till-abilica-dumbbells\/","og_site_name":"Abilica","article_publisher":"https:\/\/www.facebook.com\/abilicahometraining\/","article_modified_time":"2020-03-05T08:19:03+00:00","twitter_card":"summary_large_image","twitter_misc":{"Ber\u00e4knad l\u00e4stid":"6 minuter"},"schema":{"@context":"https:\/\/schema.org","@graph":[{"@type":"WebPage","@id":"https:\/\/abilica.com\/sv\/traningsprogram\/traningsprogram-till-abilica-dumbbells\/","url":"https:\/\/abilica.com\/sv\/traningsprogram\/traningsprogram-till-abilica-dumbbells\/","name":"Tr\u00e4ningsprogram till Abilica DumbBells &#8226; Abilica","isPartOf":{"@id":"https:\/\/abilica.com\/#website"},"datePublished":"2017-04-24T09:03:02+00:00","dateModified":"2020-03-05T08:19:03+00:00","breadcrumb":{"@id":"https:\/\/abilica.com\/sv\/traningsprogram\/traningsprogram-till-abilica-dumbbells\/#breadcrumb"},"inLanguage":"sv-SE","potentialAction":[{"@type":"ReadAction","target":["https:\/\/abilica.com\/sv\/traningsprogram\/traningsprogram-till-abilica-dumbbells\/"]}]},{"@type":"BreadcrumbList","@id":"https:\/\/abilica.com\/sv\/traningsprogram\/traningsprogram-till-abilica-dumbbells\/#breadcrumb","itemListElement":[{"@type":"ListItem","position":1,"name":"Hem","item":"https:\/\/abilica.com\/sv\/"},{"@type":"ListItem","position":2,"name":"Tr\u00e4ningsprogram","item":"https:\/\/abilica.com\/sv\/traningsprogram\/"},{"@type":"ListItem","position":3,"name":"Tr\u00e4ningsprogram till Abilica DumbBells"}]},{"@type":"WebSite","@id":"https:\/\/abilica.com\/#website","url":"https:\/\/abilica.com\/","name":"Abilica","description":"Abilica Home Training","potentialAction":[{"@type":"SearchAction","target":{"@type":"EntryPoint","urlTemplate":"https:\/\/abilica.com\/?s={search_term_string}"},"query-input":{"@type":"PropertyValueSpecification","valueRequired":true,"valueName":"search_term_string"}}],"inLanguage":"sv-SE"}]}},"_links":{"self":[{"href":"https:\/\/abilica.com\/sv\/wp-json\/wp\/v2\/pages\/17899","targetHints":{"allow":["GET"]}}],"collection":[{"href":"https:\/\/abilica.com\/sv\/wp-json\/wp\/v2\/pages"}],"about":[{"href":"https:\/\/abilica.com\/sv\/wp-json\/wp\/v2\/types\/page"}],"author":[{"embeddable":true,"href":"https:\/\/abilica.com\/sv\/wp-json\/wp\/v2\/users\/2"}],"replies":[{"embeddable":true,"href":"https:\/\/abilica.com\/sv\/wp-json\/wp\/v2\/comments?post=17899"}],"version-history":[{"count":0,"href":"https:\/\/abilica.com\/sv\/wp-json\/wp\/v2\/pages\/17899\/revisions"}],"up":[{"embeddable":true,"href":"https:\/\/abilica.com\/sv\/wp-json\/wp\/v2\/pages\/3041"}],"wp:attachment":[{"href":"https:\/\/abilica.com\/sv\/wp-json\/wp\/v2\/media?parent=17899"}],"curies":[{"name":"wp","href":"https:\/\/api.w.org\/{rel}","templated":true}]}}