{"id":17945,"date":"2017-04-24T11:00:40","date_gmt":"2017-04-24T11:00:40","guid":{"rendered":"https:\/\/abilica.com\/se\/?page_id=17945"},"modified":"2017-08-17T12:38:35","modified_gmt":"2017-08-17T11:38:35","slug":"traningsprogram-till-abilica-exertube","status":"publish","type":"page","link":"https:\/\/abilica.com\/sv\/traningsprogram\/traningsprogram-till-abilica-exertube\/","title":{"rendered":"Tr\u00e4ningsprogram till Abilica ExerTube"},"content":{"rendered":"<div class=\"wpb-content-wrapper\"><p>[vc_row full_width=&#8221;stretch_row_content&#8221; full_height=&#8221;yes&#8221; columns_placement=&#8221;bottom&#8221; css=&#8221;.vc_custom_1493031718882{background-image: url(https:\/\/abilica.com\/se\/wp-content\/uploads\/2017\/04\/ertube3.jpg?id=17947) !important;background-position: center !important;background-repeat: no-repeat !important;background-size: cover !important;}&#8221;][vc_column width=&#8221;1\/3&#8243;][\/vc_column][vc_column width=&#8221;1\/3&#8243;][vc_icon icon_fontawesome=&#8221;fa fa-angle-down&#8221; color=&#8221;white&#8221; size=&#8221;xl&#8221; align=&#8221;center&#8221;][\/vc_column][vc_column width=&#8221;1\/3&#8243;][\/vc_column][\/vc_row][vc_row][vc_column][vc_column_text]<\/p>\n<h2 style=\"text-align: left;\"><span style=\"color: #000000;\">Tr\u00e4ningsprogram till Abilica\u00a0ExerTube<\/span><\/h2>\n<p>Med Abilica ExerTube kan du ta med dig det perfekta tr\u00e4ningsredskapet \u00f6verallt. L\u00e4mpar sig s\u00e4rskilt v\u00e4l f\u00f6r rodd\u00f6vningar som tr\u00e4nar musklerna i ryggen och mellan skulderbladen, muskler som annars kan vara sv\u00e5ra att komma \u00e5t.[\/vc_column_text][vc_empty_space][\/vc_column][\/vc_row][vc_row][vc_column][title text=&#8221;K\u00f6p ExerTube nu.&#8221; text_align=&#8221;left&#8221;][\/vc_column][\/vc_row][vc_row][vc_column width=&#8221;1\/2&#8243;][product_mod id=&#8221;2233&#8243;][\/vc_column][vc_column width=&#8221;1\/2&#8243;][\/vc_column][\/vc_row][vc_row][vc_column][vc_empty_space][vc_btn title=&#8221;Ladda hem tr\u00e4ningsprogrammet i PDF&#8221; style=&#8221;flat&#8221; color=&#8221;danger&#8221; i_icon_fontawesome=&#8221;fa fa-file-pdf-o&#8221; add_icon=&#8221;true&#8221; link=&#8221;url:http%3A%2F%2Fabilica.com\/se%2Fwp-content%2Fuploads%2F2017%2F02%2FAbilica-ExerTube.pdf||target:%20_blank|&#8221;][\/vc_column][\/vc_row][vc_row css=&#8221;.vc_custom_1492108997727{background-position: center !important;background-repeat: no-repeat !important;background-size: cover !important;}&#8221;][vc_column][vc_column_text]<\/p>\n<h2 style=\"text-align: left;\">1.<\/h2>\n<p><b>Kn\u00e4b\u00f6jning<\/b><\/p>\n<p>St\u00e5 p\u00e5 bandet med benen i axelbredd och l\u00e5t bandet vila mot baksidan av armarna. B\u00f6j p\u00e5 kn\u00e4na och skjut ut rumpan som om du skulle s\u00e4tta dig p\u00e5 en l\u00e5g stol. S\u00e4nk ner dig till cirka 90 grader i kn\u00e4na, h\u00e5ll br\u00f6stet uppe. Res dig sakta upp igen.[\/vc_column_text][vc_single_image image=&#8221;17961&#8243; img_size=&#8221;full&#8221; alignment=&#8221;center&#8221;][\/vc_column][\/vc_row][vc_row][vc_column][vc_column_text]<\/p>\n<h2 style=\"text-align: left;\">2.<\/h2>\n<p><b>St\u00e5ende rodd<\/b><\/p>\n<p>F\u00e4st bandet i br\u00f6sth\u00f6jd i ett tr\u00e4d, stolpe, d\u00f6rrhandtag eller liknande. G\u00e5 s\u00e5 l\u00e5ngt bak\u00e5t att bandet \u00e4r ganska sp\u00e4nt. St\u00e5 med ansiktet v\u00e4nt mot bandets f\u00e4ste. Dra armarna bak\u00e5t med breda armb\u00e5gar. Skjut fram br\u00f6stet och dra ihop skulderbladen. H\u00e5ll emot p\u00e5 v\u00e4gen tillbaka.[\/vc_column_text][vc_single_image image=&#8221;17955&#8243; img_size=&#8221;full&#8221; alignment=&#8221;center&#8221;][\/vc_column][\/vc_row][vc_row][vc_column][vc_column_text]<\/p>\n<h2 style=\"text-align: left;\">3.<\/h2>\n<p><b>Br\u00f6stpress<\/b><\/p>\n<p>F\u00e4st bandet i br\u00f6sth\u00f6jd i ett tr\u00e4d, stolpe, d\u00f6rrhandtag eller liknande. G\u00e5 s\u00e5 l\u00e5ngt bak\u00e5t att bandet \u00e4r ganska sp\u00e4nt. St\u00e5 med ryggen v\u00e4nd mot bandets f\u00e4ste. H\u00e5ll armb\u00e5garna i axelh\u00f6jd, skjut fram armarna tills armb\u00e5garna \u00e4r n\u00e4stan helt utstr\u00e4ckta. H\u00e5ll emot p\u00e5 v\u00e4gen tillbaka.[\/vc_column_text][vc_single_image image=&#8221;17956&#8243; img_size=&#8221;full&#8221; alignment=&#8221;center&#8221;][\/vc_column][\/vc_row][vc_row][vc_column][vc_column_text]<\/p>\n<h2 style=\"text-align: left;\">4.<\/h2>\n<p><b>Sidoh\u00e4vning<\/b><\/p>\n<p>St\u00e5 p\u00e5 bandet med ena eller b\u00e5da f\u00f6tterna, korsa bandet framf\u00f6r kroppen. Lyft armarna \u00e5t sidorna med en liten b\u00f6j i armb\u00e5garna. Lyft till axelh\u00f6jd. H\u00e5ll emot p\u00e5 v\u00e4gen tillbaka.[\/vc_column_text][vc_single_image image=&#8221;17957&#8243; img_size=&#8221;full&#8221; alignment=&#8221;center&#8221;][\/vc_column][\/vc_row][vc_row full_width=&#8221;stretch_row_content&#8221; full_height=&#8221;yes&#8221; css=&#8221;.vc_custom_1493032353969{background-image: url(https:\/\/abilica.com\/se\/wp-content\/uploads\/2017\/04\/exertube1-1.jpg?id=17964) !important;background-position: center !important;background-repeat: no-repeat !important;background-size: cover !important;}&#8221;][vc_column][\/vc_column][\/vc_row][vc_row][vc_column][vc_column_text]<\/p>\n<h2 style=\"text-align: left;\">5.<\/h2>\n<p><b>Axelpress och bicep curl<\/b><\/p>\n<p>St\u00e5 p\u00e5 bandet med ena eller b\u00e5da f\u00f6tterna. H\u00e5ll handtagen med handflatorna v\u00e4nda upp\u00e5t. B\u00f6j upp armarna mot br\u00f6stet. Vrid d\u00e4refter h\u00e4nderna s\u00e5 att armb\u00e5garna pekar ut\u00e5t. Pressa upp armarna \u00f6ver huvudet tills armb\u00e5garna \u00e4r n\u00e4stan helt utdragna. S\u00e4nk sakta hela v\u00e4gen tillbaka.[\/vc_column_text][vc_single_image image=&#8221;17958&#8243; img_size=&#8221;full&#8221; alignment=&#8221;center&#8221;][vc_single_image image=&#8221;17953&#8243; img_size=&#8221;full&#8221; alignment=&#8221;center&#8221;][\/vc_column][\/vc_row][vc_row][vc_column][vc_column_text]<\/p>\n<h2 style=\"text-align: left;\">6.<\/h2>\n<p><b>Triceps<\/b><\/p>\n<p>St\u00e5 en bit in p\u00e5 bandet s\u00e5 att du f\u00e5r lite motst\u00e5nd och f\u00f6r det bakom ryggen. H\u00e5ll i handtaget och str\u00e4ck ut armen i en rak linje upp\u00e5t. Armen ska h\u00e5llas n\u00e4ra \u00f6rat. H\u00e5ll emot n\u00e4r du f\u00f6r tillbaka armen till utg\u00e5ngsl\u00e4get. Armb\u00e5gen ska peka fram\u00e5t s\u00e5 mycket som m\u00f6jligt. Byt arm efter 30 sekunder.[\/vc_column_text][vc_single_image image=&#8221;17954&#8243; img_size=&#8221;full&#8221; alignment=&#8221;center&#8221;][\/vc_column][\/vc_row][vc_row][vc_column][vc_column_text]<\/p>\n<h2 style=\"text-align: left;\">7.<\/h2>\n<p><b>Antirotation mage<\/b><\/p>\n<p>F\u00e4st bandet i br\u00f6sth\u00f6jd i ett tr\u00e4d, stolpe, d\u00f6rrhandtag eller liknande. G\u00e5 s\u00e5 l\u00e5ngt bak\u00e5t att bandet \u00e4r ganska sp\u00e4nt. St\u00e4ll dig med sidan v\u00e4nd mot bandet. I en helt l\u00e5st position f\u00f6r du bandet rakt ut fr\u00e5n kroppen och in igen utan att vrida p\u00e5 \u00f6verkroppen. Byt sida efter 30 sekunder.[\/vc_column_text][vc_single_image image=&#8221;17959&#8243; img_size=&#8221;full&#8221; alignment=&#8221;center&#8221;][\/vc_column][\/vc_row][vc_row][vc_column][vc_column_text]<\/p>\n<h2 style=\"text-align: left;\">8.<\/h2>\n<p><b>Ryggstr\u00e4ckare<\/b><\/p>\n<p>St\u00e5 p\u00e5 alla fyra. Ha handtagen runt handlederna och f\u00e4st bandet under den ena foten. H\u00e5ll rygg och nacke raka, dra in den nedre delen av magen och stabilisera ryggen. Skjut ut det ben som bandet \u00e4r f\u00e4st vid tills benet \u00e4r utstr\u00e4ckt i linje med ryggen. H\u00e5ll emot p\u00e5 v\u00e4gen tillbaka. Byt ben efter 30 sekunder.[\/vc_column_text][vc_single_image image=&#8221;17960&#8243; img_size=&#8221;full&#8221; alignment=&#8221;center&#8221;][\/vc_column][\/vc_row][vc_row full_width=&#8221;stretch_row_content&#8221; css=&#8221;.vc_custom_1494931308194{background-color: #c964cf !important;}&#8221;][vc_column][title text=&#8221;K\u00f6p ditt Abilica ExerTube nu.&#8221; tag=&#8221;h2&#8243; color=&#8221;#ffffff&#8221; text_align=&#8221;center&#8221;][vc_empty_space][\/vc_column][\/vc_row][vc_row][vc_column width=&#8221;1\/4&#8243;][\/vc_column][vc_column width=&#8221;1\/2&#8243;][product_mod id=&#8221;2233&#8243;][vc_empty_space][\/vc_column][vc_column width=&#8221;1\/4&#8243;][\/vc_column][\/vc_row][vc_row full_width=&#8221;stretch_row_content&#8221; full_height=&#8221;yes&#8221; css=&#8221;.vc_custom_1493032364797{background-image: url(https:\/\/abilica.com\/se\/wp-content\/uploads\/2017\/04\/xertube2-1.jpg?id=17965) !important;background-position: center !important;background-repeat: no-repeat !important;background-size: cover !important;}&#8221;][vc_column][\/vc_column][\/vc_row]<\/p>\n<\/div>","protected":false},"excerpt":{"rendered":"<p>[vc_row full_width=&#8221;stretch_row_content&#8221; full_height=&#8221;yes&#8221; columns_placement=&#8221;bottom&#8221; css=&#8221;.vc_custom_1493031718882{background-image: url(https:\/\/abilica.com\/se\/wp-content\/uploads\/2017\/04\/ertube3.jpg?id=17947) !important;background-position: center !important;background-repeat: no-repeat !important;background-size: cover !important;}&#8221;][vc_column width=&#8221;1\/3&#8243;][\/vc_column][vc_column width=&#8221;1\/3&#8243;][vc_icon&#8230;<\/p>\n","protected":false},"author":2,"featured_media":0,"parent":3041,"menu_order":0,"comment_status":"closed","ping_status":"closed","template":"","meta":{"_acf_changed":false,"footnotes":""},"class_list":["post-17945","page","type-page","status-publish","hentry"],"acf":[],"yoast_head":"<!-- This site is optimized with the Yoast SEO Premium plugin v21.1 (Yoast SEO v25.4) - https:\/\/yoast.com\/wordpress\/plugins\/seo\/ -->\n<title>Tr\u00e4ningsprogram till Abilica ExerTube &#8226; Abilica<\/title>\n<meta name=\"robots\" content=\"index, follow, max-snippet:-1, max-image-preview:large, max-video-preview:-1\" \/>\n<link rel=\"canonical\" href=\"https:\/\/abilica.com\/sv\/traningsprogram\/traningsprogram-till-abilica-exertube\/\" \/>\n<meta property=\"og:locale\" content=\"sv_SE\" \/>\n<meta property=\"og:type\" content=\"article\" \/>\n<meta property=\"og:title\" content=\"Tr\u00e4ningsprogram till Abilica ExerTube\" \/>\n<meta property=\"og:description\" content=\"[vc_row full_width=&#8221;stretch_row_content&#8221; full_height=&#8221;yes&#8221; columns_placement=&#8221;bottom&#8221; css=&#8221;.vc_custom_1493031718882{background-image: url(https:\/\/abilica.com\/se\/wp-content\/uploads\/2017\/04\/ertube3.jpg?id=17947) !important;background-position: center !important;background-repeat: no-repeat !important;background-size: cover !important;}&#8221;][vc_column width=&#8221;1\/3&#8243;][\/vc_column][vc_column width=&#8221;1\/3&#8243;][vc_icon...\" \/>\n<meta property=\"og:url\" content=\"https:\/\/abilica.com\/sv\/traningsprogram\/traningsprogram-till-abilica-exertube\/\" \/>\n<meta property=\"og:site_name\" content=\"Abilica\" \/>\n<meta property=\"article:publisher\" content=\"https:\/\/www.facebook.com\/abilicahometraining\/\" \/>\n<meta property=\"article:modified_time\" content=\"2017-08-17T11:38:35+00:00\" \/>\n<meta name=\"twitter:card\" content=\"summary_large_image\" \/>\n<meta name=\"twitter:label1\" content=\"Ber\u00e4knad l\u00e4stid\" \/>\n\t<meta name=\"twitter:data1\" content=\"5 minuter\" \/>\n<script type=\"application\/ld+json\" class=\"yoast-schema-graph\">{\"@context\":\"https:\/\/schema.org\",\"@graph\":[{\"@type\":\"WebPage\",\"@id\":\"https:\/\/abilica.com\/sv\/traningsprogram\/traningsprogram-till-abilica-exertube\/\",\"url\":\"https:\/\/abilica.com\/sv\/traningsprogram\/traningsprogram-till-abilica-exertube\/\",\"name\":\"Tr\u00e4ningsprogram till Abilica ExerTube &#8226; Abilica\",\"isPartOf\":{\"@id\":\"https:\/\/abilica.com\/#website\"},\"datePublished\":\"2017-04-24T11:00:40+00:00\",\"dateModified\":\"2017-08-17T11:38:35+00:00\",\"breadcrumb\":{\"@id\":\"https:\/\/abilica.com\/sv\/traningsprogram\/traningsprogram-till-abilica-exertube\/#breadcrumb\"},\"inLanguage\":\"sv-SE\",\"potentialAction\":[{\"@type\":\"ReadAction\",\"target\":[\"https:\/\/abilica.com\/sv\/traningsprogram\/traningsprogram-till-abilica-exertube\/\"]}]},{\"@type\":\"BreadcrumbList\",\"@id\":\"https:\/\/abilica.com\/sv\/traningsprogram\/traningsprogram-till-abilica-exertube\/#breadcrumb\",\"itemListElement\":[{\"@type\":\"ListItem\",\"position\":1,\"name\":\"Hem\",\"item\":\"https:\/\/abilica.com\/sv\/\"},{\"@type\":\"ListItem\",\"position\":2,\"name\":\"Tr\u00e4ningsprogram\",\"item\":\"https:\/\/abilica.com\/sv\/traningsprogram\/\"},{\"@type\":\"ListItem\",\"position\":3,\"name\":\"Tr\u00e4ningsprogram till Abilica ExerTube\"}]},{\"@type\":\"WebSite\",\"@id\":\"https:\/\/abilica.com\/#website\",\"url\":\"https:\/\/abilica.com\/\",\"name\":\"Abilica\",\"description\":\"Abilica Home Training\",\"potentialAction\":[{\"@type\":\"SearchAction\",\"target\":{\"@type\":\"EntryPoint\",\"urlTemplate\":\"https:\/\/abilica.com\/?s={search_term_string}\"},\"query-input\":{\"@type\":\"PropertyValueSpecification\",\"valueRequired\":true,\"valueName\":\"search_term_string\"}}],\"inLanguage\":\"sv-SE\"}]}<\/script>\n<!-- \/ Yoast SEO Premium plugin. -->","yoast_head_json":{"title":"Tr\u00e4ningsprogram till Abilica ExerTube &#8226; Abilica","robots":{"index":"index","follow":"follow","max-snippet":"max-snippet:-1","max-image-preview":"max-image-preview:large","max-video-preview":"max-video-preview:-1"},"canonical":"https:\/\/abilica.com\/sv\/traningsprogram\/traningsprogram-till-abilica-exertube\/","og_locale":"sv_SE","og_type":"article","og_title":"Tr\u00e4ningsprogram till Abilica ExerTube","og_description":"[vc_row full_width=&#8221;stretch_row_content&#8221; full_height=&#8221;yes&#8221; columns_placement=&#8221;bottom&#8221; css=&#8221;.vc_custom_1493031718882{background-image: url(https:\/\/abilica.com\/se\/wp-content\/uploads\/2017\/04\/ertube3.jpg?id=17947) !important;background-position: center !important;background-repeat: no-repeat !important;background-size: cover !important;}&#8221;][vc_column width=&#8221;1\/3&#8243;][\/vc_column][vc_column width=&#8221;1\/3&#8243;][vc_icon...","og_url":"https:\/\/abilica.com\/sv\/traningsprogram\/traningsprogram-till-abilica-exertube\/","og_site_name":"Abilica","article_publisher":"https:\/\/www.facebook.com\/abilicahometraining\/","article_modified_time":"2017-08-17T11:38:35+00:00","twitter_card":"summary_large_image","twitter_misc":{"Ber\u00e4knad l\u00e4stid":"5 minuter"},"schema":{"@context":"https:\/\/schema.org","@graph":[{"@type":"WebPage","@id":"https:\/\/abilica.com\/sv\/traningsprogram\/traningsprogram-till-abilica-exertube\/","url":"https:\/\/abilica.com\/sv\/traningsprogram\/traningsprogram-till-abilica-exertube\/","name":"Tr\u00e4ningsprogram till Abilica ExerTube &#8226; Abilica","isPartOf":{"@id":"https:\/\/abilica.com\/#website"},"datePublished":"2017-04-24T11:00:40+00:00","dateModified":"2017-08-17T11:38:35+00:00","breadcrumb":{"@id":"https:\/\/abilica.com\/sv\/traningsprogram\/traningsprogram-till-abilica-exertube\/#breadcrumb"},"inLanguage":"sv-SE","potentialAction":[{"@type":"ReadAction","target":["https:\/\/abilica.com\/sv\/traningsprogram\/traningsprogram-till-abilica-exertube\/"]}]},{"@type":"BreadcrumbList","@id":"https:\/\/abilica.com\/sv\/traningsprogram\/traningsprogram-till-abilica-exertube\/#breadcrumb","itemListElement":[{"@type":"ListItem","position":1,"name":"Hem","item":"https:\/\/abilica.com\/sv\/"},{"@type":"ListItem","position":2,"name":"Tr\u00e4ningsprogram","item":"https:\/\/abilica.com\/sv\/traningsprogram\/"},{"@type":"ListItem","position":3,"name":"Tr\u00e4ningsprogram till Abilica ExerTube"}]},{"@type":"WebSite","@id":"https:\/\/abilica.com\/#website","url":"https:\/\/abilica.com\/","name":"Abilica","description":"Abilica Home Training","potentialAction":[{"@type":"SearchAction","target":{"@type":"EntryPoint","urlTemplate":"https:\/\/abilica.com\/?s={search_term_string}"},"query-input":{"@type":"PropertyValueSpecification","valueRequired":true,"valueName":"search_term_string"}}],"inLanguage":"sv-SE"}]}},"_links":{"self":[{"href":"https:\/\/abilica.com\/sv\/wp-json\/wp\/v2\/pages\/17945","targetHints":{"allow":["GET"]}}],"collection":[{"href":"https:\/\/abilica.com\/sv\/wp-json\/wp\/v2\/pages"}],"about":[{"href":"https:\/\/abilica.com\/sv\/wp-json\/wp\/v2\/types\/page"}],"author":[{"embeddable":true,"href":"https:\/\/abilica.com\/sv\/wp-json\/wp\/v2\/users\/2"}],"replies":[{"embeddable":true,"href":"https:\/\/abilica.com\/sv\/wp-json\/wp\/v2\/comments?post=17945"}],"version-history":[{"count":0,"href":"https:\/\/abilica.com\/sv\/wp-json\/wp\/v2\/pages\/17945\/revisions"}],"up":[{"embeddable":true,"href":"https:\/\/abilica.com\/sv\/wp-json\/wp\/v2\/pages\/3041"}],"wp:attachment":[{"href":"https:\/\/abilica.com\/sv\/wp-json\/wp\/v2\/media?parent=17945"}],"curies":[{"name":"wp","href":"https:\/\/api.w.org\/{rel}","templated":true}]}}