{"id":17967,"date":"2017-04-24T11:13:52","date_gmt":"2017-04-24T11:13:52","guid":{"rendered":"https:\/\/abilica.com\/se\/?page_id=17967"},"modified":"2017-08-17T12:49:06","modified_gmt":"2017-08-17T11:49:06","slug":"traningsprogram-till-abilica-kettlebells","status":"publish","type":"page","link":"https:\/\/abilica.com\/sv\/traningsprogram\/traningsprogram-till-abilica-kettlebells\/","title":{"rendered":"Tr\u00e4ningsprogram till Abilica KettleBells"},"content":{"rendered":"<div class=\"wpb-content-wrapper\"><p>[vc_row full_width=&#8221;stretch_row_content&#8221; full_height=&#8221;yes&#8221; columns_placement=&#8221;bottom&#8221; css=&#8221;.vc_custom_1493032789532{background-image: url(https:\/\/abilica.com\/se\/wp-content\/uploads\/2017\/04\/ettle2.jpg?id=17970) !important;background-position: center !important;background-repeat: no-repeat !important;background-size: cover !important;}&#8221;][vc_column width=&#8221;1\/3&#8243;][\/vc_column][vc_column width=&#8221;1\/3&#8243;][vc_icon icon_fontawesome=&#8221;fa fa-angle-down&#8221; color=&#8221;white&#8221; size=&#8221;xl&#8221; align=&#8221;center&#8221;][\/vc_column][vc_column width=&#8221;1\/3&#8243;][\/vc_column][\/vc_row][vc_row][vc_column][vc_column_text]<\/p>\n<h2 style=\"text-align: left;\"><span style=\"color: #000000;\">Tr\u00e4ningsprogram till Abilica\u00a0KettleBells<\/span><\/h2>\n<p>En flera hundra \u00e5r gammal tr\u00e4ningsform, ursprungligen fr\u00e5n Ryssland, \u00e4r tillbaka. En kettlebell skal anv\u00e4ndas explosivt och dynamiskt. Dvs med stor r\u00f6relse och energi, vilket ger en utm\u00e4rkt tr\u00e4ning i form av \u00f6kad styrka, koordination, stabilitet och uth\u00e5llighet. Man tr\u00e4nar funktionellt och tredimentionellt och h\u00e4mtar in \u00f6vningar som vi beh\u00f6ver f\u00f6r att fungera \u00e4nnu b\u00e4ttre i vardagen.[\/vc_column_text][vc_empty_space][\/vc_column][\/vc_row][vc_row][vc_column][title text=&#8221;K\u00f6p KettleBells nu.&#8221; text_align=&#8221;left&#8221;][\/vc_column][\/vc_row][vc_row][vc_column width=&#8221;1\/2&#8243;][product_mod id=&#8221;2254&#8243;][\/vc_column][vc_column width=&#8221;1\/2&#8243;][product_mod id=&#8221;2298&#8243;][\/vc_column][\/vc_row][vc_row][vc_column][vc_empty_space][vc_btn title=&#8221;Ladda hem tr\u00e4ningsprogrammet i PDF&#8221; style=&#8221;flat&#8221; color=&#8221;danger&#8221; i_icon_fontawesome=&#8221;fa fa-file-pdf-o&#8221; add_icon=&#8221;true&#8221; link=&#8221;url:http%3A%2F%2Fabilica.com\/se%2Fwp-content%2Fuploads%2F2017%2F02%2FAbilica-KettleBells.pdf||target:%20_blank|&#8221;][\/vc_column][\/vc_row][vc_row css=&#8221;.vc_custom_1492108997727{background-position: center !important;background-repeat: no-repeat !important;background-size: cover !important;}&#8221;][vc_column][vc_column_text]<\/p>\n<h2 style=\"text-align: left;\">1.<\/h2>\n<p><b>Kn\u00e4b\u00f6j med dubbelhandsflip<\/b><\/p>\n<p>St\u00e4ll dig med f\u00f6tterna i h\u00f6ftbredd. H\u00e5ll dina kettlebells i h\u00e4nderna.<br \/>\nG\u00f6r en kn\u00e4b\u00f6j med rak rygg och kn\u00e4na i linje med f\u00f6tterna. Hela foten ska vara i marken. Res dig upp med rak rygg och g\u00f6r samtidigt en \u201dflip\u201d likt en friv\u00e4ndning med dina kettlebells. G\u00f6r en kn\u00e4b\u00f6j s\u00e5 l\u00e5ngt ner du kan med rak rygg och hela foten i marken. \u201dFlippa\u201d tillbaka dina kettlebells n\u00e4r du rest dig upp igen. B\u00f6rja om med kn\u00e4b\u00f6j.[\/vc_column_text][vc_single_image image=&#8221;17977&#8243; img_size=&#8221;full&#8221; alignment=&#8221;center&#8221;][\/vc_column][\/vc_row][vc_row][vc_column][vc_column_text]<\/p>\n<h2 style=\"text-align: left;\">2.<\/h2>\n<p><b>Kn\u00e4b\u00f6j med enhands korkskruv<\/b><\/p>\n<p>St\u00e4ll dig med f\u00f6tterna i lite drygt h\u00f6ftbredd. H\u00e5ll din kettlebell i valfri hand. G\u00f6r en kn\u00e4b\u00f6j med din kettlebell mellan benen. Bibeh\u00e5ll rak rygg och kn\u00e4na i linje med f\u00f6tterna. Hela foten ska vara i marken. Res dig upp med rak rygg och g\u00f6r samtidigt en korkskruv.[\/vc_column_text][vc_single_image image=&#8221;17978&#8243; img_size=&#8221;full&#8221; alignment=&#8221;center&#8221;][\/vc_column][\/vc_row][vc_row][vc_column][vc_column_text]<\/p>\n<h2 style=\"text-align: left;\">3.<\/h2>\n<p><b>Kn\u00e4b\u00f6j med enhands korkskruv och press<\/b><\/p>\n<p>St\u00e4ll dig med f\u00f6tterna i lite drygt h\u00f6ftbredd. H\u00e5ll din kettlebell i valfri hand. G\u00f6r en kn\u00e4b\u00f6j med din kettlebell mellan benen. Bibeh\u00e5ll rak rygg och kn\u00e4na i linje med f\u00f6tterna. Hela foten ska vara i marken. Res dig upp med rak rygg och g\u00f6r samtidigt en korkskruv f\u00f6ljt av en axelpress.[\/vc_column_text][vc_single_image image=&#8221;17979&#8243; img_size=&#8221;full&#8221; alignment=&#8221;center&#8221;][\/vc_column][\/vc_row][vc_row][vc_column][vc_column_text]<\/p>\n<h2 style=\"text-align: left;\">4.<\/h2>\n<p><b>Utfall med dubbelflip<\/b><\/p>\n<p>H\u00e5ll dina kettlebells i h\u00e4nderna. Ta ett kliv fram\u00e5t med valfritt ben. N\u00e4r du \u00e4r i bottenl\u00e4get ska b\u00e5da kn\u00e4na ha ca 90 graders vinkel. H\u00e5ll h\u00f6ftbredd i ditt steg s\u00e5 du har god balans. H\u00e5ll dina kettlebells l\u00e4ng sidan av kroppen. Rak i ryggen och br\u00f6stet stolt. G\u00f6r ett utfall genom att b\u00f6ja b\u00e5da kn\u00e4na. Res dig upp och \u201dflippa\u201d dina kettlebells. Nytt utfall. Res dig upp och \u201dflippa\u201d tillbaka din kettlebells. Upprepa.[\/vc_column_text][vc_single_image image=&#8221;17980&#8243; img_size=&#8221;full&#8221; alignment=&#8221;center&#8221;][\/vc_column][\/vc_row][vc_row full_width=&#8221;stretch_row_content&#8221; full_height=&#8221;yes&#8221; css=&#8221;.vc_custom_1493033311132{background-image: url(https:\/\/abilica.com\/se\/wp-content\/uploads\/2017\/04\/ttle4.jpg?id=17973) !important;background-position: center !important;background-repeat: no-repeat !important;background-size: cover !important;}&#8221;][vc_column][\/vc_column][\/vc_row][vc_row][vc_column][vc_column_text]<\/p>\n<h2 style=\"text-align: left;\">5.<\/h2>\n<p><b>Utfall med en enhands korkskruv<\/b><\/p>\n<p>H\u00e5ll din kettlebell i valfri hand. Ta ett kliv fram\u00e5t med motsatt ben. Din kettlebell ska vara i den hand som \u00e4r p\u00e5 samma sida som ditt bakre ben. N\u00e4r du \u00e4r i bottenl\u00e4get p\u00e5 ditt utfall ska b\u00e5da kn\u00e4na ha ca 90 graders vinkel. H\u00e5ll h\u00f6ftbredd i ditt steg s\u00e5 du har god balans. Rak i ryggen och br\u00f6stet stolt. G\u00f6r ett utfall genom att b\u00f6ja b\u00e5da kn\u00e4na. Res dig upp samtidigt som du g\u00f6r en enhands korkskruv. Nytt utfall. Res dig upp och kom tillbaka till utg\u00e5ngsposition med din kettlebell. Upprepa.[\/vc_column_text][vc_single_image image=&#8221;17981&#8243; img_size=&#8221;full&#8221; alignment=&#8221;center&#8221;][\/vc_column][\/vc_row][vc_row][vc_column][vc_column_text]<\/p>\n<h2 style=\"text-align: left;\">6.<\/h2>\n<p><b>Dubbelhandsswing<\/b><\/p>\n<p>St\u00e5 brett is\u00e4r med benen. H\u00e5ll din kettlebell mellan benen med b\u00e5da h\u00e4nderna. Rak i ryggen. B\u00f6j n\u00e5got p\u00e5 kn\u00e4na. Svinga din kettlebell under dig med raka armar och skjut ifr\u00e5n med h\u00f6ften. Bibeh\u00e5ll rak rygg. Sp\u00e4nn magen.[\/vc_column_text][vc_single_image image=&#8221;17982&#8243; img_size=&#8221;full&#8221; alignment=&#8221;center&#8221;][\/vc_column][\/vc_row][vc_row][vc_column][vc_column_text]<\/p>\n<h2 style=\"text-align: left;\">7.<\/h2>\n<p><b>Enarmssving med handbyte<\/b><\/p>\n<p>St\u00e5 brett is\u00e4r med benen. H\u00e5ll din kettlebell mellan benen med valfri hand. B\u00f6rja svinga din kettlebell under dig med rak arm och skjut ifr\u00e5n med h\u00f6ften. Byt hand n\u00e4r din kettlebell \u00e4r tyngdl\u00f6s i h\u00f6jd med naveln. Bibeh\u00e5ll rak rygg. Sp\u00e4nn magen.[\/vc_column_text][vc_single_image image=&#8221;17983&#8243; img_size=&#8221;full&#8221; alignment=&#8221;center&#8221;][\/vc_column][\/vc_row][vc_row][vc_column][vc_column_text]<\/p>\n<h2 style=\"text-align: left;\">8.<\/h2>\n<p><b>Pushup med korkskruv och press<\/b><\/p>\n<p>St\u00e4ll dina kettlebells med s\u00e5dan bredd att du f\u00e5r 90 grader i armb\u00e5gen n\u00e4r du g\u00f6r dine pushups. Br\u00f6stet \u00f6ver armarna. Rak i kroppen och st\u00f6d p\u00e5 t\u00e5rna alternativt p\u00e5 kn\u00e4na. G\u00f6r en pushup. Hoppa ihop, s\u00e4tt i hela foten och r\u00e4ta upp ryggen. Res dig upp med rak rygg, g\u00f6r en dubbel korkskruv och pressa upp dina kettlebells till raka armar. S\u00e4nk ner dem och kom ner till grundposition f\u00f6r pushup. Upprepa.[\/vc_column_text][vc_single_image image=&#8221;17984&#8243; img_size=&#8221;full&#8221; alignment=&#8221;center&#8221;][\/vc_column][\/vc_row][vc_row full_width=&#8221;stretch_row_content&#8221; css=&#8221;.vc_custom_1493033266981{background-color: #000000 !important;}&#8221;][vc_column][title text=&#8221;K\u00f6p dina Abilica KettleBells nu.&#8221; tag=&#8221;h2&#8243; color=&#8221;#ffffff&#8221; text_align=&#8221;center&#8221;][vc_empty_space][\/vc_column][\/vc_row][vc_row][vc_column width=&#8221;1\/2&#8243;][product_mod id=&#8221;2254&#8243;][vc_empty_space][\/vc_column][vc_column width=&#8221;1\/2&#8243;][product_mod id=&#8221;2298&#8243;][vc_empty_space][\/vc_column][\/vc_row][vc_row full_width=&#8221;stretch_row_content&#8221; full_height=&#8221;yes&#8221; css=&#8221;.vc_custom_1493033385970{background-image: url(https:\/\/abilica.com\/se\/wp-content\/uploads\/2017\/04\/ttle3-1.jpg?id=17986) !important;background-position: center !important;background-repeat: no-repeat !important;background-size: cover !important;}&#8221;][vc_column][\/vc_column][\/vc_row]<\/p>\n<\/div>","protected":false},"excerpt":{"rendered":"<p>[vc_row full_width=&#8221;stretch_row_content&#8221; full_height=&#8221;yes&#8221; columns_placement=&#8221;bottom&#8221; css=&#8221;.vc_custom_1493032789532{background-image: url(https:\/\/abilica.com\/se\/wp-content\/uploads\/2017\/04\/ettle2.jpg?id=17970) !important;background-position: center !important;background-repeat: no-repeat !important;background-size: cover !important;}&#8221;][vc_column width=&#8221;1\/3&#8243;][\/vc_column][vc_column width=&#8221;1\/3&#8243;][vc_icon&#8230;<\/p>\n","protected":false},"author":2,"featured_media":0,"parent":3041,"menu_order":0,"comment_status":"closed","ping_status":"closed","template":"","meta":{"_acf_changed":false,"footnotes":""},"class_list":["post-17967","page","type-page","status-publish","hentry"],"acf":[],"yoast_head":"<!-- This site is optimized with the Yoast SEO Premium plugin v21.1 (Yoast SEO v25.4) - https:\/\/yoast.com\/wordpress\/plugins\/seo\/ -->\n<title>Tr\u00e4ningsprogram till Abilica KettleBells &#8226; Abilica<\/title>\n<meta name=\"robots\" content=\"index, follow, max-snippet:-1, max-image-preview:large, max-video-preview:-1\" \/>\n<link rel=\"canonical\" href=\"https:\/\/abilica.com\/sv\/traningsprogram\/traningsprogram-till-abilica-kettlebells\/\" \/>\n<meta property=\"og:locale\" content=\"sv_SE\" \/>\n<meta property=\"og:type\" content=\"article\" \/>\n<meta property=\"og:title\" content=\"Tr\u00e4ningsprogram till Abilica KettleBells\" \/>\n<meta property=\"og:description\" content=\"[vc_row full_width=&#8221;stretch_row_content&#8221; full_height=&#8221;yes&#8221; columns_placement=&#8221;bottom&#8221; css=&#8221;.vc_custom_1493032789532{background-image: url(https:\/\/abilica.com\/se\/wp-content\/uploads\/2017\/04\/ettle2.jpg?id=17970) !important;background-position: center !important;background-repeat: no-repeat !important;background-size: cover !important;}&#8221;][vc_column width=&#8221;1\/3&#8243;][\/vc_column][vc_column width=&#8221;1\/3&#8243;][vc_icon...\" \/>\n<meta property=\"og:url\" content=\"https:\/\/abilica.com\/sv\/traningsprogram\/traningsprogram-till-abilica-kettlebells\/\" \/>\n<meta property=\"og:site_name\" content=\"Abilica\" \/>\n<meta property=\"article:publisher\" content=\"https:\/\/www.facebook.com\/abilicahometraining\/\" \/>\n<meta property=\"article:modified_time\" content=\"2017-08-17T11:49:06+00:00\" \/>\n<meta name=\"twitter:card\" content=\"summary_large_image\" \/>\n<meta name=\"twitter:label1\" content=\"Ber\u00e4knad l\u00e4stid\" \/>\n\t<meta name=\"twitter:data1\" content=\"6 minuter\" \/>\n<script type=\"application\/ld+json\" class=\"yoast-schema-graph\">{\"@context\":\"https:\/\/schema.org\",\"@graph\":[{\"@type\":\"WebPage\",\"@id\":\"https:\/\/abilica.com\/sv\/traningsprogram\/traningsprogram-till-abilica-kettlebells\/\",\"url\":\"https:\/\/abilica.com\/sv\/traningsprogram\/traningsprogram-till-abilica-kettlebells\/\",\"name\":\"Tr\u00e4ningsprogram till Abilica KettleBells &#8226; Abilica\",\"isPartOf\":{\"@id\":\"https:\/\/abilica.com\/#website\"},\"datePublished\":\"2017-04-24T11:13:52+00:00\",\"dateModified\":\"2017-08-17T11:49:06+00:00\",\"breadcrumb\":{\"@id\":\"https:\/\/abilica.com\/sv\/traningsprogram\/traningsprogram-till-abilica-kettlebells\/#breadcrumb\"},\"inLanguage\":\"sv-SE\",\"potentialAction\":[{\"@type\":\"ReadAction\",\"target\":[\"https:\/\/abilica.com\/sv\/traningsprogram\/traningsprogram-till-abilica-kettlebells\/\"]}]},{\"@type\":\"BreadcrumbList\",\"@id\":\"https:\/\/abilica.com\/sv\/traningsprogram\/traningsprogram-till-abilica-kettlebells\/#breadcrumb\",\"itemListElement\":[{\"@type\":\"ListItem\",\"position\":1,\"name\":\"Hem\",\"item\":\"https:\/\/abilica.com\/sv\/\"},{\"@type\":\"ListItem\",\"position\":2,\"name\":\"Tr\u00e4ningsprogram\",\"item\":\"https:\/\/abilica.com\/sv\/traningsprogram\/\"},{\"@type\":\"ListItem\",\"position\":3,\"name\":\"Tr\u00e4ningsprogram till Abilica KettleBells\"}]},{\"@type\":\"WebSite\",\"@id\":\"https:\/\/abilica.com\/#website\",\"url\":\"https:\/\/abilica.com\/\",\"name\":\"Abilica\",\"description\":\"Abilica Home Training\",\"potentialAction\":[{\"@type\":\"SearchAction\",\"target\":{\"@type\":\"EntryPoint\",\"urlTemplate\":\"https:\/\/abilica.com\/?s={search_term_string}\"},\"query-input\":{\"@type\":\"PropertyValueSpecification\",\"valueRequired\":true,\"valueName\":\"search_term_string\"}}],\"inLanguage\":\"sv-SE\"}]}<\/script>\n<!-- \/ Yoast SEO Premium plugin. -->","yoast_head_json":{"title":"Tr\u00e4ningsprogram till Abilica KettleBells &#8226; Abilica","robots":{"index":"index","follow":"follow","max-snippet":"max-snippet:-1","max-image-preview":"max-image-preview:large","max-video-preview":"max-video-preview:-1"},"canonical":"https:\/\/abilica.com\/sv\/traningsprogram\/traningsprogram-till-abilica-kettlebells\/","og_locale":"sv_SE","og_type":"article","og_title":"Tr\u00e4ningsprogram till Abilica KettleBells","og_description":"[vc_row full_width=&#8221;stretch_row_content&#8221; full_height=&#8221;yes&#8221; columns_placement=&#8221;bottom&#8221; css=&#8221;.vc_custom_1493032789532{background-image: url(https:\/\/abilica.com\/se\/wp-content\/uploads\/2017\/04\/ettle2.jpg?id=17970) !important;background-position: center !important;background-repeat: no-repeat !important;background-size: cover !important;}&#8221;][vc_column width=&#8221;1\/3&#8243;][\/vc_column][vc_column width=&#8221;1\/3&#8243;][vc_icon...","og_url":"https:\/\/abilica.com\/sv\/traningsprogram\/traningsprogram-till-abilica-kettlebells\/","og_site_name":"Abilica","article_publisher":"https:\/\/www.facebook.com\/abilicahometraining\/","article_modified_time":"2017-08-17T11:49:06+00:00","twitter_card":"summary_large_image","twitter_misc":{"Ber\u00e4knad l\u00e4stid":"6 minuter"},"schema":{"@context":"https:\/\/schema.org","@graph":[{"@type":"WebPage","@id":"https:\/\/abilica.com\/sv\/traningsprogram\/traningsprogram-till-abilica-kettlebells\/","url":"https:\/\/abilica.com\/sv\/traningsprogram\/traningsprogram-till-abilica-kettlebells\/","name":"Tr\u00e4ningsprogram till Abilica KettleBells &#8226; Abilica","isPartOf":{"@id":"https:\/\/abilica.com\/#website"},"datePublished":"2017-04-24T11:13:52+00:00","dateModified":"2017-08-17T11:49:06+00:00","breadcrumb":{"@id":"https:\/\/abilica.com\/sv\/traningsprogram\/traningsprogram-till-abilica-kettlebells\/#breadcrumb"},"inLanguage":"sv-SE","potentialAction":[{"@type":"ReadAction","target":["https:\/\/abilica.com\/sv\/traningsprogram\/traningsprogram-till-abilica-kettlebells\/"]}]},{"@type":"BreadcrumbList","@id":"https:\/\/abilica.com\/sv\/traningsprogram\/traningsprogram-till-abilica-kettlebells\/#breadcrumb","itemListElement":[{"@type":"ListItem","position":1,"name":"Hem","item":"https:\/\/abilica.com\/sv\/"},{"@type":"ListItem","position":2,"name":"Tr\u00e4ningsprogram","item":"https:\/\/abilica.com\/sv\/traningsprogram\/"},{"@type":"ListItem","position":3,"name":"Tr\u00e4ningsprogram till Abilica KettleBells"}]},{"@type":"WebSite","@id":"https:\/\/abilica.com\/#website","url":"https:\/\/abilica.com\/","name":"Abilica","description":"Abilica Home Training","potentialAction":[{"@type":"SearchAction","target":{"@type":"EntryPoint","urlTemplate":"https:\/\/abilica.com\/?s={search_term_string}"},"query-input":{"@type":"PropertyValueSpecification","valueRequired":true,"valueName":"search_term_string"}}],"inLanguage":"sv-SE"}]}},"_links":{"self":[{"href":"https:\/\/abilica.com\/sv\/wp-json\/wp\/v2\/pages\/17967","targetHints":{"allow":["GET"]}}],"collection":[{"href":"https:\/\/abilica.com\/sv\/wp-json\/wp\/v2\/pages"}],"about":[{"href":"https:\/\/abilica.com\/sv\/wp-json\/wp\/v2\/types\/page"}],"author":[{"embeddable":true,"href":"https:\/\/abilica.com\/sv\/wp-json\/wp\/v2\/users\/2"}],"replies":[{"embeddable":true,"href":"https:\/\/abilica.com\/sv\/wp-json\/wp\/v2\/comments?post=17967"}],"version-history":[{"count":0,"href":"https:\/\/abilica.com\/sv\/wp-json\/wp\/v2\/pages\/17967\/revisions"}],"up":[{"embeddable":true,"href":"https:\/\/abilica.com\/sv\/wp-json\/wp\/v2\/pages\/3041"}],"wp:attachment":[{"href":"https:\/\/abilica.com\/sv\/wp-json\/wp\/v2\/media?parent=17967"}],"curies":[{"name":"wp","href":"https:\/\/api.w.org\/{rel}","templated":true}]}}