{"id":17988,"date":"2017-04-24T11:31:04","date_gmt":"2017-04-24T11:31:04","guid":{"rendered":"https:\/\/abilica.com\/se\/?page_id=17988"},"modified":"2017-08-29T11:38:36","modified_gmt":"2017-08-29T10:38:36","slug":"traningsprogram-till-abilica-medicineball","status":"publish","type":"page","link":"https:\/\/abilica.com\/sv\/traningsprogram\/traningsprogram-till-abilica-medicineball\/","title":{"rendered":"Tr\u00e4ningsprogram till Abilica MedicineBall"},"content":{"rendered":"<div class=\"wpb-content-wrapper\"><p>[vc_row full_width=&#8221;stretch_row_content&#8221; full_height=&#8221;yes&#8221; columns_placement=&#8221;bottom&#8221; css=&#8221;.vc_custom_1493033615003{background-image: url(https:\/\/abilica.com\/se\/wp-content\/uploads\/2017\/04\/medicine1.jpg?id=17991) !important;background-position: center !important;background-repeat: no-repeat !important;background-size: cover !important;}&#8221;][vc_column width=&#8221;1\/3&#8243;][\/vc_column][vc_column width=&#8221;1\/3&#8243;][vc_icon icon_fontawesome=&#8221;fa fa-angle-down&#8221; color=&#8221;white&#8221; size=&#8221;xl&#8221; align=&#8221;center&#8221;][\/vc_column][vc_column width=&#8221;1\/3&#8243;][\/vc_column][\/vc_row][vc_row][vc_column][vc_column_text]<\/p>\n<h2 style=\"text-align: left;\"><span style=\"color: #000000;\">Tr\u00e4ningsprogram till Abilica\u00a0MedicineBall<\/span><\/h2>\n<p>Medicineball \u00e4r v\u00e4l \u00e4gnad till anv\u00e4ndning i olika situps varianter. Ger magmusklerna en rej\u00e4l \u00f6kt! J\u00e4ttebra f\u00f6r att tr\u00e4na skuldror, armar och core muskulaturen i ryggen.[\/vc_column_text][vc_empty_space][\/vc_column][\/vc_row][vc_row][vc_column][title text=&#8221;K\u00f6p MedicineBall nu.&#8221; text_align=&#8221;left&#8221;][\/vc_column][\/vc_row][vc_row][vc_column width=&#8221;1\/2&#8243;][product_mod id=&#8221;2260&#8243;][\/vc_column][vc_column width=&#8221;1\/2&#8243;][\/vc_column][\/vc_row][vc_row][vc_column][vc_empty_space][vc_btn title=&#8221;Ladda hem tr\u00e4ningsprogrammet i PDF&#8221; style=&#8221;flat&#8221; color=&#8221;danger&#8221; i_icon_fontawesome=&#8221;fa fa-file-pdf-o&#8221; add_icon=&#8221;true&#8221; link=&#8221;url:http%3A%2F%2Fabilica.com\/se%2Fwp-content%2Fuploads%2F2017%2F02%2FAbilica-MedicineBall.pdf||target:%20_blank|&#8221;][\/vc_column][\/vc_row][vc_row css=&#8221;.vc_custom_1492108997727{background-position: center !important;background-repeat: no-repeat !important;background-size: cover !important;}&#8221;][vc_column][vc_column_text]<\/p>\n<h2 style=\"text-align: left;\">1.<\/h2>\n<p><b>Kn\u00e4b\u00f6j med uppkast<\/b><\/p>\n<p>St\u00e5 med f\u00f6tterna lite drygt i h\u00f6ftbredd. G\u00e5 ner s\u00e5 djupt du kan med bibeh\u00e5llen rak rygg och kn\u00e4na i linje med f\u00f6tterna. Hela foten ska vara i marken. H\u00e5ll bollen i br\u00f6sth\u00f6jd n\u00e4ra kroppen. N\u00e4r du st\u00e4ller dig upp pressar du iv\u00e4g bollen upp i luften.[\/vc_column_text][vc_single_image image=&#8221;17997&#8243; img_size=&#8221;full&#8221; alignment=&#8221;center&#8221;][\/vc_column][\/vc_row][vc_row][vc_column][vc_column_text]<\/p>\n<h2 style=\"text-align: left;\">2.<\/h2>\n<p><b>Utfallsg\u00e5ng med swing<\/b><\/p>\n<p>G\u00f6r ditt utfall genom att ta ett kliv fram med valfritt ben. H\u00e5ll h\u00f6ftbredd mellan f\u00f6tterna f\u00f6r god balans. B\u00f6j b\u00e5da kn\u00e4na till ca 90 grader. Rak i \u00f6verkroppen. Svinga<br \/>\nbollen \u00f6ver huvudet med s\u00e5 raka armar du kan mot den sida d\u00e4r du har ditt fr\u00e4mre ben. Svinga \u00e5t andra h\u00e5llet samtidigt som du tar ett steg fram\u00e5t med bakre benet.[\/vc_column_text][vc_single_image image=&#8221;17998&#8243; img_size=&#8221;full&#8221; alignment=&#8221;center&#8221;][\/vc_column][\/vc_row][vc_row][vc_column][vc_column_text]<\/p>\n<h2 style=\"text-align: left;\">3.<\/h2>\n<p><b>Pushup med en hand p\u00e5 boll<\/b><\/p>\n<p>St\u00e4ll dig i position f\u00f6r en pushup med en hand p\u00e5 bollen. Justera fotbredd efter hur bra balans du har. G\u00f6r en pushup. N\u00e4r du st\u00e5r p\u00e5 raka armar flyttar du bollen under br\u00f6stet till andra armen och upprepar. Sp\u00e4nn magen och h\u00e5ll h\u00f6ften s\u00e5 still du kan n\u00e4r du flyttar bollen.[\/vc_column_text][vc_single_image image=&#8221;17999&#8243; img_size=&#8221;full&#8221; alignment=&#8221;center&#8221;][\/vc_column][\/vc_row][vc_row][vc_column][vc_column_text]<\/p>\n<h2 style=\"text-align: left;\">4.<\/h2>\n<p><b>Pushup med f\u00f6tterna p\u00e5 bollen<\/b><\/p>\n<p>St\u00e4ll dig i position f\u00f6r pushup. Br\u00f6stet ska vara \u00f6ver armarna. Placera f\u00f6tterna p\u00e5 bollen. Rak i kroppen med sp\u00e4nda ben. B\u00f6j armarna tills du \u00e4r ca 90 grader i armb\u00e5gsleden. Pressa dig tillbaka upp.[\/vc_column_text][vc_single_image image=&#8221;18000&#8243; img_size=&#8221;full&#8221; alignment=&#8221;center&#8221;][\/vc_column][\/vc_row][vc_row full_width=&#8221;stretch_row_content&#8221; full_height=&#8221;yes&#8221; css=&#8221;.vc_custom_1493033930489{background-image: url(https:\/\/abilica.com\/se\/wp-content\/uploads\/2017\/04\/medicine2.jpg?id=17992) !important;background-position: center !important;background-repeat: no-repeat !important;background-size: cover !important;}&#8221;][vc_column][\/vc_column][\/vc_row][vc_row][vc_column][vc_column_text]<\/p>\n<h2 style=\"text-align: left;\">5.<\/h2>\n<p><b>Twist<\/b><\/p>\n<p>S\u00e4tt dig p\u00e5 rumpan. Raka ben. Luta dig bak\u00e5t tills att du \u00e4r p\u00e5 v\u00e4g att tippa bak\u00e5t. H\u00e5ll den positionen och g\u00f6r en rotation i b\u00e5len fr\u00e5n sida till sida. H\u00e5ll bollen i linje med ditt br\u00f6stben och vrid kroppen s\u00e5 l\u00e5ngt du kan. Beh\u00e5ll en t\u00e4nkt linje mellan bollen och ditt br\u00f6stben.[\/vc_column_text][vc_single_image image=&#8221;18001&#8243; img_size=&#8221;full&#8221; alignment=&#8221;center&#8221;][\/vc_column][\/vc_row][vc_row][vc_column][vc_column_text]<\/p>\n<h2 style=\"text-align: left;\">6.<\/h2>\n<p><b>\u201dGood morning\u201d med medicinboll<\/b><\/p>\n<p>St\u00e5 med drygt h\u00f6ftbredd och med l\u00e4tt b\u00f6jda kn\u00e4n. H\u00e5ll bollen med b\u00e5da h\u00e4nderna. F\u00e4ll \u00f6verkroppen fram\u00e5t s\u00e5 l\u00e5ngt du kan med svank i ryggen. Sp\u00e4nn magen. Res dig upp. Upprepa.[\/vc_column_text][vc_single_image image=&#8221;18002&#8243; img_size=&#8221;full&#8221; alignment=&#8221;center&#8221;][\/vc_column][\/vc_row][vc_row][vc_column][vc_column_text]<\/p>\n<h2 style=\"text-align: left;\">7.<\/h2>\n<p><b>Rotation med boll till motsatt axel<\/b><\/p>\n<p>St\u00e5 med drygt h\u00f6ftbredd och med l\u00e4tt b\u00f6jda kn\u00e4n. H\u00e5ll bollen med b\u00e5da h\u00e4nderna i h\u00f6jd med naveln. Rotera \u00e5t valfritt h\u00e5ll och lyft samtidigt bollen till axeln p\u00e5 den sida du roterar mot. S\u00e4nk bollen och rotera \u00e5t andra h\u00e5llet och lyft bollen \u00f6ver axeln p\u00e5 samma sida som du roterar mot. Sp\u00e4nn magen genom hela r\u00f6relsen.[\/vc_column_text][vc_single_image image=&#8221;18003&#8243; img_size=&#8221;full&#8221; alignment=&#8221;center&#8221;][\/vc_column][\/vc_row][vc_row][vc_column][vc_column_text]<\/p>\n<h2 style=\"text-align: left;\">8.<\/h2>\n<p><b>Crunch<\/b><\/p>\n<p>Ligg p\u00e5 rygg med f\u00f6tterna i golvet. H\u00e5ll bollen mellan b\u00e5da h\u00e4nderna. Starta med skuldrorna precis ovanf\u00f6r marken. Rulla ihop magen. Bromsa r\u00f6relsen ner. V\u00e4nd tillbaka upp innan skuldrorna tar i underlaget. Avsp\u00e4nd i nacken.[\/vc_column_text][vc_single_image image=&#8221;18004&#8243; img_size=&#8221;full&#8221; alignment=&#8221;center&#8221;][\/vc_column][\/vc_row][vc_row full_width=&#8221;stretch_row_content&#8221; css=&#8221;.vc_custom_1504003113329{background-color: #ff8200 !important;}&#8221;][vc_column][title text=&#8221;K\u00f6p din Abilica MedicineBall nu.&#8221; tag=&#8221;h2&#8243; color=&#8221;#ffffff&#8221; text_align=&#8221;center&#8221;][vc_empty_space][\/vc_column][\/vc_row][vc_row][vc_column width=&#8221;1\/4&#8243;][\/vc_column][vc_column width=&#8221;1\/2&#8243;][product_mod id=&#8221;2260&#8243;][vc_empty_space][\/vc_column][vc_column width=&#8221;1\/4&#8243;][\/vc_column][\/vc_row][vc_row full_width=&#8221;stretch_row_content&#8221; full_height=&#8221;yes&#8221; css=&#8221;.vc_custom_1493033942714{background-image: url(https:\/\/abilica.com\/se\/wp-content\/uploads\/2017\/04\/edicine3.jpg?id=17990) !important;background-position: center !important;background-repeat: no-repeat !important;background-size: cover !important;}&#8221;][vc_column][\/vc_column][\/vc_row]<\/p>\n<\/div>","protected":false},"excerpt":{"rendered":"<p>[vc_row full_width=&#8221;stretch_row_content&#8221; full_height=&#8221;yes&#8221; columns_placement=&#8221;bottom&#8221; css=&#8221;.vc_custom_1493033615003{background-image: url(https:\/\/abilica.com\/se\/wp-content\/uploads\/2017\/04\/medicine1.jpg?id=17991) !important;background-position: center !important;background-repeat: no-repeat !important;background-size: cover !important;}&#8221;][vc_column width=&#8221;1\/3&#8243;][\/vc_column][vc_column width=&#8221;1\/3&#8243;][vc_icon&#8230;<\/p>\n","protected":false},"author":2,"featured_media":0,"parent":3041,"menu_order":0,"comment_status":"closed","ping_status":"closed","template":"","meta":{"_acf_changed":false,"footnotes":""},"class_list":["post-17988","page","type-page","status-publish","hentry"],"acf":[],"yoast_head":"<!-- This site is optimized with the Yoast SEO Premium plugin v21.1 (Yoast SEO v25.4) - https:\/\/yoast.com\/wordpress\/plugins\/seo\/ -->\n<title>Tr\u00e4ningsprogram till Abilica MedicineBall &#8226; Abilica<\/title>\n<meta name=\"robots\" content=\"index, follow, max-snippet:-1, max-image-preview:large, max-video-preview:-1\" \/>\n<link rel=\"canonical\" href=\"https:\/\/abilica.com\/sv\/traningsprogram\/traningsprogram-till-abilica-medicineball\/\" \/>\n<meta property=\"og:locale\" content=\"sv_SE\" \/>\n<meta property=\"og:type\" content=\"article\" \/>\n<meta property=\"og:title\" content=\"Tr\u00e4ningsprogram till Abilica MedicineBall\" \/>\n<meta property=\"og:description\" content=\"[vc_row full_width=&#8221;stretch_row_content&#8221; full_height=&#8221;yes&#8221; columns_placement=&#8221;bottom&#8221; css=&#8221;.vc_custom_1493033615003{background-image: url(https:\/\/abilica.com\/se\/wp-content\/uploads\/2017\/04\/medicine1.jpg?id=17991) !important;background-position: center !important;background-repeat: no-repeat !important;background-size: cover !important;}&#8221;][vc_column width=&#8221;1\/3&#8243;][\/vc_column][vc_column width=&#8221;1\/3&#8243;][vc_icon...\" \/>\n<meta property=\"og:url\" content=\"https:\/\/abilica.com\/sv\/traningsprogram\/traningsprogram-till-abilica-medicineball\/\" \/>\n<meta property=\"og:site_name\" content=\"Abilica\" \/>\n<meta property=\"article:publisher\" content=\"https:\/\/www.facebook.com\/abilicahometraining\/\" \/>\n<meta property=\"article:modified_time\" content=\"2017-08-29T10:38:36+00:00\" \/>\n<meta name=\"twitter:card\" content=\"summary_large_image\" \/>\n<meta name=\"twitter:label1\" content=\"Ber\u00e4knad l\u00e4stid\" \/>\n\t<meta name=\"twitter:data1\" content=\"5 minuter\" \/>\n<script type=\"application\/ld+json\" class=\"yoast-schema-graph\">{\"@context\":\"https:\/\/schema.org\",\"@graph\":[{\"@type\":\"WebPage\",\"@id\":\"https:\/\/abilica.com\/sv\/traningsprogram\/traningsprogram-till-abilica-medicineball\/\",\"url\":\"https:\/\/abilica.com\/sv\/traningsprogram\/traningsprogram-till-abilica-medicineball\/\",\"name\":\"Tr\u00e4ningsprogram till Abilica MedicineBall &#8226; Abilica\",\"isPartOf\":{\"@id\":\"https:\/\/abilica.com\/#website\"},\"datePublished\":\"2017-04-24T11:31:04+00:00\",\"dateModified\":\"2017-08-29T10:38:36+00:00\",\"breadcrumb\":{\"@id\":\"https:\/\/abilica.com\/sv\/traningsprogram\/traningsprogram-till-abilica-medicineball\/#breadcrumb\"},\"inLanguage\":\"sv-SE\",\"potentialAction\":[{\"@type\":\"ReadAction\",\"target\":[\"https:\/\/abilica.com\/sv\/traningsprogram\/traningsprogram-till-abilica-medicineball\/\"]}]},{\"@type\":\"BreadcrumbList\",\"@id\":\"https:\/\/abilica.com\/sv\/traningsprogram\/traningsprogram-till-abilica-medicineball\/#breadcrumb\",\"itemListElement\":[{\"@type\":\"ListItem\",\"position\":1,\"name\":\"Hem\",\"item\":\"https:\/\/abilica.com\/sv\/\"},{\"@type\":\"ListItem\",\"position\":2,\"name\":\"Tr\u00e4ningsprogram\",\"item\":\"https:\/\/abilica.com\/sv\/traningsprogram\/\"},{\"@type\":\"ListItem\",\"position\":3,\"name\":\"Tr\u00e4ningsprogram till Abilica MedicineBall\"}]},{\"@type\":\"WebSite\",\"@id\":\"https:\/\/abilica.com\/#website\",\"url\":\"https:\/\/abilica.com\/\",\"name\":\"Abilica\",\"description\":\"Abilica Home Training\",\"potentialAction\":[{\"@type\":\"SearchAction\",\"target\":{\"@type\":\"EntryPoint\",\"urlTemplate\":\"https:\/\/abilica.com\/?s={search_term_string}\"},\"query-input\":{\"@type\":\"PropertyValueSpecification\",\"valueRequired\":true,\"valueName\":\"search_term_string\"}}],\"inLanguage\":\"sv-SE\"}]}<\/script>\n<!-- \/ Yoast SEO Premium plugin. -->","yoast_head_json":{"title":"Tr\u00e4ningsprogram till Abilica MedicineBall &#8226; Abilica","robots":{"index":"index","follow":"follow","max-snippet":"max-snippet:-1","max-image-preview":"max-image-preview:large","max-video-preview":"max-video-preview:-1"},"canonical":"https:\/\/abilica.com\/sv\/traningsprogram\/traningsprogram-till-abilica-medicineball\/","og_locale":"sv_SE","og_type":"article","og_title":"Tr\u00e4ningsprogram till Abilica MedicineBall","og_description":"[vc_row full_width=&#8221;stretch_row_content&#8221; full_height=&#8221;yes&#8221; columns_placement=&#8221;bottom&#8221; css=&#8221;.vc_custom_1493033615003{background-image: url(https:\/\/abilica.com\/se\/wp-content\/uploads\/2017\/04\/medicine1.jpg?id=17991) !important;background-position: center !important;background-repeat: no-repeat !important;background-size: cover !important;}&#8221;][vc_column width=&#8221;1\/3&#8243;][\/vc_column][vc_column width=&#8221;1\/3&#8243;][vc_icon...","og_url":"https:\/\/abilica.com\/sv\/traningsprogram\/traningsprogram-till-abilica-medicineball\/","og_site_name":"Abilica","article_publisher":"https:\/\/www.facebook.com\/abilicahometraining\/","article_modified_time":"2017-08-29T10:38:36+00:00","twitter_card":"summary_large_image","twitter_misc":{"Ber\u00e4knad l\u00e4stid":"5 minuter"},"schema":{"@context":"https:\/\/schema.org","@graph":[{"@type":"WebPage","@id":"https:\/\/abilica.com\/sv\/traningsprogram\/traningsprogram-till-abilica-medicineball\/","url":"https:\/\/abilica.com\/sv\/traningsprogram\/traningsprogram-till-abilica-medicineball\/","name":"Tr\u00e4ningsprogram till Abilica MedicineBall &#8226; Abilica","isPartOf":{"@id":"https:\/\/abilica.com\/#website"},"datePublished":"2017-04-24T11:31:04+00:00","dateModified":"2017-08-29T10:38:36+00:00","breadcrumb":{"@id":"https:\/\/abilica.com\/sv\/traningsprogram\/traningsprogram-till-abilica-medicineball\/#breadcrumb"},"inLanguage":"sv-SE","potentialAction":[{"@type":"ReadAction","target":["https:\/\/abilica.com\/sv\/traningsprogram\/traningsprogram-till-abilica-medicineball\/"]}]},{"@type":"BreadcrumbList","@id":"https:\/\/abilica.com\/sv\/traningsprogram\/traningsprogram-till-abilica-medicineball\/#breadcrumb","itemListElement":[{"@type":"ListItem","position":1,"name":"Hem","item":"https:\/\/abilica.com\/sv\/"},{"@type":"ListItem","position":2,"name":"Tr\u00e4ningsprogram","item":"https:\/\/abilica.com\/sv\/traningsprogram\/"},{"@type":"ListItem","position":3,"name":"Tr\u00e4ningsprogram till Abilica MedicineBall"}]},{"@type":"WebSite","@id":"https:\/\/abilica.com\/#website","url":"https:\/\/abilica.com\/","name":"Abilica","description":"Abilica Home Training","potentialAction":[{"@type":"SearchAction","target":{"@type":"EntryPoint","urlTemplate":"https:\/\/abilica.com\/?s={search_term_string}"},"query-input":{"@type":"PropertyValueSpecification","valueRequired":true,"valueName":"search_term_string"}}],"inLanguage":"sv-SE"}]}},"_links":{"self":[{"href":"https:\/\/abilica.com\/sv\/wp-json\/wp\/v2\/pages\/17988","targetHints":{"allow":["GET"]}}],"collection":[{"href":"https:\/\/abilica.com\/sv\/wp-json\/wp\/v2\/pages"}],"about":[{"href":"https:\/\/abilica.com\/sv\/wp-json\/wp\/v2\/types\/page"}],"author":[{"embeddable":true,"href":"https:\/\/abilica.com\/sv\/wp-json\/wp\/v2\/users\/2"}],"replies":[{"embeddable":true,"href":"https:\/\/abilica.com\/sv\/wp-json\/wp\/v2\/comments?post=17988"}],"version-history":[{"count":0,"href":"https:\/\/abilica.com\/sv\/wp-json\/wp\/v2\/pages\/17988\/revisions"}],"up":[{"embeddable":true,"href":"https:\/\/abilica.com\/sv\/wp-json\/wp\/v2\/pages\/3041"}],"wp:attachment":[{"href":"https:\/\/abilica.com\/sv\/wp-json\/wp\/v2\/media?parent=17988"}],"curies":[{"name":"wp","href":"https:\/\/api.w.org\/{rel}","templated":true}]}}