{"id":18007,"date":"2017-04-24T12:10:44","date_gmt":"2017-04-24T12:10:44","guid":{"rendered":"https:\/\/abilica.com\/se\/?page_id=18007"},"modified":"2017-08-17T13:04:36","modified_gmt":"2017-08-17T12:04:36","slug":"traningsprogram-till-abilica-powerslide","status":"publish","type":"page","link":"https:\/\/abilica.com\/sv\/traningsprogram\/traningsprogram-till-abilica-powerslide\/","title":{"rendered":"Tr\u00e4ningsprogram till Abilica PowerSlide"},"content":{"rendered":"<div class=\"wpb-content-wrapper\"><p>[vc_row full_width=&#8221;stretch_row_content&#8221; full_height=&#8221;yes&#8221; columns_placement=&#8221;bottom&#8221; css=&#8221;.vc_custom_1502971292747{background-image: url(https:\/\/abilica.com\/se\/wp-content\/uploads\/2017\/04\/pslide1.jpg?id=19420) !important;background-position: center !important;background-repeat: no-repeat !important;background-size: cover !important;}&#8221;][vc_column width=&#8221;1\/3&#8243;][\/vc_column][vc_column width=&#8221;1\/3&#8243;][vc_icon icon_fontawesome=&#8221;fa fa-angle-down&#8221; color=&#8221;custom&#8221; size=&#8221;xl&#8221; align=&#8221;center&#8221; custom_color=&#8221;#ffffff&#8221;][\/vc_column][vc_column width=&#8221;1\/3&#8243;][\/vc_column][\/vc_row][vc_row][vc_column][vc_column_text]<\/p>\n<h2 style=\"text-align: left;\"><span style=\"color: #000000;\">Tr\u00e4ningsprogram till Abilica PowerSlide<\/span><\/h2>\n<p>PowerSlide \u00e4r k\u00e4rntr\u00e4ning n\u00e4r den \u00e4r som b\u00e4st! Med hj\u00e4lp av dessa mattor f\u00e5r du ett komplett tr\u00e4ningspass med \u00f6vningar som \u00e4r funktionella och stabiliserande.[\/vc_column_text][vc_empty_space][\/vc_column][\/vc_row][vc_row][vc_column][title text=&#8221;K\u00f6p PowerSlide nu.&#8221; text_align=&#8221;left&#8221;][\/vc_column][\/vc_row][vc_row][vc_column width=&#8221;1\/2&#8243;][product_mod id=&#8221;1855&#8243;][\/vc_column][vc_column width=&#8221;1\/2&#8243;][\/vc_column][\/vc_row][vc_row][vc_column][vc_empty_space][vc_btn title=&#8221;Ladda hem tr\u00e4ningsprogrammet i PDF&#8221; style=&#8221;flat&#8221; color=&#8221;danger&#8221; i_icon_fontawesome=&#8221;fa fa-file-pdf-o&#8221; add_icon=&#8221;true&#8221; link=&#8221;url:http%3A%2F%2Fabilica.com\/se%2Fwp-content%2Fuploads%2F2017%2F02%2FAbilica-PowerSlide.pdf||target:%20_blank|&#8221;][\/vc_column][\/vc_row][vc_row css=&#8221;.vc_custom_1492108997727{background-position: center !important;background-repeat: no-repeat !important;background-size: cover !important;}&#8221;][vc_column][vc_column_text]<\/p>\n<h2 style=\"text-align: left;\">1.<\/h2>\n<p><b>Utfall med benet bak<br \/>\n<\/b><b>Tr\u00e4nar:<\/b> Framsida l\u00e5r och stj\u00e4rtmuskulatur<\/p>\n<p>St\u00e5 med f\u00f6tterna p\u00e5 h\u00f6ftbredds avst\u00e5nd, den ena p\u00e5 en av mattorna, den andra p\u00e5 golvet. Glid d\u00e4refter med det ben som \u00e4r p\u00e5 mattan s\u00e5 l\u00e5ngt tillbaka som du kommer. B\u00f6j rej\u00e4lt p\u00e5 det fr\u00e4msta benet och var noga med att ha t\u00e5rna framf\u00f6r kn\u00e4t. Glid d\u00e4refter tillbaka igen l\u00e4ngs golvet.[\/vc_column_text][vc_single_image image=&#8221;18016&#8243; img_size=&#8221;full&#8221; alignment=&#8221;center&#8221;][\/vc_column][\/vc_row][vc_row][vc_column][vc_column_text]<\/p>\n<h2 style=\"text-align: left;\">2.<\/h2>\n<p><b>Utfall med benet \u00e5t sidan<br \/>\n<\/b><b>Tr\u00e4nar:<\/b> Baksida l\u00e5r, framsida l\u00e5r och stj\u00e4rtmuskulatur<\/p>\n<p>St\u00e5 med f\u00f6tterna i h\u00f6ftbredds avst\u00e5nd, den ena p\u00e5 en av mattorna, den andra p\u00e5 golvet. Glid d\u00e4refter med det ben som \u00e4r p\u00e5 matten s\u00e5 l\u00e5ngt \u00e5t sidan som du kommer. B\u00f6j rej\u00e4lt p\u00e5 det ben som st\u00e5r p\u00e5 golvet. Glid d\u00e4refter tillbaka igen l\u00e4ngst golvet.[\/vc_column_text][vc_single_image image=&#8221;18017&#8243; img_size=&#8221;full&#8221; alignment=&#8221;center&#8221;][\/vc_column][\/vc_row][vc_row][vc_column][vc_column_text]<\/p>\n<h2 style=\"text-align: left;\">3.<\/h2>\n<p><b>Push up med en arm \u00e5t g\u00e5ngen till sidan<br \/>\n<\/b><b>Tr\u00e4nar:<\/b> Br\u00f6st, axlar, baksida arm, mage och korsrygg<\/p>\n<p>St\u00e5 i push up-position med kn\u00e4na i golvet och h\u00e4nderna brett placerade. Glid sedan med den ena handen ut \u00e5t sidan medan du b\u00f6jer b\u00e5de armarna och h\u00e5ller s\u00e4tet nere och ryggen rak. \u00c5terg\u00e5 till mitten och g\u00f6r sedan om allt med den andra armen.[\/vc_column_text][vc_single_image image=&#8221;18018&#8243; img_size=&#8221;full&#8221; alignment=&#8221;center&#8221;][\/vc_column][\/vc_row][vc_row full_width=&#8221;stretch_row_content&#8221; full_height=&#8221;yes&#8221; css=&#8221;.vc_custom_1502971390151{background-image: url(https:\/\/abilica.com\/se\/wp-content\/uploads\/2017\/04\/pslide3.jpg?id=19422) !important;background-position: center !important;background-repeat: no-repeat !important;background-size: cover !important;}&#8221;][vc_column][\/vc_column][\/vc_row][vc_row][vc_column][vc_column_text]<\/p>\n<h2 style=\"text-align: left;\">4.<\/h2>\n<p><b>Push up med en arm \u00e5t g\u00e5ngen fram<br \/>\n<\/b><b>Tr\u00e4nar:<\/b> Baksida arm, samt axlar, mage och korsrygg<\/p>\n<p>St\u00e5 i push up-position med kn\u00e4na i golvet och h\u00e4nderna t\u00e4tt placerade. Glid sedan med den ena handen rakt fram medan du b\u00f6jer den andra armen och h\u00e5ller s\u00e4tet nere och ryggen rak. \u00c5terg\u00e5 till mitten och g\u00f6r sedan om med samma arm.[\/vc_column_text][vc_single_image image=&#8221;18019&#8243; img_size=&#8221;full&#8221; alignment=&#8221;center&#8221;][\/vc_column][\/vc_row][vc_row][vc_column][vc_column_text]<\/p>\n<h2 style=\"text-align: left;\">5.<\/h2>\n<p><b>Mage, dra benen in mot magen<br \/>\n<\/b><b>Tr\u00e4nar:<\/b> De r\u00e4tta magmusklerna<\/p>\n<p>St\u00e5 i push up-position med f\u00f6tterna p\u00e5 varsin matta. Dra in b\u00e5da benen mot magen, b\u00f6j i kn\u00e4n\u00e4.[\/vc_column_text][vc_single_image image=&#8221;18020&#8243; img_size=&#8221;full&#8221; alignment=&#8221;center&#8221;][\/vc_column][\/vc_row][vc_row][vc_column][vc_column_text]<\/p>\n<h2 style=\"text-align: left;\">6.<\/h2>\n<p>&nbsp;<\/p>\n<p><b>Hela kroppen, l\u00f6pning<br \/>\n<\/b><b>Tr\u00e4nar:<\/b> Kondition samt styrka i b\u00e5de ben och \u00f6verkropp<\/p>\n<p>St\u00e5 i push up-position med f\u00f6tterna p\u00e5 varsin matta. Dra det ena benet in mot magen med b\u00f6jt kn\u00e4. N\u00e4r det \u00e4r p\u00e5 v\u00e4g tillbaka drar du det andra benet in mot magen.[\/vc_column_text][vc_single_image image=&#8221;18021&#8243; img_size=&#8221;full&#8221; alignment=&#8221;center&#8221;][vc_empty_space height=&#8221;62px&#8221;][\/vc_column][\/vc_row][vc_row full_width=&#8221;stretch_row_content&#8221; css=&#8221;.vc_custom_1494931709469{background-color: #97999b !important;}&#8221;][vc_column][title text=&#8221;K\u00f6p dina Abilica PowerSlides nu.&#8221; tag=&#8221;h2&#8243; color=&#8221;#ffffff&#8221; text_align=&#8221;center&#8221;][vc_empty_space][\/vc_column][\/vc_row][vc_row][vc_column width=&#8221;1\/4&#8243;][\/vc_column][vc_column width=&#8221;1\/2&#8243;][product_mod id=&#8221;1855&#8243;][vc_empty_space][\/vc_column][vc_column width=&#8221;1\/4&#8243;][\/vc_column][\/vc_row][vc_row full_width=&#8221;stretch_row_content&#8221; full_height=&#8221;yes&#8221; css=&#8221;.vc_custom_1502971402083{background-image: url(https:\/\/abilica.com\/se\/wp-content\/uploads\/2017\/04\/pslide2.jpg?id=19421) !important;background-position: center !important;background-repeat: no-repeat !important;background-size: cover !important;}&#8221;][vc_column][\/vc_column][\/vc_row]<\/p>\n<\/div>","protected":false},"excerpt":{"rendered":"<p>[vc_row full_width=&#8221;stretch_row_content&#8221; full_height=&#8221;yes&#8221; columns_placement=&#8221;bottom&#8221; css=&#8221;.vc_custom_1502971292747{background-image: url(https:\/\/abilica.com\/se\/wp-content\/uploads\/2017\/04\/pslide1.jpg?id=19420) !important;background-position: center !important;background-repeat: no-repeat !important;background-size: cover !important;}&#8221;][vc_column width=&#8221;1\/3&#8243;][\/vc_column][vc_column width=&#8221;1\/3&#8243;][vc_icon&#8230;<\/p>\n","protected":false},"author":2,"featured_media":0,"parent":3041,"menu_order":0,"comment_status":"closed","ping_status":"closed","template":"","meta":{"_acf_changed":false,"footnotes":""},"class_list":["post-18007","page","type-page","status-publish","hentry"],"acf":[],"yoast_head":"<!-- This site is optimized with the Yoast SEO Premium plugin v21.1 (Yoast SEO v25.4) - https:\/\/yoast.com\/wordpress\/plugins\/seo\/ -->\n<title>Tr\u00e4ningsprogram till Abilica PowerSlide &#8226; Abilica<\/title>\n<meta name=\"robots\" content=\"index, follow, max-snippet:-1, max-image-preview:large, max-video-preview:-1\" \/>\n<link rel=\"canonical\" href=\"https:\/\/abilica.com\/sv\/traningsprogram\/traningsprogram-till-abilica-powerslide\/\" \/>\n<meta property=\"og:locale\" content=\"sv_SE\" \/>\n<meta property=\"og:type\" content=\"article\" \/>\n<meta property=\"og:title\" content=\"Tr\u00e4ningsprogram till Abilica PowerSlide\" \/>\n<meta property=\"og:description\" content=\"[vc_row full_width=&#8221;stretch_row_content&#8221; full_height=&#8221;yes&#8221; columns_placement=&#8221;bottom&#8221; css=&#8221;.vc_custom_1502971292747{background-image: url(https:\/\/abilica.com\/se\/wp-content\/uploads\/2017\/04\/pslide1.jpg?id=19420) !important;background-position: center !important;background-repeat: no-repeat !important;background-size: cover !important;}&#8221;][vc_column width=&#8221;1\/3&#8243;][\/vc_column][vc_column width=&#8221;1\/3&#8243;][vc_icon...\" \/>\n<meta property=\"og:url\" content=\"https:\/\/abilica.com\/sv\/traningsprogram\/traningsprogram-till-abilica-powerslide\/\" \/>\n<meta property=\"og:site_name\" content=\"Abilica\" \/>\n<meta property=\"article:publisher\" content=\"https:\/\/www.facebook.com\/abilicahometraining\/\" \/>\n<meta property=\"article:modified_time\" content=\"2017-08-17T12:04:36+00:00\" \/>\n<meta name=\"twitter:card\" content=\"summary_large_image\" \/>\n<meta name=\"twitter:label1\" content=\"Ber\u00e4knad l\u00e4stid\" \/>\n\t<meta name=\"twitter:data1\" content=\"4 minuter\" \/>\n<script type=\"application\/ld+json\" class=\"yoast-schema-graph\">{\"@context\":\"https:\/\/schema.org\",\"@graph\":[{\"@type\":\"WebPage\",\"@id\":\"https:\/\/abilica.com\/sv\/traningsprogram\/traningsprogram-till-abilica-powerslide\/\",\"url\":\"https:\/\/abilica.com\/sv\/traningsprogram\/traningsprogram-till-abilica-powerslide\/\",\"name\":\"Tr\u00e4ningsprogram till Abilica PowerSlide &#8226; Abilica\",\"isPartOf\":{\"@id\":\"https:\/\/abilica.com\/#website\"},\"datePublished\":\"2017-04-24T12:10:44+00:00\",\"dateModified\":\"2017-08-17T12:04:36+00:00\",\"breadcrumb\":{\"@id\":\"https:\/\/abilica.com\/sv\/traningsprogram\/traningsprogram-till-abilica-powerslide\/#breadcrumb\"},\"inLanguage\":\"sv-SE\",\"potentialAction\":[{\"@type\":\"ReadAction\",\"target\":[\"https:\/\/abilica.com\/sv\/traningsprogram\/traningsprogram-till-abilica-powerslide\/\"]}]},{\"@type\":\"BreadcrumbList\",\"@id\":\"https:\/\/abilica.com\/sv\/traningsprogram\/traningsprogram-till-abilica-powerslide\/#breadcrumb\",\"itemListElement\":[{\"@type\":\"ListItem\",\"position\":1,\"name\":\"Hem\",\"item\":\"https:\/\/abilica.com\/sv\/\"},{\"@type\":\"ListItem\",\"position\":2,\"name\":\"Tr\u00e4ningsprogram\",\"item\":\"https:\/\/abilica.com\/sv\/traningsprogram\/\"},{\"@type\":\"ListItem\",\"position\":3,\"name\":\"Tr\u00e4ningsprogram till Abilica PowerSlide\"}]},{\"@type\":\"WebSite\",\"@id\":\"https:\/\/abilica.com\/#website\",\"url\":\"https:\/\/abilica.com\/\",\"name\":\"Abilica\",\"description\":\"Abilica Home Training\",\"potentialAction\":[{\"@type\":\"SearchAction\",\"target\":{\"@type\":\"EntryPoint\",\"urlTemplate\":\"https:\/\/abilica.com\/?s={search_term_string}\"},\"query-input\":{\"@type\":\"PropertyValueSpecification\",\"valueRequired\":true,\"valueName\":\"search_term_string\"}}],\"inLanguage\":\"sv-SE\"}]}<\/script>\n<!-- \/ Yoast SEO Premium plugin. -->","yoast_head_json":{"title":"Tr\u00e4ningsprogram till Abilica PowerSlide &#8226; Abilica","robots":{"index":"index","follow":"follow","max-snippet":"max-snippet:-1","max-image-preview":"max-image-preview:large","max-video-preview":"max-video-preview:-1"},"canonical":"https:\/\/abilica.com\/sv\/traningsprogram\/traningsprogram-till-abilica-powerslide\/","og_locale":"sv_SE","og_type":"article","og_title":"Tr\u00e4ningsprogram till Abilica PowerSlide","og_description":"[vc_row full_width=&#8221;stretch_row_content&#8221; full_height=&#8221;yes&#8221; columns_placement=&#8221;bottom&#8221; css=&#8221;.vc_custom_1502971292747{background-image: url(https:\/\/abilica.com\/se\/wp-content\/uploads\/2017\/04\/pslide1.jpg?id=19420) !important;background-position: center !important;background-repeat: no-repeat !important;background-size: cover !important;}&#8221;][vc_column width=&#8221;1\/3&#8243;][\/vc_column][vc_column width=&#8221;1\/3&#8243;][vc_icon...","og_url":"https:\/\/abilica.com\/sv\/traningsprogram\/traningsprogram-till-abilica-powerslide\/","og_site_name":"Abilica","article_publisher":"https:\/\/www.facebook.com\/abilicahometraining\/","article_modified_time":"2017-08-17T12:04:36+00:00","twitter_card":"summary_large_image","twitter_misc":{"Ber\u00e4knad l\u00e4stid":"4 minuter"},"schema":{"@context":"https:\/\/schema.org","@graph":[{"@type":"WebPage","@id":"https:\/\/abilica.com\/sv\/traningsprogram\/traningsprogram-till-abilica-powerslide\/","url":"https:\/\/abilica.com\/sv\/traningsprogram\/traningsprogram-till-abilica-powerslide\/","name":"Tr\u00e4ningsprogram till Abilica PowerSlide &#8226; Abilica","isPartOf":{"@id":"https:\/\/abilica.com\/#website"},"datePublished":"2017-04-24T12:10:44+00:00","dateModified":"2017-08-17T12:04:36+00:00","breadcrumb":{"@id":"https:\/\/abilica.com\/sv\/traningsprogram\/traningsprogram-till-abilica-powerslide\/#breadcrumb"},"inLanguage":"sv-SE","potentialAction":[{"@type":"ReadAction","target":["https:\/\/abilica.com\/sv\/traningsprogram\/traningsprogram-till-abilica-powerslide\/"]}]},{"@type":"BreadcrumbList","@id":"https:\/\/abilica.com\/sv\/traningsprogram\/traningsprogram-till-abilica-powerslide\/#breadcrumb","itemListElement":[{"@type":"ListItem","position":1,"name":"Hem","item":"https:\/\/abilica.com\/sv\/"},{"@type":"ListItem","position":2,"name":"Tr\u00e4ningsprogram","item":"https:\/\/abilica.com\/sv\/traningsprogram\/"},{"@type":"ListItem","position":3,"name":"Tr\u00e4ningsprogram till Abilica PowerSlide"}]},{"@type":"WebSite","@id":"https:\/\/abilica.com\/#website","url":"https:\/\/abilica.com\/","name":"Abilica","description":"Abilica Home Training","potentialAction":[{"@type":"SearchAction","target":{"@type":"EntryPoint","urlTemplate":"https:\/\/abilica.com\/?s={search_term_string}"},"query-input":{"@type":"PropertyValueSpecification","valueRequired":true,"valueName":"search_term_string"}}],"inLanguage":"sv-SE"}]}},"_links":{"self":[{"href":"https:\/\/abilica.com\/sv\/wp-json\/wp\/v2\/pages\/18007","targetHints":{"allow":["GET"]}}],"collection":[{"href":"https:\/\/abilica.com\/sv\/wp-json\/wp\/v2\/pages"}],"about":[{"href":"https:\/\/abilica.com\/sv\/wp-json\/wp\/v2\/types\/page"}],"author":[{"embeddable":true,"href":"https:\/\/abilica.com\/sv\/wp-json\/wp\/v2\/users\/2"}],"replies":[{"embeddable":true,"href":"https:\/\/abilica.com\/sv\/wp-json\/wp\/v2\/comments?post=18007"}],"version-history":[{"count":0,"href":"https:\/\/abilica.com\/sv\/wp-json\/wp\/v2\/pages\/18007\/revisions"}],"up":[{"embeddable":true,"href":"https:\/\/abilica.com\/sv\/wp-json\/wp\/v2\/pages\/3041"}],"wp:attachment":[{"href":"https:\/\/abilica.com\/sv\/wp-json\/wp\/v2\/media?parent=18007"}],"curies":[{"name":"wp","href":"https:\/\/api.w.org\/{rel}","templated":true}]}}