{"id":18030,"date":"2017-04-24T12:26:46","date_gmt":"2017-04-24T12:26:46","guid":{"rendered":"https:\/\/abilica.com\/se\/?page_id=18030"},"modified":"2018-09-05T12:19:47","modified_gmt":"2018-09-05T11:19:47","slug":"traningsprogram-till-abilica-weightvest","status":"publish","type":"page","link":"https:\/\/abilica.com\/sv\/traningsprogram\/traningsprogram-till-abilica-weightvest\/","title":{"rendered":"Tr\u00e4ningsprogram till Abilica WeightVest"},"content":{"rendered":"<div class=\"wpb-content-wrapper\"><p>[vc_row full_width=&#8221;stretch_row_content&#8221; full_height=&#8221;yes&#8221; columns_placement=&#8221;bottom&#8221; css=&#8221;.vc_custom_1493037412926{background-image: url(https:\/\/abilica.com\/se\/wp-content\/uploads\/2017\/04\/viktvast3.jpg?id=18035) !important;background-position: center !important;background-repeat: no-repeat !important;background-size: cover !important;}&#8221;][vc_column width=&#8221;1\/3&#8243;][\/vc_column][vc_column width=&#8221;1\/3&#8243;][vc_icon icon_fontawesome=&#8221;fa fa-angle-down&#8221; color=&#8221;white&#8221; size=&#8221;xl&#8221; align=&#8221;center&#8221;][\/vc_column][vc_column width=&#8221;1\/3&#8243;][\/vc_column][\/vc_row][vc_row][vc_column][vc_column_text]<\/p>\n<h2 style=\"text-align: left;\"><span style=\"color: #000000;\">Tr\u00e4ningsprogram till Abilica\u00a0WeightVest<\/span><\/h2>\n<p>En viktv\u00e4st \u00e4r perfekt f\u00f6r sp\u00e4nsttr\u00e4ning, l\u00f6pning och promenader. Kan ocks\u00e5 anv\u00e4ndas i fotboll, handboll och andra idrotter.[\/vc_column_text][vc_empty_space][\/vc_column][\/vc_row][vc_row][vc_column][title text=&#8221;K\u00f6p WeightVest nu.&#8221; text_align=&#8221;left&#8221;][\/vc_column][\/vc_row][vc_row][vc_column width=&#8221;1\/3&#8243;][product_mod id=&#8221;2599&#8243;][\/vc_column][vc_column width=&#8221;1\/3&#8243;][product_mod id=&#8221;2639&#8243;][\/vc_column][vc_column width=&#8221;1\/3&#8243;][product_mod id=&#8221;23080&#8243;][\/vc_column][\/vc_row][vc_row][vc_column][vc_empty_space][vc_btn title=&#8221;Ladda hem tr\u00e4ningsprogrammet i PDF&#8221; style=&#8221;flat&#8221; color=&#8221;danger&#8221; i_icon_fontawesome=&#8221;fa fa-file-pdf-o&#8221; add_icon=&#8221;true&#8221; link=&#8221;url:http%3A%2F%2Fabilica.com\/se%2Fwp-content%2Fuploads%2F2017%2F02%2F160412-HSH-WeightVest-Flexi_yellow_Nett.pdf||target:%20_blank|&#8221;][\/vc_column][\/vc_row][vc_row css=&#8221;.vc_custom_1492108997727{background-position: center !important;background-repeat: no-repeat !important;background-size: cover !important;}&#8221;][vc_column][vc_column_text]<\/p>\n<h2 style=\"text-align: left;\">1.<\/h2>\n<p><b>Kn\u00e4b\u00f6j<\/b><\/p>\n<p>St\u00e5 med f\u00f6tterna i h\u00f6ftbredd. G\u00f6r din kn\u00e4b\u00f6j s\u00e5 l\u00e5ngt ner du kan med bibeh\u00e5llen rak rygg och kn\u00e4na i linje med f\u00f6tterna. Hela foten ska vara i marken.[\/vc_column_text][vc_single_image image=&#8221;18043&#8243; img_size=&#8221;full&#8221; alignment=&#8221;center&#8221;][\/vc_column][\/vc_row][vc_row][vc_column][vc_column_text]<\/p>\n<h2 style=\"text-align: left;\">\u00a02.<\/h2>\n<p><b>Utfall<\/b><\/p>\n<p>Ta ett kliv fram\u00e5t med valfritt ben. H\u00e5ll h\u00f6ftbredd i ditt steg s\u00e5 du har god balans. L\u00e5t kroppen sjunka ner mot marken som ett lod genom att b\u00f6ja b\u00e5da kn\u00e4na till ca 90 rader. Hela fr\u00e4mre foten ska vara i marken. Rak i ryggen.[\/vc_column_text][vc_single_image image=&#8221;18046&#8243; img_size=&#8221;full&#8221; alignment=&#8221;center&#8221;][\/vc_column][\/vc_row][vc_row][vc_column][vc_column_text]<\/p>\n<h2 style=\"text-align: left;\">3.<\/h2>\n<p><b>Pushups<\/b><\/p>\n<p>St\u00f6d p\u00e5 raka armar och t\u00e5r, alternativt kn\u00e4n. Armarna brett is\u00e4r, str\u00e4ck h\u00f6ften och sp\u00e4nn magen. L\u00e5t br\u00f6stet komma \u00f6ver armarna. B\u00f6j armarna tills armb\u00e5gen har ca 90 graders vinkel. Pressa tillbaka upp.[\/vc_column_text][vc_single_image image=&#8221;18047&#8243; img_size=&#8221;full&#8221; alignment=&#8221;center&#8221;][\/vc_column][\/vc_row][vc_row][vc_column][vc_column_text]<\/p>\n<h2 style=\"text-align: left;\">4.<\/h2>\n<p><b>Burpees<\/b><\/p>\n<p>Pushups p\u00e5 f\u00f6tterna eller kn\u00e4na med upphopp. Sp\u00e4nn magen n\u00e4r du hoppar is\u00e4r och ihop. Landa genom att direkt g\u00f6ra en kn\u00e4b\u00f6j ner p\u00e5 huk.[\/vc_column_text][vc_single_image image=&#8221;18044&#8243; img_size=&#8221;full&#8221; alignment=&#8221;center&#8221;][\/vc_column][\/vc_row][vc_row full_width=&#8221;stretch_row_content&#8221; full_height=&#8221;yes&#8221; css=&#8221;.vc_custom_1493037771346{background-image: url(https:\/\/abilica.com\/se\/wp-content\/uploads\/2017\/04\/viktvast2.jpg?id=18034) !important;background-position: center !important;background-repeat: no-repeat !important;background-size: cover !important;}&#8221;][vc_column][\/vc_column][\/vc_row][vc_row][vc_column][vc_column_text]<\/p>\n<h2 style=\"text-align: left;\">5.<\/h2>\n<p><b>St\u00e5ende planka med rotation<\/b><\/p>\n<p>St\u00f6d p\u00e5 raka armar och t\u00e5rna, bred fotis\u00e4ttning.<br \/>\nArmarna ska vara rakt under axlarna. Sp\u00e4nn kroppen. Lyft valfri arm tills den \u00e4r rakt ut \u00e5t sidan av kroppen. Rotera sedan med hela \u00f6verkroppen till armen pekar rakt upp. Kom tillbaka till utg\u00e5ngsposition och byt arm.[\/vc_column_text][vc_single_image image=&#8221;18048&#8243; img_size=&#8221;full&#8221; alignment=&#8221;center&#8221;][\/vc_column][\/vc_row][vc_row][vc_column][vc_column_text]<\/p>\n<h2 style=\"text-align: left;\">6.<\/h2>\n<p><b>Plankan<\/b><\/p>\n<p>St\u00e4ll dig p\u00e5 armb\u00e5garna. Armb\u00e5garna ska vara rakt under axlarna och underarmarna ska peka rakt fram. S\u00e4tt ihop f\u00f6tterna och st\u00f6d p\u00e5 t\u00e5rna. Sp\u00e4nn kroppen och skapa en rak linje mellan kn\u00e4-h\u00f6ft-axel.[\/vc_column_text][vc_single_image image=&#8221;18041&#8243; img_size=&#8221;full&#8221; alignment=&#8221;center&#8221;][\/vc_column][\/vc_row][vc_row][vc_column][vc_column_text]<\/p>\n<h2 style=\"text-align: left;\">7.<\/h2>\n<p><b>Plankan med benbyte<\/b><\/p>\n<p>Samma utg\u00e5ngsposition som plankan p\u00e5 b\u00e5da benen. Lyft ena benet strax ovanf\u00f6r marken och pressa det s\u00e5 l\u00e5ngt is\u00e4r fr\u00e5n det andra benet som m\u00f6jligt. Beh\u00e5ll rak h\u00f6ft och ha foten n\u00e4ra underlaget. Kom tillbaka till utg\u00e5ngsposition och upprepa med det andra benet.[\/vc_column_text][vc_single_image image=&#8221;18042&#8243; img_size=&#8221;full&#8221; alignment=&#8221;center&#8221;][\/vc_column][\/vc_row][vc_row][vc_column][vc_column_text]<\/p>\n<h2 style=\"text-align: left;\">8.<\/h2>\n<p><b>\u201dDaggmasken\u201d<\/b><\/p>\n<p>St\u00f6d p\u00e5 h\u00e4nderna och hela foten med raka ben. \u201dPromenera\u201d fram med h\u00e4nder tills du st\u00e5r i en plankposition p\u00e5 raka armar och str\u00e4ckta ben. Promenera med raka ben mot armarna tills du kommit till utg\u00e5ngspositionen igen. Upprepa.[\/vc_column_text][vc_single_image image=&#8221;18045&#8243; img_size=&#8221;full&#8221; alignment=&#8221;center&#8221;][\/vc_column][\/vc_row][vc_row full_width=&#8221;stretch_row_content&#8221; css=&#8221;.vc_custom_1493037815704{background-color: #000000 !important;}&#8221;][vc_column][title text=&#8221;K\u00f6p din Abilica WeightVest nu.&#8221; tag=&#8221;h2&#8243; color=&#8221;#fedd00&#8243; text_align=&#8221;center&#8221;][vc_empty_space][\/vc_column][\/vc_row][vc_row][vc_column width=&#8221;1\/3&#8243;][product_mod id=&#8221;2599&#8243;][vc_empty_space][\/vc_column][vc_column width=&#8221;1\/3&#8243;][product_mod id=&#8221;2639&#8243;][vc_empty_space][\/vc_column][vc_column width=&#8221;1\/3&#8243;][product_mod id=&#8221;23080&#8243;][vc_empty_space][\/vc_column][\/vc_row][vc_row full_width=&#8221;stretch_row_content&#8221; full_height=&#8221;yes&#8221; css=&#8221;.vc_custom_1493037760798{background-image: url(https:\/\/abilica.com\/se\/wp-content\/uploads\/2017\/04\/viktvast1-1.jpg?id=18033) !important;background-position: center !important;background-repeat: no-repeat !important;background-size: cover !important;}&#8221;][vc_column][\/vc_column][\/vc_row]<\/p>\n<\/div>","protected":false},"excerpt":{"rendered":"<p>[vc_row full_width=&#8221;stretch_row_content&#8221; full_height=&#8221;yes&#8221; columns_placement=&#8221;bottom&#8221; css=&#8221;.vc_custom_1493037412926{background-image: url(https:\/\/abilica.com\/se\/wp-content\/uploads\/2017\/04\/viktvast3.jpg?id=18035) !important;background-position: center !important;background-repeat: no-repeat !important;background-size: cover !important;}&#8221;][vc_column width=&#8221;1\/3&#8243;][\/vc_column][vc_column width=&#8221;1\/3&#8243;][vc_icon&#8230;<\/p>\n","protected":false},"author":2,"featured_media":0,"parent":3041,"menu_order":0,"comment_status":"closed","ping_status":"closed","template":"","meta":{"_acf_changed":false,"footnotes":""},"class_list":["post-18030","page","type-page","status-publish","hentry"],"acf":[],"yoast_head":"<!-- This site is optimized with the Yoast SEO Premium plugin v21.1 (Yoast SEO v25.4) - https:\/\/yoast.com\/wordpress\/plugins\/seo\/ -->\n<title>Tr\u00e4ningsprogram till Abilica WeightVest &#8226; Abilica<\/title>\n<meta name=\"robots\" content=\"index, follow, max-snippet:-1, max-image-preview:large, max-video-preview:-1\" \/>\n<link rel=\"canonical\" href=\"https:\/\/abilica.com\/sv\/traningsprogram\/traningsprogram-till-abilica-weightvest\/\" \/>\n<meta property=\"og:locale\" content=\"sv_SE\" \/>\n<meta property=\"og:type\" content=\"article\" \/>\n<meta property=\"og:title\" content=\"Tr\u00e4ningsprogram till Abilica WeightVest\" \/>\n<meta property=\"og:description\" content=\"[vc_row full_width=&#8221;stretch_row_content&#8221; full_height=&#8221;yes&#8221; columns_placement=&#8221;bottom&#8221; css=&#8221;.vc_custom_1493037412926{background-image: url(https:\/\/abilica.com\/se\/wp-content\/uploads\/2017\/04\/viktvast3.jpg?id=18035) !important;background-position: center !important;background-repeat: no-repeat !important;background-size: cover !important;}&#8221;][vc_column width=&#8221;1\/3&#8243;][\/vc_column][vc_column width=&#8221;1\/3&#8243;][vc_icon...\" \/>\n<meta property=\"og:url\" content=\"https:\/\/abilica.com\/sv\/traningsprogram\/traningsprogram-till-abilica-weightvest\/\" \/>\n<meta property=\"og:site_name\" content=\"Abilica\" \/>\n<meta property=\"article:publisher\" content=\"https:\/\/www.facebook.com\/abilicahometraining\/\" \/>\n<meta property=\"article:modified_time\" content=\"2018-09-05T11:19:47+00:00\" \/>\n<meta name=\"twitter:card\" content=\"summary_large_image\" \/>\n<meta name=\"twitter:label1\" content=\"Ber\u00e4knad l\u00e4stid\" \/>\n\t<meta name=\"twitter:data1\" content=\"5 minuter\" \/>\n<script type=\"application\/ld+json\" class=\"yoast-schema-graph\">{\"@context\":\"https:\/\/schema.org\",\"@graph\":[{\"@type\":\"WebPage\",\"@id\":\"https:\/\/abilica.com\/sv\/traningsprogram\/traningsprogram-till-abilica-weightvest\/\",\"url\":\"https:\/\/abilica.com\/sv\/traningsprogram\/traningsprogram-till-abilica-weightvest\/\",\"name\":\"Tr\u00e4ningsprogram till Abilica WeightVest &#8226; Abilica\",\"isPartOf\":{\"@id\":\"https:\/\/abilica.com\/#website\"},\"datePublished\":\"2017-04-24T12:26:46+00:00\",\"dateModified\":\"2018-09-05T11:19:47+00:00\",\"breadcrumb\":{\"@id\":\"https:\/\/abilica.com\/sv\/traningsprogram\/traningsprogram-till-abilica-weightvest\/#breadcrumb\"},\"inLanguage\":\"sv-SE\",\"potentialAction\":[{\"@type\":\"ReadAction\",\"target\":[\"https:\/\/abilica.com\/sv\/traningsprogram\/traningsprogram-till-abilica-weightvest\/\"]}]},{\"@type\":\"BreadcrumbList\",\"@id\":\"https:\/\/abilica.com\/sv\/traningsprogram\/traningsprogram-till-abilica-weightvest\/#breadcrumb\",\"itemListElement\":[{\"@type\":\"ListItem\",\"position\":1,\"name\":\"Hem\",\"item\":\"https:\/\/abilica.com\/sv\/\"},{\"@type\":\"ListItem\",\"position\":2,\"name\":\"Tr\u00e4ningsprogram\",\"item\":\"https:\/\/abilica.com\/sv\/traningsprogram\/\"},{\"@type\":\"ListItem\",\"position\":3,\"name\":\"Tr\u00e4ningsprogram till Abilica WeightVest\"}]},{\"@type\":\"WebSite\",\"@id\":\"https:\/\/abilica.com\/#website\",\"url\":\"https:\/\/abilica.com\/\",\"name\":\"Abilica\",\"description\":\"Abilica Home Training\",\"potentialAction\":[{\"@type\":\"SearchAction\",\"target\":{\"@type\":\"EntryPoint\",\"urlTemplate\":\"https:\/\/abilica.com\/?s={search_term_string}\"},\"query-input\":{\"@type\":\"PropertyValueSpecification\",\"valueRequired\":true,\"valueName\":\"search_term_string\"}}],\"inLanguage\":\"sv-SE\"}]}<\/script>\n<!-- \/ Yoast SEO Premium plugin. -->","yoast_head_json":{"title":"Tr\u00e4ningsprogram till Abilica WeightVest &#8226; Abilica","robots":{"index":"index","follow":"follow","max-snippet":"max-snippet:-1","max-image-preview":"max-image-preview:large","max-video-preview":"max-video-preview:-1"},"canonical":"https:\/\/abilica.com\/sv\/traningsprogram\/traningsprogram-till-abilica-weightvest\/","og_locale":"sv_SE","og_type":"article","og_title":"Tr\u00e4ningsprogram till Abilica WeightVest","og_description":"[vc_row full_width=&#8221;stretch_row_content&#8221; full_height=&#8221;yes&#8221; columns_placement=&#8221;bottom&#8221; css=&#8221;.vc_custom_1493037412926{background-image: url(https:\/\/abilica.com\/se\/wp-content\/uploads\/2017\/04\/viktvast3.jpg?id=18035) !important;background-position: center !important;background-repeat: no-repeat !important;background-size: cover !important;}&#8221;][vc_column width=&#8221;1\/3&#8243;][\/vc_column][vc_column width=&#8221;1\/3&#8243;][vc_icon...","og_url":"https:\/\/abilica.com\/sv\/traningsprogram\/traningsprogram-till-abilica-weightvest\/","og_site_name":"Abilica","article_publisher":"https:\/\/www.facebook.com\/abilicahometraining\/","article_modified_time":"2018-09-05T11:19:47+00:00","twitter_card":"summary_large_image","twitter_misc":{"Ber\u00e4knad l\u00e4stid":"5 minuter"},"schema":{"@context":"https:\/\/schema.org","@graph":[{"@type":"WebPage","@id":"https:\/\/abilica.com\/sv\/traningsprogram\/traningsprogram-till-abilica-weightvest\/","url":"https:\/\/abilica.com\/sv\/traningsprogram\/traningsprogram-till-abilica-weightvest\/","name":"Tr\u00e4ningsprogram till Abilica WeightVest &#8226; Abilica","isPartOf":{"@id":"https:\/\/abilica.com\/#website"},"datePublished":"2017-04-24T12:26:46+00:00","dateModified":"2018-09-05T11:19:47+00:00","breadcrumb":{"@id":"https:\/\/abilica.com\/sv\/traningsprogram\/traningsprogram-till-abilica-weightvest\/#breadcrumb"},"inLanguage":"sv-SE","potentialAction":[{"@type":"ReadAction","target":["https:\/\/abilica.com\/sv\/traningsprogram\/traningsprogram-till-abilica-weightvest\/"]}]},{"@type":"BreadcrumbList","@id":"https:\/\/abilica.com\/sv\/traningsprogram\/traningsprogram-till-abilica-weightvest\/#breadcrumb","itemListElement":[{"@type":"ListItem","position":1,"name":"Hem","item":"https:\/\/abilica.com\/sv\/"},{"@type":"ListItem","position":2,"name":"Tr\u00e4ningsprogram","item":"https:\/\/abilica.com\/sv\/traningsprogram\/"},{"@type":"ListItem","position":3,"name":"Tr\u00e4ningsprogram till Abilica WeightVest"}]},{"@type":"WebSite","@id":"https:\/\/abilica.com\/#website","url":"https:\/\/abilica.com\/","name":"Abilica","description":"Abilica Home Training","potentialAction":[{"@type":"SearchAction","target":{"@type":"EntryPoint","urlTemplate":"https:\/\/abilica.com\/?s={search_term_string}"},"query-input":{"@type":"PropertyValueSpecification","valueRequired":true,"valueName":"search_term_string"}}],"inLanguage":"sv-SE"}]}},"_links":{"self":[{"href":"https:\/\/abilica.com\/sv\/wp-json\/wp\/v2\/pages\/18030","targetHints":{"allow":["GET"]}}],"collection":[{"href":"https:\/\/abilica.com\/sv\/wp-json\/wp\/v2\/pages"}],"about":[{"href":"https:\/\/abilica.com\/sv\/wp-json\/wp\/v2\/types\/page"}],"author":[{"embeddable":true,"href":"https:\/\/abilica.com\/sv\/wp-json\/wp\/v2\/users\/2"}],"replies":[{"embeddable":true,"href":"https:\/\/abilica.com\/sv\/wp-json\/wp\/v2\/comments?post=18030"}],"version-history":[{"count":0,"href":"https:\/\/abilica.com\/sv\/wp-json\/wp\/v2\/pages\/18030\/revisions"}],"up":[{"embeddable":true,"href":"https:\/\/abilica.com\/sv\/wp-json\/wp\/v2\/pages\/3041"}],"wp:attachment":[{"href":"https:\/\/abilica.com\/sv\/wp-json\/wp\/v2\/media?parent=18030"}],"curies":[{"name":"wp","href":"https:\/\/api.w.org\/{rel}","templated":true}]}}