{"id":18095,"date":"2017-04-25T08:29:14","date_gmt":"2017-04-25T08:29:14","guid":{"rendered":"https:\/\/abilica.com\/se\/?page_id=18095"},"modified":"2017-08-29T11:42:43","modified_gmt":"2017-08-29T10:42:43","slug":"traningsprogram-till-abilica-sandbag","status":"publish","type":"page","link":"https:\/\/abilica.com\/sv\/traningsprogram\/traningsprogram-till-abilica-sandbag\/","title":{"rendered":"Tr\u00e4ningsprogram till Abilica SandBag"},"content":{"rendered":"<div class=\"wpb-content-wrapper\"><p>[vc_row full_width=&#8221;stretch_row_content&#8221; full_height=&#8221;yes&#8221; columns_placement=&#8221;bottom&#8221; css=&#8221;.vc_custom_1493109082731{background-image: url(https:\/\/abilica.com\/se\/wp-content\/uploads\/2017\/04\/andbag2.jpg?id=18097) !important;background-position: center !important;background-repeat: no-repeat !important;background-size: cover !important;}&#8221;][vc_column width=&#8221;1\/3&#8243;][\/vc_column][vc_column width=&#8221;1\/3&#8243;][vc_icon icon_fontawesome=&#8221;fa fa-angle-down&#8221; color=&#8221;white&#8221; size=&#8221;xl&#8221; align=&#8221;center&#8221;][\/vc_column][vc_column width=&#8221;1\/3&#8243;][\/vc_column][\/vc_row][vc_row][vc_column][vc_column_text]<\/p>\n<h2 style=\"text-align: left;\"><span style=\"color: #000000;\">Tr\u00e4ningsprogram till Abilica\u00a0SandBag<\/span><\/h2>\n<p>SandBag \u00e4r ett str\u00e5lande produkt f\u00f6r varierade och funktionella \u00f6vningar som tr\u00e4nar flera muskler samtidigt.\u00a0Bag i stark nylon med blixtl\u00e5s, lyfthandtag och remmar f\u00f6r att strama \u00e5t. 3 sm\u00e5 p\u00e5sar och 1 stor p\u00e5se i nylon med kardborrband som fylls med \u00f6nskad m\u00e4ngd sand. Max 25 kg. Levereras utan fyllning.[\/vc_column_text][vc_empty_space][\/vc_column][\/vc_row][vc_row][vc_column][title text=&#8221;K\u00f6p SandBag nu.&#8221; text_align=&#8221;left&#8221;][\/vc_column][\/vc_row][vc_row][vc_column width=&#8221;1\/2&#8243;][product_mod id=&#8221;745&#8243;][\/vc_column][vc_column width=&#8221;1\/2&#8243;][\/vc_column][\/vc_row][vc_row][vc_column][vc_empty_space][vc_btn title=&#8221;Ladda hem tr\u00e4ningsprogrammet i PDF&#8221; style=&#8221;flat&#8221; color=&#8221;danger&#8221; i_icon_fontawesome=&#8221;fa fa-file-pdf-o&#8221; add_icon=&#8221;true&#8221; link=&#8221;url:http%3A%2F%2Fabilica.com\/se%2Fwp-content%2Fuploads%2F2017%2F02%2FAbilica-SandBag.pdf||target:%20_blank|&#8221;][\/vc_column][\/vc_row][vc_row css=&#8221;.vc_custom_1492108997727{background-position: center !important;background-repeat: no-repeat !important;background-size: cover !important;}&#8221;][vc_column][vc_column_text]<\/p>\n<h2 style=\"text-align: left;\">1.<\/h2>\n<p><b>Kn\u00e4b\u00f6j<\/b><\/p>\n<p>St\u00e4ll dig med f\u00f6tterna i lite drygt h\u00f6ftbredd. L\u00e4gg sands\u00e4cken p\u00e5 axlarna. G\u00f6r en kn\u00e4b\u00f6j s\u00e5 l\u00e5ngt ner du kan med bibeh\u00e5llen rak rygg och kn\u00e4na i linje med f\u00f6tterna. Hela foten ska vara i marken. Kom tillbaka till grundpositionen. Upprepa.[\/vc_column_text][vc_single_image image=&#8221;18113&#8243; img_size=&#8221;full&#8221; alignment=&#8221;center&#8221;][\/vc_column][\/vc_row][vc_row][vc_column][vc_column_text]<\/p>\n<h2 style=\"text-align: left;\">2.<\/h2>\n<p><b>Kn\u00e4b\u00f6j med axelpress<\/b><\/p>\n<p>St\u00e4ll dig med f\u00f6tterna i lite drygt h\u00f6ftbredd. H\u00e5ll sands\u00e4cken framf\u00f6r kroppen i h\u00f6jd med nyckelbenet. G\u00f6r en kn\u00e4b\u00f6j s\u00e5 l\u00e5ngt ner du kan med bibeh\u00e5llen rak rygg och kn\u00e4na i linje med f\u00f6tterna. Hela foten ska vara i marken. N\u00e4r du kommer upp till grundpositionen g\u00f6r du en axelpress till raka armar. S\u00e4nk ner sands\u00e4cken till grundposition. Upprepa.[\/vc_column_text][vc_single_image image=&#8221;18106&#8243; img_size=&#8221;full&#8221; alignment=&#8221;center&#8221;][\/vc_column][\/vc_row][vc_row][vc_column][vc_column_text]<\/p>\n<h2 style=\"text-align: left;\">3.<\/h2>\n<p><b>Kn\u00e4b\u00f6j med sving till axel<\/b><\/p>\n<p>St\u00e4ll dig med f\u00f6tterna i lite drygt h\u00f6ftbredd. G\u00f6r en kn\u00e4b\u00f6j tills sands\u00e4cken \u00e4r precis ovanf\u00f6r marken eller s\u00e5 l\u00e5ngt ner du kan med bibeh\u00e5llen rak rygg. Beh\u00e5ll kn\u00e4na i linje med f\u00f6tterna i din kn\u00e4b\u00f6j. Hela foten ska vara i marken. Res dig upp och ta med sands\u00e4cken. Svinga den till valfri axel. Ta med den ner i n\u00e4sta kn\u00e4b\u00f6j. Upprepa. Alternera axel.[\/vc_column_text][vc_single_image image=&#8221;18107&#8243; img_size=&#8221;full&#8221; alignment=&#8221;center&#8221;][\/vc_column][\/vc_row][vc_row][vc_column][vc_column_text]<\/p>\n<h2 style=\"text-align: left;\">4.<\/h2>\n<p><b>Utfall<\/b><\/p>\n<p>L\u00e4gg sands\u00e4cken p\u00e5 axlarna. Ta ett kliv fram\u00e5t med valfritt ben. St\u00e5 i h\u00f6ftbredd i ditt steg s\u00e5 du har god balans. L\u00e5t kroppen sjunka ner mot marken som ett lod genom att b\u00f6ja b\u00e5da kn\u00e4na. N\u00e4r du \u00e4r i bottenl\u00e4get ska b\u00e5da kn\u00e4na ha ca 90 graders vinkel och fr\u00e4mre foten vara helt i marken. Rak i ryggen.[\/vc_column_text][vc_single_image image=&#8221;18108&#8243; img_size=&#8221;full&#8221; alignment=&#8221;center&#8221;][\/vc_column][\/vc_row][vc_row full_width=&#8221;stretch_row_content&#8221; full_height=&#8221;yes&#8221; css=&#8221;.vc_custom_1493109579646{background-image: url(https:\/\/abilica.com\/se\/wp-content\/uploads\/2017\/04\/sandbag1.jpg?id=18100) !important;background-position: center !important;background-repeat: no-repeat !important;background-size: cover !important;}&#8221;][vc_column][\/vc_column][\/vc_row][vc_row][vc_column][vc_column_text]<\/p>\n<h2 style=\"text-align: left;\">5.<\/h2>\n<p><b>St\u00f6t<\/b><\/p>\n<p>Starta med att du h\u00e5ller sands\u00e4cken i b\u00e5da h\u00e4nderna i det djupa l\u00e4get f\u00f6r en kn\u00e4b\u00f6j. Res dig upp. H\u00e5ll sands\u00e4cken n\u00e4ra kroppen och ha rak rygg n\u00e4r du reser dig upp. V\u00e4nd runt sands\u00e4cken i h\u00f6jd med br\u00f6stet och pressa upp den till raka armar. Bromsa ner den till br\u00f6stet, v\u00e4nd ner den och g\u00f6r en kn\u00e4b\u00f6j. Upprepa.[\/vc_column_text][vc_single_image image=&#8221;18109&#8243; img_size=&#8221;full&#8221; alignment=&#8221;center&#8221;][\/vc_column][\/vc_row][vc_row][vc_column][vc_column_text]<\/p>\n<h2 style=\"text-align: left;\">6.<\/h2>\n<p><b>Burpees<\/b><\/p>\n<p>St\u00e4ll dig med h\u00e4nderna p\u00e5 sands\u00e4cken och ha raka armar. St\u00f6d p\u00e5 t\u00e5rna alternativt p\u00e5 kn\u00e4na. G\u00f6r en pushup. Hoppa ihop, s\u00e4tt ner hela foten och r\u00e4ta upp ryggen. H\u00e5ll kn\u00e4na i linje med f\u00f6tterna. G\u00f6r ett upphopp med sands\u00e4cken h\u00e4ngandes i raka armar framf\u00f6r kroppen. N\u00e4r du landar g\u00f6r du direkt en kn\u00e4b\u00f6j. Upprepa.[\/vc_column_text][vc_single_image image=&#8221;18110&#8243; img_size=&#8221;full&#8221; alignment=&#8221;center&#8221;][\/vc_column][\/vc_row][vc_row][vc_column][vc_column_text]<\/p>\n<h2 style=\"text-align: left;\">7.<\/h2>\n<p><b>Axelpress<\/b><\/p>\n<p>St\u00e5 med f\u00f6tterna i lite drygt h\u00f6ftbredd. H\u00e5ll sands\u00e4cken framf\u00f6r kroppen i h\u00f6jd med nyckelbenet, armb\u00e5garna rakt under. Pressa upp sands\u00e4cken till raka armar. Bromsa ner till grundpositionen. Sp\u00e4nn magen under r\u00f6relsen. Upprepa.[\/vc_column_text][vc_single_image image=&#8221;18111&#8243; img_size=&#8221;full&#8221; alignment=&#8221;center&#8221;][\/vc_column][\/vc_row][vc_row][vc_column][vc_column_text]<\/p>\n<h2 style=\"text-align: left;\">8.<\/h2>\n<p><b>B\u00e5lrotation<\/b><\/p>\n<p>St\u00e5 med f\u00f6tterna i lite drygt h\u00f6ftbredd. H\u00e5ll sands\u00e4cken framf\u00f6r dig i h\u00f6jd med naveln. B\u00f6rja rotera sida till sida med hj\u00e4lp av b\u00e5len. Var l\u00e4tt b\u00f6jd i armb\u00e5garna och sp\u00e4nn armen. H\u00e5ll mitten p\u00e5 sands\u00e4cken i linje med ditt br\u00f6stben.[\/vc_column_text][vc_single_image image=&#8221;18112&#8243; img_size=&#8221;full&#8221; alignment=&#8221;center&#8221;][\/vc_column][\/vc_row][vc_row full_width=&#8221;stretch_row_content&#8221; css=&#8221;.vc_custom_1493109635158{background-color: #0a0000 !important;}&#8221;][vc_column][title text=&#8221;K\u00f6p din Abilica SandBag nu.&#8221; tag=&#8221;h2&#8243; color=&#8221;#ff0000&#8243; text_align=&#8221;center&#8221;][vc_empty_space][\/vc_column][\/vc_row][vc_row][vc_column width=&#8221;1\/4&#8243;][\/vc_column][vc_column width=&#8221;1\/2&#8243;][product_mod id=&#8221;745&#8243;][vc_empty_space][\/vc_column][vc_column width=&#8221;1\/4&#8243;][\/vc_column][\/vc_row][vc_row full_width=&#8221;stretch_row_content&#8221; full_height=&#8221;yes&#8221; css=&#8221;.vc_custom_1493109743442{background-image: url(https:\/\/abilica.com\/se\/wp-content\/uploads\/2017\/04\/andbag3-1.jpg?id=18116) !important;background-position: center !important;background-repeat: no-repeat !important;background-size: cover !important;}&#8221;][vc_column][\/vc_column][\/vc_row]<\/p>\n<\/div>","protected":false},"excerpt":{"rendered":"<p>[vc_row full_width=&#8221;stretch_row_content&#8221; full_height=&#8221;yes&#8221; columns_placement=&#8221;bottom&#8221; css=&#8221;.vc_custom_1493109082731{background-image: url(https:\/\/abilica.com\/se\/wp-content\/uploads\/2017\/04\/andbag2.jpg?id=18097) !important;background-position: center !important;background-repeat: no-repeat !important;background-size: cover !important;}&#8221;][vc_column width=&#8221;1\/3&#8243;][\/vc_column][vc_column width=&#8221;1\/3&#8243;][vc_icon&#8230;<\/p>\n","protected":false},"author":2,"featured_media":0,"parent":3041,"menu_order":0,"comment_status":"closed","ping_status":"closed","template":"","meta":{"_acf_changed":false,"footnotes":""},"class_list":["post-18095","page","type-page","status-publish","hentry"],"acf":[],"yoast_head":"<!-- This site is optimized with the Yoast SEO Premium plugin v21.1 (Yoast SEO v25.4) - https:\/\/yoast.com\/wordpress\/plugins\/seo\/ -->\n<title>Tr\u00e4ningsprogram till Abilica SandBag &#8226; Abilica<\/title>\n<meta name=\"robots\" content=\"index, follow, max-snippet:-1, max-image-preview:large, max-video-preview:-1\" \/>\n<link rel=\"canonical\" href=\"https:\/\/abilica.com\/sv\/traningsprogram\/traningsprogram-till-abilica-sandbag\/\" \/>\n<meta property=\"og:locale\" content=\"sv_SE\" \/>\n<meta property=\"og:type\" content=\"article\" \/>\n<meta property=\"og:title\" content=\"Tr\u00e4ningsprogram till Abilica SandBag\" \/>\n<meta property=\"og:description\" content=\"[vc_row full_width=&#8221;stretch_row_content&#8221; full_height=&#8221;yes&#8221; columns_placement=&#8221;bottom&#8221; css=&#8221;.vc_custom_1493109082731{background-image: url(https:\/\/abilica.com\/se\/wp-content\/uploads\/2017\/04\/andbag2.jpg?id=18097) !important;background-position: center !important;background-repeat: no-repeat !important;background-size: cover !important;}&#8221;][vc_column width=&#8221;1\/3&#8243;][\/vc_column][vc_column width=&#8221;1\/3&#8243;][vc_icon...\" \/>\n<meta property=\"og:url\" content=\"https:\/\/abilica.com\/sv\/traningsprogram\/traningsprogram-till-abilica-sandbag\/\" \/>\n<meta property=\"og:site_name\" content=\"Abilica\" \/>\n<meta property=\"article:publisher\" content=\"https:\/\/www.facebook.com\/abilicahometraining\/\" \/>\n<meta property=\"article:modified_time\" content=\"2017-08-29T10:42:43+00:00\" \/>\n<meta name=\"twitter:card\" content=\"summary_large_image\" \/>\n<meta name=\"twitter:label1\" content=\"Ber\u00e4knad l\u00e4stid\" \/>\n\t<meta name=\"twitter:data1\" content=\"6 minuter\" \/>\n<script type=\"application\/ld+json\" class=\"yoast-schema-graph\">{\"@context\":\"https:\/\/schema.org\",\"@graph\":[{\"@type\":\"WebPage\",\"@id\":\"https:\/\/abilica.com\/sv\/traningsprogram\/traningsprogram-till-abilica-sandbag\/\",\"url\":\"https:\/\/abilica.com\/sv\/traningsprogram\/traningsprogram-till-abilica-sandbag\/\",\"name\":\"Tr\u00e4ningsprogram till Abilica SandBag &#8226; Abilica\",\"isPartOf\":{\"@id\":\"https:\/\/abilica.com\/#website\"},\"datePublished\":\"2017-04-25T08:29:14+00:00\",\"dateModified\":\"2017-08-29T10:42:43+00:00\",\"breadcrumb\":{\"@id\":\"https:\/\/abilica.com\/sv\/traningsprogram\/traningsprogram-till-abilica-sandbag\/#breadcrumb\"},\"inLanguage\":\"sv-SE\",\"potentialAction\":[{\"@type\":\"ReadAction\",\"target\":[\"https:\/\/abilica.com\/sv\/traningsprogram\/traningsprogram-till-abilica-sandbag\/\"]}]},{\"@type\":\"BreadcrumbList\",\"@id\":\"https:\/\/abilica.com\/sv\/traningsprogram\/traningsprogram-till-abilica-sandbag\/#breadcrumb\",\"itemListElement\":[{\"@type\":\"ListItem\",\"position\":1,\"name\":\"Hem\",\"item\":\"https:\/\/abilica.com\/sv\/\"},{\"@type\":\"ListItem\",\"position\":2,\"name\":\"Tr\u00e4ningsprogram\",\"item\":\"https:\/\/abilica.com\/sv\/traningsprogram\/\"},{\"@type\":\"ListItem\",\"position\":3,\"name\":\"Tr\u00e4ningsprogram till Abilica SandBag\"}]},{\"@type\":\"WebSite\",\"@id\":\"https:\/\/abilica.com\/#website\",\"url\":\"https:\/\/abilica.com\/\",\"name\":\"Abilica\",\"description\":\"Abilica Home Training\",\"potentialAction\":[{\"@type\":\"SearchAction\",\"target\":{\"@type\":\"EntryPoint\",\"urlTemplate\":\"https:\/\/abilica.com\/?s={search_term_string}\"},\"query-input\":{\"@type\":\"PropertyValueSpecification\",\"valueRequired\":true,\"valueName\":\"search_term_string\"}}],\"inLanguage\":\"sv-SE\"}]}<\/script>\n<!-- \/ Yoast SEO Premium plugin. -->","yoast_head_json":{"title":"Tr\u00e4ningsprogram till Abilica SandBag &#8226; Abilica","robots":{"index":"index","follow":"follow","max-snippet":"max-snippet:-1","max-image-preview":"max-image-preview:large","max-video-preview":"max-video-preview:-1"},"canonical":"https:\/\/abilica.com\/sv\/traningsprogram\/traningsprogram-till-abilica-sandbag\/","og_locale":"sv_SE","og_type":"article","og_title":"Tr\u00e4ningsprogram till Abilica SandBag","og_description":"[vc_row full_width=&#8221;stretch_row_content&#8221; full_height=&#8221;yes&#8221; columns_placement=&#8221;bottom&#8221; css=&#8221;.vc_custom_1493109082731{background-image: url(https:\/\/abilica.com\/se\/wp-content\/uploads\/2017\/04\/andbag2.jpg?id=18097) !important;background-position: center !important;background-repeat: no-repeat !important;background-size: cover !important;}&#8221;][vc_column width=&#8221;1\/3&#8243;][\/vc_column][vc_column width=&#8221;1\/3&#8243;][vc_icon...","og_url":"https:\/\/abilica.com\/sv\/traningsprogram\/traningsprogram-till-abilica-sandbag\/","og_site_name":"Abilica","article_publisher":"https:\/\/www.facebook.com\/abilicahometraining\/","article_modified_time":"2017-08-29T10:42:43+00:00","twitter_card":"summary_large_image","twitter_misc":{"Ber\u00e4knad l\u00e4stid":"6 minuter"},"schema":{"@context":"https:\/\/schema.org","@graph":[{"@type":"WebPage","@id":"https:\/\/abilica.com\/sv\/traningsprogram\/traningsprogram-till-abilica-sandbag\/","url":"https:\/\/abilica.com\/sv\/traningsprogram\/traningsprogram-till-abilica-sandbag\/","name":"Tr\u00e4ningsprogram till Abilica SandBag &#8226; Abilica","isPartOf":{"@id":"https:\/\/abilica.com\/#website"},"datePublished":"2017-04-25T08:29:14+00:00","dateModified":"2017-08-29T10:42:43+00:00","breadcrumb":{"@id":"https:\/\/abilica.com\/sv\/traningsprogram\/traningsprogram-till-abilica-sandbag\/#breadcrumb"},"inLanguage":"sv-SE","potentialAction":[{"@type":"ReadAction","target":["https:\/\/abilica.com\/sv\/traningsprogram\/traningsprogram-till-abilica-sandbag\/"]}]},{"@type":"BreadcrumbList","@id":"https:\/\/abilica.com\/sv\/traningsprogram\/traningsprogram-till-abilica-sandbag\/#breadcrumb","itemListElement":[{"@type":"ListItem","position":1,"name":"Hem","item":"https:\/\/abilica.com\/sv\/"},{"@type":"ListItem","position":2,"name":"Tr\u00e4ningsprogram","item":"https:\/\/abilica.com\/sv\/traningsprogram\/"},{"@type":"ListItem","position":3,"name":"Tr\u00e4ningsprogram till Abilica SandBag"}]},{"@type":"WebSite","@id":"https:\/\/abilica.com\/#website","url":"https:\/\/abilica.com\/","name":"Abilica","description":"Abilica Home Training","potentialAction":[{"@type":"SearchAction","target":{"@type":"EntryPoint","urlTemplate":"https:\/\/abilica.com\/?s={search_term_string}"},"query-input":{"@type":"PropertyValueSpecification","valueRequired":true,"valueName":"search_term_string"}}],"inLanguage":"sv-SE"}]}},"_links":{"self":[{"href":"https:\/\/abilica.com\/sv\/wp-json\/wp\/v2\/pages\/18095","targetHints":{"allow":["GET"]}}],"collection":[{"href":"https:\/\/abilica.com\/sv\/wp-json\/wp\/v2\/pages"}],"about":[{"href":"https:\/\/abilica.com\/sv\/wp-json\/wp\/v2\/types\/page"}],"author":[{"embeddable":true,"href":"https:\/\/abilica.com\/sv\/wp-json\/wp\/v2\/users\/2"}],"replies":[{"embeddable":true,"href":"https:\/\/abilica.com\/sv\/wp-json\/wp\/v2\/comments?post=18095"}],"version-history":[{"count":0,"href":"https:\/\/abilica.com\/sv\/wp-json\/wp\/v2\/pages\/18095\/revisions"}],"up":[{"embeddable":true,"href":"https:\/\/abilica.com\/sv\/wp-json\/wp\/v2\/pages\/3041"}],"wp:attachment":[{"href":"https:\/\/abilica.com\/sv\/wp-json\/wp\/v2\/media?parent=18095"}],"curies":[{"name":"wp","href":"https:\/\/api.w.org\/{rel}","templated":true}]}}