{"id":19139,"date":"2017-09-14T13:48:59","date_gmt":"2017-09-14T12:48:59","guid":{"rendered":"https:\/\/abilica.com\/se\/?page_id=19139"},"modified":"2018-02-27T12:50:55","modified_gmt":"2018-02-27T11:50:55","slug":"insp","status":"publish","type":"page","link":"https:\/\/abilica.com\/sv\/insp\/","title":{"rendered":"Insp"},"content":{"rendered":"<div class=\"wpb-content-wrapper\"><p>[vc_row full_width=&#8221;stretch_row_content_no_spaces&#8221; css=&#8221;.vc_custom_1519730883567{margin-top: 0px !important;margin-bottom: -40px !important;border-top-width: 0px !important;border-bottom-width: -40px !important;padding-top: 0px !important;padding-bottom: -40px !important;}&#8221;][vc_column css=&#8221;.vc_custom_1519730900586{margin-top: 0px !important;margin-bottom: -40px !important;border-top-width: 0px !important;border-bottom-width: -40px !important;padding-top: 0px !important;padding-bottom: -40px !important;}&#8221;][vc_media_grid element_width=&#8221;2&#8243; gap=&#8221;1&#8243; grid_id=&#8221;vc_gid:1519731592630-811c0885-fc56-3&#8243; include=&#8221;22471,22489,21537,21504,21463,21447,21418,21025,21014,20965,20923,20891,20857,20827,20784,20743,20696,20576,20549,20479,19949,19950,19999,20902,20796,20726,20740,20705,20698,20584&#8243;][\/vc_column][\/vc_row]<\/p>\n<\/div>","protected":false},"excerpt":{"rendered":"<p>[vc_row full_width=&#8221;stretch_row_content_no_spaces&#8221; css=&#8221;.vc_custom_1519730883567{margin-top: 0px !important;margin-bottom: -40px !important;border-top-width: 0px !important;border-bottom-width: -40px !important;padding-top: 0px !important;padding-bottom: -40px !important;}&#8221;][vc_column&#8230;<\/p>\n","protected":false},"author":2,"featured_media":0,"parent":0,"menu_order":0,"comment_status":"closed","ping_status":"closed","template":"","meta":{"_acf_changed":false,"footnotes":""},"class_list":["post-19139","page","type-page","status-publish","hentry"],"acf":[],"yoast_head":"<!-- This site is optimized with the Yoast SEO Premium plugin v21.1 (Yoast SEO v25.4) - https:\/\/yoast.com\/wordpress\/plugins\/seo\/ -->\n<title>Abilica Home Training - Tr\u00e4ningsutrustning f\u00f6r hemmatr\u00e4ning<\/title>\n<meta name=\"description\" content=\"Shoppa tr\u00e4ningsutrustning f\u00f6r hemmatr\u00e4ning hos Abilica. L\u00f6pband, spinningcyklar, tr\u00e4ningsband, viktv\u00e4st, crosstrainer med mer.\" \/>\n<meta name=\"robots\" content=\"index, follow, max-snippet:-1, max-image-preview:large, max-video-preview:-1\" \/>\n<link rel=\"canonical\" href=\"https:\/\/abilica.com\/sv\/insp\/\" \/>\n<meta property=\"og:locale\" content=\"sv_SE\" \/>\n<meta property=\"og:type\" content=\"article\" \/>\n<meta property=\"og:title\" content=\"Insp\" \/>\n<meta property=\"og:description\" content=\"Shoppa tr\u00e4ningsutrustning f\u00f6r hemmatr\u00e4ning hos Abilica. L\u00f6pband, spinningcyklar, tr\u00e4ningsband, viktv\u00e4st, crosstrainer med mer.\" \/>\n<meta property=\"og:url\" content=\"https:\/\/abilica.com\/sv\/insp\/\" \/>\n<meta property=\"og:site_name\" content=\"Abilica\" \/>\n<meta property=\"article:publisher\" content=\"https:\/\/www.facebook.com\/abilicahometraining\/\" \/>\n<meta property=\"article:modified_time\" content=\"2018-02-27T11:50:55+00:00\" \/>\n<meta name=\"twitter:card\" content=\"summary_large_image\" \/>\n<script type=\"application\/ld+json\" class=\"yoast-schema-graph\">{\"@context\":\"https:\/\/schema.org\",\"@graph\":[{\"@type\":\"WebPage\",\"@id\":\"https:\/\/abilica.com\/sv\/insp\/\",\"url\":\"https:\/\/abilica.com\/sv\/insp\/\",\"name\":\"Abilica Home Training - Tr\u00e4ningsutrustning f\u00f6r hemmatr\u00e4ning\",\"isPartOf\":{\"@id\":\"https:\/\/abilica.com\/#website\"},\"datePublished\":\"2017-09-14T12:48:59+00:00\",\"dateModified\":\"2018-02-27T11:50:55+00:00\",\"description\":\"Shoppa tr\u00e4ningsutrustning f\u00f6r hemmatr\u00e4ning hos Abilica. L\u00f6pband, spinningcyklar, tr\u00e4ningsband, viktv\u00e4st, crosstrainer med mer.\",\"breadcrumb\":{\"@id\":\"https:\/\/abilica.com\/sv\/insp\/#breadcrumb\"},\"inLanguage\":\"sv-SE\",\"potentialAction\":[{\"@type\":\"ReadAction\",\"target\":[\"https:\/\/abilica.com\/sv\/insp\/\"]}]},{\"@type\":\"BreadcrumbList\",\"@id\":\"https:\/\/abilica.com\/sv\/insp\/#breadcrumb\",\"itemListElement\":[{\"@type\":\"ListItem\",\"position\":1,\"name\":\"Hem\",\"item\":\"https:\/\/abilica.com\/sv\/\"},{\"@type\":\"ListItem\",\"position\":2,\"name\":\"Insp\"}]},{\"@type\":\"WebSite\",\"@id\":\"https:\/\/abilica.com\/#website\",\"url\":\"https:\/\/abilica.com\/\",\"name\":\"Abilica\",\"description\":\"Abilica Home Training\",\"potentialAction\":[{\"@type\":\"SearchAction\",\"target\":{\"@type\":\"EntryPoint\",\"urlTemplate\":\"https:\/\/abilica.com\/?s={search_term_string}\"},\"query-input\":{\"@type\":\"PropertyValueSpecification\",\"valueRequired\":true,\"valueName\":\"search_term_string\"}}],\"inLanguage\":\"sv-SE\"}]}<\/script>\n<!-- \/ Yoast SEO Premium plugin. -->","yoast_head_json":{"title":"Abilica Home Training - Tr\u00e4ningsutrustning f\u00f6r hemmatr\u00e4ning","description":"Shoppa tr\u00e4ningsutrustning f\u00f6r hemmatr\u00e4ning hos Abilica. L\u00f6pband, spinningcyklar, tr\u00e4ningsband, viktv\u00e4st, crosstrainer med mer.","robots":{"index":"index","follow":"follow","max-snippet":"max-snippet:-1","max-image-preview":"max-image-preview:large","max-video-preview":"max-video-preview:-1"},"canonical":"https:\/\/abilica.com\/sv\/insp\/","og_locale":"sv_SE","og_type":"article","og_title":"Insp","og_description":"Shoppa tr\u00e4ningsutrustning f\u00f6r hemmatr\u00e4ning hos Abilica. L\u00f6pband, spinningcyklar, tr\u00e4ningsband, viktv\u00e4st, crosstrainer med mer.","og_url":"https:\/\/abilica.com\/sv\/insp\/","og_site_name":"Abilica","article_publisher":"https:\/\/www.facebook.com\/abilicahometraining\/","article_modified_time":"2018-02-27T11:50:55+00:00","twitter_card":"summary_large_image","schema":{"@context":"https:\/\/schema.org","@graph":[{"@type":"WebPage","@id":"https:\/\/abilica.com\/sv\/insp\/","url":"https:\/\/abilica.com\/sv\/insp\/","name":"Abilica Home Training - Tr\u00e4ningsutrustning f\u00f6r hemmatr\u00e4ning","isPartOf":{"@id":"https:\/\/abilica.com\/#website"},"datePublished":"2017-09-14T12:48:59+00:00","dateModified":"2018-02-27T11:50:55+00:00","description":"Shoppa tr\u00e4ningsutrustning f\u00f6r hemmatr\u00e4ning hos Abilica. L\u00f6pband, spinningcyklar, tr\u00e4ningsband, viktv\u00e4st, crosstrainer med mer.","breadcrumb":{"@id":"https:\/\/abilica.com\/sv\/insp\/#breadcrumb"},"inLanguage":"sv-SE","potentialAction":[{"@type":"ReadAction","target":["https:\/\/abilica.com\/sv\/insp\/"]}]},{"@type":"BreadcrumbList","@id":"https:\/\/abilica.com\/sv\/insp\/#breadcrumb","itemListElement":[{"@type":"ListItem","position":1,"name":"Hem","item":"https:\/\/abilica.com\/sv\/"},{"@type":"ListItem","position":2,"name":"Insp"}]},{"@type":"WebSite","@id":"https:\/\/abilica.com\/#website","url":"https:\/\/abilica.com\/","name":"Abilica","description":"Abilica Home Training","potentialAction":[{"@type":"SearchAction","target":{"@type":"EntryPoint","urlTemplate":"https:\/\/abilica.com\/?s={search_term_string}"},"query-input":{"@type":"PropertyValueSpecification","valueRequired":true,"valueName":"search_term_string"}}],"inLanguage":"sv-SE"}]}},"_links":{"self":[{"href":"https:\/\/abilica.com\/sv\/wp-json\/wp\/v2\/pages\/19139","targetHints":{"allow":["GET"]}}],"collection":[{"href":"https:\/\/abilica.com\/sv\/wp-json\/wp\/v2\/pages"}],"about":[{"href":"https:\/\/abilica.com\/sv\/wp-json\/wp\/v2\/types\/page"}],"author":[{"embeddable":true,"href":"https:\/\/abilica.com\/sv\/wp-json\/wp\/v2\/users\/2"}],"replies":[{"embeddable":true,"href":"https:\/\/abilica.com\/sv\/wp-json\/wp\/v2\/comments?post=19139"}],"version-history":[{"count":0,"href":"https:\/\/abilica.com\/sv\/wp-json\/wp\/v2\/pages\/19139\/revisions"}],"wp:attachment":[{"href":"https:\/\/abilica.com\/sv\/wp-json\/wp\/v2\/media?parent=19139"}],"curies":[{"name":"wp","href":"https:\/\/api.w.org\/{rel}","templated":true}]}}