{"id":19298,"date":"2017-08-09T11:24:17","date_gmt":"2017-08-09T10:24:17","guid":{"rendered":"https:\/\/abilica.com\/se\/?page_id=19298"},"modified":"2021-09-30T08:42:03","modified_gmt":"2021-09-30T07:42:03","slug":"abilica-premium","status":"publish","type":"page","link":"https:\/\/abilica.com\/sv\/abilica-premium\/","title":{"rendered":"Abilica Premium"},"content":{"rendered":"<div class=\"wpb-content-wrapper\"><p>[vc_row full_width=&#8221;stretch_row_content_no_spaces&#8221; full_height=&#8221;yes&#8221; columns_placement=&#8221;bottom&#8221; content_placement=&#8221;bottom&#8221; parallax=&#8221;content-moving&#8221; css=&#8221;.vc_custom_1505731794044{background-image: url(https:\/\/abilica.com\/se\/wp-content\/uploads\/2017\/08\/Premium.jpg?id=19956) !important;background-position: center;background-repeat: no-repeat !important;background-size: cover !important;}&#8221;][vc_column width=&#8221;1\/3&#8243;][\/vc_column][vc_column width=&#8221;1\/3&#8243;][vc_column_text]<\/p>\n<h2 style=\"text-align: center;\"><span style=\"color: #ffffff;\">L\u00e4s mer om Abilica Premium<\/span><\/h2>\n<p>[\/vc_column_text][vc_icon icon_fontawesome=&#8221;fa fa-angle-down&#8221; color=&#8221;white&#8221; size=&#8221;xl&#8221; align=&#8221;center&#8221;][\/vc_column][vc_column width=&#8221;1\/3&#8243;][\/vc_column][\/vc_row][vc_row][vc_column width=&#8221;1\/6&#8243;][\/vc_column][vc_column width=&#8221;2\/3&#8243;][vc_empty_space][vc_column_text css_animation=&#8221;fadeInUp&#8221;]<\/p>\n<div class=\"page\" title=\"Page 3\">\n<div class=\"section\">\n<div class=\"layoutArea\">\n<div class=\"column\">\n<h1 style=\"text-align: center;\">Abilica Premium<\/h1>\n<h3 style=\"text-align: center;\">Produkter f\u00f6r tuffare anv\u00e4ndning.<\/h3>\n<p>&nbsp;<\/p>\n<p style=\"text-align: center;\">\n<\/div>\n<\/div>\n<\/div>\n<\/div>\n<p>[\/vc_column_text][vc_single_image image=&#8221;30356&#8243; img_size=&#8221;medium&#8221; alignment=&#8221;center&#8221; css_animation=&#8221;fadeInUp&#8221;][vc_column_text css_animation=&#8221;fadeInUp&#8221;]<\/p>\n<p style=\"text-align: center;\">Abilica produkterna \u00e4r i f\u00f6rsta hand anpassade f\u00f6r hemmatr\u00e4ning. Dock \u00e4r flera av produkterna framtagna f\u00f6r tuffare anv\u00e4ndning. Dessa produkter passar d\u00e4rf\u00f6r speciellt bra f\u00f6r f\u00f6retagsmarknaden (f\u00f6retag, hotell, skolor, idrottsf\u00f6reningar, institutioner osv) samt hemanv\u00e4ndaren som vill ha det b\u00e4sta.<\/p>\n<p>[\/vc_column_text][\/vc_column][vc_column width=&#8221;1\/6&#8243;][\/vc_column][\/vc_row][vc_row full_width=&#8221;stretch_row_content_no_spaces&#8221;][vc_column][vc_empty_space height=&#8221;75px&#8221;][products_mixed columns=&#8221;5&#8243; show_product_details=&#8221;true&#8221; ids=&#8221;2353,2356,2338,2677,2380,2341,2441,2663,19285,19251&#8243;][vc_empty_space height=&#8221;75px&#8221;][vc_column_text css_animation=&#8221;fadeInUp&#8221;]<\/p>\n<h2 style=\"text-align: center;\"><a href=\"https:\/\/abilica.com\/se\/tag\/premium\/\">Visa alla Premium-produkter<\/a><\/h2>\n<p>[\/vc_column_text][vc_empty_space height=&#8221;75px&#8221;][\/vc_column][\/vc_row][vc_row full_width=&#8221;stretch_row_content_no_spaces&#8221; full_height=&#8221;yes&#8221; css=&#8221;.vc_custom_1511775291669{background-image: url(https:\/\/abilica.com\/se\/wp-content\/uploads\/2017\/11\/abilica_hjemmetrening_02_11_170804.jpg?id=21223) !important;background-position: center !important;background-repeat: no-repeat !important;background-size: cover !important;}&#8221;][vc_column][\/vc_column][\/vc_row]<\/p>\n<\/div>","protected":false},"excerpt":{"rendered":"<p>[vc_row full_width=&#8221;stretch_row_content_no_spaces&#8221; full_height=&#8221;yes&#8221; columns_placement=&#8221;bottom&#8221; content_placement=&#8221;bottom&#8221; parallax=&#8221;content-moving&#8221; css=&#8221;.vc_custom_1505731794044{background-image: url(https:\/\/abilica.com\/se\/wp-content\/uploads\/2017\/08\/Premium.jpg?id=19956) !important;background-position: center;background-repeat: no-repeat !important;background-size: cover !important;}&#8221;][vc_column width=&#8221;1\/3&#8243;][\/vc_column][vc_column&#8230;<\/p>\n","protected":false},"author":2,"featured_media":0,"parent":0,"menu_order":0,"comment_status":"closed","ping_status":"closed","template":"","meta":{"_acf_changed":false,"footnotes":""},"class_list":["post-19298","page","type-page","status-publish","hentry"],"acf":[],"yoast_head":"<!-- This site is optimized with the Yoast SEO Premium plugin v21.1 (Yoast SEO v25.4) - https:\/\/yoast.com\/wordpress\/plugins\/seo\/ -->\n<title>Abilica Premium &#8226; Abilica<\/title>\n<meta name=\"robots\" content=\"index, follow, max-snippet:-1, max-image-preview:large, max-video-preview:-1\" \/>\n<link rel=\"canonical\" href=\"https:\/\/abilica.com\/abilica-premium\/\" \/>\n<meta property=\"og:locale\" content=\"sv_SE\" \/>\n<meta property=\"og:type\" content=\"article\" \/>\n<meta property=\"og:title\" content=\"Abilica Premium\" \/>\n<meta property=\"og:description\" content=\"[vc_row full_width=&#8221;stretch_row_content_no_spaces&#8221; full_height=&#8221;yes&#8221; columns_placement=&#8221;bottom&#8221; content_placement=&#8221;bottom&#8221; parallax=&#8221;content-moving&#8221; css=&#8221;.vc_custom_1505731794044{background-image: url(https:\/\/abilica.com\/se\/wp-content\/uploads\/2017\/08\/Premium.jpg?id=19956) !important;background-position: center;background-repeat: no-repeat !important;background-size: cover !important;}&#8221;][vc_column width=&#8221;1\/3&#8243;][\/vc_column][vc_column...\" \/>\n<meta property=\"og:url\" content=\"https:\/\/abilica.com\/abilica-premium\/\" \/>\n<meta property=\"og:site_name\" content=\"Abilica\" \/>\n<meta property=\"article:publisher\" content=\"https:\/\/www.facebook.com\/abilicahometraining\/\" \/>\n<meta property=\"article:modified_time\" content=\"2021-09-30T07:42:03+00:00\" \/>\n<meta name=\"twitter:card\" content=\"summary_large_image\" \/>\n<meta name=\"twitter:label1\" content=\"Ber\u00e4knad l\u00e4stid\" \/>\n\t<meta name=\"twitter:data1\" content=\"1 minut\" \/>\n<script type=\"application\/ld+json\" class=\"yoast-schema-graph\">{\"@context\":\"https:\/\/schema.org\",\"@graph\":[{\"@type\":\"WebPage\",\"@id\":\"https:\/\/abilica.com\/abilica-premium\/\",\"url\":\"https:\/\/abilica.com\/abilica-premium\/\",\"name\":\"Abilica Premium &#8226; Abilica\",\"isPartOf\":{\"@id\":\"https:\/\/abilica.com\/#website\"},\"datePublished\":\"2017-08-09T10:24:17+00:00\",\"dateModified\":\"2021-09-30T07:42:03+00:00\",\"breadcrumb\":{\"@id\":\"https:\/\/abilica.com\/abilica-premium\/#breadcrumb\"},\"inLanguage\":\"sv-SE\",\"potentialAction\":[{\"@type\":\"ReadAction\",\"target\":[\"https:\/\/abilica.com\/abilica-premium\/\"]}]},{\"@type\":\"BreadcrumbList\",\"@id\":\"https:\/\/abilica.com\/abilica-premium\/#breadcrumb\",\"itemListElement\":[{\"@type\":\"ListItem\",\"position\":1,\"name\":\"Hem\",\"item\":\"https:\/\/abilica.com\/sv\/\"},{\"@type\":\"ListItem\",\"position\":2,\"name\":\"Abilica Premium\"}]},{\"@type\":\"WebSite\",\"@id\":\"https:\/\/abilica.com\/#website\",\"url\":\"https:\/\/abilica.com\/\",\"name\":\"Abilica\",\"description\":\"Abilica Home Training\",\"potentialAction\":[{\"@type\":\"SearchAction\",\"target\":{\"@type\":\"EntryPoint\",\"urlTemplate\":\"https:\/\/abilica.com\/?s={search_term_string}\"},\"query-input\":{\"@type\":\"PropertyValueSpecification\",\"valueRequired\":true,\"valueName\":\"search_term_string\"}}],\"inLanguage\":\"sv-SE\"}]}<\/script>\n<!-- \/ Yoast SEO Premium plugin. -->","yoast_head_json":{"title":"Abilica Premium &#8226; Abilica","robots":{"index":"index","follow":"follow","max-snippet":"max-snippet:-1","max-image-preview":"max-image-preview:large","max-video-preview":"max-video-preview:-1"},"canonical":"https:\/\/abilica.com\/abilica-premium\/","og_locale":"sv_SE","og_type":"article","og_title":"Abilica Premium","og_description":"[vc_row full_width=&#8221;stretch_row_content_no_spaces&#8221; full_height=&#8221;yes&#8221; columns_placement=&#8221;bottom&#8221; content_placement=&#8221;bottom&#8221; parallax=&#8221;content-moving&#8221; css=&#8221;.vc_custom_1505731794044{background-image: url(https:\/\/abilica.com\/se\/wp-content\/uploads\/2017\/08\/Premium.jpg?id=19956) !important;background-position: center;background-repeat: no-repeat !important;background-size: cover !important;}&#8221;][vc_column width=&#8221;1\/3&#8243;][\/vc_column][vc_column...","og_url":"https:\/\/abilica.com\/abilica-premium\/","og_site_name":"Abilica","article_publisher":"https:\/\/www.facebook.com\/abilicahometraining\/","article_modified_time":"2021-09-30T07:42:03+00:00","twitter_card":"summary_large_image","twitter_misc":{"Ber\u00e4knad l\u00e4stid":"1 minut"},"schema":{"@context":"https:\/\/schema.org","@graph":[{"@type":"WebPage","@id":"https:\/\/abilica.com\/abilica-premium\/","url":"https:\/\/abilica.com\/abilica-premium\/","name":"Abilica Premium &#8226; Abilica","isPartOf":{"@id":"https:\/\/abilica.com\/#website"},"datePublished":"2017-08-09T10:24:17+00:00","dateModified":"2021-09-30T07:42:03+00:00","breadcrumb":{"@id":"https:\/\/abilica.com\/abilica-premium\/#breadcrumb"},"inLanguage":"sv-SE","potentialAction":[{"@type":"ReadAction","target":["https:\/\/abilica.com\/abilica-premium\/"]}]},{"@type":"BreadcrumbList","@id":"https:\/\/abilica.com\/abilica-premium\/#breadcrumb","itemListElement":[{"@type":"ListItem","position":1,"name":"Hem","item":"https:\/\/abilica.com\/sv\/"},{"@type":"ListItem","position":2,"name":"Abilica Premium"}]},{"@type":"WebSite","@id":"https:\/\/abilica.com\/#website","url":"https:\/\/abilica.com\/","name":"Abilica","description":"Abilica Home Training","potentialAction":[{"@type":"SearchAction","target":{"@type":"EntryPoint","urlTemplate":"https:\/\/abilica.com\/?s={search_term_string}"},"query-input":{"@type":"PropertyValueSpecification","valueRequired":true,"valueName":"search_term_string"}}],"inLanguage":"sv-SE"}]}},"_links":{"self":[{"href":"https:\/\/abilica.com\/sv\/wp-json\/wp\/v2\/pages\/19298","targetHints":{"allow":["GET"]}}],"collection":[{"href":"https:\/\/abilica.com\/sv\/wp-json\/wp\/v2\/pages"}],"about":[{"href":"https:\/\/abilica.com\/sv\/wp-json\/wp\/v2\/types\/page"}],"author":[{"embeddable":true,"href":"https:\/\/abilica.com\/sv\/wp-json\/wp\/v2\/users\/2"}],"replies":[{"embeddable":true,"href":"https:\/\/abilica.com\/sv\/wp-json\/wp\/v2\/comments?post=19298"}],"version-history":[{"count":0,"href":"https:\/\/abilica.com\/sv\/wp-json\/wp\/v2\/pages\/19298\/revisions"}],"wp:attachment":[{"href":"https:\/\/abilica.com\/sv\/wp-json\/wp\/v2\/media?parent=19298"}],"curies":[{"name":"wp","href":"https:\/\/api.w.org\/{rel}","templated":true}]}}