{"id":20369,"date":"2017-10-12T11:25:07","date_gmt":"2017-10-12T10:25:07","guid":{"rendered":"https:\/\/abilica.com\/se\/?page_id=20369"},"modified":"2018-03-03T22:53:38","modified_gmt":"2018-03-03T21:53:38","slug":"abilica-rehab","status":"publish","type":"page","link":"https:\/\/abilica.com\/sv\/abilica-rehab\/","title":{"rendered":"Abilica Rehab"},"content":{"rendered":"<div class=\"wpb-content-wrapper\"><p>[vc_row full_width=&#8221;stretch_row_content&#8221; full_height=&#8221;yes&#8221; columns_placement=&#8221;bottom&#8221; content_placement=&#8221;bottom&#8221; css=&#8221;.vc_custom_1507805252898{padding-right: 0px !important;padding-left: 0px !important;background-image: url(https:\/\/abilica.com\/se\/wp-content\/uploads\/2017\/04\/balanceboard12jpg-1.jpg?id=17456) !important;background-position: center !important;background-repeat: no-repeat !important;background-size: cover !important;}&#8221;][vc_column width=&#8221;1\/3&#8243; css=&#8221;.vc_custom_1481535811428{padding-right: 0px !important;padding-left: 0px !important;}&#8221;][\/vc_column][vc_column width=&#8221;1\/3&#8243;][vc_column_text]<\/p>\n<h2 style=\"text-align: center;\"><span style=\"color: #ffffff;\">L\u00e4s mer om Abilica Rehab<\/span><\/h2>\n<p>[\/vc_column_text][vc_icon icon_fontawesome=&#8221;fa fa-angle-down&#8221; color=&#8221;white&#8221; size=&#8221;xl&#8221; align=&#8221;center&#8221; css_animation=&#8221;none&#8221;][\/vc_column][vc_column width=&#8221;1\/3&#8243;][\/vc_column][\/vc_row][vc_row][vc_column][vc_empty_space][vc_column_text css_animation=&#8221;fadeInUp&#8221;]<\/p>\n<h1 style=\"text-align: center;\">Abilica Rehab<\/h1>\n<h3 style=\"text-align: center;\">Tr\u00e4na upp dig efter skada.<\/h3>\n<div class=\"page\" title=\"Page 3\">\n<div class=\"section\">\n<div class=\"layoutArea\">\n<div class=\"column\">\n<p style=\"text-align: center;\"><a href=\"https:\/\/abilica.com\/se\/wp-content\/uploads\/2017\/10\/Rehab_merke.jpg\"><img loading=\"lazy\" decoding=\"async\" class=\"size-full wp-image-20374 aligncenter\" src=\"https:\/\/abilica.com\/se\/wp-content\/uploads\/2017\/10\/Rehab_merke.jpg\" alt=\"\" width=\"240\" height=\"130\" \/><\/a>Om du ska tr\u00e4na upp dig efter en skada eller om du av n\u00e5gon annan anledning endast b\u00f6r tr\u00e4na l\u00e4tt r\u00f6rlighet, kan du v\u00e4lja produkter fr\u00e5n Rehabserien. Dessa produkter \u00e4r markerade med denna st\u00e4mpel.<\/p>\n<\/div>\n<\/div>\n<\/div>\n<\/div>\n<p>[\/vc_column_text][vc_empty_space][\/vc_column][\/vc_row][vc_row full_width=&#8221;stretch_row_content&#8221; full_height=&#8221;yes&#8221; css=&#8221;.vc_custom_1507804950648{padding-right: 0px !important;padding-left: 0px !important;background-position: center !important;background-repeat: no-repeat !important;background-size: cover !important;}&#8221;][vc_column css=&#8221;.vc_custom_1481535811428{padding-right: 0px !important;padding-left: 0px !important;}&#8221;][products_mixed show_product_details=&#8221;true&#8221; ids=&#8221;1736,2796,1775,19283,2665,2402,1501,1717,1777&#8243;][vc_empty_space height=&#8221;52px&#8221;][\/vc_column][\/vc_row][vc_row full_width=&#8221;stretch_row_content&#8221; full_height=&#8221;yes&#8221; css=&#8221;.vc_custom_1507805703212{padding-right: 0px !important;padding-left: 0px !important;background-image: url(https:\/\/abilica.com\/se\/wp-content\/uploads\/2017\/10\/Abilica-utetrening_image9.jpg?id=20382) !important;background-position: center !important;background-repeat: no-repeat !important;background-size: cover !important;}&#8221;][vc_column css=&#8221;.vc_custom_1481535811428{padding-right: 0px !important;padding-left: 0px !important;}&#8221;][\/vc_column][\/vc_row]<\/p>\n<\/div>","protected":false},"excerpt":{"rendered":"<p>[vc_row full_width=&#8221;stretch_row_content&#8221; full_height=&#8221;yes&#8221; columns_placement=&#8221;bottom&#8221; content_placement=&#8221;bottom&#8221; css=&#8221;.vc_custom_1507805252898{padding-right: 0px !important;padding-left: 0px !important;background-image: url(https:\/\/abilica.com\/se\/wp-content\/uploads\/2017\/04\/balanceboard12jpg-1.jpg?id=17456) !important;background-position: center !important;background-repeat: no-repeat&#8230;<\/p>\n","protected":false},"author":2,"featured_media":0,"parent":0,"menu_order":0,"comment_status":"closed","ping_status":"closed","template":"","meta":{"_acf_changed":false,"footnotes":""},"class_list":["post-20369","page","type-page","status-publish","hentry"],"acf":[],"yoast_head":"<!-- This site is optimized with the Yoast SEO Premium plugin v21.1 (Yoast SEO v25.4) - https:\/\/yoast.com\/wordpress\/plugins\/seo\/ -->\n<title>Abilica Rehab &#8226; Abilica<\/title>\n<meta name=\"robots\" content=\"index, follow, max-snippet:-1, max-image-preview:large, max-video-preview:-1\" \/>\n<link rel=\"canonical\" href=\"https:\/\/abilica.com\/abilica-rehab\/\" \/>\n<meta property=\"og:locale\" content=\"sv_SE\" \/>\n<meta property=\"og:type\" content=\"article\" \/>\n<meta property=\"og:title\" content=\"Abilica Rehab\" \/>\n<meta property=\"og:description\" content=\"[vc_row full_width=&#8221;stretch_row_content&#8221; full_height=&#8221;yes&#8221; columns_placement=&#8221;bottom&#8221; content_placement=&#8221;bottom&#8221; css=&#8221;.vc_custom_1507805252898{padding-right: 0px !important;padding-left: 0px !important;background-image: url(https:\/\/abilica.com\/se\/wp-content\/uploads\/2017\/04\/balanceboard12jpg-1.jpg?id=17456) !important;background-position: center !important;background-repeat: no-repeat...\" \/>\n<meta property=\"og:url\" content=\"https:\/\/abilica.com\/abilica-rehab\/\" \/>\n<meta property=\"og:site_name\" content=\"Abilica\" \/>\n<meta property=\"article:publisher\" content=\"https:\/\/www.facebook.com\/abilicahometraining\/\" \/>\n<meta property=\"article:modified_time\" content=\"2018-03-03T21:53:38+00:00\" \/>\n<meta property=\"og:image\" content=\"https:\/\/abilica.com\/se\/wp-content\/uploads\/2017\/10\/Rehab_merke.jpg\" \/>\n<meta name=\"twitter:card\" content=\"summary_large_image\" \/>\n<meta name=\"twitter:label1\" content=\"Ber\u00e4knad l\u00e4stid\" \/>\n\t<meta name=\"twitter:data1\" content=\"1 minut\" \/>\n<script type=\"application\/ld+json\" class=\"yoast-schema-graph\">{\"@context\":\"https:\/\/schema.org\",\"@graph\":[{\"@type\":\"WebPage\",\"@id\":\"https:\/\/abilica.com\/abilica-rehab\/\",\"url\":\"https:\/\/abilica.com\/abilica-rehab\/\",\"name\":\"Abilica Rehab &#8226; Abilica\",\"isPartOf\":{\"@id\":\"https:\/\/abilica.com\/#website\"},\"primaryImageOfPage\":{\"@id\":\"https:\/\/abilica.com\/abilica-rehab\/#primaryimage\"},\"image\":{\"@id\":\"https:\/\/abilica.com\/abilica-rehab\/#primaryimage\"},\"thumbnailUrl\":\"https:\/\/abilica.com\/se\/wp-content\/uploads\/2017\/10\/Rehab_merke.jpg\",\"datePublished\":\"2017-10-12T10:25:07+00:00\",\"dateModified\":\"2018-03-03T21:53:38+00:00\",\"breadcrumb\":{\"@id\":\"https:\/\/abilica.com\/abilica-rehab\/#breadcrumb\"},\"inLanguage\":\"sv-SE\",\"potentialAction\":[{\"@type\":\"ReadAction\",\"target\":[\"https:\/\/abilica.com\/abilica-rehab\/\"]}]},{\"@type\":\"ImageObject\",\"inLanguage\":\"sv-SE\",\"@id\":\"https:\/\/abilica.com\/abilica-rehab\/#primaryimage\",\"url\":\"https:\/\/abilica.com\/se\/wp-content\/uploads\/2017\/10\/Rehab_merke.jpg\",\"contentUrl\":\"https:\/\/abilica.com\/se\/wp-content\/uploads\/2017\/10\/Rehab_merke.jpg\"},{\"@type\":\"BreadcrumbList\",\"@id\":\"https:\/\/abilica.com\/abilica-rehab\/#breadcrumb\",\"itemListElement\":[{\"@type\":\"ListItem\",\"position\":1,\"name\":\"Hem\",\"item\":\"https:\/\/abilica.com\/sv\/\"},{\"@type\":\"ListItem\",\"position\":2,\"name\":\"Abilica Rehab\"}]},{\"@type\":\"WebSite\",\"@id\":\"https:\/\/abilica.com\/#website\",\"url\":\"https:\/\/abilica.com\/\",\"name\":\"Abilica\",\"description\":\"Abilica Home Training\",\"potentialAction\":[{\"@type\":\"SearchAction\",\"target\":{\"@type\":\"EntryPoint\",\"urlTemplate\":\"https:\/\/abilica.com\/?s={search_term_string}\"},\"query-input\":{\"@type\":\"PropertyValueSpecification\",\"valueRequired\":true,\"valueName\":\"search_term_string\"}}],\"inLanguage\":\"sv-SE\"}]}<\/script>\n<!-- \/ Yoast SEO Premium plugin. -->","yoast_head_json":{"title":"Abilica Rehab &#8226; Abilica","robots":{"index":"index","follow":"follow","max-snippet":"max-snippet:-1","max-image-preview":"max-image-preview:large","max-video-preview":"max-video-preview:-1"},"canonical":"https:\/\/abilica.com\/abilica-rehab\/","og_locale":"sv_SE","og_type":"article","og_title":"Abilica Rehab","og_description":"[vc_row full_width=&#8221;stretch_row_content&#8221; full_height=&#8221;yes&#8221; columns_placement=&#8221;bottom&#8221; content_placement=&#8221;bottom&#8221; css=&#8221;.vc_custom_1507805252898{padding-right: 0px !important;padding-left: 0px !important;background-image: url(https:\/\/abilica.com\/se\/wp-content\/uploads\/2017\/04\/balanceboard12jpg-1.jpg?id=17456) !important;background-position: center !important;background-repeat: no-repeat...","og_url":"https:\/\/abilica.com\/abilica-rehab\/","og_site_name":"Abilica","article_publisher":"https:\/\/www.facebook.com\/abilicahometraining\/","article_modified_time":"2018-03-03T21:53:38+00:00","og_image":[{"url":"https:\/\/abilica.com\/se\/wp-content\/uploads\/2017\/10\/Rehab_merke.jpg","type":"","width":"","height":""}],"twitter_card":"summary_large_image","twitter_misc":{"Ber\u00e4knad l\u00e4stid":"1 minut"},"schema":{"@context":"https:\/\/schema.org","@graph":[{"@type":"WebPage","@id":"https:\/\/abilica.com\/abilica-rehab\/","url":"https:\/\/abilica.com\/abilica-rehab\/","name":"Abilica Rehab &#8226; Abilica","isPartOf":{"@id":"https:\/\/abilica.com\/#website"},"primaryImageOfPage":{"@id":"https:\/\/abilica.com\/abilica-rehab\/#primaryimage"},"image":{"@id":"https:\/\/abilica.com\/abilica-rehab\/#primaryimage"},"thumbnailUrl":"https:\/\/abilica.com\/se\/wp-content\/uploads\/2017\/10\/Rehab_merke.jpg","datePublished":"2017-10-12T10:25:07+00:00","dateModified":"2018-03-03T21:53:38+00:00","breadcrumb":{"@id":"https:\/\/abilica.com\/abilica-rehab\/#breadcrumb"},"inLanguage":"sv-SE","potentialAction":[{"@type":"ReadAction","target":["https:\/\/abilica.com\/abilica-rehab\/"]}]},{"@type":"ImageObject","inLanguage":"sv-SE","@id":"https:\/\/abilica.com\/abilica-rehab\/#primaryimage","url":"https:\/\/abilica.com\/se\/wp-content\/uploads\/2017\/10\/Rehab_merke.jpg","contentUrl":"https:\/\/abilica.com\/se\/wp-content\/uploads\/2017\/10\/Rehab_merke.jpg"},{"@type":"BreadcrumbList","@id":"https:\/\/abilica.com\/abilica-rehab\/#breadcrumb","itemListElement":[{"@type":"ListItem","position":1,"name":"Hem","item":"https:\/\/abilica.com\/sv\/"},{"@type":"ListItem","position":2,"name":"Abilica Rehab"}]},{"@type":"WebSite","@id":"https:\/\/abilica.com\/#website","url":"https:\/\/abilica.com\/","name":"Abilica","description":"Abilica Home Training","potentialAction":[{"@type":"SearchAction","target":{"@type":"EntryPoint","urlTemplate":"https:\/\/abilica.com\/?s={search_term_string}"},"query-input":{"@type":"PropertyValueSpecification","valueRequired":true,"valueName":"search_term_string"}}],"inLanguage":"sv-SE"}]}},"_links":{"self":[{"href":"https:\/\/abilica.com\/sv\/wp-json\/wp\/v2\/pages\/20369","targetHints":{"allow":["GET"]}}],"collection":[{"href":"https:\/\/abilica.com\/sv\/wp-json\/wp\/v2\/pages"}],"about":[{"href":"https:\/\/abilica.com\/sv\/wp-json\/wp\/v2\/types\/page"}],"author":[{"embeddable":true,"href":"https:\/\/abilica.com\/sv\/wp-json\/wp\/v2\/users\/2"}],"replies":[{"embeddable":true,"href":"https:\/\/abilica.com\/sv\/wp-json\/wp\/v2\/comments?post=20369"}],"version-history":[{"count":0,"href":"https:\/\/abilica.com\/sv\/wp-json\/wp\/v2\/pages\/20369\/revisions"}],"wp:attachment":[{"href":"https:\/\/abilica.com\/sv\/wp-json\/wp\/v2\/media?parent=20369"}],"curies":[{"name":"wp","href":"https:\/\/api.w.org\/{rel}","templated":true}]}}