{"id":21120,"date":"2017-11-20T09:41:43","date_gmt":"2017-11-20T08:41:43","guid":{"rendered":"https:\/\/abilica.com\/se\/?page_id=21120"},"modified":"2017-11-20T10:29:16","modified_gmt":"2017-11-20T09:29:16","slug":"traningsprogram-till-abilica-flextower","status":"publish","type":"page","link":"https:\/\/abilica.com\/sv\/traningsprogram\/traningsprogram-till-abilica-flextower\/","title":{"rendered":"Tr\u00e4ningsprogram till Abilica FlexTower"},"content":{"rendered":"<div class=\"wpb-content-wrapper\"><p>[vc_row full_width=&#8221;stretch_row_content&#8221; full_height=&#8221;yes&#8221; columns_placement=&#8221;bottom&#8221; css=&#8221;.vc_custom_1511167972580{background-image: url(https:\/\/abilica.com\/se\/wp-content\/uploads\/2017\/11\/skr\u00e5-mage-1.jpg?id=21141) !important;background-position: center !important;background-repeat: no-repeat !important;background-size: cover !important;}&#8221;][vc_column width=&#8221;1\/3&#8243;][\/vc_column][vc_column width=&#8221;1\/3&#8243;][vc_icon icon_fontawesome=&#8221;fa fa-angle-down&#8221; color=&#8221;black&#8221; size=&#8221;xl&#8221; align=&#8221;center&#8221;][\/vc_column][vc_column width=&#8221;1\/3&#8243;][\/vc_column][\/vc_row][vc_row][vc_column][vc_column_text]<\/p>\n<h2 style=\"text-align: left;\"><span style=\"color: #000000;\">Tr\u00e4ningsprogram till Abilica\u00a0FlexTower<\/span><\/h2>\n<p>Anv\u00e4ndbar multitr\u00e4ningsstation med stora variationsm\u00f6jligheter. Flyttbart f\u00e4ste som justeras med ett enkelt handgrepp. Kombinerat med handtag som fungerar oberoende av varandra m\u00f6jligg\u00f6r en enorm m\u00e4ngd \u00f6vningar.[\/vc_column_text][vc_empty_space][\/vc_column][\/vc_row][vc_row][vc_column][title text=&#8221;K\u00f6p FlexTower nu.&#8221; text_align=&#8221;left&#8221;][\/vc_column][\/vc_row][vc_row][vc_column width=&#8221;1\/2&#8243;][product_mod id=&#8221;2383&#8243;][\/vc_column][vc_column width=&#8221;1\/2&#8243;][\/vc_column][\/vc_row][vc_row][vc_column][vc_empty_space][vc_btn title=&#8221;Ladda hem tr\u00e4ningsprogrammet i PDF&#8221; style=&#8221;flat&#8221; color=&#8221;danger&#8221; i_icon_fontawesome=&#8221;fa fa-file-pdf-o&#8221; add_icon=&#8221;true&#8221; link=&#8221;url:http%3A%2F%2Fabilica.com\/se%2Fwp-content%2Fuploads%2F2017%2F11%2FAbilica-FlexTower.pdf||target:%20_blank|&#8221;][\/vc_column][\/vc_row][vc_row css=&#8221;.vc_custom_1492108997727{background-position: center !important;background-repeat: no-repeat !important;background-size: cover !important;}&#8221;][vc_column][vc_column_text]<\/p>\n<h2 style=\"text-align: left;\">1.<\/h2>\n<p><b>Drag ned\u00e5t (kr\u00e4ver s\u00e4rskild st\u00e5ng)<br \/>\n<\/b><b>Antal repetitioner:<\/b> 12 repetitioner x 3 set<br \/>\n<b>Tr\u00e4nar:<\/b> De breda ryggmusklerna samt armar<\/p>\n<p>St\u00e5 p\u00e5 kn\u00e4 under st\u00e5ngen, g\u00e4rna med kn\u00e4na placerade p\u00e5 en Abilica BalancePad Maxi. Placera h\u00e4nderna p\u00e5 st\u00e5ngen, ca 5\u201310 cm bredare \u00e4n axelbrett p\u00e5 varje sida. Dra sedan axlarna ned\u00e5t och lite bak\u00e5t, innan du b\u00f6jer p\u00e5 armb\u00e5garna och drar ned st\u00e5ngen mot br\u00f6stkorgen. Se till att armb\u00e5garna pekar ned\u00e5t under hela r\u00f6relsen. Str\u00e4ck ut armarna kontrollerat till startl\u00e4get igen.[\/vc_column_text][vc_single_image image=&#8221;21152&#8243; img_size=&#8221;full&#8221; alignment=&#8221;center&#8221;][\/vc_column][\/vc_row][vc_row][vc_column][vc_column_text]<\/p>\n<h2 style=\"text-align: left;\">2.<\/h2>\n<p><b>Sittande rodd (kr\u00e4ver roddhandtag eller b\u00e5da handtagen)<br \/>\n<\/b><b>Antal repetitioner:<\/b> 12 repetitioner x 3 set<br \/>\n<b>Tr\u00e4nar:<\/b> Rygg och armar<\/p>\n<p>S\u00e4tt dig framf\u00f6r maskinen, g\u00e4rna med s\u00e4tet placerat p\u00e5 en Abilica BalancePad lviaxi. Justera h\u00f6jde p\u00e5 vajerf\u00e4stet s\u00e5 att armb\u00e5garna \u00e4r i 90 grader under den sista delen av r\u00f6relsen. F\u00e4st roddhandtaget eller handtagen dra axlarna bak\u00e5t samtidigt som du h\u00e5ller ryggen rak. Dra handtaget mot naveln genom att b\u00f6ja p\u00e5 armb\u00e5garna. Str\u00e4ck ut armarna kontrollerat till startl\u00e4get igen.[\/vc_column_text][vc_single_image image=&#8221;21154&#8243; img_size=&#8221;full&#8221; alignment=&#8221;center&#8221;][\/vc_column][\/vc_row][vc_row][vc_column][vc_column_text]<\/p>\n<h2 style=\"text-align: left;\">3.<\/h2>\n<p><b>Tricepsdrag ned\u00e5t med rep (kr\u00e4ver tricepsrep)<br \/>\n<\/b><b>Antal repetitioner:<\/b> 12 repetitioner x 3 set<br \/>\n<b>Tr\u00e4nar:<\/b> Triceps<\/p>\n<p>Justera vajern till den \u00f6versta h\u00f6jden och s\u00e4tt fast tricepsrepet. H\u00e5ll i repet med en hand i varje \u00e4nde, med ett hammargrepp. Armb\u00e5garna ska vara lite framf\u00f6r kroppen och i axelbredd. Dra ned repet samtidigt som du h\u00e5ller kvar armb\u00e5garna i samma position. Vrid h\u00e4nderna i slutfasen s\u00e5 att handtaget vrids mot kroppen. F\u00f6r repet kontrollerat tillbaka till startpositionen[\/vc_column_text][vc_single_image image=&#8221;21156&#8243; img_size=&#8221;full&#8221; alignment=&#8221;center&#8221;][\/vc_column][\/vc_row][vc_row][vc_column][vc_column_text]<\/p>\n<h2 style=\"text-align: left;\">4.<\/h2>\n<p><b>Enhandscurl<br \/>\n<\/b><b>Antal repetitioner:<\/b>12 repetitioner x 3 set per arm<br \/>\n<b>Tr\u00e4nar:<\/b> Biceps<\/p>\n<p>Justera vajern till det nedersta l\u00e4get och s\u00e4tt fast handtaget. St\u00e5 med ryggen v\u00e4nd mot maskinen och h\u00e5ll i handtaget med handflatan v\u00e4nd bort fr\u00e5n kroppen. Dra upp handen mot axeln, och s\u00e4nk den sedan kontrollerat tillbaka till startl\u00e4get. (Kan ocks\u00e5 g\u00f6ras med st\u00e5ng och b\u00e5da h\u00e4nderna).[\/vc_column_text][vc_single_image image=&#8221;21153&#8243; img_size=&#8221;full&#8221; alignment=&#8221;center&#8221;][\/vc_column][\/vc_row][vc_row][vc_column][vc_column_text]<\/p>\n<h2 style=\"text-align: left;\">5.<\/h2>\n<p><b>Enarmsdrag baksida av axlar<br \/>\n<\/b><b>Antal repetitioner:<\/b>12 repetitioner x 3 set per arm<br \/>\n<b>Tr\u00e4nar:<\/b> Axlar och lite armar<\/p>\n<p>St\u00e5 s\u00e5 att f\u00e4stet p\u00e5 maskinen \u00e4r rakt mot sidan av kroppen. Justera vajern s\u00e5 att den \u00e4r i lagom h\u00f6jd n\u00e4r handen \u00e4r i \u00f6vningens nedre del. H\u00e5ll i handtaget, ha armen rak under hela r\u00f6relsen, och dra handen rakt ut mot sidan. Str\u00e4ck ut armen kontrollerat igen, och upprepa r\u00f6relsen.[\/vc_column_text][vc_single_image image=&#8221;21157&#8243; img_size=&#8221;full&#8221; alignment=&#8221;center&#8221;][\/vc_column][\/vc_row][vc_row][vc_column][vc_column_text]<\/p>\n<h2 style=\"text-align: left;\">6.<\/h2>\n<p><b>Sidoh\u00e4v axlar<br \/>\n<\/b><b>Antal repetitioner:<\/b> 12 repetitioner x 3 set<br \/>\n<b>Tr\u00e4nar:<\/b> Axlar<\/p>\n<p>St\u00e5 s\u00e5 att f\u00e4stet p\u00e5 maskinen \u00e4r rakt mot sidan av kroppen. Justera vajern s\u00e5 att den \u00e4r i lagom h\u00f6jd n\u00e4r handen \u00e4r i \u00f6vningens nedre del. H\u00e5ll i handtaget, ha armen rak under hela r\u00f6relsen, och dra handen upp\u00e5t och ut\u00e5t fr\u00e5n kroppen. Avsluta r\u00f6relsen n\u00e4r handen \u00e4r i h\u00f6jd med axlarna. Str\u00e4ck ut armen kontrollerat igen, och upprepa r\u00f6relsen.[\/vc_column_text][vc_single_image image=&#8221;21158&#8243; img_size=&#8221;full&#8221; alignment=&#8221;center&#8221;][vc_empty_space height=&#8221;60px&#8221;][\/vc_column][\/vc_row][vc_row][vc_column][vc_column_text]<\/p>\n<h2 style=\"text-align: left;\">7.<\/h2>\n<p><b>St\u00e5ende rodd med st\u00e5ng (kr\u00e4ver st\u00e5ng)<br \/>\n<\/b><b>Antal repetitioner:<\/b> 12 repetitioner x 3 set<br \/>\n<b>Tr\u00e4nar:<\/b> Axlar<\/p>\n<p>H\u00e5ll st\u00e5ngen med \u00f6verhandsgrepp, med ungef\u00e4r en tummes avst\u00e5nd fr\u00e5n varandra. Det g\u00e5r ocks\u00e5 att h\u00e5lla bredare, om det k\u00e4nns mer naturligt. Lyft st\u00e5ngen tills de \u00e4r lite under halsen och se till att armb\u00e5garna alltid \u00e4r h\u00f6gre \u00e4n handlederna. Str\u00e4ck ut armen kontrollerat igen, och upprepa r\u00f6relsen.[\/vc_column_text][vc_single_image image=&#8221;21159&#8243; img_size=&#8221;full&#8221; alignment=&#8221;center&#8221;][vc_empty_space height=&#8221;60px&#8221;][\/vc_column][\/vc_row][vc_row][vc_column][vc_column_text]<\/p>\n<h2 style=\"text-align: left;\">8.<\/h2>\n<p><b>St\u00e5ende rodd med st\u00e5ng (kr\u00e4ver st\u00e5ng)<br \/>\n<\/b><b>Antal repetitioner:<\/b> 12 repetitioner x 3 set<br \/>\n<b>Tr\u00e4nar:<\/b> Axlar<\/p>\n<p>H\u00e5ll st\u00e5ngen med \u00f6verhandsgrepp, med ungef\u00e4r en tummes avst\u00e5nd fr\u00e5n varandra. Det g\u00e5r ocks\u00e5 att h\u00e5lla bredare, om det k\u00e4nns mer naturligt. Lyft st\u00e5ngen tills de \u00e4r lite under halsen och se till att armb\u00e5garna alltid \u00e4r h\u00f6gre \u00e4n handlederna. Str\u00e4ck ut armen kontrollerat igen, och upprepa r\u00f6relsen.[\/vc_column_text][vc_single_image image=&#8221;21160&#8243; img_size=&#8221;full&#8221; alignment=&#8221;center&#8221;][vc_empty_space height=&#8221;60px&#8221;][\/vc_column][\/vc_row][vc_row][vc_column][vc_column_text]<\/p>\n<h2 style=\"text-align: left;\">10.<\/h2>\n<p><b>St\u00e5ende situps f\u00f6r mage (kr\u00e4ver tricepsrep<\/b>)<br \/>\n<b>Antal repetitioner:<\/b> 20 repetitioner x 3 set<br \/>\n<b>Tr\u00e4nar:<\/b> Mage<\/p>\n<p>F\u00e4st vajerf\u00e4stet i den \u00f6vre positionen och s\u00e4tt fast tricepsrepet. St\u00e5 en benl\u00e4ngd fr\u00e5n maskinen och placera tricepsrepet \u00f6ver nacken. H\u00e5ll i varje \u00e4nde, b\u00f6j p\u00e5 ryggen och g\u00f6r en situpsliknande r\u00f6relse. F\u00f6r repet lugnt och kontrollerat tillbaka.[\/vc_column_text][vc_single_image image=&#8221;21150&#8243; img_size=&#8221;full&#8221; alignment=&#8221;center&#8221;][vc_empty_space height=&#8221;60px&#8221;][\/vc_column][\/vc_row][vc_row][vc_column][vc_column_text]<\/p>\n<h2 style=\"text-align: left;\">11.<\/h2>\n<p><b>St\u00e5ende rotation<br \/>\n<\/b><b>Antal repetitioner:<\/b> 20 repetitioner x 3 set per sida<br \/>\n<b>Tr\u00e4nar:<\/b> Mage och rygg<\/p>\n<p>Justera vajerf\u00e4stet till det mittersta omr\u00e5det, och s\u00e4tt fast handtaget. St\u00e5 parallellt med maskinen och h\u00e5ll i handtaget med raka armar. Rotera i motsatt riktning med \u00f6verkroppen, samtidigt som du h\u00e5ller armarna raka.[\/vc_column_text][vc_single_image image=&#8221;21151&#8243; img_size=&#8221;full&#8221; alignment=&#8221;center&#8221;][vc_empty_space height=&#8221;60px&#8221;][\/vc_column][\/vc_row][vc_row][vc_column][vc_column_text]<\/p>\n<h2 style=\"text-align: left;\">12.<\/h2>\n<p><b>St\u00e5ende enhandsflies<br \/>\n<\/b><b>Antal repetitioner:<\/b> 12 repetitioner x 3 set per sida<br \/>\n<b>Tr\u00e4nar:<\/b> Br\u00f6st<\/p>\n<p>Justera vajerf\u00e4stet till br\u00f6sth\u00f6jd och s\u00e4tt fast handtaget. St\u00e5 parallellt med maskinen och h\u00e5ll i handtaget med rak arm. Dra armen horisontellt ut\u00e5t tills du passerar br\u00f6stkorgen. Det \u00e4r viktigt att du g\u00f6r r\u00f6relsen l\u00e5ngsamt tillbaka.[\/vc_column_text][vc_single_image image=&#8221;21155&#8243; img_size=&#8221;full&#8221; alignment=&#8221;center&#8221;][vc_empty_space height=&#8221;60px&#8221;][\/vc_column][\/vc_row][vc_row full_width=&#8221;stretch_row_content&#8221; css=&#8221;.vc_custom_1511169986551{background-color: #0a0000 !important;}&#8221;][vc_column][title text=&#8221;K\u00f6p din Abilica FlexTower nu.&#8221; tag=&#8221;h2&#8243; color=&#8221;#ffffff&#8221; text_align=&#8221;center&#8221;][vc_empty_space][\/vc_column][\/vc_row][vc_row][vc_column width=&#8221;1\/4&#8243;][\/vc_column][vc_column width=&#8221;1\/2&#8243;][product_mod id=&#8221;2383&#8243;][vc_empty_space][\/vc_column][vc_column width=&#8221;1\/4&#8243;][\/vc_column][\/vc_row][vc_row full_width=&#8221;stretch_row_content&#8221; full_height=&#8221;yes&#8221; css=&#8221;.vc_custom_1511170024590{background-image: url(https:\/\/abilica.com\/se\/wp-content\/uploads\/2017\/11\/sittende-ro-2.jpg?id=21140) !important;background-position: center !important;background-repeat: no-repeat !important;background-size: cover !important;}&#8221;][vc_column][\/vc_column][\/vc_row]<\/p>\n<\/div>","protected":false},"excerpt":{"rendered":"<p>[vc_row full_width=&#8221;stretch_row_content&#8221; full_height=&#8221;yes&#8221; columns_placement=&#8221;bottom&#8221; css=&#8221;.vc_custom_1511167972580{background-image: url(https:\/\/abilica.com\/se\/wp-content\/uploads\/2017\/11\/skr\u00e5-mage-1.jpg?id=21141) !important;background-position: center !important;background-repeat: no-repeat !important;background-size: cover !important;}&#8221;][vc_column width=&#8221;1\/3&#8243;][\/vc_column][vc_column width=&#8221;1\/3&#8243;][vc_icon&#8230;<\/p>\n","protected":false},"author":2,"featured_media":0,"parent":3041,"menu_order":0,"comment_status":"closed","ping_status":"closed","template":"","meta":{"_acf_changed":false,"footnotes":""},"class_list":["post-21120","page","type-page","status-publish","hentry"],"acf":[],"yoast_head":"<!-- This site is optimized with the Yoast SEO Premium plugin v21.1 (Yoast SEO v25.4) - https:\/\/yoast.com\/wordpress\/plugins\/seo\/ -->\n<title>Styrke\u00f6vningar med FlexTower | Tr\u00e4ningsprogram | Abilica<\/title>\n<meta name=\"description\" content=\"Beh\u00f6ver du \u00f6vningar f\u00f6r tr\u00e4ning med multigym? H\u00e4r hittar du ett skr\u00e4ddarsytt tr\u00e4ningsprogram f\u00f6r b\u00e4ttre styrka. Ladda ner gratis via app eller PDF!\" \/>\n<meta name=\"robots\" content=\"index, follow, max-snippet:-1, max-image-preview:large, max-video-preview:-1\" \/>\n<link rel=\"canonical\" href=\"https:\/\/abilica.com\/training-programs\/traningsprogram-till-abilica-flextower\/\" \/>\n<meta property=\"og:locale\" content=\"sv_SE\" \/>\n<meta property=\"og:type\" content=\"article\" \/>\n<meta property=\"og:title\" content=\"Tr\u00e4ningsprogram till Abilica FlexTower\" \/>\n<meta property=\"og:description\" content=\"Beh\u00f6ver du \u00f6vningar f\u00f6r tr\u00e4ning med multigym? H\u00e4r hittar du ett skr\u00e4ddarsytt tr\u00e4ningsprogram f\u00f6r b\u00e4ttre styrka. Ladda ner gratis via app eller PDF!\" \/>\n<meta property=\"og:url\" content=\"https:\/\/abilica.com\/training-programs\/traningsprogram-till-abilica-flextower\/\" \/>\n<meta property=\"og:site_name\" content=\"Abilica\" \/>\n<meta property=\"article:publisher\" content=\"https:\/\/www.facebook.com\/abilicahometraining\/\" \/>\n<meta property=\"article:modified_time\" content=\"2017-11-20T09:29:16+00:00\" \/>\n<meta name=\"twitter:card\" content=\"summary_large_image\" \/>\n<meta name=\"twitter:label1\" content=\"Ber\u00e4knad l\u00e4stid\" \/>\n\t<meta name=\"twitter:data1\" content=\"7 minuter\" \/>\n<script type=\"application\/ld+json\" class=\"yoast-schema-graph\">{\"@context\":\"https:\/\/schema.org\",\"@graph\":[{\"@type\":\"WebPage\",\"@id\":\"https:\/\/abilica.com\/training-programs\/traningsprogram-till-abilica-flextower\/\",\"url\":\"https:\/\/abilica.com\/training-programs\/traningsprogram-till-abilica-flextower\/\",\"name\":\"Styrke\u00f6vningar med FlexTower | Tr\u00e4ningsprogram | Abilica\",\"isPartOf\":{\"@id\":\"https:\/\/abilica.com\/#website\"},\"datePublished\":\"2017-11-20T08:41:43+00:00\",\"dateModified\":\"2017-11-20T09:29:16+00:00\",\"description\":\"Beh\u00f6ver du \u00f6vningar f\u00f6r tr\u00e4ning med multigym? H\u00e4r hittar du ett skr\u00e4ddarsytt tr\u00e4ningsprogram f\u00f6r b\u00e4ttre styrka. Ladda ner gratis via app eller PDF!\",\"breadcrumb\":{\"@id\":\"https:\/\/abilica.com\/training-programs\/traningsprogram-till-abilica-flextower\/#breadcrumb\"},\"inLanguage\":\"sv-SE\",\"potentialAction\":[{\"@type\":\"ReadAction\",\"target\":[\"https:\/\/abilica.com\/training-programs\/traningsprogram-till-abilica-flextower\/\"]}]},{\"@type\":\"BreadcrumbList\",\"@id\":\"https:\/\/abilica.com\/training-programs\/traningsprogram-till-abilica-flextower\/#breadcrumb\",\"itemListElement\":[{\"@type\":\"ListItem\",\"position\":1,\"name\":\"Hem\",\"item\":\"https:\/\/abilica.com\/sv\/\"},{\"@type\":\"ListItem\",\"position\":2,\"name\":\"Tr\u00e4ningsprogram\",\"item\":\"https:\/\/abilica.com\/sv\/traningsprogram\/\"},{\"@type\":\"ListItem\",\"position\":3,\"name\":\"Tr\u00e4ningsprogram till Abilica FlexTower\"}]},{\"@type\":\"WebSite\",\"@id\":\"https:\/\/abilica.com\/#website\",\"url\":\"https:\/\/abilica.com\/\",\"name\":\"Abilica\",\"description\":\"Abilica Home Training\",\"potentialAction\":[{\"@type\":\"SearchAction\",\"target\":{\"@type\":\"EntryPoint\",\"urlTemplate\":\"https:\/\/abilica.com\/?s={search_term_string}\"},\"query-input\":{\"@type\":\"PropertyValueSpecification\",\"valueRequired\":true,\"valueName\":\"search_term_string\"}}],\"inLanguage\":\"sv-SE\"}]}<\/script>\n<!-- \/ Yoast SEO Premium plugin. -->","yoast_head_json":{"title":"Styrke\u00f6vningar med FlexTower | Tr\u00e4ningsprogram | Abilica","description":"Beh\u00f6ver du \u00f6vningar f\u00f6r tr\u00e4ning med multigym? H\u00e4r hittar du ett skr\u00e4ddarsytt tr\u00e4ningsprogram f\u00f6r b\u00e4ttre styrka. Ladda ner gratis via app eller PDF!","robots":{"index":"index","follow":"follow","max-snippet":"max-snippet:-1","max-image-preview":"max-image-preview:large","max-video-preview":"max-video-preview:-1"},"canonical":"https:\/\/abilica.com\/training-programs\/traningsprogram-till-abilica-flextower\/","og_locale":"sv_SE","og_type":"article","og_title":"Tr\u00e4ningsprogram till Abilica FlexTower","og_description":"Beh\u00f6ver du \u00f6vningar f\u00f6r tr\u00e4ning med multigym? H\u00e4r hittar du ett skr\u00e4ddarsytt tr\u00e4ningsprogram f\u00f6r b\u00e4ttre styrka. Ladda ner gratis via app eller PDF!","og_url":"https:\/\/abilica.com\/training-programs\/traningsprogram-till-abilica-flextower\/","og_site_name":"Abilica","article_publisher":"https:\/\/www.facebook.com\/abilicahometraining\/","article_modified_time":"2017-11-20T09:29:16+00:00","twitter_card":"summary_large_image","twitter_misc":{"Ber\u00e4knad l\u00e4stid":"7 minuter"},"schema":{"@context":"https:\/\/schema.org","@graph":[{"@type":"WebPage","@id":"https:\/\/abilica.com\/training-programs\/traningsprogram-till-abilica-flextower\/","url":"https:\/\/abilica.com\/training-programs\/traningsprogram-till-abilica-flextower\/","name":"Styrke\u00f6vningar med FlexTower | Tr\u00e4ningsprogram | Abilica","isPartOf":{"@id":"https:\/\/abilica.com\/#website"},"datePublished":"2017-11-20T08:41:43+00:00","dateModified":"2017-11-20T09:29:16+00:00","description":"Beh\u00f6ver du \u00f6vningar f\u00f6r tr\u00e4ning med multigym? H\u00e4r hittar du ett skr\u00e4ddarsytt tr\u00e4ningsprogram f\u00f6r b\u00e4ttre styrka. Ladda ner gratis via app eller PDF!","breadcrumb":{"@id":"https:\/\/abilica.com\/training-programs\/traningsprogram-till-abilica-flextower\/#breadcrumb"},"inLanguage":"sv-SE","potentialAction":[{"@type":"ReadAction","target":["https:\/\/abilica.com\/training-programs\/traningsprogram-till-abilica-flextower\/"]}]},{"@type":"BreadcrumbList","@id":"https:\/\/abilica.com\/training-programs\/traningsprogram-till-abilica-flextower\/#breadcrumb","itemListElement":[{"@type":"ListItem","position":1,"name":"Hem","item":"https:\/\/abilica.com\/sv\/"},{"@type":"ListItem","position":2,"name":"Tr\u00e4ningsprogram","item":"https:\/\/abilica.com\/sv\/traningsprogram\/"},{"@type":"ListItem","position":3,"name":"Tr\u00e4ningsprogram till Abilica FlexTower"}]},{"@type":"WebSite","@id":"https:\/\/abilica.com\/#website","url":"https:\/\/abilica.com\/","name":"Abilica","description":"Abilica Home Training","potentialAction":[{"@type":"SearchAction","target":{"@type":"EntryPoint","urlTemplate":"https:\/\/abilica.com\/?s={search_term_string}"},"query-input":{"@type":"PropertyValueSpecification","valueRequired":true,"valueName":"search_term_string"}}],"inLanguage":"sv-SE"}]}},"_links":{"self":[{"href":"https:\/\/abilica.com\/sv\/wp-json\/wp\/v2\/pages\/21120","targetHints":{"allow":["GET"]}}],"collection":[{"href":"https:\/\/abilica.com\/sv\/wp-json\/wp\/v2\/pages"}],"about":[{"href":"https:\/\/abilica.com\/sv\/wp-json\/wp\/v2\/types\/page"}],"author":[{"embeddable":true,"href":"https:\/\/abilica.com\/sv\/wp-json\/wp\/v2\/users\/2"}],"replies":[{"embeddable":true,"href":"https:\/\/abilica.com\/sv\/wp-json\/wp\/v2\/comments?post=21120"}],"version-history":[{"count":0,"href":"https:\/\/abilica.com\/sv\/wp-json\/wp\/v2\/pages\/21120\/revisions"}],"up":[{"embeddable":true,"href":"https:\/\/abilica.com\/sv\/wp-json\/wp\/v2\/pages\/3041"}],"wp:attachment":[{"href":"https:\/\/abilica.com\/sv\/wp-json\/wp\/v2\/media?parent=21120"}],"curies":[{"name":"wp","href":"https:\/\/api.w.org\/{rel}","templated":true}]}}