{"id":21568,"date":"2017-11-29T14:27:58","date_gmt":"2017-11-29T13:27:58","guid":{"rendered":"https:\/\/abilica.com\/se\/?page_id=21568"},"modified":"2021-01-20T11:37:25","modified_gmt":"2021-01-20T10:37:25","slug":"abilica-yoga","status":"publish","type":"page","link":"https:\/\/abilica.com\/sv\/abilica-yoga\/","title":{"rendered":"Abilica Yoga"},"content":{"rendered":"<div class=\"wpb-content-wrapper\"><p>[vc_row full_width=&#8221;stretch_row_content&#8221; full_height=&#8221;yes&#8221; columns_placement=&#8221;bottom&#8221; content_placement=&#8221;bottom&#8221; css=&#8221;.vc_custom_1511962286855{padding-right: 0px !important;padding-left: 0px !important;background-image: url(https:\/\/abilica.com\/se\/wp-content\/uploads\/2017\/09\/Yoga-2.jpg?id=20017) !important;background-position: center !important;background-repeat: no-repeat !important;background-size: cover !important;}&#8221;][vc_column css=&#8221;.vc_custom_1481535811428{padding-right: 0px !important;padding-left: 0px !important;}&#8221;][vc_column_text]<\/p>\n<h2 style=\"text-align: center;\"><span style=\"color: #ffffff;\">L\u00e4s mer om yogatr\u00e4ning<\/span><\/h2>\n<p>[\/vc_column_text][vc_icon icon_fontawesome=&#8221;fa fa-angle-down&#8221; color=&#8221;white&#8221; size=&#8221;xl&#8221; align=&#8221;center&#8221; css_animation=&#8221;none&#8221;][\/vc_column][\/vc_row][vc_row css=&#8221;.vc_custom_1513084100912{padding-right: 25px !important;padding-left: 25px !important;background-position: center !important;background-repeat: no-repeat !important;background-size: cover !important;}&#8221;][vc_column css=&#8221;.vc_custom_1481535811428{padding-right: 0px !important;padding-left: 0px !important;}&#8221;][vc_empty_space][vc_column_text css_animation=&#8221;fadeInUp&#8221;]<\/p>\n<h1 style=\"text-align: center;\">Abilica Yoga<\/h1>\n<h3 style=\"text-align: center;\">Varva ner med yoga.<\/h3>\n<p>[\/vc_column_text][vc_column_text css_animation=&#8221;fadeInUp&#8221;]<\/p>\n<p style=\"text-align: center;\">Yoga blir mer och mer popul\u00e4rt, inte bara bland kvinnor utan \u00e4ven bland m\u00e4n. Yoga \u00f6kar r\u00f6rligheten och f\u00e5r kroppen i balans. Ordet yoga betyder f\u00f6rening eller union och hj\u00e4lper dig att slappna av och \u00e5terknyta kontakten med ditt inre jag. P\u00e5 detta s\u00e4tt definieras yoga genom att sinnet, kropp och sj\u00e4l blir ett med hj\u00e4lp av olika yoga\u00f6vningar. Det finns m\u00e5nga olika typer av yoga, men huvuddragen i alla yoga typer \u00e4r ungef\u00e4r det samma. Yoga \u00e4r l\u00e4mplig f\u00f6r alla och framf\u00f6r allt f\u00f6rb\u00e4ttrar den balans, smidighet, koncentration, andning och styrka. Du har\u00a0l\u00e4ttare f\u00f6r att koppla av om du tr\u00e4nar yoga, och samtidigt v\u00e4nda dig bort fr\u00e5n omv\u00e4rlden och s\u00e4tta fullt fokus p\u00e5 andningen och verkligen lyssna p\u00e5 dig sj\u00e4lv och din kropp. Som samh\u00e4llet har utvecklats blir det allt viktigare att slappna av n\u00e4r tempot \u00f6kar omkring dig. Hitta din typ av yoga och undvika att kopiera andra. Du tar reda p\u00e5 sj\u00e4lv vad som passar dig b\u00e4st.<\/p>\n<p>[\/vc_column_text][vc_empty_space][\/vc_column][\/vc_row][vc_row full_width=&#8221;stretch_row_content&#8221; full_height=&#8221;yes&#8221; css=&#8221;.vc_custom_1511962502326{padding-right: 0px !important;padding-left: 0px !important;background-image: url(https:\/\/abilica.com\/se\/wp-content\/uploads\/2017\/08\/yoga4.jpg?id=19557) !important;background-position: center !important;background-repeat: no-repeat !important;background-size: cover !important;}&#8221;][vc_column css=&#8221;.vc_custom_1481535811428{padding-right: 0px !important;padding-left: 0px !important;}&#8221;][\/vc_column][\/vc_row][vc_row full_width=&#8221;stretch_row_content&#8221; css=&#8221;.vc_custom_1511962770849{padding-right: 0px !important;padding-left: 0px !important;background-position: center !important;background-repeat: no-repeat !important;background-size: cover !important;}&#8221;][vc_column css=&#8221;.vc_custom_1481535811428{padding-right: 0px !important;padding-left: 0px !important;}&#8221;][vc_empty_space][vc_column_text css_animation=&#8221;fadeInUp&#8221;]<\/p>\n<h1 style=\"text-align: center;\">K\u00f6p din yogamatta nu<\/h1>\n<h3 style=\"text-align: center;\"><\/h3>\n<p>[\/vc_column_text][vc_row_inner][vc_column_inner width=&#8221;1\/4&#8243;][product_mod id=&#8221;25550&#8243;][\/vc_column_inner][vc_column_inner width=&#8221;1\/4&#8243;][product_mod id=&#8221;25500&#8243;][\/vc_column_inner][vc_column_inner width=&#8221;1\/4&#8243;][product_mod id=&#8221;26019&#8243;][\/vc_column_inner][vc_column_inner width=&#8221;1\/4&#8243;][product_mod id=&#8221;2714&#8243;][\/vc_column_inner][\/vc_row_inner][vc_empty_space height=&#8221;90px&#8221;][vc_column_text css_animation=&#8221;fadeInUp&#8221;]<\/p>\n<h2 style=\"text-align: center;\"><a href=\"https:\/\/abilica.com\/se\/yoga\/yogamatta\/\">Se alla v\u00e5ra yogamattor<\/a><\/h2>\n<p>[\/vc_column_text][vc_empty_space][\/vc_column][\/vc_row][vc_row full_width=&#8221;stretch_row_content&#8221; full_height=&#8221;yes&#8221; css=&#8221;.vc_custom_1511963196792{padding-right: 0px !important;padding-left: 0px !important;background-image: url(https:\/\/abilica.com\/se\/wp-content\/uploads\/2017\/11\/yoga-1.jpg?id=21581) !important;background-position: center !important;background-repeat: no-repeat !important;background-size: cover !important;}&#8221;][vc_column css=&#8221;.vc_custom_1481535811428{padding-right: 0px !important;padding-left: 0px !important;}&#8221;][\/vc_column][\/vc_row][vc_row full_width=&#8221;stretch_row_content&#8221; css=&#8221;.vc_custom_1511963375926{padding-right: 0px !important;padding-left: 0px !important;background-position: center !important;background-repeat: no-repeat !important;background-size: cover !important;}&#8221;][vc_column css=&#8221;.vc_custom_1481535811428{padding-right: 0px !important;padding-left: 0px !important;}&#8221;][vc_empty_space][vc_column_text css_animation=&#8221;fadeInUp&#8221;]<\/p>\n<h1 style=\"text-align: center;\">Yogatillbeh\u00f6r<\/h1>\n<h3 style=\"text-align: center;\">Hj\u00e4lpmedel som g\u00f6r det l\u00e4ttare att utf\u00f6ra yoga\u00f6vningar.<\/h3>\n<h3 style=\"text-align: center;\"><\/h3>\n<p>[\/vc_column_text][vc_row_inner][vc_column_inner width=&#8221;1\/4&#8243;][product_mod id=&#8221;26195&#8243;][\/vc_column_inner][vc_column_inner width=&#8221;1\/4&#8243;][product_mod id=&#8221;19221&#8243;][\/vc_column_inner][vc_column_inner width=&#8221;1\/4&#8243;][product_mod id=&#8221;2335&#8243;][\/vc_column_inner][vc_column_inner width=&#8221;1\/4&#8243;][product_mod id=&#8221;27698&#8243;][\/vc_column_inner][\/vc_row_inner][vc_empty_space height=&#8221;62px&#8221;][\/vc_column][\/vc_row][vc_row full_width=&#8221;stretch_row_content&#8221; full_height=&#8221;yes&#8221; css=&#8221;.vc_custom_1511963504039{padding-right: 0px !important;padding-left: 0px !important;background-image: url(https:\/\/abilica.com\/se\/wp-content\/uploads\/2017\/04\/yoga3.jpg?id=17805) !important;background-position: center !important;background-repeat: no-repeat !important;background-size: cover !important;}&#8221;][vc_column css=&#8221;.vc_custom_1481535811428{padding-right: 0px !important;padding-left: 0px !important;}&#8221;][\/vc_column][\/vc_row]<\/p>\n<\/div>","protected":false},"excerpt":{"rendered":"<p>[vc_row full_width=&#8221;stretch_row_content&#8221; full_height=&#8221;yes&#8221; columns_placement=&#8221;bottom&#8221; content_placement=&#8221;bottom&#8221; css=&#8221;.vc_custom_1511962286855{padding-right: 0px !important;padding-left: 0px !important;background-image: url(https:\/\/abilica.com\/se\/wp-content\/uploads\/2017\/09\/Yoga-2.jpg?id=20017) !important;background-position: center !important;background-repeat: no-repeat&#8230;<\/p>\n","protected":false},"author":2,"featured_media":0,"parent":0,"menu_order":0,"comment_status":"closed","ping_status":"closed","template":"","meta":{"_acf_changed":false,"footnotes":""},"class_list":["post-21568","page","type-page","status-publish","hentry"],"acf":[],"yoast_head":"<!-- This site is optimized with the Yoast SEO Premium plugin v21.1 (Yoast SEO v25.4) - https:\/\/yoast.com\/wordpress\/plugins\/seo\/ -->\n<title>Abilica Yoga &#8226; Abilica<\/title>\n<meta name=\"robots\" content=\"index, follow, max-snippet:-1, max-image-preview:large, max-video-preview:-1\" \/>\n<link rel=\"canonical\" href=\"https:\/\/abilica.com\/abilica-yoga\/\" \/>\n<meta property=\"og:locale\" content=\"sv_SE\" \/>\n<meta property=\"og:type\" content=\"article\" \/>\n<meta property=\"og:title\" content=\"Abilica Yoga\" \/>\n<meta property=\"og:description\" content=\"[vc_row full_width=&#8221;stretch_row_content&#8221; full_height=&#8221;yes&#8221; columns_placement=&#8221;bottom&#8221; content_placement=&#8221;bottom&#8221; css=&#8221;.vc_custom_1511962286855{padding-right: 0px !important;padding-left: 0px !important;background-image: url(https:\/\/abilica.com\/se\/wp-content\/uploads\/2017\/09\/Yoga-2.jpg?id=20017) !important;background-position: center !important;background-repeat: no-repeat...\" \/>\n<meta property=\"og:url\" content=\"https:\/\/abilica.com\/abilica-yoga\/\" \/>\n<meta property=\"og:site_name\" content=\"Abilica\" \/>\n<meta property=\"article:publisher\" content=\"https:\/\/www.facebook.com\/abilicahometraining\/\" \/>\n<meta property=\"article:modified_time\" content=\"2021-01-20T10:37:25+00:00\" \/>\n<meta name=\"twitter:card\" content=\"summary_large_image\" \/>\n<meta name=\"twitter:label1\" content=\"Ber\u00e4knad l\u00e4stid\" \/>\n\t<meta name=\"twitter:data1\" content=\"4 minuter\" \/>\n<script type=\"application\/ld+json\" class=\"yoast-schema-graph\">{\"@context\":\"https:\/\/schema.org\",\"@graph\":[{\"@type\":\"WebPage\",\"@id\":\"https:\/\/abilica.com\/abilica-yoga\/\",\"url\":\"https:\/\/abilica.com\/abilica-yoga\/\",\"name\":\"Abilica Yoga &#8226; Abilica\",\"isPartOf\":{\"@id\":\"https:\/\/abilica.com\/#website\"},\"datePublished\":\"2017-11-29T13:27:58+00:00\",\"dateModified\":\"2021-01-20T10:37:25+00:00\",\"breadcrumb\":{\"@id\":\"https:\/\/abilica.com\/abilica-yoga\/#breadcrumb\"},\"inLanguage\":\"sv-SE\",\"potentialAction\":[{\"@type\":\"ReadAction\",\"target\":[\"https:\/\/abilica.com\/abilica-yoga\/\"]}]},{\"@type\":\"BreadcrumbList\",\"@id\":\"https:\/\/abilica.com\/abilica-yoga\/#breadcrumb\",\"itemListElement\":[{\"@type\":\"ListItem\",\"position\":1,\"name\":\"Hem\",\"item\":\"https:\/\/abilica.com\/sv\/\"},{\"@type\":\"ListItem\",\"position\":2,\"name\":\"Abilica Yoga\"}]},{\"@type\":\"WebSite\",\"@id\":\"https:\/\/abilica.com\/#website\",\"url\":\"https:\/\/abilica.com\/\",\"name\":\"Abilica\",\"description\":\"Abilica Home Training\",\"potentialAction\":[{\"@type\":\"SearchAction\",\"target\":{\"@type\":\"EntryPoint\",\"urlTemplate\":\"https:\/\/abilica.com\/?s={search_term_string}\"},\"query-input\":{\"@type\":\"PropertyValueSpecification\",\"valueRequired\":true,\"valueName\":\"search_term_string\"}}],\"inLanguage\":\"sv-SE\"}]}<\/script>\n<!-- \/ Yoast SEO Premium plugin. -->","yoast_head_json":{"title":"Abilica Yoga &#8226; Abilica","robots":{"index":"index","follow":"follow","max-snippet":"max-snippet:-1","max-image-preview":"max-image-preview:large","max-video-preview":"max-video-preview:-1"},"canonical":"https:\/\/abilica.com\/abilica-yoga\/","og_locale":"sv_SE","og_type":"article","og_title":"Abilica Yoga","og_description":"[vc_row full_width=&#8221;stretch_row_content&#8221; full_height=&#8221;yes&#8221; columns_placement=&#8221;bottom&#8221; content_placement=&#8221;bottom&#8221; css=&#8221;.vc_custom_1511962286855{padding-right: 0px !important;padding-left: 0px !important;background-image: url(https:\/\/abilica.com\/se\/wp-content\/uploads\/2017\/09\/Yoga-2.jpg?id=20017) !important;background-position: center !important;background-repeat: no-repeat...","og_url":"https:\/\/abilica.com\/abilica-yoga\/","og_site_name":"Abilica","article_publisher":"https:\/\/www.facebook.com\/abilicahometraining\/","article_modified_time":"2021-01-20T10:37:25+00:00","twitter_card":"summary_large_image","twitter_misc":{"Ber\u00e4knad l\u00e4stid":"4 minuter"},"schema":{"@context":"https:\/\/schema.org","@graph":[{"@type":"WebPage","@id":"https:\/\/abilica.com\/abilica-yoga\/","url":"https:\/\/abilica.com\/abilica-yoga\/","name":"Abilica Yoga &#8226; Abilica","isPartOf":{"@id":"https:\/\/abilica.com\/#website"},"datePublished":"2017-11-29T13:27:58+00:00","dateModified":"2021-01-20T10:37:25+00:00","breadcrumb":{"@id":"https:\/\/abilica.com\/abilica-yoga\/#breadcrumb"},"inLanguage":"sv-SE","potentialAction":[{"@type":"ReadAction","target":["https:\/\/abilica.com\/abilica-yoga\/"]}]},{"@type":"BreadcrumbList","@id":"https:\/\/abilica.com\/abilica-yoga\/#breadcrumb","itemListElement":[{"@type":"ListItem","position":1,"name":"Hem","item":"https:\/\/abilica.com\/sv\/"},{"@type":"ListItem","position":2,"name":"Abilica Yoga"}]},{"@type":"WebSite","@id":"https:\/\/abilica.com\/#website","url":"https:\/\/abilica.com\/","name":"Abilica","description":"Abilica Home Training","potentialAction":[{"@type":"SearchAction","target":{"@type":"EntryPoint","urlTemplate":"https:\/\/abilica.com\/?s={search_term_string}"},"query-input":{"@type":"PropertyValueSpecification","valueRequired":true,"valueName":"search_term_string"}}],"inLanguage":"sv-SE"}]}},"_links":{"self":[{"href":"https:\/\/abilica.com\/sv\/wp-json\/wp\/v2\/pages\/21568","targetHints":{"allow":["GET"]}}],"collection":[{"href":"https:\/\/abilica.com\/sv\/wp-json\/wp\/v2\/pages"}],"about":[{"href":"https:\/\/abilica.com\/sv\/wp-json\/wp\/v2\/types\/page"}],"author":[{"embeddable":true,"href":"https:\/\/abilica.com\/sv\/wp-json\/wp\/v2\/users\/2"}],"replies":[{"embeddable":true,"href":"https:\/\/abilica.com\/sv\/wp-json\/wp\/v2\/comments?post=21568"}],"version-history":[{"count":0,"href":"https:\/\/abilica.com\/sv\/wp-json\/wp\/v2\/pages\/21568\/revisions"}],"wp:attachment":[{"href":"https:\/\/abilica.com\/sv\/wp-json\/wp\/v2\/media?parent=21568"}],"curies":[{"name":"wp","href":"https:\/\/api.w.org\/{rel}","templated":true}]}}