{"id":21629,"date":"2017-12-01T12:13:00","date_gmt":"2017-12-01T11:13:00","guid":{"rendered":"https:\/\/abilica.com\/se\/?page_id=21629"},"modified":"2019-10-01T14:30:21","modified_gmt":"2019-10-01T13:30:21","slug":"abilica-lopband","status":"publish","type":"page","link":"https:\/\/abilica.com\/sv\/abilica-lopband\/","title":{"rendered":"Abilica l\u00f6pband"},"content":{"rendered":"<div class=\"wpb-content-wrapper\"><p>[vc_row full_width=&#8221;stretch_row_content&#8221; full_height=&#8221;yes&#8221; columns_placement=&#8221;bottom&#8221; content_placement=&#8221;bottom&#8221; css=&#8221;.vc_custom_1512126846372{padding-right: 0px !important;padding-left: 0px !important;background-image: url(https:\/\/abilica.com\/se\/wp-content\/uploads\/2017\/11\/abilica_hjemmetrening_02_11_170136.jpg?id=21218) !important;background-position: center !important;background-repeat: no-repeat !important;background-size: cover !important;}&#8221;][vc_column css=&#8221;.vc_custom_1481535811428{padding-right: 0px !important;padding-left: 0px !important;}&#8221;][vc_column_text]<\/p>\n<h2 style=\"text-align: center;\"><span style=\"color: #ffffff;\">L\u00e4s mer om tr\u00e4ning med l\u00f6pband<\/span><\/h2>\n<p>[\/vc_column_text][vc_icon icon_fontawesome=&#8221;fa fa-angle-down&#8221; color=&#8221;white&#8221; size=&#8221;xl&#8221; align=&#8221;center&#8221; css_animation=&#8221;none&#8221;][\/vc_column][\/vc_row][vc_row css=&#8221;.vc_custom_1513083579508{padding-right: 25px !important;padding-left: 25px !important;background-position: center !important;background-repeat: no-repeat !important;background-size: cover !important;}&#8221;][vc_column css=&#8221;.vc_custom_1481535811428{padding-right: 0px !important;padding-left: 0px !important;}&#8221;][vc_empty_space][vc_column_text css_animation=&#8221;fadeInUp&#8221;]<\/p>\n<h1 style=\"text-align: center;\">Abilica Running<\/h1>\n<h3 style=\"text-align: center;\">Tr\u00e4na din kondition hemma.<\/h3>\n<p>[\/vc_column_text][vc_column_text css_animation=&#8221;fadeInUp&#8221;]<\/p>\n<p style=\"text-align: center;\">M\u00e5nga lovordar l\u00f6pbandet som en del av sitt tr\u00e4ningsprogram, grupptr\u00e4ning p\u00e5 l\u00f6pband har skapat intresse hos m\u00e5nga och flera hundra tr\u00e4ningstimmar sker p\u00e5 l\u00f6pband varje dag.\u00a0\u00a0L\u00f6pbandet reducerar inte bara belastningen p\u00e5 kroppen, det ger \u00e4ven m\u00e5nga olika f\u00f6rdelar!\u00a0Dra nytta av alla m\u00f6jligheter som l\u00f6pbandet ger dig. Genom att trycka n\u00e5gra extra g\u00e5nger p\u00e5 hastighetsknappen f\u00e5r du en b\u00e4ttre och effektivare tr\u00e4ning j\u00e4mf\u00f6rt med l\u00e5nga och sega timmar p\u00e5 ett l\u00f6pband. F\u00e5 upp pulsen genom intervaller, intervalltr\u00e4ning eller springa i uppf\u00f6rsbacke.\u00a0Det j\u00e4mna underlaget p\u00e5 ett l\u00f6pband och den stabila hastigheten g\u00f6r det upplagt f\u00f6r att tr\u00e4na l\u00f6pteknik. Anv\u00e4nd en del av tr\u00e4ningen p\u00e5 att v\u00e4xla mellan kortare steg, korrigerad fotis\u00e4ttning och kroppsposition \u2013 detta ger m\u00f6jlighet att finputsa l\u00f6ptekniken.<\/p>\n<p>[\/vc_column_text][vc_empty_space][\/vc_column][\/vc_row][vc_row full_width=&#8221;stretch_row_content&#8221; full_height=&#8221;yes&#8221; css=&#8221;.vc_custom_1512128356868{padding-right: 0px !important;padding-left: 0px !important;background-image: url(https:\/\/abilica.com\/se\/wp-content\/uploads\/2017\/12\/abilica_hjemmetrening_02_11_170158.jpg?id=21649) !important;background-position: center !important;background-repeat: no-repeat !important;background-size: cover !important;}&#8221;][vc_column css=&#8221;.vc_custom_1481535811428{padding-right: 0px !important;padding-left: 0px !important;}&#8221;][\/vc_column][\/vc_row][vc_row full_width=&#8221;stretch_row_content&#8221; css=&#8221;.vc_custom_1511962770849{padding-right: 0px !important;padding-left: 0px !important;background-position: center !important;background-repeat: no-repeat !important;background-size: cover !important;}&#8221;][vc_column css=&#8221;.vc_custom_1481535811428{padding-right: 0px !important;padding-left: 0px !important;}&#8221;][vc_empty_space][vc_column_text css_animation=&#8221;fadeInUp&#8221;]<\/p>\n<h1 style=\"text-align: center;\">K\u00f6p ditt l\u00f6pband nu<\/h1>\n<h3 style=\"text-align: center;\"><\/h3>\n<p>[\/vc_column_text][vc_empty_space][vc_row_inner][vc_column_inner width=&#8221;1\/3&#8243;][product_mod id=&#8221;2441&#8243;][\/vc_column_inner][vc_column_inner width=&#8221;1\/3&#8243;][product_mod id=&#8221;19264&#8243;][\/vc_column_inner][vc_column_inner width=&#8221;1\/3&#8243;][product_mod id=&#8221;19218&#8243;][\/vc_column_inner][\/vc_row_inner][vc_empty_space height=&#8221;90px&#8221;][vc_column_text css_animation=&#8221;fadeInUp&#8221;]<\/p>\n<h2 style=\"text-align: center;\"><a href=\"https:\/\/abilica.com\/se\/kondition\/lopband\/\">Se alla v\u00e5ra l\u00f6pband<\/a><\/h2>\n<p>[\/vc_column_text][vc_empty_space height=&#8221;62px&#8221;][\/vc_column][\/vc_row][vc_row full_width=&#8221;stretch_row_content&#8221; full_height=&#8221;yes&#8221; css=&#8221;.vc_custom_1512128284424{padding-right: 0px !important;padding-left: 0px !important;background-image: url(https:\/\/abilica.com\/se\/wp-content\/uploads\/2017\/12\/abilica_hjemmetrening_02_11_170094.jpg?id=21646) !important;background-position: center !important;background-repeat: no-repeat !important;background-size: cover !important;}&#8221;][vc_column css=&#8221;.vc_custom_1481535811428{padding-right: 0px !important;padding-left: 0px !important;}&#8221;][\/vc_column][\/vc_row][vc_row full_width=&#8221;stretch_row_content&#8221; css=&#8221;.vc_custom_1511963375926{padding-right: 0px !important;padding-left: 0px !important;background-position: center !important;background-repeat: no-repeat !important;background-size: cover !important;}&#8221;][vc_column css=&#8221;.vc_custom_1481535811428{padding-right: 0px !important;padding-left: 0px !important;}&#8221;][vc_empty_space][vc_column_text css_animation=&#8221;fadeInUp&#8221;]<\/p>\n<h1 style=\"text-align: center;\">Tillbeh\u00f6r till l\u00f6pbandet<\/h1>\n<h3 style=\"text-align: center;\">G\u00f6r tr\u00e4ningen mer komplett.<\/h3>\n<h3 style=\"text-align: center;\"><\/h3>\n<p>[\/vc_column_text][vc_row_inner][vc_column_inner width=&#8221;1\/4&#8243;][product_mod id=&#8221;2227&#8243;][\/vc_column_inner][vc_column_inner width=&#8221;1\/4&#8243;][product_mod id=&#8221;2542&#8243;][\/vc_column_inner][vc_column_inner width=&#8221;1\/4&#8243;][product_mod id=&#8221;2351&#8243;][\/vc_column_inner][vc_column_inner width=&#8221;1\/4&#8243;][product_mod id=&#8221;19358&#8243;][\/vc_column_inner][\/vc_row_inner][vc_empty_space height=&#8221;62px&#8221;][\/vc_column][\/vc_row][vc_row full_width=&#8221;stretch_row_content&#8221; full_height=&#8221;yes&#8221; css=&#8221;.vc_custom_1512128296166{padding-right: 0px !important;padding-left: 0px !important;background-image: url(https:\/\/abilica.com\/se\/wp-content\/uploads\/2017\/12\/abilica_hjemmetrening_02_11_170054.jpg?id=21647) !important;background-position: center !important;background-repeat: no-repeat !important;background-size: cover !important;}&#8221;][vc_column css=&#8221;.vc_custom_1481535811428{padding-right: 0px !important;padding-left: 0px !important;}&#8221;][\/vc_column][\/vc_row][vc_row css=&#8221;.vc_custom_1513083585710{padding-right: 25px !important;padding-left: 25px !important;background-position: center !important;background-repeat: no-repeat !important;background-size: cover !important;}&#8221;][vc_column css=&#8221;.vc_custom_1481535811428{padding-right: 0px !important;padding-left: 0px !important;}&#8221;][vc_empty_space][vc_column_text css_animation=&#8221;fadeInUp&#8221;]<\/p>\n<h1 style=\"text-align: center;\">Abilica Stream<\/h1>\n<h3 style=\"text-align: center;\">Spring vart du vill, n\u00e4r du vill.<\/h3>\n<p>[\/vc_column_text][vc_column_text css_animation=&#8221;fadeInUp&#8221;]<\/p>\n<h3 style=\"text-align: center;\"><a href=\"https:\/\/abilica.com\/se\/wp-content\/uploads\/2017\/12\/Abilica-on-all-devices-1.jpg\"><img loading=\"lazy\" decoding=\"async\" class=\"alignnone size-full wp-image-21790\" src=\"https:\/\/abilica.com\/se\/wp-content\/uploads\/2017\/12\/Abilica-on-all-devices-1.jpg\" alt=\"\" width=\"1950\" height=\"1200\" srcset=\"https:\/\/abilica.com\/wp-content\/uploads\/2017\/12\/Abilica-on-all-devices-1.jpg 1950w, https:\/\/abilica.com\/wp-content\/uploads\/2017\/12\/Abilica-on-all-devices-1-500x308.jpg 500w, https:\/\/abilica.com\/wp-content\/uploads\/2017\/12\/Abilica-on-all-devices-1-960x591.jpg 960w, https:\/\/abilica.com\/wp-content\/uploads\/2017\/12\/Abilica-on-all-devices-1-300x185.jpg 300w, https:\/\/abilica.com\/wp-content\/uploads\/2017\/12\/Abilica-on-all-devices-1-768x473.jpg 768w, https:\/\/abilica.com\/wp-content\/uploads\/2017\/12\/Abilica-on-all-devices-1-1024x630.jpg 1024w\" sizes=\"auto, (max-width: 1950px) 100vw, 1950px\" \/><\/a>Tr\u00e4na mer och b\u00e4ttre med tr\u00e5dl\u00f6s teknologi.<\/h3>\n<p style=\"text-align: center;\">Med hj\u00e4lp av Bluetooth kopplas Abilica Stream-maskinerna tr\u00e5dl\u00f6st till din surfplatta eller din smarttelefon och \u00f6ppnar upp en helt ny v\u00e4rld av m\u00f6jligheter.\u00a0Du v\u00e4ljer sj\u00e4lv din tr\u00e4ningsrunda i Google Maps och via Google Street View f\u00e5r du k\u00e4nslan av att vara p\u00e5 plats.\u00a0Abilica Stream justerar med automatik motst\u00e5ndet eller lutningen f\u00f6r att simulera f\u00f6r\u00e4ndringar i terr\u00e4ngen.<\/p>\n<p style=\"text-align: center;\">Byt morgonpasset en gr\u00e5 vardag till strandpromenaden i Thailand eller s\u00e4tt dig p\u00e5 prov i New York Marathon.<\/p>\n<p>[\/vc_column_text][\/vc_column][\/vc_row][vc_row css=&#8221;.vc_custom_1511944579961{padding-right: 0px !important;padding-left: 0px !important;background-position: center !important;background-repeat: no-repeat !important;background-size: cover !important;}&#8221;][vc_column css=&#8221;.vc_custom_1481535811428{padding-right: 0px !important;padding-left: 0px !important;}&#8221;][vc_btn title=&#8221;L\u00e4s mer om Abilica Stream&#8221; style=&#8221;flat&#8221; color=&#8221;inverse&#8221; align=&#8221;center&#8221; i_icon_fontawesome=&#8221;fa fa-bluetooth-b&#8221; css_animation=&#8221;fadeInUp&#8221; add_icon=&#8221;true&#8221; link=&#8221;url:http%3A%2F%2Fabilica.com\/se%2Fabilica-stream%2F|||&#8221;][vc_empty_space][vc_empty_space][\/vc_column][\/vc_row][vc_row full_width=&#8221;stretch_row_content&#8221; full_height=&#8221;yes&#8221; css=&#8221;.vc_custom_1512128172716{padding-right: 0px !important;padding-left: 0px !important;background-image: url(https:\/\/abilica.com\/se\/wp-content\/uploads\/2017\/01\/abilica_hjemmetrening_02_11_170180.jpg?id=21178) !important;background-position: center !important;background-repeat: no-repeat !important;background-size: cover !important;}&#8221;][vc_column css=&#8221;.vc_custom_1481535811428{padding-right: 0px !important;padding-left: 0px !important;}&#8221;][\/vc_column][\/vc_row]<\/p>\n<\/div>","protected":false},"excerpt":{"rendered":"<p>[vc_row full_width=&#8221;stretch_row_content&#8221; full_height=&#8221;yes&#8221; columns_placement=&#8221;bottom&#8221; content_placement=&#8221;bottom&#8221; css=&#8221;.vc_custom_1512126846372{padding-right: 0px !important;padding-left: 0px !important;background-image: url(https:\/\/abilica.com\/se\/wp-content\/uploads\/2017\/11\/abilica_hjemmetrening_02_11_170136.jpg?id=21218) !important;background-position: center !important;background-repeat: no-repeat&#8230;<\/p>\n","protected":false},"author":2,"featured_media":0,"parent":0,"menu_order":0,"comment_status":"closed","ping_status":"closed","template":"","meta":{"_acf_changed":false,"footnotes":""},"class_list":["post-21629","page","type-page","status-publish","hentry"],"acf":[],"yoast_head":"<!-- This site is optimized with the Yoast SEO Premium plugin v21.1 (Yoast SEO v25.4) - https:\/\/yoast.com\/wordpress\/plugins\/seo\/ -->\n<title>Abilica l\u00f6pband &#8226; Abilica<\/title>\n<meta name=\"robots\" content=\"index, follow, max-snippet:-1, max-image-preview:large, max-video-preview:-1\" \/>\n<link rel=\"canonical\" href=\"https:\/\/abilica.com\/sv\/abilica-lopband\/\" \/>\n<meta property=\"og:locale\" content=\"sv_SE\" \/>\n<meta property=\"og:type\" content=\"article\" \/>\n<meta property=\"og:title\" content=\"Abilica l\u00f6pband\" \/>\n<meta property=\"og:description\" content=\"[vc_row full_width=&#8221;stretch_row_content&#8221; full_height=&#8221;yes&#8221; columns_placement=&#8221;bottom&#8221; content_placement=&#8221;bottom&#8221; css=&#8221;.vc_custom_1512126846372{padding-right: 0px !important;padding-left: 0px !important;background-image: url(https:\/\/abilica.com\/se\/wp-content\/uploads\/2017\/11\/abilica_hjemmetrening_02_11_170136.jpg?id=21218) !important;background-position: center !important;background-repeat: no-repeat...\" \/>\n<meta property=\"og:url\" content=\"https:\/\/abilica.com\/sv\/abilica-lopband\/\" \/>\n<meta property=\"og:site_name\" content=\"Abilica\" \/>\n<meta property=\"article:publisher\" content=\"https:\/\/www.facebook.com\/abilicahometraining\/\" \/>\n<meta property=\"article:modified_time\" content=\"2019-10-01T13:30:21+00:00\" \/>\n<meta property=\"og:image\" content=\"https:\/\/abilica.com\/se\/wp-content\/uploads\/2017\/12\/Abilica-on-all-devices-1.jpg\" \/>\n<meta name=\"twitter:card\" content=\"summary_large_image\" \/>\n<meta name=\"twitter:label1\" content=\"Ber\u00e4knad l\u00e4stid\" \/>\n\t<meta name=\"twitter:data1\" content=\"5 minuter\" \/>\n<script type=\"application\/ld+json\" class=\"yoast-schema-graph\">{\"@context\":\"https:\/\/schema.org\",\"@graph\":[{\"@type\":\"WebPage\",\"@id\":\"https:\/\/abilica.com\/sv\/abilica-lopband\/\",\"url\":\"https:\/\/abilica.com\/sv\/abilica-lopband\/\",\"name\":\"Abilica l\u00f6pband &#8226; Abilica\",\"isPartOf\":{\"@id\":\"https:\/\/abilica.com\/#website\"},\"primaryImageOfPage\":{\"@id\":\"https:\/\/abilica.com\/sv\/abilica-lopband\/#primaryimage\"},\"image\":{\"@id\":\"https:\/\/abilica.com\/sv\/abilica-lopband\/#primaryimage\"},\"thumbnailUrl\":\"https:\/\/abilica.com\/se\/wp-content\/uploads\/2017\/12\/Abilica-on-all-devices-1.jpg\",\"datePublished\":\"2017-12-01T11:13:00+00:00\",\"dateModified\":\"2019-10-01T13:30:21+00:00\",\"breadcrumb\":{\"@id\":\"https:\/\/abilica.com\/sv\/abilica-lopband\/#breadcrumb\"},\"inLanguage\":\"sv-SE\",\"potentialAction\":[{\"@type\":\"ReadAction\",\"target\":[\"https:\/\/abilica.com\/sv\/abilica-lopband\/\"]}]},{\"@type\":\"ImageObject\",\"inLanguage\":\"sv-SE\",\"@id\":\"https:\/\/abilica.com\/sv\/abilica-lopband\/#primaryimage\",\"url\":\"https:\/\/abilica.com\/se\/wp-content\/uploads\/2017\/12\/Abilica-on-all-devices-1.jpg\",\"contentUrl\":\"https:\/\/abilica.com\/se\/wp-content\/uploads\/2017\/12\/Abilica-on-all-devices-1.jpg\"},{\"@type\":\"BreadcrumbList\",\"@id\":\"https:\/\/abilica.com\/sv\/abilica-lopband\/#breadcrumb\",\"itemListElement\":[{\"@type\":\"ListItem\",\"position\":1,\"name\":\"Hem\",\"item\":\"https:\/\/abilica.com\/sv\/\"},{\"@type\":\"ListItem\",\"position\":2,\"name\":\"Abilica l\u00f6pband\"}]},{\"@type\":\"WebSite\",\"@id\":\"https:\/\/abilica.com\/#website\",\"url\":\"https:\/\/abilica.com\/\",\"name\":\"Abilica\",\"description\":\"Abilica Home Training\",\"potentialAction\":[{\"@type\":\"SearchAction\",\"target\":{\"@type\":\"EntryPoint\",\"urlTemplate\":\"https:\/\/abilica.com\/?s={search_term_string}\"},\"query-input\":{\"@type\":\"PropertyValueSpecification\",\"valueRequired\":true,\"valueName\":\"search_term_string\"}}],\"inLanguage\":\"sv-SE\"}]}<\/script>\n<!-- \/ Yoast SEO Premium plugin. -->","yoast_head_json":{"title":"Abilica l\u00f6pband &#8226; Abilica","robots":{"index":"index","follow":"follow","max-snippet":"max-snippet:-1","max-image-preview":"max-image-preview:large","max-video-preview":"max-video-preview:-1"},"canonical":"https:\/\/abilica.com\/sv\/abilica-lopband\/","og_locale":"sv_SE","og_type":"article","og_title":"Abilica l\u00f6pband","og_description":"[vc_row full_width=&#8221;stretch_row_content&#8221; full_height=&#8221;yes&#8221; columns_placement=&#8221;bottom&#8221; content_placement=&#8221;bottom&#8221; css=&#8221;.vc_custom_1512126846372{padding-right: 0px !important;padding-left: 0px !important;background-image: url(https:\/\/abilica.com\/se\/wp-content\/uploads\/2017\/11\/abilica_hjemmetrening_02_11_170136.jpg?id=21218) !important;background-position: center !important;background-repeat: no-repeat...","og_url":"https:\/\/abilica.com\/sv\/abilica-lopband\/","og_site_name":"Abilica","article_publisher":"https:\/\/www.facebook.com\/abilicahometraining\/","article_modified_time":"2019-10-01T13:30:21+00:00","og_image":[{"url":"https:\/\/abilica.com\/se\/wp-content\/uploads\/2017\/12\/Abilica-on-all-devices-1.jpg","type":"","width":"","height":""}],"twitter_card":"summary_large_image","twitter_misc":{"Ber\u00e4knad l\u00e4stid":"5 minuter"},"schema":{"@context":"https:\/\/schema.org","@graph":[{"@type":"WebPage","@id":"https:\/\/abilica.com\/sv\/abilica-lopband\/","url":"https:\/\/abilica.com\/sv\/abilica-lopband\/","name":"Abilica l\u00f6pband &#8226; Abilica","isPartOf":{"@id":"https:\/\/abilica.com\/#website"},"primaryImageOfPage":{"@id":"https:\/\/abilica.com\/sv\/abilica-lopband\/#primaryimage"},"image":{"@id":"https:\/\/abilica.com\/sv\/abilica-lopband\/#primaryimage"},"thumbnailUrl":"https:\/\/abilica.com\/se\/wp-content\/uploads\/2017\/12\/Abilica-on-all-devices-1.jpg","datePublished":"2017-12-01T11:13:00+00:00","dateModified":"2019-10-01T13:30:21+00:00","breadcrumb":{"@id":"https:\/\/abilica.com\/sv\/abilica-lopband\/#breadcrumb"},"inLanguage":"sv-SE","potentialAction":[{"@type":"ReadAction","target":["https:\/\/abilica.com\/sv\/abilica-lopband\/"]}]},{"@type":"ImageObject","inLanguage":"sv-SE","@id":"https:\/\/abilica.com\/sv\/abilica-lopband\/#primaryimage","url":"https:\/\/abilica.com\/se\/wp-content\/uploads\/2017\/12\/Abilica-on-all-devices-1.jpg","contentUrl":"https:\/\/abilica.com\/se\/wp-content\/uploads\/2017\/12\/Abilica-on-all-devices-1.jpg"},{"@type":"BreadcrumbList","@id":"https:\/\/abilica.com\/sv\/abilica-lopband\/#breadcrumb","itemListElement":[{"@type":"ListItem","position":1,"name":"Hem","item":"https:\/\/abilica.com\/sv\/"},{"@type":"ListItem","position":2,"name":"Abilica l\u00f6pband"}]},{"@type":"WebSite","@id":"https:\/\/abilica.com\/#website","url":"https:\/\/abilica.com\/","name":"Abilica","description":"Abilica Home Training","potentialAction":[{"@type":"SearchAction","target":{"@type":"EntryPoint","urlTemplate":"https:\/\/abilica.com\/?s={search_term_string}"},"query-input":{"@type":"PropertyValueSpecification","valueRequired":true,"valueName":"search_term_string"}}],"inLanguage":"sv-SE"}]}},"_links":{"self":[{"href":"https:\/\/abilica.com\/sv\/wp-json\/wp\/v2\/pages\/21629","targetHints":{"allow":["GET"]}}],"collection":[{"href":"https:\/\/abilica.com\/sv\/wp-json\/wp\/v2\/pages"}],"about":[{"href":"https:\/\/abilica.com\/sv\/wp-json\/wp\/v2\/types\/page"}],"author":[{"embeddable":true,"href":"https:\/\/abilica.com\/sv\/wp-json\/wp\/v2\/users\/2"}],"replies":[{"embeddable":true,"href":"https:\/\/abilica.com\/sv\/wp-json\/wp\/v2\/comments?post=21629"}],"version-history":[{"count":0,"href":"https:\/\/abilica.com\/sv\/wp-json\/wp\/v2\/pages\/21629\/revisions"}],"wp:attachment":[{"href":"https:\/\/abilica.com\/sv\/wp-json\/wp\/v2\/media?parent=21629"}],"curies":[{"name":"wp","href":"https:\/\/api.w.org\/{rel}","templated":true}]}}