{"id":21689,"date":"2023-07-30T19:44:34","date_gmt":"2023-07-30T18:44:34","guid":{"rendered":"https:\/\/abilica.com\/se\/?page_id=21689"},"modified":"2023-08-25T11:30:32","modified_gmt":"2023-08-25T10:30:32","slug":"abilica-crosstrainer","status":"publish","type":"page","link":"https:\/\/abilica.com\/sv\/abilica-crosstrainer\/","title":{"rendered":"Abilica Crosstrainer"},"content":{"rendered":"<div class=\"wpb-content-wrapper\"><p>[vc_row full_width=&#8221;stretch_row_content&#8221; full_height=&#8221;yes&#8221; columns_placement=&#8221;bottom&#8221; content_placement=&#8221;bottom&#8221; css=&#8221;.vc_custom_1512391554061{padding-right: 0px !important;padding-left: 0px !important;background-image: url(https:\/\/abilica.com\/se\/wp-content\/uploads\/2017\/12\/abilica_hjemmetrening_02_11_170834.jpg?id=21691) !important;background-position: center !important;background-repeat: no-repeat !important;background-size: cover !important;}&#8221;][vc_column css=&#8221;.vc_custom_1481535811428{padding-right: 0px !important;padding-left: 0px !important;}&#8221;][vc_column_text]<\/p>\n<h2 style=\"text-align: center;\"><span style=\"color: #ffffff;\">L\u00e4s mer om tr\u00e4ning med crosstrainer<\/span><\/h2>\n<p>[\/vc_column_text][vc_icon icon_fontawesome=&#8221;fa fa-angle-down&#8221; color=&#8221;white&#8221; size=&#8221;xl&#8221; align=&#8221;center&#8221; css_animation=&#8221;none&#8221;][\/vc_column][\/vc_row][vc_row css=&#8221;.vc_custom_1513082545134{padding-right: 25px !important;padding-left: 25px !important;background-position: center !important;background-repeat: no-repeat !important;background-size: cover !important;}&#8221;][vc_column css=&#8221;.vc_custom_1481535811428{padding-right: 0px !important;padding-left: 0px !important;}&#8221;][vc_empty_space][vc_column_text css_animation=&#8221;fadeInUp&#8221;]<\/p>\n<h1 style=\"text-align: center;\">Abilica Crosstrainer<\/h1>\n<h3 style=\"text-align: center;\">Tr\u00e4na din kondition hemma.<\/h3>\n<p>[\/vc_column_text][vc_column_text css_animation=&#8221;fadeInUp&#8221;]<\/p>\n<p style=\"text-align: center;\">En crosstrainer\u00e4r mer likt i r\u00f6relserna som att springa \u00e4n andra alternativ s\u00e5som roddmaskin eller cykel och p\u00e5 en crosstrainer anv\u00e4nder du hela kroppen n\u00e4r du tr\u00e4nar. Om du dessutom har problem med belastningsskador\u00a0efter mycket l\u00f6pning eller andra aktiviteter \u00e4r en crosstrainer lysande f\u00f6r att \u201dvila\u201d lederna utan att f\u00f6rlora v\u00e4rdefull tr\u00e4ning. N\u00e4r du tr\u00e4nar\u00a0p\u00e5 en crosstrainer har f\u00f6tterna kontakt med maskinen\u00a0hela tiden, vilket g\u00f6r att du inte f\u00e5r st\u00f6tar p\u00e5 benen som du brukar f\u00e5 n\u00e4r du springer. P\u00e5 detta s\u00e4tt \u00e4r en crosstrainer mycket skonsam mot kroppen.<\/p>\n<p>[\/vc_column_text][vc_empty_space][\/vc_column][\/vc_row][vc_row full_width=&#8221;stretch_row_content&#8221; full_height=&#8221;yes&#8221; css=&#8221;.vc_custom_1512391723024{padding-right: 0px !important;padding-left: 0px !important;background-image: url(https:\/\/abilica.com\/se\/wp-content\/uploads\/2017\/12\/abilica_hjemmetrening_02_11_170868.jpg?id=21694) !important;background-position: center !important;background-repeat: no-repeat !important;background-size: cover !important;}&#8221;][vc_column css=&#8221;.vc_custom_1481535811428{padding-right: 0px !important;padding-left: 0px !important;}&#8221;][\/vc_column][\/vc_row][vc_row full_width=&#8221;stretch_row_content&#8221; css=&#8221;.vc_custom_1511962770849{padding-right: 0px !important;padding-left: 0px !important;background-position: center !important;background-repeat: no-repeat !important;background-size: cover !important;}&#8221;][vc_column css=&#8221;.vc_custom_1481535811428{padding-right: 0px !important;padding-left: 0px !important;}&#8221;][vc_empty_space][vc_column_text css_animation=&#8221;fadeInUp&#8221;]<\/p>\n<h1 style=\"text-align: center;\">K\u00f6p din crosstrainer nu<\/h1>\n<h3 style=\"text-align: center;\"><\/h3>\n<p>[\/vc_column_text][vc_empty_space][vc_row_inner][vc_column_inner width=&#8221;1\/4&#8243;][product_mod id=&#8221;27081&#8243;][\/vc_column_inner][vc_column_inner width=&#8221;1\/4&#8243;][product_mod id=&#8221;2688&#8243;][\/vc_column_inner][vc_column_inner width=&#8221;1\/4&#8243;][product_mod id=&#8221;19293&#8243;][\/vc_column_inner][vc_column_inner width=&#8221;1\/4&#8243;][product_mod id=&#8221;2663&#8243;][\/vc_column_inner][\/vc_row_inner][vc_empty_space height=&#8221;90px&#8221;][vc_column_text css_animation=&#8221;fadeInUp&#8221;]<\/p>\n<h2 style=\"text-align: center;\"><a href=\"https:\/\/abilica.com\/se\/kondition\/crosstrainers\/\">Se alla v\u00e5ra crosstrainers<\/a><\/h2>\n<p>[\/vc_column_text][vc_empty_space][\/vc_column][\/vc_row][vc_row full_width=&#8221;stretch_row_content&#8221; full_height=&#8221;yes&#8221; css=&#8221;.vc_custom_1512391859744{padding-right: 0px !important;padding-left: 0px !important;background-image: url(https:\/\/abilica.com\/se\/wp-content\/uploads\/2017\/12\/abilica_hjemmetrening_02_11_170851.jpg?id=21693) !important;background-position: center !important;background-repeat: no-repeat !important;background-size: cover !important;}&#8221;][vc_column css=&#8221;.vc_custom_1481535811428{padding-right: 0px !important;padding-left: 0px !important;}&#8221;][\/vc_column][\/vc_row][vc_row full_width=&#8221;stretch_row_content&#8221; css=&#8221;.vc_custom_1511963375926{padding-right: 0px !important;padding-left: 0px !important;background-position: center !important;background-repeat: no-repeat !important;background-size: cover !important;}&#8221;][vc_column css=&#8221;.vc_custom_1481535811428{padding-right: 0px !important;padding-left: 0px !important;}&#8221;][vc_empty_space][vc_column_text css_animation=&#8221;fadeInUp&#8221;]<\/p>\n<h1 style=\"text-align: center;\">Tillbeh\u00f6r till crosstrainern<\/h1>\n<h3 style=\"text-align: center;\">G\u00f6r tr\u00e4ningen mer komplett.<\/h3>\n<h3 style=\"text-align: center;\"><\/h3>\n<p>[\/vc_column_text][vc_row_inner][vc_column_inner width=&#8221;1\/4&#8243;][product_mod id=&#8221;2227&#8243;][\/vc_column_inner][vc_column_inner width=&#8221;1\/4&#8243;][product_mod id=&#8221;2542&#8243;][\/vc_column_inner][vc_column_inner width=&#8221;1\/4&#8243;][product_mod id=&#8221;2351&#8243;][\/vc_column_inner][vc_column_inner width=&#8221;1\/4&#8243;][product_mod id=&#8221;19358&#8243;][\/vc_column_inner][\/vc_row_inner][vc_empty_space height=&#8221;62px&#8221;][\/vc_column][\/vc_row][vc_row full_width=&#8221;stretch_row_content&#8221; full_height=&#8221;yes&#8221; css=&#8221;.vc_custom_1512392139393{padding-right: 0px !important;padding-left: 0px !important;background-image: url(https:\/\/abilica.com\/se\/wp-content\/uploads\/2017\/02\/crosstrainer.jpg?id=2892) !important;background-position: center !important;background-repeat: no-repeat !important;background-size: cover !important;}&#8221;][vc_column css=&#8221;.vc_custom_1481535811428{padding-right: 0px !important;padding-left: 0px !important;}&#8221;][\/vc_column][\/vc_row][vc_row css=&#8221;.vc_custom_1513082578176{padding-right: 25px !important;padding-left: 25px !important;background-position: center !important;background-repeat: no-repeat !important;background-size: cover !important;}&#8221;][vc_column css=&#8221;.vc_custom_1481535811428{padding-right: 0px !important;padding-left: 0px !important;}&#8221;][vc_empty_space][vc_column_text css_animation=&#8221;fadeInUp&#8221;]<\/p>\n<h1 style=\"text-align: center;\">Abilica Stream<\/h1>\n<h3 style=\"text-align: center;\">Tr\u00e4na vart du vill, n\u00e4r du vill.<\/h3>\n<p>[\/vc_column_text][vc_column_text css_animation=&#8221;fadeInUp&#8221;]<\/p>\n<h3><a href=\"https:\/\/abilica.com\/se\/wp-content\/uploads\/2017\/12\/Abilica-on-all-devices.jpg\"><img loading=\"lazy\" decoding=\"async\" class=\"wp-image-21640 aligncenter\" src=\"https:\/\/abilica.com\/se\/wp-content\/uploads\/2017\/12\/Abilica-on-all-devices.jpg\" alt=\"\" width=\"1100\" height=\"677\" srcset=\"https:\/\/abilica.com\/wp-content\/uploads\/2017\/12\/Abilica-on-all-devices.jpg 1950w, https:\/\/abilica.com\/wp-content\/uploads\/2017\/12\/Abilica-on-all-devices-500x308.jpg 500w, https:\/\/abilica.com\/wp-content\/uploads\/2017\/12\/Abilica-on-all-devices-960x591.jpg 960w, https:\/\/abilica.com\/wp-content\/uploads\/2017\/12\/Abilica-on-all-devices-300x185.jpg 300w, https:\/\/abilica.com\/wp-content\/uploads\/2017\/12\/Abilica-on-all-devices-768x473.jpg 768w, https:\/\/abilica.com\/wp-content\/uploads\/2017\/12\/Abilica-on-all-devices-1024x630.jpg 1024w\" sizes=\"auto, (max-width: 1100px) 100vw, 1100px\" \/><\/a><\/h3>\n<h3 style=\"text-align: center;\">Tr\u00e4na mer och b\u00e4ttre med tr\u00e5dl\u00f6s teknologi.<\/h3>\n<p style=\"text-align: center;\">Med hj\u00e4lp av Bluetooth kopplas Abilica Stream-maskinerna tr\u00e5dl\u00f6st till din surfplatta eller din smarttelefon och \u00f6ppnar upp en helt ny v\u00e4rld av m\u00f6jligheter.\u00a0Du v\u00e4ljer sj\u00e4lv din tr\u00e4ningsrunda i Google Maps och via Google Street View f\u00e5r du k\u00e4nslan av att vara p\u00e5 plats.\u00a0Abilica Stream justerar med automatik motst\u00e5ndet eller lutningen f\u00f6r att simulera f\u00f6r\u00e4ndringar i terr\u00e4ngen.<\/p>\n<p style=\"text-align: center;\">Byt morgonpasset en gr\u00e5 vardag till strandpromenaden i Thailand eller s\u00e4tt dig p\u00e5 prov i New York Marathon.<\/p>\n<p>[\/vc_column_text][\/vc_column][\/vc_row][vc_row css=&#8221;.vc_custom_1511944579961{padding-right: 0px !important;padding-left: 0px !important;background-position: center !important;background-repeat: no-repeat !important;background-size: cover !important;}&#8221;][vc_column css=&#8221;.vc_custom_1481535811428{padding-right: 0px !important;padding-left: 0px !important;}&#8221;][vc_btn title=&#8221;L\u00e4s mer om Abilica Stream&#8221; style=&#8221;flat&#8221; color=&#8221;inverse&#8221; align=&#8221;center&#8221; i_icon_fontawesome=&#8221;fa fa-bluetooth-b&#8221; css_animation=&#8221;fadeInUp&#8221; add_icon=&#8221;true&#8221; link=&#8221;url:http%3A%2F%2Fabilica.com\/se%2Fabilica-stream%2F|||&#8221;][vc_empty_space][vc_empty_space][\/vc_column][\/vc_row][vc_row full_width=&#8221;stretch_row_content&#8221; full_height=&#8221;yes&#8221; css=&#8221;.vc_custom_1512392201788{padding-right: 0px !important;padding-left: 0px !important;background-image: url(https:\/\/abilica.com\/se\/wp-content\/uploads\/2017\/12\/cross2.jpg?id=21703) !important;background-position: center !important;background-repeat: no-repeat !important;background-size: cover !important;}&#8221;][vc_column css=&#8221;.vc_custom_1481535811428{padding-right: 0px !important;padding-left: 0px !important;}&#8221;][\/vc_column][\/vc_row]<\/p>\n<\/div>","protected":false},"excerpt":{"rendered":"<p>[vc_row full_width=&#8221;stretch_row_content&#8221; full_height=&#8221;yes&#8221; columns_placement=&#8221;bottom&#8221; content_placement=&#8221;bottom&#8221; css=&#8221;.vc_custom_1512391554061{padding-right: 0px !important;padding-left: 0px !important;background-image: url(https:\/\/abilica.com\/se\/wp-content\/uploads\/2017\/12\/abilica_hjemmetrening_02_11_170834.jpg?id=21691) !important;background-position: center !important;background-repeat: no-repeat&#8230;<\/p>\n","protected":false},"author":2,"featured_media":0,"parent":0,"menu_order":0,"comment_status":"closed","ping_status":"closed","template":"","meta":{"_acf_changed":false,"footnotes":""},"class_list":["post-21689","page","type-page","status-publish","hentry"],"acf":[],"yoast_head":"<!-- This site is optimized with the Yoast SEO Premium plugin v21.1 (Yoast SEO v25.4) - https:\/\/yoast.com\/wordpress\/plugins\/seo\/ -->\n<title>Abilica Crosstrainer &#8226; Abilica<\/title>\n<meta name=\"robots\" content=\"index, follow, max-snippet:-1, max-image-preview:large, max-video-preview:-1\" \/>\n<link rel=\"canonical\" href=\"https:\/\/abilica.com\/sv\/abilica-crosstrainer\/\" \/>\n<meta property=\"og:locale\" content=\"sv_SE\" \/>\n<meta property=\"og:type\" content=\"article\" \/>\n<meta property=\"og:title\" content=\"Abilica Crosstrainer\" \/>\n<meta property=\"og:description\" content=\"[vc_row full_width=&#8221;stretch_row_content&#8221; full_height=&#8221;yes&#8221; columns_placement=&#8221;bottom&#8221; content_placement=&#8221;bottom&#8221; css=&#8221;.vc_custom_1512391554061{padding-right: 0px !important;padding-left: 0px !important;background-image: url(https:\/\/abilica.com\/se\/wp-content\/uploads\/2017\/12\/abilica_hjemmetrening_02_11_170834.jpg?id=21691) !important;background-position: center !important;background-repeat: no-repeat...\" \/>\n<meta property=\"og:url\" content=\"https:\/\/abilica.com\/sv\/abilica-crosstrainer\/\" \/>\n<meta property=\"og:site_name\" content=\"Abilica\" \/>\n<meta property=\"article:publisher\" content=\"https:\/\/www.facebook.com\/abilicahometraining\/\" \/>\n<meta property=\"article:modified_time\" content=\"2023-08-25T10:30:32+00:00\" \/>\n<meta property=\"og:image\" content=\"https:\/\/abilica.com\/se\/wp-content\/uploads\/2017\/12\/Abilica-on-all-devices.jpg\" \/>\n<meta name=\"twitter:card\" content=\"summary_large_image\" \/>\n<meta name=\"twitter:label1\" content=\"Ber\u00e4knad l\u00e4stid\" \/>\n\t<meta name=\"twitter:data1\" content=\"5 minuter\" \/>\n<script type=\"application\/ld+json\" class=\"yoast-schema-graph\">{\"@context\":\"https:\/\/schema.org\",\"@graph\":[{\"@type\":\"WebPage\",\"@id\":\"https:\/\/abilica.com\/sv\/abilica-crosstrainer\/\",\"url\":\"https:\/\/abilica.com\/sv\/abilica-crosstrainer\/\",\"name\":\"Abilica Crosstrainer &#8226; Abilica\",\"isPartOf\":{\"@id\":\"https:\/\/abilica.com\/#website\"},\"primaryImageOfPage\":{\"@id\":\"https:\/\/abilica.com\/sv\/abilica-crosstrainer\/#primaryimage\"},\"image\":{\"@id\":\"https:\/\/abilica.com\/sv\/abilica-crosstrainer\/#primaryimage\"},\"thumbnailUrl\":\"https:\/\/abilica.com\/se\/wp-content\/uploads\/2017\/12\/Abilica-on-all-devices.jpg\",\"datePublished\":\"2023-07-30T18:44:34+00:00\",\"dateModified\":\"2023-08-25T10:30:32+00:00\",\"breadcrumb\":{\"@id\":\"https:\/\/abilica.com\/sv\/abilica-crosstrainer\/#breadcrumb\"},\"inLanguage\":\"sv-SE\",\"potentialAction\":[{\"@type\":\"ReadAction\",\"target\":[\"https:\/\/abilica.com\/sv\/abilica-crosstrainer\/\"]}]},{\"@type\":\"ImageObject\",\"inLanguage\":\"sv-SE\",\"@id\":\"https:\/\/abilica.com\/sv\/abilica-crosstrainer\/#primaryimage\",\"url\":\"https:\/\/abilica.com\/se\/wp-content\/uploads\/2017\/12\/Abilica-on-all-devices.jpg\",\"contentUrl\":\"https:\/\/abilica.com\/se\/wp-content\/uploads\/2017\/12\/Abilica-on-all-devices.jpg\"},{\"@type\":\"BreadcrumbList\",\"@id\":\"https:\/\/abilica.com\/sv\/abilica-crosstrainer\/#breadcrumb\",\"itemListElement\":[{\"@type\":\"ListItem\",\"position\":1,\"name\":\"Hem\",\"item\":\"https:\/\/abilica.com\/sv\/\"},{\"@type\":\"ListItem\",\"position\":2,\"name\":\"Abilica Crosstrainer\"}]},{\"@type\":\"WebSite\",\"@id\":\"https:\/\/abilica.com\/#website\",\"url\":\"https:\/\/abilica.com\/\",\"name\":\"Abilica\",\"description\":\"Abilica Home Training\",\"potentialAction\":[{\"@type\":\"SearchAction\",\"target\":{\"@type\":\"EntryPoint\",\"urlTemplate\":\"https:\/\/abilica.com\/?s={search_term_string}\"},\"query-input\":{\"@type\":\"PropertyValueSpecification\",\"valueRequired\":true,\"valueName\":\"search_term_string\"}}],\"inLanguage\":\"sv-SE\"}]}<\/script>\n<!-- \/ Yoast SEO Premium plugin. -->","yoast_head_json":{"title":"Abilica Crosstrainer &#8226; Abilica","robots":{"index":"index","follow":"follow","max-snippet":"max-snippet:-1","max-image-preview":"max-image-preview:large","max-video-preview":"max-video-preview:-1"},"canonical":"https:\/\/abilica.com\/sv\/abilica-crosstrainer\/","og_locale":"sv_SE","og_type":"article","og_title":"Abilica Crosstrainer","og_description":"[vc_row full_width=&#8221;stretch_row_content&#8221; full_height=&#8221;yes&#8221; columns_placement=&#8221;bottom&#8221; content_placement=&#8221;bottom&#8221; css=&#8221;.vc_custom_1512391554061{padding-right: 0px !important;padding-left: 0px !important;background-image: url(https:\/\/abilica.com\/se\/wp-content\/uploads\/2017\/12\/abilica_hjemmetrening_02_11_170834.jpg?id=21691) !important;background-position: center !important;background-repeat: no-repeat...","og_url":"https:\/\/abilica.com\/sv\/abilica-crosstrainer\/","og_site_name":"Abilica","article_publisher":"https:\/\/www.facebook.com\/abilicahometraining\/","article_modified_time":"2023-08-25T10:30:32+00:00","og_image":[{"url":"https:\/\/abilica.com\/se\/wp-content\/uploads\/2017\/12\/Abilica-on-all-devices.jpg","type":"","width":"","height":""}],"twitter_card":"summary_large_image","twitter_misc":{"Ber\u00e4knad l\u00e4stid":"5 minuter"},"schema":{"@context":"https:\/\/schema.org","@graph":[{"@type":"WebPage","@id":"https:\/\/abilica.com\/sv\/abilica-crosstrainer\/","url":"https:\/\/abilica.com\/sv\/abilica-crosstrainer\/","name":"Abilica Crosstrainer &#8226; Abilica","isPartOf":{"@id":"https:\/\/abilica.com\/#website"},"primaryImageOfPage":{"@id":"https:\/\/abilica.com\/sv\/abilica-crosstrainer\/#primaryimage"},"image":{"@id":"https:\/\/abilica.com\/sv\/abilica-crosstrainer\/#primaryimage"},"thumbnailUrl":"https:\/\/abilica.com\/se\/wp-content\/uploads\/2017\/12\/Abilica-on-all-devices.jpg","datePublished":"2023-07-30T18:44:34+00:00","dateModified":"2023-08-25T10:30:32+00:00","breadcrumb":{"@id":"https:\/\/abilica.com\/sv\/abilica-crosstrainer\/#breadcrumb"},"inLanguage":"sv-SE","potentialAction":[{"@type":"ReadAction","target":["https:\/\/abilica.com\/sv\/abilica-crosstrainer\/"]}]},{"@type":"ImageObject","inLanguage":"sv-SE","@id":"https:\/\/abilica.com\/sv\/abilica-crosstrainer\/#primaryimage","url":"https:\/\/abilica.com\/se\/wp-content\/uploads\/2017\/12\/Abilica-on-all-devices.jpg","contentUrl":"https:\/\/abilica.com\/se\/wp-content\/uploads\/2017\/12\/Abilica-on-all-devices.jpg"},{"@type":"BreadcrumbList","@id":"https:\/\/abilica.com\/sv\/abilica-crosstrainer\/#breadcrumb","itemListElement":[{"@type":"ListItem","position":1,"name":"Hem","item":"https:\/\/abilica.com\/sv\/"},{"@type":"ListItem","position":2,"name":"Abilica Crosstrainer"}]},{"@type":"WebSite","@id":"https:\/\/abilica.com\/#website","url":"https:\/\/abilica.com\/","name":"Abilica","description":"Abilica Home Training","potentialAction":[{"@type":"SearchAction","target":{"@type":"EntryPoint","urlTemplate":"https:\/\/abilica.com\/?s={search_term_string}"},"query-input":{"@type":"PropertyValueSpecification","valueRequired":true,"valueName":"search_term_string"}}],"inLanguage":"sv-SE"}]}},"_links":{"self":[{"href":"https:\/\/abilica.com\/sv\/wp-json\/wp\/v2\/pages\/21689","targetHints":{"allow":["GET"]}}],"collection":[{"href":"https:\/\/abilica.com\/sv\/wp-json\/wp\/v2\/pages"}],"about":[{"href":"https:\/\/abilica.com\/sv\/wp-json\/wp\/v2\/types\/page"}],"author":[{"embeddable":true,"href":"https:\/\/abilica.com\/sv\/wp-json\/wp\/v2\/users\/2"}],"replies":[{"embeddable":true,"href":"https:\/\/abilica.com\/sv\/wp-json\/wp\/v2\/comments?post=21689"}],"version-history":[{"count":1,"href":"https:\/\/abilica.com\/sv\/wp-json\/wp\/v2\/pages\/21689\/revisions"}],"predecessor-version":[{"id":61429,"href":"https:\/\/abilica.com\/sv\/wp-json\/wp\/v2\/pages\/21689\/revisions\/61429"}],"wp:attachment":[{"href":"https:\/\/abilica.com\/sv\/wp-json\/wp\/v2\/media?parent=21689"}],"curies":[{"name":"wp","href":"https:\/\/api.w.org\/{rel}","templated":true}]}}