{"id":21706,"date":"2017-12-04T13:59:07","date_gmt":"2017-12-04T12:59:07","guid":{"rendered":"https:\/\/abilica.com\/se\/?page_id=21706"},"modified":"2019-10-22T08:47:40","modified_gmt":"2019-10-22T07:47:40","slug":"abilica-weight-training","status":"publish","type":"page","link":"https:\/\/abilica.com\/sv\/abilica-weight-training\/","title":{"rendered":"Abilica Weight Training"},"content":{"rendered":"<div class=\"wpb-content-wrapper\"><p>[vc_row full_width=&#8221;stretch_row_content&#8221; full_height=&#8221;yes&#8221; columns_placement=&#8221;bottom&#8221; content_placement=&#8221;bottom&#8221; css=&#8221;.vc_custom_1512393259365{padding-right: 0px !important;padding-left: 0px !important;background-image: url(https:\/\/abilica.com\/se\/wp-content\/uploads\/2017\/12\/vikt2.jpg?id=21711) !important;background-position: center !important;background-repeat: no-repeat !important;background-size: cover !important;}&#8221;][vc_column css=&#8221;.vc_custom_1481535811428{padding-right: 0px !important;padding-left: 0px !important;}&#8221;][vc_column_text]<\/p>\n<h2 style=\"text-align: center;\"><span style=\"color: #ffffff;\">L\u00e4s mer om tr\u00e4ning med fria vikter<\/span><\/h2>\n<p>[\/vc_column_text][vc_icon icon_fontawesome=&#8221;fa fa-angle-down&#8221; color=&#8221;white&#8221; size=&#8221;xl&#8221; align=&#8221;center&#8221; css_animation=&#8221;none&#8221;][\/vc_column][\/vc_row][vc_row css=&#8221;.vc_custom_1513084038222{padding-right: 25px !important;padding-left: 25px !important;background-position: center !important;background-repeat: no-repeat !important;background-size: cover !important;}&#8221;][vc_column css=&#8221;.vc_custom_1481535811428{padding-right: 0px !important;padding-left: 0px !important;}&#8221;][vc_empty_space][vc_column_text css_animation=&#8221;fadeInUp&#8221;]<\/p>\n<h1 style=\"text-align: center;\">Abilica WeightTraining<\/h1>\n<h3 style=\"text-align: center;\">Tr\u00e4na b\u00e4ttre med fria vikter.<\/h3>\n<p>[\/vc_column_text][vc_column_text css_animation=&#8221;fadeInUp&#8221;]<\/p>\n<p style=\"text-align: center;\">M\u00e5nga som b\u00f6rjar med styrketr\u00e4ning anv\u00e4nder g\u00e4rna maskiner n\u00e4r de ska tr\u00e4na. De \u00e4r l\u00e4tta att anv\u00e4nda och det \u00e4r sv\u00e5rt att g\u00f6ra n\u00e5got fel n\u00e4r man anv\u00e4nder maskiner. Det finns ocks\u00e5 en del som inte v\u00e5gar anv\u00e4nda fria vikter eftersom det k\u00e4nns sv\u00e5rare att anv\u00e4nda dessa i tr\u00e4ningen. Det \u00e4r det ocks\u00e5, men f\u00f6rdelarna med att anv\u00e4nda fria vikter \u00e4r m\u00e5nga. F\u00f6rst och fr\u00e4mst anv\u00e4nder hela kroppen f\u00f6r att stabilisera s\u00e5 att du f\u00e5r tr\u00e4nat k\u00e4rnan samtidigt som du lyfter vikter. \u00d6vningar med vikter \u00e4r funktionella eftersom de \u00e4r i h\u00f6gsta grad \u00f6verf\u00f6ras till en hel del av det vi g\u00f6r i vardagen, s\u00e5som till exempel n\u00e4r du g\u00e5r i trappor. En annan f\u00f6rdel med att tr\u00e4na med fria vikter \u00e4r att \u00f6vningarna kan anpassas mycket efter vad du vill med tr\u00e4ningen. Oavsett om du vill bli snabbare, starkare eller f\u00e5 b\u00e4ttre uth\u00e5llighet, kan du anpassa \u00f6vningarna du g\u00f6r i detta avseende.<\/p>\n<p>[\/vc_column_text][vc_empty_space][\/vc_column][\/vc_row][vc_row full_width=&#8221;stretch_row_content&#8221; full_height=&#8221;yes&#8221; css=&#8221;.vc_custom_1512393664683{padding-right: 0px !important;padding-left: 0px !important;background-image: url(https:\/\/abilica.com\/se\/wp-content\/uploads\/2017\/12\/vikt1.jpg?id=21712) !important;background-position: center !important;background-repeat: no-repeat !important;background-size: cover !important;}&#8221;][vc_column css=&#8221;.vc_custom_1481535811428{padding-right: 0px !important;padding-left: 0px !important;}&#8221;][\/vc_column][\/vc_row][vc_row full_width=&#8221;stretch_row_content&#8221; css=&#8221;.vc_custom_1511962770849{padding-right: 0px !important;padding-left: 0px !important;background-position: center !important;background-repeat: no-repeat !important;background-size: cover !important;}&#8221;][vc_column css=&#8221;.vc_custom_1481535811428{padding-right: 0px !important;padding-left: 0px !important;}&#8221;][vc_empty_space][vc_column_text css_animation=&#8221;fadeInUp&#8221;]<\/p>\n<h1 style=\"text-align: center;\">K\u00f6p din viktutrustning nu<\/h1>\n<h3 style=\"text-align: center;\"><\/h3>\n<p>[\/vc_column_text][vc_empty_space][vc_row_inner][vc_column_inner width=&#8221;1\/4&#8243;][product_mod id=&#8221;2256&#8243;][\/vc_column_inner][vc_column_inner width=&#8221;1\/4&#8243;][product_mod id=&#8221;1029&#8243;][\/vc_column_inner][vc_column_inner width=&#8221;1\/4&#8243;][product_mod id=&#8221;1488&#8243;][\/vc_column_inner][vc_column_inner width=&#8221;1\/4&#8243;][product_mod id=&#8221;990&#8243;][\/vc_column_inner][\/vc_row_inner][vc_empty_space height=&#8221;90px&#8221;][vc_column_text css_animation=&#8221;fadeInUp&#8221;]<\/p>\n<h2 style=\"text-align: center;\"><a href=\"https:\/\/abilica.com\/se\/styrka\/skivor-och-stanger\/\">Se alla v\u00e5ra skivor och st\u00e4nger<\/a><\/h2>\n<p>[\/vc_column_text][vc_empty_space height=&#8221;62px&#8221;][\/vc_column][\/vc_row][vc_row full_width=&#8221;stretch_row_content&#8221; full_height=&#8221;yes&#8221; css=&#8221;.vc_custom_1512394137352{padding-right: 0px !important;padding-left: 0px !important;background-image: url(https:\/\/abilica.com\/se\/wp-content\/uploads\/2017\/12\/vikt3.jpg?id=21710) !important;background-position: center !important;background-repeat: no-repeat !important;background-size: cover !important;}&#8221;][vc_column css=&#8221;.vc_custom_1481535811428{padding-right: 0px !important;padding-left: 0px !important;}&#8221;][\/vc_column][\/vc_row][vc_row full_width=&#8221;stretch_row_content&#8221; css=&#8221;.vc_custom_1511963375926{padding-right: 0px !important;padding-left: 0px !important;background-position: center !important;background-repeat: no-repeat !important;background-size: cover !important;}&#8221;][vc_column css=&#8221;.vc_custom_1481535811428{padding-right: 0px !important;padding-left: 0px !important;}&#8221;][vc_empty_space][vc_column_text css_animation=&#8221;fadeInUp&#8221;]<\/p>\n<h1 style=\"text-align: center;\">Tillbeh\u00f6r till vikttr\u00e4ningen<\/h1>\n<h3 style=\"text-align: center;\">G\u00f6r tr\u00e4ningen mer komplett.<\/h3>\n<h3 style=\"text-align: center;\"><\/h3>\n<p>[\/vc_column_text][vc_row_inner][vc_column_inner width=&#8221;1\/4&#8243;][product_mod id=&#8221;982&#8243;][\/vc_column_inner][vc_column_inner width=&#8221;1\/4&#8243;][product_mod id=&#8221;1397&#8243;][\/vc_column_inner][vc_column_inner width=&#8221;1\/4&#8243;][product_mod id=&#8221;19270&#8243;][\/vc_column_inner][vc_column_inner width=&#8221;1\/4&#8243;][product_mod id=&#8221;19162&#8243;][\/vc_column_inner][\/vc_row_inner][vc_empty_space height=&#8221;90px&#8221;][vc_column_text css_animation=&#8221;fadeInUp&#8221;]<\/p>\n<h2 style=\"text-align: center;\"><a href=\"https:\/\/abilica.com\/se\/styrka\/skivor-och-stanger\/\">Se allt tillbeh\u00f6r<\/a><\/h2>\n<p>[\/vc_column_text][vc_empty_space height=&#8221;62px&#8221;][\/vc_column][\/vc_row][vc_row full_width=&#8221;stretch_row_content&#8221; full_height=&#8221;yes&#8221; css=&#8221;.vc_custom_1512394160914{padding-right: 0px !important;padding-left: 0px !important;background-image: url(https:\/\/abilica.com\/se\/wp-content\/uploads\/2017\/12\/vikt5.jpg?id=21708) !important;background-position: center !important;background-repeat: no-repeat !important;background-size: cover !important;}&#8221;][vc_column css=&#8221;.vc_custom_1481535811428{padding-right: 0px !important;padding-left: 0px !important;}&#8221;][\/vc_column][\/vc_row]<\/p>\n<\/div>","protected":false},"excerpt":{"rendered":"<p>[vc_row full_width=&#8221;stretch_row_content&#8221; full_height=&#8221;yes&#8221; columns_placement=&#8221;bottom&#8221; content_placement=&#8221;bottom&#8221; css=&#8221;.vc_custom_1512393259365{padding-right: 0px !important;padding-left: 0px !important;background-image: url(https:\/\/abilica.com\/se\/wp-content\/uploads\/2017\/12\/vikt2.jpg?id=21711) !important;background-position: center !important;background-repeat: no-repeat&#8230;<\/p>\n","protected":false},"author":2,"featured_media":0,"parent":0,"menu_order":0,"comment_status":"closed","ping_status":"closed","template":"","meta":{"_acf_changed":false,"footnotes":""},"class_list":["post-21706","page","type-page","status-publish","hentry"],"acf":[],"yoast_head":"<!-- This site is optimized with the Yoast SEO Premium plugin v21.1 (Yoast SEO v25.4) - https:\/\/yoast.com\/wordpress\/plugins\/seo\/ -->\n<title>Abilica Weight Training &#8226; Abilica<\/title>\n<meta name=\"robots\" content=\"index, follow, max-snippet:-1, max-image-preview:large, max-video-preview:-1\" \/>\n<link rel=\"canonical\" href=\"https:\/\/abilica.com\/abilica-weight-training\/\" \/>\n<meta property=\"og:locale\" content=\"sv_SE\" \/>\n<meta property=\"og:type\" content=\"article\" \/>\n<meta property=\"og:title\" content=\"Abilica Weight Training\" \/>\n<meta property=\"og:description\" content=\"[vc_row full_width=&#8221;stretch_row_content&#8221; full_height=&#8221;yes&#8221; columns_placement=&#8221;bottom&#8221; content_placement=&#8221;bottom&#8221; css=&#8221;.vc_custom_1512393259365{padding-right: 0px !important;padding-left: 0px !important;background-image: url(https:\/\/abilica.com\/se\/wp-content\/uploads\/2017\/12\/vikt2.jpg?id=21711) !important;background-position: center !important;background-repeat: no-repeat...\" \/>\n<meta property=\"og:url\" content=\"https:\/\/abilica.com\/abilica-weight-training\/\" \/>\n<meta property=\"og:site_name\" content=\"Abilica\" \/>\n<meta property=\"article:publisher\" content=\"https:\/\/www.facebook.com\/abilicahometraining\/\" \/>\n<meta property=\"article:modified_time\" content=\"2019-10-22T07:47:40+00:00\" \/>\n<meta name=\"twitter:card\" content=\"summary_large_image\" \/>\n<meta name=\"twitter:label1\" content=\"Ber\u00e4knad l\u00e4stid\" \/>\n\t<meta name=\"twitter:data1\" content=\"4 minuter\" \/>\n<script type=\"application\/ld+json\" class=\"yoast-schema-graph\">{\"@context\":\"https:\/\/schema.org\",\"@graph\":[{\"@type\":\"WebPage\",\"@id\":\"https:\/\/abilica.com\/abilica-weight-training\/\",\"url\":\"https:\/\/abilica.com\/abilica-weight-training\/\",\"name\":\"Abilica Weight Training &#8226; Abilica\",\"isPartOf\":{\"@id\":\"https:\/\/abilica.com\/#website\"},\"datePublished\":\"2017-12-04T12:59:07+00:00\",\"dateModified\":\"2019-10-22T07:47:40+00:00\",\"breadcrumb\":{\"@id\":\"https:\/\/abilica.com\/abilica-weight-training\/#breadcrumb\"},\"inLanguage\":\"sv-SE\",\"potentialAction\":[{\"@type\":\"ReadAction\",\"target\":[\"https:\/\/abilica.com\/abilica-weight-training\/\"]}]},{\"@type\":\"BreadcrumbList\",\"@id\":\"https:\/\/abilica.com\/abilica-weight-training\/#breadcrumb\",\"itemListElement\":[{\"@type\":\"ListItem\",\"position\":1,\"name\":\"Hem\",\"item\":\"https:\/\/abilica.com\/sv\/\"},{\"@type\":\"ListItem\",\"position\":2,\"name\":\"Abilica Weight Training\"}]},{\"@type\":\"WebSite\",\"@id\":\"https:\/\/abilica.com\/#website\",\"url\":\"https:\/\/abilica.com\/\",\"name\":\"Abilica\",\"description\":\"Abilica Home Training\",\"potentialAction\":[{\"@type\":\"SearchAction\",\"target\":{\"@type\":\"EntryPoint\",\"urlTemplate\":\"https:\/\/abilica.com\/?s={search_term_string}\"},\"query-input\":{\"@type\":\"PropertyValueSpecification\",\"valueRequired\":true,\"valueName\":\"search_term_string\"}}],\"inLanguage\":\"sv-SE\"}]}<\/script>\n<!-- \/ Yoast SEO Premium plugin. -->","yoast_head_json":{"title":"Abilica Weight Training &#8226; Abilica","robots":{"index":"index","follow":"follow","max-snippet":"max-snippet:-1","max-image-preview":"max-image-preview:large","max-video-preview":"max-video-preview:-1"},"canonical":"https:\/\/abilica.com\/abilica-weight-training\/","og_locale":"sv_SE","og_type":"article","og_title":"Abilica Weight Training","og_description":"[vc_row full_width=&#8221;stretch_row_content&#8221; full_height=&#8221;yes&#8221; columns_placement=&#8221;bottom&#8221; content_placement=&#8221;bottom&#8221; css=&#8221;.vc_custom_1512393259365{padding-right: 0px !important;padding-left: 0px !important;background-image: url(https:\/\/abilica.com\/se\/wp-content\/uploads\/2017\/12\/vikt2.jpg?id=21711) !important;background-position: center !important;background-repeat: no-repeat...","og_url":"https:\/\/abilica.com\/abilica-weight-training\/","og_site_name":"Abilica","article_publisher":"https:\/\/www.facebook.com\/abilicahometraining\/","article_modified_time":"2019-10-22T07:47:40+00:00","twitter_card":"summary_large_image","twitter_misc":{"Ber\u00e4knad l\u00e4stid":"4 minuter"},"schema":{"@context":"https:\/\/schema.org","@graph":[{"@type":"WebPage","@id":"https:\/\/abilica.com\/abilica-weight-training\/","url":"https:\/\/abilica.com\/abilica-weight-training\/","name":"Abilica Weight Training &#8226; Abilica","isPartOf":{"@id":"https:\/\/abilica.com\/#website"},"datePublished":"2017-12-04T12:59:07+00:00","dateModified":"2019-10-22T07:47:40+00:00","breadcrumb":{"@id":"https:\/\/abilica.com\/abilica-weight-training\/#breadcrumb"},"inLanguage":"sv-SE","potentialAction":[{"@type":"ReadAction","target":["https:\/\/abilica.com\/abilica-weight-training\/"]}]},{"@type":"BreadcrumbList","@id":"https:\/\/abilica.com\/abilica-weight-training\/#breadcrumb","itemListElement":[{"@type":"ListItem","position":1,"name":"Hem","item":"https:\/\/abilica.com\/sv\/"},{"@type":"ListItem","position":2,"name":"Abilica Weight Training"}]},{"@type":"WebSite","@id":"https:\/\/abilica.com\/#website","url":"https:\/\/abilica.com\/","name":"Abilica","description":"Abilica Home Training","potentialAction":[{"@type":"SearchAction","target":{"@type":"EntryPoint","urlTemplate":"https:\/\/abilica.com\/?s={search_term_string}"},"query-input":{"@type":"PropertyValueSpecification","valueRequired":true,"valueName":"search_term_string"}}],"inLanguage":"sv-SE"}]}},"_links":{"self":[{"href":"https:\/\/abilica.com\/sv\/wp-json\/wp\/v2\/pages\/21706","targetHints":{"allow":["GET"]}}],"collection":[{"href":"https:\/\/abilica.com\/sv\/wp-json\/wp\/v2\/pages"}],"about":[{"href":"https:\/\/abilica.com\/sv\/wp-json\/wp\/v2\/types\/page"}],"author":[{"embeddable":true,"href":"https:\/\/abilica.com\/sv\/wp-json\/wp\/v2\/users\/2"}],"replies":[{"embeddable":true,"href":"https:\/\/abilica.com\/sv\/wp-json\/wp\/v2\/comments?post=21706"}],"version-history":[{"count":0,"href":"https:\/\/abilica.com\/sv\/wp-json\/wp\/v2\/pages\/21706\/revisions"}],"wp:attachment":[{"href":"https:\/\/abilica.com\/sv\/wp-json\/wp\/v2\/media?parent=21706"}],"curies":[{"name":"wp","href":"https:\/\/api.w.org\/{rel}","templated":true}]}}