{"id":21850,"date":"2023-07-30T19:45:00","date_gmt":"2023-07-30T18:45:00","guid":{"rendered":"https:\/\/abilica.com\/se\/?page_id=21850"},"modified":"2020-08-06T13:02:15","modified_gmt":"2020-08-06T12:02:15","slug":"abilica-motionscykel","status":"publish","type":"page","link":"https:\/\/abilica.com\/sv\/abilica-motionscykel\/","title":{"rendered":"Abilica Cycle"},"content":{"rendered":"<div class=\"wpb-content-wrapper\"><p>[vc_row full_width=&#8221;stretch_row_content&#8221; full_height=&#8221;yes&#8221; columns_placement=&#8221;bottom&#8221; content_placement=&#8221;bottom&#8221; css=&#8221;.vc_custom_1512723071644{padding-right: 0px !important;padding-left: 0px !important;background-image: url(https:\/\/abilica.com\/se\/wp-content\/uploads\/2017\/12\/cykel2.jpg?id=21853) !important;background-position: center !important;background-repeat: no-repeat !important;background-size: cover !important;}&#8221;][vc_column css=&#8221;.vc_custom_1481535811428{padding-right: 0px !important;padding-left: 0px !important;}&#8221;][vc_column_text]<\/p>\n<h2 style=\"text-align: center;\"><span style=\"color: #ffffff;\">L\u00e4s mer om tr\u00e4ning med motionscykel<\/span><\/h2>\n<p>[\/vc_column_text][vc_icon icon_fontawesome=&#8221;fa fa-angle-down&#8221; color=&#8221;white&#8221; size=&#8221;xl&#8221; align=&#8221;center&#8221; css_animation=&#8221;none&#8221;][\/vc_column][\/vc_row][vc_row css=&#8221;.vc_custom_1513082769122{padding-right: 25px !important;padding-left: 25px !important;background-position: center !important;background-repeat: no-repeat !important;background-size: cover !important;}&#8221;][vc_column css=&#8221;.vc_custom_1481535811428{padding-right: 0px !important;padding-left: 0px !important;}&#8221;][vc_empty_space][vc_column_text css_animation=&#8221;fadeInUp&#8221;]<\/p>\n<h1 style=\"text-align: center;\">Abilica Cycle<\/h1>\n<h3 style=\"text-align: center;\">Tr\u00e4na din kondition hemma.<\/h3>\n<p>[\/vc_column_text][vc_column_text css_animation=&#8221;fadeInUp&#8221;]<\/p>\n<p style=\"text-align: center;\">Motionscykeln \u00e4r den produkt som historiskt sett \u00e4r mest kopplad till att tr\u00e4na hemma. Alla har erfarenhet av att cykla, och m\u00e5nga tycker det \u00e4r enklare att komma ig\u00e5ng med en aktivitet som man kan. F\u00f6r att f\u00e5 den b\u00e4sta cykelupplevelsen inomhus \u00e4r det n\u00e5gra grundelement som man b\u00f6r k\u00e4nna till.\u00a0Det \u00e4r viktigt att sitta r\u00e4tt n\u00e4r man ska cykla. Kontrollera att alla inst\u00e4llningar som \u00e4r m\u00f6jliga p\u00e5 motionscykeln ger dig optimal sittst\u00e4llning.\u00a0P\u00e5 displayen kan du l\u00e4sa av olika v\u00e4rden som ger dig information om hur tr\u00e4ningen g\u00e5r. Detta kan vara puls, tid, l\u00e4ngd, effekt osv. Du kan ocks\u00e5 g\u00f6ra en del val f\u00f6r tr\u00e4ningen. Du kan st\u00e4lla in \u00f6nskad hastighet, motst\u00e5nd, tid och s\u00e5 vidare f\u00f6r tr\u00e4ningspasset s\u00e5 kommer motionscykeln att hj\u00e4lpa dig att h\u00e5lla r\u00e4tt niv\u00e5 p\u00e5 tr\u00e4ningspasset.<\/p>\n<p>[\/vc_column_text][vc_empty_space][\/vc_column][\/vc_row][vc_row full_width=&#8221;stretch_row_content&#8221; full_height=&#8221;yes&#8221; css=&#8221;.vc_custom_1512723260251{padding-right: 0px !important;padding-left: 0px !important;background-image: url(https:\/\/abilica.com\/se\/wp-content\/uploads\/2017\/12\/cykel3.jpg?id=21854) !important;background-position: center !important;background-repeat: no-repeat !important;background-size: cover !important;}&#8221;][vc_column css=&#8221;.vc_custom_1481535811428{padding-right: 0px !important;padding-left: 0px !important;}&#8221;][\/vc_column][\/vc_row][vc_row full_width=&#8221;stretch_row_content&#8221; css=&#8221;.vc_custom_1511962770849{padding-right: 0px !important;padding-left: 0px !important;background-position: center !important;background-repeat: no-repeat !important;background-size: cover !important;}&#8221;][vc_column css=&#8221;.vc_custom_1481535811428{padding-right: 0px !important;padding-left: 0px !important;}&#8221;][vc_empty_space][vc_column_text css_animation=&#8221;fadeInUp&#8221;]<\/p>\n<h1 style=\"text-align: center;\">K\u00f6p din motionscykel nu<\/h1>\n<h3 style=\"text-align: center;\"><\/h3>\n<p>[\/vc_column_text][vc_empty_space][vc_row_inner][vc_column_inner width=&#8221;1\/3&#8243;][product_mod id=&#8221;26452&#8243;][\/vc_column_inner][vc_column_inner width=&#8221;1\/3&#8243;][product_mod id=&#8221;19262&#8243;][\/vc_column_inner][vc_column_inner width=&#8221;1\/3&#8243;][product_mod id=&#8221;26453&#8243;][\/vc_column_inner][\/vc_row_inner][vc_empty_space height=&#8221;90px&#8221;][\/vc_column][\/vc_row][vc_row full_width=&#8221;stretch_row_content&#8221; full_height=&#8221;yes&#8221; css=&#8221;.vc_custom_1512723440903{padding-right: 0px !important;padding-left: 0px !important;background-image: url(https:\/\/abilica.com\/se\/wp-content\/uploads\/2017\/12\/abilica_hjemmetrening_02_11_170664.jpg?id=21862) !important;background-position: center !important;background-repeat: no-repeat !important;background-size: cover !important;}&#8221;][vc_column css=&#8221;.vc_custom_1481535811428{padding-right: 0px !important;padding-left: 0px !important;}&#8221;][\/vc_column][\/vc_row][vc_row full_width=&#8221;stretch_row_content&#8221; css=&#8221;.vc_custom_1511963375926{padding-right: 0px !important;padding-left: 0px !important;background-position: center !important;background-repeat: no-repeat !important;background-size: cover !important;}&#8221;][vc_column css=&#8221;.vc_custom_1481535811428{padding-right: 0px !important;padding-left: 0px !important;}&#8221;][vc_empty_space][vc_column_text css_animation=&#8221;fadeInUp&#8221;]<\/p>\n<h1 style=\"text-align: center;\">Tillbeh\u00f6r till motionscykeln<\/h1>\n<h3 style=\"text-align: center;\">G\u00f6r tr\u00e4ningen mer komplett.<\/h3>\n<h3 style=\"text-align: center;\"><\/h3>\n<p>[\/vc_column_text][vc_row_inner][vc_column_inner width=&#8221;1\/4&#8243;][product_mod id=&#8221;2227&#8243;][\/vc_column_inner][vc_column_inner width=&#8221;1\/4&#8243;][product_mod id=&#8221;2542&#8243;][\/vc_column_inner][vc_column_inner width=&#8221;1\/4&#8243;][product_mod id=&#8221;2351&#8243;][\/vc_column_inner][vc_column_inner width=&#8221;1\/4&#8243;][product_mod id=&#8221;19358&#8243;][\/vc_column_inner][\/vc_row_inner][vc_empty_space height=&#8221;62px&#8221;][\/vc_column][\/vc_row][vc_row full_width=&#8221;stretch_row_content&#8221; full_height=&#8221;yes&#8221; css=&#8221;.vc_custom_1512723451500{padding-right: 0px !important;padding-left: 0px !important;background-image: url(https:\/\/abilica.com\/se\/wp-content\/uploads\/2017\/12\/cykel4.jpg?id=21855) !important;background-position: center !important;background-repeat: no-repeat !important;background-size: cover !important;}&#8221;][vc_column css=&#8221;.vc_custom_1481535811428{padding-right: 0px !important;padding-left: 0px !important;}&#8221;][\/vc_column][\/vc_row][vc_row css=&#8221;.vc_custom_1513082824045{padding-right: 25px !important;padding-left: 25px !important;background-position: center !important;background-repeat: no-repeat !important;background-size: cover !important;}&#8221;][vc_column css=&#8221;.vc_custom_1481535811428{padding-right: 0px !important;padding-left: 0px !important;}&#8221;][vc_empty_space][vc_column_text css_animation=&#8221;fadeInUp&#8221;]<\/p>\n<h1 style=\"text-align: center;\">Abilica Stream<\/h1>\n<h3 style=\"text-align: center;\">Cykla vart du vill, n\u00e4r du vill.<\/h3>\n<p>[\/vc_column_text][vc_column_text css_animation=&#8221;fadeInUp&#8221;]<\/p>\n<h3 style=\"text-align: center;\"><a href=\"https:\/\/abilica.com\/se\/wp-content\/uploads\/2017\/12\/Abilica-on-all-devices-1.jpg\"><img loading=\"lazy\" decoding=\"async\" class=\"alignnone size-full wp-image-21790\" src=\"https:\/\/abilica.com\/se\/wp-content\/uploads\/2017\/12\/Abilica-on-all-devices-1.jpg\" alt=\"\" width=\"1950\" height=\"1200\" srcset=\"https:\/\/abilica.com\/wp-content\/uploads\/2017\/12\/Abilica-on-all-devices-1.jpg 1950w, https:\/\/abilica.com\/wp-content\/uploads\/2017\/12\/Abilica-on-all-devices-1-500x308.jpg 500w, https:\/\/abilica.com\/wp-content\/uploads\/2017\/12\/Abilica-on-all-devices-1-960x591.jpg 960w, https:\/\/abilica.com\/wp-content\/uploads\/2017\/12\/Abilica-on-all-devices-1-300x185.jpg 300w, https:\/\/abilica.com\/wp-content\/uploads\/2017\/12\/Abilica-on-all-devices-1-768x473.jpg 768w, https:\/\/abilica.com\/wp-content\/uploads\/2017\/12\/Abilica-on-all-devices-1-1024x630.jpg 1024w\" sizes=\"auto, (max-width: 1950px) 100vw, 1950px\" \/><\/a>Tr\u00e4na mer och b\u00e4ttre med tr\u00e5dl\u00f6s teknologi.<\/h3>\n<p style=\"text-align: center;\">Med hj\u00e4lp av Bluetooth kopplas Abilica Stream-maskinerna tr\u00e5dl\u00f6st till din surfplatta eller din smarttelefon och \u00f6ppnar upp en helt ny v\u00e4rld av m\u00f6jligheter.\u00a0Du v\u00e4ljer sj\u00e4lv din tr\u00e4ningsrunda i Google Maps och via Google Street View f\u00e5r du k\u00e4nslan av att vara p\u00e5 plats.\u00a0Abilica Stream justerar med automatik motst\u00e5ndet eller lutningen f\u00f6r att simulera f\u00f6r\u00e4ndringar i terr\u00e4ngen.<\/p>\n<p style=\"text-align: center;\">Byt morgonpasset en gr\u00e5 vardag till strandpromenaden i Thailand eller s\u00e4tt dig p\u00e5 prov i New York Marathon.<\/p>\n<p>[\/vc_column_text][\/vc_column][\/vc_row][vc_row css=&#8221;.vc_custom_1511944579961{padding-right: 0px !important;padding-left: 0px !important;background-position: center !important;background-repeat: no-repeat !important;background-size: cover !important;}&#8221;][vc_column css=&#8221;.vc_custom_1481535811428{padding-right: 0px !important;padding-left: 0px !important;}&#8221;][vc_btn title=&#8221;L\u00e4s mer om Abilica Stream&#8221; style=&#8221;flat&#8221; color=&#8221;inverse&#8221; align=&#8221;center&#8221; i_icon_fontawesome=&#8221;fa fa-bluetooth-b&#8221; css_animation=&#8221;fadeInUp&#8221; add_icon=&#8221;true&#8221; link=&#8221;url:http%3A%2F%2Fabilica.com\/se%2Fabilica-stream%2F|||&#8221;][vc_empty_space][vc_empty_space][\/vc_column][\/vc_row][vc_row full_width=&#8221;stretch_row_content&#8221; full_height=&#8221;yes&#8221; css=&#8221;.vc_custom_1512723472954{padding-right: 0px !important;padding-left: 0px !important;background-image: url(https:\/\/abilica.com\/se\/wp-content\/uploads\/2017\/12\/cykel1.jpg?id=21852) !important;background-position: center !important;background-repeat: no-repeat !important;background-size: cover !important;}&#8221;][vc_column css=&#8221;.vc_custom_1481535811428{padding-right: 0px !important;padding-left: 0px !important;}&#8221;][\/vc_column][\/vc_row]<\/p>\n<\/div>","protected":false},"excerpt":{"rendered":"<p>[vc_row full_width=&#8221;stretch_row_content&#8221; full_height=&#8221;yes&#8221; columns_placement=&#8221;bottom&#8221; content_placement=&#8221;bottom&#8221; css=&#8221;.vc_custom_1512723071644{padding-right: 0px !important;padding-left: 0px !important;background-image: url(https:\/\/abilica.com\/se\/wp-content\/uploads\/2017\/12\/cykel2.jpg?id=21853) !important;background-position: center !important;background-repeat: no-repeat&#8230;<\/p>\n","protected":false},"author":2,"featured_media":0,"parent":0,"menu_order":0,"comment_status":"closed","ping_status":"closed","template":"","meta":{"_acf_changed":false,"footnotes":""},"class_list":["post-21850","page","type-page","status-publish","hentry"],"acf":[],"yoast_head":"<!-- This site is optimized with the Yoast SEO Premium plugin v21.1 (Yoast SEO v25.4) - https:\/\/yoast.com\/wordpress\/plugins\/seo\/ -->\n<title>Abilica Cycle &#8226; Abilica<\/title>\n<meta name=\"robots\" content=\"index, follow, max-snippet:-1, max-image-preview:large, max-video-preview:-1\" \/>\n<link rel=\"canonical\" href=\"https:\/\/abilica.com\/abilica-cycle\/\" \/>\n<meta property=\"og:locale\" content=\"sv_SE\" \/>\n<meta property=\"og:type\" content=\"article\" \/>\n<meta property=\"og:title\" content=\"Abilica Cycle\" \/>\n<meta property=\"og:description\" content=\"[vc_row full_width=&#8221;stretch_row_content&#8221; full_height=&#8221;yes&#8221; columns_placement=&#8221;bottom&#8221; content_placement=&#8221;bottom&#8221; css=&#8221;.vc_custom_1512723071644{padding-right: 0px !important;padding-left: 0px !important;background-image: url(https:\/\/abilica.com\/se\/wp-content\/uploads\/2017\/12\/cykel2.jpg?id=21853) !important;background-position: center !important;background-repeat: no-repeat...\" \/>\n<meta property=\"og:url\" content=\"https:\/\/abilica.com\/abilica-cycle\/\" \/>\n<meta property=\"og:site_name\" content=\"Abilica\" \/>\n<meta property=\"article:publisher\" content=\"https:\/\/www.facebook.com\/abilicahometraining\/\" \/>\n<meta property=\"og:image\" content=\"https:\/\/abilica.com\/se\/wp-content\/uploads\/2017\/12\/Abilica-on-all-devices-1.jpg\" \/>\n<meta name=\"twitter:card\" content=\"summary_large_image\" \/>\n<meta name=\"twitter:label1\" content=\"Ber\u00e4knad l\u00e4stid\" \/>\n\t<meta name=\"twitter:data1\" content=\"5 minuter\" \/>\n<script type=\"application\/ld+json\" class=\"yoast-schema-graph\">{\"@context\":\"https:\/\/schema.org\",\"@graph\":[{\"@type\":\"WebPage\",\"@id\":\"https:\/\/abilica.com\/abilica-cycle\/\",\"url\":\"https:\/\/abilica.com\/abilica-cycle\/\",\"name\":\"Abilica Cycle &#8226; Abilica\",\"isPartOf\":{\"@id\":\"https:\/\/abilica.com\/#website\"},\"primaryImageOfPage\":{\"@id\":\"https:\/\/abilica.com\/abilica-cycle\/#primaryimage\"},\"image\":{\"@id\":\"https:\/\/abilica.com\/abilica-cycle\/#primaryimage\"},\"thumbnailUrl\":\"https:\/\/abilica.com\/se\/wp-content\/uploads\/2017\/12\/Abilica-on-all-devices-1.jpg\",\"datePublished\":\"2023-07-30T18:45:00+00:00\",\"breadcrumb\":{\"@id\":\"https:\/\/abilica.com\/abilica-cycle\/#breadcrumb\"},\"inLanguage\":\"sv-SE\",\"potentialAction\":[{\"@type\":\"ReadAction\",\"target\":[\"https:\/\/abilica.com\/abilica-cycle\/\"]}]},{\"@type\":\"ImageObject\",\"inLanguage\":\"sv-SE\",\"@id\":\"https:\/\/abilica.com\/abilica-cycle\/#primaryimage\",\"url\":\"https:\/\/abilica.com\/se\/wp-content\/uploads\/2017\/12\/Abilica-on-all-devices-1.jpg\",\"contentUrl\":\"https:\/\/abilica.com\/se\/wp-content\/uploads\/2017\/12\/Abilica-on-all-devices-1.jpg\"},{\"@type\":\"BreadcrumbList\",\"@id\":\"https:\/\/abilica.com\/abilica-cycle\/#breadcrumb\",\"itemListElement\":[{\"@type\":\"ListItem\",\"position\":1,\"name\":\"Hem\",\"item\":\"https:\/\/abilica.com\/sv\/\"},{\"@type\":\"ListItem\",\"position\":2,\"name\":\"Abilica Cycle\"}]},{\"@type\":\"WebSite\",\"@id\":\"https:\/\/abilica.com\/#website\",\"url\":\"https:\/\/abilica.com\/\",\"name\":\"Abilica\",\"description\":\"Abilica Home Training\",\"potentialAction\":[{\"@type\":\"SearchAction\",\"target\":{\"@type\":\"EntryPoint\",\"urlTemplate\":\"https:\/\/abilica.com\/?s={search_term_string}\"},\"query-input\":{\"@type\":\"PropertyValueSpecification\",\"valueRequired\":true,\"valueName\":\"search_term_string\"}}],\"inLanguage\":\"sv-SE\"}]}<\/script>\n<!-- \/ Yoast SEO Premium plugin. -->","yoast_head_json":{"title":"Abilica Cycle &#8226; Abilica","robots":{"index":"index","follow":"follow","max-snippet":"max-snippet:-1","max-image-preview":"max-image-preview:large","max-video-preview":"max-video-preview:-1"},"canonical":"https:\/\/abilica.com\/abilica-cycle\/","og_locale":"sv_SE","og_type":"article","og_title":"Abilica Cycle","og_description":"[vc_row full_width=&#8221;stretch_row_content&#8221; full_height=&#8221;yes&#8221; columns_placement=&#8221;bottom&#8221; content_placement=&#8221;bottom&#8221; css=&#8221;.vc_custom_1512723071644{padding-right: 0px !important;padding-left: 0px !important;background-image: url(https:\/\/abilica.com\/se\/wp-content\/uploads\/2017\/12\/cykel2.jpg?id=21853) !important;background-position: center !important;background-repeat: no-repeat...","og_url":"https:\/\/abilica.com\/abilica-cycle\/","og_site_name":"Abilica","article_publisher":"https:\/\/www.facebook.com\/abilicahometraining\/","og_image":[{"url":"https:\/\/abilica.com\/se\/wp-content\/uploads\/2017\/12\/Abilica-on-all-devices-1.jpg","type":"","width":"","height":""}],"twitter_card":"summary_large_image","twitter_misc":{"Ber\u00e4knad l\u00e4stid":"5 minuter"},"schema":{"@context":"https:\/\/schema.org","@graph":[{"@type":"WebPage","@id":"https:\/\/abilica.com\/abilica-cycle\/","url":"https:\/\/abilica.com\/abilica-cycle\/","name":"Abilica Cycle &#8226; Abilica","isPartOf":{"@id":"https:\/\/abilica.com\/#website"},"primaryImageOfPage":{"@id":"https:\/\/abilica.com\/abilica-cycle\/#primaryimage"},"image":{"@id":"https:\/\/abilica.com\/abilica-cycle\/#primaryimage"},"thumbnailUrl":"https:\/\/abilica.com\/se\/wp-content\/uploads\/2017\/12\/Abilica-on-all-devices-1.jpg","datePublished":"2023-07-30T18:45:00+00:00","breadcrumb":{"@id":"https:\/\/abilica.com\/abilica-cycle\/#breadcrumb"},"inLanguage":"sv-SE","potentialAction":[{"@type":"ReadAction","target":["https:\/\/abilica.com\/abilica-cycle\/"]}]},{"@type":"ImageObject","inLanguage":"sv-SE","@id":"https:\/\/abilica.com\/abilica-cycle\/#primaryimage","url":"https:\/\/abilica.com\/se\/wp-content\/uploads\/2017\/12\/Abilica-on-all-devices-1.jpg","contentUrl":"https:\/\/abilica.com\/se\/wp-content\/uploads\/2017\/12\/Abilica-on-all-devices-1.jpg"},{"@type":"BreadcrumbList","@id":"https:\/\/abilica.com\/abilica-cycle\/#breadcrumb","itemListElement":[{"@type":"ListItem","position":1,"name":"Hem","item":"https:\/\/abilica.com\/sv\/"},{"@type":"ListItem","position":2,"name":"Abilica Cycle"}]},{"@type":"WebSite","@id":"https:\/\/abilica.com\/#website","url":"https:\/\/abilica.com\/","name":"Abilica","description":"Abilica Home Training","potentialAction":[{"@type":"SearchAction","target":{"@type":"EntryPoint","urlTemplate":"https:\/\/abilica.com\/?s={search_term_string}"},"query-input":{"@type":"PropertyValueSpecification","valueRequired":true,"valueName":"search_term_string"}}],"inLanguage":"sv-SE"}]}},"_links":{"self":[{"href":"https:\/\/abilica.com\/sv\/wp-json\/wp\/v2\/pages\/21850","targetHints":{"allow":["GET"]}}],"collection":[{"href":"https:\/\/abilica.com\/sv\/wp-json\/wp\/v2\/pages"}],"about":[{"href":"https:\/\/abilica.com\/sv\/wp-json\/wp\/v2\/types\/page"}],"author":[{"embeddable":true,"href":"https:\/\/abilica.com\/sv\/wp-json\/wp\/v2\/users\/2"}],"replies":[{"embeddable":true,"href":"https:\/\/abilica.com\/sv\/wp-json\/wp\/v2\/comments?post=21850"}],"version-history":[{"count":0,"href":"https:\/\/abilica.com\/sv\/wp-json\/wp\/v2\/pages\/21850\/revisions"}],"wp:attachment":[{"href":"https:\/\/abilica.com\/sv\/wp-json\/wp\/v2\/media?parent=21850"}],"curies":[{"name":"wp","href":"https:\/\/api.w.org\/{rel}","templated":true}]}}