{"id":22200,"date":"2018-01-11T13:36:50","date_gmt":"2018-01-11T12:36:50","guid":{"rendered":"https:\/\/abilica.com\/se\/?page_id=22200"},"modified":"2018-01-11T13:36:50","modified_gmt":"2018-01-11T12:36:50","slug":"abilica-step","status":"publish","type":"page","link":"https:\/\/abilica.com\/sv\/abilica-step\/","title":{"rendered":"Abilica Step"},"content":{"rendered":"<div class=\"wpb-content-wrapper\"><p>[vc_row full_width=&#8221;stretch_row_content&#8221; full_height=&#8221;yes&#8221; columns_placement=&#8221;bottom&#8221; content_placement=&#8221;bottom&#8221; css=&#8221;.vc_custom_1515672715608{padding-right: 0px !important;padding-left: 0px !important;background-image: url(https:\/\/abilica.com\/se\/wp-content\/uploads\/2018\/01\/spinning-1.jpg?id=22195) !important;background-position: center !important;background-repeat: no-repeat !important;background-size: cover !important;}&#8221;][vc_column css=&#8221;.vc_custom_1481535811428{padding-right: 0px !important;padding-left: 0px !important;}&#8221;][vc_column_text]<\/p>\n<h2 style=\"text-align: center;\"><span style=\"color: #ffffff;\">L\u00e4s mer om tr\u00e4ning med trappmaskin<\/span><\/h2>\n<p>[\/vc_column_text][vc_icon icon_fontawesome=&#8221;fa fa-angle-down&#8221; color=&#8221;white&#8221; size=&#8221;xl&#8221; align=&#8221;center&#8221; css_animation=&#8221;none&#8221;][\/vc_column][\/vc_row][vc_row css=&#8221;.vc_custom_1513082769122{padding-right: 25px !important;padding-left: 25px !important;background-position: center !important;background-repeat: no-repeat !important;background-size: cover !important;}&#8221;][vc_column css=&#8221;.vc_custom_1481535811428{padding-right: 0px !important;padding-left: 0px !important;}&#8221;][vc_empty_space][vc_column_text css_animation=&#8221;fadeInUp&#8221;]<\/p>\n<h1 style=\"text-align: center;\">Abilica Spinning<\/h1>\n<h3 style=\"text-align: center;\">Tr\u00e4na din kondition hemma.<\/h3>\n<p>[\/vc_column_text][vc_column_text css_animation=&#8221;fadeInUp&#8221;]<\/p>\n<p style=\"text-align: center;\">Tr\u00e4ning\u00a0p\u00e5 spinningcykel \u00e4r en form f\u00f6r tr\u00e4ning\u00a0som \u00e4r \u201dnon-impact\u201d, dvs tr\u00e4ning\u00a0utan st\u00f6tbelastningar, vilket inneb\u00e4r att det \u00e4r mycket skonsam tr\u00e4ning f\u00f6r dina kn\u00e4n och leder och lite stressande f\u00f6r skelettet. Tr\u00e4ningen\u00a0kr\u00e4ver minimal samordning, n\u00e4r \u201dalla kan cykla\u201d \u00e4r det en form f\u00f6r tr\u00e4ning som \u00e4r l\u00e4tt att m\u00e4stra. F\u00f6rem\u00e5let med spinning \u00e4r att erbjuda alla typer av m\u00e4nniskor m\u00f6jlighet att tr\u00e4na i grupp eller ensam och samtidigt f\u00e5 ett bra tr\u00e4ningspass. Spinningcykeln passar lika bra f\u00f6r nyb\u00f6rjare som de aktiva cykelentusiaster, unga och gamla, och inte minst \u00e4r det mycket bra tr\u00e4ning f\u00f6r gravida kvinnor. Den tid du l\u00e4gger ner p\u00e5 spinningcykeln ger effekt p\u00e5 f\u00f6rbr\u00e4nningen, uth\u00e5lligheten och st\u00e4rker muskelgrupper som ben, skinkor och vader. Arm, axel- och nackmuskler \u00e4r aktiva och ger en effektiv cardiotr\u00e4ning.<\/p>\n<p>[\/vc_column_text][vc_empty_space][\/vc_column][\/vc_row][vc_row full_width=&#8221;stretch_row_content&#8221; full_height=&#8221;yes&#8221; css=&#8221;.vc_custom_1515673788899{padding-right: 0px !important;padding-left: 0px !important;background-image: url(https:\/\/abilica.com\/se\/wp-content\/uploads\/2018\/01\/spinning-2.jpg?id=22193) !important;background-position: center !important;background-repeat: no-repeat !important;background-size: cover !important;}&#8221;][vc_column css=&#8221;.vc_custom_1481535811428{padding-right: 0px !important;padding-left: 0px !important;}&#8221;][\/vc_column][\/vc_row][vc_row full_width=&#8221;stretch_row_content&#8221; css=&#8221;.vc_custom_1511962770849{padding-right: 0px !important;padding-left: 0px !important;background-position: center !important;background-repeat: no-repeat !important;background-size: cover !important;}&#8221;][vc_column css=&#8221;.vc_custom_1481535811428{padding-right: 0px !important;padding-left: 0px !important;}&#8221;][vc_empty_space][vc_column_text css_animation=&#8221;fadeInUp&#8221;]<\/p>\n<h1 style=\"text-align: center;\">K\u00f6p din spinningcykel nu<\/h1>\n<h3 style=\"text-align: center;\"><\/h3>\n<p>[\/vc_column_text][vc_empty_space][vc_row_inner][vc_column_inner width=&#8221;1\/4&#8243;][product_mod id=&#8221;2356&#8243;][\/vc_column_inner][vc_column_inner width=&#8221;1\/4&#8243;][product_mod id=&#8221;1409&#8243;][\/vc_column_inner][vc_column_inner width=&#8221;1\/4&#8243;][product_mod id=&#8221;1494&#8243;][\/vc_column_inner][vc_column_inner width=&#8221;1\/4&#8243;][product_mod id=&#8221;1385&#8243;][\/vc_column_inner][\/vc_row_inner][vc_empty_space height=&#8221;90px&#8221;][\/vc_column][\/vc_row][vc_row full_width=&#8221;stretch_row_content&#8221; full_height=&#8221;yes&#8221; css=&#8221;.vc_custom_1515673857549{padding-right: 0px !important;padding-left: 0px !important;background-image: url(https:\/\/abilica.com\/se\/wp-content\/uploads\/2018\/01\/spinning-5.jpg?id=22194) !important;background-position: center !important;background-repeat: no-repeat !important;background-size: cover !important;}&#8221;][vc_column css=&#8221;.vc_custom_1481535811428{padding-right: 0px !important;padding-left: 0px !important;}&#8221;][\/vc_column][\/vc_row][vc_row full_width=&#8221;stretch_row_content&#8221; css=&#8221;.vc_custom_1511963375926{padding-right: 0px !important;padding-left: 0px !important;background-position: center !important;background-repeat: no-repeat !important;background-size: cover !important;}&#8221;][vc_column css=&#8221;.vc_custom_1481535811428{padding-right: 0px !important;padding-left: 0px !important;}&#8221;][vc_empty_space][vc_column_text css_animation=&#8221;fadeInUp&#8221;]<\/p>\n<h1 style=\"text-align: center;\">Tillbeh\u00f6r till spinningcykeln<\/h1>\n<h3 style=\"text-align: center;\">G\u00f6r tr\u00e4ningen mer komplett.<\/h3>\n<h3 style=\"text-align: center;\"><\/h3>\n<p>[\/vc_column_text][vc_row_inner][vc_column_inner width=&#8221;1\/4&#8243;][product_mod id=&#8221;2227&#8243;][\/vc_column_inner][vc_column_inner width=&#8221;1\/4&#8243;][product_mod id=&#8221;2542&#8243;][\/vc_column_inner][vc_column_inner width=&#8221;1\/4&#8243;][product_mod id=&#8221;2351&#8243;][\/vc_column_inner][vc_column_inner width=&#8221;1\/4&#8243;][product_mod id=&#8221;19358&#8243;][\/vc_column_inner][\/vc_row_inner][vc_empty_space height=&#8221;62px&#8221;][\/vc_column][\/vc_row][vc_row full_width=&#8221;stretch_row_content&#8221; full_height=&#8221;yes&#8221; css=&#8221;.vc_custom_1515673889515{padding-right: 0px !important;padding-left: 0px !important;background-image: url(https:\/\/abilica.com\/se\/wp-content\/uploads\/2018\/01\/spinning-6.jpg?id=22192) !important;background-position: center !important;background-repeat: no-repeat !important;background-size: cover !important;}&#8221;][vc_column css=&#8221;.vc_custom_1481535811428{padding-right: 0px !important;padding-left: 0px !important;}&#8221;][\/vc_column][\/vc_row]<\/p>\n<\/div>","protected":false},"excerpt":{"rendered":"<p>[vc_row full_width=&#8221;stretch_row_content&#8221; full_height=&#8221;yes&#8221; columns_placement=&#8221;bottom&#8221; content_placement=&#8221;bottom&#8221; css=&#8221;.vc_custom_1515672715608{padding-right: 0px !important;padding-left: 0px !important;background-image: url(https:\/\/abilica.com\/se\/wp-content\/uploads\/2018\/01\/spinning-1.jpg?id=22195) !important;background-position: center !important;background-repeat: no-repeat&#8230;<\/p>\n","protected":false},"author":2,"featured_media":0,"parent":0,"menu_order":0,"comment_status":"closed","ping_status":"closed","template":"","meta":{"_acf_changed":false,"footnotes":""},"class_list":["post-22200","page","type-page","status-publish","hentry"],"acf":[],"yoast_head":"<!-- This site is optimized with the Yoast SEO Premium plugin v21.1 (Yoast SEO v25.4) - https:\/\/yoast.com\/wordpress\/plugins\/seo\/ -->\n<title>Abilica Step &#8226; Abilica<\/title>\n<meta name=\"robots\" content=\"index, follow, max-snippet:-1, max-image-preview:large, max-video-preview:-1\" \/>\n<link rel=\"canonical\" href=\"https:\/\/abilica.com\/abilica-step\/\" \/>\n<meta property=\"og:locale\" content=\"sv_SE\" \/>\n<meta property=\"og:type\" content=\"article\" \/>\n<meta property=\"og:title\" content=\"Abilica Step\" \/>\n<meta property=\"og:description\" content=\"[vc_row full_width=&#8221;stretch_row_content&#8221; full_height=&#8221;yes&#8221; columns_placement=&#8221;bottom&#8221; content_placement=&#8221;bottom&#8221; css=&#8221;.vc_custom_1515672715608{padding-right: 0px !important;padding-left: 0px !important;background-image: url(https:\/\/abilica.com\/se\/wp-content\/uploads\/2018\/01\/spinning-1.jpg?id=22195) !important;background-position: center !important;background-repeat: no-repeat...\" \/>\n<meta property=\"og:url\" content=\"https:\/\/abilica.com\/abilica-step\/\" \/>\n<meta property=\"og:site_name\" content=\"Abilica\" \/>\n<meta property=\"article:publisher\" content=\"https:\/\/www.facebook.com\/abilicahometraining\/\" \/>\n<meta name=\"twitter:card\" content=\"summary_large_image\" \/>\n<meta name=\"twitter:label1\" content=\"Ber\u00e4knad l\u00e4stid\" \/>\n\t<meta name=\"twitter:data1\" content=\"4 minuter\" \/>\n<script type=\"application\/ld+json\" class=\"yoast-schema-graph\">{\"@context\":\"https:\/\/schema.org\",\"@graph\":[{\"@type\":\"WebPage\",\"@id\":\"https:\/\/abilica.com\/abilica-step\/\",\"url\":\"https:\/\/abilica.com\/abilica-step\/\",\"name\":\"Abilica Step &#8226; Abilica\",\"isPartOf\":{\"@id\":\"https:\/\/abilica.com\/#website\"},\"datePublished\":\"2018-01-11T12:36:50+00:00\",\"breadcrumb\":{\"@id\":\"https:\/\/abilica.com\/abilica-step\/#breadcrumb\"},\"inLanguage\":\"sv-SE\",\"potentialAction\":[{\"@type\":\"ReadAction\",\"target\":[\"https:\/\/abilica.com\/abilica-step\/\"]}]},{\"@type\":\"BreadcrumbList\",\"@id\":\"https:\/\/abilica.com\/abilica-step\/#breadcrumb\",\"itemListElement\":[{\"@type\":\"ListItem\",\"position\":1,\"name\":\"Hem\",\"item\":\"https:\/\/abilica.com\/sv\/\"},{\"@type\":\"ListItem\",\"position\":2,\"name\":\"Abilica Step\"}]},{\"@type\":\"WebSite\",\"@id\":\"https:\/\/abilica.com\/#website\",\"url\":\"https:\/\/abilica.com\/\",\"name\":\"Abilica\",\"description\":\"Abilica Home Training\",\"potentialAction\":[{\"@type\":\"SearchAction\",\"target\":{\"@type\":\"EntryPoint\",\"urlTemplate\":\"https:\/\/abilica.com\/?s={search_term_string}\"},\"query-input\":{\"@type\":\"PropertyValueSpecification\",\"valueRequired\":true,\"valueName\":\"search_term_string\"}}],\"inLanguage\":\"sv-SE\"}]}<\/script>\n<!-- \/ Yoast SEO Premium plugin. -->","yoast_head_json":{"title":"Abilica Step &#8226; Abilica","robots":{"index":"index","follow":"follow","max-snippet":"max-snippet:-1","max-image-preview":"max-image-preview:large","max-video-preview":"max-video-preview:-1"},"canonical":"https:\/\/abilica.com\/abilica-step\/","og_locale":"sv_SE","og_type":"article","og_title":"Abilica Step","og_description":"[vc_row full_width=&#8221;stretch_row_content&#8221; full_height=&#8221;yes&#8221; columns_placement=&#8221;bottom&#8221; content_placement=&#8221;bottom&#8221; css=&#8221;.vc_custom_1515672715608{padding-right: 0px !important;padding-left: 0px !important;background-image: url(https:\/\/abilica.com\/se\/wp-content\/uploads\/2018\/01\/spinning-1.jpg?id=22195) !important;background-position: center !important;background-repeat: no-repeat...","og_url":"https:\/\/abilica.com\/abilica-step\/","og_site_name":"Abilica","article_publisher":"https:\/\/www.facebook.com\/abilicahometraining\/","twitter_card":"summary_large_image","twitter_misc":{"Ber\u00e4knad l\u00e4stid":"4 minuter"},"schema":{"@context":"https:\/\/schema.org","@graph":[{"@type":"WebPage","@id":"https:\/\/abilica.com\/abilica-step\/","url":"https:\/\/abilica.com\/abilica-step\/","name":"Abilica Step &#8226; Abilica","isPartOf":{"@id":"https:\/\/abilica.com\/#website"},"datePublished":"2018-01-11T12:36:50+00:00","breadcrumb":{"@id":"https:\/\/abilica.com\/abilica-step\/#breadcrumb"},"inLanguage":"sv-SE","potentialAction":[{"@type":"ReadAction","target":["https:\/\/abilica.com\/abilica-step\/"]}]},{"@type":"BreadcrumbList","@id":"https:\/\/abilica.com\/abilica-step\/#breadcrumb","itemListElement":[{"@type":"ListItem","position":1,"name":"Hem","item":"https:\/\/abilica.com\/sv\/"},{"@type":"ListItem","position":2,"name":"Abilica Step"}]},{"@type":"WebSite","@id":"https:\/\/abilica.com\/#website","url":"https:\/\/abilica.com\/","name":"Abilica","description":"Abilica Home Training","potentialAction":[{"@type":"SearchAction","target":{"@type":"EntryPoint","urlTemplate":"https:\/\/abilica.com\/?s={search_term_string}"},"query-input":{"@type":"PropertyValueSpecification","valueRequired":true,"valueName":"search_term_string"}}],"inLanguage":"sv-SE"}]}},"_links":{"self":[{"href":"https:\/\/abilica.com\/sv\/wp-json\/wp\/v2\/pages\/22200","targetHints":{"allow":["GET"]}}],"collection":[{"href":"https:\/\/abilica.com\/sv\/wp-json\/wp\/v2\/pages"}],"about":[{"href":"https:\/\/abilica.com\/sv\/wp-json\/wp\/v2\/types\/page"}],"author":[{"embeddable":true,"href":"https:\/\/abilica.com\/sv\/wp-json\/wp\/v2\/users\/2"}],"replies":[{"embeddable":true,"href":"https:\/\/abilica.com\/sv\/wp-json\/wp\/v2\/comments?post=22200"}],"version-history":[{"count":0,"href":"https:\/\/abilica.com\/sv\/wp-json\/wp\/v2\/pages\/22200\/revisions"}],"wp:attachment":[{"href":"https:\/\/abilica.com\/sv\/wp-json\/wp\/v2\/media?parent=22200"}],"curies":[{"name":"wp","href":"https:\/\/api.w.org\/{rel}","templated":true}]}}