{"id":22729,"date":"2018-05-03T09:50:08","date_gmt":"2018-05-03T08:50:08","guid":{"rendered":"https:\/\/abilica.com\/se\/?page_id=22729"},"modified":"2018-05-03T09:56:05","modified_gmt":"2018-05-03T08:56:05","slug":"du-ar-anmald","status":"publish","type":"page","link":"https:\/\/abilica.com\/sv\/du-ar-anmald\/","title":{"rendered":"Du \u00e4r anm\u00e4ld!"},"content":{"rendered":"<div class=\"wpb-content-wrapper\"><p>[vc_row content_placement=&#8221;middle&#8221; css=&#8221;.vc_custom_1525256967312{padding-right: 0px !important;padding-left: 0px !important;background-position: center !important;background-repeat: no-repeat !important;background-size: cover !important;}&#8221;][vc_column css=&#8221;.vc_custom_1481535811428{padding-right: 0px !important;padding-left: 0px !important;}&#8221;][vc_single_image image=&#8221;21746&#8243; img_size=&#8221;full&#8221; alignment=&#8221;center&#8221; onclick=&#8221;custom_link&#8221; img_link_target=&#8221;_blank&#8221; link=&#8221;https:\/\/www.sportamore.se\/brand\/abilica\/&#8221;][vc_column_text]<\/p>\n<h1 style=\"text-align: center;\">Du \u00e4r anm\u00e4ld!<\/h1>\n<p>&nbsp;<\/p>\n<h1 style=\"text-align: center;\">K\u00f6p tr\u00e4ningskit hos Sportamore h\u00e4r<\/h1>\n<p>[\/vc_column_text][\/vc_column][\/vc_row][vc_row full_width=&#8221;stretch_row_content&#8221; css=&#8221;.vc_custom_1525256775728{margin-right: 0px !important;margin-left: 0px !important;border-right-width: 0px !important;border-left-width: 0px !important;padding-right: 0px !important;padding-left: 0px !important;}&#8221;][vc_column width=&#8221;1\/2&#8243;][vc_single_image image=&#8221;22687&#8243; img_size=&#8221;full&#8221; alignment=&#8221;center&#8221;][\/vc_column][vc_column width=&#8221;1\/2&#8243;][vc_single_image image=&#8221;22686&#8243; img_size=&#8221;full&#8221; alignment=&#8221;center&#8221;][\/vc_column][\/vc_row][vc_row][vc_column][vc_column_text]<\/p>\n<p style=\"text-align: center;\">Det finns m\u00e5nga f\u00f6rdelar med cirkeltr\u00e4ning. F\u00f6rst och fr\u00e4mst kan du sj\u00e4lv best\u00e4mma vilka \u00f6vningar du vill g\u00f6ra och det finns egentligen inga gr\u00e4nser f\u00f6r vilka\u00a0\u00f6vningar du kan g\u00f6ra och vilka\u00a0kroppsdelar du kan tr\u00e4na. Oavsett om du har massor av tr\u00e4ningsutrustning du kan anv\u00e4nda eller om du vill anv\u00e4nda din egen kropp finns det massor med\u00a0m\u00f6jligheter.<\/p>\n<p style=\"text-align: center;\">Cirkeltr\u00e4ning \u00e4r riktigt bra tr\u00e4ning. Anledningen till detta \u00e4r att du tr\u00e4nar hela kroppen och du kan tr\u00e4na\u00a0mycket varierande. Antigen kan du\u00a0tr\u00e4na hela kroppen under ett tr\u00e4ningspass eller s\u00e5 kan du v\u00e4lja specifika kroppsdelar om du vill. N\u00e4r du skapar en cirkel, \u00e4r det viktigt att t\u00e4nka p\u00e5 vad du vill tr\u00e4na och hur du vill\u00a0tr\u00e4na. Du b\u00f6r ocks\u00e5 t\u00e4nka p\u00e5 hur l\u00e4nge du ska\u00a0arbeta och och hur l\u00e5nga raster du vill ha. Tr\u00e4nar du\u00a0uth\u00e5llighet vill du kanske k\u00f6ra lite l\u00e4ngre arbetstid, medan det kan vara okej att sk\u00e4ra ner p\u00e5 arbetstiden om du vill tr\u00e4na mer explosivt. Tr\u00e4nar du till exempel vanlig styrka p\u00e5 andra dagar\u00a0i veckan borde du passa p\u00e5 s\u00e5 att du inte \u00f6verbelastar enskilda kroppsdelar under en tr\u00e4ningsvecka.<\/p>\n<p style=\"text-align: center;\">Det finns n\u00e5gra enkla riktlinjer i \u00e5tanke n\u00e4r den du skaper ett cirkelpass. V\u00e4lj mellan 5-10 \u00f6vningar och arbeta med h\u00f6g intensitet. K\u00f6r 30-45 sekunder arbetstid med korta raster. Repetera cirkeln 2-3 g\u00e5nger.<\/p>\n<p>[\/vc_column_text][vc_empty_space height=&#8221;82px&#8221;][\/vc_column][\/vc_row][vc_row][vc_column][vc_column_text]<\/p>\n<h2 style=\"text-align: center;\">I samarbete med<\/h2>\n<p>[\/vc_column_text][vc_row_inner][vc_column_inner width=&#8221;1\/2&#8243;][vc_single_image image=&#8221;22715&#8243; img_size=&#8221;full&#8221; alignment=&#8221;center&#8221;][\/vc_column_inner][vc_column_inner width=&#8221;1\/2&#8243;][vc_single_image image=&#8221;22714&#8243; img_size=&#8221;full&#8221; alignment=&#8221;center&#8221;][\/vc_column_inner][\/vc_row_inner][vc_empty_space height=&#8221;82px&#8221;][\/vc_column][\/vc_row]<\/p>\n<\/div>","protected":false},"excerpt":{"rendered":"<p>[vc_row content_placement=&#8221;middle&#8221; css=&#8221;.vc_custom_1525256967312{padding-right: 0px !important;padding-left: 0px !important;background-position: center !important;background-repeat: no-repeat !important;background-size: cover !important;}&#8221;][vc_column css=&#8221;.vc_custom_1481535811428{padding-right: 0px&#8230;<\/p>\n","protected":false},"author":2,"featured_media":0,"parent":0,"menu_order":0,"comment_status":"closed","ping_status":"closed","template":"","meta":{"_acf_changed":false,"footnotes":""},"class_list":["post-22729","page","type-page","status-publish","hentry"],"acf":[],"yoast_head":"<!-- This site is optimized with the Yoast SEO Premium plugin v21.1 (Yoast SEO v25.4) - https:\/\/yoast.com\/wordpress\/plugins\/seo\/ -->\n<title>Du \u00e4r anm\u00e4ld! &#8226; Abilica<\/title>\n<meta name=\"robots\" content=\"index, follow, max-snippet:-1, max-image-preview:large, max-video-preview:-1\" \/>\n<link rel=\"canonical\" href=\"https:\/\/abilica.com\/sv\/du-ar-anmald\/\" \/>\n<meta property=\"og:locale\" content=\"sv_SE\" \/>\n<meta property=\"og:type\" content=\"article\" \/>\n<meta property=\"og:title\" content=\"Du \u00e4r anm\u00e4ld!\" \/>\n<meta property=\"og:description\" content=\"[vc_row content_placement=&#8221;middle&#8221; css=&#8221;.vc_custom_1525256967312{padding-right: 0px !important;padding-left: 0px !important;background-position: center !important;background-repeat: no-repeat !important;background-size: cover !important;}&#8221;][vc_column css=&#8221;.vc_custom_1481535811428{padding-right: 0px...\" \/>\n<meta property=\"og:url\" content=\"https:\/\/abilica.com\/sv\/du-ar-anmald\/\" \/>\n<meta property=\"og:site_name\" content=\"Abilica\" \/>\n<meta property=\"article:publisher\" content=\"https:\/\/www.facebook.com\/abilicahometraining\/\" \/>\n<meta property=\"article:modified_time\" content=\"2018-05-03T08:56:05+00:00\" \/>\n<meta name=\"twitter:card\" content=\"summary_large_image\" \/>\n<meta name=\"twitter:label1\" content=\"Ber\u00e4knad l\u00e4stid\" \/>\n\t<meta name=\"twitter:data1\" content=\"2 minuter\" \/>\n<script type=\"application\/ld+json\" class=\"yoast-schema-graph\">{\"@context\":\"https:\/\/schema.org\",\"@graph\":[{\"@type\":\"WebPage\",\"@id\":\"https:\/\/abilica.com\/sv\/du-ar-anmald\/\",\"url\":\"https:\/\/abilica.com\/sv\/du-ar-anmald\/\",\"name\":\"Du \u00e4r anm\u00e4ld! &#8226; Abilica\",\"isPartOf\":{\"@id\":\"https:\/\/abilica.com\/#website\"},\"datePublished\":\"2018-05-03T08:50:08+00:00\",\"dateModified\":\"2018-05-03T08:56:05+00:00\",\"breadcrumb\":{\"@id\":\"https:\/\/abilica.com\/sv\/du-ar-anmald\/#breadcrumb\"},\"inLanguage\":\"sv-SE\",\"potentialAction\":[{\"@type\":\"ReadAction\",\"target\":[\"https:\/\/abilica.com\/sv\/du-ar-anmald\/\"]}]},{\"@type\":\"BreadcrumbList\",\"@id\":\"https:\/\/abilica.com\/sv\/du-ar-anmald\/#breadcrumb\",\"itemListElement\":[{\"@type\":\"ListItem\",\"position\":1,\"name\":\"Hem\",\"item\":\"https:\/\/abilica.com\/sv\/\"},{\"@type\":\"ListItem\",\"position\":2,\"name\":\"Du \u00e4r anm\u00e4ld!\"}]},{\"@type\":\"WebSite\",\"@id\":\"https:\/\/abilica.com\/#website\",\"url\":\"https:\/\/abilica.com\/\",\"name\":\"Abilica\",\"description\":\"Abilica Home Training\",\"potentialAction\":[{\"@type\":\"SearchAction\",\"target\":{\"@type\":\"EntryPoint\",\"urlTemplate\":\"https:\/\/abilica.com\/?s={search_term_string}\"},\"query-input\":{\"@type\":\"PropertyValueSpecification\",\"valueRequired\":true,\"valueName\":\"search_term_string\"}}],\"inLanguage\":\"sv-SE\"}]}<\/script>\n<!-- \/ Yoast SEO Premium plugin. -->","yoast_head_json":{"title":"Du \u00e4r anm\u00e4ld! &#8226; Abilica","robots":{"index":"index","follow":"follow","max-snippet":"max-snippet:-1","max-image-preview":"max-image-preview:large","max-video-preview":"max-video-preview:-1"},"canonical":"https:\/\/abilica.com\/sv\/du-ar-anmald\/","og_locale":"sv_SE","og_type":"article","og_title":"Du \u00e4r anm\u00e4ld!","og_description":"[vc_row content_placement=&#8221;middle&#8221; css=&#8221;.vc_custom_1525256967312{padding-right: 0px !important;padding-left: 0px !important;background-position: center !important;background-repeat: no-repeat !important;background-size: cover !important;}&#8221;][vc_column css=&#8221;.vc_custom_1481535811428{padding-right: 0px...","og_url":"https:\/\/abilica.com\/sv\/du-ar-anmald\/","og_site_name":"Abilica","article_publisher":"https:\/\/www.facebook.com\/abilicahometraining\/","article_modified_time":"2018-05-03T08:56:05+00:00","twitter_card":"summary_large_image","twitter_misc":{"Ber\u00e4knad l\u00e4stid":"2 minuter"},"schema":{"@context":"https:\/\/schema.org","@graph":[{"@type":"WebPage","@id":"https:\/\/abilica.com\/sv\/du-ar-anmald\/","url":"https:\/\/abilica.com\/sv\/du-ar-anmald\/","name":"Du \u00e4r anm\u00e4ld! &#8226; Abilica","isPartOf":{"@id":"https:\/\/abilica.com\/#website"},"datePublished":"2018-05-03T08:50:08+00:00","dateModified":"2018-05-03T08:56:05+00:00","breadcrumb":{"@id":"https:\/\/abilica.com\/sv\/du-ar-anmald\/#breadcrumb"},"inLanguage":"sv-SE","potentialAction":[{"@type":"ReadAction","target":["https:\/\/abilica.com\/sv\/du-ar-anmald\/"]}]},{"@type":"BreadcrumbList","@id":"https:\/\/abilica.com\/sv\/du-ar-anmald\/#breadcrumb","itemListElement":[{"@type":"ListItem","position":1,"name":"Hem","item":"https:\/\/abilica.com\/sv\/"},{"@type":"ListItem","position":2,"name":"Du \u00e4r anm\u00e4ld!"}]},{"@type":"WebSite","@id":"https:\/\/abilica.com\/#website","url":"https:\/\/abilica.com\/","name":"Abilica","description":"Abilica Home Training","potentialAction":[{"@type":"SearchAction","target":{"@type":"EntryPoint","urlTemplate":"https:\/\/abilica.com\/?s={search_term_string}"},"query-input":{"@type":"PropertyValueSpecification","valueRequired":true,"valueName":"search_term_string"}}],"inLanguage":"sv-SE"}]}},"_links":{"self":[{"href":"https:\/\/abilica.com\/sv\/wp-json\/wp\/v2\/pages\/22729","targetHints":{"allow":["GET"]}}],"collection":[{"href":"https:\/\/abilica.com\/sv\/wp-json\/wp\/v2\/pages"}],"about":[{"href":"https:\/\/abilica.com\/sv\/wp-json\/wp\/v2\/types\/page"}],"author":[{"embeddable":true,"href":"https:\/\/abilica.com\/sv\/wp-json\/wp\/v2\/users\/2"}],"replies":[{"embeddable":true,"href":"https:\/\/abilica.com\/sv\/wp-json\/wp\/v2\/comments?post=22729"}],"version-history":[{"count":0,"href":"https:\/\/abilica.com\/sv\/wp-json\/wp\/v2\/pages\/22729\/revisions"}],"wp:attachment":[{"href":"https:\/\/abilica.com\/sv\/wp-json\/wp\/v2\/media?parent=22729"}],"curies":[{"name":"wp","href":"https:\/\/api.w.org\/{rel}","templated":true}]}}