{"id":22825,"date":"2018-05-30T13:17:07","date_gmt":"2018-05-30T12:17:07","guid":{"rendered":"https:\/\/abilica.com\/se\/?page_id=22825"},"modified":"2020-04-22T10:05:18","modified_gmt":"2020-04-22T09:05:18","slug":"sekretesspolicy","status":"publish","type":"page","link":"https:\/\/abilica.com\/sv\/sekretesspolicy\/","title":{"rendered":"Sekretesspolicy"},"content":{"rendered":"<div class=\"wpb-content-wrapper\"><p>[vc_row full_width=&#8221;stretch_row_content&#8221; content_placement=&#8221;bottom&#8221; css=&#8221;.vc_custom_1587546261480{padding-right: 0px !important;padding-left: 0px !important;background-position: center !important;background-repeat: no-repeat !important;background-size: cover !important;}&#8221;][vc_column css=&#8221;.vc_custom_1587546312969{margin-top: -35px !important;border-top-width: -35px !important;padding-top: -35px !important;padding-right: 0px !important;padding-left: 0px !important;}&#8221;][vc_single_image image=&#8221;26212&#8243; img_size=&#8221;full&#8221; alignment=&#8221;center&#8221;][\/vc_column][\/vc_row][vc_row css=&#8221;.vc_custom_1513084274915{padding-right: 25px !important;padding-left: 25px !important;background-position: center !important;background-repeat: no-repeat !important;background-size: cover !important;}&#8221;][vc_column css=&#8221;.vc_custom_1481535811428{padding-right: 0px !important;padding-left: 0px !important;}&#8221;][vc_empty_space][vc_column_text css_animation=&#8221;fadeInUp&#8221;]<\/p>\n<h1>Sekretesspolicy<\/h1>\n<p><b>Behandling av personuppgifter inom Mylna Sport AB<br \/>\n<\/b>Vi p\u00e5 Mylna Sport AB str\u00e4var efter att hantera personuppgifter om v\u00e5ra kunder, leverant\u00f6rer och andra p\u00e5 ett s\u00e4kert s\u00e4tt. Nedan f\u00f6ljer en n\u00e4rmare beskrivning av hur vi behandlar personuppgifter inom v\u00e5r verksamhet och n\u00e4r du handlar eller best\u00e4ller tj\u00e4nster av oss via v\u00e5r webbplats eller kontaktar oss p\u00e5 annat s\u00e4tt, t.ex. via e-post eller telefon. \u00a0Nedan finner du d\u00e4rf\u00f6r information om personuppgifter som samlas in, varf\u00f6r vi g\u00f6r detta samt dina r\u00e4ttigheter i samband med behandlingen av personuppgifterna.<\/p>\n<p>Personuppgiftsansvarig f\u00f6r personuppgifterna som vi behandlar \u00e4r Mylna Sport AB genom deras vd Tomas Weman.<\/p>\n<p><strong>Mylna Sport AB kontaktuppgifter\u00a0<\/strong><\/p>\n<p>Adress: Postboks 244, 3051 Mj\u00f8ndalen.<br \/>\nMejl:\u00a0<a href=\"mailto:info@mylnasport.se\">info@mylnasport.se<br \/>\n<\/a>Tel. 036-452 70<br \/>\nOrganisationsnummer:\u00a05566122130<\/p>\n<p><b>Varf\u00f6r vi samlar in personuppgifter\u00a0<\/b><\/p>\n<dl class=\"financial-information-facts\">\n<dd><\/dd>\n<\/dl>\n<dl class=\"financial-information-facts\">\n<dd><\/dd>\n<\/dl>\n<dl class=\"financial-information-facts\">\n<dd><\/dd>\n<\/dl>\n<dl class=\"financial-information-facts\">\n<dd><\/dd>\n<\/dl>\n<p><b>Inledning<br \/>\n<\/b>Vi samlar in och anv\u00e4nder dina personuppgifter f\u00f6r olika \u00e4ndam\u00e5l, oavsett om det \u00e4r kontaktuppgifter till v\u00e5ra leverant\u00f6rer, personuppgifter som tillhandah\u00e5llits f\u00f6r att hantera en best\u00e4llning av produkter eller tj\u00e4nster fr\u00e5n oss eller om du kontaktar oss i andra avseenden.\u00a0Mylna Sport AB \u00e4r i huvudsak leverant\u00f6r till f\u00f6retagskunder. Detta inneb\u00e4r att personuppgifter som vi behandlar om v\u00e5ra kunder i huvudsak \u00e4r personuppgifter om kontaktpersoner hos kunden, och inte personuppgifter om slutkunden. Personuppgifter som vi samlar in \u00e4r namn, mejl, adress och telefonnummer.<\/p>\n<p>Vi samlar in begr\u00e4nsat med personuppgifter om v\u00e5ra leverant\u00f6rer. Detta \u00e4r ofta information om kontaktpersoner hos leverant\u00f6ren som \u00e4r n\u00f6dv\u00e4ndig f\u00f6r att fullg\u00f6ra v\u00e5ra avtalsskyldigheter gentemot leverant\u00f6ren. Personuppgifter som vi samlar in i detta avseende \u00e4r namn, mejl, adress och telefonnummer.\u00a0Personuppgifter som vi samlar in om v\u00e5ra kunder kan variera beroende p\u00e5 om du best\u00e4ller tj\u00e4nster fr\u00e5n Mylna servicecenter eller Abilica.<\/p>\n<p><b>Mylna servicecenter<br \/>\n<\/b>Mylna Sport AB har ett servicecenter som betj\u00e4nar b\u00e5de den privata och den professionella marknaden. V\u00e5rt servicecenter har i samband med teknisk kundservice, f\u00f6rs\u00e4ljning av reservdelar, reparation, montering och serviceavtal behov av att behandla personuppgifter om slutkunder. V\u00e5r behandling av personuppgifter sker enligt avtalen med dig och uppgifterna som du tillhandah\u00e5ller \u00e4r n\u00f6dv\u00e4ndiga f\u00f6r att vi ska kunna fullg\u00f6ra avtalen.<\/p>\n<p>Personuppgifterna kan tillhandah\u00e5llas via v\u00e5rt kontaktformul\u00e4r p\u00e5\u00a0<a href=\"http:\/\/mylnasport.se\/\">mylnasport.se<\/a>, telefon eller mejl.\u00a0Personuppgifter som vi samlar in \u00e4r namn, adress, telefon, e-post, ink\u00f6psinformation och andra uppgifter som du m\u00e5ste tillhandah\u00e5lla oss i samband med produkten som du har k\u00f6pt.<\/p>\n<p><a href=\"http:\/\/abilica.com\/se\/\"><b>Abilica.se<br \/>\n<\/b><\/a>Abilica \u00e4r en del av Mylna Sport AS och levererar tr\u00e4ningsutrustning till f\u00f6retag och privatpersoner. Vid f\u00f6rs\u00e4ljning till privatpersoner registrerar vi uppgifter som \u00e4r n\u00f6dv\u00e4ndiga f\u00f6r att fullg\u00f6ra avtalet med dig, t.ex. namn, adress, e-post och telefon. Av s\u00e4kerhetssk\u00e4l sparar vi \u00e4ven IP-adressen f\u00f6r att registrera best\u00e4llningen. Detta g\u00f6r vi f\u00f6r att f\u00f6rhindra bedr\u00e4geri. Kortnummer sparas inte av Mylna Sport AS, men av Klarna som \u00e4r v\u00e5r betalningspartner. Detta f\u00f6r att s\u00e4kerst\u00e4lla effektiv hantering av eventuella problem med belastning, upph\u00e4vning av reservation och kreditering.\u00a0Personuppgifter kan ocks\u00e5 tillhandah\u00e5llas via v\u00e5rt kontaktformul\u00e4r p\u00e5\u00a0<a href=\"http:\/\/abilica.com\/se\/\">abilica.com\/se<\/a>, telefon eller mejl.<\/p>\n<p><a href=\"http:\/\/abilica.com\/se\/\">Abilica.se<\/a>\u00a0erbjuder ocks\u00e5 befintliga och potentiella kunder att ta emot nyhetsbrev. Nyhetsbrev innefattar information om v\u00e5r verksamhet, nyheter, produktrekommendationer, t\u00e4vlingar och andra erbjudanden via e-post. Detta \u00e4r frivilligt att ta emot och man m\u00e5ste sj\u00e4lv anm\u00e4la sig till v\u00e5rt nyhetsbrev, antingen via k\u00f6p i v\u00e5r n\u00e4tbutik eller p\u00e5 \u201dMitt konto\u201d.\u00a0Det \u00e4r ocks\u00e5 enkelt att avregistrera sig fr\u00e5n e-postlistan p\u00e5 kontosidan \u201dMitt konto\u201d, eller genom att klicka p\u00e5 l\u00e4nken \u201davregistrera mig fr\u00e5n nyhetsbrev\u201d l\u00e4ngst ned i nyhetsbrev som tas emot eller genom att kontakta oss via telefon eller mejl.<\/p>\n<p><b>Utl\u00e4mning av personuppgifter till andra<br \/>\n<\/b>Personuppgifter l\u00e4mnas endast ut till andra om det till\u00e5ts enligt lag, enligt avtal med dig eller om det st\u00e5r angivet i detta sekretessmeddelande. Tillf\u00e4llen d\u00e5 vi kan t\u00e4nkas l\u00e4mna ut personuppgifter till andra \u00e4r i samband med leverans av en best\u00e4llning, utf\u00f6rande av reparationer, serviceuppdrag eller f\u00f6r bokf\u00f6rings\u00e4ndam\u00e5l. I samband med en leverans kommer t.ex. tj\u00e4nsteleverant\u00f6rerna som vi anlitar (transportf\u00f6retag, logistikf\u00f6retag, banker) att f\u00e5 tillg\u00e5ng till de uppgifter som de beh\u00f6ver f\u00f6r att genomf\u00f6ra best\u00e4llningen. Tj\u00e4nsteleverant\u00f6rerna har endast tillg\u00e5ng till att anv\u00e4nda uppgifterna f\u00f6r att utf\u00f6ra sina definierade uppdrag.<\/p>\n<p>Mylna Sport AB anlitar \u00e4ven andra externa tj\u00e4nsteleverant\u00f6rer (personuppgiftsbitr\u00e4den) som ka komma att behandla personuppgifter p\u00e5 v\u00e5rt uppdrag. Detta \u00e4r vanligtvis leverant\u00f6rer av programvara som v\u00e5rt kund- och aff\u00e4rssystem, support och underh\u00e5ll.<\/p>\n<p>Vid s\u00e5dana tillf\u00e4llen har vi ing\u00e5tt skriftliga uppgiftsbehandlingsavtal f\u00f6r att garantera informationss\u00e4kerheten i alla led av behandlingen.<\/p>\n<p><b>Lagring och skydd av personuppgifter<br \/>\n<\/b>Vi sparar dina personuppgifter hos oss s\u00e5 l\u00e4nge som \u00e4r n\u00f6dv\u00e4ndigt f\u00f6r \u00e4ndam\u00e5let f\u00f6r vilket personuppgifterna samlades in. Detta inneb\u00e4r till exempel att personuppgifter som vi behandlas baserat p\u00e5 ditt samtycke raderas om du \u00e5tertar ditt samtycke.\u00a0Personuppgifter som vi behandlar f\u00f6r att fullg\u00f6ra ett avtal med dig raderas n\u00e4r avtalet har fullgjorts och alla skyldigheter inom ramen f\u00f6r avtalet har fullgjorts.\u00a0Vi \u00e4r skyldiga att spara vissa personuppgifter f\u00f6r att fullg\u00f6ra v\u00e5ra skyldigheter i samband med g\u00e4llande redovisningslagar, avgiftshantering och eventuell garanti-\/returhantering. Detta inneb\u00e4r att denna historik vanligtvis inte raderas f\u00f6rr\u00e4n minst fem \u00e5r har passerat.\u00a0Mylna Sport AB tar s\u00e4kerhet p\u00e5 stort allvar och genomf\u00f6r regelbundna kontroller f\u00f6r att s\u00e4kerst\u00e4lla att dina personuppgifter hanteras p\u00e5 ett s\u00e4kert s\u00e4tt.<\/p>\n<p><b>Dina r\u00e4ttigheter i samband med v\u00e5r behandlingar av dina personuppgifter<br \/>\n<\/b>Du har r\u00e4tt att f\u00e5 \u00e5tkomst till de personuppgifter som vi har registrerade om dig och kan n\u00e4r som helst kr\u00e4va r\u00e4ttning, korrigering eller radering av personuppgifter som vi behandlar.\u00a0Om behandlingen av personuppgifterna baseras p\u00e5 samtycke fr\u00e5n dig vill vi g\u00f6ra dig uppm\u00e4rksam p\u00e5 att samtycket n\u00e4r som helst kan \u00e5tertas.\u00a0Fr\u00e5gor om v\u00e5r behandling av personuppgifter om dig samt r\u00e4ttning, radering eller annat kan st\u00e4llas till oss. Vi ber dig att bekr\u00e4fta din identitet och uppge ytterligare information innan vi l\u00e5ter dig ut\u00f6va dina r\u00e4ttigheter gentemot oss. Detta g\u00f6r vi f\u00f6r att vara s\u00e4kra p\u00e5 att vi endast ger dig tillg\u00e5ng till dina personuppgifter, och inte n\u00e5gon som utger sig f\u00f6r att vara dig.<\/p>\n<p><b>Klagom\u00e5l<br \/>\n<\/b>Om du anser att v\u00e5r behandling av personuppgifter inte st\u00e4mmer \u00f6verens med beskrivningen h\u00e4ri eller att vi p\u00e5 annat s\u00e4tt bryter mot personuppgiftslagen kan du l\u00e4mna in ett klagom\u00e5l hos Datatilsynet. Du hittar information om hur du kontaktar Datatilsynet p\u00e5 Datatilsynets webbplats:\u00a0<a href=\"http:\/\/www.datatilsynet.no\/\">www.datatilsynet.no<\/a>.<\/p>\n<p><b>\u00c4ndringar<br \/>\n<\/b>Om det skulle ske \u00e4ndringar av v\u00e5ra tj\u00e4nster eller \u00e4ndringar i regelverket om behandling av personuppgifter kan det medf\u00f6ra att denna information \u00e4ndras. Uppdaterad information finns alltid tillg\u00e4nglig p\u00e5 v\u00e5r webbplats.[\/vc_column_text][vc_empty_space height=&#8221;82px&#8221;][\/vc_column][\/vc_row]<\/p>\n<\/div>","protected":false},"excerpt":{"rendered":"<p>[vc_row full_width=&#8221;stretch_row_content&#8221; content_placement=&#8221;bottom&#8221; css=&#8221;.vc_custom_1587546261480{padding-right: 0px !important;padding-left: 0px !important;background-position: center !important;background-repeat: no-repeat !important;background-size: cover !important;}&#8221;][vc_column css=&#8221;.vc_custom_1587546312969{margin-top:&#8230;<\/p>\n","protected":false},"author":2,"featured_media":0,"parent":0,"menu_order":0,"comment_status":"closed","ping_status":"closed","template":"","meta":{"_acf_changed":false,"footnotes":""},"class_list":["post-22825","page","type-page","status-publish","hentry"],"acf":[],"yoast_head":"<!-- This site is optimized with the Yoast SEO Premium plugin v21.1 (Yoast SEO v25.4) - https:\/\/yoast.com\/wordpress\/plugins\/seo\/ -->\n<title>Sekretesspolicy &#8226; Abilica<\/title>\n<meta name=\"robots\" content=\"index, follow, max-snippet:-1, max-image-preview:large, max-video-preview:-1\" \/>\n<link rel=\"canonical\" href=\"https:\/\/abilica.com\/sv\/sekretesspolicy\/\" \/>\n<meta property=\"og:locale\" content=\"sv_SE\" \/>\n<meta property=\"og:type\" content=\"article\" \/>\n<meta property=\"og:title\" content=\"Sekretesspolicy\" \/>\n<meta property=\"og:description\" content=\"[vc_row full_width=&#8221;stretch_row_content&#8221; content_placement=&#8221;bottom&#8221; css=&#8221;.vc_custom_1587546261480{padding-right: 0px !important;padding-left: 0px !important;background-position: center !important;background-repeat: no-repeat !important;background-size: cover !important;}&#8221;][vc_column css=&#8221;.vc_custom_1587546312969{margin-top:...\" \/>\n<meta property=\"og:url\" content=\"https:\/\/abilica.com\/sv\/sekretesspolicy\/\" \/>\n<meta property=\"og:site_name\" content=\"Abilica\" \/>\n<meta property=\"article:publisher\" content=\"https:\/\/www.facebook.com\/abilicahometraining\/\" \/>\n<meta property=\"article:modified_time\" content=\"2020-04-22T09:05:18+00:00\" \/>\n<meta name=\"twitter:card\" content=\"summary_large_image\" \/>\n<meta name=\"twitter:label1\" content=\"Ber\u00e4knad l\u00e4stid\" \/>\n\t<meta name=\"twitter:data1\" content=\"7 minuter\" \/>\n<script type=\"application\/ld+json\" class=\"yoast-schema-graph\">{\"@context\":\"https:\/\/schema.org\",\"@graph\":[{\"@type\":\"WebPage\",\"@id\":\"https:\/\/abilica.com\/sv\/sekretesspolicy\/\",\"url\":\"https:\/\/abilica.com\/sv\/sekretesspolicy\/\",\"name\":\"Sekretesspolicy &#8226; Abilica\",\"isPartOf\":{\"@id\":\"https:\/\/abilica.com\/#website\"},\"datePublished\":\"2018-05-30T12:17:07+00:00\",\"dateModified\":\"2020-04-22T09:05:18+00:00\",\"breadcrumb\":{\"@id\":\"https:\/\/abilica.com\/sv\/sekretesspolicy\/#breadcrumb\"},\"inLanguage\":\"sv-SE\",\"potentialAction\":[{\"@type\":\"ReadAction\",\"target\":[\"https:\/\/abilica.com\/sv\/sekretesspolicy\/\"]}]},{\"@type\":\"BreadcrumbList\",\"@id\":\"https:\/\/abilica.com\/sv\/sekretesspolicy\/#breadcrumb\",\"itemListElement\":[{\"@type\":\"ListItem\",\"position\":1,\"name\":\"Hem\",\"item\":\"https:\/\/abilica.com\/sv\/\"},{\"@type\":\"ListItem\",\"position\":2,\"name\":\"Sekretesspolicy\"}]},{\"@type\":\"WebSite\",\"@id\":\"https:\/\/abilica.com\/#website\",\"url\":\"https:\/\/abilica.com\/\",\"name\":\"Abilica\",\"description\":\"Abilica Home Training\",\"potentialAction\":[{\"@type\":\"SearchAction\",\"target\":{\"@type\":\"EntryPoint\",\"urlTemplate\":\"https:\/\/abilica.com\/?s={search_term_string}\"},\"query-input\":{\"@type\":\"PropertyValueSpecification\",\"valueRequired\":true,\"valueName\":\"search_term_string\"}}],\"inLanguage\":\"sv-SE\"}]}<\/script>\n<!-- \/ Yoast SEO Premium plugin. -->","yoast_head_json":{"title":"Sekretesspolicy &#8226; Abilica","robots":{"index":"index","follow":"follow","max-snippet":"max-snippet:-1","max-image-preview":"max-image-preview:large","max-video-preview":"max-video-preview:-1"},"canonical":"https:\/\/abilica.com\/sv\/sekretesspolicy\/","og_locale":"sv_SE","og_type":"article","og_title":"Sekretesspolicy","og_description":"[vc_row full_width=&#8221;stretch_row_content&#8221; content_placement=&#8221;bottom&#8221; css=&#8221;.vc_custom_1587546261480{padding-right: 0px !important;padding-left: 0px !important;background-position: center !important;background-repeat: no-repeat !important;background-size: cover !important;}&#8221;][vc_column css=&#8221;.vc_custom_1587546312969{margin-top:...","og_url":"https:\/\/abilica.com\/sv\/sekretesspolicy\/","og_site_name":"Abilica","article_publisher":"https:\/\/www.facebook.com\/abilicahometraining\/","article_modified_time":"2020-04-22T09:05:18+00:00","twitter_card":"summary_large_image","twitter_misc":{"Ber\u00e4knad l\u00e4stid":"7 minuter"},"schema":{"@context":"https:\/\/schema.org","@graph":[{"@type":"WebPage","@id":"https:\/\/abilica.com\/sv\/sekretesspolicy\/","url":"https:\/\/abilica.com\/sv\/sekretesspolicy\/","name":"Sekretesspolicy &#8226; Abilica","isPartOf":{"@id":"https:\/\/abilica.com\/#website"},"datePublished":"2018-05-30T12:17:07+00:00","dateModified":"2020-04-22T09:05:18+00:00","breadcrumb":{"@id":"https:\/\/abilica.com\/sv\/sekretesspolicy\/#breadcrumb"},"inLanguage":"sv-SE","potentialAction":[{"@type":"ReadAction","target":["https:\/\/abilica.com\/sv\/sekretesspolicy\/"]}]},{"@type":"BreadcrumbList","@id":"https:\/\/abilica.com\/sv\/sekretesspolicy\/#breadcrumb","itemListElement":[{"@type":"ListItem","position":1,"name":"Hem","item":"https:\/\/abilica.com\/sv\/"},{"@type":"ListItem","position":2,"name":"Sekretesspolicy"}]},{"@type":"WebSite","@id":"https:\/\/abilica.com\/#website","url":"https:\/\/abilica.com\/","name":"Abilica","description":"Abilica Home Training","potentialAction":[{"@type":"SearchAction","target":{"@type":"EntryPoint","urlTemplate":"https:\/\/abilica.com\/?s={search_term_string}"},"query-input":{"@type":"PropertyValueSpecification","valueRequired":true,"valueName":"search_term_string"}}],"inLanguage":"sv-SE"}]}},"_links":{"self":[{"href":"https:\/\/abilica.com\/sv\/wp-json\/wp\/v2\/pages\/22825","targetHints":{"allow":["GET"]}}],"collection":[{"href":"https:\/\/abilica.com\/sv\/wp-json\/wp\/v2\/pages"}],"about":[{"href":"https:\/\/abilica.com\/sv\/wp-json\/wp\/v2\/types\/page"}],"author":[{"embeddable":true,"href":"https:\/\/abilica.com\/sv\/wp-json\/wp\/v2\/users\/2"}],"replies":[{"embeddable":true,"href":"https:\/\/abilica.com\/sv\/wp-json\/wp\/v2\/comments?post=22825"}],"version-history":[{"count":0,"href":"https:\/\/abilica.com\/sv\/wp-json\/wp\/v2\/pages\/22825\/revisions"}],"wp:attachment":[{"href":"https:\/\/abilica.com\/sv\/wp-json\/wp\/v2\/media?parent=22825"}],"curies":[{"name":"wp","href":"https:\/\/api.w.org\/{rel}","templated":true}]}}