{"id":22953,"date":"2018-07-04T08:22:42","date_gmt":"2018-07-04T07:22:42","guid":{"rendered":"https:\/\/abilica.com\/se\/?page_id=22953"},"modified":"2018-09-06T11:34:27","modified_gmt":"2018-09-06T10:34:27","slug":"lunchpass-september","status":"publish","type":"page","link":"https:\/\/abilica.com\/sv\/lunchpass-september\/","title":{"rendered":"Lunchpass"},"content":{"rendered":"<div class=\"wpb-content-wrapper\"><p>[vc_row full_width=&#8221;stretch_row_content_no_spaces&#8221; css=&#8221;.vc_custom_1526664994362{margin-right: 30px !important;margin-left: 30px !important;border-right-width: 30px !important;border-left-width: 30px !important;padding-right: 30px !important;padding-left: 30px !important;}&#8221;][vc_column width=&#8221;1\/6&#8243;][\/vc_column][vc_column width=&#8221;2\/3&#8243;][vc_empty_space height=&#8221;22px&#8221;][vc_column_text]<\/p>\n<h1 style=\"text-align: center;\">#LUNCHPASS med Abilica!<\/h1>\n<h3 style=\"text-align: center;\"><\/h3>\n<h3 style=\"text-align: center;\">Vi k\u00f6r lunchpass igen!<\/h3>\n<p>&nbsp;<\/p>\n<p style=\"text-align: center;\">11 september har du m\u00f6jlighet att helkroppstr\u00e4na p\u00e5 bara 20 minuter! Abilica k\u00f6r LIVE Stream p\u00e5 Facebook med supertalangerna Elin och Ida Kjos som instrukt\u00f6rer. F\u00e5 med dig kollegor, v\u00e4nner och familj och l\u00e5t oss tillsammans testa hur enkelt det kan vara att tr\u00e4na snabbt och effektivt och f\u00f6r att se vilken skillnad aktivitet g\u00f6r f\u00f6r ens v\u00e4lm\u00e5ende.<\/p>\n<p style=\"text-align: center;\">Vi kommer dels att visa \u00f6vningar som kan g\u00f6ras p\u00e5 jobbet utan medhavda tr\u00e4ningskl\u00e4der \u2013 det \u00e4r bara att sparka av skorna och s\u00e4tta ig\u00e5ng tr\u00e4ningen \u2013 samt kommer vi \u00e4ven instruera en tyngre variant som \u00e4r perfekt f\u00f6r de som har tr\u00e4ningskl\u00e4der och vill k\u00f6ra lite h\u00e5rdare tr\u00e4ning. Det enda du beh\u00f6ver f\u00f6rbereda, \u00e4r att se till att du har ett gummiband\/miniband och en handduk och om inte, ta d\u00e5 chansen och k\u00f6p gummiband fr\u00e5n Abilica. Signar du upp dig f\u00f6r att vara med p\u00e5 tr\u00e4ningen \u00e4r du med i utlottningen av massa h\u00e4rlig tr\u00e4ningsutrustning!<\/p>\n<p style=\"text-align: center;\">Tr\u00e4ningen sker 11 september kl 12:10-12:30. Du \u00e4r med andra ord f\u00e4rdigtr\u00e4nad p\u00e5 endast 20 minuter! Antar du utmaningen? Vem v\u00e5gar h\u00e4nga p\u00e5 dig p\u00e5 jobbet?<\/p>\n<p style=\"text-align: center;\"><strong>Vi ses p\u00e5 ABILICA LIVE STREAM!<\/strong><\/p>\n<p>[\/vc_column_text][\/vc_column][vc_column width=&#8221;1\/6&#8243;][\/vc_column][\/vc_row][vc_row full_width=&#8221;stretch_row_content_no_spaces&#8221; css=&#8221;.vc_custom_1526664994362{margin-right: 30px !important;margin-left: 30px !important;border-right-width: 30px !important;border-left-width: 30px !important;padding-right: 30px !important;padding-left: 30px !important;}&#8221;][vc_column][vc_btn title=&#8221;Anm\u00e4la dig h\u00e4r&#8221; style=&#8221;flat&#8221; color=&#8221;primary&#8221; align=&#8221;center&#8221; css_animation=&#8221;fadeInUp&#8221; link=&#8221;url:http%3A%2F%2Feepurl.com%2Fdz50qf||target:%20_blank|&#8221;][vc_empty_space height=&#8221;82px&#8221;][vc_row_inner][vc_column_inner width=&#8221;1\/3&#8243;][\/vc_column_inner][vc_column_inner width=&#8221;1\/3&#8243;][vc_single_image image=&#8221;22775&#8243; img_size=&#8221;full&#8221; alignment=&#8221;center&#8221;][\/vc_column_inner][vc_column_inner width=&#8221;1\/3&#8243;][\/vc_column_inner][\/vc_row_inner][vc_column_text]<\/p>\n<p style=\"text-align: center;\"><strong>Tr\u00e4ffa v\u00e5ra fina instrukt\u00f6rer Elin (<a href=\"https:\/\/www.instagram.com\/elin.kjos\/\">@elin.kjos<\/a>) och Ida (<a href=\"https:\/\/www.instagram.com\/idakjos\/\">@idakjos<\/a>)<\/strong><\/p>\n<p>[\/vc_column_text][\/vc_column][\/vc_row][vc_row][vc_column][vc_empty_space height=&#8221;82px&#8221;][\/vc_column][\/vc_row]<\/p>\n<\/div>","protected":false},"excerpt":{"rendered":"<p>[vc_row full_width=&#8221;stretch_row_content_no_spaces&#8221; css=&#8221;.vc_custom_1526664994362{margin-right: 30px !important;margin-left: 30px !important;border-right-width: 30px !important;border-left-width: 30px !important;padding-right: 30px !important;padding-left: 30px !important;}&#8221;][vc_column&#8230;<\/p>\n","protected":false},"author":2,"featured_media":0,"parent":0,"menu_order":0,"comment_status":"closed","ping_status":"closed","template":"","meta":{"_acf_changed":false,"footnotes":""},"class_list":["post-22953","page","type-page","status-publish","hentry"],"acf":[],"yoast_head":"<!-- This site is optimized with the Yoast SEO Premium plugin v21.1 (Yoast SEO v25.4) - https:\/\/yoast.com\/wordpress\/plugins\/seo\/ -->\n<title>Lunchpass &#8226; Abilica<\/title>\n<meta name=\"robots\" content=\"index, follow, max-snippet:-1, max-image-preview:large, max-video-preview:-1\" \/>\n<link rel=\"canonical\" href=\"https:\/\/abilica.com\/lunchpass\/\" \/>\n<meta property=\"og:locale\" content=\"sv_SE\" \/>\n<meta property=\"og:type\" content=\"article\" \/>\n<meta property=\"og:title\" content=\"Lunchpass\" \/>\n<meta property=\"og:description\" content=\"[vc_row full_width=&#8221;stretch_row_content_no_spaces&#8221; css=&#8221;.vc_custom_1526664994362{margin-right: 30px !important;margin-left: 30px !important;border-right-width: 30px !important;border-left-width: 30px !important;padding-right: 30px !important;padding-left: 30px !important;}&#8221;][vc_column...\" \/>\n<meta property=\"og:url\" content=\"https:\/\/abilica.com\/lunchpass\/\" \/>\n<meta property=\"og:site_name\" content=\"Abilica\" \/>\n<meta property=\"article:publisher\" content=\"https:\/\/www.facebook.com\/abilicahometraining\/\" \/>\n<meta property=\"article:modified_time\" content=\"2018-09-06T10:34:27+00:00\" \/>\n<meta name=\"twitter:card\" content=\"summary_large_image\" \/>\n<meta name=\"twitter:label1\" content=\"Ber\u00e4knad l\u00e4stid\" \/>\n\t<meta name=\"twitter:data1\" content=\"2 minuter\" \/>\n<script type=\"application\/ld+json\" class=\"yoast-schema-graph\">{\"@context\":\"https:\/\/schema.org\",\"@graph\":[{\"@type\":\"WebPage\",\"@id\":\"https:\/\/abilica.com\/lunchpass\/\",\"url\":\"https:\/\/abilica.com\/lunchpass\/\",\"name\":\"Lunchpass &#8226; Abilica\",\"isPartOf\":{\"@id\":\"https:\/\/abilica.com\/#website\"},\"datePublished\":\"2018-07-04T07:22:42+00:00\",\"dateModified\":\"2018-09-06T10:34:27+00:00\",\"breadcrumb\":{\"@id\":\"https:\/\/abilica.com\/lunchpass\/#breadcrumb\"},\"inLanguage\":\"sv-SE\",\"potentialAction\":[{\"@type\":\"ReadAction\",\"target\":[\"https:\/\/abilica.com\/lunchpass\/\"]}]},{\"@type\":\"BreadcrumbList\",\"@id\":\"https:\/\/abilica.com\/lunchpass\/#breadcrumb\",\"itemListElement\":[{\"@type\":\"ListItem\",\"position\":1,\"name\":\"Hem\",\"item\":\"https:\/\/abilica.com\/sv\/\"},{\"@type\":\"ListItem\",\"position\":2,\"name\":\"Lunchpass\"}]},{\"@type\":\"WebSite\",\"@id\":\"https:\/\/abilica.com\/#website\",\"url\":\"https:\/\/abilica.com\/\",\"name\":\"Abilica\",\"description\":\"Abilica Home Training\",\"potentialAction\":[{\"@type\":\"SearchAction\",\"target\":{\"@type\":\"EntryPoint\",\"urlTemplate\":\"https:\/\/abilica.com\/?s={search_term_string}\"},\"query-input\":{\"@type\":\"PropertyValueSpecification\",\"valueRequired\":true,\"valueName\":\"search_term_string\"}}],\"inLanguage\":\"sv-SE\"}]}<\/script>\n<!-- \/ Yoast SEO Premium plugin. -->","yoast_head_json":{"title":"Lunchpass &#8226; Abilica","robots":{"index":"index","follow":"follow","max-snippet":"max-snippet:-1","max-image-preview":"max-image-preview:large","max-video-preview":"max-video-preview:-1"},"canonical":"https:\/\/abilica.com\/lunchpass\/","og_locale":"sv_SE","og_type":"article","og_title":"Lunchpass","og_description":"[vc_row full_width=&#8221;stretch_row_content_no_spaces&#8221; css=&#8221;.vc_custom_1526664994362{margin-right: 30px !important;margin-left: 30px !important;border-right-width: 30px !important;border-left-width: 30px !important;padding-right: 30px !important;padding-left: 30px !important;}&#8221;][vc_column...","og_url":"https:\/\/abilica.com\/lunchpass\/","og_site_name":"Abilica","article_publisher":"https:\/\/www.facebook.com\/abilicahometraining\/","article_modified_time":"2018-09-06T10:34:27+00:00","twitter_card":"summary_large_image","twitter_misc":{"Ber\u00e4knad l\u00e4stid":"2 minuter"},"schema":{"@context":"https:\/\/schema.org","@graph":[{"@type":"WebPage","@id":"https:\/\/abilica.com\/lunchpass\/","url":"https:\/\/abilica.com\/lunchpass\/","name":"Lunchpass &#8226; Abilica","isPartOf":{"@id":"https:\/\/abilica.com\/#website"},"datePublished":"2018-07-04T07:22:42+00:00","dateModified":"2018-09-06T10:34:27+00:00","breadcrumb":{"@id":"https:\/\/abilica.com\/lunchpass\/#breadcrumb"},"inLanguage":"sv-SE","potentialAction":[{"@type":"ReadAction","target":["https:\/\/abilica.com\/lunchpass\/"]}]},{"@type":"BreadcrumbList","@id":"https:\/\/abilica.com\/lunchpass\/#breadcrumb","itemListElement":[{"@type":"ListItem","position":1,"name":"Hem","item":"https:\/\/abilica.com\/sv\/"},{"@type":"ListItem","position":2,"name":"Lunchpass"}]},{"@type":"WebSite","@id":"https:\/\/abilica.com\/#website","url":"https:\/\/abilica.com\/","name":"Abilica","description":"Abilica Home Training","potentialAction":[{"@type":"SearchAction","target":{"@type":"EntryPoint","urlTemplate":"https:\/\/abilica.com\/?s={search_term_string}"},"query-input":{"@type":"PropertyValueSpecification","valueRequired":true,"valueName":"search_term_string"}}],"inLanguage":"sv-SE"}]}},"_links":{"self":[{"href":"https:\/\/abilica.com\/sv\/wp-json\/wp\/v2\/pages\/22953","targetHints":{"allow":["GET"]}}],"collection":[{"href":"https:\/\/abilica.com\/sv\/wp-json\/wp\/v2\/pages"}],"about":[{"href":"https:\/\/abilica.com\/sv\/wp-json\/wp\/v2\/types\/page"}],"author":[{"embeddable":true,"href":"https:\/\/abilica.com\/sv\/wp-json\/wp\/v2\/users\/2"}],"replies":[{"embeddable":true,"href":"https:\/\/abilica.com\/sv\/wp-json\/wp\/v2\/comments?post=22953"}],"version-history":[{"count":0,"href":"https:\/\/abilica.com\/sv\/wp-json\/wp\/v2\/pages\/22953\/revisions"}],"wp:attachment":[{"href":"https:\/\/abilica.com\/sv\/wp-json\/wp\/v2\/media?parent=22953"}],"curies":[{"name":"wp","href":"https:\/\/api.w.org\/{rel}","templated":true}]}}