{"id":24980,"date":"2019-10-16T12:15:18","date_gmt":"2019-10-16T11:15:18","guid":{"rendered":"https:\/\/abilica.com\/se\/?page_id=24980"},"modified":"2019-11-22T09:28:20","modified_gmt":"2019-11-22T08:28:20","slug":"traningsprogram-till-abilica-xc-airtrack-300-set","status":"publish","type":"page","link":"https:\/\/abilica.com\/sv\/traningsprogram\/traningsprogram-till-abilica-xc-airtrack-300-set\/","title":{"rendered":"Tr\u00e4ningsprogram till Abilica XC AirTrack 300 Set"},"content":{"rendered":"<div class=\"wpb-content-wrapper\"><p>[vc_row full_width=&#8221;stretch_row_content&#8221; full_height=&#8221;yes&#8221; columns_placement=&#8221;bottom&#8221; css=&#8221;.vc_custom_1571224568385{background-image: url(https:\/\/abilica.com\/se\/wp-content\/uploads\/2019\/10\/DSC_5227.jpg?id=24982) !important;background-position: center !important;background-repeat: no-repeat !important;background-size: cover !important;}&#8221;][vc_column width=&#8221;1\/3&#8243;][\/vc_column][vc_column width=&#8221;1\/3&#8243;][vc_icon icon_fontawesome=&#8221;fa fa-angle-down&#8221; color=&#8221;white&#8221; size=&#8221;xl&#8221; align=&#8221;center&#8221;][\/vc_column][vc_column width=&#8221;1\/3&#8243;][\/vc_column][\/vc_row][vc_row][vc_column][vc_column_text]<\/p>\n<h2 style=\"text-align: left;\"><span style=\"color: #000000;\">Tr\u00e4ningsprogram till Abilica\u00a0XC AirTrack 300 Set<\/span><\/h2>\n<p style=\"text-align: left;\">Abilica XC AirTrack 300 Set \u00e4r en mjuk, luftfylld tr\u00e4ningsmatta. Mattan levereras med en fotpump och en bekv\u00e4m f\u00f6rvaringsv\u00e4ska som g\u00f6r det enkelt f\u00f6r dig att ta med dig produkten vart du vill. Mattan \u00e4r helt fantastisk f\u00f6r balans- och stabilitetstr\u00e4ning, gymnastik, cheerleading, tumbling, kampsport, parkour, hoppning och andra studsaktiviteter. Abilica XC AirTrack 300 Set kan anv\u00e4ndas inomhus, utomhus och p\u00e5 vatten.<\/p>\n<p>Vill du tr\u00e4na som Johannes H\u00f8sflot Kl\u00e6bo?<\/p>\n<p><strong>S\u00e5 h\u00e4r g\u00f6r du<\/strong><br \/>\n&#8211; K\u00f6p svart tejp<br \/>\n&#8211; Sk\u00e4r 8 bitar tejp som \u00e4r 15 cm l\u00e5nga<br \/>\n&#8211; Placera 4 bitar tejp p\u00e5 vardera sidan av den fasta linjen med ca. 45 cm mellanrum mellan varje tejp[\/vc_column_text][vc_empty_space][\/vc_column][\/vc_row][vc_row][vc_column][title text=&#8221;Shop XC AirTrack 300 Set&#8221; text_align=&#8221;left&#8221;][\/vc_column][\/vc_row][vc_row][vc_column width=&#8221;1\/3&#8243;][product_mod id=&#8221;24937&#8243;][\/vc_column][vc_column width=&#8221;1\/3&#8243;][\/vc_column][vc_column width=&#8221;1\/3&#8243;][\/vc_column][\/vc_row][vc_row css=&#8221;.vc_custom_1492108997727{background-position: center !important;background-repeat: no-repeat !important;background-size: cover !important;}&#8221;][vc_column][vc_column_text]H\u00e4r f\u00e5r du \u00f6vningar f\u00f6r att utveckla balans och samordning mot teknisk tr\u00e4ning i l\u00e4ngdskid\u00e5kning och st\u00e4rka relevanta muskler f\u00f6r att f\u00f6rb\u00e4ttra tekniken. I detta tr\u00e4ningsprogram tr\u00e4nar vi p\u00e5 fotledsstabilitet och styrka p\u00e5 instabil mark.<\/p>\n<p><strong>Uppv\u00e4rmning<\/strong><br \/>\nAlternativ 1: Till exempel har du tr\u00e4nat ett pass med l\u00f6pning eller ett specifikt pass i f\u00f6rv\u00e4g &#8211; d\u00e5 g\u00e4ller detta som uppv\u00e4rmning.<br \/>\nAlternativ 2: Du k\u00f6r r\u00e4tt p\u00e5 \u00f6vningarna &#8211; uppv\u00e4rmning beh\u00f6vs inte s\u00e5 mycket eftersom det inte \u00e4r mycket muskelsp\u00e4nning. Du kan k\u00f6ra spinning, jogga eller stretcha lite som en \u00e5terh\u00e4mtning fr\u00e5n ett tidigare pass den dagen eller dagen innan.<\/p>\n<h2>1.<\/h2>\n<h2>Hoppa fram och tillbaka<\/h2>\n<p><strong>S\u00e5 h\u00e4r g\u00f6r du<\/strong><br \/>\nH\u00e5ll ett h\u00f6gt och stabilt startl\u00e4ge med h\u00f6ften, lite vinkel i fotleden och kn\u00e4leden, god h\u00e5llning med br\u00f6stet och blicken fram\u00e5t. R\u00f6relsen styrs av fotleden och kn\u00e4leden. L\u00e4gg dina armar i h\u00f6ftf\u00e4stet.<\/p>\n<p><strong>Repetitioner<\/strong><br \/>\nHoppa 10 repetitioner p\u00e5 varje ben l\u00e4ngs hela AirTrack. 3 serier.[\/vc_column_text][vc_single_image image=&#8221;24987&#8243; img_size=&#8221;full&#8221; alignment=&#8221;center&#8221;][\/vc_column][\/vc_row][vc_row][vc_column][vc_column_text]<\/p>\n<h2><b>2.<\/b><\/h2>\n<h2>Hoppa i sidled fr\u00e5n markering till markering<\/h2>\n<p><strong>S\u00e5 h\u00e4r g\u00f6r du<\/strong><br \/>\nH\u00e5ll ett h\u00f6gt och stabilt startl\u00e4ge med h\u00f6ften, lite vinkel i fotleden och kn\u00e4leden, god h\u00e5llning med br\u00f6stet och blicken fram\u00e5t. R\u00f6relsen styrs av fotleden och kn\u00e4leden. L\u00e4gg dina armar i h\u00f6ftf\u00e4stet och hoppa sedan \u00e5t sidan.<\/p>\n<p><strong>Repetitioner<\/strong><br \/>\nHoppa 10 repetitioner p\u00e5 varje ben. 3 serier.[\/vc_column_text][vc_single_image image=&#8221;24986&#8243; img_size=&#8221;full&#8221; alignment=&#8221;center&#8221;][\/vc_column][\/vc_row][vc_row][vc_column][vc_column_text]<\/p>\n<h2 style=\"text-align: left;\">3.<\/h2>\n<h2>Hoppa p\u00e5 ett ben med 1\/4 eller 1\/2 varv<\/h2>\n<p><strong>S\u00e5 h\u00e4r g\u00f6r du<\/strong><br \/>\nH\u00e5ll ett h\u00f6gt och stabilt startl\u00e4ge med h\u00f6ften, lite vinkel i fotleden och kn\u00e4leden, god h\u00e5llning med br\u00f6stet och blicken fram\u00e5t. R\u00f6relsen styrs av fotleden och kn\u00e4leden. L\u00e4gg armarna i h\u00f6ftf\u00e4stet och hoppa sedan med rotation &#8211; antingen \u00bc eller \u00bd runda<\/p>\n<p><strong>Repetitioner<\/strong><br \/>\nHoppa 10 reps p\u00e5 varje ben. 3 serier.[\/vc_column_text][vc_single_image image=&#8221;24988&#8243; img_size=&#8221;full&#8221; alignment=&#8221;center&#8221;][vc_single_image image=&#8221;24989&#8243; img_size=&#8221;full&#8221; alignment=&#8221;center&#8221;][\/vc_column][\/vc_row][vc_row][vc_column][vc_column_text]<\/p>\n<h2 style=\"text-align: left;\">4.<\/h2>\n<h2><strong>Kn\u00e4hopp<\/strong><\/h2>\n<p><strong>S\u00e5 h\u00e4r g\u00f6r du<\/strong><br \/>\nH\u00e5ll ett h\u00f6gt och stabilt startl\u00e4ge med h\u00f6ften, lite vinkel i fotleden och kn\u00e4leden, god h\u00e5llning med br\u00f6stet och blicken fram\u00e5t. R\u00f6relsen styrs av fotleden och kn\u00e4leden. L\u00e4gg armarna i h\u00f6ftf\u00e4stet och s\u00e4nk dig sedan ner i kn\u00e4leden med en vinkel i fotleden, och sedan kan du hoppa rakt upp igen.<\/p>\n<p><strong>Repetitioner<\/strong><br \/>\nHoppa 10 repetitioner. 3 serier.[\/vc_column_text][vc_single_image image=&#8221;24990&#8243; img_size=&#8221;full&#8221; alignment=&#8221;center&#8221;][\/vc_column][\/vc_row][vc_row][vc_column][vc_column_text]<\/p>\n<h2 style=\"text-align: left;\">5.<\/h2>\n<h2><strong>Hoppa fyrkant<\/strong><\/h2>\n<p><strong>S\u00e5 h\u00e4r g\u00f6r du<\/strong><br \/>\nH\u00e5ll ett h\u00f6gt och stabilt startl\u00e4ge med h\u00f6ften, lite vinkel i fotleden och kn\u00e4leden, god h\u00e5llning med br\u00f6stet och blicken fram\u00e5t. R\u00f6relsen styrs av fotleden och kn\u00e4leden. F\u00f6rest\u00e4ll dig att hoppa en i fyrkant. B\u00f6rja p\u00e5 ett valt f\u00e4lt och hoppa rakt till n\u00e4sta f\u00e4lt. Hoppa nu till mark\u00f6ren bredvid den och hoppa sedan rakt tillbaka till mark\u00f6ren. Det n\u00e4sta steget \u00e4r att hoppa till sidan, tillbaka vid den f\u00f6rsta mark\u00f6ren. Sista steg \u00e4r att hoppa rakt till n\u00e4sta mark\u00f6r.<\/p>\n<p><strong>Repetitioner<\/strong><br \/>\nHoppa 5 fyrkanter p\u00e5 varje ben. 3 serier.[\/vc_column_text][vc_single_image image=&#8221;24991&#8243; img_size=&#8221;full&#8221; alignment=&#8221;center&#8221;][\/vc_column][\/vc_row][vc_row full_width=&#8221;stretch_row_content&#8221; css=&#8221;.vc_custom_1571225024333{background-color: #0a0000 !important;}&#8221;][vc_column][title text=&#8221;Shop Abilica XC AirTrack 300 Set&#8221; tag=&#8221;h2&#8243; color=&#8221;#ffffff&#8221; text_align=&#8221;center&#8221;][vc_empty_space][\/vc_column][\/vc_row][vc_row][vc_column width=&#8221;1\/4&#8243;][\/vc_column][vc_column width=&#8221;1\/2&#8243;][product_mod id=&#8221;24937&#8243;][vc_empty_space][\/vc_column][vc_column width=&#8221;1\/4&#8243;][\/vc_column][\/vc_row][vc_row full_width=&#8221;stretch_row_content&#8221; full_height=&#8221;yes&#8221; css=&#8221;.vc_custom_1571225063416{background-image: url(https:\/\/abilica.com\/se\/wp-content\/uploads\/2019\/10\/Slik-gj\u00f8r-du-1.jpg?id=24992) !important;background-position: center !important;background-repeat: no-repeat !important;background-size: cover !important;}&#8221;][vc_column][\/vc_column][\/vc_row]<\/p>\n<\/div>","protected":false},"excerpt":{"rendered":"<p>[vc_row full_width=&#8221;stretch_row_content&#8221; full_height=&#8221;yes&#8221; columns_placement=&#8221;bottom&#8221; css=&#8221;.vc_custom_1571224568385{background-image: url(https:\/\/abilica.com\/se\/wp-content\/uploads\/2019\/10\/DSC_5227.jpg?id=24982) !important;background-position: center !important;background-repeat: no-repeat !important;background-size: cover !important;}&#8221;][vc_column width=&#8221;1\/3&#8243;][\/vc_column][vc_column width=&#8221;1\/3&#8243;][vc_icon&#8230;<\/p>\n","protected":false},"author":2,"featured_media":0,"parent":3041,"menu_order":0,"comment_status":"closed","ping_status":"closed","template":"","meta":{"_acf_changed":false,"footnotes":""},"class_list":["post-24980","page","type-page","status-publish","hentry"],"acf":[],"yoast_head":"<!-- This site is optimized with the Yoast SEO Premium plugin v21.1 (Yoast SEO v25.4) - https:\/\/yoast.com\/wordpress\/plugins\/seo\/ -->\n<title>Tr\u00e4ningsmatta \u00f6vningar med XC AirTrack | Tr\u00e4ningsprogram | Abilica<\/title>\n<meta name=\"description\" content=\"Beh\u00f6ver du \u00f6vningar f\u00f6r tr\u00e4ning med tr\u00e4ningsmatta? H\u00e4r hittar du ett skr\u00e4ddarsytt tr\u00e4ningsprogram.\" \/>\n<meta name=\"robots\" content=\"index, follow, max-snippet:-1, max-image-preview:large, max-video-preview:-1\" \/>\n<link rel=\"canonical\" href=\"https:\/\/abilica.com\/sv\/traningsprogram\/traningsprogram-till-abilica-xc-airtrack-300-set\/\" \/>\n<meta property=\"og:locale\" content=\"sv_SE\" \/>\n<meta property=\"og:type\" content=\"article\" \/>\n<meta property=\"og:title\" content=\"Tr\u00e4ningsprogram till Abilica XC AirTrack 300 Set\" \/>\n<meta property=\"og:description\" content=\"Beh\u00f6ver du \u00f6vningar f\u00f6r tr\u00e4ning med tr\u00e4ningsmatta? H\u00e4r hittar du ett skr\u00e4ddarsytt tr\u00e4ningsprogram.\" \/>\n<meta property=\"og:url\" content=\"https:\/\/abilica.com\/sv\/traningsprogram\/traningsprogram-till-abilica-xc-airtrack-300-set\/\" \/>\n<meta property=\"og:site_name\" content=\"Abilica\" \/>\n<meta property=\"article:publisher\" content=\"https:\/\/www.facebook.com\/abilicahometraining\/\" \/>\n<meta property=\"article:modified_time\" content=\"2019-11-22T08:28:20+00:00\" \/>\n<meta name=\"twitter:card\" content=\"summary_large_image\" \/>\n<meta name=\"twitter:label1\" content=\"Ber\u00e4knad l\u00e4stid\" \/>\n\t<meta name=\"twitter:data1\" content=\"5 minuter\" \/>\n<script type=\"application\/ld+json\" class=\"yoast-schema-graph\">{\"@context\":\"https:\/\/schema.org\",\"@graph\":[{\"@type\":\"WebPage\",\"@id\":\"https:\/\/abilica.com\/sv\/traningsprogram\/traningsprogram-till-abilica-xc-airtrack-300-set\/\",\"url\":\"https:\/\/abilica.com\/sv\/traningsprogram\/traningsprogram-till-abilica-xc-airtrack-300-set\/\",\"name\":\"Tr\u00e4ningsmatta \u00f6vningar med XC AirTrack | Tr\u00e4ningsprogram | Abilica\",\"isPartOf\":{\"@id\":\"https:\/\/abilica.com\/#website\"},\"datePublished\":\"2019-10-16T11:15:18+00:00\",\"dateModified\":\"2019-11-22T08:28:20+00:00\",\"description\":\"Beh\u00f6ver du \u00f6vningar f\u00f6r tr\u00e4ning med tr\u00e4ningsmatta? H\u00e4r hittar du ett skr\u00e4ddarsytt tr\u00e4ningsprogram.\",\"breadcrumb\":{\"@id\":\"https:\/\/abilica.com\/sv\/traningsprogram\/traningsprogram-till-abilica-xc-airtrack-300-set\/#breadcrumb\"},\"inLanguage\":\"sv-SE\",\"potentialAction\":[{\"@type\":\"ReadAction\",\"target\":[\"https:\/\/abilica.com\/sv\/traningsprogram\/traningsprogram-till-abilica-xc-airtrack-300-set\/\"]}]},{\"@type\":\"BreadcrumbList\",\"@id\":\"https:\/\/abilica.com\/sv\/traningsprogram\/traningsprogram-till-abilica-xc-airtrack-300-set\/#breadcrumb\",\"itemListElement\":[{\"@type\":\"ListItem\",\"position\":1,\"name\":\"Hem\",\"item\":\"https:\/\/abilica.com\/sv\/\"},{\"@type\":\"ListItem\",\"position\":2,\"name\":\"Tr\u00e4ningsprogram\",\"item\":\"https:\/\/abilica.com\/sv\/traningsprogram\/\"},{\"@type\":\"ListItem\",\"position\":3,\"name\":\"Tr\u00e4ningsprogram till Abilica XC AirTrack 300 Set\"}]},{\"@type\":\"WebSite\",\"@id\":\"https:\/\/abilica.com\/#website\",\"url\":\"https:\/\/abilica.com\/\",\"name\":\"Abilica\",\"description\":\"Abilica Home Training\",\"potentialAction\":[{\"@type\":\"SearchAction\",\"target\":{\"@type\":\"EntryPoint\",\"urlTemplate\":\"https:\/\/abilica.com\/?s={search_term_string}\"},\"query-input\":{\"@type\":\"PropertyValueSpecification\",\"valueRequired\":true,\"valueName\":\"search_term_string\"}}],\"inLanguage\":\"sv-SE\"}]}<\/script>\n<!-- \/ Yoast SEO Premium plugin. -->","yoast_head_json":{"title":"Tr\u00e4ningsmatta \u00f6vningar med XC AirTrack | Tr\u00e4ningsprogram | Abilica","description":"Beh\u00f6ver du \u00f6vningar f\u00f6r tr\u00e4ning med tr\u00e4ningsmatta? H\u00e4r hittar du ett skr\u00e4ddarsytt tr\u00e4ningsprogram.","robots":{"index":"index","follow":"follow","max-snippet":"max-snippet:-1","max-image-preview":"max-image-preview:large","max-video-preview":"max-video-preview:-1"},"canonical":"https:\/\/abilica.com\/sv\/traningsprogram\/traningsprogram-till-abilica-xc-airtrack-300-set\/","og_locale":"sv_SE","og_type":"article","og_title":"Tr\u00e4ningsprogram till Abilica XC AirTrack 300 Set","og_description":"Beh\u00f6ver du \u00f6vningar f\u00f6r tr\u00e4ning med tr\u00e4ningsmatta? H\u00e4r hittar du ett skr\u00e4ddarsytt tr\u00e4ningsprogram.","og_url":"https:\/\/abilica.com\/sv\/traningsprogram\/traningsprogram-till-abilica-xc-airtrack-300-set\/","og_site_name":"Abilica","article_publisher":"https:\/\/www.facebook.com\/abilicahometraining\/","article_modified_time":"2019-11-22T08:28:20+00:00","twitter_card":"summary_large_image","twitter_misc":{"Ber\u00e4knad l\u00e4stid":"5 minuter"},"schema":{"@context":"https:\/\/schema.org","@graph":[{"@type":"WebPage","@id":"https:\/\/abilica.com\/sv\/traningsprogram\/traningsprogram-till-abilica-xc-airtrack-300-set\/","url":"https:\/\/abilica.com\/sv\/traningsprogram\/traningsprogram-till-abilica-xc-airtrack-300-set\/","name":"Tr\u00e4ningsmatta \u00f6vningar med XC AirTrack | Tr\u00e4ningsprogram | Abilica","isPartOf":{"@id":"https:\/\/abilica.com\/#website"},"datePublished":"2019-10-16T11:15:18+00:00","dateModified":"2019-11-22T08:28:20+00:00","description":"Beh\u00f6ver du \u00f6vningar f\u00f6r tr\u00e4ning med tr\u00e4ningsmatta? H\u00e4r hittar du ett skr\u00e4ddarsytt tr\u00e4ningsprogram.","breadcrumb":{"@id":"https:\/\/abilica.com\/sv\/traningsprogram\/traningsprogram-till-abilica-xc-airtrack-300-set\/#breadcrumb"},"inLanguage":"sv-SE","potentialAction":[{"@type":"ReadAction","target":["https:\/\/abilica.com\/sv\/traningsprogram\/traningsprogram-till-abilica-xc-airtrack-300-set\/"]}]},{"@type":"BreadcrumbList","@id":"https:\/\/abilica.com\/sv\/traningsprogram\/traningsprogram-till-abilica-xc-airtrack-300-set\/#breadcrumb","itemListElement":[{"@type":"ListItem","position":1,"name":"Hem","item":"https:\/\/abilica.com\/sv\/"},{"@type":"ListItem","position":2,"name":"Tr\u00e4ningsprogram","item":"https:\/\/abilica.com\/sv\/traningsprogram\/"},{"@type":"ListItem","position":3,"name":"Tr\u00e4ningsprogram till Abilica XC AirTrack 300 Set"}]},{"@type":"WebSite","@id":"https:\/\/abilica.com\/#website","url":"https:\/\/abilica.com\/","name":"Abilica","description":"Abilica Home Training","potentialAction":[{"@type":"SearchAction","target":{"@type":"EntryPoint","urlTemplate":"https:\/\/abilica.com\/?s={search_term_string}"},"query-input":{"@type":"PropertyValueSpecification","valueRequired":true,"valueName":"search_term_string"}}],"inLanguage":"sv-SE"}]}},"_links":{"self":[{"href":"https:\/\/abilica.com\/sv\/wp-json\/wp\/v2\/pages\/24980","targetHints":{"allow":["GET"]}}],"collection":[{"href":"https:\/\/abilica.com\/sv\/wp-json\/wp\/v2\/pages"}],"about":[{"href":"https:\/\/abilica.com\/sv\/wp-json\/wp\/v2\/types\/page"}],"author":[{"embeddable":true,"href":"https:\/\/abilica.com\/sv\/wp-json\/wp\/v2\/users\/2"}],"replies":[{"embeddable":true,"href":"https:\/\/abilica.com\/sv\/wp-json\/wp\/v2\/comments?post=24980"}],"version-history":[{"count":0,"href":"https:\/\/abilica.com\/sv\/wp-json\/wp\/v2\/pages\/24980\/revisions"}],"up":[{"embeddable":true,"href":"https:\/\/abilica.com\/sv\/wp-json\/wp\/v2\/pages\/3041"}],"wp:attachment":[{"href":"https:\/\/abilica.com\/sv\/wp-json\/wp\/v2\/media?parent=24980"}],"curies":[{"name":"wp","href":"https:\/\/api.w.org\/{rel}","templated":true}]}}