{"id":25204,"date":"2019-11-22T09:45:26","date_gmt":"2019-11-22T08:45:26","guid":{"rendered":"https:\/\/abilica.com\/se\/?page_id=25204"},"modified":"2019-11-22T10:03:10","modified_gmt":"2019-11-22T09:03:10","slug":"traningsprogram-till-abilica-xc-wheel","status":"publish","type":"page","link":"https:\/\/abilica.com\/sv\/traningsprogram\/traningsprogram-till-abilica-xc-wheel\/","title":{"rendered":"Tr\u00e4ningsprogram till Abilica XC Wheel"},"content":{"rendered":"<div class=\"wpb-content-wrapper\"><p>[vc_row full_width=&#8221;stretch_row_content&#8221; full_height=&#8221;yes&#8221; columns_placement=&#8221;bottom&#8221; css=&#8221;.vc_custom_1574412519423{background-image: url(https:\/\/abilica.com\/se\/wp-content\/uploads\/2019\/11\/DSC_5650.jpg?id=25207) !important;background-position: center !important;background-repeat: no-repeat !important;background-size: cover !important;}&#8221;][vc_column width=&#8221;1\/3&#8243;][\/vc_column][vc_column width=&#8221;1\/3&#8243;][vc_icon icon_fontawesome=&#8221;fa fa-angle-down&#8221; color=&#8221;white&#8221; size=&#8221;xl&#8221; align=&#8221;center&#8221;][\/vc_column][vc_column width=&#8221;1\/3&#8243;][\/vc_column][\/vc_row][vc_row][vc_column][vc_column_text]<\/p>\n<h3 style=\"text-align: left;\"><span style=\"color: #000000;\">Tr\u00e4ningsprogram till Abilica\u00a0XC Wheel<\/span><\/h3>\n<p style=\"text-align: left;\">Abilica XC Wheel \u00e4r en bra tr\u00e4ningsprodukt f\u00f6r tr\u00e4ning av k\u00e4rnan! Den kan enkelt demonteras och tar lite plats, s\u00e5 ta den med dig p\u00e5 tr\u00e4ningssamlingen! En perfekt tr\u00e4ningsprodukt f\u00f6r dig som reser mycket.\u00a0Abilica XC Wheel har dubbla hjul f\u00f6r extra bra styvhet och mjuka mossegummihandtag f\u00f6r bra grepp.<\/p>\n<p>[\/vc_column_text][vc_empty_space][\/vc_column][\/vc_row][vc_row][vc_column][title text=&#8221;Shop XC Wheel&#8221; text_align=&#8221;left&#8221;][\/vc_column][\/vc_row][vc_row][vc_column width=&#8221;1\/3&#8243;][product_mod id=&#8221;24935&#8243;][\/vc_column][vc_column width=&#8221;1\/3&#8243;][\/vc_column][vc_column width=&#8221;1\/3&#8243;][\/vc_column][\/vc_row][vc_row css=&#8221;.vc_custom_1492108997727{background-position: center !important;background-repeat: no-repeat !important;background-size: cover !important;}&#8221;][vc_column][vc_column_text]I l\u00e4ngdskid\u00e5kning \u00e4r det viktigt med en stark k\u00e4rnmuskulatur! De viktigaste argumenten f\u00f6r att stark k\u00e4rnmuskulatur \u00e4r viktig i l\u00e4ngdskid\u00e5kning \u00e4r f\u00f6r kraftutveckling, stabilitet \/ teknik, uth\u00e5llighet och f\u00f6r att f\u00f6rebygga skador.<\/p>\n<p><b>Kraftutveckling<br \/>\n<\/b>Stark k\u00e4rnmuskulatur g\u00f6r dig starkare i r\u00e4tt positioner som genererar kraft och framsteg i l\u00e4ngdskid\u00e5kningen.<\/p>\n<p><b>Stabilitet \/ teknik<br \/>\n<\/b>Stark k\u00e4rnmuskulatur g\u00f6r att du kan utveckla dina tekniska f\u00e4rdigheter inom l\u00e4ngdskid\u00e5kning.<\/p>\n<p><b>Uth\u00e5llighet<br \/>\n<\/b>Stark k\u00e4rnmuskulatur g\u00f6r att du kan prestera bra i tekniska positioner \u00f6ver tid. Detta g\u00f6r att du kan utveckla tillr\u00e4ckligt med kraft under hela t\u00e4vlingen \/ tr\u00e4ningspasset vilket kommer att f\u00f6rb\u00e4ttra dina prestationer genom \u00f6kad uth\u00e5llighet.<\/p>\n<p><b>Skadef\u00f6rebyggande<br \/>\n<\/b>Stark k\u00e4rnmuskulatur g\u00f6r att du orkar mer tr\u00e4ning samtidigt som du undviker skador \/ \u00f6verbelastning p\u00e5 andra muskler och leder.<\/p>\n<h2>1.<\/h2>\n<p><b>S\u00e5 h\u00e4r g\u00f6r du<br \/>\n<\/b>Startpositionen \u00e4r &#8221;plankposition&#8221;. Placera h\u00e4nderna ordentligt p\u00e5 handtagen. Dra in naveln n\u00e4r du rullar fram\u00e5t s\u00e5 att du f\u00e5r en &#8221;b\u00f6jd&#8221; rygg. Kroppen ska vara rak och du b\u00f6r stelna i den l\u00e4gre fasen. Se till att du inte rullar f\u00f6r l\u00e5ngt ut f\u00f6r att undvika att f\u00e5 &#8221;sv\u00e4ng&#8221; i ryggen. En l\u00e4ttare variant \u00e4r att placera kn\u00e4na p\u00e5 en tr\u00e4ningsmatta och utf\u00f6ra \u00f6vningen likadant<\/p>\n<p><b>Repetitioner<br \/>\n<\/b>5-10 repetitioner. 3 serier.[\/vc_column_text][vc_row_inner][vc_column_inner width=&#8221;1\/2&#8243;][vc_single_image image=&#8221;25209&#8243; img_size=&#8221;full&#8221; alignment=&#8221;center&#8221;][\/vc_column_inner][vc_column_inner width=&#8221;1\/2&#8243;][vc_single_image image=&#8221;25210&#8243; img_size=&#8221;full&#8221; alignment=&#8221;center&#8221;][\/vc_column_inner][\/vc_row_inner][\/vc_column][\/vc_row][vc_row full_width=&#8221;stretch_row_content&#8221; css=&#8221;.vc_custom_1571225024333{background-color: #0a0000 !important;}&#8221;][vc_column][title text=&#8221;Shop Abilica XC Wheel&#8221; tag=&#8221;h2&#8243; color=&#8221;#ffffff&#8221; text_align=&#8221;center&#8221;][vc_empty_space][\/vc_column][\/vc_row][vc_row][vc_column width=&#8221;1\/4&#8243;][\/vc_column][vc_column width=&#8221;1\/2&#8243;][product_mod id=&#8221;24935&#8243;][vc_empty_space][\/vc_column][vc_column width=&#8221;1\/4&#8243;][\/vc_column][\/vc_row][vc_row full_width=&#8221;stretch_row_content&#8221; full_height=&#8221;yes&#8221; css=&#8221;.vc_custom_1574413358146{background-image: url(https:\/\/abilica.com\/se\/wp-content\/uploads\/2019\/11\/DSC_5717.jpg?id=25211) !important;background-position: center !important;background-repeat: no-repeat !important;background-size: cover !important;}&#8221;][vc_column][\/vc_column][\/vc_row]<\/p>\n<\/div>","protected":false},"excerpt":{"rendered":"<p>[vc_row full_width=&#8221;stretch_row_content&#8221; full_height=&#8221;yes&#8221; columns_placement=&#8221;bottom&#8221; css=&#8221;.vc_custom_1574412519423{background-image: url(https:\/\/abilica.com\/se\/wp-content\/uploads\/2019\/11\/DSC_5650.jpg?id=25207) !important;background-position: center !important;background-repeat: no-repeat !important;background-size: cover !important;}&#8221;][vc_column width=&#8221;1\/3&#8243;][\/vc_column][vc_column width=&#8221;1\/3&#8243;][vc_icon&#8230;<\/p>\n","protected":false},"author":2,"featured_media":0,"parent":3041,"menu_order":0,"comment_status":"closed","ping_status":"closed","template":"","meta":{"_acf_changed":false,"footnotes":""},"class_list":["post-25204","page","type-page","status-publish","hentry"],"acf":[],"yoast_head":"<!-- This site is optimized with the Yoast SEO Premium plugin v21.1 (Yoast SEO v25.4) - https:\/\/yoast.com\/wordpress\/plugins\/seo\/ -->\n<title>Core \u00f6vningar med XC Wheel | Tr\u00e4ningsprogram | Abilica<\/title>\n<meta name=\"description\" content=\"Beh\u00f6ver du \u00f6vningar f\u00f6r core tr\u00e4ning? H\u00e4r hittar du ett skr\u00e4ddarsytt tr\u00e4ningsprogram.\" \/>\n<meta name=\"robots\" content=\"index, follow, max-snippet:-1, max-image-preview:large, max-video-preview:-1\" \/>\n<link rel=\"canonical\" href=\"https:\/\/abilica.com\/sv\/traningsprogram\/traningsprogram-till-abilica-xc-wheel\/\" \/>\n<meta property=\"og:locale\" content=\"sv_SE\" \/>\n<meta property=\"og:type\" content=\"article\" \/>\n<meta property=\"og:title\" content=\"Tr\u00e4ningsprogram till Abilica XC Wheel\" \/>\n<meta property=\"og:description\" content=\"Beh\u00f6ver du \u00f6vningar f\u00f6r core tr\u00e4ning? H\u00e4r hittar du ett skr\u00e4ddarsytt tr\u00e4ningsprogram.\" \/>\n<meta property=\"og:url\" content=\"https:\/\/abilica.com\/sv\/traningsprogram\/traningsprogram-till-abilica-xc-wheel\/\" \/>\n<meta property=\"og:site_name\" content=\"Abilica\" \/>\n<meta property=\"article:publisher\" content=\"https:\/\/www.facebook.com\/abilicahometraining\/\" \/>\n<meta property=\"article:modified_time\" content=\"2019-11-22T09:03:10+00:00\" \/>\n<meta name=\"twitter:card\" content=\"summary_large_image\" \/>\n<meta name=\"twitter:label1\" content=\"Ber\u00e4knad l\u00e4stid\" \/>\n\t<meta name=\"twitter:data1\" content=\"3 minuter\" \/>\n<script type=\"application\/ld+json\" class=\"yoast-schema-graph\">{\"@context\":\"https:\/\/schema.org\",\"@graph\":[{\"@type\":\"WebPage\",\"@id\":\"https:\/\/abilica.com\/sv\/traningsprogram\/traningsprogram-till-abilica-xc-wheel\/\",\"url\":\"https:\/\/abilica.com\/sv\/traningsprogram\/traningsprogram-till-abilica-xc-wheel\/\",\"name\":\"Core \u00f6vningar med XC Wheel | Tr\u00e4ningsprogram | Abilica\",\"isPartOf\":{\"@id\":\"https:\/\/abilica.com\/#website\"},\"datePublished\":\"2019-11-22T08:45:26+00:00\",\"dateModified\":\"2019-11-22T09:03:10+00:00\",\"description\":\"Beh\u00f6ver du \u00f6vningar f\u00f6r core tr\u00e4ning? H\u00e4r hittar du ett skr\u00e4ddarsytt tr\u00e4ningsprogram.\",\"breadcrumb\":{\"@id\":\"https:\/\/abilica.com\/sv\/traningsprogram\/traningsprogram-till-abilica-xc-wheel\/#breadcrumb\"},\"inLanguage\":\"sv-SE\",\"potentialAction\":[{\"@type\":\"ReadAction\",\"target\":[\"https:\/\/abilica.com\/sv\/traningsprogram\/traningsprogram-till-abilica-xc-wheel\/\"]}]},{\"@type\":\"BreadcrumbList\",\"@id\":\"https:\/\/abilica.com\/sv\/traningsprogram\/traningsprogram-till-abilica-xc-wheel\/#breadcrumb\",\"itemListElement\":[{\"@type\":\"ListItem\",\"position\":1,\"name\":\"Hem\",\"item\":\"https:\/\/abilica.com\/sv\/\"},{\"@type\":\"ListItem\",\"position\":2,\"name\":\"Tr\u00e4ningsprogram\",\"item\":\"https:\/\/abilica.com\/sv\/traningsprogram\/\"},{\"@type\":\"ListItem\",\"position\":3,\"name\":\"Tr\u00e4ningsprogram till Abilica XC Wheel\"}]},{\"@type\":\"WebSite\",\"@id\":\"https:\/\/abilica.com\/#website\",\"url\":\"https:\/\/abilica.com\/\",\"name\":\"Abilica\",\"description\":\"Abilica Home Training\",\"potentialAction\":[{\"@type\":\"SearchAction\",\"target\":{\"@type\":\"EntryPoint\",\"urlTemplate\":\"https:\/\/abilica.com\/?s={search_term_string}\"},\"query-input\":{\"@type\":\"PropertyValueSpecification\",\"valueRequired\":true,\"valueName\":\"search_term_string\"}}],\"inLanguage\":\"sv-SE\"}]}<\/script>\n<!-- \/ Yoast SEO Premium plugin. -->","yoast_head_json":{"title":"Core \u00f6vningar med XC Wheel | Tr\u00e4ningsprogram | Abilica","description":"Beh\u00f6ver du \u00f6vningar f\u00f6r core tr\u00e4ning? H\u00e4r hittar du ett skr\u00e4ddarsytt tr\u00e4ningsprogram.","robots":{"index":"index","follow":"follow","max-snippet":"max-snippet:-1","max-image-preview":"max-image-preview:large","max-video-preview":"max-video-preview:-1"},"canonical":"https:\/\/abilica.com\/sv\/traningsprogram\/traningsprogram-till-abilica-xc-wheel\/","og_locale":"sv_SE","og_type":"article","og_title":"Tr\u00e4ningsprogram till Abilica XC Wheel","og_description":"Beh\u00f6ver du \u00f6vningar f\u00f6r core tr\u00e4ning? H\u00e4r hittar du ett skr\u00e4ddarsytt tr\u00e4ningsprogram.","og_url":"https:\/\/abilica.com\/sv\/traningsprogram\/traningsprogram-till-abilica-xc-wheel\/","og_site_name":"Abilica","article_publisher":"https:\/\/www.facebook.com\/abilicahometraining\/","article_modified_time":"2019-11-22T09:03:10+00:00","twitter_card":"summary_large_image","twitter_misc":{"Ber\u00e4knad l\u00e4stid":"3 minuter"},"schema":{"@context":"https:\/\/schema.org","@graph":[{"@type":"WebPage","@id":"https:\/\/abilica.com\/sv\/traningsprogram\/traningsprogram-till-abilica-xc-wheel\/","url":"https:\/\/abilica.com\/sv\/traningsprogram\/traningsprogram-till-abilica-xc-wheel\/","name":"Core \u00f6vningar med XC Wheel | Tr\u00e4ningsprogram | Abilica","isPartOf":{"@id":"https:\/\/abilica.com\/#website"},"datePublished":"2019-11-22T08:45:26+00:00","dateModified":"2019-11-22T09:03:10+00:00","description":"Beh\u00f6ver du \u00f6vningar f\u00f6r core tr\u00e4ning? H\u00e4r hittar du ett skr\u00e4ddarsytt tr\u00e4ningsprogram.","breadcrumb":{"@id":"https:\/\/abilica.com\/sv\/traningsprogram\/traningsprogram-till-abilica-xc-wheel\/#breadcrumb"},"inLanguage":"sv-SE","potentialAction":[{"@type":"ReadAction","target":["https:\/\/abilica.com\/sv\/traningsprogram\/traningsprogram-till-abilica-xc-wheel\/"]}]},{"@type":"BreadcrumbList","@id":"https:\/\/abilica.com\/sv\/traningsprogram\/traningsprogram-till-abilica-xc-wheel\/#breadcrumb","itemListElement":[{"@type":"ListItem","position":1,"name":"Hem","item":"https:\/\/abilica.com\/sv\/"},{"@type":"ListItem","position":2,"name":"Tr\u00e4ningsprogram","item":"https:\/\/abilica.com\/sv\/traningsprogram\/"},{"@type":"ListItem","position":3,"name":"Tr\u00e4ningsprogram till Abilica XC Wheel"}]},{"@type":"WebSite","@id":"https:\/\/abilica.com\/#website","url":"https:\/\/abilica.com\/","name":"Abilica","description":"Abilica Home Training","potentialAction":[{"@type":"SearchAction","target":{"@type":"EntryPoint","urlTemplate":"https:\/\/abilica.com\/?s={search_term_string}"},"query-input":{"@type":"PropertyValueSpecification","valueRequired":true,"valueName":"search_term_string"}}],"inLanguage":"sv-SE"}]}},"_links":{"self":[{"href":"https:\/\/abilica.com\/sv\/wp-json\/wp\/v2\/pages\/25204","targetHints":{"allow":["GET"]}}],"collection":[{"href":"https:\/\/abilica.com\/sv\/wp-json\/wp\/v2\/pages"}],"about":[{"href":"https:\/\/abilica.com\/sv\/wp-json\/wp\/v2\/types\/page"}],"author":[{"embeddable":true,"href":"https:\/\/abilica.com\/sv\/wp-json\/wp\/v2\/users\/2"}],"replies":[{"embeddable":true,"href":"https:\/\/abilica.com\/sv\/wp-json\/wp\/v2\/comments?post=25204"}],"version-history":[{"count":0,"href":"https:\/\/abilica.com\/sv\/wp-json\/wp\/v2\/pages\/25204\/revisions"}],"up":[{"embeddable":true,"href":"https:\/\/abilica.com\/sv\/wp-json\/wp\/v2\/pages\/3041"}],"wp:attachment":[{"href":"https:\/\/abilica.com\/sv\/wp-json\/wp\/v2\/media?parent=25204"}],"curies":[{"name":"wp","href":"https:\/\/api.w.org\/{rel}","templated":true}]}}