{"id":25213,"date":"2019-11-22T10:07:15","date_gmt":"2019-11-22T09:07:15","guid":{"rendered":"https:\/\/abilica.com\/se\/?page_id=25213"},"modified":"2019-11-27T10:34:09","modified_gmt":"2019-11-27T09:34:09","slug":"traningsprogram-till-abilica-xc-gymmat","status":"publish","type":"page","link":"https:\/\/abilica.com\/sv\/traningsprogram\/traningsprogram-till-abilica-xc-gymmat\/","title":{"rendered":"Tr\u00e4ningsprogram till Abilica XC GymMat"},"content":{"rendered":"<div class=\"wpb-content-wrapper\"><p>[vc_row full_width=&#8221;stretch_row_content&#8221; full_height=&#8221;yes&#8221; columns_placement=&#8221;bottom&#8221; css=&#8221;.vc_custom_1574413697826{background-image: url(https:\/\/abilica.com\/se\/wp-content\/uploads\/2019\/11\/DSC_5374.jpg?id=25215) !important;background-position: center !important;background-repeat: no-repeat !important;background-size: cover !important;}&#8221;][vc_column width=&#8221;1\/3&#8243;][\/vc_column][vc_column width=&#8221;1\/3&#8243;][vc_icon icon_fontawesome=&#8221;fa fa-angle-down&#8221; color=&#8221;white&#8221; size=&#8221;xl&#8221; align=&#8221;center&#8221;][\/vc_column][vc_column width=&#8221;1\/3&#8243;][\/vc_column][\/vc_row][vc_row][vc_column][vc_column_text]<\/p>\n<h3 style=\"text-align: left;\"><span style=\"color: #000000;\">Tr\u00e4ningsprogram till Abilica\u00a0XC GymMat<\/span><\/h3>\n<p style=\"text-align: left;\">Abilica XC GymMat \u00e4r v\u00e5r allra b\u00e4sta matta med h\u00f6g t\u00e4thet och h\u00e5llbarhet. Den produceras i det milj\u00f6v\u00e4nliga materialet NBR och inneh\u00e5ller inga gifter, ftalater eller latex. Eftersom mattan har lika h\u00f6g friktion p\u00e5 b\u00e5da sidor kan du anv\u00e4nda vilken sida du vill. Du kommer att uppt\u00e4cka att det \u00e4r extremt stabilt \u00e4nd\u00e5.<\/p>\n<p>[\/vc_column_text][vc_empty_space][\/vc_column][\/vc_row][vc_row][vc_column][title text=&#8221;Shop XC GymMat&#8221; text_align=&#8221;left&#8221;][\/vc_column][\/vc_row][vc_row][vc_column width=&#8221;1\/3&#8243;][product_mod id=&#8221;24938&#8243;][\/vc_column][vc_column width=&#8221;1\/3&#8243;][\/vc_column][vc_column width=&#8221;1\/3&#8243;][\/vc_column][\/vc_row][vc_row css=&#8221;.vc_custom_1492108997727{background-position: center !important;background-repeat: no-repeat !important;background-size: cover !important;}&#8221;][vc_column][vc_column_text]H\u00e4r f\u00e5r du \u00f6vningar f\u00f6r att \u00f6ka muskelstyrkan och f\u00f6rb\u00e4ttra kraftutvecklingen i l\u00e4ngdskid\u00e5kningen. I detta tr\u00e4ningsprogrammet fokuserar vi p\u00e5 k\u00e4rntr\u00e4ning och rygg.<\/p>\n<h2>1.<\/h2>\n<p><b>S\u00e5 h\u00e4r g\u00f6r du<br \/>\n<\/b>\u00d6vningen \u00e4r planka. Placera armb\u00e5gar p\u00e5 tr\u00e4ningsmattan med axelbredds avst\u00e5nd. Dra in naveln n\u00e4r du rullar fram\u00e5t s\u00e5 att du f\u00e5r en &#8221;b\u00f6jd&#8221; rygg. Kroppen ska vara rak och du b\u00f6r stelna i den l\u00e4gre fasen.<\/p>\n<p><b>Repetitioner<br \/>\n<\/b>30-60 sekunder. 3 serier.[\/vc_column_text][vc_single_image image=&#8221;25218&#8243; img_size=&#8221;full&#8221; alignment=&#8221;center&#8221;][\/vc_column][\/vc_row][vc_row css=&#8221;.vc_custom_1492108997727{background-position: center !important;background-repeat: no-repeat !important;background-size: cover !important;}&#8221;][vc_column][vc_column_text]<\/p>\n<h2>2.<b><\/b><\/h2>\n<p><b>S\u00e5 h\u00e4r g\u00f6r du<br \/>\n<\/b>\u00d6vningen \u00e4r situps. Ligg p\u00e5 ryggen p\u00e5 en tr\u00e4ningsmatta med kn\u00e4ledet i 90 grader. S\u00e4tt ihop h\u00e4nderna bakom huvudet. Aktivera magen n\u00e4r du lyfter upp br\u00f6stet mot kn\u00e4na.<\/p>\n<p><b>Repetitioner<br \/>\n<\/b>20-25 repetitioner. 3 serier.[\/vc_column_text][vc_single_image image=&#8221;25220&#8243; img_size=&#8221;full&#8221; alignment=&#8221;center&#8221;][\/vc_column][\/vc_row][vc_row css=&#8221;.vc_custom_1492108997727{background-position: center !important;background-repeat: no-repeat !important;background-size: cover !important;}&#8221;][vc_column][vc_column_text]<\/p>\n<h2>3.<b><\/b><\/h2>\n<p><b>S\u00e5 h\u00e4r g\u00f6r du<br \/>\n<\/b>\u00d6vningen \u00e4r en ryggstr\u00e4cka. Ligg rakt p\u00e5 magen p\u00e5 tr\u00e4ningsmattan. Br\u00f6stet ska vara i kontakt med mattan under hela \u00f6vningen. Titt ner p\u00e5 mattan, lyft upp en arm och ben diagonalt samtidigt. H\u00e5ll i 2 sekunder i den \u00f6vre fasen innan du s\u00e4nker kroppen hela v\u00e4gen ner till startpositionen. Lyft s\u00e5 motsatt diagonalt.<\/p>\n<p><b>Repetitioner<br \/>\n<\/b>12-15 repetitioner p\u00e5 varje sida. 3 serier.[\/vc_column_text][vc_single_image image=&#8221;25219&#8243; img_size=&#8221;full&#8221; alignment=&#8221;center&#8221;][\/vc_column][\/vc_row][vc_row full_width=&#8221;stretch_row_content&#8221; css=&#8221;.vc_custom_1571225024333{background-color: #0a0000 !important;}&#8221;][vc_column][title text=&#8221;Shop Abilica XC GymMat&#8221; tag=&#8221;h2&#8243; color=&#8221;#ffffff&#8221; text_align=&#8221;center&#8221;][vc_empty_space][\/vc_column][\/vc_row][vc_row][vc_column width=&#8221;1\/4&#8243;][\/vc_column][vc_column width=&#8221;1\/2&#8243;][product_mod id=&#8221;24938&#8243;][vc_empty_space][\/vc_column][vc_column width=&#8221;1\/4&#8243;][\/vc_column][\/vc_row][vc_row full_width=&#8221;stretch_row_content&#8221; full_height=&#8221;yes&#8221; css=&#8221;.vc_custom_1574413977787{background-image: url(https:\/\/abilica.com\/se\/wp-content\/uploads\/2019\/11\/DSC_5434.jpg?id=25221) !important;background-position: center !important;background-repeat: no-repeat !important;background-size: cover !important;}&#8221;][vc_column][\/vc_column][\/vc_row]<\/p>\n<\/div>","protected":false},"excerpt":{"rendered":"<p>[vc_row full_width=&#8221;stretch_row_content&#8221; full_height=&#8221;yes&#8221; columns_placement=&#8221;bottom&#8221; css=&#8221;.vc_custom_1574413697826{background-image: url(https:\/\/abilica.com\/se\/wp-content\/uploads\/2019\/11\/DSC_5374.jpg?id=25215) !important;background-position: center !important;background-repeat: no-repeat !important;background-size: cover !important;}&#8221;][vc_column width=&#8221;1\/3&#8243;][\/vc_column][vc_column width=&#8221;1\/3&#8243;][vc_icon&#8230;<\/p>\n","protected":false},"author":2,"featured_media":0,"parent":3041,"menu_order":0,"comment_status":"closed","ping_status":"closed","template":"","meta":{"_acf_changed":false,"footnotes":""},"class_list":["post-25213","page","type-page","status-publish","hentry"],"acf":[],"yoast_head":"<!-- This site is optimized with the Yoast SEO Premium plugin v21.1 (Yoast SEO v25.4) - https:\/\/yoast.com\/wordpress\/plugins\/seo\/ -->\n<title>\u00d6vningar med XC GymMat tr\u00e4ningsmatta | Tr\u00e4ningsprogram | Abilica<\/title>\n<meta name=\"description\" content=\"Beh\u00f6ver du \u00f6vningar f\u00f6r tr\u00e4ning p\u00e5 tr\u00e4ningsmatta? H\u00e4r hittar du ett skr\u00e4ddarsytt tr\u00e4ningsprogram.\" \/>\n<meta name=\"robots\" content=\"index, follow, max-snippet:-1, max-image-preview:large, max-video-preview:-1\" \/>\n<link rel=\"canonical\" href=\"https:\/\/abilica.com\/sv\/traningsprogram\/traningsprogram-till-abilica-xc-gymmat\/\" \/>\n<meta property=\"og:locale\" content=\"sv_SE\" \/>\n<meta property=\"og:type\" content=\"article\" \/>\n<meta property=\"og:title\" content=\"Tr\u00e4ningsprogram till Abilica XC GymMat\" \/>\n<meta property=\"og:description\" content=\"Beh\u00f6ver du \u00f6vningar f\u00f6r tr\u00e4ning p\u00e5 tr\u00e4ningsmatta? H\u00e4r hittar du ett skr\u00e4ddarsytt tr\u00e4ningsprogram.\" \/>\n<meta property=\"og:url\" content=\"https:\/\/abilica.com\/sv\/traningsprogram\/traningsprogram-till-abilica-xc-gymmat\/\" \/>\n<meta property=\"og:site_name\" content=\"Abilica\" \/>\n<meta property=\"article:publisher\" content=\"https:\/\/www.facebook.com\/abilicahometraining\/\" \/>\n<meta property=\"article:modified_time\" content=\"2019-11-27T09:34:09+00:00\" \/>\n<meta name=\"twitter:card\" content=\"summary_large_image\" \/>\n<meta name=\"twitter:label1\" content=\"Ber\u00e4knad l\u00e4stid\" \/>\n\t<meta name=\"twitter:data1\" content=\"3 minuter\" \/>\n<script type=\"application\/ld+json\" class=\"yoast-schema-graph\">{\"@context\":\"https:\/\/schema.org\",\"@graph\":[{\"@type\":\"WebPage\",\"@id\":\"https:\/\/abilica.com\/sv\/traningsprogram\/traningsprogram-till-abilica-xc-gymmat\/\",\"url\":\"https:\/\/abilica.com\/sv\/traningsprogram\/traningsprogram-till-abilica-xc-gymmat\/\",\"name\":\"\u00d6vningar med XC GymMat tr\u00e4ningsmatta | Tr\u00e4ningsprogram | Abilica\",\"isPartOf\":{\"@id\":\"https:\/\/abilica.com\/#website\"},\"datePublished\":\"2019-11-22T09:07:15+00:00\",\"dateModified\":\"2019-11-27T09:34:09+00:00\",\"description\":\"Beh\u00f6ver du \u00f6vningar f\u00f6r tr\u00e4ning p\u00e5 tr\u00e4ningsmatta? H\u00e4r hittar du ett skr\u00e4ddarsytt tr\u00e4ningsprogram.\",\"breadcrumb\":{\"@id\":\"https:\/\/abilica.com\/sv\/traningsprogram\/traningsprogram-till-abilica-xc-gymmat\/#breadcrumb\"},\"inLanguage\":\"sv-SE\",\"potentialAction\":[{\"@type\":\"ReadAction\",\"target\":[\"https:\/\/abilica.com\/sv\/traningsprogram\/traningsprogram-till-abilica-xc-gymmat\/\"]}]},{\"@type\":\"BreadcrumbList\",\"@id\":\"https:\/\/abilica.com\/sv\/traningsprogram\/traningsprogram-till-abilica-xc-gymmat\/#breadcrumb\",\"itemListElement\":[{\"@type\":\"ListItem\",\"position\":1,\"name\":\"Hem\",\"item\":\"https:\/\/abilica.com\/sv\/\"},{\"@type\":\"ListItem\",\"position\":2,\"name\":\"Tr\u00e4ningsprogram\",\"item\":\"https:\/\/abilica.com\/sv\/traningsprogram\/\"},{\"@type\":\"ListItem\",\"position\":3,\"name\":\"Tr\u00e4ningsprogram till Abilica XC GymMat\"}]},{\"@type\":\"WebSite\",\"@id\":\"https:\/\/abilica.com\/#website\",\"url\":\"https:\/\/abilica.com\/\",\"name\":\"Abilica\",\"description\":\"Abilica Home Training\",\"potentialAction\":[{\"@type\":\"SearchAction\",\"target\":{\"@type\":\"EntryPoint\",\"urlTemplate\":\"https:\/\/abilica.com\/?s={search_term_string}\"},\"query-input\":{\"@type\":\"PropertyValueSpecification\",\"valueRequired\":true,\"valueName\":\"search_term_string\"}}],\"inLanguage\":\"sv-SE\"}]}<\/script>\n<!-- \/ Yoast SEO Premium plugin. -->","yoast_head_json":{"title":"\u00d6vningar med XC GymMat tr\u00e4ningsmatta | Tr\u00e4ningsprogram | Abilica","description":"Beh\u00f6ver du \u00f6vningar f\u00f6r tr\u00e4ning p\u00e5 tr\u00e4ningsmatta? H\u00e4r hittar du ett skr\u00e4ddarsytt tr\u00e4ningsprogram.","robots":{"index":"index","follow":"follow","max-snippet":"max-snippet:-1","max-image-preview":"max-image-preview:large","max-video-preview":"max-video-preview:-1"},"canonical":"https:\/\/abilica.com\/sv\/traningsprogram\/traningsprogram-till-abilica-xc-gymmat\/","og_locale":"sv_SE","og_type":"article","og_title":"Tr\u00e4ningsprogram till Abilica XC GymMat","og_description":"Beh\u00f6ver du \u00f6vningar f\u00f6r tr\u00e4ning p\u00e5 tr\u00e4ningsmatta? H\u00e4r hittar du ett skr\u00e4ddarsytt tr\u00e4ningsprogram.","og_url":"https:\/\/abilica.com\/sv\/traningsprogram\/traningsprogram-till-abilica-xc-gymmat\/","og_site_name":"Abilica","article_publisher":"https:\/\/www.facebook.com\/abilicahometraining\/","article_modified_time":"2019-11-27T09:34:09+00:00","twitter_card":"summary_large_image","twitter_misc":{"Ber\u00e4knad l\u00e4stid":"3 minuter"},"schema":{"@context":"https:\/\/schema.org","@graph":[{"@type":"WebPage","@id":"https:\/\/abilica.com\/sv\/traningsprogram\/traningsprogram-till-abilica-xc-gymmat\/","url":"https:\/\/abilica.com\/sv\/traningsprogram\/traningsprogram-till-abilica-xc-gymmat\/","name":"\u00d6vningar med XC GymMat tr\u00e4ningsmatta | Tr\u00e4ningsprogram | Abilica","isPartOf":{"@id":"https:\/\/abilica.com\/#website"},"datePublished":"2019-11-22T09:07:15+00:00","dateModified":"2019-11-27T09:34:09+00:00","description":"Beh\u00f6ver du \u00f6vningar f\u00f6r tr\u00e4ning p\u00e5 tr\u00e4ningsmatta? H\u00e4r hittar du ett skr\u00e4ddarsytt tr\u00e4ningsprogram.","breadcrumb":{"@id":"https:\/\/abilica.com\/sv\/traningsprogram\/traningsprogram-till-abilica-xc-gymmat\/#breadcrumb"},"inLanguage":"sv-SE","potentialAction":[{"@type":"ReadAction","target":["https:\/\/abilica.com\/sv\/traningsprogram\/traningsprogram-till-abilica-xc-gymmat\/"]}]},{"@type":"BreadcrumbList","@id":"https:\/\/abilica.com\/sv\/traningsprogram\/traningsprogram-till-abilica-xc-gymmat\/#breadcrumb","itemListElement":[{"@type":"ListItem","position":1,"name":"Hem","item":"https:\/\/abilica.com\/sv\/"},{"@type":"ListItem","position":2,"name":"Tr\u00e4ningsprogram","item":"https:\/\/abilica.com\/sv\/traningsprogram\/"},{"@type":"ListItem","position":3,"name":"Tr\u00e4ningsprogram till Abilica XC GymMat"}]},{"@type":"WebSite","@id":"https:\/\/abilica.com\/#website","url":"https:\/\/abilica.com\/","name":"Abilica","description":"Abilica Home Training","potentialAction":[{"@type":"SearchAction","target":{"@type":"EntryPoint","urlTemplate":"https:\/\/abilica.com\/?s={search_term_string}"},"query-input":{"@type":"PropertyValueSpecification","valueRequired":true,"valueName":"search_term_string"}}],"inLanguage":"sv-SE"}]}},"_links":{"self":[{"href":"https:\/\/abilica.com\/sv\/wp-json\/wp\/v2\/pages\/25213","targetHints":{"allow":["GET"]}}],"collection":[{"href":"https:\/\/abilica.com\/sv\/wp-json\/wp\/v2\/pages"}],"about":[{"href":"https:\/\/abilica.com\/sv\/wp-json\/wp\/v2\/types\/page"}],"author":[{"embeddable":true,"href":"https:\/\/abilica.com\/sv\/wp-json\/wp\/v2\/users\/2"}],"replies":[{"embeddable":true,"href":"https:\/\/abilica.com\/sv\/wp-json\/wp\/v2\/comments?post=25213"}],"version-history":[{"count":0,"href":"https:\/\/abilica.com\/sv\/wp-json\/wp\/v2\/pages\/25213\/revisions"}],"up":[{"embeddable":true,"href":"https:\/\/abilica.com\/sv\/wp-json\/wp\/v2\/pages\/3041"}],"wp:attachment":[{"href":"https:\/\/abilica.com\/sv\/wp-json\/wp\/v2\/media?parent=25213"}],"curies":[{"name":"wp","href":"https:\/\/api.w.org\/{rel}","templated":true}]}}