{"id":27529,"date":"2020-08-25T08:35:56","date_gmt":"2020-08-25T07:35:56","guid":{"rendered":"https:\/\/abilica.com\/se\/?page_id=27529"},"modified":"2021-03-03T11:26:39","modified_gmt":"2021-03-03T10:26:39","slug":"traningsartiklar","status":"publish","type":"page","link":"https:\/\/abilica.com\/sv\/traningsartiklar\/","title":{"rendered":"Tr\u00e4ningsartiklar"},"content":{"rendered":"<div class=\"wpb-content-wrapper\"><p>[vc_row full_width=&#8221;stretch_row_content_no_spaces&#8221; css=&#8221;.vc_custom_1598341295357{padding-right: 0px !important;padding-left: 0px !important;}&#8221;][vc_column][vc_single_image image=&#8221;27534&#8243; img_size=&#8221;full&#8221; alignment=&#8221;center&#8221;][\/vc_column][\/vc_row][vc_row][vc_column][vc_column_text]<\/p>\n<h2 style=\"text-align: center;\">Tr\u00e4ningstips<\/h2>\n<p style=\"text-align: center;\">V\u00e4lj kategori.<\/p>\n<p>[\/vc_column_text][vc_empty_space][\/vc_column][\/vc_row][vc_row full_width=&#8221;stretch_row_content&#8221;][vc_column width=&#8221;1\/3&#8243;][vc_single_image image=&#8221;27535&#8243; img_size=&#8221;full&#8221; alignment=&#8221;center&#8221; style=&#8221;vc_box_rounded&#8221; onclick=&#8221;custom_link&#8221; link=&#8221;https:\/\/abilica.com\/se\/traningsartiklar\/traningstips-for-kondition\/&#8221;][vc_column_text]<\/p>\n<h3 style=\"text-align: center;\"><a href=\"https:\/\/abilica.com\/se\/traningsartiklar\/traningstips-for-kondition\/\">Kondition<\/a><\/h3>\n<p>[\/vc_column_text][\/vc_column][vc_column width=&#8221;1\/3&#8243;][vc_single_image image=&#8221;27537&#8243; img_size=&#8221;full&#8221; alignment=&#8221;center&#8221; style=&#8221;vc_box_rounded&#8221; onclick=&#8221;custom_link&#8221; link=&#8221;https:\/\/abilica.com\/se\/traningsartiklar\/traningstips-for-styrka\/&#8221;][vc_column_text]<\/p>\n<h3 style=\"text-align: center;\"><a href=\"https:\/\/abilica.com\/se\/traningsartiklar\/traningstips-for-styrka\/\">Styrka<\/a><\/h3>\n<p>[\/vc_column_text][\/vc_column][vc_column width=&#8221;1\/3&#8243;][vc_single_image image=&#8221;27538&#8243; img_size=&#8221;full&#8221; alignment=&#8221;center&#8221; style=&#8221;vc_box_rounded&#8221; onclick=&#8221;custom_link&#8221; link=&#8221;https:\/\/abilica.com\/se\/traningsartiklar\/traningstips-for-yoga\/&#8221;][vc_column_text]<\/p>\n<h3 style=\"text-align: center;\"><a href=\"https:\/\/abilica.com\/se\/traningsartiklar\/traningstips-for-yoga\/\">Yoga<\/a><\/h3>\n<p>[\/vc_column_text][\/vc_column][\/vc_row][vc_row full_width=&#8221;stretch_row_content&#8221;][vc_column width=&#8221;1\/3&#8243;][vc_single_image image=&#8221;27536&#8243; img_size=&#8221;full&#8221; alignment=&#8221;center&#8221; style=&#8221;vc_box_rounded&#8221; onclick=&#8221;custom_link&#8221; link=&#8221;https:\/\/abilica.com\/se\/traningsartiklar\/traningstips-for-restitution\/&#8221;][vc_column_text]<\/p>\n<h3 style=\"text-align: center;\"><a href=\"https:\/\/abilica.com\/se\/traningsartiklar\/traningstips-for-restitution\/\">Restitution<\/a><\/h3>\n<p>[\/vc_column_text][\/vc_column][vc_column width=&#8221;1\/3&#8243;][vc_single_image image=&#8221;27532&#8243; img_size=&#8221;full&#8221; alignment=&#8221;center&#8221; style=&#8221;vc_box_rounded&#8221; onclick=&#8221;custom_link&#8221; link=&#8221;https:\/\/abilica.com\/se\/traningsartiklar\/traningstips-for-balans\/&#8221;][vc_column_text]<\/p>\n<h3 style=\"text-align: center;\"><a href=\"https:\/\/abilica.com\/se\/traningsartiklar\/traningstips-for-balans\/\">Balans<\/a><\/h3>\n<p>[\/vc_column_text][\/vc_column][vc_column width=&#8221;1\/3&#8243;][vc_single_image image=&#8221;27533&#8243; img_size=&#8221;full&#8221; alignment=&#8221;center&#8221; style=&#8221;vc_box_rounded&#8221; onclick=&#8221;custom_link&#8221; link=&#8221;https:\/\/abilica.com\/se\/traningsartiklar\/traningstips-for-boxning\/&#8221;][vc_column_text]<\/p>\n<h3 style=\"text-align: center;\"><a href=\"https:\/\/abilica.com\/se\/traningsartiklar\/traningstips-for-boxning\/\">Boxning<\/a><\/h3>\n<p>[\/vc_column_text][\/vc_column][\/vc_row][vc_row][vc_column][vc_empty_space height=&#8221;82px&#8221;][\/vc_column][\/vc_row]<\/p>\n<\/div>","protected":false},"excerpt":{"rendered":"<p>[vc_row full_width=&#8221;stretch_row_content_no_spaces&#8221; css=&#8221;.vc_custom_1598341295357{padding-right: 0px !important;padding-left: 0px !important;}&#8221;][vc_column][vc_single_image image=&#8221;27534&#8243; img_size=&#8221;full&#8221; alignment=&#8221;center&#8221;][\/vc_column][\/vc_row][vc_row][vc_column][vc_column_text] Tr\u00e4ningstips V\u00e4lj kategori. [\/vc_column_text][vc_empty_space][\/vc_column][\/vc_row][vc_row full_width=&#8221;stretch_row_content&#8221;][vc_column&#8230;<\/p>\n","protected":false},"author":2,"featured_media":0,"parent":0,"menu_order":0,"comment_status":"closed","ping_status":"closed","template":"","meta":{"_acf_changed":false,"footnotes":""},"class_list":["post-27529","page","type-page","status-publish","hentry"],"acf":[],"yoast_head":"<!-- This site is optimized with the Yoast SEO Premium plugin v21.1 (Yoast SEO v25.4) - https:\/\/yoast.com\/wordpress\/plugins\/seo\/ -->\n<title>Tr\u00e4ningsartiklar - Tips till hemmatr\u00e4ningen - Abilica<\/title>\n<meta name=\"description\" content=\"F\u00e5 tips till hemmatr\u00e4ningen. Artiklar med \u00f6vningar och tips som g\u00f6r hemmatr\u00e4ningen l\u00e4ttare och roligare!\" \/>\n<meta name=\"robots\" content=\"index, follow, max-snippet:-1, max-image-preview:large, max-video-preview:-1\" \/>\n<link rel=\"canonical\" href=\"https:\/\/abilica.com\/sv\/traningsartiklar\/\" \/>\n<meta property=\"og:locale\" content=\"sv_SE\" \/>\n<meta property=\"og:type\" content=\"article\" \/>\n<meta property=\"og:title\" content=\"Tr\u00e4ningsartiklar\" \/>\n<meta property=\"og:description\" content=\"F\u00e5 tips till hemmatr\u00e4ningen. Artiklar med \u00f6vningar och tips som g\u00f6r hemmatr\u00e4ningen l\u00e4ttare och roligare!\" \/>\n<meta property=\"og:url\" content=\"https:\/\/abilica.com\/sv\/traningsartiklar\/\" \/>\n<meta property=\"og:site_name\" content=\"Abilica\" \/>\n<meta property=\"article:publisher\" content=\"https:\/\/www.facebook.com\/abilicahometraining\/\" \/>\n<meta property=\"article:modified_time\" content=\"2021-03-03T10:26:39+00:00\" \/>\n<meta name=\"twitter:card\" content=\"summary_large_image\" \/>\n<meta name=\"twitter:label1\" content=\"Ber\u00e4knad l\u00e4stid\" \/>\n\t<meta name=\"twitter:data1\" content=\"1 minut\" \/>\n<script type=\"application\/ld+json\" class=\"yoast-schema-graph\">{\"@context\":\"https:\/\/schema.org\",\"@graph\":[{\"@type\":\"WebPage\",\"@id\":\"https:\/\/abilica.com\/sv\/traningsartiklar\/\",\"url\":\"https:\/\/abilica.com\/sv\/traningsartiklar\/\",\"name\":\"Tr\u00e4ningsartiklar - Tips till hemmatr\u00e4ningen - Abilica\",\"isPartOf\":{\"@id\":\"https:\/\/abilica.com\/#website\"},\"datePublished\":\"2020-08-25T07:35:56+00:00\",\"dateModified\":\"2021-03-03T10:26:39+00:00\",\"description\":\"F\u00e5 tips till hemmatr\u00e4ningen. Artiklar med \u00f6vningar och tips som g\u00f6r hemmatr\u00e4ningen l\u00e4ttare och roligare!\",\"breadcrumb\":{\"@id\":\"https:\/\/abilica.com\/sv\/traningsartiklar\/#breadcrumb\"},\"inLanguage\":\"sv-SE\",\"potentialAction\":[{\"@type\":\"ReadAction\",\"target\":[\"https:\/\/abilica.com\/sv\/traningsartiklar\/\"]}]},{\"@type\":\"BreadcrumbList\",\"@id\":\"https:\/\/abilica.com\/sv\/traningsartiklar\/#breadcrumb\",\"itemListElement\":[{\"@type\":\"ListItem\",\"position\":1,\"name\":\"Hem\",\"item\":\"https:\/\/abilica.com\/sv\/\"},{\"@type\":\"ListItem\",\"position\":2,\"name\":\"Tr\u00e4ningsartiklar\"}]},{\"@type\":\"WebSite\",\"@id\":\"https:\/\/abilica.com\/#website\",\"url\":\"https:\/\/abilica.com\/\",\"name\":\"Abilica\",\"description\":\"Abilica Home Training\",\"potentialAction\":[{\"@type\":\"SearchAction\",\"target\":{\"@type\":\"EntryPoint\",\"urlTemplate\":\"https:\/\/abilica.com\/?s={search_term_string}\"},\"query-input\":{\"@type\":\"PropertyValueSpecification\",\"valueRequired\":true,\"valueName\":\"search_term_string\"}}],\"inLanguage\":\"sv-SE\"}]}<\/script>\n<!-- \/ Yoast SEO Premium plugin. -->","yoast_head_json":{"title":"Tr\u00e4ningsartiklar - Tips till hemmatr\u00e4ningen - Abilica","description":"F\u00e5 tips till hemmatr\u00e4ningen. Artiklar med \u00f6vningar och tips som g\u00f6r hemmatr\u00e4ningen l\u00e4ttare och roligare!","robots":{"index":"index","follow":"follow","max-snippet":"max-snippet:-1","max-image-preview":"max-image-preview:large","max-video-preview":"max-video-preview:-1"},"canonical":"https:\/\/abilica.com\/sv\/traningsartiklar\/","og_locale":"sv_SE","og_type":"article","og_title":"Tr\u00e4ningsartiklar","og_description":"F\u00e5 tips till hemmatr\u00e4ningen. Artiklar med \u00f6vningar och tips som g\u00f6r hemmatr\u00e4ningen l\u00e4ttare och roligare!","og_url":"https:\/\/abilica.com\/sv\/traningsartiklar\/","og_site_name":"Abilica","article_publisher":"https:\/\/www.facebook.com\/abilicahometraining\/","article_modified_time":"2021-03-03T10:26:39+00:00","twitter_card":"summary_large_image","twitter_misc":{"Ber\u00e4knad l\u00e4stid":"1 minut"},"schema":{"@context":"https:\/\/schema.org","@graph":[{"@type":"WebPage","@id":"https:\/\/abilica.com\/sv\/traningsartiklar\/","url":"https:\/\/abilica.com\/sv\/traningsartiklar\/","name":"Tr\u00e4ningsartiklar - Tips till hemmatr\u00e4ningen - Abilica","isPartOf":{"@id":"https:\/\/abilica.com\/#website"},"datePublished":"2020-08-25T07:35:56+00:00","dateModified":"2021-03-03T10:26:39+00:00","description":"F\u00e5 tips till hemmatr\u00e4ningen. Artiklar med \u00f6vningar och tips som g\u00f6r hemmatr\u00e4ningen l\u00e4ttare och roligare!","breadcrumb":{"@id":"https:\/\/abilica.com\/sv\/traningsartiklar\/#breadcrumb"},"inLanguage":"sv-SE","potentialAction":[{"@type":"ReadAction","target":["https:\/\/abilica.com\/sv\/traningsartiklar\/"]}]},{"@type":"BreadcrumbList","@id":"https:\/\/abilica.com\/sv\/traningsartiklar\/#breadcrumb","itemListElement":[{"@type":"ListItem","position":1,"name":"Hem","item":"https:\/\/abilica.com\/sv\/"},{"@type":"ListItem","position":2,"name":"Tr\u00e4ningsartiklar"}]},{"@type":"WebSite","@id":"https:\/\/abilica.com\/#website","url":"https:\/\/abilica.com\/","name":"Abilica","description":"Abilica Home Training","potentialAction":[{"@type":"SearchAction","target":{"@type":"EntryPoint","urlTemplate":"https:\/\/abilica.com\/?s={search_term_string}"},"query-input":{"@type":"PropertyValueSpecification","valueRequired":true,"valueName":"search_term_string"}}],"inLanguage":"sv-SE"}]}},"_links":{"self":[{"href":"https:\/\/abilica.com\/sv\/wp-json\/wp\/v2\/pages\/27529","targetHints":{"allow":["GET"]}}],"collection":[{"href":"https:\/\/abilica.com\/sv\/wp-json\/wp\/v2\/pages"}],"about":[{"href":"https:\/\/abilica.com\/sv\/wp-json\/wp\/v2\/types\/page"}],"author":[{"embeddable":true,"href":"https:\/\/abilica.com\/sv\/wp-json\/wp\/v2\/users\/2"}],"replies":[{"embeddable":true,"href":"https:\/\/abilica.com\/sv\/wp-json\/wp\/v2\/comments?post=27529"}],"version-history":[{"count":0,"href":"https:\/\/abilica.com\/sv\/wp-json\/wp\/v2\/pages\/27529\/revisions"}],"wp:attachment":[{"href":"https:\/\/abilica.com\/sv\/wp-json\/wp\/v2\/media?parent=27529"}],"curies":[{"name":"wp","href":"https:\/\/api.w.org\/{rel}","templated":true}]}}