{"id":27559,"date":"2020-08-25T09:14:47","date_gmt":"2020-08-25T08:14:47","guid":{"rendered":"https:\/\/abilica.com\/se\/?page_id=27559"},"modified":"2021-03-08T10:56:39","modified_gmt":"2021-03-08T09:56:39","slug":"traningstips-for-boxning","status":"publish","type":"page","link":"https:\/\/abilica.com\/sv\/traningsartiklar\/traningstips-for-boxning\/","title":{"rendered":"Tr\u00e4ningstips f\u00f6r boxning"},"content":{"rendered":"<div class=\"wpb-content-wrapper\"><p>[vc_row full_width=&#8221;stretch_row_content_no_spaces&#8221; css=&#8221;.vc_custom_1598341295357{padding-right: 0px !important;padding-left: 0px !important;}&#8221;][vc_column][vc_single_image image=&#8221;27569&#8243; img_size=&#8221;full&#8221; alignment=&#8221;center&#8221;][\/vc_column][\/vc_row][vc_row][vc_column][vc_column_text]<\/p>\n<h2 style=\"text-align: center;\">Tr\u00e4ningstips f\u00f6r boxning<\/h2>\n<p>[\/vc_column_text][vc_empty_space height=&#8221;22px&#8221;][\/vc_column][\/vc_row][vc_row full_width=&#8221;stretch_row_content&#8221;][vc_column width=&#8221;1\/4&#8243;][vc_single_image image=&#8221;27598&#8243; img_size=&#8221;full&#8221; alignment=&#8221;center&#8221; style=&#8221;vc_box_rounded&#8221; onclick=&#8221;custom_link&#8221; link=&#8221;https:\/\/abilica.com\/se\/traningsartiklar\/traningstips-for-boxning\/kom-i-form-med-boxningstraning\/&#8221;][vc_column_text]<\/p>\n<p style=\"text-align: center;\"><a href=\"https:\/\/abilica.com\/se\/traningsartiklar\/traningstips-for-boxning\/kom-i-form-med-boxningstraning\/\">Kom i form med boxningstr\u00e4ning!<\/a><\/p>\n<p>[\/vc_column_text][\/vc_column][vc_column width=&#8221;1\/4&#8243;][vc_single_image image=&#8221;29496&#8243; img_size=&#8221;full&#8221; alignment=&#8221;center&#8221; style=&#8221;vc_box_rounded&#8221; onclick=&#8221;custom_link&#8221; link=&#8221;https:\/\/abilica.com\/se\/traningsartiklar\/traningstips-for-boxning\/valj-ratt-boxhandskar\/&#8221;][vc_column_text]<\/p>\n<p style=\"text-align: center;\"><a href=\"https:\/\/abilica.com\/se\/traningsartiklar\/traningstips-for-boxning\/valj-ratt-boxhandskar\/\">V\u00e4lj r\u00e4tt boxhandskar<\/a><\/p>\n<p>[\/vc_column_text][\/vc_column][vc_column width=&#8221;1\/4&#8243;][vc_single_image image=&#8221;29502&#8243; img_size=&#8221;full&#8221; alignment=&#8221;center&#8221; style=&#8221;vc_box_rounded&#8221; onclick=&#8221;custom_link&#8221; link=&#8221;https:\/\/abilica.com\/se\/traningsartiklar\/traningstips-for-boxning\/valj-ratt-boxningssack\/&#8221;][vc_column_text]<\/p>\n<p style=\"text-align: center;\"><a href=\"https:\/\/abilica.com\/se\/traningsartiklar\/traningstips-for-boxning\/valj-ratt-boxningssack\/\">V\u00e4lj r\u00e4tt boxningss\u00e4ck<\/a><\/p>\n<p>[\/vc_column_text][\/vc_column][vc_column width=&#8221;1\/4&#8243;][vc_single_image image=&#8221;16732&#8243; img_size=&#8221;full&#8221; alignment=&#8221;center&#8221; style=&#8221;vc_box_rounded&#8221; onclick=&#8221;custom_link&#8221; link=&#8221;https:\/\/abilica.com\/se\/traningsartiklar\/traningstips-for-boxning\/boxning-ar-bra-traning-for-hela-kroppen\/&#8221;][vc_column_text]<\/p>\n<p style=\"text-align: center;\"><a href=\"https:\/\/abilica.com\/se\/traningsartiklar\/traningstips-for-boxning\/boxning-ar-bra-traning-for-hela-kroppen\/\">Boxning \u00e4r bra tr\u00e4ning f\u00f6r hela kroppen!<\/a><\/p>\n<p>[\/vc_column_text][\/vc_column][\/vc_row][vc_row][vc_column][vc_empty_space height=&#8221;62px&#8221;][vc_column_text]<\/p>\n<h2 style=\"text-align: center;\">K\u00f6p din utrustning f\u00f6r boxning nu<\/h2>\n<p>[\/vc_column_text][\/vc_column][\/vc_row][vc_row full_width=&#8221;stretch_row_content&#8221;][vc_column][product_category_mixed per_page=&#8221;10&#8243; columns=&#8221;6&#8243; show_product_details=&#8221;true&#8221; category=&#8221;boxning&#8221;][vc_empty_space height=&#8221;62px&#8221;][\/vc_column][\/vc_row]<\/p>\n<\/div>","protected":false},"excerpt":{"rendered":"<p>[vc_row full_width=&#8221;stretch_row_content_no_spaces&#8221; css=&#8221;.vc_custom_1598341295357{padding-right: 0px !important;padding-left: 0px !important;}&#8221;][vc_column][vc_single_image image=&#8221;27569&#8243; img_size=&#8221;full&#8221; alignment=&#8221;center&#8221;][\/vc_column][\/vc_row][vc_row][vc_column][vc_column_text] Tr\u00e4ningstips f\u00f6r boxning [\/vc_column_text][vc_empty_space height=&#8221;22px&#8221;][\/vc_column][\/vc_row][vc_row&#8230;<\/p>\n","protected":false},"author":2,"featured_media":0,"parent":27529,"menu_order":0,"comment_status":"closed","ping_status":"closed","template":"","meta":{"_acf_changed":false,"footnotes":""},"class_list":["post-27559","page","type-page","status-publish","hentry"],"acf":[],"yoast_head":"<!-- This site is optimized with the Yoast SEO Premium plugin v21.1 (Yoast SEO v25.4) - https:\/\/yoast.com\/wordpress\/plugins\/seo\/ -->\n<title>Tr\u00e4ningstips f\u00f6r boxning - Tips till hemmatr\u00e4ningen - Abilica<\/title>\n<meta name=\"description\" content=\"F\u00e5 tips till hemmatr\u00e4ningen. Artiklar med \u00f6vningar och tips som g\u00f6r hemmatr\u00e4ningen l\u00e4ttare och roligare!\" \/>\n<meta name=\"robots\" content=\"index, follow, max-snippet:-1, max-image-preview:large, max-video-preview:-1\" \/>\n<link rel=\"canonical\" href=\"https:\/\/abilica.com\/sv\/traningsartiklar\/traningstips-for-boxning\/\" \/>\n<meta property=\"og:locale\" content=\"sv_SE\" \/>\n<meta property=\"og:type\" content=\"article\" \/>\n<meta property=\"og:title\" content=\"Tr\u00e4ningstips f\u00f6r boxning\" \/>\n<meta property=\"og:description\" content=\"F\u00e5 tips till hemmatr\u00e4ningen. Artiklar med \u00f6vningar och tips som g\u00f6r hemmatr\u00e4ningen l\u00e4ttare och roligare!\" \/>\n<meta property=\"og:url\" content=\"https:\/\/abilica.com\/sv\/traningsartiklar\/traningstips-for-boxning\/\" \/>\n<meta property=\"og:site_name\" content=\"Abilica\" \/>\n<meta property=\"article:publisher\" content=\"https:\/\/www.facebook.com\/abilicahometraining\/\" \/>\n<meta property=\"article:modified_time\" content=\"2021-03-08T09:56:39+00:00\" \/>\n<meta name=\"twitter:card\" content=\"summary_large_image\" \/>\n<meta name=\"twitter:label1\" content=\"Ber\u00e4knad l\u00e4stid\" \/>\n\t<meta name=\"twitter:data1\" content=\"1 minut\" \/>\n<script type=\"application\/ld+json\" class=\"yoast-schema-graph\">{\"@context\":\"https:\/\/schema.org\",\"@graph\":[{\"@type\":\"WebPage\",\"@id\":\"https:\/\/abilica.com\/sv\/traningsartiklar\/traningstips-for-boxning\/\",\"url\":\"https:\/\/abilica.com\/sv\/traningsartiklar\/traningstips-for-boxning\/\",\"name\":\"Tr\u00e4ningstips f\u00f6r boxning - Tips till hemmatr\u00e4ningen - Abilica\",\"isPartOf\":{\"@id\":\"https:\/\/abilica.com\/#website\"},\"datePublished\":\"2020-08-25T08:14:47+00:00\",\"dateModified\":\"2021-03-08T09:56:39+00:00\",\"description\":\"F\u00e5 tips till hemmatr\u00e4ningen. Artiklar med \u00f6vningar och tips som g\u00f6r hemmatr\u00e4ningen l\u00e4ttare och roligare!\",\"breadcrumb\":{\"@id\":\"https:\/\/abilica.com\/sv\/traningsartiklar\/traningstips-for-boxning\/#breadcrumb\"},\"inLanguage\":\"sv-SE\",\"potentialAction\":[{\"@type\":\"ReadAction\",\"target\":[\"https:\/\/abilica.com\/sv\/traningsartiklar\/traningstips-for-boxning\/\"]}]},{\"@type\":\"BreadcrumbList\",\"@id\":\"https:\/\/abilica.com\/sv\/traningsartiklar\/traningstips-for-boxning\/#breadcrumb\",\"itemListElement\":[{\"@type\":\"ListItem\",\"position\":1,\"name\":\"Hem\",\"item\":\"https:\/\/abilica.com\/sv\/\"},{\"@type\":\"ListItem\",\"position\":2,\"name\":\"Tr\u00e4ningsartiklar\",\"item\":\"https:\/\/abilica.com\/sv\/traningsartiklar\/\"},{\"@type\":\"ListItem\",\"position\":3,\"name\":\"Tr\u00e4ningstips f\u00f6r boxning\"}]},{\"@type\":\"WebSite\",\"@id\":\"https:\/\/abilica.com\/#website\",\"url\":\"https:\/\/abilica.com\/\",\"name\":\"Abilica\",\"description\":\"Abilica Home Training\",\"potentialAction\":[{\"@type\":\"SearchAction\",\"target\":{\"@type\":\"EntryPoint\",\"urlTemplate\":\"https:\/\/abilica.com\/?s={search_term_string}\"},\"query-input\":{\"@type\":\"PropertyValueSpecification\",\"valueRequired\":true,\"valueName\":\"search_term_string\"}}],\"inLanguage\":\"sv-SE\"}]}<\/script>\n<!-- \/ Yoast SEO Premium plugin. -->","yoast_head_json":{"title":"Tr\u00e4ningstips f\u00f6r boxning - Tips till hemmatr\u00e4ningen - Abilica","description":"F\u00e5 tips till hemmatr\u00e4ningen. Artiklar med \u00f6vningar och tips som g\u00f6r hemmatr\u00e4ningen l\u00e4ttare och roligare!","robots":{"index":"index","follow":"follow","max-snippet":"max-snippet:-1","max-image-preview":"max-image-preview:large","max-video-preview":"max-video-preview:-1"},"canonical":"https:\/\/abilica.com\/sv\/traningsartiklar\/traningstips-for-boxning\/","og_locale":"sv_SE","og_type":"article","og_title":"Tr\u00e4ningstips f\u00f6r boxning","og_description":"F\u00e5 tips till hemmatr\u00e4ningen. Artiklar med \u00f6vningar och tips som g\u00f6r hemmatr\u00e4ningen l\u00e4ttare och roligare!","og_url":"https:\/\/abilica.com\/sv\/traningsartiklar\/traningstips-for-boxning\/","og_site_name":"Abilica","article_publisher":"https:\/\/www.facebook.com\/abilicahometraining\/","article_modified_time":"2021-03-08T09:56:39+00:00","twitter_card":"summary_large_image","twitter_misc":{"Ber\u00e4knad l\u00e4stid":"1 minut"},"schema":{"@context":"https:\/\/schema.org","@graph":[{"@type":"WebPage","@id":"https:\/\/abilica.com\/sv\/traningsartiklar\/traningstips-for-boxning\/","url":"https:\/\/abilica.com\/sv\/traningsartiklar\/traningstips-for-boxning\/","name":"Tr\u00e4ningstips f\u00f6r boxning - Tips till hemmatr\u00e4ningen - Abilica","isPartOf":{"@id":"https:\/\/abilica.com\/#website"},"datePublished":"2020-08-25T08:14:47+00:00","dateModified":"2021-03-08T09:56:39+00:00","description":"F\u00e5 tips till hemmatr\u00e4ningen. Artiklar med \u00f6vningar och tips som g\u00f6r hemmatr\u00e4ningen l\u00e4ttare och roligare!","breadcrumb":{"@id":"https:\/\/abilica.com\/sv\/traningsartiklar\/traningstips-for-boxning\/#breadcrumb"},"inLanguage":"sv-SE","potentialAction":[{"@type":"ReadAction","target":["https:\/\/abilica.com\/sv\/traningsartiklar\/traningstips-for-boxning\/"]}]},{"@type":"BreadcrumbList","@id":"https:\/\/abilica.com\/sv\/traningsartiklar\/traningstips-for-boxning\/#breadcrumb","itemListElement":[{"@type":"ListItem","position":1,"name":"Hem","item":"https:\/\/abilica.com\/sv\/"},{"@type":"ListItem","position":2,"name":"Tr\u00e4ningsartiklar","item":"https:\/\/abilica.com\/sv\/traningsartiklar\/"},{"@type":"ListItem","position":3,"name":"Tr\u00e4ningstips f\u00f6r boxning"}]},{"@type":"WebSite","@id":"https:\/\/abilica.com\/#website","url":"https:\/\/abilica.com\/","name":"Abilica","description":"Abilica Home Training","potentialAction":[{"@type":"SearchAction","target":{"@type":"EntryPoint","urlTemplate":"https:\/\/abilica.com\/?s={search_term_string}"},"query-input":{"@type":"PropertyValueSpecification","valueRequired":true,"valueName":"search_term_string"}}],"inLanguage":"sv-SE"}]}},"_links":{"self":[{"href":"https:\/\/abilica.com\/sv\/wp-json\/wp\/v2\/pages\/27559","targetHints":{"allow":["GET"]}}],"collection":[{"href":"https:\/\/abilica.com\/sv\/wp-json\/wp\/v2\/pages"}],"about":[{"href":"https:\/\/abilica.com\/sv\/wp-json\/wp\/v2\/types\/page"}],"author":[{"embeddable":true,"href":"https:\/\/abilica.com\/sv\/wp-json\/wp\/v2\/users\/2"}],"replies":[{"embeddable":true,"href":"https:\/\/abilica.com\/sv\/wp-json\/wp\/v2\/comments?post=27559"}],"version-history":[{"count":0,"href":"https:\/\/abilica.com\/sv\/wp-json\/wp\/v2\/pages\/27559\/revisions"}],"up":[{"embeddable":true,"href":"https:\/\/abilica.com\/sv\/wp-json\/wp\/v2\/pages\/27529"}],"wp:attachment":[{"href":"https:\/\/abilica.com\/sv\/wp-json\/wp\/v2\/media?parent=27559"}],"curies":[{"name":"wp","href":"https:\/\/api.w.org\/{rel}","templated":true}]}}