{"id":27560,"date":"2020-08-25T09:11:25","date_gmt":"2020-08-25T08:11:25","guid":{"rendered":"https:\/\/abilica.com\/se\/?page_id=27560"},"modified":"2023-11-06T12:40:45","modified_gmt":"2023-11-06T11:40:45","slug":"traningstips-for-balans","status":"publish","type":"page","link":"https:\/\/abilica.com\/sv\/traningsartiklar\/traningstips-for-balans\/","title":{"rendered":"Tr\u00e4ningstips f\u00f6r balans"},"content":{"rendered":"<div class=\"wpb-content-wrapper\"><p>[vc_row full_width=&#8221;stretch_row_content_no_spaces&#8221; css=&#8221;.vc_custom_1598341295357{padding-right: 0px !important;padding-left: 0px !important;}&#8221;][vc_column][vc_single_image image=&#8221;27567&#8243; img_size=&#8221;full&#8221; alignment=&#8221;center&#8221;][\/vc_column][\/vc_row][vc_row][vc_column][vc_column_text]<\/p>\n<h2 style=\"text-align: center;\">Tr\u00e4ningstips f\u00f6r balans<\/h2>\n<p>[\/vc_column_text][vc_empty_space height=&#8221;22px&#8221;][\/vc_column][\/vc_row][vc_row full_width=&#8221;stretch_row_content&#8221;][vc_column width=&#8221;1\/3&#8243;][vc_single_image image=&#8221;26845&#8243; img_size=&#8221;full&#8221; alignment=&#8221;center&#8221; style=&#8221;vc_box_rounded&#8221; onclick=&#8221;custom_link&#8221; link=&#8221;https:\/\/abilica.com\/se\/traningsartiklar\/traningstips-for-balans\/trana-balans-pa-balansbrada\/&#8221;][vc_column_text]<\/p>\n<p style=\"text-align: center;\"><a href=\"https:\/\/abilica.com\/se\/traningsartiklar\/traningstips-for-balans\/trana-balans-pa-balansbrada\/\">Tr\u00e4na balans med balansbr\u00e4da<\/a><\/p>\n<p>[\/vc_column_text][\/vc_column][vc_column width=&#8221;1\/3&#8243;][vc_single_image image=&#8221;29510&#8243; img_size=&#8221;full&#8221; alignment=&#8221;center&#8221; style=&#8221;vc_box_rounded&#8221; onclick=&#8221;custom_link&#8221; link=&#8221;https:\/\/abilica.com\/se\/traningsartiklar\/traningstips-for-balans\/fa-battre-balans-med-balanskudde\/&#8221;][vc_column_text]<\/p>\n<p style=\"text-align: center;\"><a href=\"https:\/\/abilica.com\/se\/traningsartiklar\/traningstips-for-balans\/fa-battre-balans-med-balanskudde\/\">F\u00e5 b\u00e4ttre balans med balanskudde<\/a><\/p>\n<p>[\/vc_column_text][\/vc_column][vc_column width=&#8221;1\/3&#8243;][vc_single_image image=&#8221;29747&#8243; img_size=&#8221;full&#8221; alignment=&#8221;center&#8221; style=&#8221;vc_box_rounded&#8221; onclick=&#8221;custom_link&#8221; link=&#8221;https:\/\/abilica.com\/se\/traningsartiklar\/traningstips-for-balans\/hemmatraning-med-fitnessboll\/&#8221;][vc_column_text]<\/p>\n<p style=\"text-align: center;\"><a href=\"https:\/\/abilica.com\/se\/traningsartiklar\/traningstips-for-balans\/hemmatraning-med-fitnessboll\/\">Hemmatr\u00e4ning med fitnessboll<\/a><\/p>\n<p>[\/vc_column_text][\/vc_column][\/vc_row][vc_row][vc_column][vc_empty_space height=&#8221;62px&#8221;][vc_column_text]<\/p>\n<h2 style=\"text-align: center;\">Utrustning f\u00f6r balanstr\u00e4ning<\/h2>\n<p>[\/vc_column_text][\/vc_column][\/vc_row][vc_row full_width=&#8221;stretch_row_content&#8221;][vc_column][product_category_mixed per_page=&#8221;10&#8243; columns=&#8221;5&#8243; show_product_details=&#8221;true&#8221; category=&#8221;balans&#8221;][vc_empty_space height=&#8221;62px&#8221;][vc_btn title=&#8221;Se alla produkter&#8221; style=&#8221;flat&#8221; color=&#8221;black&#8221; align=&#8221;center&#8221; link=&#8221;url:https%3A%2F%2Fabilica.com%2Fse%2Fbalans%2F|||&#8221;][vc_empty_space height=&#8221;62px&#8221;][\/vc_column][\/vc_row]<\/p>\n<\/div>","protected":false},"excerpt":{"rendered":"<p>[vc_row full_width=&#8221;stretch_row_content_no_spaces&#8221; css=&#8221;.vc_custom_1598341295357{padding-right: 0px !important;padding-left: 0px !important;}&#8221;][vc_column][vc_single_image image=&#8221;27567&#8243; img_size=&#8221;full&#8221; alignment=&#8221;center&#8221;][\/vc_column][\/vc_row][vc_row][vc_column][vc_column_text] Tr\u00e4ningstips f\u00f6r balans [\/vc_column_text][vc_empty_space height=&#8221;22px&#8221;][\/vc_column][\/vc_row][vc_row&#8230;<\/p>\n","protected":false},"author":2,"featured_media":0,"parent":27529,"menu_order":0,"comment_status":"closed","ping_status":"closed","template":"","meta":{"_acf_changed":false,"footnotes":""},"class_list":["post-27560","page","type-page","status-publish","hentry"],"acf":[],"yoast_head":"<!-- This site is optimized with the Yoast SEO Premium plugin v21.1 (Yoast SEO v25.4) - https:\/\/yoast.com\/wordpress\/plugins\/seo\/ -->\n<title>Tr\u00e4ningstips f\u00f6r balans - Tips till hemmatr\u00e4ningen - Abilica<\/title>\n<meta name=\"description\" content=\"F\u00e5 tips till hemmatr\u00e4ningen. Artiklar med \u00f6vningar och tips som g\u00f6r hemmatr\u00e4ningen l\u00e4ttare och roligare!\" \/>\n<meta name=\"robots\" content=\"index, follow, max-snippet:-1, max-image-preview:large, max-video-preview:-1\" \/>\n<link rel=\"canonical\" href=\"https:\/\/abilica.com\/sv\/traningsartiklar\/traningstips-for-balans\/\" \/>\n<meta property=\"og:locale\" content=\"sv_SE\" \/>\n<meta property=\"og:type\" content=\"article\" \/>\n<meta property=\"og:title\" content=\"Tr\u00e4ningstips f\u00f6r balans\" \/>\n<meta property=\"og:description\" content=\"F\u00e5 tips till hemmatr\u00e4ningen. Artiklar med \u00f6vningar och tips som g\u00f6r hemmatr\u00e4ningen l\u00e4ttare och roligare!\" \/>\n<meta property=\"og:url\" content=\"https:\/\/abilica.com\/sv\/traningsartiklar\/traningstips-for-balans\/\" \/>\n<meta property=\"og:site_name\" content=\"Abilica\" \/>\n<meta property=\"article:publisher\" content=\"https:\/\/www.facebook.com\/abilicahometraining\/\" \/>\n<meta property=\"article:modified_time\" content=\"2023-11-06T11:40:45+00:00\" \/>\n<meta name=\"twitter:card\" content=\"summary_large_image\" \/>\n<meta name=\"twitter:label1\" content=\"Ber\u00e4knad l\u00e4stid\" \/>\n\t<meta name=\"twitter:data1\" content=\"1 minut\" \/>\n<script type=\"application\/ld+json\" class=\"yoast-schema-graph\">{\"@context\":\"https:\/\/schema.org\",\"@graph\":[{\"@type\":\"WebPage\",\"@id\":\"https:\/\/abilica.com\/sv\/traningsartiklar\/traningstips-for-balans\/\",\"url\":\"https:\/\/abilica.com\/sv\/traningsartiklar\/traningstips-for-balans\/\",\"name\":\"Tr\u00e4ningstips f\u00f6r balans - Tips till hemmatr\u00e4ningen - Abilica\",\"isPartOf\":{\"@id\":\"https:\/\/abilica.com\/#website\"},\"datePublished\":\"2020-08-25T08:11:25+00:00\",\"dateModified\":\"2023-11-06T11:40:45+00:00\",\"description\":\"F\u00e5 tips till hemmatr\u00e4ningen. Artiklar med \u00f6vningar och tips som g\u00f6r hemmatr\u00e4ningen l\u00e4ttare och roligare!\",\"breadcrumb\":{\"@id\":\"https:\/\/abilica.com\/sv\/traningsartiklar\/traningstips-for-balans\/#breadcrumb\"},\"inLanguage\":\"sv-SE\",\"potentialAction\":[{\"@type\":\"ReadAction\",\"target\":[\"https:\/\/abilica.com\/sv\/traningsartiklar\/traningstips-for-balans\/\"]}]},{\"@type\":\"BreadcrumbList\",\"@id\":\"https:\/\/abilica.com\/sv\/traningsartiklar\/traningstips-for-balans\/#breadcrumb\",\"itemListElement\":[{\"@type\":\"ListItem\",\"position\":1,\"name\":\"Hem\",\"item\":\"https:\/\/abilica.com\/sv\/\"},{\"@type\":\"ListItem\",\"position\":2,\"name\":\"Tr\u00e4ningsartiklar\",\"item\":\"https:\/\/abilica.com\/sv\/traningsartiklar\/\"},{\"@type\":\"ListItem\",\"position\":3,\"name\":\"Tr\u00e4ningstips f\u00f6r balans\"}]},{\"@type\":\"WebSite\",\"@id\":\"https:\/\/abilica.com\/#website\",\"url\":\"https:\/\/abilica.com\/\",\"name\":\"Abilica\",\"description\":\"Abilica Home Training\",\"potentialAction\":[{\"@type\":\"SearchAction\",\"target\":{\"@type\":\"EntryPoint\",\"urlTemplate\":\"https:\/\/abilica.com\/?s={search_term_string}\"},\"query-input\":{\"@type\":\"PropertyValueSpecification\",\"valueRequired\":true,\"valueName\":\"search_term_string\"}}],\"inLanguage\":\"sv-SE\"}]}<\/script>\n<!-- \/ Yoast SEO Premium plugin. -->","yoast_head_json":{"title":"Tr\u00e4ningstips f\u00f6r balans - Tips till hemmatr\u00e4ningen - Abilica","description":"F\u00e5 tips till hemmatr\u00e4ningen. Artiklar med \u00f6vningar och tips som g\u00f6r hemmatr\u00e4ningen l\u00e4ttare och roligare!","robots":{"index":"index","follow":"follow","max-snippet":"max-snippet:-1","max-image-preview":"max-image-preview:large","max-video-preview":"max-video-preview:-1"},"canonical":"https:\/\/abilica.com\/sv\/traningsartiklar\/traningstips-for-balans\/","og_locale":"sv_SE","og_type":"article","og_title":"Tr\u00e4ningstips f\u00f6r balans","og_description":"F\u00e5 tips till hemmatr\u00e4ningen. Artiklar med \u00f6vningar och tips som g\u00f6r hemmatr\u00e4ningen l\u00e4ttare och roligare!","og_url":"https:\/\/abilica.com\/sv\/traningsartiklar\/traningstips-for-balans\/","og_site_name":"Abilica","article_publisher":"https:\/\/www.facebook.com\/abilicahometraining\/","article_modified_time":"2023-11-06T11:40:45+00:00","twitter_card":"summary_large_image","twitter_misc":{"Ber\u00e4knad l\u00e4stid":"1 minut"},"schema":{"@context":"https:\/\/schema.org","@graph":[{"@type":"WebPage","@id":"https:\/\/abilica.com\/sv\/traningsartiklar\/traningstips-for-balans\/","url":"https:\/\/abilica.com\/sv\/traningsartiklar\/traningstips-for-balans\/","name":"Tr\u00e4ningstips f\u00f6r balans - Tips till hemmatr\u00e4ningen - Abilica","isPartOf":{"@id":"https:\/\/abilica.com\/#website"},"datePublished":"2020-08-25T08:11:25+00:00","dateModified":"2023-11-06T11:40:45+00:00","description":"F\u00e5 tips till hemmatr\u00e4ningen. Artiklar med \u00f6vningar och tips som g\u00f6r hemmatr\u00e4ningen l\u00e4ttare och roligare!","breadcrumb":{"@id":"https:\/\/abilica.com\/sv\/traningsartiklar\/traningstips-for-balans\/#breadcrumb"},"inLanguage":"sv-SE","potentialAction":[{"@type":"ReadAction","target":["https:\/\/abilica.com\/sv\/traningsartiklar\/traningstips-for-balans\/"]}]},{"@type":"BreadcrumbList","@id":"https:\/\/abilica.com\/sv\/traningsartiklar\/traningstips-for-balans\/#breadcrumb","itemListElement":[{"@type":"ListItem","position":1,"name":"Hem","item":"https:\/\/abilica.com\/sv\/"},{"@type":"ListItem","position":2,"name":"Tr\u00e4ningsartiklar","item":"https:\/\/abilica.com\/sv\/traningsartiklar\/"},{"@type":"ListItem","position":3,"name":"Tr\u00e4ningstips f\u00f6r balans"}]},{"@type":"WebSite","@id":"https:\/\/abilica.com\/#website","url":"https:\/\/abilica.com\/","name":"Abilica","description":"Abilica Home Training","potentialAction":[{"@type":"SearchAction","target":{"@type":"EntryPoint","urlTemplate":"https:\/\/abilica.com\/?s={search_term_string}"},"query-input":{"@type":"PropertyValueSpecification","valueRequired":true,"valueName":"search_term_string"}}],"inLanguage":"sv-SE"}]}},"_links":{"self":[{"href":"https:\/\/abilica.com\/sv\/wp-json\/wp\/v2\/pages\/27560","targetHints":{"allow":["GET"]}}],"collection":[{"href":"https:\/\/abilica.com\/sv\/wp-json\/wp\/v2\/pages"}],"about":[{"href":"https:\/\/abilica.com\/sv\/wp-json\/wp\/v2\/types\/page"}],"author":[{"embeddable":true,"href":"https:\/\/abilica.com\/sv\/wp-json\/wp\/v2\/users\/2"}],"replies":[{"embeddable":true,"href":"https:\/\/abilica.com\/sv\/wp-json\/wp\/v2\/comments?post=27560"}],"version-history":[{"count":1,"href":"https:\/\/abilica.com\/sv\/wp-json\/wp\/v2\/pages\/27560\/revisions"}],"predecessor-version":[{"id":66437,"href":"https:\/\/abilica.com\/sv\/wp-json\/wp\/v2\/pages\/27560\/revisions\/66437"}],"up":[{"embeddable":true,"href":"https:\/\/abilica.com\/sv\/wp-json\/wp\/v2\/pages\/27529"}],"wp:attachment":[{"href":"https:\/\/abilica.com\/sv\/wp-json\/wp\/v2\/media?parent=27560"}],"curies":[{"name":"wp","href":"https:\/\/api.w.org\/{rel}","templated":true}]}}