{"id":27600,"date":"2020-08-31T11:34:37","date_gmt":"2020-08-31T10:34:37","guid":{"rendered":"https:\/\/abilica.com\/se\/?page_id=27600"},"modified":"2020-11-04T10:53:05","modified_gmt":"2020-11-04T09:53:05","slug":"kom-i-form-med-boxningstraning","status":"publish","type":"page","link":"https:\/\/abilica.com\/sv\/traningsartiklar\/traningstips-for-boxning\/kom-i-form-med-boxningstraning\/","title":{"rendered":"Kom i form med boxningstr\u00e4ning!"},"content":{"rendered":"<div class=\"wpb-content-wrapper\"><p>[vc_row full_width=&#8221;stretch_row_content_no_spaces&#8221;][vc_column][vc_single_image image=&#8221;27603&#8243; img_size=&#8221;full&#8221; alignment=&#8221;center&#8221;][\/vc_column][\/vc_row][vc_row][vc_column][vc_column_text]<\/p>\n<h2>Kom i form med boxningstr\u00e4ning!<\/h2>\n<p>[\/vc_column_text][vc_column_text]<\/p>\n<p style=\"text-align: justify;\">Boxningstr\u00e4ning \u00e4r en mycket h\u00e5rd och utmanande tr\u00e4ningsform. Tr\u00e4ningen\u00a0\u00e4r mycket m\u00e5ngsidig och du anv\u00e4nder absolut hela kroppen. N\u00e4r du tr\u00e4nar boxning arbetar du med b\u00e5de uth\u00e5llighet, styrka, smidighet och balans. Tr\u00e4ningen\u00a0inneh\u00e5ller ofta intervaller och explosiva \u00f6vningar och har ocks\u00e5 m\u00e5nga likheter med flera av de moment som finns inom den\u00a0popul\u00e4ra crossfittr\u00e4ningen. Det finns flera f\u00f6rdelar med boxningstr\u00e4ning. F\u00f6r det f\u00f6rsta \u00e4r det otroligt bra helkroppstr\u00e4ning. N\u00e4r du boxar tr\u00e4nar du flera\u00a0saker samtidigt och tr\u00e4ningen\u00a0kommer att ge dig snabba resultat.<\/p>\n<p style=\"text-align: justify;\">Boxningstr\u00e4ning kan ocks\u00e5 vara positivt mentalt.\u00a0Du kan f\u00e5 ut en hel del frustration och stress genom genom att sl\u00e5 en p\u00e5\u00a0boxningss\u00e4ck. En f\u00f6rdel med boxning kontra\u00a0styrketr\u00e4ning \u00e4r att boxningstr\u00e4ning \u00e4r s\u00e5 varierat och att det st\u00e4ndigt utmanar din kropp och g\u00f6r dig b\u00e4ttre tr\u00e4nad. Vid vanlig\u00a0styrketr\u00e4ning m\u00e5ste du hela tiden\u00a0\u00f6ka belastningen att f\u00e5 tillr\u00e4ckligt ut av din tr\u00e4ning. Boxningstr\u00e4ning \u00e4r ocks\u00e5 skadef\u00f6rebyggande. Tr\u00e4ningen\u00a0inneh\u00e5ller m\u00e5nga naturliga r\u00f6relser och man belastar inte kroppen mycket\u00a0j\u00e4mf\u00f6rt med annan tr\u00e4ning.<\/p>\n<p style=\"text-align: justify;\"><strong>OLIKA TR\u00c4NINGSMETODER<\/strong><br \/>\nN\u00e4r du\u00a0tr\u00e4nar boxning \u00e4r det ofta tv\u00e5 olika former som du kan anv\u00e4nda. En \u00e4r tr\u00e4ningsformerna \u00e4r motionsboxning och den andra \u00e4r klassisk\u00a0boxning, \u00e4ven kallad sparring. Skillnaden mellan de tv\u00e5 \u00e4r att man faktiskt inte g\u00e5r in i ringen n\u00e4r man tr\u00e4nar\u00a0motionsboxning. Det handlar om att tr\u00e4na din fysiska form\u00a0genom att k\u00f6ra\u00a0varierat\u00a0grundtr\u00e4ning. Detta g\u00f6r du genom olika \u00f6vningar d\u00e4r du anv\u00e4nder hela kroppen, ofta genom\u00a0intervall. Du kan anv\u00e4nda hj\u00e4lpmedel s\u00e5som hopprep, sands\u00e4ck eller medicinboll. Om du tr\u00e4nar klassisk boxning bygger du ocks\u00e5 upp din fysiska form, men du l\u00e4gger ocks\u00e5 p\u00e5 tekniktr\u00e4ning\u00a0som du beh\u00f6ver n\u00e4r du faktiskt kommer att boxa\u00a0mot en annan person. Detta g\u00e4ller fotarbete och slagtr\u00e4ning. Du tr\u00e4nar ocks\u00e5 kombinationer med teknik och fysik. Ofta kan du b\u00f6rja med motionsboxning och sedan g\u00e5 vidare till klassisk boxning om intresset f\u00f6r att l\u00e4ra sig mer om boxningsteknik uppst\u00e5r. Om du tr\u00e4nar klassisk boxning med sparring kan du tr\u00e4na med en v\u00e4n och samtidigt ha roligt p\u00e5 v\u00e4gen!<\/p>\n<p>[\/vc_column_text][\/vc_column][\/vc_row][vc_row][vc_column][vc_single_image image=&#8221;27608&#8243; img_size=&#8221;full&#8221; alignment=&#8221;center&#8221;][\/vc_column][\/vc_row][vc_row full_width=&#8221;stretch_row_content&#8221;][vc_column][vc_empty_space][vc_column_text]<\/p>\n<h1 style=\"text-align: center;\">K\u00f6p din boxningsutrustning nu<\/h1>\n<p>[\/vc_column_text][vc_empty_space][\/vc_column][\/vc_row][vc_row full_width=&#8221;stretch_row_content&#8221;][vc_column][product_category_mixed per_page=&#8221;100&#8243; columns=&#8221;5&#8243; show_product_details=&#8221;true&#8221; category=&#8221;boxning&#8221;][vc_empty_space][\/vc_column][\/vc_row]<\/p>\n<\/div>","protected":false},"excerpt":{"rendered":"<p>[vc_row full_width=&#8221;stretch_row_content_no_spaces&#8221;][vc_column][vc_single_image image=&#8221;27603&#8243; img_size=&#8221;full&#8221; alignment=&#8221;center&#8221;][\/vc_column][\/vc_row][vc_row][vc_column][vc_column_text] Kom i form med boxningstr\u00e4ning! [\/vc_column_text][vc_column_text] Boxningstr\u00e4ning \u00e4r en mycket&#8230;<\/p>\n","protected":false},"author":2,"featured_media":0,"parent":27559,"menu_order":0,"comment_status":"closed","ping_status":"closed","template":"","meta":{"_acf_changed":false,"footnotes":""},"class_list":["post-27600","page","type-page","status-publish","hentry"],"acf":[],"yoast_head":"<!-- This site is optimized with the Yoast SEO Premium plugin v21.1 (Yoast SEO v25.4) - https:\/\/yoast.com\/wordpress\/plugins\/seo\/ -->\n<title>Kom i form med boxningstr\u00e4ning! &#8226; Abilica<\/title>\n<meta name=\"robots\" content=\"index, follow, max-snippet:-1, max-image-preview:large, max-video-preview:-1\" \/>\n<link rel=\"canonical\" href=\"https:\/\/abilica.com\/sv\/traningsartiklar\/traningstips-for-boxning\/kom-i-form-med-boxningstraning\/\" \/>\n<meta property=\"og:locale\" content=\"sv_SE\" \/>\n<meta property=\"og:type\" content=\"article\" \/>\n<meta property=\"og:title\" content=\"Kom i form med boxningstr\u00e4ning!\" \/>\n<meta property=\"og:description\" content=\"[vc_row full_width=&#8221;stretch_row_content_no_spaces&#8221;][vc_column][vc_single_image image=&#8221;27603&#8243; img_size=&#8221;full&#8221; alignment=&#8221;center&#8221;][\/vc_column][\/vc_row][vc_row][vc_column][vc_column_text] Kom i form med boxningstr\u00e4ning! [\/vc_column_text][vc_column_text] Boxningstr\u00e4ning \u00e4r en mycket...\" \/>\n<meta property=\"og:url\" content=\"https:\/\/abilica.com\/sv\/traningsartiklar\/traningstips-for-boxning\/kom-i-form-med-boxningstraning\/\" \/>\n<meta property=\"og:site_name\" content=\"Abilica\" \/>\n<meta property=\"article:publisher\" content=\"https:\/\/www.facebook.com\/abilicahometraining\/\" \/>\n<meta property=\"article:modified_time\" content=\"2020-11-04T09:53:05+00:00\" \/>\n<meta name=\"twitter:card\" content=\"summary_large_image\" \/>\n<meta name=\"twitter:label1\" content=\"Ber\u00e4knad l\u00e4stid\" \/>\n\t<meta name=\"twitter:data1\" content=\"3 minuter\" \/>\n<script type=\"application\/ld+json\" class=\"yoast-schema-graph\">{\"@context\":\"https:\/\/schema.org\",\"@graph\":[{\"@type\":\"WebPage\",\"@id\":\"https:\/\/abilica.com\/sv\/traningsartiklar\/traningstips-for-boxning\/kom-i-form-med-boxningstraning\/\",\"url\":\"https:\/\/abilica.com\/sv\/traningsartiklar\/traningstips-for-boxning\/kom-i-form-med-boxningstraning\/\",\"name\":\"Kom i form med boxningstr\u00e4ning! &#8226; Abilica\",\"isPartOf\":{\"@id\":\"https:\/\/abilica.com\/#website\"},\"datePublished\":\"2020-08-31T10:34:37+00:00\",\"dateModified\":\"2020-11-04T09:53:05+00:00\",\"breadcrumb\":{\"@id\":\"https:\/\/abilica.com\/sv\/traningsartiklar\/traningstips-for-boxning\/kom-i-form-med-boxningstraning\/#breadcrumb\"},\"inLanguage\":\"sv-SE\",\"potentialAction\":[{\"@type\":\"ReadAction\",\"target\":[\"https:\/\/abilica.com\/sv\/traningsartiklar\/traningstips-for-boxning\/kom-i-form-med-boxningstraning\/\"]}]},{\"@type\":\"BreadcrumbList\",\"@id\":\"https:\/\/abilica.com\/sv\/traningsartiklar\/traningstips-for-boxning\/kom-i-form-med-boxningstraning\/#breadcrumb\",\"itemListElement\":[{\"@type\":\"ListItem\",\"position\":1,\"name\":\"Hem\",\"item\":\"https:\/\/abilica.com\/sv\/\"},{\"@type\":\"ListItem\",\"position\":2,\"name\":\"Tr\u00e4ningsartiklar\",\"item\":\"https:\/\/abilica.com\/sv\/traningsartiklar\/\"},{\"@type\":\"ListItem\",\"position\":3,\"name\":\"Tr\u00e4ningstips f\u00f6r boxning\",\"item\":\"https:\/\/abilica.com\/sv\/traningsartiklar\/traningstips-for-boxning\/\"},{\"@type\":\"ListItem\",\"position\":4,\"name\":\"Kom i form med boxningstr\u00e4ning!\"}]},{\"@type\":\"WebSite\",\"@id\":\"https:\/\/abilica.com\/#website\",\"url\":\"https:\/\/abilica.com\/\",\"name\":\"Abilica\",\"description\":\"Abilica Home Training\",\"potentialAction\":[{\"@type\":\"SearchAction\",\"target\":{\"@type\":\"EntryPoint\",\"urlTemplate\":\"https:\/\/abilica.com\/?s={search_term_string}\"},\"query-input\":{\"@type\":\"PropertyValueSpecification\",\"valueRequired\":true,\"valueName\":\"search_term_string\"}}],\"inLanguage\":\"sv-SE\"}]}<\/script>\n<!-- \/ Yoast SEO Premium plugin. -->","yoast_head_json":{"title":"Kom i form med boxningstr\u00e4ning! &#8226; Abilica","robots":{"index":"index","follow":"follow","max-snippet":"max-snippet:-1","max-image-preview":"max-image-preview:large","max-video-preview":"max-video-preview:-1"},"canonical":"https:\/\/abilica.com\/sv\/traningsartiklar\/traningstips-for-boxning\/kom-i-form-med-boxningstraning\/","og_locale":"sv_SE","og_type":"article","og_title":"Kom i form med boxningstr\u00e4ning!","og_description":"[vc_row full_width=&#8221;stretch_row_content_no_spaces&#8221;][vc_column][vc_single_image image=&#8221;27603&#8243; img_size=&#8221;full&#8221; alignment=&#8221;center&#8221;][\/vc_column][\/vc_row][vc_row][vc_column][vc_column_text] Kom i form med boxningstr\u00e4ning! [\/vc_column_text][vc_column_text] Boxningstr\u00e4ning \u00e4r en mycket...","og_url":"https:\/\/abilica.com\/sv\/traningsartiklar\/traningstips-for-boxning\/kom-i-form-med-boxningstraning\/","og_site_name":"Abilica","article_publisher":"https:\/\/www.facebook.com\/abilicahometraining\/","article_modified_time":"2020-11-04T09:53:05+00:00","twitter_card":"summary_large_image","twitter_misc":{"Ber\u00e4knad l\u00e4stid":"3 minuter"},"schema":{"@context":"https:\/\/schema.org","@graph":[{"@type":"WebPage","@id":"https:\/\/abilica.com\/sv\/traningsartiklar\/traningstips-for-boxning\/kom-i-form-med-boxningstraning\/","url":"https:\/\/abilica.com\/sv\/traningsartiklar\/traningstips-for-boxning\/kom-i-form-med-boxningstraning\/","name":"Kom i form med boxningstr\u00e4ning! &#8226; Abilica","isPartOf":{"@id":"https:\/\/abilica.com\/#website"},"datePublished":"2020-08-31T10:34:37+00:00","dateModified":"2020-11-04T09:53:05+00:00","breadcrumb":{"@id":"https:\/\/abilica.com\/sv\/traningsartiklar\/traningstips-for-boxning\/kom-i-form-med-boxningstraning\/#breadcrumb"},"inLanguage":"sv-SE","potentialAction":[{"@type":"ReadAction","target":["https:\/\/abilica.com\/sv\/traningsartiklar\/traningstips-for-boxning\/kom-i-form-med-boxningstraning\/"]}]},{"@type":"BreadcrumbList","@id":"https:\/\/abilica.com\/sv\/traningsartiklar\/traningstips-for-boxning\/kom-i-form-med-boxningstraning\/#breadcrumb","itemListElement":[{"@type":"ListItem","position":1,"name":"Hem","item":"https:\/\/abilica.com\/sv\/"},{"@type":"ListItem","position":2,"name":"Tr\u00e4ningsartiklar","item":"https:\/\/abilica.com\/sv\/traningsartiklar\/"},{"@type":"ListItem","position":3,"name":"Tr\u00e4ningstips f\u00f6r boxning","item":"https:\/\/abilica.com\/sv\/traningsartiklar\/traningstips-for-boxning\/"},{"@type":"ListItem","position":4,"name":"Kom i form med boxningstr\u00e4ning!"}]},{"@type":"WebSite","@id":"https:\/\/abilica.com\/#website","url":"https:\/\/abilica.com\/","name":"Abilica","description":"Abilica Home Training","potentialAction":[{"@type":"SearchAction","target":{"@type":"EntryPoint","urlTemplate":"https:\/\/abilica.com\/?s={search_term_string}"},"query-input":{"@type":"PropertyValueSpecification","valueRequired":true,"valueName":"search_term_string"}}],"inLanguage":"sv-SE"}]}},"_links":{"self":[{"href":"https:\/\/abilica.com\/sv\/wp-json\/wp\/v2\/pages\/27600","targetHints":{"allow":["GET"]}}],"collection":[{"href":"https:\/\/abilica.com\/sv\/wp-json\/wp\/v2\/pages"}],"about":[{"href":"https:\/\/abilica.com\/sv\/wp-json\/wp\/v2\/types\/page"}],"author":[{"embeddable":true,"href":"https:\/\/abilica.com\/sv\/wp-json\/wp\/v2\/users\/2"}],"replies":[{"embeddable":true,"href":"https:\/\/abilica.com\/sv\/wp-json\/wp\/v2\/comments?post=27600"}],"version-history":[{"count":0,"href":"https:\/\/abilica.com\/sv\/wp-json\/wp\/v2\/pages\/27600\/revisions"}],"up":[{"embeddable":true,"href":"https:\/\/abilica.com\/sv\/wp-json\/wp\/v2\/pages\/27559"}],"wp:attachment":[{"href":"https:\/\/abilica.com\/sv\/wp-json\/wp\/v2\/media?parent=27600"}],"curies":[{"name":"wp","href":"https:\/\/api.w.org\/{rel}","templated":true}]}}