{"id":27631,"date":"2020-08-31T12:12:34","date_gmt":"2020-08-31T11:12:34","guid":{"rendered":"https:\/\/abilica.com\/se\/?page_id=27631"},"modified":"2023-11-06T12:41:19","modified_gmt":"2023-11-06T11:41:19","slug":"trana-balans-pa-balansbrada","status":"publish","type":"page","link":"https:\/\/abilica.com\/sv\/traningsartiklar\/traningstips-for-balans\/trana-balans-pa-balansbrada\/","title":{"rendered":"Tr\u00e4na balans p\u00e5 balansbr\u00e4da"},"content":{"rendered":"<div class=\"wpb-content-wrapper\"><p>[vc_row full_width=&#8221;stretch_row_content_no_spaces&#8221;][vc_column][vc_single_image image=&#8221;27636&#8243; img_size=&#8221;full&#8221; alignment=&#8221;center&#8221;][\/vc_column][\/vc_row][vc_row][vc_column][vc_column_text]<\/p>\n<h2>Tr\u00e4na balans p\u00e5 balansbr\u00e4da<\/h2>\n<p>[\/vc_column_text][vc_column_text]<\/p>\n<p style=\"text-align: justify;\">En bra balans \u00e4r viktigt f\u00f6r de flesta m\u00e4nniskor, vare sig om det \u00e4r i vardagen eller inom tr\u00e4ning. Tr\u00e4nar du balans regelbundet minskar risken f\u00f6r skador eftersom det f\u00f6rst\u00e4rker och stabiliserar lederna och g\u00f6ra dina r\u00f6relser mer effektiva. Den fr\u00e4msta anledningen till det \u00e4r viktigt med balanstr\u00e4ning \u00e4r att balansen\u00a0\u00e4r viktigt f\u00f6r alla typer av r\u00f6relser du g\u00f6r under dagen. Vare sig det \u00e4r att g\u00e5 upp ur soffan eller g\u00e5 i trappor s\u00e5 kommer din\u00a0balans\u00a0att p\u00e5verka hur du r\u00f6r dig. Balansen p\u00e5verkar kroppsh\u00e5llningen, k\u00e4rnan, koordinationen, kroppskontrollen och din tr\u00e4ningseffekt eller prestation. En f\u00f6rdel med balanstr\u00e4ning \u00e4r att det kan f\u00f6rhindra skador. \u00c4r du s\u00e5 olycklig att du redan har f\u00e5tt en skada \u00e4r balanstr\u00e4ning en viktig del i rehabiliteringsfasen. \u00c4ven om det kanske inte \u00e4r den mest sp\u00e4nnande tr\u00e4ningen du kan g\u00f6ra \u00e4r den viktig och du beh\u00f6ver inte anv\u00e4nda s\u00e5 mycket tid p\u00e5 det heller. Det h\u00e5ller med en 10-minuters session tv\u00e5 till tre g\u00e5nger i veckan. Din\u00a0syn \u00e4r ocks\u00e5 en viktig faktor inom balans. K\u00e4nner du att \u00f6vningarna \u00e4r f\u00f6r enkla\u00a0kan du till exempel blunda f\u00f6r en mer utmanande uppgift. Du kan ocks\u00e5 skapa sv\u00e5rare \u00f6vningar genom\u00a0att byta underlag.<\/p>\n<p>[\/vc_column_text][\/vc_column][\/vc_row][vc_row][vc_column][vc_single_image image=&#8221;27635&#8243; img_size=&#8221;full&#8221; alignment=&#8221;center&#8221;][\/vc_column][\/vc_row][vc_row][vc_column][vc_single_image image=&#8221;27633&#8243; img_size=&#8221;full&#8221; alignment=&#8221;center&#8221;][\/vc_column][\/vc_row]<\/p>\n<\/div>","protected":false},"excerpt":{"rendered":"<p>[vc_row full_width=&#8221;stretch_row_content_no_spaces&#8221;][vc_column][vc_single_image image=&#8221;27636&#8243; img_size=&#8221;full&#8221; alignment=&#8221;center&#8221;][\/vc_column][\/vc_row][vc_row][vc_column][vc_column_text] Tr\u00e4na balans p\u00e5 balansbr\u00e4da [\/vc_column_text][vc_column_text] En bra balans \u00e4r viktigt&#8230;<\/p>\n","protected":false},"author":2,"featured_media":0,"parent":27560,"menu_order":0,"comment_status":"closed","ping_status":"closed","template":"","meta":{"_acf_changed":false,"footnotes":""},"class_list":["post-27631","page","type-page","status-publish","hentry"],"acf":[],"yoast_head":"<!-- This site is optimized with the Yoast SEO Premium plugin v21.1 (Yoast SEO v25.4) - https:\/\/yoast.com\/wordpress\/plugins\/seo\/ -->\n<title>Tr\u00e4na balans p\u00e5 balansbr\u00e4da &#8226; Abilica<\/title>\n<meta name=\"robots\" content=\"index, follow, max-snippet:-1, max-image-preview:large, max-video-preview:-1\" \/>\n<link rel=\"canonical\" href=\"https:\/\/abilica.com\/sv\/traningsartiklar\/traningstips-for-balans\/trana-balans-pa-balansbrada\/\" \/>\n<meta property=\"og:locale\" content=\"sv_SE\" \/>\n<meta property=\"og:type\" content=\"article\" \/>\n<meta property=\"og:title\" content=\"Tr\u00e4na balans p\u00e5 balansbr\u00e4da\" \/>\n<meta property=\"og:description\" content=\"[vc_row full_width=&#8221;stretch_row_content_no_spaces&#8221;][vc_column][vc_single_image image=&#8221;27636&#8243; img_size=&#8221;full&#8221; alignment=&#8221;center&#8221;][\/vc_column][\/vc_row][vc_row][vc_column][vc_column_text] Tr\u00e4na balans p\u00e5 balansbr\u00e4da [\/vc_column_text][vc_column_text] En bra balans \u00e4r viktigt...\" \/>\n<meta property=\"og:url\" content=\"https:\/\/abilica.com\/sv\/traningsartiklar\/traningstips-for-balans\/trana-balans-pa-balansbrada\/\" \/>\n<meta property=\"og:site_name\" content=\"Abilica\" \/>\n<meta property=\"article:publisher\" content=\"https:\/\/www.facebook.com\/abilicahometraining\/\" \/>\n<meta property=\"article:modified_time\" content=\"2023-11-06T11:41:19+00:00\" \/>\n<meta name=\"twitter:card\" content=\"summary_large_image\" \/>\n<meta name=\"twitter:label1\" content=\"Ber\u00e4knad l\u00e4stid\" \/>\n\t<meta name=\"twitter:data1\" content=\"2 minuter\" \/>\n<script type=\"application\/ld+json\" class=\"yoast-schema-graph\">{\"@context\":\"https:\/\/schema.org\",\"@graph\":[{\"@type\":\"WebPage\",\"@id\":\"https:\/\/abilica.com\/sv\/traningsartiklar\/traningstips-for-balans\/trana-balans-pa-balansbrada\/\",\"url\":\"https:\/\/abilica.com\/sv\/traningsartiklar\/traningstips-for-balans\/trana-balans-pa-balansbrada\/\",\"name\":\"Tr\u00e4na balans p\u00e5 balansbr\u00e4da &#8226; Abilica\",\"isPartOf\":{\"@id\":\"https:\/\/abilica.com\/#website\"},\"datePublished\":\"2020-08-31T11:12:34+00:00\",\"dateModified\":\"2023-11-06T11:41:19+00:00\",\"breadcrumb\":{\"@id\":\"https:\/\/abilica.com\/sv\/traningsartiklar\/traningstips-for-balans\/trana-balans-pa-balansbrada\/#breadcrumb\"},\"inLanguage\":\"sv-SE\",\"potentialAction\":[{\"@type\":\"ReadAction\",\"target\":[\"https:\/\/abilica.com\/sv\/traningsartiklar\/traningstips-for-balans\/trana-balans-pa-balansbrada\/\"]}]},{\"@type\":\"BreadcrumbList\",\"@id\":\"https:\/\/abilica.com\/sv\/traningsartiklar\/traningstips-for-balans\/trana-balans-pa-balansbrada\/#breadcrumb\",\"itemListElement\":[{\"@type\":\"ListItem\",\"position\":1,\"name\":\"Hem\",\"item\":\"https:\/\/abilica.com\/sv\/\"},{\"@type\":\"ListItem\",\"position\":2,\"name\":\"Tr\u00e4ningsartiklar\",\"item\":\"https:\/\/abilica.com\/sv\/traningsartiklar\/\"},{\"@type\":\"ListItem\",\"position\":3,\"name\":\"Tr\u00e4ningstips f\u00f6r balans\",\"item\":\"https:\/\/abilica.com\/sv\/traningsartiklar\/traningstips-for-balans\/\"},{\"@type\":\"ListItem\",\"position\":4,\"name\":\"Tr\u00e4na balans p\u00e5 balansbr\u00e4da\"}]},{\"@type\":\"WebSite\",\"@id\":\"https:\/\/abilica.com\/#website\",\"url\":\"https:\/\/abilica.com\/\",\"name\":\"Abilica\",\"description\":\"Abilica Home Training\",\"potentialAction\":[{\"@type\":\"SearchAction\",\"target\":{\"@type\":\"EntryPoint\",\"urlTemplate\":\"https:\/\/abilica.com\/?s={search_term_string}\"},\"query-input\":{\"@type\":\"PropertyValueSpecification\",\"valueRequired\":true,\"valueName\":\"search_term_string\"}}],\"inLanguage\":\"sv-SE\"}]}<\/script>\n<!-- \/ Yoast SEO Premium plugin. -->","yoast_head_json":{"title":"Tr\u00e4na balans p\u00e5 balansbr\u00e4da &#8226; Abilica","robots":{"index":"index","follow":"follow","max-snippet":"max-snippet:-1","max-image-preview":"max-image-preview:large","max-video-preview":"max-video-preview:-1"},"canonical":"https:\/\/abilica.com\/sv\/traningsartiklar\/traningstips-for-balans\/trana-balans-pa-balansbrada\/","og_locale":"sv_SE","og_type":"article","og_title":"Tr\u00e4na balans p\u00e5 balansbr\u00e4da","og_description":"[vc_row full_width=&#8221;stretch_row_content_no_spaces&#8221;][vc_column][vc_single_image image=&#8221;27636&#8243; img_size=&#8221;full&#8221; alignment=&#8221;center&#8221;][\/vc_column][\/vc_row][vc_row][vc_column][vc_column_text] Tr\u00e4na balans p\u00e5 balansbr\u00e4da [\/vc_column_text][vc_column_text] En bra balans \u00e4r viktigt...","og_url":"https:\/\/abilica.com\/sv\/traningsartiklar\/traningstips-for-balans\/trana-balans-pa-balansbrada\/","og_site_name":"Abilica","article_publisher":"https:\/\/www.facebook.com\/abilicahometraining\/","article_modified_time":"2023-11-06T11:41:19+00:00","twitter_card":"summary_large_image","twitter_misc":{"Ber\u00e4knad l\u00e4stid":"2 minuter"},"schema":{"@context":"https:\/\/schema.org","@graph":[{"@type":"WebPage","@id":"https:\/\/abilica.com\/sv\/traningsartiklar\/traningstips-for-balans\/trana-balans-pa-balansbrada\/","url":"https:\/\/abilica.com\/sv\/traningsartiklar\/traningstips-for-balans\/trana-balans-pa-balansbrada\/","name":"Tr\u00e4na balans p\u00e5 balansbr\u00e4da &#8226; Abilica","isPartOf":{"@id":"https:\/\/abilica.com\/#website"},"datePublished":"2020-08-31T11:12:34+00:00","dateModified":"2023-11-06T11:41:19+00:00","breadcrumb":{"@id":"https:\/\/abilica.com\/sv\/traningsartiklar\/traningstips-for-balans\/trana-balans-pa-balansbrada\/#breadcrumb"},"inLanguage":"sv-SE","potentialAction":[{"@type":"ReadAction","target":["https:\/\/abilica.com\/sv\/traningsartiklar\/traningstips-for-balans\/trana-balans-pa-balansbrada\/"]}]},{"@type":"BreadcrumbList","@id":"https:\/\/abilica.com\/sv\/traningsartiklar\/traningstips-for-balans\/trana-balans-pa-balansbrada\/#breadcrumb","itemListElement":[{"@type":"ListItem","position":1,"name":"Hem","item":"https:\/\/abilica.com\/sv\/"},{"@type":"ListItem","position":2,"name":"Tr\u00e4ningsartiklar","item":"https:\/\/abilica.com\/sv\/traningsartiklar\/"},{"@type":"ListItem","position":3,"name":"Tr\u00e4ningstips f\u00f6r balans","item":"https:\/\/abilica.com\/sv\/traningsartiklar\/traningstips-for-balans\/"},{"@type":"ListItem","position":4,"name":"Tr\u00e4na balans p\u00e5 balansbr\u00e4da"}]},{"@type":"WebSite","@id":"https:\/\/abilica.com\/#website","url":"https:\/\/abilica.com\/","name":"Abilica","description":"Abilica Home Training","potentialAction":[{"@type":"SearchAction","target":{"@type":"EntryPoint","urlTemplate":"https:\/\/abilica.com\/?s={search_term_string}"},"query-input":{"@type":"PropertyValueSpecification","valueRequired":true,"valueName":"search_term_string"}}],"inLanguage":"sv-SE"}]}},"_links":{"self":[{"href":"https:\/\/abilica.com\/sv\/wp-json\/wp\/v2\/pages\/27631","targetHints":{"allow":["GET"]}}],"collection":[{"href":"https:\/\/abilica.com\/sv\/wp-json\/wp\/v2\/pages"}],"about":[{"href":"https:\/\/abilica.com\/sv\/wp-json\/wp\/v2\/types\/page"}],"author":[{"embeddable":true,"href":"https:\/\/abilica.com\/sv\/wp-json\/wp\/v2\/users\/2"}],"replies":[{"embeddable":true,"href":"https:\/\/abilica.com\/sv\/wp-json\/wp\/v2\/comments?post=27631"}],"version-history":[{"count":1,"href":"https:\/\/abilica.com\/sv\/wp-json\/wp\/v2\/pages\/27631\/revisions"}],"predecessor-version":[{"id":66438,"href":"https:\/\/abilica.com\/sv\/wp-json\/wp\/v2\/pages\/27631\/revisions\/66438"}],"up":[{"embeddable":true,"href":"https:\/\/abilica.com\/sv\/wp-json\/wp\/v2\/pages\/27560"}],"wp:attachment":[{"href":"https:\/\/abilica.com\/sv\/wp-json\/wp\/v2\/media?parent=27631"}],"curies":[{"name":"wp","href":"https:\/\/api.w.org\/{rel}","templated":true}]}}