{"id":27765,"date":"2020-09-28T14:07:42","date_gmt":"2020-09-28T13:07:42","guid":{"rendered":"https:\/\/abilica.com\/se\/?page_id=27765"},"modified":"2020-09-28T14:12:04","modified_gmt":"2020-09-28T13:12:04","slug":"for-world-champions-and-for-you-2","status":"publish","type":"page","link":"https:\/\/abilica.com\/sv\/for-world-champions-and-for-you-2\/","title":{"rendered":"H\u00f6sttr\u00e4ning med Abilica"},"content":{"rendered":"<div class=\"wpb-content-wrapper\"><p>[vc_row full_width=&#8221;stretch_row_content&#8221; full_height=&#8221;yes&#8221; columns_placement=&#8221;bottom&#8221; content_placement=&#8221;bottom&#8221; css=&#8221;.vc_custom_1601298459646{background: #e0d7c5 url(https:\/\/abilica.com\/se\/wp-content\/uploads\/2020\/09\/abilica-oktober.jpg?id=27766) !important;background-position: center !important;background-repeat: no-repeat !important;background-size: cover !important;}&#8221;][vc_column css=&#8221;.vc_custom_1481535811428{padding-right: 0px !important;padding-left: 0px !important;}&#8221;][vc_single_image image=&#8221;25971&#8243; img_size=&#8221;medium&#8221; alignment=&#8221;center&#8221; onclick=&#8221;custom_link&#8221; link=&#8221;https:\/\/abilica.com\/se\/training\/&#8221;][vc_empty_space height=&#8221;100px&#8221;][\/vc_column][\/vc_row]<\/p>\n<\/div>","protected":false},"excerpt":{"rendered":"<p>[vc_row full_width=&#8221;stretch_row_content&#8221; full_height=&#8221;yes&#8221; columns_placement=&#8221;bottom&#8221; content_placement=&#8221;bottom&#8221; css=&#8221;.vc_custom_1601298459646{background: #e0d7c5 url(https:\/\/abilica.com\/se\/wp-content\/uploads\/2020\/09\/abilica-oktober.jpg?id=27766) !important;background-position: center !important;background-repeat: no-repeat !important;background-size: cover !important;}&#8221;][vc_column&#8230;<\/p>\n","protected":false},"author":2,"featured_media":0,"parent":0,"menu_order":0,"comment_status":"closed","ping_status":"closed","template":"","meta":{"_acf_changed":false,"footnotes":""},"class_list":["post-27765","page","type-page","status-publish","hentry"],"acf":[],"yoast_head":"<!-- This site is optimized with the Yoast SEO Premium plugin v21.1 (Yoast SEO v25.4) - https:\/\/yoast.com\/wordpress\/plugins\/seo\/ -->\n<title>H\u00f6sttr\u00e4ning med Abilica &#8226; Abilica<\/title>\n<meta name=\"description\" content=\"Nu \u00e4r h\u00f6sten h\u00e4r, men m\u00f6jligheterna f\u00f6r att tr\u00e4na utomhus finns fortfarande d\u00e4r. Abilica har perfekta produkter f\u00f6r att ta med sig ut om man vill k\u00f6ra ett riktigt bra cirkelpass. M\u00e5nga av produkterna \u00e4r l\u00e4tta att ta med sig och tar inte mycket utrymme i till exempel bilen.\" \/>\n<meta name=\"robots\" content=\"index, follow, max-snippet:-1, max-image-preview:large, max-video-preview:-1\" \/>\n<link rel=\"canonical\" href=\"https:\/\/abilica.com\/sv\/for-world-champions-and-for-you-2\/\" \/>\n<meta property=\"og:locale\" content=\"sv_SE\" \/>\n<meta property=\"og:type\" content=\"article\" \/>\n<meta property=\"og:title\" content=\"H\u00f6sttr\u00e4ning med Abilica\" \/>\n<meta property=\"og:description\" content=\"Nu \u00e4r h\u00f6sten h\u00e4r, men m\u00f6jligheterna f\u00f6r att tr\u00e4na utomhus finns fortfarande d\u00e4r. Abilica har perfekta produkter f\u00f6r att ta med sig ut om man vill k\u00f6ra ett riktigt bra cirkelpass. M\u00e5nga av produkterna \u00e4r l\u00e4tta att ta med sig och tar inte mycket utrymme i till exempel bilen.\" \/>\n<meta property=\"og:url\" content=\"https:\/\/abilica.com\/sv\/for-world-champions-and-for-you-2\/\" \/>\n<meta property=\"og:site_name\" content=\"Abilica\" \/>\n<meta property=\"article:publisher\" content=\"https:\/\/www.facebook.com\/abilicahometraining\/\" \/>\n<meta property=\"article:modified_time\" content=\"2020-09-28T13:12:04+00:00\" \/>\n<meta name=\"twitter:card\" content=\"summary_large_image\" \/>\n<script type=\"application\/ld+json\" class=\"yoast-schema-graph\">{\"@context\":\"https:\/\/schema.org\",\"@graph\":[{\"@type\":\"WebPage\",\"@id\":\"https:\/\/abilica.com\/sv\/for-world-champions-and-for-you-2\/\",\"url\":\"https:\/\/abilica.com\/sv\/for-world-champions-and-for-you-2\/\",\"name\":\"H\u00f6sttr\u00e4ning med Abilica &#8226; Abilica\",\"isPartOf\":{\"@id\":\"https:\/\/abilica.com\/#website\"},\"datePublished\":\"2020-09-28T13:07:42+00:00\",\"dateModified\":\"2020-09-28T13:12:04+00:00\",\"description\":\"Nu \u00e4r h\u00f6sten h\u00e4r, men m\u00f6jligheterna f\u00f6r att tr\u00e4na utomhus finns fortfarande d\u00e4r. Abilica har perfekta produkter f\u00f6r att ta med sig ut om man vill k\u00f6ra ett riktigt bra cirkelpass. M\u00e5nga av produkterna \u00e4r l\u00e4tta att ta med sig och tar inte mycket utrymme i till exempel bilen.\",\"breadcrumb\":{\"@id\":\"https:\/\/abilica.com\/sv\/for-world-champions-and-for-you-2\/#breadcrumb\"},\"inLanguage\":\"sv-SE\",\"potentialAction\":[{\"@type\":\"ReadAction\",\"target\":[\"https:\/\/abilica.com\/sv\/for-world-champions-and-for-you-2\/\"]}]},{\"@type\":\"BreadcrumbList\",\"@id\":\"https:\/\/abilica.com\/sv\/for-world-champions-and-for-you-2\/#breadcrumb\",\"itemListElement\":[{\"@type\":\"ListItem\",\"position\":1,\"name\":\"Hem\",\"item\":\"https:\/\/abilica.com\/sv\/\"},{\"@type\":\"ListItem\",\"position\":2,\"name\":\"H\u00f6sttr\u00e4ning med Abilica\"}]},{\"@type\":\"WebSite\",\"@id\":\"https:\/\/abilica.com\/#website\",\"url\":\"https:\/\/abilica.com\/\",\"name\":\"Abilica\",\"description\":\"Abilica Home Training\",\"potentialAction\":[{\"@type\":\"SearchAction\",\"target\":{\"@type\":\"EntryPoint\",\"urlTemplate\":\"https:\/\/abilica.com\/?s={search_term_string}\"},\"query-input\":{\"@type\":\"PropertyValueSpecification\",\"valueRequired\":true,\"valueName\":\"search_term_string\"}}],\"inLanguage\":\"sv-SE\"}]}<\/script>\n<!-- \/ Yoast SEO Premium plugin. -->","yoast_head_json":{"title":"H\u00f6sttr\u00e4ning med Abilica &#8226; Abilica","description":"Nu \u00e4r h\u00f6sten h\u00e4r, men m\u00f6jligheterna f\u00f6r att tr\u00e4na utomhus finns fortfarande d\u00e4r. Abilica har perfekta produkter f\u00f6r att ta med sig ut om man vill k\u00f6ra ett riktigt bra cirkelpass. M\u00e5nga av produkterna \u00e4r l\u00e4tta att ta med sig och tar inte mycket utrymme i till exempel bilen.","robots":{"index":"index","follow":"follow","max-snippet":"max-snippet:-1","max-image-preview":"max-image-preview:large","max-video-preview":"max-video-preview:-1"},"canonical":"https:\/\/abilica.com\/sv\/for-world-champions-and-for-you-2\/","og_locale":"sv_SE","og_type":"article","og_title":"H\u00f6sttr\u00e4ning med Abilica","og_description":"Nu \u00e4r h\u00f6sten h\u00e4r, men m\u00f6jligheterna f\u00f6r att tr\u00e4na utomhus finns fortfarande d\u00e4r. Abilica har perfekta produkter f\u00f6r att ta med sig ut om man vill k\u00f6ra ett riktigt bra cirkelpass. M\u00e5nga av produkterna \u00e4r l\u00e4tta att ta med sig och tar inte mycket utrymme i till exempel bilen.","og_url":"https:\/\/abilica.com\/sv\/for-world-champions-and-for-you-2\/","og_site_name":"Abilica","article_publisher":"https:\/\/www.facebook.com\/abilicahometraining\/","article_modified_time":"2020-09-28T13:12:04+00:00","twitter_card":"summary_large_image","schema":{"@context":"https:\/\/schema.org","@graph":[{"@type":"WebPage","@id":"https:\/\/abilica.com\/sv\/for-world-champions-and-for-you-2\/","url":"https:\/\/abilica.com\/sv\/for-world-champions-and-for-you-2\/","name":"H\u00f6sttr\u00e4ning med Abilica &#8226; Abilica","isPartOf":{"@id":"https:\/\/abilica.com\/#website"},"datePublished":"2020-09-28T13:07:42+00:00","dateModified":"2020-09-28T13:12:04+00:00","description":"Nu \u00e4r h\u00f6sten h\u00e4r, men m\u00f6jligheterna f\u00f6r att tr\u00e4na utomhus finns fortfarande d\u00e4r. Abilica har perfekta produkter f\u00f6r att ta med sig ut om man vill k\u00f6ra ett riktigt bra cirkelpass. M\u00e5nga av produkterna \u00e4r l\u00e4tta att ta med sig och tar inte mycket utrymme i till exempel bilen.","breadcrumb":{"@id":"https:\/\/abilica.com\/sv\/for-world-champions-and-for-you-2\/#breadcrumb"},"inLanguage":"sv-SE","potentialAction":[{"@type":"ReadAction","target":["https:\/\/abilica.com\/sv\/for-world-champions-and-for-you-2\/"]}]},{"@type":"BreadcrumbList","@id":"https:\/\/abilica.com\/sv\/for-world-champions-and-for-you-2\/#breadcrumb","itemListElement":[{"@type":"ListItem","position":1,"name":"Hem","item":"https:\/\/abilica.com\/sv\/"},{"@type":"ListItem","position":2,"name":"H\u00f6sttr\u00e4ning med Abilica"}]},{"@type":"WebSite","@id":"https:\/\/abilica.com\/#website","url":"https:\/\/abilica.com\/","name":"Abilica","description":"Abilica Home Training","potentialAction":[{"@type":"SearchAction","target":{"@type":"EntryPoint","urlTemplate":"https:\/\/abilica.com\/?s={search_term_string}"},"query-input":{"@type":"PropertyValueSpecification","valueRequired":true,"valueName":"search_term_string"}}],"inLanguage":"sv-SE"}]}},"_links":{"self":[{"href":"https:\/\/abilica.com\/sv\/wp-json\/wp\/v2\/pages\/27765","targetHints":{"allow":["GET"]}}],"collection":[{"href":"https:\/\/abilica.com\/sv\/wp-json\/wp\/v2\/pages"}],"about":[{"href":"https:\/\/abilica.com\/sv\/wp-json\/wp\/v2\/types\/page"}],"author":[{"embeddable":true,"href":"https:\/\/abilica.com\/sv\/wp-json\/wp\/v2\/users\/2"}],"replies":[{"embeddable":true,"href":"https:\/\/abilica.com\/sv\/wp-json\/wp\/v2\/comments?post=27765"}],"version-history":[{"count":0,"href":"https:\/\/abilica.com\/sv\/wp-json\/wp\/v2\/pages\/27765\/revisions"}],"wp:attachment":[{"href":"https:\/\/abilica.com\/sv\/wp-json\/wp\/v2\/media?parent=27765"}],"curies":[{"name":"wp","href":"https:\/\/api.w.org\/{rel}","templated":true}]}}