{"id":29513,"date":"2021-02-02T12:20:44","date_gmt":"2021-02-02T11:20:44","guid":{"rendered":"https:\/\/abilica.com\/se\/?page_id=29513"},"modified":"2023-11-06T12:42:23","modified_gmt":"2023-11-06T11:42:23","slug":"trana-bort-smartan","status":"publish","type":"page","link":"https:\/\/abilica.com\/sv\/traningsartiklar\/traningstips-for-restitution\/trana-bort-smartan\/","title":{"rendered":"Tr\u00e4na bort sm\u00e4rtan"},"content":{"rendered":"<div class=\"wpb-content-wrapper\"><p>[vc_row full_width=&#8221;stretch_row_content_no_spaces&#8221;][vc_column][vc_single_image image=&#8221;29515&#8243; img_size=&#8221;full&#8221; alignment=&#8221;center&#8221;][\/vc_column][\/vc_row][vc_row][vc_column][vc_column_text]<\/p>\n<h2>Tr\u00e4na bort sm\u00e4rtan<\/h2>\n<p>[\/vc_column_text][vc_column_text]<\/p>\n<p style=\"text-align: justify;\">Forskning visar att mer \u00e4n 80 % av oss kommer att drabbas av muskel- och skelettsm\u00e4rta en eller flera g\u00e5nger i livet. Det g\u00f6r ont och det f\u00f6rs\u00e4mrar livskvaliteten. S\u00e5 se till att det inte drabbar dig!\u00a0Speciellt dom som gillar att springa \u00e4r i riskzonen f\u00f6r skador p\u00e5 v\u00e5ren. Efter en l\u00e5ng vinter med annan tr\u00e4ning och aktivitet, \u00e4r det l\u00e4tt att bli f\u00f6r ivrig n\u00e4r sn\u00f6n f\u00f6rsvinner och man hittar fram l\u00f6parskorna. M\u00e5nga ser fram emot att springa och b\u00f6rjar d\u00e4rf\u00f6r alltf\u00f6r h\u00e5rt och f\u00e5r skador i kn\u00e4n, fotleder och ben. D\u00e4rf\u00f6r \u00e4r det okej att ta det lugnt i b\u00f6rjan och gradvis \u00f6ka b\u00e5de l\u00e4ngd och hastighet f\u00f6r att undvika dessa skador. Det \u00e4r ocks\u00e5 oerh\u00f6rt viktigt med bra skor! F\u00f6r att undvika en hel del skador kan det vara okej att ta ett par tr\u00e4ningspass\u00a0p\u00e5 l\u00f6pbandet under vintern f\u00f6r att h\u00e5lla ig\u00e5ng.<\/p>\n<p style=\"text-align: justify;\">N\u00e5gra minuter varje dag r\u00e4cker f\u00f6r att bygga en stark st\u00f6d- och k\u00e4rnmuskulatur som t\u00e5l en sm\u00e4ll och ger dig en problemfri vardag. Ta fram n\u00e5gra gummiband och g\u00f6r enkla \u00f6vningar f\u00f6r ryggen och st\u00f6dmuskulaturen runt axlarna, h\u00f6ften, kn\u00e4na och anklarna. Du beh\u00f6ver inte ta i s\u00e5 mycket, det viktigaste \u00e4r att musklerna aktiveras.\u00a0Ett annat bra s\u00e4tt att f\u00f6rebygga skador och sm\u00e4rta \u00e4r att tr\u00e4na balansen. S\u00e4rskilt f\u00f6r l\u00f6pare och de som gillar bollsporter \u00e4r det viktigt att ha starka anklar och kn\u00e4n som reagerar snabbt n\u00e4r underlaget inte \u00e4r som man tror. G\u00f6r n\u00e5gra enkla \u00f6vningar p\u00e5 en balansbr\u00e4da eller en balanskudde, till exempel kn\u00e4b\u00f6j, s\u00e5 minskar du risken drastiskt.\u00a0Restitution \u00e4r ocks\u00e5 en viktig del av skadef\u00f6rebyggande tr\u00e4ning. En foamroller \u00e4r lysande att anv\u00e4nda p\u00e5 \u00f6mma muskler f\u00f6re och efter tr\u00e4ning. Abilica har flera olika versioner, med eller utan triggerpunkter.<\/p>\n<p>[\/vc_column_text][\/vc_column][\/vc_row][vc_row][vc_column][vc_single_image image=&#8221;25762&#8243; img_size=&#8221;full&#8221; alignment=&#8221;center&#8221;][\/vc_column][\/vc_row]<\/p>\n<\/div>","protected":false},"excerpt":{"rendered":"<p>[vc_row full_width=&#8221;stretch_row_content_no_spaces&#8221;][vc_column][vc_single_image image=&#8221;29515&#8243; img_size=&#8221;full&#8221; alignment=&#8221;center&#8221;][\/vc_column][\/vc_row][vc_row][vc_column][vc_column_text] Tr\u00e4na bort sm\u00e4rtan [\/vc_column_text][vc_column_text] Forskning visar att mer \u00e4n 80&#8230;<\/p>\n","protected":false},"author":2,"featured_media":0,"parent":27561,"menu_order":0,"comment_status":"closed","ping_status":"closed","template":"","meta":{"_acf_changed":false,"footnotes":""},"class_list":["post-29513","page","type-page","status-publish","hentry"],"acf":[],"yoast_head":"<!-- This site is optimized with the Yoast SEO Premium plugin v21.1 (Yoast SEO v25.4) - https:\/\/yoast.com\/wordpress\/plugins\/seo\/ -->\n<title>Tr\u00e4na bort sm\u00e4rtan &#8226; Abilica<\/title>\n<meta name=\"robots\" content=\"index, follow, max-snippet:-1, max-image-preview:large, max-video-preview:-1\" \/>\n<link rel=\"canonical\" href=\"https:\/\/abilica.com\/sv\/traningsartiklar\/traningstips-for-restitution\/trana-bort-smartan\/\" \/>\n<meta property=\"og:locale\" content=\"sv_SE\" \/>\n<meta property=\"og:type\" content=\"article\" \/>\n<meta property=\"og:title\" content=\"Tr\u00e4na bort sm\u00e4rtan\" \/>\n<meta property=\"og:description\" content=\"[vc_row full_width=&#8221;stretch_row_content_no_spaces&#8221;][vc_column][vc_single_image image=&#8221;29515&#8243; img_size=&#8221;full&#8221; alignment=&#8221;center&#8221;][\/vc_column][\/vc_row][vc_row][vc_column][vc_column_text] Tr\u00e4na bort sm\u00e4rtan [\/vc_column_text][vc_column_text] Forskning visar att mer \u00e4n 80...\" \/>\n<meta property=\"og:url\" content=\"https:\/\/abilica.com\/sv\/traningsartiklar\/traningstips-for-restitution\/trana-bort-smartan\/\" \/>\n<meta property=\"og:site_name\" content=\"Abilica\" \/>\n<meta property=\"article:publisher\" content=\"https:\/\/www.facebook.com\/abilicahometraining\/\" \/>\n<meta property=\"article:modified_time\" content=\"2023-11-06T11:42:23+00:00\" \/>\n<meta name=\"twitter:card\" content=\"summary_large_image\" \/>\n<meta name=\"twitter:label1\" content=\"Ber\u00e4knad l\u00e4stid\" \/>\n\t<meta name=\"twitter:data1\" content=\"2 minuter\" \/>\n<script type=\"application\/ld+json\" class=\"yoast-schema-graph\">{\"@context\":\"https:\/\/schema.org\",\"@graph\":[{\"@type\":\"WebPage\",\"@id\":\"https:\/\/abilica.com\/sv\/traningsartiklar\/traningstips-for-restitution\/trana-bort-smartan\/\",\"url\":\"https:\/\/abilica.com\/sv\/traningsartiklar\/traningstips-for-restitution\/trana-bort-smartan\/\",\"name\":\"Tr\u00e4na bort sm\u00e4rtan &#8226; Abilica\",\"isPartOf\":{\"@id\":\"https:\/\/abilica.com\/#website\"},\"datePublished\":\"2021-02-02T11:20:44+00:00\",\"dateModified\":\"2023-11-06T11:42:23+00:00\",\"breadcrumb\":{\"@id\":\"https:\/\/abilica.com\/sv\/traningsartiklar\/traningstips-for-restitution\/trana-bort-smartan\/#breadcrumb\"},\"inLanguage\":\"sv-SE\",\"potentialAction\":[{\"@type\":\"ReadAction\",\"target\":[\"https:\/\/abilica.com\/sv\/traningsartiklar\/traningstips-for-restitution\/trana-bort-smartan\/\"]}]},{\"@type\":\"BreadcrumbList\",\"@id\":\"https:\/\/abilica.com\/sv\/traningsartiklar\/traningstips-for-restitution\/trana-bort-smartan\/#breadcrumb\",\"itemListElement\":[{\"@type\":\"ListItem\",\"position\":1,\"name\":\"Hem\",\"item\":\"https:\/\/abilica.com\/sv\/\"},{\"@type\":\"ListItem\",\"position\":2,\"name\":\"Tr\u00e4ningsartiklar\",\"item\":\"https:\/\/abilica.com\/sv\/traningsartiklar\/\"},{\"@type\":\"ListItem\",\"position\":3,\"name\":\"Tr\u00e4ningstips f\u00f6r restitution\",\"item\":\"https:\/\/abilica.com\/sv\/traningsartiklar\/traningstips-for-restitution\/\"},{\"@type\":\"ListItem\",\"position\":4,\"name\":\"Tr\u00e4na bort sm\u00e4rtan\"}]},{\"@type\":\"WebSite\",\"@id\":\"https:\/\/abilica.com\/#website\",\"url\":\"https:\/\/abilica.com\/\",\"name\":\"Abilica\",\"description\":\"Abilica Home Training\",\"potentialAction\":[{\"@type\":\"SearchAction\",\"target\":{\"@type\":\"EntryPoint\",\"urlTemplate\":\"https:\/\/abilica.com\/?s={search_term_string}\"},\"query-input\":{\"@type\":\"PropertyValueSpecification\",\"valueRequired\":true,\"valueName\":\"search_term_string\"}}],\"inLanguage\":\"sv-SE\"}]}<\/script>\n<!-- \/ Yoast SEO Premium plugin. -->","yoast_head_json":{"title":"Tr\u00e4na bort sm\u00e4rtan &#8226; Abilica","robots":{"index":"index","follow":"follow","max-snippet":"max-snippet:-1","max-image-preview":"max-image-preview:large","max-video-preview":"max-video-preview:-1"},"canonical":"https:\/\/abilica.com\/sv\/traningsartiklar\/traningstips-for-restitution\/trana-bort-smartan\/","og_locale":"sv_SE","og_type":"article","og_title":"Tr\u00e4na bort sm\u00e4rtan","og_description":"[vc_row full_width=&#8221;stretch_row_content_no_spaces&#8221;][vc_column][vc_single_image image=&#8221;29515&#8243; img_size=&#8221;full&#8221; alignment=&#8221;center&#8221;][\/vc_column][\/vc_row][vc_row][vc_column][vc_column_text] Tr\u00e4na bort sm\u00e4rtan [\/vc_column_text][vc_column_text] Forskning visar att mer \u00e4n 80...","og_url":"https:\/\/abilica.com\/sv\/traningsartiklar\/traningstips-for-restitution\/trana-bort-smartan\/","og_site_name":"Abilica","article_publisher":"https:\/\/www.facebook.com\/abilicahometraining\/","article_modified_time":"2023-11-06T11:42:23+00:00","twitter_card":"summary_large_image","twitter_misc":{"Ber\u00e4knad l\u00e4stid":"2 minuter"},"schema":{"@context":"https:\/\/schema.org","@graph":[{"@type":"WebPage","@id":"https:\/\/abilica.com\/sv\/traningsartiklar\/traningstips-for-restitution\/trana-bort-smartan\/","url":"https:\/\/abilica.com\/sv\/traningsartiklar\/traningstips-for-restitution\/trana-bort-smartan\/","name":"Tr\u00e4na bort sm\u00e4rtan &#8226; Abilica","isPartOf":{"@id":"https:\/\/abilica.com\/#website"},"datePublished":"2021-02-02T11:20:44+00:00","dateModified":"2023-11-06T11:42:23+00:00","breadcrumb":{"@id":"https:\/\/abilica.com\/sv\/traningsartiklar\/traningstips-for-restitution\/trana-bort-smartan\/#breadcrumb"},"inLanguage":"sv-SE","potentialAction":[{"@type":"ReadAction","target":["https:\/\/abilica.com\/sv\/traningsartiklar\/traningstips-for-restitution\/trana-bort-smartan\/"]}]},{"@type":"BreadcrumbList","@id":"https:\/\/abilica.com\/sv\/traningsartiklar\/traningstips-for-restitution\/trana-bort-smartan\/#breadcrumb","itemListElement":[{"@type":"ListItem","position":1,"name":"Hem","item":"https:\/\/abilica.com\/sv\/"},{"@type":"ListItem","position":2,"name":"Tr\u00e4ningsartiklar","item":"https:\/\/abilica.com\/sv\/traningsartiklar\/"},{"@type":"ListItem","position":3,"name":"Tr\u00e4ningstips f\u00f6r restitution","item":"https:\/\/abilica.com\/sv\/traningsartiklar\/traningstips-for-restitution\/"},{"@type":"ListItem","position":4,"name":"Tr\u00e4na bort sm\u00e4rtan"}]},{"@type":"WebSite","@id":"https:\/\/abilica.com\/#website","url":"https:\/\/abilica.com\/","name":"Abilica","description":"Abilica Home Training","potentialAction":[{"@type":"SearchAction","target":{"@type":"EntryPoint","urlTemplate":"https:\/\/abilica.com\/?s={search_term_string}"},"query-input":{"@type":"PropertyValueSpecification","valueRequired":true,"valueName":"search_term_string"}}],"inLanguage":"sv-SE"}]}},"_links":{"self":[{"href":"https:\/\/abilica.com\/sv\/wp-json\/wp\/v2\/pages\/29513","targetHints":{"allow":["GET"]}}],"collection":[{"href":"https:\/\/abilica.com\/sv\/wp-json\/wp\/v2\/pages"}],"about":[{"href":"https:\/\/abilica.com\/sv\/wp-json\/wp\/v2\/types\/page"}],"author":[{"embeddable":true,"href":"https:\/\/abilica.com\/sv\/wp-json\/wp\/v2\/users\/2"}],"replies":[{"embeddable":true,"href":"https:\/\/abilica.com\/sv\/wp-json\/wp\/v2\/comments?post=29513"}],"version-history":[{"count":1,"href":"https:\/\/abilica.com\/sv\/wp-json\/wp\/v2\/pages\/29513\/revisions"}],"predecessor-version":[{"id":66442,"href":"https:\/\/abilica.com\/sv\/wp-json\/wp\/v2\/pages\/29513\/revisions\/66442"}],"up":[{"embeddable":true,"href":"https:\/\/abilica.com\/sv\/wp-json\/wp\/v2\/pages\/27561"}],"wp:attachment":[{"href":"https:\/\/abilica.com\/sv\/wp-json\/wp\/v2\/media?parent=29513"}],"curies":[{"name":"wp","href":"https:\/\/api.w.org\/{rel}","templated":true}]}}