{"id":29520,"date":"2021-02-02T12:30:28","date_gmt":"2021-02-02T11:30:28","guid":{"rendered":"https:\/\/abilica.com\/se\/?page_id=29520"},"modified":"2023-11-06T12:38:53","modified_gmt":"2023-11-06T11:38:53","slug":"traning-med-gummiband-hemma","status":"publish","type":"page","link":"https:\/\/abilica.com\/sv\/traningsartiklar\/traningstips-for-styrka\/traning-med-gummiband-hemma\/","title":{"rendered":"Tr\u00e4ning med gummiband hemma"},"content":{"rendered":"<div class=\"wpb-content-wrapper\"><p>[vc_row full_width=&#8221;stretch_row_content_no_spaces&#8221;][vc_column][vc_single_image image=&#8221;29523&#8243; img_size=&#8221;full&#8221; alignment=&#8221;center&#8221;][\/vc_column][\/vc_row][vc_row][vc_column][vc_column_text]<\/p>\n<h2>Tr\u00e4ning med gummiband hemma<\/h2>\n<p>[\/vc_column_text][vc_column_text]<\/p>\n<p style=\"text-align: justify;\">Gummiband till tr\u00e4ning\u00a0efterfr\u00e5gas som aldrig f\u00f6rr. Fler och fler m\u00e4nniskor anv\u00e4nder dessa i sina tr\u00e4ningsrutiner och det finns m\u00e5nga sk\u00e4l. F\u00f6r det f\u00f6rsta tar ett gummibandv\u00e4ldigt lite utrymme. D\u00e4rf\u00f6r \u00e4r det l\u00e4tt att ta med gummibandet p\u00e5 semester eller bara ha det hemma i en l\u00e5da. P\u00e5 detta s\u00e4tt har du ingen urs\u00e4kt f\u00f6r att inte tr\u00e4na\u00a0n\u00e4r du \u00e4r p\u00e5 semester. Gummibandet\u00a0tar inte mycket plats i resv\u00e4skan och \u00e4r inte tung att b\u00e4ra runt heller. Har du n\u00e5gra gummiband\u00a0hemma \u00e4r det l\u00e4ttare att f\u00e5 till en bra tr\u00e4ning i vardagsrummet. D\u00e5 beh\u00f6ver\u00a0du inte spendera tid p\u00e5 att resa til gymmet och kan v\u00e4lja att\u00a0tr\u00e4na n\u00e4r du vill. En stor f\u00f6rdel med ett gummiband \u00e4r att du\u00a0kan tr\u00e4na hela kroppen om du vill. Du best\u00e4mmer vilka muskler du vill tr\u00e4na och kan enkelt \u00f6ka intensiteten genom att antingen v\u00e4lja ett l\u00e4ttare eller h\u00e5rdare gummiband. Du kan ocks\u00e5 \u00f6ka intensiteten genom att endast dra \u00e5t gummibandet du redan tr\u00e4nar med. Det beh\u00f6ver inte heller att ta l\u00e5ng tid att f\u00e5 till ett ordentligt tr\u00e4ningspass med ett gummiband. Avs\u00e4tt en halvtimme tv\u00e5 g\u00e5nger i veckan s\u00e5 kommer du l\u00e5ngt.<\/p>\n<p>[\/vc_column_text][\/vc_column][\/vc_row][vc_row][vc_column][vc_single_image image=&#8221;28340&#8243; img_size=&#8221;full&#8221; alignment=&#8221;center&#8221;][\/vc_column][\/vc_row][vc_row][vc_column][vc_column_text]<\/p>\n<p style=\"text-align: justify;\"><strong>\u00d6VNINGAR DU KAN G\u00d6RA HEMMA<br \/>\n<\/strong>Det finns m\u00e5nga\u00a0\u00f6vningar du kan g\u00f6ra med ett gummiband. Vi kommer nu att titta p\u00e5\u00a0fyra \u00f6vningar som du kan g\u00f6ra.<\/p>\n<p style=\"text-align: justify;\"><strong>Kn\u00e4b\u00f6j<br \/>\n<\/strong>F\u00e4st gummibandet precis under kn\u00e4na. St\u00e4ll dig med h\u00f6ftbredd avst\u00e5nd mellan bena. H\u00e5ll h\u00e4nderna framf\u00f6r kroppen genom hela r\u00f6relsen. B\u00f6j kn\u00e4na och s\u00e4tt dig lugnt ner med s\u00e4tet bak\u00e5t och rak rygg. Se till att kn\u00e4na inte passerar framfor t\u00e5rna. S\u00e4nk dig ner tills hoften \u00e4r i h\u00f6jd med kn\u00e4na och res dig lugnt upp igen. H\u00e5ll andan p\u00e5 v\u00e4g ner och andas lugnt ut n\u00e4r du lyfter dig upp. \u00d6ka sv\u00e5righetsgraden genom att anvanda 2 gummiband, en vid ankeln och en vid kn\u00e4na.<\/p>\n<p style=\"text-align: justify;\"><strong>Sidledsg\u00e5ng<br \/>\n<\/strong>Fast gummibandet vid kn\u00e4na. Starta upprest. Strama k\u00e4rnmuskulaturen och ta ett steg till sidan genom att anv\u00e4nda s\u00e4tesmuskulaturen. Flytta sen p\u00e5 det andra benet p\u00e5 samma s\u00e4tt.<\/p>\n<p style=\"text-align: justify;\"><strong>Pushups<br \/>\n<\/strong>F\u00e4st tv\u00e5 gummiband tillsammans och l\u00e4gg dom \u00f6ver axlarna. St\u00e4ll dig i push-ups position, antingen p\u00e5 t\u00e5rna eller kn\u00e4na. Strama k\u00e4rnmuskulaturen och h\u00e5ll kroppen rak genom hela r\u00f6relsen. S\u00e4nk \u00f6verkroppen lugnt mot marken och v\u00e4nd r\u00f6relsen n\u00e4r br\u00f6stet nuddar backen. H\u00e5ll andan p\u00e5 v\u00e4g ner och andas ut n\u00e4r du pressat dig fr\u00e5n marken och tillbaks till utgangspositionen.<\/p>\n<p style=\"text-align: justify;\"><strong>Sittande rodd<br \/>\n<\/strong>F\u00e4st tv\u00e5 gummiband tillsammans. S\u00e4tt dig p\u00e5 rumpan med raka ben, rak rygg och l\u00e5ga axlar. F\u00e4st gummibandet under fotsulan och ta tag i den andra \u00e4nden med h\u00e4nderna. Dra bandet mot naveln, rulla axlarna bak\u00e5t och press ihop axlarna. H\u00e5ll igen gummibandet p\u00e5 v\u00e4g tillbaka till utgangspositionen. Andas lugnt och kontrollerat genom hela r\u00f6relsen.<\/p>\n<p>[\/vc_column_text][\/vc_column][\/vc_row][vc_row][vc_column][vc_single_image image=&#8221;27537&#8243; img_size=&#8221;full&#8221; alignment=&#8221;center&#8221;][\/vc_column][\/vc_row]<\/p>\n<\/div>","protected":false},"excerpt":{"rendered":"<p>[vc_row full_width=&#8221;stretch_row_content_no_spaces&#8221;][vc_column][vc_single_image image=&#8221;29523&#8243; img_size=&#8221;full&#8221; alignment=&#8221;center&#8221;][\/vc_column][\/vc_row][vc_row][vc_column][vc_column_text] Tr\u00e4ning med gummiband hemma [\/vc_column_text][vc_column_text] Gummiband till tr\u00e4ning\u00a0efterfr\u00e5gas som aldrig&#8230;<\/p>\n","protected":false},"author":2,"featured_media":0,"parent":27554,"menu_order":0,"comment_status":"closed","ping_status":"closed","template":"","meta":{"_acf_changed":false,"footnotes":""},"class_list":["post-29520","page","type-page","status-publish","hentry"],"acf":[],"yoast_head":"<!-- This site is optimized with the Yoast SEO Premium plugin v21.1 (Yoast SEO v25.4) - https:\/\/yoast.com\/wordpress\/plugins\/seo\/ -->\n<title>Tr\u00e4ning med gummiband hemma &#8226; Abilica<\/title>\n<meta name=\"robots\" content=\"index, follow, max-snippet:-1, max-image-preview:large, max-video-preview:-1\" \/>\n<link rel=\"canonical\" href=\"https:\/\/abilica.com\/sv\/traningsartiklar\/traningstips-for-styrka\/traning-med-gummiband-hemma\/\" \/>\n<meta property=\"og:locale\" content=\"sv_SE\" \/>\n<meta property=\"og:type\" content=\"article\" \/>\n<meta property=\"og:title\" content=\"Tr\u00e4ning med gummiband hemma\" \/>\n<meta property=\"og:description\" content=\"[vc_row full_width=&#8221;stretch_row_content_no_spaces&#8221;][vc_column][vc_single_image image=&#8221;29523&#8243; img_size=&#8221;full&#8221; alignment=&#8221;center&#8221;][\/vc_column][\/vc_row][vc_row][vc_column][vc_column_text] Tr\u00e4ning med gummiband hemma [\/vc_column_text][vc_column_text] Gummiband till tr\u00e4ning\u00a0efterfr\u00e5gas som aldrig...\" \/>\n<meta property=\"og:url\" content=\"https:\/\/abilica.com\/sv\/traningsartiklar\/traningstips-for-styrka\/traning-med-gummiband-hemma\/\" \/>\n<meta property=\"og:site_name\" content=\"Abilica\" \/>\n<meta property=\"article:publisher\" content=\"https:\/\/www.facebook.com\/abilicahometraining\/\" \/>\n<meta property=\"article:modified_time\" content=\"2023-11-06T11:38:53+00:00\" \/>\n<meta name=\"twitter:card\" content=\"summary_large_image\" \/>\n<meta name=\"twitter:label1\" content=\"Ber\u00e4knad l\u00e4stid\" \/>\n\t<meta name=\"twitter:data1\" content=\"3 minuter\" \/>\n<script type=\"application\/ld+json\" class=\"yoast-schema-graph\">{\"@context\":\"https:\/\/schema.org\",\"@graph\":[{\"@type\":\"WebPage\",\"@id\":\"https:\/\/abilica.com\/sv\/traningsartiklar\/traningstips-for-styrka\/traning-med-gummiband-hemma\/\",\"url\":\"https:\/\/abilica.com\/sv\/traningsartiklar\/traningstips-for-styrka\/traning-med-gummiband-hemma\/\",\"name\":\"Tr\u00e4ning med gummiband hemma &#8226; Abilica\",\"isPartOf\":{\"@id\":\"https:\/\/abilica.com\/#website\"},\"datePublished\":\"2021-02-02T11:30:28+00:00\",\"dateModified\":\"2023-11-06T11:38:53+00:00\",\"breadcrumb\":{\"@id\":\"https:\/\/abilica.com\/sv\/traningsartiklar\/traningstips-for-styrka\/traning-med-gummiband-hemma\/#breadcrumb\"},\"inLanguage\":\"sv-SE\",\"potentialAction\":[{\"@type\":\"ReadAction\",\"target\":[\"https:\/\/abilica.com\/sv\/traningsartiklar\/traningstips-for-styrka\/traning-med-gummiband-hemma\/\"]}]},{\"@type\":\"BreadcrumbList\",\"@id\":\"https:\/\/abilica.com\/sv\/traningsartiklar\/traningstips-for-styrka\/traning-med-gummiband-hemma\/#breadcrumb\",\"itemListElement\":[{\"@type\":\"ListItem\",\"position\":1,\"name\":\"Hem\",\"item\":\"https:\/\/abilica.com\/sv\/\"},{\"@type\":\"ListItem\",\"position\":2,\"name\":\"Tr\u00e4ningsartiklar\",\"item\":\"https:\/\/abilica.com\/sv\/traningsartiklar\/\"},{\"@type\":\"ListItem\",\"position\":3,\"name\":\"Tr\u00e4ningstips f\u00f6r styrka\",\"item\":\"https:\/\/abilica.com\/sv\/traningsartiklar\/traningstips-for-styrka\/\"},{\"@type\":\"ListItem\",\"position\":4,\"name\":\"Tr\u00e4ning med gummiband hemma\"}]},{\"@type\":\"WebSite\",\"@id\":\"https:\/\/abilica.com\/#website\",\"url\":\"https:\/\/abilica.com\/\",\"name\":\"Abilica\",\"description\":\"Abilica Home Training\",\"potentialAction\":[{\"@type\":\"SearchAction\",\"target\":{\"@type\":\"EntryPoint\",\"urlTemplate\":\"https:\/\/abilica.com\/?s={search_term_string}\"},\"query-input\":{\"@type\":\"PropertyValueSpecification\",\"valueRequired\":true,\"valueName\":\"search_term_string\"}}],\"inLanguage\":\"sv-SE\"}]}<\/script>\n<!-- \/ Yoast SEO Premium plugin. -->","yoast_head_json":{"title":"Tr\u00e4ning med gummiband hemma &#8226; Abilica","robots":{"index":"index","follow":"follow","max-snippet":"max-snippet:-1","max-image-preview":"max-image-preview:large","max-video-preview":"max-video-preview:-1"},"canonical":"https:\/\/abilica.com\/sv\/traningsartiklar\/traningstips-for-styrka\/traning-med-gummiband-hemma\/","og_locale":"sv_SE","og_type":"article","og_title":"Tr\u00e4ning med gummiband hemma","og_description":"[vc_row full_width=&#8221;stretch_row_content_no_spaces&#8221;][vc_column][vc_single_image image=&#8221;29523&#8243; img_size=&#8221;full&#8221; alignment=&#8221;center&#8221;][\/vc_column][\/vc_row][vc_row][vc_column][vc_column_text] Tr\u00e4ning med gummiband hemma [\/vc_column_text][vc_column_text] Gummiband till tr\u00e4ning\u00a0efterfr\u00e5gas som aldrig...","og_url":"https:\/\/abilica.com\/sv\/traningsartiklar\/traningstips-for-styrka\/traning-med-gummiband-hemma\/","og_site_name":"Abilica","article_publisher":"https:\/\/www.facebook.com\/abilicahometraining\/","article_modified_time":"2023-11-06T11:38:53+00:00","twitter_card":"summary_large_image","twitter_misc":{"Ber\u00e4knad l\u00e4stid":"3 minuter"},"schema":{"@context":"https:\/\/schema.org","@graph":[{"@type":"WebPage","@id":"https:\/\/abilica.com\/sv\/traningsartiklar\/traningstips-for-styrka\/traning-med-gummiband-hemma\/","url":"https:\/\/abilica.com\/sv\/traningsartiklar\/traningstips-for-styrka\/traning-med-gummiband-hemma\/","name":"Tr\u00e4ning med gummiband hemma &#8226; Abilica","isPartOf":{"@id":"https:\/\/abilica.com\/#website"},"datePublished":"2021-02-02T11:30:28+00:00","dateModified":"2023-11-06T11:38:53+00:00","breadcrumb":{"@id":"https:\/\/abilica.com\/sv\/traningsartiklar\/traningstips-for-styrka\/traning-med-gummiband-hemma\/#breadcrumb"},"inLanguage":"sv-SE","potentialAction":[{"@type":"ReadAction","target":["https:\/\/abilica.com\/sv\/traningsartiklar\/traningstips-for-styrka\/traning-med-gummiband-hemma\/"]}]},{"@type":"BreadcrumbList","@id":"https:\/\/abilica.com\/sv\/traningsartiklar\/traningstips-for-styrka\/traning-med-gummiband-hemma\/#breadcrumb","itemListElement":[{"@type":"ListItem","position":1,"name":"Hem","item":"https:\/\/abilica.com\/sv\/"},{"@type":"ListItem","position":2,"name":"Tr\u00e4ningsartiklar","item":"https:\/\/abilica.com\/sv\/traningsartiklar\/"},{"@type":"ListItem","position":3,"name":"Tr\u00e4ningstips f\u00f6r styrka","item":"https:\/\/abilica.com\/sv\/traningsartiklar\/traningstips-for-styrka\/"},{"@type":"ListItem","position":4,"name":"Tr\u00e4ning med gummiband hemma"}]},{"@type":"WebSite","@id":"https:\/\/abilica.com\/#website","url":"https:\/\/abilica.com\/","name":"Abilica","description":"Abilica Home Training","potentialAction":[{"@type":"SearchAction","target":{"@type":"EntryPoint","urlTemplate":"https:\/\/abilica.com\/?s={search_term_string}"},"query-input":{"@type":"PropertyValueSpecification","valueRequired":true,"valueName":"search_term_string"}}],"inLanguage":"sv-SE"}]}},"_links":{"self":[{"href":"https:\/\/abilica.com\/sv\/wp-json\/wp\/v2\/pages\/29520","targetHints":{"allow":["GET"]}}],"collection":[{"href":"https:\/\/abilica.com\/sv\/wp-json\/wp\/v2\/pages"}],"about":[{"href":"https:\/\/abilica.com\/sv\/wp-json\/wp\/v2\/types\/page"}],"author":[{"embeddable":true,"href":"https:\/\/abilica.com\/sv\/wp-json\/wp\/v2\/users\/2"}],"replies":[{"embeddable":true,"href":"https:\/\/abilica.com\/sv\/wp-json\/wp\/v2\/comments?post=29520"}],"version-history":[{"count":1,"href":"https:\/\/abilica.com\/sv\/wp-json\/wp\/v2\/pages\/29520\/revisions"}],"predecessor-version":[{"id":66436,"href":"https:\/\/abilica.com\/sv\/wp-json\/wp\/v2\/pages\/29520\/revisions\/66436"}],"up":[{"embeddable":true,"href":"https:\/\/abilica.com\/sv\/wp-json\/wp\/v2\/pages\/27554"}],"wp:attachment":[{"href":"https:\/\/abilica.com\/sv\/wp-json\/wp\/v2\/media?parent=29520"}],"curies":[{"name":"wp","href":"https:\/\/api.w.org\/{rel}","templated":true}]}}