{"id":29788,"date":"2021-03-03T11:33:40","date_gmt":"2021-03-03T10:33:40","guid":{"rendered":"https:\/\/abilica.com\/se\/?page_id=29788"},"modified":"2023-11-06T12:37:12","modified_gmt":"2023-11-06T11:37:12","slug":"fordelarna-med-att-springa-pa-lopband","status":"publish","type":"page","link":"https:\/\/abilica.com\/sv\/traningsartiklar\/traningstips-for-kondition\/fordelarna-med-att-springa-pa-lopband\/","title":{"rendered":"F\u00f6rdelarna med att springa p\u00e5 l\u00f6pband"},"content":{"rendered":"<div class=\"wpb-content-wrapper\"><p>[vc_row full_width=&#8221;stretch_row_content_no_spaces&#8221;][vc_column][vc_single_image image=&#8221;29789&#8243; img_size=&#8221;full&#8221; alignment=&#8221;center&#8221;][\/vc_column][\/vc_row][vc_row][vc_column][vc_column_text]<\/p>\n<h2>F\u00f6rdelarna med att springa p\u00e5 l\u00f6pband<\/h2>\n<p>[\/vc_column_text][vc_column_text]<\/p>\n<p style=\"text-align: justify;\">M\u00e5nga lovordar l\u00f6pbandet som en del av sitt tr\u00e4ningsprogram, grupptr\u00e4ning p\u00e5 l\u00f6pband har skapat intresse hos m\u00e5nga och flera hundra tr\u00e4ningstimmar sker p\u00e5 l\u00f6pband varje dag.\u00a0L\u00f6pbandet reducerar inte bara belastningen p\u00e5 kroppen, det ger \u00e4ven m\u00e5nga olika f\u00f6rdelar!<\/p>\n<p style=\"text-align: justify;\"><b>INTENSIV TR\u00c4NING<br \/>\n<\/b>Dra nytta av alla m\u00f6jligheter som l\u00f6pbandet ger dig.\u00a0 Genom att trycka n\u00e5gra extra g\u00e5nger p\u00e5 hastighetsknappen f\u00e5r du en b\u00e4ttre och effektivare tr\u00e4ning j\u00e4mf\u00f6rt med l\u00e5nga och sega timmar p\u00e5 ett l\u00f6pband. F\u00e5 upp pulsen genom intervaller, intervalltr\u00e4ning eller springa i uppf\u00f6rslut.<\/p>\n<p style=\"text-align: justify;\"><b>TR\u00c4NA M\u00c5LINRIKTAT<br \/>\n<\/b>Har du t.ex. ett uppst\u00e4llt m\u00e5l att kunna springa ett maraton i ett visst tempo eller om du har problem att disponera kraften n\u00e4r du tr\u00e4nar d\u00e5 \u00e4r ett l\u00f6pband till stor hj\u00e4lp. M\u00f6jligheten att st\u00e4lla in en best\u00e4md hastighet som ska h\u00e5llas konstant tills du \u00e4ndrar den ger en unik m\u00f6jlighet att tr\u00e4na p\u00e5 att springa fokuserat och i ett j\u00e4mnt tempo \u2013 vilket \u00e4r betydelsefullt f\u00f6r att optimera tr\u00e4ningen och f\u00f6rb\u00e4ttra t\u00e4vlingsresultat.\u00a0Observera att de flesta beh\u00f6ver springa lite fortare p\u00e5 l\u00f6pbandet j\u00e4mf\u00f6rt med utomhus, f\u00f6r att uppn\u00e5 samma faktiska belastning. Eventuellt kan du st\u00e4lla in lutningen en grad h\u00f6gre f\u00f6r att utj\u00e4mna denna skillnad.<\/p>\n<p style=\"text-align: justify;\"><b>TR\u00c4NA VARIERAT<br \/>\n<\/b>Om tr\u00e4ningen blir enformig stagnerar resultaten. Kroppen m\u00e5ste hela tiden f\u00e5 varierande utmaningar f\u00f6r att du ska forts\u00e4tta att utvecklas. Det \u00e4r viktigt att man t\u00e4nker p\u00e5 att variera tr\u00e4ningen genom att v\u00e4xla mellan korta och snabba rundor varierat med h\u00e5rda och lite mindre intensiva perioder, kombinerat med olika intervaller. Detta g\u00f6r man enkelt genom att \u00e4ndra hastigheten, lutningen och tiden p\u00e5 l\u00f6pbandet.<\/p>\n<p style=\"text-align: justify;\"><b>TR\u00c4NA TEKNISKT<br \/>\n<\/b>Det j\u00e4mna underlaget p\u00e5 ett l\u00f6pband och den stabila hastigheten g\u00f6r det upplagt f\u00f6r att tr\u00e4na l\u00f6pteknik. Anv\u00e4nd en del av tr\u00e4ningen p\u00e5 att v\u00e4xla mellan kortare steg, korrigerad fotis\u00e4ttning och kroppsposition \u2013 detta ger f\u00f6r\u00e4ndring och m\u00f6jlighet att finputsa l\u00f6ptekniken.<\/p>\n<p>[\/vc_column_text][\/vc_column][\/vc_row][vc_row][vc_column][vc_single_image image=&#8221;25801&#8243; img_size=&#8221;full&#8221; alignment=&#8221;center&#8221;][\/vc_column][\/vc_row][vc_row][vc_column][vc_column_text]<\/p>\n<p style=\"text-align: justify;\"><b>TR\u00c4NA \u00d6VERG\u00c5NG<br \/>\n<\/b>Om du \u00e4r ny p\u00e5 l\u00f6pbandet eller nyb\u00f6rjarl\u00f6pare kan du sakta men s\u00e4kert v\u00e4nja dig vid att anv\u00e4nda l\u00f6pbandet. B\u00f6rja med att g\u00e5 och \u00f6ka d\u00e4refter hastigheten gradvis till \u00f6nskat tempo.\u00a0N\u00e4r du k\u00e4nner dig s\u00e4ker kan du \u00f6ka hastigheten till lugn joggning och d\u00e4refter \u00f6ka gradvis. Om du k\u00e4nner att det g\u00e5r f\u00f6r fort tar du tag i handtagen p\u00e5 sidan, s\u00e4tter f\u00f6tterna p\u00e5 sidokanterna och st\u00e4nger av l\u00f6pbandet.<\/p>\n<p style=\"text-align: justify;\"><b>TR\u00c4NA \u00c5RET RUNT<br \/>\n<\/b>Ett l\u00f6pband ger dig m\u00f6jlighet att tr\u00e4na \u00e5ret runt, oavsett v\u00e4der och vind.\u00a0Men du ska vara uppm\u00e4rksam p\u00e5 att faktorer som vind, temperatur, oj\u00e4mnt underlag och utmaningen i att h\u00e5lla ett j\u00e4mnt tempo utomhus \u00e4r en stor skillnad mot att springa p\u00e5 ett l\u00f6pband. Det kan vara bra f\u00f6r b\u00e5de kropp och sj\u00e4l att ibland ta en l\u00e5ng och lugn runda utomhus.<\/p>\n<p>[\/vc_column_text][\/vc_column][\/vc_row][vc_row][vc_column][vc_single_image image=&#8221;24285&#8243; img_size=&#8221;full&#8221; alignment=&#8221;center&#8221;][\/vc_column][\/vc_row][vc_row][vc_column][vc_empty_space][\/vc_column][\/vc_row]<\/p>\n<\/div>","protected":false},"excerpt":{"rendered":"<p>[vc_row full_width=&#8221;stretch_row_content_no_spaces&#8221;][vc_column][vc_single_image image=&#8221;29789&#8243; img_size=&#8221;full&#8221; alignment=&#8221;center&#8221;][\/vc_column][\/vc_row][vc_row][vc_column][vc_column_text] F\u00f6rdelarna med att springa p\u00e5 l\u00f6pband [\/vc_column_text][vc_column_text] M\u00e5nga lovordar l\u00f6pbandet&#8230;<\/p>\n","protected":false},"author":2,"featured_media":0,"parent":27546,"menu_order":0,"comment_status":"closed","ping_status":"closed","template":"","meta":{"_acf_changed":false,"footnotes":""},"class_list":["post-29788","page","type-page","status-publish","hentry"],"acf":[],"yoast_head":"<!-- This site is optimized with the Yoast SEO Premium plugin v21.1 (Yoast SEO v25.4) - https:\/\/yoast.com\/wordpress\/plugins\/seo\/ -->\n<title>F\u00f6rdelarna med att springa p\u00e5 l\u00f6pband &#8226; Abilica<\/title>\n<meta name=\"robots\" content=\"index, follow, max-snippet:-1, max-image-preview:large, max-video-preview:-1\" \/>\n<link rel=\"canonical\" href=\"https:\/\/abilica.com\/sv\/traningsartiklar\/traningstips-for-kondition\/fordelarna-med-att-springa-pa-lopband\/\" \/>\n<meta property=\"og:locale\" content=\"sv_SE\" \/>\n<meta property=\"og:type\" content=\"article\" \/>\n<meta property=\"og:title\" content=\"F\u00f6rdelarna med att springa p\u00e5 l\u00f6pband\" \/>\n<meta property=\"og:description\" content=\"[vc_row full_width=&#8221;stretch_row_content_no_spaces&#8221;][vc_column][vc_single_image image=&#8221;29789&#8243; img_size=&#8221;full&#8221; alignment=&#8221;center&#8221;][\/vc_column][\/vc_row][vc_row][vc_column][vc_column_text] F\u00f6rdelarna med att springa p\u00e5 l\u00f6pband [\/vc_column_text][vc_column_text] M\u00e5nga lovordar l\u00f6pbandet...\" \/>\n<meta property=\"og:url\" content=\"https:\/\/abilica.com\/sv\/traningsartiklar\/traningstips-for-kondition\/fordelarna-med-att-springa-pa-lopband\/\" \/>\n<meta property=\"og:site_name\" content=\"Abilica\" \/>\n<meta property=\"article:publisher\" content=\"https:\/\/www.facebook.com\/abilicahometraining\/\" \/>\n<meta property=\"article:modified_time\" content=\"2023-11-06T11:37:12+00:00\" \/>\n<meta name=\"twitter:card\" content=\"summary_large_image\" \/>\n<meta name=\"twitter:label1\" content=\"Ber\u00e4knad l\u00e4stid\" \/>\n\t<meta name=\"twitter:data1\" content=\"3 minuter\" \/>\n<script type=\"application\/ld+json\" class=\"yoast-schema-graph\">{\"@context\":\"https:\/\/schema.org\",\"@graph\":[{\"@type\":\"WebPage\",\"@id\":\"https:\/\/abilica.com\/sv\/traningsartiklar\/traningstips-for-kondition\/fordelarna-med-att-springa-pa-lopband\/\",\"url\":\"https:\/\/abilica.com\/sv\/traningsartiklar\/traningstips-for-kondition\/fordelarna-med-att-springa-pa-lopband\/\",\"name\":\"F\u00f6rdelarna med att springa p\u00e5 l\u00f6pband &#8226; Abilica\",\"isPartOf\":{\"@id\":\"https:\/\/abilica.com\/#website\"},\"datePublished\":\"2021-03-03T10:33:40+00:00\",\"dateModified\":\"2023-11-06T11:37:12+00:00\",\"breadcrumb\":{\"@id\":\"https:\/\/abilica.com\/sv\/traningsartiklar\/traningstips-for-kondition\/fordelarna-med-att-springa-pa-lopband\/#breadcrumb\"},\"inLanguage\":\"sv-SE\",\"potentialAction\":[{\"@type\":\"ReadAction\",\"target\":[\"https:\/\/abilica.com\/sv\/traningsartiklar\/traningstips-for-kondition\/fordelarna-med-att-springa-pa-lopband\/\"]}]},{\"@type\":\"BreadcrumbList\",\"@id\":\"https:\/\/abilica.com\/sv\/traningsartiklar\/traningstips-for-kondition\/fordelarna-med-att-springa-pa-lopband\/#breadcrumb\",\"itemListElement\":[{\"@type\":\"ListItem\",\"position\":1,\"name\":\"Hem\",\"item\":\"https:\/\/abilica.com\/sv\/\"},{\"@type\":\"ListItem\",\"position\":2,\"name\":\"Tr\u00e4ningsartiklar\",\"item\":\"https:\/\/abilica.com\/sv\/traningsartiklar\/\"},{\"@type\":\"ListItem\",\"position\":3,\"name\":\"Tr\u00e4ningstips f\u00f6r kondition\",\"item\":\"https:\/\/abilica.com\/sv\/traningsartiklar\/traningstips-for-kondition\/\"},{\"@type\":\"ListItem\",\"position\":4,\"name\":\"F\u00f6rdelarna med att springa p\u00e5 l\u00f6pband\"}]},{\"@type\":\"WebSite\",\"@id\":\"https:\/\/abilica.com\/#website\",\"url\":\"https:\/\/abilica.com\/\",\"name\":\"Abilica\",\"description\":\"Abilica Home Training\",\"potentialAction\":[{\"@type\":\"SearchAction\",\"target\":{\"@type\":\"EntryPoint\",\"urlTemplate\":\"https:\/\/abilica.com\/?s={search_term_string}\"},\"query-input\":{\"@type\":\"PropertyValueSpecification\",\"valueRequired\":true,\"valueName\":\"search_term_string\"}}],\"inLanguage\":\"sv-SE\"}]}<\/script>\n<!-- \/ Yoast SEO Premium plugin. -->","yoast_head_json":{"title":"F\u00f6rdelarna med att springa p\u00e5 l\u00f6pband &#8226; Abilica","robots":{"index":"index","follow":"follow","max-snippet":"max-snippet:-1","max-image-preview":"max-image-preview:large","max-video-preview":"max-video-preview:-1"},"canonical":"https:\/\/abilica.com\/sv\/traningsartiklar\/traningstips-for-kondition\/fordelarna-med-att-springa-pa-lopband\/","og_locale":"sv_SE","og_type":"article","og_title":"F\u00f6rdelarna med att springa p\u00e5 l\u00f6pband","og_description":"[vc_row full_width=&#8221;stretch_row_content_no_spaces&#8221;][vc_column][vc_single_image image=&#8221;29789&#8243; img_size=&#8221;full&#8221; alignment=&#8221;center&#8221;][\/vc_column][\/vc_row][vc_row][vc_column][vc_column_text] F\u00f6rdelarna med att springa p\u00e5 l\u00f6pband [\/vc_column_text][vc_column_text] M\u00e5nga lovordar l\u00f6pbandet...","og_url":"https:\/\/abilica.com\/sv\/traningsartiklar\/traningstips-for-kondition\/fordelarna-med-att-springa-pa-lopband\/","og_site_name":"Abilica","article_publisher":"https:\/\/www.facebook.com\/abilicahometraining\/","article_modified_time":"2023-11-06T11:37:12+00:00","twitter_card":"summary_large_image","twitter_misc":{"Ber\u00e4knad l\u00e4stid":"3 minuter"},"schema":{"@context":"https:\/\/schema.org","@graph":[{"@type":"WebPage","@id":"https:\/\/abilica.com\/sv\/traningsartiklar\/traningstips-for-kondition\/fordelarna-med-att-springa-pa-lopband\/","url":"https:\/\/abilica.com\/sv\/traningsartiklar\/traningstips-for-kondition\/fordelarna-med-att-springa-pa-lopband\/","name":"F\u00f6rdelarna med att springa p\u00e5 l\u00f6pband &#8226; Abilica","isPartOf":{"@id":"https:\/\/abilica.com\/#website"},"datePublished":"2021-03-03T10:33:40+00:00","dateModified":"2023-11-06T11:37:12+00:00","breadcrumb":{"@id":"https:\/\/abilica.com\/sv\/traningsartiklar\/traningstips-for-kondition\/fordelarna-med-att-springa-pa-lopband\/#breadcrumb"},"inLanguage":"sv-SE","potentialAction":[{"@type":"ReadAction","target":["https:\/\/abilica.com\/sv\/traningsartiklar\/traningstips-for-kondition\/fordelarna-med-att-springa-pa-lopband\/"]}]},{"@type":"BreadcrumbList","@id":"https:\/\/abilica.com\/sv\/traningsartiklar\/traningstips-for-kondition\/fordelarna-med-att-springa-pa-lopband\/#breadcrumb","itemListElement":[{"@type":"ListItem","position":1,"name":"Hem","item":"https:\/\/abilica.com\/sv\/"},{"@type":"ListItem","position":2,"name":"Tr\u00e4ningsartiklar","item":"https:\/\/abilica.com\/sv\/traningsartiklar\/"},{"@type":"ListItem","position":3,"name":"Tr\u00e4ningstips f\u00f6r kondition","item":"https:\/\/abilica.com\/sv\/traningsartiklar\/traningstips-for-kondition\/"},{"@type":"ListItem","position":4,"name":"F\u00f6rdelarna med att springa p\u00e5 l\u00f6pband"}]},{"@type":"WebSite","@id":"https:\/\/abilica.com\/#website","url":"https:\/\/abilica.com\/","name":"Abilica","description":"Abilica Home Training","potentialAction":[{"@type":"SearchAction","target":{"@type":"EntryPoint","urlTemplate":"https:\/\/abilica.com\/?s={search_term_string}"},"query-input":{"@type":"PropertyValueSpecification","valueRequired":true,"valueName":"search_term_string"}}],"inLanguage":"sv-SE"}]}},"_links":{"self":[{"href":"https:\/\/abilica.com\/sv\/wp-json\/wp\/v2\/pages\/29788","targetHints":{"allow":["GET"]}}],"collection":[{"href":"https:\/\/abilica.com\/sv\/wp-json\/wp\/v2\/pages"}],"about":[{"href":"https:\/\/abilica.com\/sv\/wp-json\/wp\/v2\/types\/page"}],"author":[{"embeddable":true,"href":"https:\/\/abilica.com\/sv\/wp-json\/wp\/v2\/users\/2"}],"replies":[{"embeddable":true,"href":"https:\/\/abilica.com\/sv\/wp-json\/wp\/v2\/comments?post=29788"}],"version-history":[{"count":1,"href":"https:\/\/abilica.com\/sv\/wp-json\/wp\/v2\/pages\/29788\/revisions"}],"predecessor-version":[{"id":66432,"href":"https:\/\/abilica.com\/sv\/wp-json\/wp\/v2\/pages\/29788\/revisions\/66432"}],"up":[{"embeddable":true,"href":"https:\/\/abilica.com\/sv\/wp-json\/wp\/v2\/pages\/27546"}],"wp:attachment":[{"href":"https:\/\/abilica.com\/sv\/wp-json\/wp\/v2\/media?parent=29788"}],"curies":[{"name":"wp","href":"https:\/\/api.w.org\/{rel}","templated":true}]}}