{"id":29815,"date":"2021-03-08T10:58:45","date_gmt":"2021-03-08T09:58:45","guid":{"rendered":"https:\/\/abilica.com\/se\/?page_id=29815"},"modified":"2023-11-06T12:41:31","modified_gmt":"2023-11-06T11:41:31","slug":"hemmatraning-med-fitnessboll","status":"publish","type":"page","link":"https:\/\/abilica.com\/sv\/traningsartiklar\/traningstips-for-balans\/hemmatraning-med-fitnessboll\/","title":{"rendered":"Hemmatr\u00e4ning med fitnessboll"},"content":{"rendered":"<div class=\"wpb-content-wrapper\"><p>[vc_row full_width=&#8221;stretch_row_content_no_spaces&#8221;][vc_column][vc_single_image image=&#8221;29817&#8243; img_size=&#8221;full&#8221; alignment=&#8221;center&#8221;][\/vc_column][\/vc_row][vc_row][vc_column][vc_column_text]<\/p>\n<h2>Hemmatr\u00e4ning med fitnessboll<\/h2>\n<p>[\/vc_column_text][vc_column_text]<\/p>\n<p style=\"text-align: justify;\">En fitnessboll \u00e4r ett enkelt och effektivt tr\u00e4ningsredskap som \u00e4r l\u00e4tt att ta fram n\u00e4r du vill tr\u00e4na hemma. Med en fitnessboll kan du g\u00f6ra m\u00e5nga \u00f6vningar f\u00f6r att st\u00e4rka k\u00e4rnan och samtidigt tr\u00e4nar du balans, stabilitet och koordination. Tr\u00e4ning med fitnessboll kan bidra till att f\u00f6rebygga skador som ryggskador och belastningsskador. Tr\u00e4ningen kommer ocks\u00e5 f\u00f6rb\u00e4ttra h\u00e5llningen och kroppskontrollen. Regelbunden tr\u00e4ning med fitnessboll kan ocks\u00e5 ha\u00a0en prestationsh\u00f6jande effekt f\u00f6r professionella idrottsm\u00e4n. N\u00e4r du anv\u00e4nder en fitnessboll i tr\u00e4ningen ger bollen dig instabilitet som \u00f6kar effekten av tr\u00e4ningen om du j\u00e4mf\u00f6r med traditionella \u00f6vningar p\u00e5 tr\u00e4ningsmatta.<\/p>\n<p style=\"text-align: justify;\">Det \u00e4r inte bara k\u00e4rnan du tr\u00e4nar n\u00e4r du k\u00f6r med en fitnessboll. Den \u00e4r ocks\u00e5 perfekt f\u00f6r att tr\u00e4na magen. Har du problem med ryggen eller tycker det \u00e4r sv\u00e5rt att ta vanliga situps p\u00e5 golvet p\u00e5 grund av ryggen \u00e4r en fitnessboll ett bra hj\u00e4lpmedel. Dessutom \u00e4r situps p\u00e5 fitnessboll mycket effektivare \u00e4n vanliga situps. Anledningen till det \u00e4r att det kr\u00e4ver mer av magmusklerna f\u00f6r att h\u00e5lla kroppen stabil. Dessutom aktiverar du flera muskler \u00e4n bara de i magen, vilket g\u00f6r att tr\u00e4ningen blir mer komplett.<\/p>\n<p class=\"p1\" style=\"text-align: justify;\"><strong>R\u00c4TT STORLEK OCH TEKNIK<br \/>\n<\/strong>Innan du b\u00f6rjar tr\u00e4ningen med fitnessboll \u00e4r det viktigt att du tar reda p\u00e5 vilken storlek som passar dig. Anv\u00e4nder du fel storlek \u00e4r risken f\u00f6r \u00f6verbelastning st\u00f6rre. \u00c4r du under 188 cm rekommenderar vi bollen p\u00e5 65 cm. \u00c4r du l\u00e4ngre \u00e4n 188 cm rekommenderar vi bollen p\u00e5 75 cm. En annan sak som \u00e4r viktig n\u00e4r du tr\u00e4nar med fitnessboll \u00e4r r\u00e4tt teknik. Detta g\u00e4ller s\u00e4rskilt p\u00e5 mag\u00f6vningar d\u00e4r ryggen ofta \u00e4r skadeben\u00e4gen. Det \u00e4r heller inte s\u00e4kert att du f\u00e5r tillr\u00e4ckligt med effekt av \u00f6vningarna om du inte anv\u00e4nder r\u00e4tt teknik. Titta p\u00e5 Kristin i filmerna l\u00e4ngst ner i artikeln om du \u00e4r os\u00e4ker.<\/p>\n<p><strong>\u00d6VNINGAR<\/strong><\/p>\n<p><iframe loading=\"lazy\" title=\"HJEMMETRENING MED FITNESSBALL | 01\" width=\"640\" height=\"360\" src=\"https:\/\/www.youtube.com\/embed\/y-NXEd8bwYM?wmode=transparent&amp;rel=0&amp;feature=oembed\" frameborder=\"0\" allow=\"accelerometer; autoplay; clipboard-write; encrypted-media; gyroscope; picture-in-picture; web-share\" referrerpolicy=\"strict-origin-when-cross-origin\" allowfullscreen><\/iframe><\/p>\n<p><iframe loading=\"lazy\" title=\"HJEMMETRENING MED FITNESSBALL | 02\" width=\"640\" height=\"360\" src=\"https:\/\/www.youtube.com\/embed\/e3UKGhIgN8A?wmode=transparent&amp;rel=0&amp;feature=oembed\" frameborder=\"0\" allow=\"accelerometer; autoplay; clipboard-write; encrypted-media; gyroscope; picture-in-picture; web-share\" referrerpolicy=\"strict-origin-when-cross-origin\" allowfullscreen><\/iframe><\/p>\n<p><iframe loading=\"lazy\" title=\"HJEMMETRENING MED FITNESSBALL | 03\" width=\"640\" height=\"360\" src=\"https:\/\/www.youtube.com\/embed\/M17b1IIyBqI?wmode=transparent&amp;rel=0&amp;feature=oembed\" frameborder=\"0\" allow=\"accelerometer; autoplay; clipboard-write; encrypted-media; gyroscope; picture-in-picture; web-share\" referrerpolicy=\"strict-origin-when-cross-origin\" allowfullscreen><\/iframe><\/p>\n<p><strong>Lycka till med tr\u00e4ningen!<\/strong>[\/vc_column_text][\/vc_column][\/vc_row][vc_row][vc_column][vc_single_image image=&#8221;29749&#8243; img_size=&#8221;full&#8221; alignment=&#8221;center&#8221;][\/vc_column][\/vc_row]<\/p>\n<\/div>","protected":false},"excerpt":{"rendered":"<p>[vc_row full_width=&#8221;stretch_row_content_no_spaces&#8221;][vc_column][vc_single_image image=&#8221;29817&#8243; img_size=&#8221;full&#8221; alignment=&#8221;center&#8221;][\/vc_column][\/vc_row][vc_row][vc_column][vc_column_text] Hemmatr\u00e4ning med fitnessboll [\/vc_column_text][vc_column_text] En fitnessboll \u00e4r ett enkelt och&#8230;<\/p>\n","protected":false},"author":2,"featured_media":0,"parent":27560,"menu_order":0,"comment_status":"closed","ping_status":"closed","template":"","meta":{"_acf_changed":false,"footnotes":""},"class_list":["post-29815","page","type-page","status-publish","hentry"],"acf":[],"yoast_head":"<!-- This site is optimized with the Yoast SEO Premium plugin v21.1 (Yoast SEO v25.4) - https:\/\/yoast.com\/wordpress\/plugins\/seo\/ -->\n<title>Hemmatr\u00e4ning med fitnessboll &#8226; Abilica<\/title>\n<meta name=\"robots\" content=\"index, follow, max-snippet:-1, max-image-preview:large, max-video-preview:-1\" \/>\n<link rel=\"canonical\" href=\"https:\/\/abilica.com\/sv\/traningsartiklar\/traningstips-for-balans\/hemmatraning-med-fitnessboll\/\" \/>\n<meta property=\"og:locale\" content=\"sv_SE\" \/>\n<meta property=\"og:type\" content=\"article\" \/>\n<meta property=\"og:title\" content=\"Hemmatr\u00e4ning med fitnessboll\" \/>\n<meta property=\"og:description\" content=\"[vc_row full_width=&#8221;stretch_row_content_no_spaces&#8221;][vc_column][vc_single_image image=&#8221;29817&#8243; img_size=&#8221;full&#8221; alignment=&#8221;center&#8221;][\/vc_column][\/vc_row][vc_row][vc_column][vc_column_text] Hemmatr\u00e4ning med fitnessboll [\/vc_column_text][vc_column_text] En fitnessboll \u00e4r ett enkelt och...\" \/>\n<meta property=\"og:url\" content=\"https:\/\/abilica.com\/sv\/traningsartiklar\/traningstips-for-balans\/hemmatraning-med-fitnessboll\/\" \/>\n<meta property=\"og:site_name\" content=\"Abilica\" \/>\n<meta property=\"article:publisher\" content=\"https:\/\/www.facebook.com\/abilicahometraining\/\" \/>\n<meta property=\"article:modified_time\" content=\"2023-11-06T11:41:31+00:00\" \/>\n<meta name=\"twitter:card\" content=\"summary_large_image\" \/>\n<meta name=\"twitter:label1\" content=\"Ber\u00e4knad l\u00e4stid\" \/>\n\t<meta name=\"twitter:data1\" content=\"2 minuter\" \/>\n<script type=\"application\/ld+json\" class=\"yoast-schema-graph\">{\"@context\":\"https:\/\/schema.org\",\"@graph\":[{\"@type\":\"WebPage\",\"@id\":\"https:\/\/abilica.com\/sv\/traningsartiklar\/traningstips-for-balans\/hemmatraning-med-fitnessboll\/\",\"url\":\"https:\/\/abilica.com\/sv\/traningsartiklar\/traningstips-for-balans\/hemmatraning-med-fitnessboll\/\",\"name\":\"Hemmatr\u00e4ning med fitnessboll &#8226; Abilica\",\"isPartOf\":{\"@id\":\"https:\/\/abilica.com\/#website\"},\"datePublished\":\"2021-03-08T09:58:45+00:00\",\"dateModified\":\"2023-11-06T11:41:31+00:00\",\"breadcrumb\":{\"@id\":\"https:\/\/abilica.com\/sv\/traningsartiklar\/traningstips-for-balans\/hemmatraning-med-fitnessboll\/#breadcrumb\"},\"inLanguage\":\"sv-SE\",\"potentialAction\":[{\"@type\":\"ReadAction\",\"target\":[\"https:\/\/abilica.com\/sv\/traningsartiklar\/traningstips-for-balans\/hemmatraning-med-fitnessboll\/\"]}]},{\"@type\":\"BreadcrumbList\",\"@id\":\"https:\/\/abilica.com\/sv\/traningsartiklar\/traningstips-for-balans\/hemmatraning-med-fitnessboll\/#breadcrumb\",\"itemListElement\":[{\"@type\":\"ListItem\",\"position\":1,\"name\":\"Hem\",\"item\":\"https:\/\/abilica.com\/sv\/\"},{\"@type\":\"ListItem\",\"position\":2,\"name\":\"Tr\u00e4ningsartiklar\",\"item\":\"https:\/\/abilica.com\/sv\/traningsartiklar\/\"},{\"@type\":\"ListItem\",\"position\":3,\"name\":\"Tr\u00e4ningstips f\u00f6r balans\",\"item\":\"https:\/\/abilica.com\/sv\/traningsartiklar\/traningstips-for-balans\/\"},{\"@type\":\"ListItem\",\"position\":4,\"name\":\"Hemmatr\u00e4ning med fitnessboll\"}]},{\"@type\":\"WebSite\",\"@id\":\"https:\/\/abilica.com\/#website\",\"url\":\"https:\/\/abilica.com\/\",\"name\":\"Abilica\",\"description\":\"Abilica Home Training\",\"potentialAction\":[{\"@type\":\"SearchAction\",\"target\":{\"@type\":\"EntryPoint\",\"urlTemplate\":\"https:\/\/abilica.com\/?s={search_term_string}\"},\"query-input\":{\"@type\":\"PropertyValueSpecification\",\"valueRequired\":true,\"valueName\":\"search_term_string\"}}],\"inLanguage\":\"sv-SE\"}]}<\/script>\n<!-- \/ Yoast SEO Premium plugin. -->","yoast_head_json":{"title":"Hemmatr\u00e4ning med fitnessboll &#8226; Abilica","robots":{"index":"index","follow":"follow","max-snippet":"max-snippet:-1","max-image-preview":"max-image-preview:large","max-video-preview":"max-video-preview:-1"},"canonical":"https:\/\/abilica.com\/sv\/traningsartiklar\/traningstips-for-balans\/hemmatraning-med-fitnessboll\/","og_locale":"sv_SE","og_type":"article","og_title":"Hemmatr\u00e4ning med fitnessboll","og_description":"[vc_row full_width=&#8221;stretch_row_content_no_spaces&#8221;][vc_column][vc_single_image image=&#8221;29817&#8243; img_size=&#8221;full&#8221; alignment=&#8221;center&#8221;][\/vc_column][\/vc_row][vc_row][vc_column][vc_column_text] Hemmatr\u00e4ning med fitnessboll [\/vc_column_text][vc_column_text] En fitnessboll \u00e4r ett enkelt och...","og_url":"https:\/\/abilica.com\/sv\/traningsartiklar\/traningstips-for-balans\/hemmatraning-med-fitnessboll\/","og_site_name":"Abilica","article_publisher":"https:\/\/www.facebook.com\/abilicahometraining\/","article_modified_time":"2023-11-06T11:41:31+00:00","twitter_card":"summary_large_image","twitter_misc":{"Ber\u00e4knad l\u00e4stid":"2 minuter"},"schema":{"@context":"https:\/\/schema.org","@graph":[{"@type":"WebPage","@id":"https:\/\/abilica.com\/sv\/traningsartiklar\/traningstips-for-balans\/hemmatraning-med-fitnessboll\/","url":"https:\/\/abilica.com\/sv\/traningsartiklar\/traningstips-for-balans\/hemmatraning-med-fitnessboll\/","name":"Hemmatr\u00e4ning med fitnessboll &#8226; Abilica","isPartOf":{"@id":"https:\/\/abilica.com\/#website"},"datePublished":"2021-03-08T09:58:45+00:00","dateModified":"2023-11-06T11:41:31+00:00","breadcrumb":{"@id":"https:\/\/abilica.com\/sv\/traningsartiklar\/traningstips-for-balans\/hemmatraning-med-fitnessboll\/#breadcrumb"},"inLanguage":"sv-SE","potentialAction":[{"@type":"ReadAction","target":["https:\/\/abilica.com\/sv\/traningsartiklar\/traningstips-for-balans\/hemmatraning-med-fitnessboll\/"]}]},{"@type":"BreadcrumbList","@id":"https:\/\/abilica.com\/sv\/traningsartiklar\/traningstips-for-balans\/hemmatraning-med-fitnessboll\/#breadcrumb","itemListElement":[{"@type":"ListItem","position":1,"name":"Hem","item":"https:\/\/abilica.com\/sv\/"},{"@type":"ListItem","position":2,"name":"Tr\u00e4ningsartiklar","item":"https:\/\/abilica.com\/sv\/traningsartiklar\/"},{"@type":"ListItem","position":3,"name":"Tr\u00e4ningstips f\u00f6r balans","item":"https:\/\/abilica.com\/sv\/traningsartiklar\/traningstips-for-balans\/"},{"@type":"ListItem","position":4,"name":"Hemmatr\u00e4ning med fitnessboll"}]},{"@type":"WebSite","@id":"https:\/\/abilica.com\/#website","url":"https:\/\/abilica.com\/","name":"Abilica","description":"Abilica Home Training","potentialAction":[{"@type":"SearchAction","target":{"@type":"EntryPoint","urlTemplate":"https:\/\/abilica.com\/?s={search_term_string}"},"query-input":{"@type":"PropertyValueSpecification","valueRequired":true,"valueName":"search_term_string"}}],"inLanguage":"sv-SE"}]}},"_links":{"self":[{"href":"https:\/\/abilica.com\/sv\/wp-json\/wp\/v2\/pages\/29815","targetHints":{"allow":["GET"]}}],"collection":[{"href":"https:\/\/abilica.com\/sv\/wp-json\/wp\/v2\/pages"}],"about":[{"href":"https:\/\/abilica.com\/sv\/wp-json\/wp\/v2\/types\/page"}],"author":[{"embeddable":true,"href":"https:\/\/abilica.com\/sv\/wp-json\/wp\/v2\/users\/2"}],"replies":[{"embeddable":true,"href":"https:\/\/abilica.com\/sv\/wp-json\/wp\/v2\/comments?post=29815"}],"version-history":[{"count":1,"href":"https:\/\/abilica.com\/sv\/wp-json\/wp\/v2\/pages\/29815\/revisions"}],"predecessor-version":[{"id":66440,"href":"https:\/\/abilica.com\/sv\/wp-json\/wp\/v2\/pages\/29815\/revisions\/66440"}],"up":[{"embeddable":true,"href":"https:\/\/abilica.com\/sv\/wp-json\/wp\/v2\/pages\/27560"}],"wp:attachment":[{"href":"https:\/\/abilica.com\/sv\/wp-json\/wp\/v2\/media?parent=29815"}],"curies":[{"name":"wp","href":"https:\/\/api.w.org\/{rel}","templated":true}]}}