{"id":29822,"date":"2021-03-08T12:21:11","date_gmt":"2021-03-08T11:21:11","guid":{"rendered":"https:\/\/abilica.com\/se\/?page_id=29822"},"modified":"2023-11-06T12:42:29","modified_gmt":"2023-11-06T11:42:29","slug":"betydelsen-av-bra-uppvarmning-och-bra-aterhamtning","status":"publish","type":"page","link":"https:\/\/abilica.com\/sv\/traningsartiklar\/traningstips-for-restitution\/betydelsen-av-bra-uppvarmning-och-bra-aterhamtning\/","title":{"rendered":"Betydelsen av bra uppv\u00e4rmning och bra \u00e5terh\u00e4mtning!"},"content":{"rendered":"<div class=\"wpb-content-wrapper\"><p>[vc_row full_width=&#8221;stretch_row_content_no_spaces&#8221;][vc_column][vc_single_image image=&#8221;29823&#8243; img_size=&#8221;full&#8221; alignment=&#8221;center&#8221;][\/vc_column][\/vc_row][vc_row][vc_column][vc_column_text]<\/p>\n<h2>Betydelsen av bra uppv\u00e4rmning och bra \u00e5terh\u00e4mtning!<\/h2>\n<p>[\/vc_column_text][vc_column_text]<\/p>\n<p style=\"text-align: justify;\">F\u00f6r de flesta \u00e4r det nog sj\u00e4lva tr\u00e4ningen som f\u00e5r st\u00f6rst fokus, men b\u00e5de det som du g\u00f6r f\u00f6re och efter tr\u00e4ningen p\u00e5verkar ditt utbyte av tr\u00e4ningen. Utan bra uppv\u00e4rmning kan man skada sig l\u00e4tt och utan bra \u00e5terh\u00e4mtning tar det l\u00e4ngre tid att \u00e5terh\u00e4mta sig efter tr\u00e4ningen. Var noga med b\u00e5de uppv\u00e4rmning och \u00e5terh\u00e4mtning s\u00e5 f\u00e5r du ut mer av dina tr\u00e4ningspass.<\/p>\n<p style=\"text-align: justify;\"><b>UPPV\u00c4RMNING<br \/>\n<\/b>M\u00e5nga n\u00f6jer sig nog med kort runda p\u00e5 l\u00f6pbandet\u00a0eller\u00a0crosstrainern\u00a0p\u00e5 tr\u00e4ningscentret innan man p\u00e5b\u00f6rjar tr\u00e4ningspasset. Det kan vara nog s\u00e5 bra, men det finns fler s\u00e4tt att v\u00e4rma upp p\u00e5. Om du ska tr\u00e4na styrka kan mobilitetstr\u00e4ning vara v\u00e4l s\u00e5 bra. D\u00e5 \u00f6kar du musklernas och ledernas r\u00f6rlighet och f\u00e5r uppv\u00e4rmningen p\u00e5 k\u00f6pet. Du kan tr\u00e4na endera statisk eller dynamisk mobilitet. Statisk mobilitet definieras som m\u00f6jliga r\u00f6relseutslag i en led d\u00e4r belastningen h\u00e5lls statisk i ytterposition, t.ex. spagat inom gymnastik. Dynamisk mobilitet definieras som f\u00f6rm\u00e5gan att anv\u00e4nda ett r\u00f6relseutslag i samband med fysisk aktivitet, men detta utf\u00f6rs utan att man bibeh\u00e5ller ytterpositionen. Ett exempel p\u00e5 detta kan vara kickboxning.<\/p>\n<p style=\"text-align: justify;\">Man kan \u00e4ven anv\u00e4nda tr\u00e4ningsband f\u00f6r att v\u00e4rma upp hela kroppen. Det finns m\u00e5nga olika tr\u00e4ningsband, du hittar hela Abilicas sortiment\u00a0h\u00e4r. En\u00a0foamroller\u00a0ger ocks\u00e5 bra uppv\u00e4rmning f\u00f6r en stel och styv kropp. Abilica har flera olika foamrollers b\u00e5de med och utan triggerpunkter. Det b\u00e4sta \u00e4r att kombinera allt, d\u00e5 f\u00e5r man ig\u00e5ng kroppen ordentligt. En runda p\u00e5 l\u00f6pbandet\u00a0f\u00f6ljt av n\u00e5gra \u00f6vningar med tr\u00e4ningsband\u00a0och foamroller\u00a0sedan \u00e4r du redo f\u00f6r vilket tr\u00e4ningspass som helst!<\/p>\n<p style=\"text-align: justify;\"><b>\u00c5TERH\u00c4MTNING<br \/>\n<\/b>Det \u00e4r minst lika viktigt med \u00e5terh\u00e4mtning. \u00c5terh\u00e4mtningen \u00e4r mycket viktig f\u00f6r att kroppen ska klara all tr\u00e4ning. \u00c5terh\u00e4mtning handlar om vila, s\u00f6mn, mat och dryck. Ju h\u00e5rdare du tr\u00e4nar desto mer vila beh\u00f6ver du. Ibland kan det vara sv\u00e5rt med en l\u00e5ng l\u00f6prunda p\u00e5 l\u00f6pbandet f\u00f6r att f\u00e5 ig\u00e5ng stela ben. Andra g\u00e5nger kan det vara ett lugnt styrkepass. Allt beror p\u00e5 vad du vanligtvis tr\u00e4nar f\u00f6r och hur kroppen klarar den tr\u00e4ning du h\u00e5ller p\u00e5 med.\u00a0Foamrollers\u00a0\u00e4r perfekt f\u00f6r att frig\u00f6ra stela muskler och leder.<\/p>\n<p><strong>Lycka till!<\/strong>[\/vc_column_text][\/vc_column][\/vc_row][vc_row][vc_column][vc_single_image image=&#8221;25762&#8243; img_size=&#8221;full&#8221; alignment=&#8221;center&#8221;][\/vc_column][\/vc_row]<\/p>\n<\/div>","protected":false},"excerpt":{"rendered":"<p>[vc_row full_width=&#8221;stretch_row_content_no_spaces&#8221;][vc_column][vc_single_image image=&#8221;29823&#8243; img_size=&#8221;full&#8221; alignment=&#8221;center&#8221;][\/vc_column][\/vc_row][vc_row][vc_column][vc_column_text] Betydelsen av bra uppv\u00e4rmning och bra \u00e5terh\u00e4mtning! [\/vc_column_text][vc_column_text] F\u00f6r de&#8230;<\/p>\n","protected":false},"author":2,"featured_media":0,"parent":27561,"menu_order":0,"comment_status":"closed","ping_status":"closed","template":"","meta":{"_acf_changed":false,"footnotes":""},"class_list":["post-29822","page","type-page","status-publish","hentry"],"acf":[],"yoast_head":"<!-- This site is optimized with the Yoast SEO Premium plugin v21.1 (Yoast SEO v25.4) - https:\/\/yoast.com\/wordpress\/plugins\/seo\/ -->\n<title>Betydelsen av bra uppv\u00e4rmning och bra \u00e5terh\u00e4mtning! &#8226; Abilica<\/title>\n<meta name=\"robots\" content=\"index, follow, max-snippet:-1, max-image-preview:large, max-video-preview:-1\" \/>\n<link rel=\"canonical\" href=\"https:\/\/abilica.com\/sv\/traningsartiklar\/traningstips-for-restitution\/betydelsen-av-bra-uppvarmning-och-bra-aterhamtning\/\" \/>\n<meta property=\"og:locale\" content=\"sv_SE\" \/>\n<meta property=\"og:type\" content=\"article\" \/>\n<meta property=\"og:title\" content=\"Betydelsen av bra uppv\u00e4rmning och bra \u00e5terh\u00e4mtning!\" \/>\n<meta property=\"og:description\" content=\"[vc_row full_width=&#8221;stretch_row_content_no_spaces&#8221;][vc_column][vc_single_image image=&#8221;29823&#8243; img_size=&#8221;full&#8221; alignment=&#8221;center&#8221;][\/vc_column][\/vc_row][vc_row][vc_column][vc_column_text] Betydelsen av bra uppv\u00e4rmning och bra \u00e5terh\u00e4mtning! [\/vc_column_text][vc_column_text] F\u00f6r de...\" \/>\n<meta property=\"og:url\" content=\"https:\/\/abilica.com\/sv\/traningsartiklar\/traningstips-for-restitution\/betydelsen-av-bra-uppvarmning-och-bra-aterhamtning\/\" \/>\n<meta property=\"og:site_name\" content=\"Abilica\" \/>\n<meta property=\"article:publisher\" content=\"https:\/\/www.facebook.com\/abilicahometraining\/\" \/>\n<meta property=\"article:modified_time\" content=\"2023-11-06T11:42:29+00:00\" \/>\n<meta name=\"twitter:card\" content=\"summary_large_image\" \/>\n<meta name=\"twitter:label1\" content=\"Ber\u00e4knad l\u00e4stid\" \/>\n\t<meta name=\"twitter:data1\" content=\"2 minuter\" \/>\n<script type=\"application\/ld+json\" class=\"yoast-schema-graph\">{\"@context\":\"https:\/\/schema.org\",\"@graph\":[{\"@type\":\"WebPage\",\"@id\":\"https:\/\/abilica.com\/sv\/traningsartiklar\/traningstips-for-restitution\/betydelsen-av-bra-uppvarmning-och-bra-aterhamtning\/\",\"url\":\"https:\/\/abilica.com\/sv\/traningsartiklar\/traningstips-for-restitution\/betydelsen-av-bra-uppvarmning-och-bra-aterhamtning\/\",\"name\":\"Betydelsen av bra uppv\u00e4rmning och bra \u00e5terh\u00e4mtning! &#8226; Abilica\",\"isPartOf\":{\"@id\":\"https:\/\/abilica.com\/#website\"},\"datePublished\":\"2021-03-08T11:21:11+00:00\",\"dateModified\":\"2023-11-06T11:42:29+00:00\",\"breadcrumb\":{\"@id\":\"https:\/\/abilica.com\/sv\/traningsartiklar\/traningstips-for-restitution\/betydelsen-av-bra-uppvarmning-och-bra-aterhamtning\/#breadcrumb\"},\"inLanguage\":\"sv-SE\",\"potentialAction\":[{\"@type\":\"ReadAction\",\"target\":[\"https:\/\/abilica.com\/sv\/traningsartiklar\/traningstips-for-restitution\/betydelsen-av-bra-uppvarmning-och-bra-aterhamtning\/\"]}]},{\"@type\":\"BreadcrumbList\",\"@id\":\"https:\/\/abilica.com\/sv\/traningsartiklar\/traningstips-for-restitution\/betydelsen-av-bra-uppvarmning-och-bra-aterhamtning\/#breadcrumb\",\"itemListElement\":[{\"@type\":\"ListItem\",\"position\":1,\"name\":\"Hem\",\"item\":\"https:\/\/abilica.com\/sv\/\"},{\"@type\":\"ListItem\",\"position\":2,\"name\":\"Tr\u00e4ningsartiklar\",\"item\":\"https:\/\/abilica.com\/sv\/traningsartiklar\/\"},{\"@type\":\"ListItem\",\"position\":3,\"name\":\"Tr\u00e4ningstips f\u00f6r restitution\",\"item\":\"https:\/\/abilica.com\/sv\/traningsartiklar\/traningstips-for-restitution\/\"},{\"@type\":\"ListItem\",\"position\":4,\"name\":\"Betydelsen av bra uppv\u00e4rmning och bra \u00e5terh\u00e4mtning!\"}]},{\"@type\":\"WebSite\",\"@id\":\"https:\/\/abilica.com\/#website\",\"url\":\"https:\/\/abilica.com\/\",\"name\":\"Abilica\",\"description\":\"Abilica Home Training\",\"potentialAction\":[{\"@type\":\"SearchAction\",\"target\":{\"@type\":\"EntryPoint\",\"urlTemplate\":\"https:\/\/abilica.com\/?s={search_term_string}\"},\"query-input\":{\"@type\":\"PropertyValueSpecification\",\"valueRequired\":true,\"valueName\":\"search_term_string\"}}],\"inLanguage\":\"sv-SE\"}]}<\/script>\n<!-- \/ Yoast SEO Premium plugin. -->","yoast_head_json":{"title":"Betydelsen av bra uppv\u00e4rmning och bra \u00e5terh\u00e4mtning! &#8226; Abilica","robots":{"index":"index","follow":"follow","max-snippet":"max-snippet:-1","max-image-preview":"max-image-preview:large","max-video-preview":"max-video-preview:-1"},"canonical":"https:\/\/abilica.com\/sv\/traningsartiklar\/traningstips-for-restitution\/betydelsen-av-bra-uppvarmning-och-bra-aterhamtning\/","og_locale":"sv_SE","og_type":"article","og_title":"Betydelsen av bra uppv\u00e4rmning och bra \u00e5terh\u00e4mtning!","og_description":"[vc_row full_width=&#8221;stretch_row_content_no_spaces&#8221;][vc_column][vc_single_image image=&#8221;29823&#8243; img_size=&#8221;full&#8221; alignment=&#8221;center&#8221;][\/vc_column][\/vc_row][vc_row][vc_column][vc_column_text] Betydelsen av bra uppv\u00e4rmning och bra \u00e5terh\u00e4mtning! [\/vc_column_text][vc_column_text] F\u00f6r de...","og_url":"https:\/\/abilica.com\/sv\/traningsartiklar\/traningstips-for-restitution\/betydelsen-av-bra-uppvarmning-och-bra-aterhamtning\/","og_site_name":"Abilica","article_publisher":"https:\/\/www.facebook.com\/abilicahometraining\/","article_modified_time":"2023-11-06T11:42:29+00:00","twitter_card":"summary_large_image","twitter_misc":{"Ber\u00e4knad l\u00e4stid":"2 minuter"},"schema":{"@context":"https:\/\/schema.org","@graph":[{"@type":"WebPage","@id":"https:\/\/abilica.com\/sv\/traningsartiklar\/traningstips-for-restitution\/betydelsen-av-bra-uppvarmning-och-bra-aterhamtning\/","url":"https:\/\/abilica.com\/sv\/traningsartiklar\/traningstips-for-restitution\/betydelsen-av-bra-uppvarmning-och-bra-aterhamtning\/","name":"Betydelsen av bra uppv\u00e4rmning och bra \u00e5terh\u00e4mtning! &#8226; Abilica","isPartOf":{"@id":"https:\/\/abilica.com\/#website"},"datePublished":"2021-03-08T11:21:11+00:00","dateModified":"2023-11-06T11:42:29+00:00","breadcrumb":{"@id":"https:\/\/abilica.com\/sv\/traningsartiklar\/traningstips-for-restitution\/betydelsen-av-bra-uppvarmning-och-bra-aterhamtning\/#breadcrumb"},"inLanguage":"sv-SE","potentialAction":[{"@type":"ReadAction","target":["https:\/\/abilica.com\/sv\/traningsartiklar\/traningstips-for-restitution\/betydelsen-av-bra-uppvarmning-och-bra-aterhamtning\/"]}]},{"@type":"BreadcrumbList","@id":"https:\/\/abilica.com\/sv\/traningsartiklar\/traningstips-for-restitution\/betydelsen-av-bra-uppvarmning-och-bra-aterhamtning\/#breadcrumb","itemListElement":[{"@type":"ListItem","position":1,"name":"Hem","item":"https:\/\/abilica.com\/sv\/"},{"@type":"ListItem","position":2,"name":"Tr\u00e4ningsartiklar","item":"https:\/\/abilica.com\/sv\/traningsartiklar\/"},{"@type":"ListItem","position":3,"name":"Tr\u00e4ningstips f\u00f6r restitution","item":"https:\/\/abilica.com\/sv\/traningsartiklar\/traningstips-for-restitution\/"},{"@type":"ListItem","position":4,"name":"Betydelsen av bra uppv\u00e4rmning och bra \u00e5terh\u00e4mtning!"}]},{"@type":"WebSite","@id":"https:\/\/abilica.com\/#website","url":"https:\/\/abilica.com\/","name":"Abilica","description":"Abilica Home Training","potentialAction":[{"@type":"SearchAction","target":{"@type":"EntryPoint","urlTemplate":"https:\/\/abilica.com\/?s={search_term_string}"},"query-input":{"@type":"PropertyValueSpecification","valueRequired":true,"valueName":"search_term_string"}}],"inLanguage":"sv-SE"}]}},"_links":{"self":[{"href":"https:\/\/abilica.com\/sv\/wp-json\/wp\/v2\/pages\/29822","targetHints":{"allow":["GET"]}}],"collection":[{"href":"https:\/\/abilica.com\/sv\/wp-json\/wp\/v2\/pages"}],"about":[{"href":"https:\/\/abilica.com\/sv\/wp-json\/wp\/v2\/types\/page"}],"author":[{"embeddable":true,"href":"https:\/\/abilica.com\/sv\/wp-json\/wp\/v2\/users\/2"}],"replies":[{"embeddable":true,"href":"https:\/\/abilica.com\/sv\/wp-json\/wp\/v2\/comments?post=29822"}],"version-history":[{"count":2,"href":"https:\/\/abilica.com\/sv\/wp-json\/wp\/v2\/pages\/29822\/revisions"}],"predecessor-version":[{"id":66444,"href":"https:\/\/abilica.com\/sv\/wp-json\/wp\/v2\/pages\/29822\/revisions\/66444"}],"up":[{"embeddable":true,"href":"https:\/\/abilica.com\/sv\/wp-json\/wp\/v2\/pages\/27561"}],"wp:attachment":[{"href":"https:\/\/abilica.com\/sv\/wp-json\/wp\/v2\/media?parent=29822"}],"curies":[{"name":"wp","href":"https:\/\/api.w.org\/{rel}","templated":true}]}}