{"id":3733,"date":"2017-02-23T12:19:36","date_gmt":"2017-02-23T12:19:36","guid":{"rendered":"https:\/\/abilica.com\/se\/?page_id=3733"},"modified":"2024-11-01T09:17:34","modified_gmt":"2024-11-01T08:17:34","slug":"kontakta-oss","status":"publish","type":"page","link":"https:\/\/abilica.com\/sv\/kontakta-oss\/","title":{"rendered":"Kontakta oss"},"content":{"rendered":"<div class=\"wpb-content-wrapper\"><p>[vc_row full_width=&#8221;stretch_row_content_no_spaces&#8221; css=&#8221;.vc_custom_1492184145078{margin-top: -35px !important;margin-bottom: 0px !important;border-top-width: -35px !important;border-bottom-width: 0px !important;padding-top: -35px !important;padding-bottom: 0px !important;background-position: center !important;background-repeat: no-repeat !important;background-size: cover !important;}&#8221;][vc_column css=&#8221;.vc_custom_1489754921202{margin-bottom: -35px !important;border-bottom-width: -35px !important;padding-bottom: -35px !important;}&#8221;][vc_gmaps link=&#8221;#E-8_JTNDaWZyYW1lJTIwc3JjJTNEJTIyaHR0cHMlM0ElMkYlMkZ3d3cuZ29vZ2xlLmNvbSUyRm1hcHMlMkZlbWJlZCUzRnBiJTNEJTIxMW0xOCUyMTFtMTIlMjExbTMlMjExZDIwMDkuOTg1MjEzNDA2MTc5NCUyMTJkMTAuMDMwNTQ2NzE2NTY1MjE0JTIxM2Q1OS43NDk2OTEyODE4MDc5MDUlMjEybTMlMjExZjAlMjEyZjAlMjEzZjAlMjEzbTIlMjExaTEwMjQlMjEyaTc2OCUyMTRmMTMuMSUyMTNtMyUyMTFtMiUyMTFzMHg0NjQxMjE0NjcyNDI0NmQzJTI1M0EweGRmYWNmMzQ4NGU5ZmM2OGUlMjEyc015bG5hJTJCU3BvcnQlMkJBUyUyMTVlMCUyMTNtMiUyMTFzZW4lMjEyc25vJTIxNHYxNDg2MTI0NjcxOTg3JTIyJTIwd2lkdGglM0QlMjI2MDAlMjIlMjBoZWlnaHQlM0QlMjI0NTAlMjIlMjBmcmFtZWJvcmRlciUzRCUyMjAlMjIlMjBzdHlsZSUzRCUyMmJvcmRlciUzQTAlMjIlMjBhbGxvd2Z1bGxzY3JlZW4lM0UlM0MlMkZpZnJhbWUlM0U=&#8221; size=&#8221;500px&#8221;][\/vc_column][\/vc_row][vc_row css=&#8221;.vc_custom_1486125020654{margin-bottom: 0px !important;padding-top: 0px !important;padding-bottom: 0px !important;background-position: center !important;background-repeat: no-repeat !important;background-size: cover !important;}&#8221;][vc_column][vc_empty_space][vc_column_text]<\/p>\n<h1 style=\"text-align: center;\">Kontakta oss<\/h1>\n<p style=\"text-align: center;\"><strong>Mylna Sport AS<\/strong><br \/>\nPostboks 567<br \/>\nNO-3412 LIERSTRANDA<br \/>\nNorge<\/p>\n<p style=\"text-align: center;\">shop@abilica.com<\/p>\n<p>&nbsp;<\/p>\n<p style=\"text-align: center;\"><span style=\"color: #000000;\"><strong><a style=\"color: #000000;\" href=\"https:\/\/www.mylnasport.se\/Service\/\">G\u00e4ller din fr\u00e5ga service eller reservdelar kan du kontakta v\u00e5ran serviceavdelning h\u00e4r<\/a><\/strong><\/span><\/p>\n<p>[\/vc_column_text][vc_empty_space][vc_column_text]<\/p>\n<h2 style=\"text-align: center;\">Service och reservdelar<\/h2>\n<p style=\"text-align: center;\">Abilica \u00e4r en del av Mylna Sport AS, som \u00e4r k\u00e4nt f\u00f6r att ha marknadens b\u00e4sta service\/eftermarknad f\u00f6r tr\u00e4ningsutrustning.<\/p>\n<p style=\"text-align: center;\">Alla produkter som b\u00e4r Mylna Sport Services st\u00e4mpel erbjuder den b\u00e4sta servicen n\u00e4r du beh\u00f6ver nya delar eller reparation av din tr\u00e4ningsutrustning.\u00a0Mylna Sport Service l\u00f6ser de allra flesta problem per telefon, men tillhandah\u00e5ller ocks\u00e5 servicetekniker som kommer hem till dig om det beh\u00f6vs.<\/p>\n<p>[\/vc_column_text][vc_btn title=&#8221;Bes\u00f6k Mylna Sport Servicecenter&#8221; style=&#8221;flat&#8221; color=&#8221;black&#8221; size=&#8221;sm&#8221; align=&#8221;center&#8221; css_animation=&#8221;fadeIn&#8221; link=&#8221;url:https%3A%2F%2Fwww.mylnasport.se%2FService%2F&#8221;][vc_empty_space height=&#8221;70px&#8221;][\/vc_column][\/vc_row][vc_row full_width=&#8221;stretch_row_content_no_spaces&#8221; css=&#8221;.vc_custom_1587546075720{background-color: #e0d7c5 !important;}&#8221;][vc_column width=&#8221;1\/3&#8243;][vc_empty_space][vc_icon icon_fontawesome=&#8221;fa fa-facebook&#8221; color=&#8221;black&#8221; size=&#8221;xl&#8221; align=&#8221;center&#8221; link=&#8221;url:https%3A%2F%2Fwww.facebook.com%2Fabilicahometraining%2F||target:%20_blank|&#8221;][vc_empty_space][\/vc_column][vc_column width=&#8221;1\/3&#8243;][vc_empty_space][vc_icon icon_fontawesome=&#8221;fa fa-instagram&#8221; color=&#8221;black&#8221; size=&#8221;xl&#8221; align=&#8221;center&#8221; link=&#8221;url:https%3A%2F%2Fwww.instagram.com%2Fabilica%2F||target:%20_blank|&#8221;][vc_empty_space][\/vc_column][vc_column width=&#8221;1\/3&#8243;][vc_empty_space][vc_icon type=&#8221;monosocial&#8221; icon_monosocial=&#8221;vc-mono vc-mono-youtube&#8221; color=&#8221;black&#8221; size=&#8221;xl&#8221; align=&#8221;center&#8221; link=&#8221;url:https%3A%2F%2Fwww.youtube.com%2F%40AbilicaHomeTraining|target:_blank&#8221;][vc_empty_space][\/vc_column][\/vc_row][vc_row full_width=&#8221;stretch_row_content_no_spaces&#8221; full_height=&#8221;yes&#8221; css=&#8221;.vc_custom_1587546157136{background-image: url(https:\/\/abilica.com\/se\/wp-content\/uploads\/2020\/04\/Bilde-27.02.2020-14-57-14.jpg?id=26215) !important;background-position: center !important;background-repeat: no-repeat !important;background-size: cover !important;}&#8221;][vc_column][\/vc_column][\/vc_row]<\/p>\n<\/div>","protected":false},"excerpt":{"rendered":"<p>[vc_row full_width=&#8221;stretch_row_content_no_spaces&#8221; css=&#8221;.vc_custom_1492184145078{margin-top: -35px !important;margin-bottom: 0px !important;border-top-width: -35px !important;border-bottom-width: 0px !important;padding-top: -35px !important;padding-bottom: 0px !important;background-position:&#8230;<\/p>\n","protected":false},"author":2,"featured_media":0,"parent":0,"menu_order":0,"comment_status":"closed","ping_status":"closed","template":"","meta":{"_acf_changed":false,"footnotes":""},"class_list":["post-3733","page","type-page","status-publish","hentry"],"acf":[],"yoast_head":"<!-- This site is optimized with the Yoast SEO Premium plugin v21.1 (Yoast SEO v25.4) - https:\/\/yoast.com\/wordpress\/plugins\/seo\/ -->\n<title>Kontakta oss &#8226; Abilica<\/title>\n<meta name=\"robots\" content=\"index, follow, max-snippet:-1, max-image-preview:large, max-video-preview:-1\" \/>\n<link rel=\"canonical\" href=\"https:\/\/abilica.com\/sv\/kontakta-oss\/\" \/>\n<meta property=\"og:locale\" content=\"sv_SE\" \/>\n<meta property=\"og:type\" content=\"article\" \/>\n<meta property=\"og:title\" content=\"Kontakta oss\" \/>\n<meta property=\"og:description\" content=\"[vc_row full_width=&#8221;stretch_row_content_no_spaces&#8221; css=&#8221;.vc_custom_1492184145078{margin-top: -35px !important;margin-bottom: 0px !important;border-top-width: -35px !important;border-bottom-width: 0px !important;padding-top: -35px !important;padding-bottom: 0px !important;background-position:...\" \/>\n<meta property=\"og:url\" content=\"https:\/\/abilica.com\/sv\/kontakta-oss\/\" \/>\n<meta property=\"og:site_name\" content=\"Abilica\" \/>\n<meta property=\"article:publisher\" content=\"https:\/\/www.facebook.com\/abilicahometraining\/\" \/>\n<meta property=\"article:modified_time\" content=\"2024-11-01T08:17:34+00:00\" \/>\n<meta name=\"twitter:card\" content=\"summary_large_image\" \/>\n<meta name=\"twitter:label1\" content=\"Ber\u00e4knad l\u00e4stid\" \/>\n\t<meta name=\"twitter:data1\" content=\"1 minut\" \/>\n<script type=\"application\/ld+json\" class=\"yoast-schema-graph\">{\"@context\":\"https:\/\/schema.org\",\"@graph\":[{\"@type\":\"WebPage\",\"@id\":\"https:\/\/abilica.com\/sv\/kontakta-oss\/\",\"url\":\"https:\/\/abilica.com\/sv\/kontakta-oss\/\",\"name\":\"Kontakta oss &#8226; Abilica\",\"isPartOf\":{\"@id\":\"https:\/\/abilica.com\/#website\"},\"datePublished\":\"2017-02-23T12:19:36+00:00\",\"dateModified\":\"2024-11-01T08:17:34+00:00\",\"breadcrumb\":{\"@id\":\"https:\/\/abilica.com\/sv\/kontakta-oss\/#breadcrumb\"},\"inLanguage\":\"sv-SE\",\"potentialAction\":[{\"@type\":\"ReadAction\",\"target\":[\"https:\/\/abilica.com\/sv\/kontakta-oss\/\"]}]},{\"@type\":\"BreadcrumbList\",\"@id\":\"https:\/\/abilica.com\/sv\/kontakta-oss\/#breadcrumb\",\"itemListElement\":[{\"@type\":\"ListItem\",\"position\":1,\"name\":\"Hem\",\"item\":\"https:\/\/abilica.com\/sv\/\"},{\"@type\":\"ListItem\",\"position\":2,\"name\":\"Kontakta oss\"}]},{\"@type\":\"WebSite\",\"@id\":\"https:\/\/abilica.com\/#website\",\"url\":\"https:\/\/abilica.com\/\",\"name\":\"Abilica\",\"description\":\"Abilica Home Training\",\"potentialAction\":[{\"@type\":\"SearchAction\",\"target\":{\"@type\":\"EntryPoint\",\"urlTemplate\":\"https:\/\/abilica.com\/?s={search_term_string}\"},\"query-input\":{\"@type\":\"PropertyValueSpecification\",\"valueRequired\":true,\"valueName\":\"search_term_string\"}}],\"inLanguage\":\"sv-SE\"}]}<\/script>\n<!-- \/ Yoast SEO Premium plugin. -->","yoast_head_json":{"title":"Kontakta oss &#8226; Abilica","robots":{"index":"index","follow":"follow","max-snippet":"max-snippet:-1","max-image-preview":"max-image-preview:large","max-video-preview":"max-video-preview:-1"},"canonical":"https:\/\/abilica.com\/sv\/kontakta-oss\/","og_locale":"sv_SE","og_type":"article","og_title":"Kontakta oss","og_description":"[vc_row full_width=&#8221;stretch_row_content_no_spaces&#8221; css=&#8221;.vc_custom_1492184145078{margin-top: -35px !important;margin-bottom: 0px !important;border-top-width: -35px !important;border-bottom-width: 0px !important;padding-top: -35px !important;padding-bottom: 0px !important;background-position:...","og_url":"https:\/\/abilica.com\/sv\/kontakta-oss\/","og_site_name":"Abilica","article_publisher":"https:\/\/www.facebook.com\/abilicahometraining\/","article_modified_time":"2024-11-01T08:17:34+00:00","twitter_card":"summary_large_image","twitter_misc":{"Ber\u00e4knad l\u00e4stid":"1 minut"},"schema":{"@context":"https:\/\/schema.org","@graph":[{"@type":"WebPage","@id":"https:\/\/abilica.com\/sv\/kontakta-oss\/","url":"https:\/\/abilica.com\/sv\/kontakta-oss\/","name":"Kontakta oss &#8226; Abilica","isPartOf":{"@id":"https:\/\/abilica.com\/#website"},"datePublished":"2017-02-23T12:19:36+00:00","dateModified":"2024-11-01T08:17:34+00:00","breadcrumb":{"@id":"https:\/\/abilica.com\/sv\/kontakta-oss\/#breadcrumb"},"inLanguage":"sv-SE","potentialAction":[{"@type":"ReadAction","target":["https:\/\/abilica.com\/sv\/kontakta-oss\/"]}]},{"@type":"BreadcrumbList","@id":"https:\/\/abilica.com\/sv\/kontakta-oss\/#breadcrumb","itemListElement":[{"@type":"ListItem","position":1,"name":"Hem","item":"https:\/\/abilica.com\/sv\/"},{"@type":"ListItem","position":2,"name":"Kontakta oss"}]},{"@type":"WebSite","@id":"https:\/\/abilica.com\/#website","url":"https:\/\/abilica.com\/","name":"Abilica","description":"Abilica Home Training","potentialAction":[{"@type":"SearchAction","target":{"@type":"EntryPoint","urlTemplate":"https:\/\/abilica.com\/?s={search_term_string}"},"query-input":{"@type":"PropertyValueSpecification","valueRequired":true,"valueName":"search_term_string"}}],"inLanguage":"sv-SE"}]}},"_links":{"self":[{"href":"https:\/\/abilica.com\/sv\/wp-json\/wp\/v2\/pages\/3733","targetHints":{"allow":["GET"]}}],"collection":[{"href":"https:\/\/abilica.com\/sv\/wp-json\/wp\/v2\/pages"}],"about":[{"href":"https:\/\/abilica.com\/sv\/wp-json\/wp\/v2\/types\/page"}],"author":[{"embeddable":true,"href":"https:\/\/abilica.com\/sv\/wp-json\/wp\/v2\/users\/2"}],"replies":[{"embeddable":true,"href":"https:\/\/abilica.com\/sv\/wp-json\/wp\/v2\/comments?post=3733"}],"version-history":[{"count":7,"href":"https:\/\/abilica.com\/sv\/wp-json\/wp\/v2\/pages\/3733\/revisions"}],"predecessor-version":[{"id":68085,"href":"https:\/\/abilica.com\/sv\/wp-json\/wp\/v2\/pages\/3733\/revisions\/68085"}],"wp:attachment":[{"href":"https:\/\/abilica.com\/sv\/wp-json\/wp\/v2\/media?parent=3733"}],"curies":[{"name":"wp","href":"https:\/\/api.w.org\/{rel}","templated":true}]}}