{"id":559,"date":"2023-07-30T19:42:05","date_gmt":"2023-07-30T18:42:05","guid":{"rendered":"https:\/\/abilica.com\/se\/?page_id=559"},"modified":"2023-08-25T11:27:39","modified_gmt":"2023-08-25T10:27:39","slug":"abilica-circle","status":"publish","type":"page","link":"https:\/\/abilica.com\/sv\/abilica-circle\/","title":{"rendered":"Abilica Circle"},"content":{"rendered":"<div class=\"wpb-content-wrapper\"><p>[vc_row full_width=&#8221;stretch_row_content&#8221; full_height=&#8221;yes&#8221; columns_placement=&#8221;bottom&#8221; content_placement=&#8221;bottom&#8221; css=&#8221;.vc_custom_1505731146721{padding-right: 0px !important;padding-left: 0px !important;background-image: url(https:\/\/abilica.com\/se\/wp-content\/uploads\/2017\/09\/H\u00f6sttr\u00e4ning.jpg?id=19990) !important;background-position: center !important;background-repeat: no-repeat !important;background-size: cover !important;}&#8221;][vc_column width=&#8221;1\/3&#8243; css=&#8221;.vc_custom_1481535811428{padding-right: 0px !important;padding-left: 0px !important;}&#8221;][\/vc_column][vc_column width=&#8221;1\/3&#8243;][vc_column_text]<\/p>\n<h2 style=\"text-align: center;\"><span style=\"color: #ffffff;\">L\u00e4s mer om Abilica Circle<\/span><\/h2>\n<p>[\/vc_column_text][vc_icon icon_fontawesome=&#8221;fa fa-angle-down&#8221; color=&#8221;white&#8221; size=&#8221;xl&#8221; align=&#8221;center&#8221; css_animation=&#8221;none&#8221;][\/vc_column][vc_column width=&#8221;1\/3&#8243;][\/vc_column][\/vc_row][vc_row][vc_column][vc_empty_space][vc_column_text css_animation=&#8221;fadeInUp&#8221;]<\/p>\n<h1 style=\"text-align: center;\">Abilica Circle<\/h1>\n<h3 style=\"text-align: center;\">Hitta dina \u00f6vningar och skapa ett riktigt bra tr\u00e4ningspass.<\/h3>\n<p>&nbsp;<\/p>\n<p style=\"text-align: center;\">Abilica Circle \u00e4r ett tr\u00e4ningskoncept d\u00e4r vi tagit fram v\u00e5ra allra b\u00e4sta cirkeltr\u00e4ningsprodukter f\u00f6r effektiva och roliga tr\u00e4ningsl\u00f6sningar f\u00f6r dig!\u00a0Du tr\u00e4nar samspelet mellan musklerna i kroppen och blir stark inifr\u00e5n och ut. Till var och en av produkterna nedan finner du ett varierat tr\u00e4ningsprogram som tr\u00e4nar hela kroppen. Se alla \u00f6vningsfilmerna p\u00e5 <strong><a href=\"https:\/\/www.youtube.com\/channel\/UCzuOWH0efP4ruJClTH6clXQ\">YouTube<\/a><\/strong> eller ladda hem v\u00e5ran <strong><a href=\"https:\/\/abilica.com\/se\/traningsapp\/\">tr\u00e4ningsapp<\/a>. <\/strong>Du kan\u00a0ocks\u00e5 f\u00e5 tr\u00e4ningstips i <a href=\"http:\/\/www.hemmatraningsbloggen.se\" target=\"_blank\" rel=\"noopener\"><strong>AbilicaMagasinet.<\/strong><\/a><\/p>\n<h3 style=\"text-align: center;\"><strong><a href=\"https:\/\/abilica.com\/se\/wp-content\/uploads\/2018\/01\/app-3-copy.png\"><img loading=\"lazy\" decoding=\"async\" class=\"wp-image-22138 aligncenter\" src=\"https:\/\/abilica.com\/se\/wp-content\/uploads\/2018\/01\/app-3-copy.png\" alt=\"\" width=\"800\" height=\"640\" srcset=\"https:\/\/abilica.com\/wp-content\/uploads\/2018\/01\/app-3-copy.png 2048w, https:\/\/abilica.com\/wp-content\/uploads\/2018\/01\/app-3-copy-500x400.png 500w, https:\/\/abilica.com\/wp-content\/uploads\/2018\/01\/app-3-copy-960x768.png 960w, https:\/\/abilica.com\/wp-content\/uploads\/2018\/01\/app-3-copy-300x240.png 300w, https:\/\/abilica.com\/wp-content\/uploads\/2018\/01\/app-3-copy-768x614.png 768w, https:\/\/abilica.com\/wp-content\/uploads\/2018\/01\/app-3-copy-1024x819.png 1024w\" sizes=\"auto, (max-width: 800px) 100vw, 800px\" \/><\/a>Abilica Training App<\/strong><\/h3>\n<p>&nbsp;<\/p>\n<p style=\"text-align: center;\">Det finns m\u00e5nga f\u00f6rdelar med cirkeltr\u00e4ning. F\u00f6rst och fr\u00e4mst kan du sj\u00e4lv best\u00e4mma vilka \u00f6vningar du vill g\u00f6ra och det finns egentligen inga gr\u00e4nser f\u00f6r vilka\u00a0\u00f6vningar du kan g\u00f6ra och vilka\u00a0kroppsdelar du kan tr\u00e4na. Oavsett om du har massor av tr\u00e4ningsutrustning du kan anv\u00e4nda eller om du vill anv\u00e4nda din egen kropp finns det massor med\u00a0m\u00f6jligheter.<\/p>\n<p style=\"text-align: center;\">Cirkeltr\u00e4ning \u00e4r riktigt bra tr\u00e4ning. Anledningen till detta \u00e4r att du tr\u00e4nar hela kroppen och du kan tr\u00e4na\u00a0mycket varierande. Antigen kan du\u00a0tr\u00e4na hela kroppen under ett tr\u00e4ningspass eller s\u00e5 kan du v\u00e4lja specifika kroppsdelar om du vill. N\u00e4r du skapar en cirkel, \u00e4r det viktigt att t\u00e4nka p\u00e5 vad du vill tr\u00e4na och hur du vill\u00a0tr\u00e4na. Du b\u00f6r ocks\u00e5 t\u00e4nka p\u00e5 hur l\u00e4nge du ska\u00a0arbeta och och hur l\u00e5nga raster du vill ha. Tr\u00e4nar du\u00a0uth\u00e5llighet vill du kanske k\u00f6ra lite l\u00e4ngre arbetstid, medan det kan vara okej att sk\u00e4ra ner p\u00e5 arbetstiden om du vill tr\u00e4na mer explosivt. Tr\u00e4nar du till exempel vanlig styrka p\u00e5 andra dagar\u00a0i veckan borde du passa p\u00e5 s\u00e5 att du inte \u00f6verbelastar enskilda kroppsdelar under en tr\u00e4ningsvecka.<\/p>\n<p style=\"text-align: center;\">Det finns n\u00e5gra enkla riktlinjer i \u00e5tanke n\u00e4r den du skaper ett cirkelpass. V\u00e4lj mellan 5-10 \u00f6vningar och arbeta med h\u00f6g intensitet. K\u00f6r 30-45 sekunder arbetstid med korta raster. Repetera cirkeln 2-3 g\u00e5nger.<\/p>\n<p>[\/vc_column_text][vc_empty_space][\/vc_column][\/vc_row][vc_row full_width=&#8221;stretch_row_content&#8221; full_height=&#8221;yes&#8221; css=&#8221;.vc_custom_1513347196060{padding-right: 0px !important;padding-left: 0px !important;background-image: url(https:\/\/abilica.com\/se\/wp-content\/uploads\/2017\/12\/86020_ferietrening_0308.jpg?id=21915) !important;background-position: center !important;background-repeat: no-repeat !important;background-size: cover !important;}&#8221;][vc_column css=&#8221;.vc_custom_1481535811428{padding-right: 0px !important;padding-left: 0px !important;}&#8221;][\/vc_column][\/vc_row][vc_row full_width=&#8221;stretch_row_content&#8221;][vc_column][vc_empty_space height=&#8221;52px&#8221;][vc_column_text css_animation=&#8221;fadeInUp&#8221;]<\/p>\n<h1 style=\"text-align: center;\">K\u00f6p dina Abilica Circle-produkter<\/h1>\n<p>[\/vc_column_text][vc_empty_space height=&#8221;52px&#8221;][products_mixed show_product_details=&#8221;true&#8221; ids=&#8221;1846,2259,1736,2233,2701,2226,2737,2254,2260,2270,1855,2091,2269,745,1694,2599,1096&#8243;][vc_empty_space height=&#8221;52px&#8221;][vc_empty_space height=&#8221;52px&#8221;][\/vc_column][\/vc_row][vc_row full_width=&#8221;stretch_row_content&#8221; full_height=&#8221;yes&#8221; css=&#8221;.vc_custom_1501842979727{padding-right: 0px !important;padding-left: 0px !important;background-image: url(https:\/\/abilica.com\/se\/wp-content\/uploads\/2016\/12\/86406_garage_hjemme_19_06_17_0194.jpg?id=19185) !important;background-position: center !important;background-repeat: no-repeat !important;background-size: cover !important;}&#8221;][vc_column css=&#8221;.vc_custom_1481535811428{padding-right: 0px !important;padding-left: 0px !important;}&#8221;][\/vc_column][\/vc_row]<\/p>\n<\/div>","protected":false},"excerpt":{"rendered":"<p>[vc_row full_width=&#8221;stretch_row_content&#8221; full_height=&#8221;yes&#8221; columns_placement=&#8221;bottom&#8221; content_placement=&#8221;bottom&#8221; css=&#8221;.vc_custom_1505731146721{padding-right: 0px !important;padding-left: 0px !important;background-image: url(https:\/\/abilica.com\/se\/wp-content\/uploads\/2017\/09\/H\u00f6sttr\u00e4ning.jpg?id=19990) !important;background-position: center !important;background-repeat: no-repeat&#8230;<\/p>\n","protected":false},"author":2,"featured_media":0,"parent":0,"menu_order":0,"comment_status":"closed","ping_status":"closed","template":"","meta":{"_acf_changed":false,"footnotes":""},"class_list":["post-559","page","type-page","status-publish","hentry"],"acf":[],"yoast_head":"<!-- This site is optimized with the Yoast SEO Premium plugin v21.1 (Yoast SEO v25.4) - https:\/\/yoast.com\/wordpress\/plugins\/seo\/ -->\n<title>Abilica Circle &#8226; Abilica<\/title>\n<meta name=\"robots\" content=\"index, follow, max-snippet:-1, max-image-preview:large, max-video-preview:-1\" \/>\n<link rel=\"canonical\" href=\"https:\/\/abilica.com\/sv\/abilica-circle\/\" \/>\n<meta property=\"og:locale\" content=\"sv_SE\" \/>\n<meta property=\"og:type\" content=\"article\" \/>\n<meta property=\"og:title\" content=\"Abilica Circle\" \/>\n<meta property=\"og:description\" content=\"[vc_row full_width=&#8221;stretch_row_content&#8221; full_height=&#8221;yes&#8221; columns_placement=&#8221;bottom&#8221; content_placement=&#8221;bottom&#8221; css=&#8221;.vc_custom_1505731146721{padding-right: 0px !important;padding-left: 0px !important;background-image: url(https:\/\/abilica.com\/se\/wp-content\/uploads\/2017\/09\/H\u00f6sttr\u00e4ning.jpg?id=19990) !important;background-position: center !important;background-repeat: no-repeat...\" \/>\n<meta property=\"og:url\" content=\"https:\/\/abilica.com\/sv\/abilica-circle\/\" \/>\n<meta property=\"og:site_name\" content=\"Abilica\" \/>\n<meta property=\"article:publisher\" content=\"https:\/\/www.facebook.com\/abilicahometraining\/\" \/>\n<meta property=\"article:modified_time\" content=\"2023-08-25T10:27:39+00:00\" \/>\n<meta property=\"og:image\" content=\"https:\/\/abilica.com\/se\/wp-content\/uploads\/2018\/01\/app-3-copy.png\" \/>\n<meta name=\"twitter:card\" content=\"summary_large_image\" \/>\n<meta name=\"twitter:label1\" content=\"Ber\u00e4knad l\u00e4stid\" \/>\n\t<meta name=\"twitter:data1\" content=\"3 minuter\" \/>\n<script type=\"application\/ld+json\" class=\"yoast-schema-graph\">{\"@context\":\"https:\/\/schema.org\",\"@graph\":[{\"@type\":\"WebPage\",\"@id\":\"https:\/\/abilica.com\/sv\/abilica-circle\/\",\"url\":\"https:\/\/abilica.com\/sv\/abilica-circle\/\",\"name\":\"Abilica Circle &#8226; Abilica\",\"isPartOf\":{\"@id\":\"https:\/\/abilica.com\/#website\"},\"primaryImageOfPage\":{\"@id\":\"https:\/\/abilica.com\/sv\/abilica-circle\/#primaryimage\"},\"image\":{\"@id\":\"https:\/\/abilica.com\/sv\/abilica-circle\/#primaryimage\"},\"thumbnailUrl\":\"https:\/\/abilica.com\/se\/wp-content\/uploads\/2018\/01\/app-3-copy.png\",\"datePublished\":\"2023-07-30T18:42:05+00:00\",\"dateModified\":\"2023-08-25T10:27:39+00:00\",\"breadcrumb\":{\"@id\":\"https:\/\/abilica.com\/sv\/abilica-circle\/#breadcrumb\"},\"inLanguage\":\"sv-SE\",\"potentialAction\":[{\"@type\":\"ReadAction\",\"target\":[\"https:\/\/abilica.com\/sv\/abilica-circle\/\"]}]},{\"@type\":\"ImageObject\",\"inLanguage\":\"sv-SE\",\"@id\":\"https:\/\/abilica.com\/sv\/abilica-circle\/#primaryimage\",\"url\":\"https:\/\/abilica.com\/se\/wp-content\/uploads\/2018\/01\/app-3-copy.png\",\"contentUrl\":\"https:\/\/abilica.com\/se\/wp-content\/uploads\/2018\/01\/app-3-copy.png\"},{\"@type\":\"BreadcrumbList\",\"@id\":\"https:\/\/abilica.com\/sv\/abilica-circle\/#breadcrumb\",\"itemListElement\":[{\"@type\":\"ListItem\",\"position\":1,\"name\":\"Hem\",\"item\":\"https:\/\/abilica.com\/sv\/\"},{\"@type\":\"ListItem\",\"position\":2,\"name\":\"Abilica Circle\"}]},{\"@type\":\"WebSite\",\"@id\":\"https:\/\/abilica.com\/#website\",\"url\":\"https:\/\/abilica.com\/\",\"name\":\"Abilica\",\"description\":\"Abilica Home Training\",\"potentialAction\":[{\"@type\":\"SearchAction\",\"target\":{\"@type\":\"EntryPoint\",\"urlTemplate\":\"https:\/\/abilica.com\/?s={search_term_string}\"},\"query-input\":{\"@type\":\"PropertyValueSpecification\",\"valueRequired\":true,\"valueName\":\"search_term_string\"}}],\"inLanguage\":\"sv-SE\"}]}<\/script>\n<!-- \/ Yoast SEO Premium plugin. -->","yoast_head_json":{"title":"Abilica Circle &#8226; Abilica","robots":{"index":"index","follow":"follow","max-snippet":"max-snippet:-1","max-image-preview":"max-image-preview:large","max-video-preview":"max-video-preview:-1"},"canonical":"https:\/\/abilica.com\/sv\/abilica-circle\/","og_locale":"sv_SE","og_type":"article","og_title":"Abilica Circle","og_description":"[vc_row full_width=&#8221;stretch_row_content&#8221; full_height=&#8221;yes&#8221; columns_placement=&#8221;bottom&#8221; content_placement=&#8221;bottom&#8221; css=&#8221;.vc_custom_1505731146721{padding-right: 0px !important;padding-left: 0px !important;background-image: url(https:\/\/abilica.com\/se\/wp-content\/uploads\/2017\/09\/H\u00f6sttr\u00e4ning.jpg?id=19990) !important;background-position: center !important;background-repeat: no-repeat...","og_url":"https:\/\/abilica.com\/sv\/abilica-circle\/","og_site_name":"Abilica","article_publisher":"https:\/\/www.facebook.com\/abilicahometraining\/","article_modified_time":"2023-08-25T10:27:39+00:00","og_image":[{"url":"https:\/\/abilica.com\/se\/wp-content\/uploads\/2018\/01\/app-3-copy.png","type":"","width":"","height":""}],"twitter_card":"summary_large_image","twitter_misc":{"Ber\u00e4knad l\u00e4stid":"3 minuter"},"schema":{"@context":"https:\/\/schema.org","@graph":[{"@type":"WebPage","@id":"https:\/\/abilica.com\/sv\/abilica-circle\/","url":"https:\/\/abilica.com\/sv\/abilica-circle\/","name":"Abilica Circle &#8226; Abilica","isPartOf":{"@id":"https:\/\/abilica.com\/#website"},"primaryImageOfPage":{"@id":"https:\/\/abilica.com\/sv\/abilica-circle\/#primaryimage"},"image":{"@id":"https:\/\/abilica.com\/sv\/abilica-circle\/#primaryimage"},"thumbnailUrl":"https:\/\/abilica.com\/se\/wp-content\/uploads\/2018\/01\/app-3-copy.png","datePublished":"2023-07-30T18:42:05+00:00","dateModified":"2023-08-25T10:27:39+00:00","breadcrumb":{"@id":"https:\/\/abilica.com\/sv\/abilica-circle\/#breadcrumb"},"inLanguage":"sv-SE","potentialAction":[{"@type":"ReadAction","target":["https:\/\/abilica.com\/sv\/abilica-circle\/"]}]},{"@type":"ImageObject","inLanguage":"sv-SE","@id":"https:\/\/abilica.com\/sv\/abilica-circle\/#primaryimage","url":"https:\/\/abilica.com\/se\/wp-content\/uploads\/2018\/01\/app-3-copy.png","contentUrl":"https:\/\/abilica.com\/se\/wp-content\/uploads\/2018\/01\/app-3-copy.png"},{"@type":"BreadcrumbList","@id":"https:\/\/abilica.com\/sv\/abilica-circle\/#breadcrumb","itemListElement":[{"@type":"ListItem","position":1,"name":"Hem","item":"https:\/\/abilica.com\/sv\/"},{"@type":"ListItem","position":2,"name":"Abilica Circle"}]},{"@type":"WebSite","@id":"https:\/\/abilica.com\/#website","url":"https:\/\/abilica.com\/","name":"Abilica","description":"Abilica Home Training","potentialAction":[{"@type":"SearchAction","target":{"@type":"EntryPoint","urlTemplate":"https:\/\/abilica.com\/?s={search_term_string}"},"query-input":{"@type":"PropertyValueSpecification","valueRequired":true,"valueName":"search_term_string"}}],"inLanguage":"sv-SE"}]}},"_links":{"self":[{"href":"https:\/\/abilica.com\/sv\/wp-json\/wp\/v2\/pages\/559","targetHints":{"allow":["GET"]}}],"collection":[{"href":"https:\/\/abilica.com\/sv\/wp-json\/wp\/v2\/pages"}],"about":[{"href":"https:\/\/abilica.com\/sv\/wp-json\/wp\/v2\/types\/page"}],"author":[{"embeddable":true,"href":"https:\/\/abilica.com\/sv\/wp-json\/wp\/v2\/users\/2"}],"replies":[{"embeddable":true,"href":"https:\/\/abilica.com\/sv\/wp-json\/wp\/v2\/comments?post=559"}],"version-history":[{"count":1,"href":"https:\/\/abilica.com\/sv\/wp-json\/wp\/v2\/pages\/559\/revisions"}],"predecessor-version":[{"id":61428,"href":"https:\/\/abilica.com\/sv\/wp-json\/wp\/v2\/pages\/559\/revisions\/61428"}],"wp:attachment":[{"href":"https:\/\/abilica.com\/sv\/wp-json\/wp\/v2\/media?parent=559"}],"curies":[{"name":"wp","href":"https:\/\/api.w.org\/{rel}","templated":true}]}}