{"id":64960,"date":"2023-08-04T20:31:28","date_gmt":"2023-08-04T19:31:28","guid":{"rendered":"https:\/\/abilica.com\/abilica-winracer-is-the-indoor-bike-for-those-who-are-interested-in-having-a-good-and-powerful-bike-for-cycling-indoors-sv\/"},"modified":"2025-09-09T11:57:27","modified_gmt":"2025-09-09T10:57:27","slug":"abilica-winracer-is-the-indoor-bike-for-those-who-are-interested-in-having-a-good-and-powerful-bike-for-cycling-indoors-sv","status":"publish","type":"page","link":"https:\/\/abilica.com\/sv\/","title":{"rendered":"Tr\u00e4ningsrum hemma? &#8211; se smarta l\u00f6sningar fr\u00e5n Abilica!"},"content":{"rendered":"<div class=\"wpb-content-wrapper\"><p>[vc_row full_width=&#8221;stretch_row_content&#8221; full_height=&#8221;yes&#8221; content_placement=&#8221;middle&#8221; css=&#8221;.vc_custom_1757415444551{background-image: url(https:\/\/abilica.com\/wp-content\/uploads\/2025\/09\/DSC00860.jpg?id=69009) !important;background-position: center !important;background-repeat: no-repeat !important;background-size: cover !important;}&#8221;][vc_column][vc_empty_space height=&#8221;62px&#8221;][vc_column_text css_animation=&#8221;fadeInUpBig&#8221; css=&#8221;&#8221;]<\/p>\n<h1 style=\"text-align: center;\"><span style=\"color: #ffffff;\">Tr\u00e4ningsrum hemma?<\/span><\/h1>\n<p style=\"text-align: center;\"><span style=\"color: #ffffff;\"><strong>Se smarta l\u00f6sningar fr\u00e5n Abilica!<\/strong><\/span><\/p>\n<p>[\/vc_column_text][vc_btn title=&#8221;Se alla produkter&#8221; shape=&#8221;round&#8221; color=&#8221;white&#8221; size=&#8221;sm&#8221; align=&#8221;center&#8221; css_animation=&#8221;fadeInUpBig&#8221; link=&#8221;url:https%3A%2F%2Fabilica.com%2Fsv%2Fshop%2F&#8221; link_no=&#8221;https:\/\/abilica.com\/no\/abilica-winracer\/&#8221; link_se=&#8221;https:\/\/abilica.com\/se\/kondition\/abilica-winracer\/&#8221;][\/vc_column][\/vc_row]<\/p>\n<\/div>","protected":false},"excerpt":{"rendered":"<p>[vc_row full_width=&#8221;stretch_row_content&#8221; full_height=&#8221;yes&#8221; content_placement=&#8221;middle&#8221; css=&#8221;.vc_custom_1757415444551{background-image: url(https:\/\/abilica.com\/wp-content\/uploads\/2025\/09\/DSC00860.jpg?id=69009) !important;background-position: center !important;background-repeat: no-repeat !important;background-size: cover !important;}&#8221;][vc_column][vc_empty_space height=&#8221;62px&#8221;][vc_column_text css_animation=&#8221;fadeInUpBig&#8221;&#8230;<\/p>\n","protected":false},"author":13,"featured_media":0,"parent":0,"menu_order":0,"comment_status":"closed","ping_status":"closed","template":"","meta":{"_acf_changed":false,"footnotes":""},"class_list":["post-64960","page","type-page","status-publish","hentry"],"acf":[],"yoast_head":"<!-- This site is optimized with the Yoast SEO Premium plugin v21.1 (Yoast SEO v25.4) - https:\/\/yoast.com\/wordpress\/plugins\/seo\/ -->\n<title>Tr\u00e4ningsrum hemma? - se smarta l\u00f6sningar fr\u00e5n Abilica! &#8226; Abilica<\/title>\n<meta name=\"robots\" content=\"index, follow, max-snippet:-1, max-image-preview:large, max-video-preview:-1\" \/>\n<link rel=\"canonical\" href=\"https:\/\/abilica.com\/sv\/\" \/>\n<meta property=\"og:locale\" content=\"sv_SE\" \/>\n<meta property=\"og:type\" content=\"article\" \/>\n<meta property=\"og:title\" content=\"Tr\u00e4ningsrum hemma? - se smarta l\u00f6sningar fr\u00e5n Abilica!\" \/>\n<meta property=\"og:description\" content=\"[vc_row full_width=&#8221;stretch_row_content&#8221; full_height=&#8221;yes&#8221; content_placement=&#8221;middle&#8221; css=&#8221;.vc_custom_1757415444551{background-image: url(https:\/\/abilica.com\/wp-content\/uploads\/2025\/09\/DSC00860.jpg?id=69009) !important;background-position: center !important;background-repeat: no-repeat !important;background-size: cover !important;}&#8221;][vc_column][vc_empty_space height=&#8221;62px&#8221;][vc_column_text css_animation=&#8221;fadeInUpBig&#8221;...\" \/>\n<meta property=\"og:url\" content=\"https:\/\/abilica.com\/sv\/\" \/>\n<meta property=\"og:site_name\" content=\"Abilica\" \/>\n<meta property=\"article:publisher\" content=\"https:\/\/www.facebook.com\/abilicahometraining\/\" \/>\n<meta property=\"article:modified_time\" content=\"2025-09-09T10:57:27+00:00\" \/>\n<meta name=\"twitter:card\" content=\"summary_large_image\" \/>\n<meta name=\"twitter:label1\" content=\"Ber\u00e4knad l\u00e4stid\" \/>\n\t<meta name=\"twitter:data1\" content=\"1 minut\" \/>\n<script type=\"application\/ld+json\" class=\"yoast-schema-graph\">{\"@context\":\"https:\/\/schema.org\",\"@graph\":[{\"@type\":\"WebPage\",\"@id\":\"https:\/\/abilica.com\/sv\/\",\"url\":\"https:\/\/abilica.com\/sv\/\",\"name\":\"Tr\u00e4ningsrum hemma? - se smarta l\u00f6sningar fr\u00e5n Abilica! &#8226; Abilica\",\"isPartOf\":{\"@id\":\"https:\/\/abilica.com\/#website\"},\"datePublished\":\"2023-08-04T19:31:28+00:00\",\"dateModified\":\"2025-09-09T10:57:27+00:00\",\"breadcrumb\":{\"@id\":\"https:\/\/abilica.com\/sv\/#breadcrumb\"},\"inLanguage\":\"sv-SE\",\"potentialAction\":[{\"@type\":\"ReadAction\",\"target\":[\"https:\/\/abilica.com\/sv\/\"]}]},{\"@type\":\"BreadcrumbList\",\"@id\":\"https:\/\/abilica.com\/sv\/#breadcrumb\",\"itemListElement\":[{\"@type\":\"ListItem\",\"position\":1,\"name\":\"Hem\",\"item\":\"https:\/\/abilica.com\/sv\/\"},{\"@type\":\"ListItem\",\"position\":2,\"name\":\"Tr\u00e4ningsrum hemma? &#8211; se smarta l\u00f6sningar fr\u00e5n Abilica!\"}]},{\"@type\":\"WebSite\",\"@id\":\"https:\/\/abilica.com\/#website\",\"url\":\"https:\/\/abilica.com\/\",\"name\":\"Abilica\",\"description\":\"Abilica Home Training\",\"potentialAction\":[{\"@type\":\"SearchAction\",\"target\":{\"@type\":\"EntryPoint\",\"urlTemplate\":\"https:\/\/abilica.com\/?s={search_term_string}\"},\"query-input\":{\"@type\":\"PropertyValueSpecification\",\"valueRequired\":true,\"valueName\":\"search_term_string\"}}],\"inLanguage\":\"sv-SE\"}]}<\/script>\n<!-- \/ Yoast SEO Premium plugin. -->","yoast_head_json":{"title":"Tr\u00e4ningsrum hemma? - se smarta l\u00f6sningar fr\u00e5n Abilica! &#8226; Abilica","robots":{"index":"index","follow":"follow","max-snippet":"max-snippet:-1","max-image-preview":"max-image-preview:large","max-video-preview":"max-video-preview:-1"},"canonical":"https:\/\/abilica.com\/sv\/","og_locale":"sv_SE","og_type":"article","og_title":"Tr\u00e4ningsrum hemma? - se smarta l\u00f6sningar fr\u00e5n Abilica!","og_description":"[vc_row full_width=&#8221;stretch_row_content&#8221; full_height=&#8221;yes&#8221; content_placement=&#8221;middle&#8221; css=&#8221;.vc_custom_1757415444551{background-image: url(https:\/\/abilica.com\/wp-content\/uploads\/2025\/09\/DSC00860.jpg?id=69009) !important;background-position: center !important;background-repeat: no-repeat !important;background-size: cover !important;}&#8221;][vc_column][vc_empty_space height=&#8221;62px&#8221;][vc_column_text css_animation=&#8221;fadeInUpBig&#8221;...","og_url":"https:\/\/abilica.com\/sv\/","og_site_name":"Abilica","article_publisher":"https:\/\/www.facebook.com\/abilicahometraining\/","article_modified_time":"2025-09-09T10:57:27+00:00","twitter_card":"summary_large_image","twitter_misc":{"Ber\u00e4knad l\u00e4stid":"1 minut"},"schema":{"@context":"https:\/\/schema.org","@graph":[{"@type":"WebPage","@id":"https:\/\/abilica.com\/sv\/","url":"https:\/\/abilica.com\/sv\/","name":"Tr\u00e4ningsrum hemma? - se smarta l\u00f6sningar fr\u00e5n Abilica! &#8226; Abilica","isPartOf":{"@id":"https:\/\/abilica.com\/#website"},"datePublished":"2023-08-04T19:31:28+00:00","dateModified":"2025-09-09T10:57:27+00:00","breadcrumb":{"@id":"https:\/\/abilica.com\/sv\/#breadcrumb"},"inLanguage":"sv-SE","potentialAction":[{"@type":"ReadAction","target":["https:\/\/abilica.com\/sv\/"]}]},{"@type":"BreadcrumbList","@id":"https:\/\/abilica.com\/sv\/#breadcrumb","itemListElement":[{"@type":"ListItem","position":1,"name":"Hem","item":"https:\/\/abilica.com\/sv\/"},{"@type":"ListItem","position":2,"name":"Tr\u00e4ningsrum hemma? &#8211; se smarta l\u00f6sningar fr\u00e5n Abilica!"}]},{"@type":"WebSite","@id":"https:\/\/abilica.com\/#website","url":"https:\/\/abilica.com\/","name":"Abilica","description":"Abilica Home Training","potentialAction":[{"@type":"SearchAction","target":{"@type":"EntryPoint","urlTemplate":"https:\/\/abilica.com\/?s={search_term_string}"},"query-input":{"@type":"PropertyValueSpecification","valueRequired":true,"valueName":"search_term_string"}}],"inLanguage":"sv-SE"}]}},"_links":{"self":[{"href":"https:\/\/abilica.com\/sv\/wp-json\/wp\/v2\/pages\/64960","targetHints":{"allow":["GET"]}}],"collection":[{"href":"https:\/\/abilica.com\/sv\/wp-json\/wp\/v2\/pages"}],"about":[{"href":"https:\/\/abilica.com\/sv\/wp-json\/wp\/v2\/types\/page"}],"author":[{"embeddable":true,"href":"https:\/\/abilica.com\/sv\/wp-json\/wp\/v2\/users\/13"}],"replies":[{"embeddable":true,"href":"https:\/\/abilica.com\/sv\/wp-json\/wp\/v2\/comments?post=64960"}],"version-history":[{"count":30,"href":"https:\/\/abilica.com\/sv\/wp-json\/wp\/v2\/pages\/64960\/revisions"}],"predecessor-version":[{"id":69012,"href":"https:\/\/abilica.com\/sv\/wp-json\/wp\/v2\/pages\/64960\/revisions\/69012"}],"wp:attachment":[{"href":"https:\/\/abilica.com\/sv\/wp-json\/wp\/v2\/media?parent=64960"}],"curies":[{"name":"wp","href":"https:\/\/api.w.org\/{rel}","templated":true}]}}