{"id":65,"date":"2016-04-12T06:53:45","date_gmt":"2016-04-12T06:53:45","guid":{"rendered":"http:\/\/import.getbowtied.com\/merchandiser-v1.1\/?page_id=65"},"modified":"2017-03-21T12:15:04","modified_gmt":"2017-03-21T12:15:04","slug":"information","status":"publish","type":"page","link":"https:\/\/abilica.com\/sv\/information\/","title":{"rendered":"Information"},"content":{"rendered":"<div class=\"wpb-content-wrapper\"><p>[vc_row full_width=&#8221;stretch_row_content&#8221; css=&#8221;.vc_custom_1459417505309{margin-bottom: 0px !important;padding-top: 15% !important;padding-right: 15% !important;padding-bottom: 15% !important;padding-left: 15% !important;}&#8221;][vc_column offset=&#8221;vc_col-lg-6&#8243;][vc_row_inner css=&#8221;.vc_custom_1459419945512{padding-bottom: 15% !important;}&#8221;][vc_column_inner css=&#8221;.vc_custom_1459418161888{padding-right: 0px !important;padding-left: 0px !important;}&#8221;][vc_single_image image=&#8221;3707&#8243; img_size=&#8221;full&#8221; css=&#8221;.vc_custom_1488205230786{margin-bottom: 0px !important;}&#8221;][\/vc_column_inner][\/vc_row_inner][\/vc_column][vc_column offset=&#8221;vc_col-lg-1&#8243;][\/vc_column][vc_column css=&#8221;.vc_custom_1459418043523{padding-right: 0px !important;padding-left: 0px !important;}&#8221; offset=&#8221;vc_col-lg-5&#8243;][vc_row_inner][vc_column_inner][title text=&#8221;Information&#8221; tag=&#8221;h1&#8243; color=&#8221;#000000&#8243; text_align=&#8221;left&#8221;][vc_column_text css=&#8221;.vc_custom_1490098628983{margin-bottom: 0px !important;padding-top: 10px !important;padding-bottom: 70px !important;}&#8221;]<\/p>\n<p style=\"font-size: 21px;\">H\u00e4r hittar du information om leveranser, garantier och andra fr\u00e5gor du har som kund hos oss. Om du inte hittar svar p\u00e5 dina fr\u00e5gor h\u00e4r f\u00e5r du g\u00e4rna <a href=\"https:\/\/abilica.com\/se\/kontakta-oss\/\">kontakta oss h\u00e4r<\/a>!<\/p>\n<p>[\/vc_column_text][\/vc_column_inner][\/vc_row_inner][vc_tta_accordion style=&#8221;flat&#8221; shape=&#8221;square&#8221; gap=&#8221;5&#8243; c_icon=&#8221;triangle&#8221; c_position=&#8221;right&#8221; active_section=&#8221;&#8221; no_fill=&#8221;true&#8221; collapsible_all=&#8221;true&#8221;][vc_tta_section title=&#8221;Reklamation och returer&#8221; tab_id=&#8221;a1&#8243;][vc_column_text]<span style=\"color: #888888;\">Everyday carry irony lomo, hella jean shorts tilde fashion axe letterpress synth tumblr street art kogi yr. Humblebrag everyday carry 8-bit forage selfies, green juice taxidermy raw denim squid craft beer keytar. Franzen photo booth meggings, migas vinyl PBR&amp;B ethical stumptown wolf moon tousled farm-to-table shabby chic, brooklyn leggings meditation neutra cold-pressed master cleanse chicharrones vice kale chips. Brunch knausgaard tattooed, messenger bag lo-fi neutra disrupt jean shorts direct trade. Intelligentsia narwhal farm-to-table.<\/span>[\/vc_column_text][\/vc_tta_section][vc_tta_section title=&#8221;Leverans&#8221; tab_id=&#8221;a2&#8243;][vc_column_text]<\/p>\n<div class=\"sd-object sd-text-left sd-object-text-image NORMAL Oa6d8c2ef\">\n<p><span style=\"color: #808080;\">Tr\u00e4ningspartner levererar alla produkter och tillbeh\u00f6r kostnadsfritt inom Sverige vid v\u00e4rde \u00f6ver 500kr. F\u00f6r att t\u00e4cka transport\u00f6rens fraktkostnad tar vi ut en fraktavgift p\u00e5 99 kr p\u00e5 ordarr under 500 kr. Leveranstiden \u00e4r normalt ca 5-7 arbetsdagar fr\u00e5n det att ordern l\u00e4mnar lagret, beroende p\u00e5 om produkterna finns p\u00e5 Tr\u00e4ningspartners lager eller om de best\u00e4lls p\u00e5 beg\u00e4ran direkt fr\u00e5n leverant\u00f6rens lager. Vid slutf\u00f6rs\u00e4ljning kan det ta l\u00e4ngre tid att leverera. T\u00e4nk p\u00e5 att du alltid ska kunna visa legitimation vid ombud\/hemleverans av produkterna.\u00a0<\/span><\/p>\n<p><span style=\"color: #808080;\">Leverans av best\u00e4llda varor sker med Schenker eller Bring.<\/span><\/p>\n<div><span style=\"color: #808080;\">\u00a0<\/span><\/div>\n<div><span style=\"color: #808080;\"><strong><u>Mindre paket<\/u><\/strong><\/span><\/div>\n<div><span style=\"color: #808080;\">\u00a0<\/span><\/div>\n<div><span style=\"color: #808080;\">Leverans till utl\u00e4mningsst\u00e4lle:<\/span><\/div>\n<div>\n<p><span style=\"color: #808080;\">Avser best\u00e4llningar med en vikt under 20 kg. F\u00f6rs\u00e4ndelsen anl\u00e4nder till ditt n\u00e4rmsta \u00a0ombud, t.ex. en n\u00e4rliggande livsmedelsbutik. En SMS-avi skickas ut med information om var du kan h\u00e4mta ditt paket. Paketet ska h\u00e4mtas inom 14 dagar f\u00f6r att f\u00f6rhindra att det g\u00e5r i retur.<\/span><\/p>\n<div><span style=\"color: #808080;\">\u00a0<\/span><\/div>\n<div><span style=\"color: #808080;\"><u><strong>St\u00f6rre paket:<\/strong><\/u><\/span><\/div>\n<div><span style=\"color: #808080;\">\u00a0<\/span><\/div>\n<div><span style=\"color: #808080;\">Hemleverans dagtid:<\/span><\/div>\n<div>\n<p><span style=\"color: #808080;\">Anv\u00e4nds vid st\u00f6rre och tyngre gods. Leveransen k\u00f6rs ut till f\u00f6rsta d\u00f6rr n\u00e4rmast din bostad.<strong>\u00a0OBS!<\/strong>\u00a0T\u00e4nk p\u00e5 att transport\u00f6ren\u00a0<strong>INTE<\/strong>\u00a0b\u00e4r in eller b\u00e4r upp s\u00e4ndningen till din bostad, oavsett om du bor i hus eller l\u00e4genhet. Se d\u00e4rf\u00f6r till att du har n\u00e5gon som hj\u00e4lper dig med inb\u00e4rgningen. Bor du d\u00e4r det finns grusg\u00e5ng till bostaden kan Schenker\/Bring ha problem med att leverera den till n\u00e4rmast d\u00f6rr.<\/span><\/p>\n<p><span style=\"color: #808080;\">Notera att vi f\u00f6rutom till Gotland, inte kan leverera till adresser som kr\u00e4ver b\u00e5ttransport inom Sverige.<\/span><\/p>\n<\/div>\n<div><span style=\"color: #808080;\">\u00a0<\/span><\/div>\n<div>\n<p><span style=\"color: #808080;\">T\u00e4nk \u00e4ven p\u00e5 att om du bor p\u00e5 glesbygden eller har ett landst\u00e4lle kan leveranstiden skifta och f\u00f6rl\u00e4ngas med n\u00e5gra dagar plus att spedit\u00f6ren kan ha f\u00e4rre dagar i vecka d\u00e5 de k\u00f6r f\u00f6r utk\u00f6rning.<\/span><\/p>\n<p><span style=\"color: #808080;\">Leverans sker helgfri vardag. Schenker\/bring kontaktar dig f\u00f6r att boka utk\u00f6rning.<\/span><br \/>\n<span style=\"color: #808080;\">\u00a0<\/span><\/p>\n<\/div>\n<div><span style=\"color: #808080;\">Observera att man som mottagare inte kan best\u00e4mma leveransintervall d\u00e5 det styrs av Schenker\/brings fasta rutter p\u00e5 din ort.\u00a0<\/span><\/div>\n<div><span style=\"color: #808080;\">\u00a0<\/span><\/div>\n<\/div>\n<\/div>\n<div class=\"sd-object sd-text-left sd-object-space NORMAL Oa1b506f6\"><span style=\"color: #808080;\">\u00a0<\/span><\/div>\n<div class=\"sd-object sd-text-left sd-object-text-image NORMAL Od6b23660\">\n<p><span style=\"color: #808080;\"><strong>Outl\u00f6sta paket<\/strong><\/span><\/p>\n<p><span style=\"color: #808080;\">Vid hemleveranser ansvarar kunden f\u00f6r att finnas tillg\u00e4nglig p\u00e5 angiven adress\u00a0f\u00f6r mottagande av gods vid tidpunkten som \u00f6verenskommits med distribut\u00f6ren. Om kunden uteblir vid denna adress och tidpunkt har vi Tr\u00e4ningspartner r\u00e4tten att ta ut en avgift p\u00e5 495 kronor f\u00f6r varje ny utk\u00f6rning av godset.<\/span><\/p>\n<p><span style=\"color: #808080;\">Vid paketf\u00f6rs\u00e4ndelser som skall h\u00e4mtas hos ditt lokala ombud kan Avisering ske med vanlig post samt om Kunden l\u00e4mnat mobilnummer, \u00e4ven via telefonsamtal eller SMS. Om Kunden inte h\u00e4mtar ut paketet har vi Tr\u00e4ningspartner r\u00e4tt att debitera dig som kund en avgift p\u00e5 195 kr. Detta g\u00e4ller ocks\u00e5 om transport\u00f6ren inte n\u00e5r dig som kund och s\u00e4ndningen skickas tillbaka till oss.<\/span><br \/>\n<span style=\"color: #808080;\"><strong>Transportskador<\/strong><\/span><br \/>\n<span style=\"color: #808080;\">Risken f\u00f6r varan \u00f6verg\u00e5r p\u00e5 kunden efter mottagandet.\u00a0Vi f\u00f6ljer konsumentverkets riktlinjer och anm\u00e4lan ska g\u00f6ras inom sk\u00e4lig tid efter det att k\u00f6paren m\u00e4rkt eller borde ha m\u00e4rkt felet. Det \u00e4r d\u00e4rf\u00f6r viktigt att du inspekterar dina produkter noggrant.\u00a0<\/span><br \/>\n<span style=\"color: #808080;\">Uppt\u00e4cker du skador p\u00e5 ytterf\u00f6rpackningen skall detta i f\u00f6rsta hand anm\u00e4las direkt p\u00e5 plats till ombudet eller transport\u00f6ren och anges p\u00e5 fraktsedeln.\u00a0Om en transportskada skulle uppst\u00e5 ber vi dig att g\u00f6ra en anm\u00e4lan om skadan till v\u00e5r kundtj\u00e4nst\u00a0<a style=\"color: #808080;\" href=\"http:\/\/traningspartner.se\/kundservice\" target=\"_self\">h\u00e4r<\/a>.\u00a0F\u00f6retag ska anm\u00e4la transportskador inom sju dagar.<\/span><\/p>\n<p><span style=\"color: #808080;\">F\u00f6r att \u00e4rendet ska kunna handl\u00e4ggas p\u00e5 snabbast m\u00f6jliga s\u00e4tt ber vi dig att beh\u00e5lla produktens emballage s\u00e5 att detta kan besiktigas. Beroende p\u00e5 skadans omfattning f\u00f6retas omleverans, avhj\u00e4lpande eller prisavdrag.<\/span><\/p>\n<h2><span style=\"color: #808080;\">\u00a0<\/span><\/h2>\n<p><span style=\"color: #808080;\"><strong>Leveransstatus<\/strong><\/span><br \/>\n<span style=\"color: #808080;\">N\u00e4r vi har tagit emot din order f\u00e5r du en orderbekr\u00e4ftelse av oss via e-post. Du f\u00e5r \u00e4ven ett e-postmeddelande med en l\u00e4nk till\u00a0en leveransstatussida, d\u00e4r du kan f\u00f6lja leveransen fr\u00e5n det att produkten\/produkterna l\u00e4mnar v\u00e5rt lager till dess att de levereras hem till dig.<\/span><br \/>\n<span style=\"color: #808080;\"><strong>Leveransf\u00f6rsening<\/strong><\/span><br \/>\n<span style=\"color: #808080;\">Om en leveransf\u00f6rsening skulle uppst\u00e5 meddelar vi dig detta via e-post om vi inte kan garantera att din order levereras ut fr\u00e5n v\u00e5rt lager inom 5 vardagar. Du som kund har alltid r\u00e4tt att h\u00e4va k\u00f6pet vid leveransf\u00f6rseningar. Vi uppmanar dig som kund att h\u00e4va k\u00f6pet via e-post, d\u00e5 b\u00e5de du som kund och Tr\u00e4ningspartner p\u00e5 s\u00e5 vis tillhandah\u00e5ller dokumentation. Vi kommer att g\u00f6ra v\u00e5rt yttersta f\u00f6r att fullf\u00f6lja din best\u00e4llning. Det kan finnas tillf\u00e4llen som g\u00f6r det om\u00f6jligt att fullf\u00f6lja best\u00e4llningen, till exempel om v\u00e5r leverant\u00f6r inte kan fullf\u00f6lja sitt \u00e5tagande till oss.<\/span><\/p>\n<\/div>\n<p>[\/vc_column_text][\/vc_tta_section][vc_tta_section title=&#8221;K\u00f6pvillkor&#8221; tab_id=&#8221;a3&#8243;][vc_column_text]<span style=\"color: #888888;\">Everyday carry irony lomo, hella jean shorts tilde fashion axe letterpress synth tumblr street art kogi yr. Humblebrag everyday carry 8-bit forage selfies, green juice taxidermy raw denim squid craft beer keytar. Franzen photo booth meggings, migas vinyl PBR&amp;B ethical stumptown wolf moon tousled farm-to-table shabby chic, brooklyn leggings meditation neutra cold-pressed master cleanse chicharrones vice kale chips. Brunch knausgaard tattooed, messenger bag lo-fi neutra disrupt jean shorts direct trade. Intelligentsia narwhal farm-to-table.<\/span>[\/vc_column_text][\/vc_tta_section][vc_tta_section title=&#8221;\u00c5ngerr\u00e4tt&#8221; tab_id=&#8221;a4&#8243;][vc_column_text]<span style=\"color: #808080;\">Som kund ger vi dig 30 dagars \u00e5ngerr\u00e4tt (g\u00e4ller ej f\u00f6r f\u00f6retagsk\u00f6p) Detta inneb\u00e4r att Kunden har r\u00e4tt att \u00e5ngra sitt k\u00f6p genom att meddela Tr\u00e4ningspartner detta inom 30 dagar fr\u00e5n det att Kunden eller Kundens ombud tagit emot den best\u00e4llda vara. Om du \u00e5ngrar ditt k\u00f6p och skickar tillbaka en produkt till oss betalar vi tillbaka beloppet normalt sett inom en vecka fr\u00e5n det att vi har mottagit och kontrollerat returvarorna (vi reserverar oss f\u00f6r att g\u00f6ra avdrag f\u00f6r skada eller slitage p\u00e5 varan). Som kund betalar du sj\u00e4lv eventuell returfrakt som inte f\u00e5r vara postf\u00f6rskott, och \u00e5ngrad produkt ska alltid returneras i v\u00e4sentligt of\u00f6r\u00e4ndrat skick och f\u00f6rsiktigt nedplockad\/emballerad i originalkartong. Konsumenten ansvarar f\u00f6r risken vid returfrakt, denna risk innefattar bland annat att produkten skadas eller kommer bort under frakt, d\u00e4rf\u00f6r rekommenderar vi att anv\u00e4nda ett transports\u00e4tt som har ett kollinummer som g\u00e5r att sp\u00e5ra. \u00c5ngerr\u00e4tt g\u00e4ller endast konsument k\u00f6p. \u00c5ngerr\u00e4tt g\u00e4ller inte vid k\u00f6p av Monterinstj\u00e4nster.<\/span><br \/>\n<span style=\"color: #808080;\">\u00a0<\/span><\/p>\n<p><span style=\"color: #808080;\">Kontakta alltid v\u00e5r kundtj\u00e4nst innan du returnerar din vara.\u00a0<\/span><\/p>\n<p><span style=\"color: #808080;\">\u00d6ppettiderna p\u00e5 kundtj\u00e4nst:<\/span><br \/>\n<span style=\"color: #808080;\">M\u00e5ndag-Torsdag: 10-18<\/span><br \/>\n<span style=\"color: #808080;\">Fredag: 10-16<\/span><br \/>\n<span style=\"color: #808080;\">L\u00f6rdag: 10-14<\/span><\/p>\n<p><span style=\"color: #808080;\">Epost: info@traningspartner.se\u00a0<\/span><\/p>\n<p><span style=\"color: #808080;\"><strong>Varan ska skickas tillbaka till:<\/strong><\/span><\/p>\n<p><span style=\"color: #808080;\">Tr\u00e4ningspartner<\/span><br \/>\n<span style=\"color: #808080;\">Spaljegatan 4<\/span><br \/>\n<span style=\"color: #808080;\">27152 Ystad<\/span><br \/>\n<span style=\"color: #808080;\">Tel. 0411-65504<\/span><br \/>\n<span style=\"color: #808080;\">E-post: info@traningspartner.se<\/span><\/p>\n<p><span style=\"color: #808080;\">Har du fr\u00e5gor kring \u00c5ngerr\u00e4tt kontaka oss\u00a0<a style=\"color: #808080;\" href=\"http:\/\/traningspartner.se\/kundservice\" target=\"_self\">h\u00e4r<\/a>.<\/span><\/p>\n<p><span style=\"color: #808080;\"><a style=\"color: #808080;\" href=\"http:\/\/traningspartner.se\/1.0.2.0\/128\/download_33336.php\" target=\"_self\">H\u00e4mta v\u00e5r returformul\u00e4r h\u00e4r<\/a>.<\/span>[\/vc_column_text][\/vc_tta_section][vc_tta_section title=&#8221;Garanti&#8221; tab_id=&#8221;a5&#8243;][vc_column_text]<\/p>\n<div class=\"sd-object sd-text-left sd-object-text-image NORMAL Oe56cd01e\">\n<p><span style=\"color: #808080;\">F\u00f6r att garantin ska g\u00e4lla s\u00e5 m\u00e5ste produkterna ha hanterats p\u00e5 normalt s\u00e4tt och inte utsatts f\u00f6r p\u00e5frestningar ut\u00f6ver det vanliga. Vid slarv eller felaktig hantering s\u00e5 g\u00e4ller inga garantier. Garantin g\u00e4ller inte heller vid \u00e5sknedslag eller liknande v\u00e4derp\u00e5verkan. Kvittot p\u00e5 betald vara g\u00e4ller som garantisedel.\u00a0<\/span><\/p>\n<p><span style=\"color: #808080;\">Alla v\u00e5ra produkter m\u00f6ter samtliga EU krav p\u00e5 s\u00e4kerhet. Samtliga konditionsmaskiner och styrkemaskiner levereras med 2 \u00e5rs garanti (vid hemmabruk) om inget annat n\u00e4ms. Du har enligt konsumentsk\u00f6pslagen r\u00e4tt att reklamera en vara inom 3 \u00e5r under f\u00f6ruts\u00e4ttning att du kan p\u00e5visa att felet \u00e4r ursprungligt och inte beror p\u00e5 slitage eller onormalt anv\u00e4ndande.<\/span><\/p>\n<p><span style=\"color: #808080;\">Produkter som \u00e4r av &#8221;l\u00e4tt komersiell&#8221; standard och anv\u00e4nds i l\u00e4ttare kommersiell milj\u00f6 (dvs f\u00f6retag, bostadsr\u00e4ttsf\u00f6reningar, mer mera), har ett \u00e5rs garanti. Tr\u00e4ningsprodukter avsedda f\u00f6r hemmatr\u00e4ning och som anv\u00e4nds utanf\u00f6r hemmet anses strida mot garantibest\u00e4mmelserna och d\u00e4rmed g\u00e4ller inte garantin.<\/span><\/p>\n<p><span style=\"color: #808080;\">Garanti r\u00e4knas fr\u00e5n fakturadatum &#8211; beh\u00e5ll fakturan som garantibevis.<\/span><\/p>\n<p><span style=\"color: #808080;\"><strong>Garantin omfattas inte<\/strong><\/span><br \/>\n<span style=\"color: #808080;\"> &#8211; Detaljer av f\u00f6rbrukningskarakt\u00e4r, s\u00e5som t ex. batterier<\/span><br \/>\n<span style=\"color: #808080;\"> &#8211; F\u00f6rslitnings eller f\u00f6r\u00e4ndring av varan som \u00e4r en f\u00f6ljd av normal produkt anv\u00e4ndning<\/span><br \/>\n<span style=\"color: #808080;\"> &#8211; Inst\u00e4llnings &#8211; eller justerings\u00e5tg\u00e4rdar som \u00e4r avsedda att utf\u00f6ras av anv\u00e4ndaren<\/span><\/p>\n<\/div>\n<p class=\"sd-object sd-text-left sd-object-space NORMAL O0b62b132\"><span style=\"color: #808080;\"><strong><u>Ansvarsbegr\u00e4nsningar* &#8211; vi ansvarar inte f\u00f6r fel som uppkommit genom att:<br \/>\n<\/u><\/strong>&#8211; produkten inte sk\u00f6tts eller brukats i enlighet med bruksanvisningen.<\/span><br \/>\n<span style=\"color: #808080;\">&#8211; produkten utsatts f\u00f6r onormalt brukande eller n\u00e5got liknande f\u00f6rh\u00e5llande.<br \/>\n&#8211; produkten vanv\u00e5rdats.<br \/>\n&#8211; produkten varit utsatt f\u00f6r olycksh\u00e4ndelse eller annan yttre p\u00e5verkan.<br \/>\n&#8211; produkten varit utsatt f\u00f6r elektriska \u00f6versp\u00e4nningar t ex. askv\u00e4der eller fel i elledningen.<br \/>\n&#8211; produkten ombyggts eller \u00e4ndrats.<br \/>\n&#8211; annat \u00e4n originaldelar monterats eller n\u00e5gon liknande \u00e5tg\u00e4rd vidtagits av k\u00f6paren.<\/span><\/p>\n<div class=\"sd-object sd-text-left sd-object-text-image NORMAL O926be088\">\n<p><span style=\"color: #808080;\">* I dessa fall tas en avgift ut f\u00f6r felunders\u00f6kning vid en eventuell unders\u00f6kning.<\/span><\/p>\n<p><span style=\"color: #808080;\">Vid reklamation,\u00a0<a style=\"color: #808080;\" href=\"http:\/\/traningspartner.se\/servicesupport-reklamation\" target=\"_self\">fyll i serviceformul\u00e4ret h\u00e4r<\/a>\u00a0eller kontakta oss:<\/span><br \/>\n<span style=\"color: #808080;\"> Tr\u00e4ningspartner<\/span><br \/>\n<span style=\"color: #808080;\"> Spalj\u00e9gatan 4<\/span><br \/>\n<span style=\"color: #808080;\"> 271 52 \u00a0Ystad<\/span><br \/>\n<span style=\"color: #808080;\"> Tel. 0411-65504<\/span><br \/>\n<span style=\"color: #808080;\"> E-post: info@traningspartner.se<\/span><\/p>\n<\/div>\n<p>[\/vc_column_text][\/vc_tta_section][vc_tta_section title=&#8221;Handla och betala&#8221; tab_id=&#8221;1488205180103-7a632e7c-7660&#8243;][vc_column_text]<span style=\"color: #888888;\">Everyday carry irony lomo, hella jean shorts tilde fashion axe letterpress synth tumblr street art kogi yr. Humblebrag everyday carry 8-bit forage selfies, green juice taxidermy raw denim squid craft beer keytar. Franzen photo booth meggings, migas vinyl PBR&amp;B ethical stumptown wolf moon tousled farm-to-table shabby chic, brooklyn leggings meditation neutra cold-pressed master cleanse chicharrones vice kale chips. Brunch knausgaard tattooed, messenger bag lo-fi neutra disrupt jean shorts direct trade. Intelligentsia narwhal farm-to-table.<\/span>[\/vc_column_text][\/vc_tta_section][\/vc_tta_accordion][\/vc_column][\/vc_row]<\/p>\n<\/div>","protected":false},"excerpt":{"rendered":"<p>[vc_row full_width=&#8221;stretch_row_content&#8221; css=&#8221;.vc_custom_1459417505309{margin-bottom: 0px !important;padding-top: 15% !important;padding-right: 15% !important;padding-bottom: 15% !important;padding-left: 15% !important;}&#8221;][vc_column offset=&#8221;vc_col-lg-6&#8243;][vc_row_inner css=&#8221;.vc_custom_1459419945512{padding-bottom:&#8230;<\/p>\n","protected":false},"author":2,"featured_media":0,"parent":0,"menu_order":0,"comment_status":"closed","ping_status":"closed","template":"","meta":{"_acf_changed":false,"footnotes":""},"class_list":["post-65","page","type-page","status-publish","hentry"],"acf":[],"yoast_head":"<!-- This site is optimized with the Yoast SEO Premium plugin v21.1 (Yoast SEO v25.4) - https:\/\/yoast.com\/wordpress\/plugins\/seo\/ -->\n<title>Information &#8226; Abilica<\/title>\n<meta name=\"robots\" content=\"index, follow, max-snippet:-1, max-image-preview:large, max-video-preview:-1\" \/>\n<link rel=\"canonical\" href=\"https:\/\/abilica.com\/sv\/information\/\" \/>\n<meta property=\"og:locale\" content=\"sv_SE\" \/>\n<meta property=\"og:type\" content=\"article\" \/>\n<meta property=\"og:title\" content=\"Information\" \/>\n<meta property=\"og:description\" content=\"[vc_row full_width=&#8221;stretch_row_content&#8221; css=&#8221;.vc_custom_1459417505309{margin-bottom: 0px !important;padding-top: 15% !important;padding-right: 15% !important;padding-bottom: 15% !important;padding-left: 15% !important;}&#8221;][vc_column offset=&#8221;vc_col-lg-6&#8243;][vc_row_inner css=&#8221;.vc_custom_1459419945512{padding-bottom:...\" \/>\n<meta property=\"og:url\" content=\"https:\/\/abilica.com\/sv\/information\/\" \/>\n<meta property=\"og:site_name\" content=\"Abilica\" \/>\n<meta property=\"article:publisher\" content=\"https:\/\/www.facebook.com\/abilicahometraining\/\" \/>\n<meta property=\"article:modified_time\" content=\"2017-03-21T12:15:04+00:00\" \/>\n<meta name=\"twitter:card\" content=\"summary_large_image\" \/>\n<meta name=\"twitter:label1\" content=\"Ber\u00e4knad l\u00e4stid\" \/>\n\t<meta name=\"twitter:data1\" content=\"10 minuter\" \/>\n<script type=\"application\/ld+json\" class=\"yoast-schema-graph\">{\"@context\":\"https:\/\/schema.org\",\"@graph\":[{\"@type\":\"WebPage\",\"@id\":\"https:\/\/abilica.com\/sv\/information\/\",\"url\":\"https:\/\/abilica.com\/sv\/information\/\",\"name\":\"Information &#8226; Abilica\",\"isPartOf\":{\"@id\":\"https:\/\/abilica.com\/#website\"},\"datePublished\":\"2016-04-12T06:53:45+00:00\",\"dateModified\":\"2017-03-21T12:15:04+00:00\",\"breadcrumb\":{\"@id\":\"https:\/\/abilica.com\/sv\/information\/#breadcrumb\"},\"inLanguage\":\"sv-SE\",\"potentialAction\":[{\"@type\":\"ReadAction\",\"target\":[\"https:\/\/abilica.com\/sv\/information\/\"]}]},{\"@type\":\"BreadcrumbList\",\"@id\":\"https:\/\/abilica.com\/sv\/information\/#breadcrumb\",\"itemListElement\":[{\"@type\":\"ListItem\",\"position\":1,\"name\":\"Hem\",\"item\":\"https:\/\/abilica.com\/sv\/\"},{\"@type\":\"ListItem\",\"position\":2,\"name\":\"Information\"}]},{\"@type\":\"WebSite\",\"@id\":\"https:\/\/abilica.com\/#website\",\"url\":\"https:\/\/abilica.com\/\",\"name\":\"Abilica\",\"description\":\"Abilica Home Training\",\"potentialAction\":[{\"@type\":\"SearchAction\",\"target\":{\"@type\":\"EntryPoint\",\"urlTemplate\":\"https:\/\/abilica.com\/?s={search_term_string}\"},\"query-input\":{\"@type\":\"PropertyValueSpecification\",\"valueRequired\":true,\"valueName\":\"search_term_string\"}}],\"inLanguage\":\"sv-SE\"}]}<\/script>\n<!-- \/ Yoast SEO Premium plugin. -->","yoast_head_json":{"title":"Information &#8226; Abilica","robots":{"index":"index","follow":"follow","max-snippet":"max-snippet:-1","max-image-preview":"max-image-preview:large","max-video-preview":"max-video-preview:-1"},"canonical":"https:\/\/abilica.com\/sv\/information\/","og_locale":"sv_SE","og_type":"article","og_title":"Information","og_description":"[vc_row full_width=&#8221;stretch_row_content&#8221; css=&#8221;.vc_custom_1459417505309{margin-bottom: 0px !important;padding-top: 15% !important;padding-right: 15% !important;padding-bottom: 15% !important;padding-left: 15% !important;}&#8221;][vc_column offset=&#8221;vc_col-lg-6&#8243;][vc_row_inner css=&#8221;.vc_custom_1459419945512{padding-bottom:...","og_url":"https:\/\/abilica.com\/sv\/information\/","og_site_name":"Abilica","article_publisher":"https:\/\/www.facebook.com\/abilicahometraining\/","article_modified_time":"2017-03-21T12:15:04+00:00","twitter_card":"summary_large_image","twitter_misc":{"Ber\u00e4knad l\u00e4stid":"10 minuter"},"schema":{"@context":"https:\/\/schema.org","@graph":[{"@type":"WebPage","@id":"https:\/\/abilica.com\/sv\/information\/","url":"https:\/\/abilica.com\/sv\/information\/","name":"Information &#8226; Abilica","isPartOf":{"@id":"https:\/\/abilica.com\/#website"},"datePublished":"2016-04-12T06:53:45+00:00","dateModified":"2017-03-21T12:15:04+00:00","breadcrumb":{"@id":"https:\/\/abilica.com\/sv\/information\/#breadcrumb"},"inLanguage":"sv-SE","potentialAction":[{"@type":"ReadAction","target":["https:\/\/abilica.com\/sv\/information\/"]}]},{"@type":"BreadcrumbList","@id":"https:\/\/abilica.com\/sv\/information\/#breadcrumb","itemListElement":[{"@type":"ListItem","position":1,"name":"Hem","item":"https:\/\/abilica.com\/sv\/"},{"@type":"ListItem","position":2,"name":"Information"}]},{"@type":"WebSite","@id":"https:\/\/abilica.com\/#website","url":"https:\/\/abilica.com\/","name":"Abilica","description":"Abilica Home Training","potentialAction":[{"@type":"SearchAction","target":{"@type":"EntryPoint","urlTemplate":"https:\/\/abilica.com\/?s={search_term_string}"},"query-input":{"@type":"PropertyValueSpecification","valueRequired":true,"valueName":"search_term_string"}}],"inLanguage":"sv-SE"}]}},"_links":{"self":[{"href":"https:\/\/abilica.com\/sv\/wp-json\/wp\/v2\/pages\/65","targetHints":{"allow":["GET"]}}],"collection":[{"href":"https:\/\/abilica.com\/sv\/wp-json\/wp\/v2\/pages"}],"about":[{"href":"https:\/\/abilica.com\/sv\/wp-json\/wp\/v2\/types\/page"}],"author":[{"embeddable":true,"href":"https:\/\/abilica.com\/sv\/wp-json\/wp\/v2\/users\/2"}],"replies":[{"embeddable":true,"href":"https:\/\/abilica.com\/sv\/wp-json\/wp\/v2\/comments?post=65"}],"version-history":[{"count":0,"href":"https:\/\/abilica.com\/sv\/wp-json\/wp\/v2\/pages\/65\/revisions"}],"wp:attachment":[{"href":"https:\/\/abilica.com\/sv\/wp-json\/wp\/v2\/media?parent=65"}],"curies":[{"name":"wp","href":"https:\/\/api.w.org\/{rel}","templated":true}]}}