{"id":1012,"date":"2015-02-27T00:00:00","date_gmt":"2015-02-26T23:00:00","guid":{"rendered":"https:\/\/abilica.com\/se\/produkt\/abilica-legpress\/"},"modified":"2025-06-26T07:41:33","modified_gmt":"2025-06-26T06:41:33","slug":"abilica-legpress","status":"publish","type":"product","link":"https:\/\/abilica.com\/sv\/styrka\/multigym-2\/abilica-legpress\/","title":{"rendered":"Abilica LegPress"},"content":{"rendered":"<div class=\"wpb-content-wrapper\"><p>[vc_row][vc_column][vc_column_text]Kraftig apparat f\u00f6r tr\u00e4ning av benmuskulaturen. M\u00f6jlighet f\u00f6r 4 olika \u00f6vningar t.ex. benpress, kn\u00e4b\u00f6j med fram\u00e5tlutad rygg och vikt p\u00e5 korsryggen (donkey squats) och t\u00e5h\u00e4v. Abilica LegPress har en rad justeringar f\u00f6r individuell anpassning. Plats f\u00f6r ca 250 kg med viktskivor. Levereras f\u00f6r 50 mm viktskivor. (Kan anpassas till 25\/30 mm viktskivor vid best\u00e4llning av ombyggnadsenhet). Vikt 155 kg. Livstidsgaranti vid anv\u00e4ndning i hemmet.[\/vc_column_text][\/vc_column][\/vc_row][vc_row][vc_column][vc_empty_space height=&#8221;52px&#8221;][vc_btn title=&#8221;Teknisk information&#8221; style=&#8221;flat&#8221; color=&#8221;black&#8221; i_icon_fontawesome=&#8221;fa fa-file-pdf-o&#8221; add_icon=&#8221;true&#8221; link=&#8221;url:https%3A%2F%2Fabilica.com%2Fse%2Fwp-content%2Fuploads%2F2020%2F09%2FBenches-multigyms-racks.pdf|||&#8221;][vc_btn title=&#8221;Anv\u00e4ndarmanual&#8221; style=&#8221;flat&#8221; color=&#8221;black&#8221; i_icon_fontawesome=&#8221;fa fa-file-pdf-o&#8221; add_icon=&#8221;true&#8221; link=&#8221;url:https%3A%2F%2Fabilica.com%2Fse%2Fwp-content%2Fuploads%2F2021%2F01%2FAbilica-LegPress.pdf|||&#8221;][vc_btn title=&#8221;Underh\u00e5llstips&#8221; style=&#8221;flat&#8221; color=&#8221;black&#8221; i_icon_fontawesome=&#8221;fa fa-align-left&#8221; add_icon=&#8221;true&#8221; link=&#8221;url:https%3A%2F%2Fabilica.com%2Fse%2Ftraningsartiklar%2Ftraningstips-for-kondition%2Funderhall-av-traningsmaskiner%2F|||&#8221;][\/vc_column][\/vc_row]<\/p>\n<\/div>","protected":false},"excerpt":{"rendered":"<p>Mycket kraftig benpressapparat speciellt utvecklad f\u00f6r f\u00f6retagsmarknaden. H\u00f6g fokus p\u00e5 s\u00e4kerhet och komfort. Platsbesparande design.<\/p>\n","protected":false},"featured_media":16484,"template":"","meta":{"_acf_changed":false},"product_brand":[],"product_cat":[483,471],"product_tag":[49,34],"class_list":{"0":"post-1012","1":"product","2":"type-product","3":"status-publish","4":"has-post-thumbnail","6":"product_cat-multigym-2","7":"product_cat-styrka","8":"product_tag-premium","9":"product_tag-styrka","11":"first","12":"instock","13":"product-type-simple"},"acf":[],"yoast_head":"<!-- This site is optimized with the Yoast SEO Premium plugin v21.1 (Yoast SEO v25.4) - https:\/\/yoast.com\/wordpress\/plugins\/seo\/ -->\n<title>Abilica LegPress Abilica<\/title>\n<meta name=\"robots\" content=\"index, follow, max-snippet:-1, max-image-preview:large, max-video-preview:-1\" \/>\n<link rel=\"canonical\" href=\"https:\/\/abilica.com\/sv\/styrka\/multigym-2\/abilica-legpress\/\" \/>\n<meta property=\"og:locale\" content=\"sv_SE\" \/>\n<meta property=\"og:type\" content=\"article\" \/>\n<meta property=\"og:title\" content=\"Abilica LegPress\" \/>\n<meta property=\"og:description\" content=\"Mycket kraftig benpressapparat speciellt utvecklad f\u00f6r f\u00f6retagsmarknaden. H\u00f6g fokus p\u00e5 s\u00e4kerhet och komfort. Platsbesparande design.\" \/>\n<meta property=\"og:url\" content=\"https:\/\/abilica.com\/sv\/styrka\/multigym-2\/abilica-legpress\/\" \/>\n<meta property=\"og:site_name\" content=\"Abilica\" \/>\n<meta property=\"article:publisher\" content=\"https:\/\/www.facebook.com\/abilicahometraining\/\" \/>\n<meta property=\"article:modified_time\" content=\"2025-06-26T06:41:33+00:00\" \/>\n<meta property=\"og:image\" content=\"https:\/\/abilica.com\/wp-content\/uploads\/2017\/03\/131660.jpg\" \/>\n\t<meta property=\"og:image:width\" content=\"1200\" \/>\n\t<meta property=\"og:image:height\" content=\"1200\" \/>\n\t<meta property=\"og:image:type\" content=\"image\/jpeg\" \/>\n<meta name=\"twitter:card\" content=\"summary_large_image\" \/>\n<meta name=\"twitter:label1\" content=\"Ber\u00e4knad l\u00e4stid\" \/>\n\t<meta name=\"twitter:data1\" content=\"1 minut\" \/>\n<script type=\"application\/ld+json\" class=\"yoast-schema-graph\">{\"@context\":\"https:\/\/schema.org\",\"@graph\":[{\"@type\":\"WebPage\",\"@id\":\"https:\/\/abilica.com\/sv\/styrka\/multigym-2\/abilica-legpress\/\",\"url\":\"https:\/\/abilica.com\/sv\/styrka\/multigym-2\/abilica-legpress\/\",\"name\":\"Abilica LegPress Abilica\",\"isPartOf\":{\"@id\":\"https:\/\/abilica.com\/#website\"},\"primaryImageOfPage\":{\"@id\":\"https:\/\/abilica.com\/sv\/styrka\/multigym-2\/abilica-legpress\/#primaryimage\"},\"image\":{\"@id\":\"https:\/\/abilica.com\/sv\/styrka\/multigym-2\/abilica-legpress\/#primaryimage\"},\"thumbnailUrl\":\"https:\/\/abilica.com\/wp-content\/uploads\/2017\/03\/131660.jpg\",\"datePublished\":\"2015-02-26T23:00:00+00:00\",\"dateModified\":\"2025-06-26T06:41:33+00:00\",\"breadcrumb\":{\"@id\":\"https:\/\/abilica.com\/sv\/styrka\/multigym-2\/abilica-legpress\/#breadcrumb\"},\"inLanguage\":\"sv-SE\",\"potentialAction\":[{\"@type\":\"ReadAction\",\"target\":[\"https:\/\/abilica.com\/sv\/styrka\/multigym-2\/abilica-legpress\/\"]}]},{\"@type\":\"ImageObject\",\"inLanguage\":\"sv-SE\",\"@id\":\"https:\/\/abilica.com\/sv\/styrka\/multigym-2\/abilica-legpress\/#primaryimage\",\"url\":\"https:\/\/abilica.com\/wp-content\/uploads\/2017\/03\/131660.jpg\",\"contentUrl\":\"https:\/\/abilica.com\/wp-content\/uploads\/2017\/03\/131660.jpg\",\"width\":1200,\"height\":1200},{\"@type\":\"BreadcrumbList\",\"@id\":\"https:\/\/abilica.com\/sv\/styrka\/multigym-2\/abilica-legpress\/#breadcrumb\",\"itemListElement\":[{\"@type\":\"ListItem\",\"position\":1,\"name\":\"Hem\",\"item\":\"https:\/\/abilica.com\/sv\/\"},{\"@type\":\"ListItem\",\"position\":2,\"name\":\"Produkter\",\"item\":\"https:\/\/abilica.com\/sv\/shop\/\"},{\"@type\":\"ListItem\",\"position\":3,\"name\":\"Abilica LegPress\"}]},{\"@type\":\"WebSite\",\"@id\":\"https:\/\/abilica.com\/#website\",\"url\":\"https:\/\/abilica.com\/\",\"name\":\"Abilica\",\"description\":\"Abilica Home Training\",\"potentialAction\":[{\"@type\":\"SearchAction\",\"target\":{\"@type\":\"EntryPoint\",\"urlTemplate\":\"https:\/\/abilica.com\/?s={search_term_string}\"},\"query-input\":{\"@type\":\"PropertyValueSpecification\",\"valueRequired\":true,\"valueName\":\"search_term_string\"}}],\"inLanguage\":\"sv-SE\"}]}<\/script>\n<!-- \/ Yoast SEO Premium plugin. -->","yoast_head_json":{"title":"Abilica LegPress Abilica","robots":{"index":"index","follow":"follow","max-snippet":"max-snippet:-1","max-image-preview":"max-image-preview:large","max-video-preview":"max-video-preview:-1"},"canonical":"https:\/\/abilica.com\/sv\/styrka\/multigym-2\/abilica-legpress\/","og_locale":"sv_SE","og_type":"article","og_title":"Abilica LegPress","og_description":"Mycket kraftig benpressapparat speciellt utvecklad f\u00f6r f\u00f6retagsmarknaden. H\u00f6g fokus p\u00e5 s\u00e4kerhet och komfort. Platsbesparande design.","og_url":"https:\/\/abilica.com\/sv\/styrka\/multigym-2\/abilica-legpress\/","og_site_name":"Abilica","article_publisher":"https:\/\/www.facebook.com\/abilicahometraining\/","article_modified_time":"2025-06-26T06:41:33+00:00","og_image":[{"width":1200,"height":1200,"url":"https:\/\/abilica.com\/wp-content\/uploads\/2017\/03\/131660.jpg","type":"image\/jpeg"}],"twitter_card":"summary_large_image","twitter_misc":{"Ber\u00e4knad l\u00e4stid":"1 minut"},"schema":{"@context":"https:\/\/schema.org","@graph":[{"@type":"WebPage","@id":"https:\/\/abilica.com\/sv\/styrka\/multigym-2\/abilica-legpress\/","url":"https:\/\/abilica.com\/sv\/styrka\/multigym-2\/abilica-legpress\/","name":"Abilica LegPress Abilica","isPartOf":{"@id":"https:\/\/abilica.com\/#website"},"primaryImageOfPage":{"@id":"https:\/\/abilica.com\/sv\/styrka\/multigym-2\/abilica-legpress\/#primaryimage"},"image":{"@id":"https:\/\/abilica.com\/sv\/styrka\/multigym-2\/abilica-legpress\/#primaryimage"},"thumbnailUrl":"https:\/\/abilica.com\/wp-content\/uploads\/2017\/03\/131660.jpg","datePublished":"2015-02-26T23:00:00+00:00","dateModified":"2025-06-26T06:41:33+00:00","breadcrumb":{"@id":"https:\/\/abilica.com\/sv\/styrka\/multigym-2\/abilica-legpress\/#breadcrumb"},"inLanguage":"sv-SE","potentialAction":[{"@type":"ReadAction","target":["https:\/\/abilica.com\/sv\/styrka\/multigym-2\/abilica-legpress\/"]}]},{"@type":"ImageObject","inLanguage":"sv-SE","@id":"https:\/\/abilica.com\/sv\/styrka\/multigym-2\/abilica-legpress\/#primaryimage","url":"https:\/\/abilica.com\/wp-content\/uploads\/2017\/03\/131660.jpg","contentUrl":"https:\/\/abilica.com\/wp-content\/uploads\/2017\/03\/131660.jpg","width":1200,"height":1200},{"@type":"BreadcrumbList","@id":"https:\/\/abilica.com\/sv\/styrka\/multigym-2\/abilica-legpress\/#breadcrumb","itemListElement":[{"@type":"ListItem","position":1,"name":"Hem","item":"https:\/\/abilica.com\/sv\/"},{"@type":"ListItem","position":2,"name":"Produkter","item":"https:\/\/abilica.com\/sv\/shop\/"},{"@type":"ListItem","position":3,"name":"Abilica LegPress"}]},{"@type":"WebSite","@id":"https:\/\/abilica.com\/#website","url":"https:\/\/abilica.com\/","name":"Abilica","description":"Abilica Home Training","potentialAction":[{"@type":"SearchAction","target":{"@type":"EntryPoint","urlTemplate":"https:\/\/abilica.com\/?s={search_term_string}"},"query-input":{"@type":"PropertyValueSpecification","valueRequired":true,"valueName":"search_term_string"}}],"inLanguage":"sv-SE"}]}},"_links":{"self":[{"href":"https:\/\/abilica.com\/sv\/wp-json\/wp\/v2\/product\/1012","targetHints":{"allow":["GET"]}}],"collection":[{"href":"https:\/\/abilica.com\/sv\/wp-json\/wp\/v2\/product"}],"about":[{"href":"https:\/\/abilica.com\/sv\/wp-json\/wp\/v2\/types\/product"}],"wp:featuredmedia":[{"embeddable":true,"href":"https:\/\/abilica.com\/sv\/wp-json\/wp\/v2\/media\/16484"}],"wp:attachment":[{"href":"https:\/\/abilica.com\/sv\/wp-json\/wp\/v2\/media?parent=1012"}],"wp:term":[{"taxonomy":"product_brand","embeddable":true,"href":"https:\/\/abilica.com\/sv\/wp-json\/wp\/v2\/product_brand?post=1012"},{"taxonomy":"product_cat","embeddable":true,"href":"https:\/\/abilica.com\/sv\/wp-json\/wp\/v2\/product_cat?post=1012"},{"taxonomy":"product_tag","embeddable":true,"href":"https:\/\/abilica.com\/sv\/wp-json\/wp\/v2\/product_tag?post=1012"}],"curies":[{"name":"wp","href":"https:\/\/api.w.org\/{rel}","templated":true}]}}