{"id":1081,"date":"2015-02-27T00:00:00","date_gmt":"2015-02-26T23:00:00","guid":{"rendered":"https:\/\/abilica.com\/se\/produkt\/abilica-gymrings\/"},"modified":"2024-09-30T12:00:36","modified_gmt":"2024-09-30T11:00:36","slug":"abilica-gymrings","status":"publish","type":"product","link":"https:\/\/abilica.com\/sv\/styrka\/romerska-ringar\/abilica-gymrings\/","title":{"rendered":"Abilica GymRings"},"content":{"rendered":"<div class=\"wpb-content-wrapper\"><p>[vc_row][vc_column][vc_column_text]Abilica GymRings \u00e4r en del av Abilica Active-konceptet. Dom romerska ringarna tar det roligaste fr\u00e5n gymnastiken i skolan och placerar det r\u00e4tt i ditt hem! Eller s\u00e5 kan du ta dem utomhus och f\u00e4sta dem i ett tr\u00e4d? H\u00e4r f\u00e5r du hela kroppen aktiverad, genom samordning, kroppskontroll &#8211; medvetet eller omedvetet. Du kan ocks\u00e5 anv\u00e4nda den som en sele f\u00f6r andra typer av \u00f6vningar och l\u00e5ta din fantasi styra aktiviteten. H\u00e4r kan tv\u00e5 barn aktiveras samtidigt och repets l\u00e4ngd kan justeras utifr\u00e5n aktivitet och kroppsh\u00f6jd. F\u00f6r\u00e4ldrar kan ocks\u00e5 delta i leken eller g\u00f6ra \u00f6vningar tillsammans. Inte l\u00e4mplig f\u00f6r barn under 3 \u00e5r.<\/p>\n<p><strong>TEKNISK INFORMATION<\/strong><\/p>\n<p><strong>Storlek<br \/>\n<\/strong>Rep med 1,2 cm diameter<br \/>\n14 cm inre m\u00e5tt p\u00e5 ringarna<br \/>\n19,6 cm yttre m\u00e5tt p\u00e5 ringarna<\/p>\n<p><strong>Material<br \/>\n<\/strong>PE (rep), PP (ringar) och st\u00e5lringar.<\/p>\n<p><strong>Max anv\u00e4ndarvikt<br \/>\n<\/strong>135 kg<\/p>\n<p><img loading=\"lazy\" decoding=\"async\" class=\"alignnone wp-image-33246\" src=\"https:\/\/abilica.com\/no\/wp-content\/uploads\/2020\/05\/indoor-outdoor-use-300x236.png\" alt=\"\" width=\"100\" height=\"79\" \/><\/p>\n<p><i>Abilica Active is a series of playful products designed for families to stay active and healthy in everyday life.\u00a0<\/i><i>Spend time with your family, stay active, healthy and playful together.\u00a0<\/i><i>Our products inspire to physical activity through play in your own home and bring families together.\u00a0<\/i><i>Training equipment made for children and approved for the European market.<\/i><\/p>\n<p><i>Contains <\/i><b><i>NO <\/i><\/b><i>poisonous materials.<\/i>[\/vc_column_text][vc_column_text el_class=&#8221;product-video&#8221;]<\/p>\n<div style=\"width: 640px;\" class=\"wp-video\"><!--[if lt IE 9]><script>document.createElement('video');<\/script><![endif]-->\n<video class=\"wp-video-shortcode\" id=\"video-1081-1\" width=\"640\" height=\"360\" poster=\"https:\/\/abilica.com\/se\/wp-content\/uploads\/2020\/05\/885100_image7.jpg\" preload=\"metadata\" controls=\"controls\"><source type=\"video\/mp4\" src=\"https:\/\/abilica.com\/se\/wp-content\/uploads\/2019\/08\/Abilica-GymRings.mp4?_=1\" \/><a href=\"https:\/\/abilica.com\/se\/wp-content\/uploads\/2019\/08\/Abilica-GymRings.mp4\">https:\/\/abilica.com\/se\/wp-content\/uploads\/2019\/08\/Abilica-GymRings.mp4<\/a><\/video><\/div>\n<p>[\/vc_column_text][vc_column_text el_class=&#8221;product-video&#8221;]We are proud to be a part of Generation Pep \u2013 helping kids and youth in Sweden to live and desire an active and healthy life.<\/p>\n<p><b><img loading=\"lazy\" decoding=\"async\" class=\"alignnone wp-image-33247\" src=\"https:\/\/abilica.com\/no\/wp-content\/uploads\/2019\/06\/Untitled-1-2.png\" sizes=\"auto, (max-width: 75px) 100vw, 75px\" srcset=\"https:\/\/abilica.com\/no\/wp-content\/uploads\/2019\/06\/Untitled-1-2.png 300w, https:\/\/abilica.com\/no\/wp-content\/uploads\/2019\/06\/Untitled-1-2-150x150.png 150w, https:\/\/abilica.com\/no\/wp-content\/uploads\/2019\/06\/Untitled-1-2-100x100.png 100w\" alt=\"\" width=\"75\" height=\"75\" \/><\/b>[\/vc_column_text][\/vc_column][\/vc_row]<\/p>\n<\/div>","protected":false},"excerpt":{"rendered":"<p>[vc_row][vc_column][vc_column_text]Abilica GymRings \u00e4r en del av Abilica Active-konceptet. Dom romerska ringarna tar det roligaste fr\u00e5n&#8230;<\/p>\n","protected":false},"featured_media":16342,"template":"","meta":{"_acf_changed":false},"product_brand":[],"product_cat":[508,471],"product_tag":[174,177,34,179],"class_list":{"0":"post-1081","1":"product","2":"type-product","3":"status-publish","4":"has-post-thumbnail","6":"product_cat-romerska-ringar","7":"product_cat-styrka","8":"product_tag-active","9":"product_tag-small-items","10":"product_tag-styrka","11":"product_tag-summer-workout","13":"first","14":"outofstock","15":"product-type-simple"},"acf":[],"yoast_head":"<!-- This site is optimized with the Yoast SEO Premium plugin v21.1 (Yoast SEO v25.4) - https:\/\/yoast.com\/wordpress\/plugins\/seo\/ -->\n<title>Abilica GymRings Abilica<\/title>\n<meta name=\"robots\" content=\"index, follow, max-snippet:-1, max-image-preview:large, max-video-preview:-1\" \/>\n<link rel=\"canonical\" href=\"https:\/\/abilica.com\/sv\/styrka\/romerska-ringar\/abilica-gymrings\/\" \/>\n<meta property=\"og:locale\" content=\"sv_SE\" \/>\n<meta property=\"og:type\" content=\"article\" \/>\n<meta property=\"og:title\" content=\"Abilica GymRings\" \/>\n<meta property=\"og:description\" content=\"[vc_row][vc_column][vc_column_text]Abilica GymRings \u00e4r en del av Abilica Active-konceptet. Dom romerska ringarna tar det roligaste fr\u00e5n...\" \/>\n<meta property=\"og:url\" content=\"https:\/\/abilica.com\/sv\/styrka\/romerska-ringar\/abilica-gymrings\/\" \/>\n<meta property=\"og:site_name\" content=\"Abilica\" \/>\n<meta property=\"article:publisher\" content=\"https:\/\/www.facebook.com\/abilicahometraining\/\" \/>\n<meta property=\"article:modified_time\" content=\"2024-09-30T11:00:36+00:00\" \/>\n<meta property=\"og:image\" content=\"https:\/\/abilica.com\/wp-content\/uploads\/2017\/03\/885100.jpg\" \/>\n\t<meta property=\"og:image:width\" content=\"1200\" \/>\n\t<meta property=\"og:image:height\" content=\"1200\" \/>\n\t<meta property=\"og:image:type\" content=\"image\/jpeg\" \/>\n<meta name=\"twitter:card\" content=\"summary_large_image\" \/>\n<meta name=\"twitter:label1\" content=\"Ber\u00e4knad l\u00e4stid\" \/>\n\t<meta name=\"twitter:data1\" content=\"1 minut\" \/>\n<script type=\"application\/ld+json\" class=\"yoast-schema-graph\">{\"@context\":\"https:\/\/schema.org\",\"@graph\":[{\"@type\":\"WebPage\",\"@id\":\"https:\/\/abilica.com\/sv\/styrka\/romerska-ringar\/abilica-gymrings\/\",\"url\":\"https:\/\/abilica.com\/sv\/styrka\/romerska-ringar\/abilica-gymrings\/\",\"name\":\"Abilica GymRings Abilica\",\"isPartOf\":{\"@id\":\"https:\/\/abilica.com\/#website\"},\"primaryImageOfPage\":{\"@id\":\"https:\/\/abilica.com\/sv\/styrka\/romerska-ringar\/abilica-gymrings\/#primaryimage\"},\"image\":{\"@id\":\"https:\/\/abilica.com\/sv\/styrka\/romerska-ringar\/abilica-gymrings\/#primaryimage\"},\"thumbnailUrl\":\"https:\/\/abilica.com\/wp-content\/uploads\/2017\/03\/885100.jpg\",\"datePublished\":\"2015-02-26T23:00:00+00:00\",\"dateModified\":\"2024-09-30T11:00:36+00:00\",\"breadcrumb\":{\"@id\":\"https:\/\/abilica.com\/sv\/styrka\/romerska-ringar\/abilica-gymrings\/#breadcrumb\"},\"inLanguage\":\"sv-SE\",\"potentialAction\":[{\"@type\":\"ReadAction\",\"target\":[\"https:\/\/abilica.com\/sv\/styrka\/romerska-ringar\/abilica-gymrings\/\"]}]},{\"@type\":\"ImageObject\",\"inLanguage\":\"sv-SE\",\"@id\":\"https:\/\/abilica.com\/sv\/styrka\/romerska-ringar\/abilica-gymrings\/#primaryimage\",\"url\":\"https:\/\/abilica.com\/wp-content\/uploads\/2017\/03\/885100.jpg\",\"contentUrl\":\"https:\/\/abilica.com\/wp-content\/uploads\/2017\/03\/885100.jpg\",\"width\":1200,\"height\":1200},{\"@type\":\"BreadcrumbList\",\"@id\":\"https:\/\/abilica.com\/sv\/styrka\/romerska-ringar\/abilica-gymrings\/#breadcrumb\",\"itemListElement\":[{\"@type\":\"ListItem\",\"position\":1,\"name\":\"Hem\",\"item\":\"https:\/\/abilica.com\/sv\/\"},{\"@type\":\"ListItem\",\"position\":2,\"name\":\"Produkter\",\"item\":\"https:\/\/abilica.com\/sv\/shop\/\"},{\"@type\":\"ListItem\",\"position\":3,\"name\":\"Abilica GymRings\"}]},{\"@type\":\"WebSite\",\"@id\":\"https:\/\/abilica.com\/#website\",\"url\":\"https:\/\/abilica.com\/\",\"name\":\"Abilica\",\"description\":\"Abilica Home Training\",\"potentialAction\":[{\"@type\":\"SearchAction\",\"target\":{\"@type\":\"EntryPoint\",\"urlTemplate\":\"https:\/\/abilica.com\/?s={search_term_string}\"},\"query-input\":{\"@type\":\"PropertyValueSpecification\",\"valueRequired\":true,\"valueName\":\"search_term_string\"}}],\"inLanguage\":\"sv-SE\"}]}<\/script>\n<!-- \/ Yoast SEO Premium plugin. -->","yoast_head_json":{"title":"Abilica GymRings Abilica","robots":{"index":"index","follow":"follow","max-snippet":"max-snippet:-1","max-image-preview":"max-image-preview:large","max-video-preview":"max-video-preview:-1"},"canonical":"https:\/\/abilica.com\/sv\/styrka\/romerska-ringar\/abilica-gymrings\/","og_locale":"sv_SE","og_type":"article","og_title":"Abilica GymRings","og_description":"[vc_row][vc_column][vc_column_text]Abilica GymRings \u00e4r en del av Abilica Active-konceptet. Dom romerska ringarna tar det roligaste fr\u00e5n...","og_url":"https:\/\/abilica.com\/sv\/styrka\/romerska-ringar\/abilica-gymrings\/","og_site_name":"Abilica","article_publisher":"https:\/\/www.facebook.com\/abilicahometraining\/","article_modified_time":"2024-09-30T11:00:36+00:00","og_image":[{"width":1200,"height":1200,"url":"https:\/\/abilica.com\/wp-content\/uploads\/2017\/03\/885100.jpg","type":"image\/jpeg"}],"twitter_card":"summary_large_image","twitter_misc":{"Ber\u00e4knad l\u00e4stid":"1 minut"},"schema":{"@context":"https:\/\/schema.org","@graph":[{"@type":"WebPage","@id":"https:\/\/abilica.com\/sv\/styrka\/romerska-ringar\/abilica-gymrings\/","url":"https:\/\/abilica.com\/sv\/styrka\/romerska-ringar\/abilica-gymrings\/","name":"Abilica GymRings Abilica","isPartOf":{"@id":"https:\/\/abilica.com\/#website"},"primaryImageOfPage":{"@id":"https:\/\/abilica.com\/sv\/styrka\/romerska-ringar\/abilica-gymrings\/#primaryimage"},"image":{"@id":"https:\/\/abilica.com\/sv\/styrka\/romerska-ringar\/abilica-gymrings\/#primaryimage"},"thumbnailUrl":"https:\/\/abilica.com\/wp-content\/uploads\/2017\/03\/885100.jpg","datePublished":"2015-02-26T23:00:00+00:00","dateModified":"2024-09-30T11:00:36+00:00","breadcrumb":{"@id":"https:\/\/abilica.com\/sv\/styrka\/romerska-ringar\/abilica-gymrings\/#breadcrumb"},"inLanguage":"sv-SE","potentialAction":[{"@type":"ReadAction","target":["https:\/\/abilica.com\/sv\/styrka\/romerska-ringar\/abilica-gymrings\/"]}]},{"@type":"ImageObject","inLanguage":"sv-SE","@id":"https:\/\/abilica.com\/sv\/styrka\/romerska-ringar\/abilica-gymrings\/#primaryimage","url":"https:\/\/abilica.com\/wp-content\/uploads\/2017\/03\/885100.jpg","contentUrl":"https:\/\/abilica.com\/wp-content\/uploads\/2017\/03\/885100.jpg","width":1200,"height":1200},{"@type":"BreadcrumbList","@id":"https:\/\/abilica.com\/sv\/styrka\/romerska-ringar\/abilica-gymrings\/#breadcrumb","itemListElement":[{"@type":"ListItem","position":1,"name":"Hem","item":"https:\/\/abilica.com\/sv\/"},{"@type":"ListItem","position":2,"name":"Produkter","item":"https:\/\/abilica.com\/sv\/shop\/"},{"@type":"ListItem","position":3,"name":"Abilica GymRings"}]},{"@type":"WebSite","@id":"https:\/\/abilica.com\/#website","url":"https:\/\/abilica.com\/","name":"Abilica","description":"Abilica Home Training","potentialAction":[{"@type":"SearchAction","target":{"@type":"EntryPoint","urlTemplate":"https:\/\/abilica.com\/?s={search_term_string}"},"query-input":{"@type":"PropertyValueSpecification","valueRequired":true,"valueName":"search_term_string"}}],"inLanguage":"sv-SE"}]}},"_links":{"self":[{"href":"https:\/\/abilica.com\/sv\/wp-json\/wp\/v2\/product\/1081","targetHints":{"allow":["GET"]}}],"collection":[{"href":"https:\/\/abilica.com\/sv\/wp-json\/wp\/v2\/product"}],"about":[{"href":"https:\/\/abilica.com\/sv\/wp-json\/wp\/v2\/types\/product"}],"wp:featuredmedia":[{"embeddable":true,"href":"https:\/\/abilica.com\/sv\/wp-json\/wp\/v2\/media\/16342"}],"wp:attachment":[{"href":"https:\/\/abilica.com\/sv\/wp-json\/wp\/v2\/media?parent=1081"}],"wp:term":[{"taxonomy":"product_brand","embeddable":true,"href":"https:\/\/abilica.com\/sv\/wp-json\/wp\/v2\/product_brand?post=1081"},{"taxonomy":"product_cat","embeddable":true,"href":"https:\/\/abilica.com\/sv\/wp-json\/wp\/v2\/product_cat?post=1081"},{"taxonomy":"product_tag","embeddable":true,"href":"https:\/\/abilica.com\/sv\/wp-json\/wp\/v2\/product_tag?post=1081"}],"curies":[{"name":"wp","href":"https:\/\/api.w.org\/{rel}","templated":true}]}}