{"id":1237,"date":"2015-02-27T00:00:00","date_gmt":"2015-02-26T23:00:00","guid":{"rendered":"https:\/\/abilica.com\/se\/produkt\/abilica-fjaderlas-50mm\/"},"modified":"2025-09-09T13:41:14","modified_gmt":"2025-09-09T12:41:14","slug":"abilica-fjaderlas-50mm","status":"publish","type":"product","link":"https:\/\/abilica.com\/sv\/styrka\/skivor-och-stanger\/abilica-fjaderlas-50mm\/","title":{"rendered":"Abilica SpringClip 50 mm"},"content":{"rendered":"<p>S\u00e4krar vikterna p\u00e5 viktst\u00e5ngen n\u00e4r du tr\u00e4nar.\u00a0S\u00e4ljs i par.<\/p>\n","protected":false},"excerpt":{"rendered":"<p>Fj\u00e4derl\u00e5s som passar till viktst\u00e5nger 50 mm.<\/p>\n","protected":false},"featured_media":21653,"template":"","meta":{"_acf_changed":false},"product_brand":[],"product_cat":[474,471],"product_tag":[33,49,34],"class_list":{"0":"post-1237","1":"product","2":"type-product","3":"status-publish","4":"has-post-thumbnail","6":"product_cat-skivor-och-stanger","7":"product_cat-styrka","8":"product_tag-crossfit","9":"product_tag-premium","10":"product_tag-styrka","12":"first","13":"instock","14":"product-type-simple"},"acf":[],"yoast_head":"<!-- This site is optimized with the Yoast SEO Premium plugin v21.1 (Yoast SEO v25.4) - https:\/\/yoast.com\/wordpress\/plugins\/seo\/ -->\n<title>Abilica SpringClip 50 mm Abilica<\/title>\n<meta name=\"robots\" content=\"index, follow, max-snippet:-1, max-image-preview:large, max-video-preview:-1\" \/>\n<link rel=\"canonical\" href=\"https:\/\/abilica.com\/sv\/styrka\/skivor-och-stanger\/abilica-fjaderlas-50mm\/\" \/>\n<meta property=\"og:locale\" content=\"sv_SE\" \/>\n<meta property=\"og:type\" content=\"article\" \/>\n<meta property=\"og:title\" content=\"Abilica SpringClip 50 mm\" \/>\n<meta property=\"og:description\" content=\"Fj\u00e4derl\u00e5s som passar till viktst\u00e5nger 50 mm.\" \/>\n<meta property=\"og:url\" content=\"https:\/\/abilica.com\/sv\/styrka\/skivor-och-stanger\/abilica-fjaderlas-50mm\/\" \/>\n<meta property=\"og:site_name\" content=\"Abilica\" \/>\n<meta property=\"article:publisher\" content=\"https:\/\/www.facebook.com\/abilicahometraining\/\" \/>\n<meta property=\"article:modified_time\" content=\"2025-09-09T12:41:14+00:00\" \/>\n<meta property=\"og:image\" content=\"https:\/\/abilica.com\/wp-content\/uploads\/2015\/02\/500035.jpg\" \/>\n\t<meta property=\"og:image:width\" content=\"1200\" \/>\n\t<meta property=\"og:image:height\" content=\"1200\" \/>\n\t<meta property=\"og:image:type\" content=\"image\/jpeg\" \/>\n<meta name=\"twitter:card\" content=\"summary_large_image\" \/>\n<script type=\"application\/ld+json\" class=\"yoast-schema-graph\">{\"@context\":\"https:\/\/schema.org\",\"@graph\":[{\"@type\":\"WebPage\",\"@id\":\"https:\/\/abilica.com\/sv\/styrka\/skivor-och-stanger\/abilica-fjaderlas-50mm\/\",\"url\":\"https:\/\/abilica.com\/sv\/styrka\/skivor-och-stanger\/abilica-fjaderlas-50mm\/\",\"name\":\"Abilica SpringClip 50 mm Abilica\",\"isPartOf\":{\"@id\":\"https:\/\/abilica.com\/#website\"},\"primaryImageOfPage\":{\"@id\":\"https:\/\/abilica.com\/sv\/styrka\/skivor-och-stanger\/abilica-fjaderlas-50mm\/#primaryimage\"},\"image\":{\"@id\":\"https:\/\/abilica.com\/sv\/styrka\/skivor-och-stanger\/abilica-fjaderlas-50mm\/#primaryimage\"},\"thumbnailUrl\":\"https:\/\/abilica.com\/wp-content\/uploads\/2015\/02\/500035.jpg\",\"datePublished\":\"2015-02-26T23:00:00+00:00\",\"dateModified\":\"2025-09-09T12:41:14+00:00\",\"breadcrumb\":{\"@id\":\"https:\/\/abilica.com\/sv\/styrka\/skivor-och-stanger\/abilica-fjaderlas-50mm\/#breadcrumb\"},\"inLanguage\":\"sv-SE\",\"potentialAction\":[{\"@type\":\"ReadAction\",\"target\":[\"https:\/\/abilica.com\/sv\/styrka\/skivor-och-stanger\/abilica-fjaderlas-50mm\/\"]}]},{\"@type\":\"ImageObject\",\"inLanguage\":\"sv-SE\",\"@id\":\"https:\/\/abilica.com\/sv\/styrka\/skivor-och-stanger\/abilica-fjaderlas-50mm\/#primaryimage\",\"url\":\"https:\/\/abilica.com\/wp-content\/uploads\/2015\/02\/500035.jpg\",\"contentUrl\":\"https:\/\/abilica.com\/wp-content\/uploads\/2015\/02\/500035.jpg\",\"width\":1200,\"height\":1200},{\"@type\":\"BreadcrumbList\",\"@id\":\"https:\/\/abilica.com\/sv\/styrka\/skivor-och-stanger\/abilica-fjaderlas-50mm\/#breadcrumb\",\"itemListElement\":[{\"@type\":\"ListItem\",\"position\":1,\"name\":\"Hem\",\"item\":\"https:\/\/abilica.com\/sv\/\"},{\"@type\":\"ListItem\",\"position\":2,\"name\":\"Produkter\",\"item\":\"https:\/\/abilica.com\/sv\/shop\/\"},{\"@type\":\"ListItem\",\"position\":3,\"name\":\"Abilica SpringClip 50 mm\"}]},{\"@type\":\"WebSite\",\"@id\":\"https:\/\/abilica.com\/#website\",\"url\":\"https:\/\/abilica.com\/\",\"name\":\"Abilica\",\"description\":\"Abilica Home Training\",\"potentialAction\":[{\"@type\":\"SearchAction\",\"target\":{\"@type\":\"EntryPoint\",\"urlTemplate\":\"https:\/\/abilica.com\/?s={search_term_string}\"},\"query-input\":{\"@type\":\"PropertyValueSpecification\",\"valueRequired\":true,\"valueName\":\"search_term_string\"}}],\"inLanguage\":\"sv-SE\"}]}<\/script>\n<!-- \/ Yoast SEO Premium plugin. -->","yoast_head_json":{"title":"Abilica SpringClip 50 mm Abilica","robots":{"index":"index","follow":"follow","max-snippet":"max-snippet:-1","max-image-preview":"max-image-preview:large","max-video-preview":"max-video-preview:-1"},"canonical":"https:\/\/abilica.com\/sv\/styrka\/skivor-och-stanger\/abilica-fjaderlas-50mm\/","og_locale":"sv_SE","og_type":"article","og_title":"Abilica SpringClip 50 mm","og_description":"Fj\u00e4derl\u00e5s som passar till viktst\u00e5nger 50 mm.","og_url":"https:\/\/abilica.com\/sv\/styrka\/skivor-och-stanger\/abilica-fjaderlas-50mm\/","og_site_name":"Abilica","article_publisher":"https:\/\/www.facebook.com\/abilicahometraining\/","article_modified_time":"2025-09-09T12:41:14+00:00","og_image":[{"width":1200,"height":1200,"url":"https:\/\/abilica.com\/wp-content\/uploads\/2015\/02\/500035.jpg","type":"image\/jpeg"}],"twitter_card":"summary_large_image","schema":{"@context":"https:\/\/schema.org","@graph":[{"@type":"WebPage","@id":"https:\/\/abilica.com\/sv\/styrka\/skivor-och-stanger\/abilica-fjaderlas-50mm\/","url":"https:\/\/abilica.com\/sv\/styrka\/skivor-och-stanger\/abilica-fjaderlas-50mm\/","name":"Abilica SpringClip 50 mm Abilica","isPartOf":{"@id":"https:\/\/abilica.com\/#website"},"primaryImageOfPage":{"@id":"https:\/\/abilica.com\/sv\/styrka\/skivor-och-stanger\/abilica-fjaderlas-50mm\/#primaryimage"},"image":{"@id":"https:\/\/abilica.com\/sv\/styrka\/skivor-och-stanger\/abilica-fjaderlas-50mm\/#primaryimage"},"thumbnailUrl":"https:\/\/abilica.com\/wp-content\/uploads\/2015\/02\/500035.jpg","datePublished":"2015-02-26T23:00:00+00:00","dateModified":"2025-09-09T12:41:14+00:00","breadcrumb":{"@id":"https:\/\/abilica.com\/sv\/styrka\/skivor-och-stanger\/abilica-fjaderlas-50mm\/#breadcrumb"},"inLanguage":"sv-SE","potentialAction":[{"@type":"ReadAction","target":["https:\/\/abilica.com\/sv\/styrka\/skivor-och-stanger\/abilica-fjaderlas-50mm\/"]}]},{"@type":"ImageObject","inLanguage":"sv-SE","@id":"https:\/\/abilica.com\/sv\/styrka\/skivor-och-stanger\/abilica-fjaderlas-50mm\/#primaryimage","url":"https:\/\/abilica.com\/wp-content\/uploads\/2015\/02\/500035.jpg","contentUrl":"https:\/\/abilica.com\/wp-content\/uploads\/2015\/02\/500035.jpg","width":1200,"height":1200},{"@type":"BreadcrumbList","@id":"https:\/\/abilica.com\/sv\/styrka\/skivor-och-stanger\/abilica-fjaderlas-50mm\/#breadcrumb","itemListElement":[{"@type":"ListItem","position":1,"name":"Hem","item":"https:\/\/abilica.com\/sv\/"},{"@type":"ListItem","position":2,"name":"Produkter","item":"https:\/\/abilica.com\/sv\/shop\/"},{"@type":"ListItem","position":3,"name":"Abilica SpringClip 50 mm"}]},{"@type":"WebSite","@id":"https:\/\/abilica.com\/#website","url":"https:\/\/abilica.com\/","name":"Abilica","description":"Abilica Home Training","potentialAction":[{"@type":"SearchAction","target":{"@type":"EntryPoint","urlTemplate":"https:\/\/abilica.com\/?s={search_term_string}"},"query-input":{"@type":"PropertyValueSpecification","valueRequired":true,"valueName":"search_term_string"}}],"inLanguage":"sv-SE"}]}},"_links":{"self":[{"href":"https:\/\/abilica.com\/sv\/wp-json\/wp\/v2\/product\/1237","targetHints":{"allow":["GET"]}}],"collection":[{"href":"https:\/\/abilica.com\/sv\/wp-json\/wp\/v2\/product"}],"about":[{"href":"https:\/\/abilica.com\/sv\/wp-json\/wp\/v2\/types\/product"}],"wp:featuredmedia":[{"embeddable":true,"href":"https:\/\/abilica.com\/sv\/wp-json\/wp\/v2\/media\/21653"}],"wp:attachment":[{"href":"https:\/\/abilica.com\/sv\/wp-json\/wp\/v2\/media?parent=1237"}],"wp:term":[{"taxonomy":"product_brand","embeddable":true,"href":"https:\/\/abilica.com\/sv\/wp-json\/wp\/v2\/product_brand?post=1237"},{"taxonomy":"product_cat","embeddable":true,"href":"https:\/\/abilica.com\/sv\/wp-json\/wp\/v2\/product_cat?post=1237"},{"taxonomy":"product_tag","embeddable":true,"href":"https:\/\/abilica.com\/sv\/wp-json\/wp\/v2\/product_tag?post=1237"}],"curies":[{"name":"wp","href":"https:\/\/api.w.org\/{rel}","templated":true}]}}