{"id":1239,"date":"2015-02-27T00:00:00","date_gmt":"2015-02-27T00:00:00","guid":{"rendered":"https:\/\/abilica.com\/se\/produkt\/abilica-convertersleeve-2550mm\/"},"modified":"2024-10-20T09:29:20","modified_gmt":"2024-10-20T08:29:20","slug":"abilica-convertersleeve-2550mm","status":"publish","type":"product","link":"https:\/\/abilica.com\/sv\/styrka\/skivor-och-stanger\/abilica-convertersleeve-2550mm\/","title":{"rendered":"Abilica ConverterSleeve"},"content":{"rendered":"<p>G\u00f6r det m\u00f6jligt att anv\u00e4nda 50 mm\u00a0viktskivor p\u00e5 25 mm st\u00e4nger\/stativ.<\/p>\n","protected":false},"excerpt":{"rendered":"<p>G\u00f6r det m\u00f6jligt att anv\u00e4nda 50 mm\u00a0viktskivor p\u00e5 25 mm st\u00e4nger\/stativ.<\/p>\n","protected":false},"featured_media":16207,"template":"","meta":{"_acf_changed":false},"product_brand":[],"product_cat":[474,471],"product_tag":[49,34],"class_list":{"0":"post-1239","1":"product","2":"type-product","3":"status-publish","4":"has-post-thumbnail","6":"product_cat-skivor-och-stanger","7":"product_cat-styrka","8":"product_tag-premium","9":"product_tag-styrka","11":"first","12":"instock","13":"product-type-simple"},"acf":[],"yoast_head":"<!-- This site is optimized with the Yoast SEO Premium plugin v21.1 (Yoast SEO v25.4) - https:\/\/yoast.com\/wordpress\/plugins\/seo\/ -->\n<title>Abilica ConverterSleeve Abilica<\/title>\n<meta name=\"robots\" content=\"index, follow, max-snippet:-1, max-image-preview:large, max-video-preview:-1\" \/>\n<link rel=\"canonical\" href=\"https:\/\/abilica.com\/sv\/styrka\/skivor-och-stanger\/abilica-convertersleeve-2550mm\/\" \/>\n<meta property=\"og:locale\" content=\"sv_SE\" \/>\n<meta property=\"og:type\" content=\"article\" \/>\n<meta property=\"og:title\" content=\"Abilica ConverterSleeve\" \/>\n<meta property=\"og:description\" content=\"G\u00f6r det m\u00f6jligt att anv\u00e4nda 50 mm\u00a0viktskivor p\u00e5 25 mm st\u00e4nger\/stativ.\" \/>\n<meta property=\"og:url\" content=\"https:\/\/abilica.com\/sv\/styrka\/skivor-och-stanger\/abilica-convertersleeve-2550mm\/\" \/>\n<meta property=\"og:site_name\" content=\"Abilica\" \/>\n<meta property=\"article:publisher\" content=\"https:\/\/www.facebook.com\/abilicahometraining\/\" \/>\n<meta property=\"article:modified_time\" content=\"2024-10-20T08:29:20+00:00\" \/>\n<meta property=\"og:image\" content=\"https:\/\/abilica.com\/wp-content\/uploads\/2017\/03\/500060.jpg\" \/>\n\t<meta property=\"og:image:width\" content=\"1200\" \/>\n\t<meta property=\"og:image:height\" content=\"1200\" \/>\n\t<meta property=\"og:image:type\" content=\"image\/jpeg\" \/>\n<meta name=\"twitter:card\" content=\"summary_large_image\" \/>\n<script type=\"application\/ld+json\" class=\"yoast-schema-graph\">{\"@context\":\"https:\/\/schema.org\",\"@graph\":[{\"@type\":\"WebPage\",\"@id\":\"https:\/\/abilica.com\/sv\/styrka\/skivor-och-stanger\/abilica-convertersleeve-2550mm\/\",\"url\":\"https:\/\/abilica.com\/sv\/styrka\/skivor-och-stanger\/abilica-convertersleeve-2550mm\/\",\"name\":\"Abilica ConverterSleeve Abilica\",\"isPartOf\":{\"@id\":\"https:\/\/abilica.com\/#website\"},\"primaryImageOfPage\":{\"@id\":\"https:\/\/abilica.com\/sv\/styrka\/skivor-och-stanger\/abilica-convertersleeve-2550mm\/#primaryimage\"},\"image\":{\"@id\":\"https:\/\/abilica.com\/sv\/styrka\/skivor-och-stanger\/abilica-convertersleeve-2550mm\/#primaryimage\"},\"thumbnailUrl\":\"https:\/\/abilica.com\/wp-content\/uploads\/2017\/03\/500060.jpg\",\"datePublished\":\"2015-02-27T00:00:00+00:00\",\"dateModified\":\"2024-10-20T08:29:20+00:00\",\"breadcrumb\":{\"@id\":\"https:\/\/abilica.com\/sv\/styrka\/skivor-och-stanger\/abilica-convertersleeve-2550mm\/#breadcrumb\"},\"inLanguage\":\"sv-SE\",\"potentialAction\":[{\"@type\":\"ReadAction\",\"target\":[\"https:\/\/abilica.com\/sv\/styrka\/skivor-och-stanger\/abilica-convertersleeve-2550mm\/\"]}]},{\"@type\":\"ImageObject\",\"inLanguage\":\"sv-SE\",\"@id\":\"https:\/\/abilica.com\/sv\/styrka\/skivor-och-stanger\/abilica-convertersleeve-2550mm\/#primaryimage\",\"url\":\"https:\/\/abilica.com\/wp-content\/uploads\/2017\/03\/500060.jpg\",\"contentUrl\":\"https:\/\/abilica.com\/wp-content\/uploads\/2017\/03\/500060.jpg\",\"width\":1200,\"height\":1200},{\"@type\":\"BreadcrumbList\",\"@id\":\"https:\/\/abilica.com\/sv\/styrka\/skivor-och-stanger\/abilica-convertersleeve-2550mm\/#breadcrumb\",\"itemListElement\":[{\"@type\":\"ListItem\",\"position\":1,\"name\":\"Hem\",\"item\":\"https:\/\/abilica.com\/sv\/\"},{\"@type\":\"ListItem\",\"position\":2,\"name\":\"Produkter\",\"item\":\"https:\/\/abilica.com\/sv\/shop\/\"},{\"@type\":\"ListItem\",\"position\":3,\"name\":\"Abilica ConverterSleeve\"}]},{\"@type\":\"WebSite\",\"@id\":\"https:\/\/abilica.com\/#website\",\"url\":\"https:\/\/abilica.com\/\",\"name\":\"Abilica\",\"description\":\"Abilica Home Training\",\"potentialAction\":[{\"@type\":\"SearchAction\",\"target\":{\"@type\":\"EntryPoint\",\"urlTemplate\":\"https:\/\/abilica.com\/?s={search_term_string}\"},\"query-input\":{\"@type\":\"PropertyValueSpecification\",\"valueRequired\":true,\"valueName\":\"search_term_string\"}}],\"inLanguage\":\"sv-SE\"}]}<\/script>\n<!-- \/ Yoast SEO Premium plugin. -->","yoast_head_json":{"title":"Abilica ConverterSleeve Abilica","robots":{"index":"index","follow":"follow","max-snippet":"max-snippet:-1","max-image-preview":"max-image-preview:large","max-video-preview":"max-video-preview:-1"},"canonical":"https:\/\/abilica.com\/sv\/styrka\/skivor-och-stanger\/abilica-convertersleeve-2550mm\/","og_locale":"sv_SE","og_type":"article","og_title":"Abilica ConverterSleeve","og_description":"G\u00f6r det m\u00f6jligt att anv\u00e4nda 50 mm\u00a0viktskivor p\u00e5 25 mm st\u00e4nger\/stativ.","og_url":"https:\/\/abilica.com\/sv\/styrka\/skivor-och-stanger\/abilica-convertersleeve-2550mm\/","og_site_name":"Abilica","article_publisher":"https:\/\/www.facebook.com\/abilicahometraining\/","article_modified_time":"2024-10-20T08:29:20+00:00","og_image":[{"width":1200,"height":1200,"url":"https:\/\/abilica.com\/wp-content\/uploads\/2017\/03\/500060.jpg","type":"image\/jpeg"}],"twitter_card":"summary_large_image","schema":{"@context":"https:\/\/schema.org","@graph":[{"@type":"WebPage","@id":"https:\/\/abilica.com\/sv\/styrka\/skivor-och-stanger\/abilica-convertersleeve-2550mm\/","url":"https:\/\/abilica.com\/sv\/styrka\/skivor-och-stanger\/abilica-convertersleeve-2550mm\/","name":"Abilica ConverterSleeve Abilica","isPartOf":{"@id":"https:\/\/abilica.com\/#website"},"primaryImageOfPage":{"@id":"https:\/\/abilica.com\/sv\/styrka\/skivor-och-stanger\/abilica-convertersleeve-2550mm\/#primaryimage"},"image":{"@id":"https:\/\/abilica.com\/sv\/styrka\/skivor-och-stanger\/abilica-convertersleeve-2550mm\/#primaryimage"},"thumbnailUrl":"https:\/\/abilica.com\/wp-content\/uploads\/2017\/03\/500060.jpg","datePublished":"2015-02-27T00:00:00+00:00","dateModified":"2024-10-20T08:29:20+00:00","breadcrumb":{"@id":"https:\/\/abilica.com\/sv\/styrka\/skivor-och-stanger\/abilica-convertersleeve-2550mm\/#breadcrumb"},"inLanguage":"sv-SE","potentialAction":[{"@type":"ReadAction","target":["https:\/\/abilica.com\/sv\/styrka\/skivor-och-stanger\/abilica-convertersleeve-2550mm\/"]}]},{"@type":"ImageObject","inLanguage":"sv-SE","@id":"https:\/\/abilica.com\/sv\/styrka\/skivor-och-stanger\/abilica-convertersleeve-2550mm\/#primaryimage","url":"https:\/\/abilica.com\/wp-content\/uploads\/2017\/03\/500060.jpg","contentUrl":"https:\/\/abilica.com\/wp-content\/uploads\/2017\/03\/500060.jpg","width":1200,"height":1200},{"@type":"BreadcrumbList","@id":"https:\/\/abilica.com\/sv\/styrka\/skivor-och-stanger\/abilica-convertersleeve-2550mm\/#breadcrumb","itemListElement":[{"@type":"ListItem","position":1,"name":"Hem","item":"https:\/\/abilica.com\/sv\/"},{"@type":"ListItem","position":2,"name":"Produkter","item":"https:\/\/abilica.com\/sv\/shop\/"},{"@type":"ListItem","position":3,"name":"Abilica ConverterSleeve"}]},{"@type":"WebSite","@id":"https:\/\/abilica.com\/#website","url":"https:\/\/abilica.com\/","name":"Abilica","description":"Abilica Home Training","potentialAction":[{"@type":"SearchAction","target":{"@type":"EntryPoint","urlTemplate":"https:\/\/abilica.com\/?s={search_term_string}"},"query-input":{"@type":"PropertyValueSpecification","valueRequired":true,"valueName":"search_term_string"}}],"inLanguage":"sv-SE"}]}},"_links":{"self":[{"href":"https:\/\/abilica.com\/sv\/wp-json\/wp\/v2\/product\/1239","targetHints":{"allow":["GET"]}}],"collection":[{"href":"https:\/\/abilica.com\/sv\/wp-json\/wp\/v2\/product"}],"about":[{"href":"https:\/\/abilica.com\/sv\/wp-json\/wp\/v2\/types\/product"}],"wp:featuredmedia":[{"embeddable":true,"href":"https:\/\/abilica.com\/sv\/wp-json\/wp\/v2\/media\/16207"}],"wp:attachment":[{"href":"https:\/\/abilica.com\/sv\/wp-json\/wp\/v2\/media?parent=1239"}],"wp:term":[{"taxonomy":"product_brand","embeddable":true,"href":"https:\/\/abilica.com\/sv\/wp-json\/wp\/v2\/product_brand?post=1239"},{"taxonomy":"product_cat","embeddable":true,"href":"https:\/\/abilica.com\/sv\/wp-json\/wp\/v2\/product_cat?post=1239"},{"taxonomy":"product_tag","embeddable":true,"href":"https:\/\/abilica.com\/sv\/wp-json\/wp\/v2\/product_tag?post=1239"}],"curies":[{"name":"wp","href":"https:\/\/api.w.org\/{rel}","templated":true}]}}