{"id":12905,"date":"2015-01-29T13:14:29","date_gmt":"2015-01-29T12:14:29","guid":{"rendered":"https:\/\/abilica.com\/se\/\/abilica-premium-wallbar\/"},"modified":"2024-02-28T10:35:08","modified_gmt":"2024-02-28T09:35:08","slug":"abilica-premium-wallbar","status":"publish","type":"product","link":"https:\/\/abilica.com\/sv\/styrka\/abilica-premium-wallbar\/","title":{"rendered":"Abilica Premium WallBar ECO"},"content":{"rendered":"<div class=\"wpb-content-wrapper\"><p>[vc_row][vc_column][vc_column_text]Abilica Premium Wall Bar ECO \u00e4r en del av Abilica Active-konceptet. Detta \u00e4r en milj\u00f6v\u00e4nlig ribbstol som \u00e4r en kl\u00e4ttringsv\u00e4nlig klassiker fr\u00e5n gymmet som m\u00e4nniskor i alla \u00e5ldrar \u00e4lskar! 9 ovala ribbor, den \u00f6vre sticker ut 7,5 cm. Eftersom ribborna \u00e4r p\u00e5 olika niv\u00e5er f\u00e5r du ett brett utbud av \u00f6vningar, med grepp och st\u00f6d i flera h\u00f6jder. \u00d6va p\u00e5 att st\u00e4rka greppet genom att h\u00e4nga, lyfta benen f\u00f6r att aktivera magmusklerna. Eller vila en fot mot en ribba och testa ett bens b\u00f6j. Du kan f\u00e4sta gummiband i den eller kanske prova &#8221;golvet \u00e4r lava&#8221;. Denna naturf\u00e4rgade ribbv\u00e4gg passar perfekt i skandinaviska hem. En annan rolig aktivitet \u00e4r att m\u00e5la Abilica Premium WallBar tillsammans i en f\u00e4rg som passar ditt hem som vi har gjort h\u00e4r. Vi m\u00e5lade v\u00e5r i Jotun Lady Evergreen. L\u00e4mplig f\u00f6r anv\u00e4ndning inomhus, men kan ocks\u00e5 anv\u00e4ndas utomhus om den behandlas med f\u00e4rg f\u00f6r utomhusmaterial.<\/p>\n<p><strong>TEKNISK INFORMATION<\/strong><\/p>\n<p><strong>Storlek<br \/>\n<\/strong>230 x 70 cm (H x B)<\/p>\n<p><strong>Material<br \/>\n<\/strong>Obehandlad bok<\/p>\n<p><strong>Vikt<br \/>\n<\/strong>16 kg<\/p>\n<p><i><img loading=\"lazy\" decoding=\"async\" class=\"alignnone wp-image-33246\" src=\"https:\/\/abilica.com\/no\/wp-content\/uploads\/2020\/05\/indoor-outdoor-use-300x236.png\" alt=\"\" width=\"100\" height=\"79\" \/><\/i><\/p>\n<p><i>Abilica Active is a series of playful products designed for families to stay active and healthy in everyday life.\u00a0<\/i><i>Spend time with your family, stay active, healthy and playful together.\u00a0<\/i><i>Our products inspire to physical activity through play in your own home and bring families together.\u00a0<\/i><i>Training equipment made for children and approved for the European market.<\/i><\/p>\n<p><i>Contains <\/i><b><i>NO <\/i><\/b><i>poisonous materials.<\/i>[\/vc_column_text][vc_column_text el_class=&#8221;product-video&#8221;]<\/p>\n<div style=\"width: 640px;\" class=\"wp-video\"><!--[if lt IE 9]><script>document.createElement('video');<\/script><![endif]-->\n<video class=\"wp-video-shortcode\" id=\"video-12905-1\" width=\"640\" height=\"360\" poster=\"https:\/\/abilica.com\/se\/wp-content\/uploads\/2015\/01\/Abilica-Active36.jpg\" preload=\"metadata\" controls=\"controls\"><source type=\"video\/mp4\" src=\"https:\/\/abilica.com\/se\/wp-content\/uploads\/2019\/08\/Abilica-WallBar-Premium.mp4?_=1\" \/><a href=\"https:\/\/abilica.com\/se\/wp-content\/uploads\/2019\/08\/Abilica-WallBar-Premium.mp4\">https:\/\/abilica.com\/se\/wp-content\/uploads\/2019\/08\/Abilica-WallBar-Premium.mp4<\/a><\/video><\/div>\n<p>[\/vc_column_text][vc_column_text]We are proud to be a part of Generation Pep \u2013 helping kids and youth in Sweden to live and desire an active and healthy life.<\/p>\n<p><b><img loading=\"lazy\" decoding=\"async\" class=\"alignnone wp-image-33247\" src=\"https:\/\/abilica.com\/no\/wp-content\/uploads\/2019\/06\/Untitled-1-2.png\" sizes=\"auto, (max-width: 75px) 100vw, 75px\" srcset=\"https:\/\/abilica.com\/no\/wp-content\/uploads\/2019\/06\/Untitled-1-2.png 300w, https:\/\/abilica.com\/no\/wp-content\/uploads\/2019\/06\/Untitled-1-2-150x150.png 150w, https:\/\/abilica.com\/no\/wp-content\/uploads\/2019\/06\/Untitled-1-2-100x100.png 100w\" alt=\"\" width=\"75\" height=\"75\" \/><\/b>[\/vc_column_text][\/vc_column][\/vc_row]<\/p>\n<\/div>","protected":false},"excerpt":{"rendered":"<p>[vc_row][vc_column][vc_column_text]Abilica Premium Wall Bar ECO \u00e4r en del av Abilica Active-konceptet. Detta \u00e4r en milj\u00f6v\u00e4nlig&#8230;<\/p>\n","protected":false},"featured_media":18135,"template":"","meta":{"_acf_changed":false},"product_brand":[],"product_cat":[471],"product_tag":[174,76],"class_list":{"0":"post-12905","1":"product","2":"type-product","3":"status-publish","4":"has-post-thumbnail","6":"product_cat-styrka","7":"product_tag-active","8":"product_tag-eco-friendly","10":"first","11":"instock","12":"product-type-simple"},"acf":[],"yoast_head":"<!-- This site is optimized with the Yoast SEO Premium plugin v21.1 (Yoast SEO v25.4) - https:\/\/yoast.com\/wordpress\/plugins\/seo\/ -->\n<title>Abilica Premium WallBar ECO Abilica<\/title>\n<meta name=\"robots\" content=\"index, follow, max-snippet:-1, max-image-preview:large, max-video-preview:-1\" \/>\n<link rel=\"canonical\" href=\"https:\/\/abilica.com\/sv\/styrka\/abilica-premium-wallbar\/\" \/>\n<meta property=\"og:locale\" content=\"sv_SE\" \/>\n<meta property=\"og:type\" content=\"article\" \/>\n<meta property=\"og:title\" content=\"Abilica Premium WallBar ECO\" \/>\n<meta property=\"og:description\" content=\"[vc_row][vc_column][vc_column_text]Abilica Premium Wall Bar ECO \u00e4r en del av Abilica Active-konceptet. Detta \u00e4r en milj\u00f6v\u00e4nlig...\" \/>\n<meta property=\"og:url\" content=\"https:\/\/abilica.com\/sv\/styrka\/abilica-premium-wallbar\/\" \/>\n<meta property=\"og:site_name\" content=\"Abilica\" \/>\n<meta property=\"article:publisher\" content=\"https:\/\/www.facebook.com\/abilicahometraining\/\" \/>\n<meta property=\"article:modified_time\" content=\"2024-02-28T09:35:08+00:00\" \/>\n<meta property=\"og:image\" content=\"https:\/\/abilica.com\/wp-content\/uploads\/2015\/01\/300827.jpg\" \/>\n\t<meta property=\"og:image:width\" content=\"1200\" \/>\n\t<meta property=\"og:image:height\" content=\"1200\" \/>\n\t<meta property=\"og:image:type\" content=\"image\/jpeg\" \/>\n<meta name=\"twitter:card\" content=\"summary_large_image\" \/>\n<meta name=\"twitter:label1\" content=\"Ber\u00e4knad l\u00e4stid\" \/>\n\t<meta name=\"twitter:data1\" content=\"2 minuter\" \/>\n<script type=\"application\/ld+json\" class=\"yoast-schema-graph\">{\"@context\":\"https:\/\/schema.org\",\"@graph\":[{\"@type\":\"WebPage\",\"@id\":\"https:\/\/abilica.com\/sv\/styrka\/abilica-premium-wallbar\/\",\"url\":\"https:\/\/abilica.com\/sv\/styrka\/abilica-premium-wallbar\/\",\"name\":\"Abilica Premium WallBar ECO Abilica\",\"isPartOf\":{\"@id\":\"https:\/\/abilica.com\/#website\"},\"primaryImageOfPage\":{\"@id\":\"https:\/\/abilica.com\/sv\/styrka\/abilica-premium-wallbar\/#primaryimage\"},\"image\":{\"@id\":\"https:\/\/abilica.com\/sv\/styrka\/abilica-premium-wallbar\/#primaryimage\"},\"thumbnailUrl\":\"https:\/\/abilica.com\/wp-content\/uploads\/2015\/01\/300827.jpg\",\"datePublished\":\"2015-01-29T12:14:29+00:00\",\"dateModified\":\"2024-02-28T09:35:08+00:00\",\"breadcrumb\":{\"@id\":\"https:\/\/abilica.com\/sv\/styrka\/abilica-premium-wallbar\/#breadcrumb\"},\"inLanguage\":\"sv-SE\",\"potentialAction\":[{\"@type\":\"ReadAction\",\"target\":[\"https:\/\/abilica.com\/sv\/styrka\/abilica-premium-wallbar\/\"]}]},{\"@type\":\"ImageObject\",\"inLanguage\":\"sv-SE\",\"@id\":\"https:\/\/abilica.com\/sv\/styrka\/abilica-premium-wallbar\/#primaryimage\",\"url\":\"https:\/\/abilica.com\/wp-content\/uploads\/2015\/01\/300827.jpg\",\"contentUrl\":\"https:\/\/abilica.com\/wp-content\/uploads\/2015\/01\/300827.jpg\",\"width\":1200,\"height\":1200},{\"@type\":\"BreadcrumbList\",\"@id\":\"https:\/\/abilica.com\/sv\/styrka\/abilica-premium-wallbar\/#breadcrumb\",\"itemListElement\":[{\"@type\":\"ListItem\",\"position\":1,\"name\":\"Hem\",\"item\":\"https:\/\/abilica.com\/sv\/\"},{\"@type\":\"ListItem\",\"position\":2,\"name\":\"Produkter\",\"item\":\"https:\/\/abilica.com\/sv\/shop\/\"},{\"@type\":\"ListItem\",\"position\":3,\"name\":\"Abilica Premium WallBar ECO\"}]},{\"@type\":\"WebSite\",\"@id\":\"https:\/\/abilica.com\/#website\",\"url\":\"https:\/\/abilica.com\/\",\"name\":\"Abilica\",\"description\":\"Abilica Home Training\",\"potentialAction\":[{\"@type\":\"SearchAction\",\"target\":{\"@type\":\"EntryPoint\",\"urlTemplate\":\"https:\/\/abilica.com\/?s={search_term_string}\"},\"query-input\":{\"@type\":\"PropertyValueSpecification\",\"valueRequired\":true,\"valueName\":\"search_term_string\"}}],\"inLanguage\":\"sv-SE\"}]}<\/script>\n<!-- \/ Yoast SEO Premium plugin. -->","yoast_head_json":{"title":"Abilica Premium WallBar ECO Abilica","robots":{"index":"index","follow":"follow","max-snippet":"max-snippet:-1","max-image-preview":"max-image-preview:large","max-video-preview":"max-video-preview:-1"},"canonical":"https:\/\/abilica.com\/sv\/styrka\/abilica-premium-wallbar\/","og_locale":"sv_SE","og_type":"article","og_title":"Abilica Premium WallBar ECO","og_description":"[vc_row][vc_column][vc_column_text]Abilica Premium Wall Bar ECO \u00e4r en del av Abilica Active-konceptet. Detta \u00e4r en milj\u00f6v\u00e4nlig...","og_url":"https:\/\/abilica.com\/sv\/styrka\/abilica-premium-wallbar\/","og_site_name":"Abilica","article_publisher":"https:\/\/www.facebook.com\/abilicahometraining\/","article_modified_time":"2024-02-28T09:35:08+00:00","og_image":[{"width":1200,"height":1200,"url":"https:\/\/abilica.com\/wp-content\/uploads\/2015\/01\/300827.jpg","type":"image\/jpeg"}],"twitter_card":"summary_large_image","twitter_misc":{"Ber\u00e4knad l\u00e4stid":"2 minuter"},"schema":{"@context":"https:\/\/schema.org","@graph":[{"@type":"WebPage","@id":"https:\/\/abilica.com\/sv\/styrka\/abilica-premium-wallbar\/","url":"https:\/\/abilica.com\/sv\/styrka\/abilica-premium-wallbar\/","name":"Abilica Premium WallBar ECO Abilica","isPartOf":{"@id":"https:\/\/abilica.com\/#website"},"primaryImageOfPage":{"@id":"https:\/\/abilica.com\/sv\/styrka\/abilica-premium-wallbar\/#primaryimage"},"image":{"@id":"https:\/\/abilica.com\/sv\/styrka\/abilica-premium-wallbar\/#primaryimage"},"thumbnailUrl":"https:\/\/abilica.com\/wp-content\/uploads\/2015\/01\/300827.jpg","datePublished":"2015-01-29T12:14:29+00:00","dateModified":"2024-02-28T09:35:08+00:00","breadcrumb":{"@id":"https:\/\/abilica.com\/sv\/styrka\/abilica-premium-wallbar\/#breadcrumb"},"inLanguage":"sv-SE","potentialAction":[{"@type":"ReadAction","target":["https:\/\/abilica.com\/sv\/styrka\/abilica-premium-wallbar\/"]}]},{"@type":"ImageObject","inLanguage":"sv-SE","@id":"https:\/\/abilica.com\/sv\/styrka\/abilica-premium-wallbar\/#primaryimage","url":"https:\/\/abilica.com\/wp-content\/uploads\/2015\/01\/300827.jpg","contentUrl":"https:\/\/abilica.com\/wp-content\/uploads\/2015\/01\/300827.jpg","width":1200,"height":1200},{"@type":"BreadcrumbList","@id":"https:\/\/abilica.com\/sv\/styrka\/abilica-premium-wallbar\/#breadcrumb","itemListElement":[{"@type":"ListItem","position":1,"name":"Hem","item":"https:\/\/abilica.com\/sv\/"},{"@type":"ListItem","position":2,"name":"Produkter","item":"https:\/\/abilica.com\/sv\/shop\/"},{"@type":"ListItem","position":3,"name":"Abilica Premium WallBar ECO"}]},{"@type":"WebSite","@id":"https:\/\/abilica.com\/#website","url":"https:\/\/abilica.com\/","name":"Abilica","description":"Abilica Home Training","potentialAction":[{"@type":"SearchAction","target":{"@type":"EntryPoint","urlTemplate":"https:\/\/abilica.com\/?s={search_term_string}"},"query-input":{"@type":"PropertyValueSpecification","valueRequired":true,"valueName":"search_term_string"}}],"inLanguage":"sv-SE"}]}},"_links":{"self":[{"href":"https:\/\/abilica.com\/sv\/wp-json\/wp\/v2\/product\/12905","targetHints":{"allow":["GET"]}}],"collection":[{"href":"https:\/\/abilica.com\/sv\/wp-json\/wp\/v2\/product"}],"about":[{"href":"https:\/\/abilica.com\/sv\/wp-json\/wp\/v2\/types\/product"}],"wp:featuredmedia":[{"embeddable":true,"href":"https:\/\/abilica.com\/sv\/wp-json\/wp\/v2\/media\/18135"}],"wp:attachment":[{"href":"https:\/\/abilica.com\/sv\/wp-json\/wp\/v2\/media?parent=12905"}],"wp:term":[{"taxonomy":"product_brand","embeddable":true,"href":"https:\/\/abilica.com\/sv\/wp-json\/wp\/v2\/product_brand?post=12905"},{"taxonomy":"product_cat","embeddable":true,"href":"https:\/\/abilica.com\/sv\/wp-json\/wp\/v2\/product_cat?post=12905"},{"taxonomy":"product_tag","embeddable":true,"href":"https:\/\/abilica.com\/sv\/wp-json\/wp\/v2\/product_tag?post=12905"}],"curies":[{"name":"wp","href":"https:\/\/api.w.org\/{rel}","templated":true}]}}