{"id":1409,"date":"2015-02-27T00:00:00","date_gmt":"2015-02-26T23:00:00","guid":{"rendered":"https:\/\/abilica.com\/se\/produkt\/abilica-racer-wmn\/"},"modified":"2023-10-16T20:36:06","modified_gmt":"2023-10-16T19:36:06","slug":"abilica-racer-wmn","status":"publish","type":"product","link":"https:\/\/abilica.com\/sv\/kondition\/spinningcykel\/abilica-racer-wmn\/","title":{"rendered":"Abilica Racer Wmn"},"content":{"rendered":"<div class=\"wpb-content-wrapper\"><p>[vc_row][vc_column][vc_column_text]\u00c4ntligen en spinningcykel som matchar din \u00f6vriga tr\u00e4ningsutrustning. \u00a0En cykel som ger k\u00e4nslan av fart och sp\u00e4nning. 22 kg sv\u00e4nghjul ger j\u00e4mn trampning och m\u00f6jlighet till tuffa cykeltr\u00e4ningspass. Remdriften g\u00f6r cykeln s\u00e5 gott som ljudl\u00f6s. Smal racingsadel och stegl\u00f6s justering av sadel och styre b\u00e5de vertikalt och horisontellt f\u00f6r optimal sittst\u00e4llning och komfort. Kombipedaler med SPD och styre med stor greppvariation medf\u00f6ljer. Praktiska transporthjul g\u00f6r det enkelt att flytta p\u00e5 cykeln. F\u00f6rberedda f\u00f6r de flesta cykeldatorer och flaskh\u00e5llare.[\/vc_column_text][vc_empty_space height=&#8221;52px&#8221;][\/vc_column][\/vc_row][vc_row][vc_column width=&#8221;1\/2&#8243;][vc_btn title=&#8221;Teknisk information&#8221; style=&#8221;flat&#8221; color=&#8221;black&#8221; align=&#8221;center&#8221; i_icon_fontawesome=&#8221;fa fa-file-pdf-o&#8221; add_icon=&#8221;true&#8221; link=&#8221;url:http%3A%2F%2Fabilica.com\/se%2Fwp-content%2Fuploads%2F2017%2F05%2FRacer-WMN.pdf||target:%20_blank|&#8221;][\/vc_column][vc_column width=&#8221;1\/2&#8243;][vc_btn title=&#8221;Tr\u00e4ningstips&#8221; style=&#8221;flat&#8221; color=&#8221;black&#8221; align=&#8221;center&#8221; i_icon_fontawesome=&#8221;fa fa-align-left&#8221; add_icon=&#8221;true&#8221; link=&#8221;url:http%3A%2F%2Fwww.hemmatraningsbloggen.se%2Fkondition%2Fspinning-for-alla%2F||target:%20_blank|&#8221;][\/vc_column][\/vc_row]<\/p>\n<\/div>","protected":false},"excerpt":{"rendered":"<p>[vc_row][vc_column][vc_column_text]\u00c4ntligen en spinningcykel som matchar din \u00f6vriga tr\u00e4ningsutrustning. \u00a0En cykel som ger k\u00e4nslan av fart&#8230;<\/p>\n","protected":false},"featured_media":15952,"template":"","meta":{"_acf_changed":false},"product_brand":[],"product_cat":[475,489],"product_tag":[39,42],"class_list":{"0":"post-1409","1":"product","2":"type-product","3":"status-publish","4":"has-post-thumbnail","6":"product_cat-kondition","7":"product_cat-spinningcykel","8":"product_tag-circle-women","9":"product_tag-kondition","11":"first","12":"instock","13":"product-type-simple"},"acf":[],"yoast_head":"<!-- This site is optimized with the Yoast SEO Premium plugin v21.1 (Yoast SEO v25.4) - https:\/\/yoast.com\/wordpress\/plugins\/seo\/ -->\n<title>Abilica Racer Wmn Abilica<\/title>\n<meta name=\"robots\" content=\"index, follow, max-snippet:-1, max-image-preview:large, max-video-preview:-1\" \/>\n<link rel=\"canonical\" href=\"https:\/\/abilica.com\/sv\/kondition\/spinningcykel\/abilica-racer-wmn\/\" \/>\n<meta property=\"og:locale\" content=\"sv_SE\" \/>\n<meta property=\"og:type\" content=\"article\" \/>\n<meta property=\"og:title\" content=\"Abilica Racer Wmn\" \/>\n<meta property=\"og:description\" content=\"[vc_row][vc_column][vc_column_text]\u00c4ntligen en spinningcykel som matchar din \u00f6vriga tr\u00e4ningsutrustning. \u00a0En cykel som ger k\u00e4nslan av fart...\" \/>\n<meta property=\"og:url\" content=\"https:\/\/abilica.com\/sv\/kondition\/spinningcykel\/abilica-racer-wmn\/\" \/>\n<meta property=\"og:site_name\" content=\"Abilica\" \/>\n<meta property=\"article:publisher\" content=\"https:\/\/www.facebook.com\/abilicahometraining\/\" \/>\n<meta property=\"article:modified_time\" content=\"2023-10-16T19:36:06+00:00\" \/>\n<meta property=\"og:image\" content=\"https:\/\/abilica.com\/wp-content\/uploads\/2017\/03\/300066.jpg\" \/>\n\t<meta property=\"og:image:width\" content=\"1200\" \/>\n\t<meta property=\"og:image:height\" content=\"1200\" \/>\n\t<meta property=\"og:image:type\" content=\"image\/jpeg\" \/>\n<meta name=\"twitter:card\" content=\"summary_large_image\" \/>\n<meta name=\"twitter:label1\" content=\"Ber\u00e4knad l\u00e4stid\" \/>\n\t<meta name=\"twitter:data1\" content=\"1 minut\" \/>\n<script type=\"application\/ld+json\" class=\"yoast-schema-graph\">{\"@context\":\"https:\/\/schema.org\",\"@graph\":[{\"@type\":\"WebPage\",\"@id\":\"https:\/\/abilica.com\/sv\/kondition\/spinningcykel\/abilica-racer-wmn\/\",\"url\":\"https:\/\/abilica.com\/sv\/kondition\/spinningcykel\/abilica-racer-wmn\/\",\"name\":\"Abilica Racer Wmn Abilica\",\"isPartOf\":{\"@id\":\"https:\/\/abilica.com\/#website\"},\"primaryImageOfPage\":{\"@id\":\"https:\/\/abilica.com\/sv\/kondition\/spinningcykel\/abilica-racer-wmn\/#primaryimage\"},\"image\":{\"@id\":\"https:\/\/abilica.com\/sv\/kondition\/spinningcykel\/abilica-racer-wmn\/#primaryimage\"},\"thumbnailUrl\":\"https:\/\/abilica.com\/wp-content\/uploads\/2017\/03\/300066.jpg\",\"datePublished\":\"2015-02-26T23:00:00+00:00\",\"dateModified\":\"2023-10-16T19:36:06+00:00\",\"breadcrumb\":{\"@id\":\"https:\/\/abilica.com\/sv\/kondition\/spinningcykel\/abilica-racer-wmn\/#breadcrumb\"},\"inLanguage\":\"sv-SE\",\"potentialAction\":[{\"@type\":\"ReadAction\",\"target\":[\"https:\/\/abilica.com\/sv\/kondition\/spinningcykel\/abilica-racer-wmn\/\"]}]},{\"@type\":\"ImageObject\",\"inLanguage\":\"sv-SE\",\"@id\":\"https:\/\/abilica.com\/sv\/kondition\/spinningcykel\/abilica-racer-wmn\/#primaryimage\",\"url\":\"https:\/\/abilica.com\/wp-content\/uploads\/2017\/03\/300066.jpg\",\"contentUrl\":\"https:\/\/abilica.com\/wp-content\/uploads\/2017\/03\/300066.jpg\",\"width\":1200,\"height\":1200},{\"@type\":\"BreadcrumbList\",\"@id\":\"https:\/\/abilica.com\/sv\/kondition\/spinningcykel\/abilica-racer-wmn\/#breadcrumb\",\"itemListElement\":[{\"@type\":\"ListItem\",\"position\":1,\"name\":\"Hem\",\"item\":\"https:\/\/abilica.com\/sv\/\"},{\"@type\":\"ListItem\",\"position\":2,\"name\":\"Produkter\",\"item\":\"https:\/\/abilica.com\/sv\/shop\/\"},{\"@type\":\"ListItem\",\"position\":3,\"name\":\"Abilica Racer Wmn\"}]},{\"@type\":\"WebSite\",\"@id\":\"https:\/\/abilica.com\/#website\",\"url\":\"https:\/\/abilica.com\/\",\"name\":\"Abilica\",\"description\":\"Abilica Home Training\",\"potentialAction\":[{\"@type\":\"SearchAction\",\"target\":{\"@type\":\"EntryPoint\",\"urlTemplate\":\"https:\/\/abilica.com\/?s={search_term_string}\"},\"query-input\":{\"@type\":\"PropertyValueSpecification\",\"valueRequired\":true,\"valueName\":\"search_term_string\"}}],\"inLanguage\":\"sv-SE\"}]}<\/script>\n<!-- \/ Yoast SEO Premium plugin. -->","yoast_head_json":{"title":"Abilica Racer Wmn Abilica","robots":{"index":"index","follow":"follow","max-snippet":"max-snippet:-1","max-image-preview":"max-image-preview:large","max-video-preview":"max-video-preview:-1"},"canonical":"https:\/\/abilica.com\/sv\/kondition\/spinningcykel\/abilica-racer-wmn\/","og_locale":"sv_SE","og_type":"article","og_title":"Abilica Racer Wmn","og_description":"[vc_row][vc_column][vc_column_text]\u00c4ntligen en spinningcykel som matchar din \u00f6vriga tr\u00e4ningsutrustning. \u00a0En cykel som ger k\u00e4nslan av fart...","og_url":"https:\/\/abilica.com\/sv\/kondition\/spinningcykel\/abilica-racer-wmn\/","og_site_name":"Abilica","article_publisher":"https:\/\/www.facebook.com\/abilicahometraining\/","article_modified_time":"2023-10-16T19:36:06+00:00","og_image":[{"width":1200,"height":1200,"url":"https:\/\/abilica.com\/wp-content\/uploads\/2017\/03\/300066.jpg","type":"image\/jpeg"}],"twitter_card":"summary_large_image","twitter_misc":{"Ber\u00e4knad l\u00e4stid":"1 minut"},"schema":{"@context":"https:\/\/schema.org","@graph":[{"@type":"WebPage","@id":"https:\/\/abilica.com\/sv\/kondition\/spinningcykel\/abilica-racer-wmn\/","url":"https:\/\/abilica.com\/sv\/kondition\/spinningcykel\/abilica-racer-wmn\/","name":"Abilica Racer Wmn Abilica","isPartOf":{"@id":"https:\/\/abilica.com\/#website"},"primaryImageOfPage":{"@id":"https:\/\/abilica.com\/sv\/kondition\/spinningcykel\/abilica-racer-wmn\/#primaryimage"},"image":{"@id":"https:\/\/abilica.com\/sv\/kondition\/spinningcykel\/abilica-racer-wmn\/#primaryimage"},"thumbnailUrl":"https:\/\/abilica.com\/wp-content\/uploads\/2017\/03\/300066.jpg","datePublished":"2015-02-26T23:00:00+00:00","dateModified":"2023-10-16T19:36:06+00:00","breadcrumb":{"@id":"https:\/\/abilica.com\/sv\/kondition\/spinningcykel\/abilica-racer-wmn\/#breadcrumb"},"inLanguage":"sv-SE","potentialAction":[{"@type":"ReadAction","target":["https:\/\/abilica.com\/sv\/kondition\/spinningcykel\/abilica-racer-wmn\/"]}]},{"@type":"ImageObject","inLanguage":"sv-SE","@id":"https:\/\/abilica.com\/sv\/kondition\/spinningcykel\/abilica-racer-wmn\/#primaryimage","url":"https:\/\/abilica.com\/wp-content\/uploads\/2017\/03\/300066.jpg","contentUrl":"https:\/\/abilica.com\/wp-content\/uploads\/2017\/03\/300066.jpg","width":1200,"height":1200},{"@type":"BreadcrumbList","@id":"https:\/\/abilica.com\/sv\/kondition\/spinningcykel\/abilica-racer-wmn\/#breadcrumb","itemListElement":[{"@type":"ListItem","position":1,"name":"Hem","item":"https:\/\/abilica.com\/sv\/"},{"@type":"ListItem","position":2,"name":"Produkter","item":"https:\/\/abilica.com\/sv\/shop\/"},{"@type":"ListItem","position":3,"name":"Abilica Racer Wmn"}]},{"@type":"WebSite","@id":"https:\/\/abilica.com\/#website","url":"https:\/\/abilica.com\/","name":"Abilica","description":"Abilica Home Training","potentialAction":[{"@type":"SearchAction","target":{"@type":"EntryPoint","urlTemplate":"https:\/\/abilica.com\/?s={search_term_string}"},"query-input":{"@type":"PropertyValueSpecification","valueRequired":true,"valueName":"search_term_string"}}],"inLanguage":"sv-SE"}]}},"_links":{"self":[{"href":"https:\/\/abilica.com\/sv\/wp-json\/wp\/v2\/product\/1409","targetHints":{"allow":["GET"]}}],"collection":[{"href":"https:\/\/abilica.com\/sv\/wp-json\/wp\/v2\/product"}],"about":[{"href":"https:\/\/abilica.com\/sv\/wp-json\/wp\/v2\/types\/product"}],"wp:featuredmedia":[{"embeddable":true,"href":"https:\/\/abilica.com\/sv\/wp-json\/wp\/v2\/media\/15952"}],"wp:attachment":[{"href":"https:\/\/abilica.com\/sv\/wp-json\/wp\/v2\/media?parent=1409"}],"wp:term":[{"taxonomy":"product_brand","embeddable":true,"href":"https:\/\/abilica.com\/sv\/wp-json\/wp\/v2\/product_brand?post=1409"},{"taxonomy":"product_cat","embeddable":true,"href":"https:\/\/abilica.com\/sv\/wp-json\/wp\/v2\/product_cat?post=1409"},{"taxonomy":"product_tag","embeddable":true,"href":"https:\/\/abilica.com\/sv\/wp-json\/wp\/v2\/product_tag?post=1409"}],"curies":[{"name":"wp","href":"https:\/\/api.w.org\/{rel}","templated":true}]}}