{"id":1488,"date":"2015-02-27T00:00:00","date_gmt":"2015-02-26T23:00:00","guid":{"rendered":"https:\/\/abilica.com\/se\/produkt\/bumper-weight-bar\/"},"modified":"2025-10-20T11:14:57","modified_gmt":"2025-10-20T10:14:57","slug":"bumper-weight-bar","status":"publish","type":"product","link":"https:\/\/abilica.com\/sv\/styrka\/skivor-och-stanger\/bumper-weight-bar\/","title":{"rendered":"Abilica WeightBar Bumper 220 cm 50 mm"},"content":{"rendered":"<div class=\"wpb-content-wrapper\"><p>[vc_row][vc_column][vc_column_text]<strong>Abilica Bumper WeightBar \u00e4r viktst\u00e5ngen f\u00f6r dig som vill ha utm\u00e4rkt rotationsf\u00f6rm\u00e5ga i \u00e4ndstyckena och ett bra grepp.<\/strong><\/p>\n<p>Varje \u00e4ndstycke \u00e4r utrustat med 4 n\u00e5llager och ett bronsfoder, vilket ger mycket god rotationsf\u00f6rm\u00e5ga och s\u00e4kerst\u00e4ller att dina handleder skonas vid \u00f6vningar som st\u00f6t och ryck, eller mer traditionella \u00f6vningar som b\u00e4nkpress och axelpress. Bumper WeightBar \u00e4r tillverkad av legerat st\u00e5l med 215 000 PSI och har en h\u00e5rdkromfinish, vilket g\u00f6r st\u00e5ngen mycket robust samtidigt som den har en bra och lyh\u00f6rd styvhet. Allt detta, tillsammans med ett bra grepp fr\u00e5n den 1,5 mm vulkanserrationen, garanterar dig en optimal skivst\u00e5ng f\u00f6r effektiva tr\u00e4ningspass. Abilica Bumper WeightBar \u00e4r designad och testad f\u00f6r att klara fall med viktskivor fr\u00e5n en h\u00f6jd av 260 cm. Observera att en skivst\u00e5ng inte b\u00f6r sl\u00e4ppas p\u00e5 marken utan viktskivor. Vi rekommenderar Abilica Bumper Plates 50 mm f\u00f6r denna skivst\u00e5ng, samt 50 mm l\u00e5s. Abilica Bumper WeightBar 220 cm 50 mm passar lika bra i ett hemmagym som p\u00e5 ett f\u00f6retag.<\/p>\n<p><strong>SPECIFIKATIONER<\/strong><br \/>\nL\u00e4ngd: 220 cm<br \/>\nVikt: 20 kg<br \/>\nL\u00e4ngd p\u00e5 gavel: 41 cm<br \/>\nGreppbredd: 131 cm<br \/>\nGreppdiameter: 28 mm<br \/>\nSerraterade sektioner: 4<br \/>\nSerration: Vulkan 1,5 mm<br \/>\nLager: 8 n\u00e5llager<br \/>\nPSI: 215k<br \/>\nYtbehandling: H\u00e5rdkrom<br \/>\nMax belastning: 500 kg<br \/>\nLevereras utan l\u00e5s[\/vc_column_text][\/vc_column][\/vc_row]<\/p>\n<\/div>","protected":false},"excerpt":{"rendered":"<p>[vc_row][vc_column][vc_column_text]Abilica Bumper WeightBar \u00e4r viktst\u00e5ngen f\u00f6r dig som vill ha utm\u00e4rkt rotationsf\u00f6rm\u00e5ga i \u00e4ndstyckena och&#8230;<\/p>\n","protected":false},"featured_media":67984,"template":"","meta":{"_acf_changed":false},"product_brand":[],"product_cat":[474,471],"product_tag":[33,49,34],"class_list":{"0":"post-1488","1":"product","2":"type-product","3":"status-publish","4":"has-post-thumbnail","6":"product_cat-skivor-och-stanger","7":"product_cat-styrka","8":"product_tag-crossfit","9":"product_tag-premium","10":"product_tag-styrka","12":"first","13":"instock","14":"product-type-simple"},"acf":[],"yoast_head":"<!-- This site is optimized with the Yoast SEO Premium plugin v21.1 (Yoast SEO v25.4) - https:\/\/yoast.com\/wordpress\/plugins\/seo\/ -->\n<title>Abilica WeightBar Bumper 220 cm 50 mm Abilica<\/title>\n<meta name=\"robots\" content=\"index, follow, max-snippet:-1, max-image-preview:large, max-video-preview:-1\" \/>\n<link rel=\"canonical\" href=\"https:\/\/abilica.com\/sv\/styrka\/skivor-och-stanger\/bumper-weight-bar\/\" \/>\n<meta property=\"og:locale\" content=\"sv_SE\" \/>\n<meta property=\"og:type\" content=\"article\" \/>\n<meta property=\"og:title\" content=\"Abilica WeightBar Bumper 220 cm 50 mm\" \/>\n<meta property=\"og:description\" content=\"[vc_row][vc_column][vc_column_text]Abilica Bumper WeightBar \u00e4r viktst\u00e5ngen f\u00f6r dig som vill ha utm\u00e4rkt rotationsf\u00f6rm\u00e5ga i \u00e4ndstyckena och...\" \/>\n<meta property=\"og:url\" content=\"https:\/\/abilica.com\/sv\/styrka\/skivor-och-stanger\/bumper-weight-bar\/\" \/>\n<meta property=\"og:site_name\" content=\"Abilica\" \/>\n<meta property=\"article:publisher\" content=\"https:\/\/www.facebook.com\/abilicahometraining\/\" \/>\n<meta property=\"article:modified_time\" content=\"2025-10-20T10:14:57+00:00\" \/>\n<meta property=\"og:image\" content=\"https:\/\/abilica.com\/wp-content\/uploads\/2023\/10\/300095_Abilica-WeightBar-Bumper-220-cm-50-mm_2.jpg\" \/>\n\t<meta property=\"og:image:width\" content=\"1200\" \/>\n\t<meta property=\"og:image:height\" content=\"1200\" \/>\n\t<meta property=\"og:image:type\" content=\"image\/jpeg\" \/>\n<meta name=\"twitter:card\" content=\"summary_large_image\" \/>\n<meta name=\"twitter:label1\" content=\"Ber\u00e4knad l\u00e4stid\" \/>\n\t<meta name=\"twitter:data1\" content=\"1 minut\" \/>\n<script type=\"application\/ld+json\" class=\"yoast-schema-graph\">{\"@context\":\"https:\/\/schema.org\",\"@graph\":[{\"@type\":\"WebPage\",\"@id\":\"https:\/\/abilica.com\/sv\/styrka\/skivor-och-stanger\/bumper-weight-bar\/\",\"url\":\"https:\/\/abilica.com\/sv\/styrka\/skivor-och-stanger\/bumper-weight-bar\/\",\"name\":\"Abilica WeightBar Bumper 220 cm 50 mm Abilica\",\"isPartOf\":{\"@id\":\"https:\/\/abilica.com\/#website\"},\"primaryImageOfPage\":{\"@id\":\"https:\/\/abilica.com\/sv\/styrka\/skivor-och-stanger\/bumper-weight-bar\/#primaryimage\"},\"image\":{\"@id\":\"https:\/\/abilica.com\/sv\/styrka\/skivor-och-stanger\/bumper-weight-bar\/#primaryimage\"},\"thumbnailUrl\":\"https:\/\/abilica.com\/wp-content\/uploads\/2023\/10\/300095_Abilica-WeightBar-Bumper-220-cm-50-mm_2.jpg\",\"datePublished\":\"2015-02-26T23:00:00+00:00\",\"dateModified\":\"2025-10-20T10:14:57+00:00\",\"breadcrumb\":{\"@id\":\"https:\/\/abilica.com\/sv\/styrka\/skivor-och-stanger\/bumper-weight-bar\/#breadcrumb\"},\"inLanguage\":\"sv-SE\",\"potentialAction\":[{\"@type\":\"ReadAction\",\"target\":[\"https:\/\/abilica.com\/sv\/styrka\/skivor-och-stanger\/bumper-weight-bar\/\"]}]},{\"@type\":\"ImageObject\",\"inLanguage\":\"sv-SE\",\"@id\":\"https:\/\/abilica.com\/sv\/styrka\/skivor-och-stanger\/bumper-weight-bar\/#primaryimage\",\"url\":\"https:\/\/abilica.com\/wp-content\/uploads\/2023\/10\/300095_Abilica-WeightBar-Bumper-220-cm-50-mm_2.jpg\",\"contentUrl\":\"https:\/\/abilica.com\/wp-content\/uploads\/2023\/10\/300095_Abilica-WeightBar-Bumper-220-cm-50-mm_2.jpg\",\"width\":1200,\"height\":1200},{\"@type\":\"BreadcrumbList\",\"@id\":\"https:\/\/abilica.com\/sv\/styrka\/skivor-och-stanger\/bumper-weight-bar\/#breadcrumb\",\"itemListElement\":[{\"@type\":\"ListItem\",\"position\":1,\"name\":\"Hem\",\"item\":\"https:\/\/abilica.com\/sv\/\"},{\"@type\":\"ListItem\",\"position\":2,\"name\":\"Produkter\",\"item\":\"https:\/\/abilica.com\/sv\/shop\/\"},{\"@type\":\"ListItem\",\"position\":3,\"name\":\"Abilica WeightBar Bumper 220 cm 50 mm\"}]},{\"@type\":\"WebSite\",\"@id\":\"https:\/\/abilica.com\/#website\",\"url\":\"https:\/\/abilica.com\/\",\"name\":\"Abilica\",\"description\":\"Abilica Home Training\",\"potentialAction\":[{\"@type\":\"SearchAction\",\"target\":{\"@type\":\"EntryPoint\",\"urlTemplate\":\"https:\/\/abilica.com\/?s={search_term_string}\"},\"query-input\":{\"@type\":\"PropertyValueSpecification\",\"valueRequired\":true,\"valueName\":\"search_term_string\"}}],\"inLanguage\":\"sv-SE\"}]}<\/script>\n<!-- \/ Yoast SEO Premium plugin. -->","yoast_head_json":{"title":"Abilica WeightBar Bumper 220 cm 50 mm Abilica","robots":{"index":"index","follow":"follow","max-snippet":"max-snippet:-1","max-image-preview":"max-image-preview:large","max-video-preview":"max-video-preview:-1"},"canonical":"https:\/\/abilica.com\/sv\/styrka\/skivor-och-stanger\/bumper-weight-bar\/","og_locale":"sv_SE","og_type":"article","og_title":"Abilica WeightBar Bumper 220 cm 50 mm","og_description":"[vc_row][vc_column][vc_column_text]Abilica Bumper WeightBar \u00e4r viktst\u00e5ngen f\u00f6r dig som vill ha utm\u00e4rkt rotationsf\u00f6rm\u00e5ga i \u00e4ndstyckena och...","og_url":"https:\/\/abilica.com\/sv\/styrka\/skivor-och-stanger\/bumper-weight-bar\/","og_site_name":"Abilica","article_publisher":"https:\/\/www.facebook.com\/abilicahometraining\/","article_modified_time":"2025-10-20T10:14:57+00:00","og_image":[{"width":1200,"height":1200,"url":"https:\/\/abilica.com\/wp-content\/uploads\/2023\/10\/300095_Abilica-WeightBar-Bumper-220-cm-50-mm_2.jpg","type":"image\/jpeg"}],"twitter_card":"summary_large_image","twitter_misc":{"Ber\u00e4knad l\u00e4stid":"1 minut"},"schema":{"@context":"https:\/\/schema.org","@graph":[{"@type":"WebPage","@id":"https:\/\/abilica.com\/sv\/styrka\/skivor-och-stanger\/bumper-weight-bar\/","url":"https:\/\/abilica.com\/sv\/styrka\/skivor-och-stanger\/bumper-weight-bar\/","name":"Abilica WeightBar Bumper 220 cm 50 mm Abilica","isPartOf":{"@id":"https:\/\/abilica.com\/#website"},"primaryImageOfPage":{"@id":"https:\/\/abilica.com\/sv\/styrka\/skivor-och-stanger\/bumper-weight-bar\/#primaryimage"},"image":{"@id":"https:\/\/abilica.com\/sv\/styrka\/skivor-och-stanger\/bumper-weight-bar\/#primaryimage"},"thumbnailUrl":"https:\/\/abilica.com\/wp-content\/uploads\/2023\/10\/300095_Abilica-WeightBar-Bumper-220-cm-50-mm_2.jpg","datePublished":"2015-02-26T23:00:00+00:00","dateModified":"2025-10-20T10:14:57+00:00","breadcrumb":{"@id":"https:\/\/abilica.com\/sv\/styrka\/skivor-och-stanger\/bumper-weight-bar\/#breadcrumb"},"inLanguage":"sv-SE","potentialAction":[{"@type":"ReadAction","target":["https:\/\/abilica.com\/sv\/styrka\/skivor-och-stanger\/bumper-weight-bar\/"]}]},{"@type":"ImageObject","inLanguage":"sv-SE","@id":"https:\/\/abilica.com\/sv\/styrka\/skivor-och-stanger\/bumper-weight-bar\/#primaryimage","url":"https:\/\/abilica.com\/wp-content\/uploads\/2023\/10\/300095_Abilica-WeightBar-Bumper-220-cm-50-mm_2.jpg","contentUrl":"https:\/\/abilica.com\/wp-content\/uploads\/2023\/10\/300095_Abilica-WeightBar-Bumper-220-cm-50-mm_2.jpg","width":1200,"height":1200},{"@type":"BreadcrumbList","@id":"https:\/\/abilica.com\/sv\/styrka\/skivor-och-stanger\/bumper-weight-bar\/#breadcrumb","itemListElement":[{"@type":"ListItem","position":1,"name":"Hem","item":"https:\/\/abilica.com\/sv\/"},{"@type":"ListItem","position":2,"name":"Produkter","item":"https:\/\/abilica.com\/sv\/shop\/"},{"@type":"ListItem","position":3,"name":"Abilica WeightBar Bumper 220 cm 50 mm"}]},{"@type":"WebSite","@id":"https:\/\/abilica.com\/#website","url":"https:\/\/abilica.com\/","name":"Abilica","description":"Abilica Home Training","potentialAction":[{"@type":"SearchAction","target":{"@type":"EntryPoint","urlTemplate":"https:\/\/abilica.com\/?s={search_term_string}"},"query-input":{"@type":"PropertyValueSpecification","valueRequired":true,"valueName":"search_term_string"}}],"inLanguage":"sv-SE"}]}},"_links":{"self":[{"href":"https:\/\/abilica.com\/sv\/wp-json\/wp\/v2\/product\/1488","targetHints":{"allow":["GET"]}}],"collection":[{"href":"https:\/\/abilica.com\/sv\/wp-json\/wp\/v2\/product"}],"about":[{"href":"https:\/\/abilica.com\/sv\/wp-json\/wp\/v2\/types\/product"}],"wp:featuredmedia":[{"embeddable":true,"href":"https:\/\/abilica.com\/sv\/wp-json\/wp\/v2\/media\/67984"}],"wp:attachment":[{"href":"https:\/\/abilica.com\/sv\/wp-json\/wp\/v2\/media?parent=1488"}],"wp:term":[{"taxonomy":"product_brand","embeddable":true,"href":"https:\/\/abilica.com\/sv\/wp-json\/wp\/v2\/product_brand?post=1488"},{"taxonomy":"product_cat","embeddable":true,"href":"https:\/\/abilica.com\/sv\/wp-json\/wp\/v2\/product_cat?post=1488"},{"taxonomy":"product_tag","embeddable":true,"href":"https:\/\/abilica.com\/sv\/wp-json\/wp\/v2\/product_tag?post=1488"}],"curies":[{"name":"wp","href":"https:\/\/api.w.org\/{rel}","templated":true}]}}