{"id":1501,"date":"2015-02-27T00:00:00","date_gmt":"2015-02-26T23:00:00","guid":{"rendered":"https:\/\/abilica.com\/se\/produkt\/abilica-bigbalance\/"},"modified":"2023-10-16T20:36:07","modified_gmt":"2023-10-16T19:36:07","slug":"abilica-bigbalance","status":"publish","type":"product","link":"https:\/\/abilica.com\/sv\/balans\/balanskudde\/abilica-bigbalance\/","title":{"rendered":"Abilica BigBalance"},"content":{"rendered":"<div class=\"wpb-content-wrapper\"><p>[vc_row][vc_column][vc_column_text]Balanskudden har en sv\u00e4ngd form och en diameter p\u00e5 hela 45 cm, vilket g\u00f6r den perfekt till balans\u00f6vningar i vilka man ska st\u00e5 med b\u00e5da benen p\u00e5 kudden eller sitta\/ligga p\u00e5 den. M\u00e4ngden luft best\u00e4mmer sv\u00e5righetsgraden. Abilica BigBalance ger effektiv tr\u00e4ning av balansen, och kan enkelt kombineras med andra produkter f\u00f6r att \u00f6ka aktiveringen av k\u00e4rnmuskulatur, till exempel vid anv\u00e4ndning av slynga. Tr\u00e4ningsprogram och pump medf\u00f6ljer.[\/vc_column_text][vc_empty_space height=&#8221;52px&#8221;][\/vc_column][\/vc_row][vc_row][vc_column width=&#8221;1\/2&#8243;][vc_btn title=&#8221;Tr\u00e4ningsprogram&#8221; style=&#8221;flat&#8221; color=&#8221;black&#8221; align=&#8221;center&#8221; i_icon_fontawesome=&#8221;fa fa-file-pdf-o&#8221; add_icon=&#8221;true&#8221; link=&#8221;url:http%3A%2F%2Fabilica.com\/se%2Fwp-content%2Fuploads%2F2017%2F02%2FAbilica-BigBalance.pdf||target:%20_blank|&#8221;][\/vc_column][vc_column width=&#8221;1\/2&#8243;][vc_btn title=&#8221;Tr\u00e4ningstips&#8221; style=&#8221;flat&#8221; color=&#8221;black&#8221; align=&#8221;center&#8221; i_icon_fontawesome=&#8221;fa fa-align-left&#8221; add_icon=&#8221;true&#8221; link=&#8221;url:http%3A%2F%2Fwww.hemmatraningsbloggen.se%2Fbalanstraning%2Ffa-battre-balans-med-balanskudde%2F||target:%20_blank|&#8221;][\/vc_column][\/vc_row]<\/p>\n<\/div>","protected":false},"excerpt":{"rendered":"<p>[vc_row][vc_column][vc_column_text]Balanskudden har en sv\u00e4ngd form och en diameter p\u00e5 hela 45 cm, vilket g\u00f6r den&#8230;<\/p>\n","protected":false},"featured_media":15856,"template":"","meta":{"_acf_changed":false},"product_brand":[],"product_cat":[487,498],"product_tag":[72,55,177],"class_list":{"0":"post-1501","1":"product","2":"type-product","3":"status-publish","4":"has-post-thumbnail","6":"product_cat-balans","7":"product_cat-balanskudde","8":"product_tag-balans","9":"product_tag-restitution-och-skadeforebyggande","10":"product_tag-small-items","12":"first","13":"outofstock","14":"product-type-simple"},"acf":[],"yoast_head":"<!-- This site is optimized with the Yoast SEO Premium plugin v21.1 (Yoast SEO v25.4) - https:\/\/yoast.com\/wordpress\/plugins\/seo\/ -->\n<title>Abilica BigBalance Abilica<\/title>\n<meta name=\"robots\" content=\"index, follow, max-snippet:-1, max-image-preview:large, max-video-preview:-1\" \/>\n<link rel=\"canonical\" href=\"https:\/\/abilica.com\/sv\/balans\/balanskudde\/abilica-bigbalance\/\" \/>\n<meta property=\"og:locale\" content=\"sv_SE\" \/>\n<meta property=\"og:type\" content=\"article\" \/>\n<meta property=\"og:title\" content=\"Abilica BigBalance\" \/>\n<meta property=\"og:description\" content=\"[vc_row][vc_column][vc_column_text]Balanskudden har en sv\u00e4ngd form och en diameter p\u00e5 hela 45 cm, vilket g\u00f6r den...\" \/>\n<meta property=\"og:url\" content=\"https:\/\/abilica.com\/sv\/balans\/balanskudde\/abilica-bigbalance\/\" \/>\n<meta property=\"og:site_name\" content=\"Abilica\" \/>\n<meta property=\"article:publisher\" content=\"https:\/\/www.facebook.com\/abilicahometraining\/\" \/>\n<meta property=\"article:modified_time\" content=\"2023-10-16T19:36:07+00:00\" \/>\n<meta property=\"og:image\" content=\"https:\/\/abilica.com\/wp-content\/uploads\/2017\/03\/300064.jpg\" \/>\n\t<meta property=\"og:image:width\" content=\"1200\" \/>\n\t<meta property=\"og:image:height\" content=\"1200\" \/>\n\t<meta property=\"og:image:type\" content=\"image\/jpeg\" \/>\n<meta name=\"twitter:card\" content=\"summary_large_image\" \/>\n<meta name=\"twitter:label1\" content=\"Ber\u00e4knad l\u00e4stid\" \/>\n\t<meta name=\"twitter:data1\" content=\"1 minut\" \/>\n<script type=\"application\/ld+json\" class=\"yoast-schema-graph\">{\"@context\":\"https:\/\/schema.org\",\"@graph\":[{\"@type\":\"WebPage\",\"@id\":\"https:\/\/abilica.com\/sv\/balans\/balanskudde\/abilica-bigbalance\/\",\"url\":\"https:\/\/abilica.com\/sv\/balans\/balanskudde\/abilica-bigbalance\/\",\"name\":\"Abilica BigBalance Abilica\",\"isPartOf\":{\"@id\":\"https:\/\/abilica.com\/#website\"},\"primaryImageOfPage\":{\"@id\":\"https:\/\/abilica.com\/sv\/balans\/balanskudde\/abilica-bigbalance\/#primaryimage\"},\"image\":{\"@id\":\"https:\/\/abilica.com\/sv\/balans\/balanskudde\/abilica-bigbalance\/#primaryimage\"},\"thumbnailUrl\":\"https:\/\/abilica.com\/wp-content\/uploads\/2017\/03\/300064.jpg\",\"datePublished\":\"2015-02-26T23:00:00+00:00\",\"dateModified\":\"2023-10-16T19:36:07+00:00\",\"breadcrumb\":{\"@id\":\"https:\/\/abilica.com\/sv\/balans\/balanskudde\/abilica-bigbalance\/#breadcrumb\"},\"inLanguage\":\"sv-SE\",\"potentialAction\":[{\"@type\":\"ReadAction\",\"target\":[\"https:\/\/abilica.com\/sv\/balans\/balanskudde\/abilica-bigbalance\/\"]}]},{\"@type\":\"ImageObject\",\"inLanguage\":\"sv-SE\",\"@id\":\"https:\/\/abilica.com\/sv\/balans\/balanskudde\/abilica-bigbalance\/#primaryimage\",\"url\":\"https:\/\/abilica.com\/wp-content\/uploads\/2017\/03\/300064.jpg\",\"contentUrl\":\"https:\/\/abilica.com\/wp-content\/uploads\/2017\/03\/300064.jpg\",\"width\":1200,\"height\":1200},{\"@type\":\"BreadcrumbList\",\"@id\":\"https:\/\/abilica.com\/sv\/balans\/balanskudde\/abilica-bigbalance\/#breadcrumb\",\"itemListElement\":[{\"@type\":\"ListItem\",\"position\":1,\"name\":\"Hem\",\"item\":\"https:\/\/abilica.com\/sv\/\"},{\"@type\":\"ListItem\",\"position\":2,\"name\":\"Produkter\",\"item\":\"https:\/\/abilica.com\/sv\/shop\/\"},{\"@type\":\"ListItem\",\"position\":3,\"name\":\"Abilica BigBalance\"}]},{\"@type\":\"WebSite\",\"@id\":\"https:\/\/abilica.com\/#website\",\"url\":\"https:\/\/abilica.com\/\",\"name\":\"Abilica\",\"description\":\"Abilica Home Training\",\"potentialAction\":[{\"@type\":\"SearchAction\",\"target\":{\"@type\":\"EntryPoint\",\"urlTemplate\":\"https:\/\/abilica.com\/?s={search_term_string}\"},\"query-input\":{\"@type\":\"PropertyValueSpecification\",\"valueRequired\":true,\"valueName\":\"search_term_string\"}}],\"inLanguage\":\"sv-SE\"}]}<\/script>\n<!-- \/ Yoast SEO Premium plugin. -->","yoast_head_json":{"title":"Abilica BigBalance Abilica","robots":{"index":"index","follow":"follow","max-snippet":"max-snippet:-1","max-image-preview":"max-image-preview:large","max-video-preview":"max-video-preview:-1"},"canonical":"https:\/\/abilica.com\/sv\/balans\/balanskudde\/abilica-bigbalance\/","og_locale":"sv_SE","og_type":"article","og_title":"Abilica BigBalance","og_description":"[vc_row][vc_column][vc_column_text]Balanskudden har en sv\u00e4ngd form och en diameter p\u00e5 hela 45 cm, vilket g\u00f6r den...","og_url":"https:\/\/abilica.com\/sv\/balans\/balanskudde\/abilica-bigbalance\/","og_site_name":"Abilica","article_publisher":"https:\/\/www.facebook.com\/abilicahometraining\/","article_modified_time":"2023-10-16T19:36:07+00:00","og_image":[{"width":1200,"height":1200,"url":"https:\/\/abilica.com\/wp-content\/uploads\/2017\/03\/300064.jpg","type":"image\/jpeg"}],"twitter_card":"summary_large_image","twitter_misc":{"Ber\u00e4knad l\u00e4stid":"1 minut"},"schema":{"@context":"https:\/\/schema.org","@graph":[{"@type":"WebPage","@id":"https:\/\/abilica.com\/sv\/balans\/balanskudde\/abilica-bigbalance\/","url":"https:\/\/abilica.com\/sv\/balans\/balanskudde\/abilica-bigbalance\/","name":"Abilica BigBalance Abilica","isPartOf":{"@id":"https:\/\/abilica.com\/#website"},"primaryImageOfPage":{"@id":"https:\/\/abilica.com\/sv\/balans\/balanskudde\/abilica-bigbalance\/#primaryimage"},"image":{"@id":"https:\/\/abilica.com\/sv\/balans\/balanskudde\/abilica-bigbalance\/#primaryimage"},"thumbnailUrl":"https:\/\/abilica.com\/wp-content\/uploads\/2017\/03\/300064.jpg","datePublished":"2015-02-26T23:00:00+00:00","dateModified":"2023-10-16T19:36:07+00:00","breadcrumb":{"@id":"https:\/\/abilica.com\/sv\/balans\/balanskudde\/abilica-bigbalance\/#breadcrumb"},"inLanguage":"sv-SE","potentialAction":[{"@type":"ReadAction","target":["https:\/\/abilica.com\/sv\/balans\/balanskudde\/abilica-bigbalance\/"]}]},{"@type":"ImageObject","inLanguage":"sv-SE","@id":"https:\/\/abilica.com\/sv\/balans\/balanskudde\/abilica-bigbalance\/#primaryimage","url":"https:\/\/abilica.com\/wp-content\/uploads\/2017\/03\/300064.jpg","contentUrl":"https:\/\/abilica.com\/wp-content\/uploads\/2017\/03\/300064.jpg","width":1200,"height":1200},{"@type":"BreadcrumbList","@id":"https:\/\/abilica.com\/sv\/balans\/balanskudde\/abilica-bigbalance\/#breadcrumb","itemListElement":[{"@type":"ListItem","position":1,"name":"Hem","item":"https:\/\/abilica.com\/sv\/"},{"@type":"ListItem","position":2,"name":"Produkter","item":"https:\/\/abilica.com\/sv\/shop\/"},{"@type":"ListItem","position":3,"name":"Abilica BigBalance"}]},{"@type":"WebSite","@id":"https:\/\/abilica.com\/#website","url":"https:\/\/abilica.com\/","name":"Abilica","description":"Abilica Home Training","potentialAction":[{"@type":"SearchAction","target":{"@type":"EntryPoint","urlTemplate":"https:\/\/abilica.com\/?s={search_term_string}"},"query-input":{"@type":"PropertyValueSpecification","valueRequired":true,"valueName":"search_term_string"}}],"inLanguage":"sv-SE"}]}},"_links":{"self":[{"href":"https:\/\/abilica.com\/sv\/wp-json\/wp\/v2\/product\/1501","targetHints":{"allow":["GET"]}}],"collection":[{"href":"https:\/\/abilica.com\/sv\/wp-json\/wp\/v2\/product"}],"about":[{"href":"https:\/\/abilica.com\/sv\/wp-json\/wp\/v2\/types\/product"}],"wp:featuredmedia":[{"embeddable":true,"href":"https:\/\/abilica.com\/sv\/wp-json\/wp\/v2\/media\/15856"}],"wp:attachment":[{"href":"https:\/\/abilica.com\/sv\/wp-json\/wp\/v2\/media?parent=1501"}],"wp:term":[{"taxonomy":"product_brand","embeddable":true,"href":"https:\/\/abilica.com\/sv\/wp-json\/wp\/v2\/product_brand?post=1501"},{"taxonomy":"product_cat","embeddable":true,"href":"https:\/\/abilica.com\/sv\/wp-json\/wp\/v2\/product_cat?post=1501"},{"taxonomy":"product_tag","embeddable":true,"href":"https:\/\/abilica.com\/sv\/wp-json\/wp\/v2\/product_tag?post=1501"}],"curies":[{"name":"wp","href":"https:\/\/api.w.org\/{rel}","templated":true}]}}