{"id":19209,"date":"2017-08-09T11:21:08","date_gmt":"2017-08-09T10:21:08","guid":{"rendered":"https:\/\/abilica.com\/se\/\/abilica-multigripbar\/"},"modified":"2023-10-16T20:36:39","modified_gmt":"2023-10-16T19:36:39","slug":"abilica-multigripbar","status":"publish","type":"product","link":"https:\/\/abilica.com\/sv\/styrka\/skivor-och-stanger\/abilica-multigripbar\/","title":{"rendered":"Abilica MultigripBar 50 mm"},"content":{"rendered":"<p>Multigrip bar er anpassad 50mm viktskivor och med 4 olika greppsm\u00f6jligheter ger den m\u00f6jligheter f\u00f6r stor variation i tr\u00e4ningen. Viktst\u00e5ngen\u00a0\u00e4r s\u00e4rskilt l\u00e4mplig f\u00f6r \u00f6vningar med snabba v\u00e4ndningar, s\u00e5som till exempel\u00a0ryck. Den \u00e4r utformad och testad f\u00f6r att droppas\u00a0fr\u00e5n 260 cm, och kan motst\u00e5 en maximal viktbelastning p\u00e5 500 kg. Abilica MultigripBar passar till\u00a050 mm viktskivor och har 4 olika greppalternativ som ger m\u00f6jlighet till stor variation i tr\u00e4ningen.<\/p>\n","protected":false},"excerpt":{"rendered":"<p>Multigrip bar er anpassad 50mm viktskivor och med 4 olika greppsm\u00f6jligheter ger den m\u00f6jligheter f\u00f6r&#8230;<\/p>\n","protected":false},"featured_media":19210,"template":"","meta":{"_acf_changed":false},"product_brand":[],"product_cat":[474,471],"product_tag":[49],"class_list":{"0":"post-19209","1":"product","2":"type-product","3":"status-publish","4":"has-post-thumbnail","6":"product_cat-skivor-och-stanger","7":"product_cat-styrka","8":"product_tag-premium","10":"first","11":"instock","12":"product-type-simple"},"acf":[],"yoast_head":"<!-- This site is optimized with the Yoast SEO Premium plugin v21.1 (Yoast SEO v25.4) - https:\/\/yoast.com\/wordpress\/plugins\/seo\/ -->\n<title>Abilica MultigripBar 50 mm Abilica<\/title>\n<meta name=\"robots\" content=\"index, follow, max-snippet:-1, max-image-preview:large, max-video-preview:-1\" \/>\n<link rel=\"canonical\" href=\"https:\/\/abilica.com\/sv\/styrka\/skivor-och-stanger\/abilica-multigripbar\/\" \/>\n<meta property=\"og:locale\" content=\"sv_SE\" \/>\n<meta property=\"og:type\" content=\"article\" \/>\n<meta property=\"og:title\" content=\"Abilica MultigripBar 50 mm\" \/>\n<meta property=\"og:description\" content=\"Multigrip bar er anpassad 50mm viktskivor och med 4 olika greppsm\u00f6jligheter ger den m\u00f6jligheter f\u00f6r...\" \/>\n<meta property=\"og:url\" content=\"https:\/\/abilica.com\/sv\/styrka\/skivor-och-stanger\/abilica-multigripbar\/\" \/>\n<meta property=\"og:site_name\" content=\"Abilica\" \/>\n<meta property=\"article:publisher\" content=\"https:\/\/www.facebook.com\/abilicahometraining\/\" \/>\n<meta property=\"article:modified_time\" content=\"2023-10-16T19:36:39+00:00\" \/>\n<meta property=\"og:image\" content=\"https:\/\/abilica.com\/wp-content\/uploads\/2017\/08\/300931.jpg\" \/>\n\t<meta property=\"og:image:width\" content=\"1200\" \/>\n\t<meta property=\"og:image:height\" content=\"1200\" \/>\n\t<meta property=\"og:image:type\" content=\"image\/jpeg\" \/>\n<meta name=\"twitter:card\" content=\"summary_large_image\" \/>\n<script type=\"application\/ld+json\" class=\"yoast-schema-graph\">{\"@context\":\"https:\/\/schema.org\",\"@graph\":[{\"@type\":\"WebPage\",\"@id\":\"https:\/\/abilica.com\/sv\/styrka\/skivor-och-stanger\/abilica-multigripbar\/\",\"url\":\"https:\/\/abilica.com\/sv\/styrka\/skivor-och-stanger\/abilica-multigripbar\/\",\"name\":\"Abilica MultigripBar 50 mm Abilica\",\"isPartOf\":{\"@id\":\"https:\/\/abilica.com\/#website\"},\"primaryImageOfPage\":{\"@id\":\"https:\/\/abilica.com\/sv\/styrka\/skivor-och-stanger\/abilica-multigripbar\/#primaryimage\"},\"image\":{\"@id\":\"https:\/\/abilica.com\/sv\/styrka\/skivor-och-stanger\/abilica-multigripbar\/#primaryimage\"},\"thumbnailUrl\":\"https:\/\/abilica.com\/wp-content\/uploads\/2017\/08\/300931.jpg\",\"datePublished\":\"2017-08-09T10:21:08+00:00\",\"dateModified\":\"2023-10-16T19:36:39+00:00\",\"breadcrumb\":{\"@id\":\"https:\/\/abilica.com\/sv\/styrka\/skivor-och-stanger\/abilica-multigripbar\/#breadcrumb\"},\"inLanguage\":\"sv-SE\",\"potentialAction\":[{\"@type\":\"ReadAction\",\"target\":[\"https:\/\/abilica.com\/sv\/styrka\/skivor-och-stanger\/abilica-multigripbar\/\"]}]},{\"@type\":\"ImageObject\",\"inLanguage\":\"sv-SE\",\"@id\":\"https:\/\/abilica.com\/sv\/styrka\/skivor-och-stanger\/abilica-multigripbar\/#primaryimage\",\"url\":\"https:\/\/abilica.com\/wp-content\/uploads\/2017\/08\/300931.jpg\",\"contentUrl\":\"https:\/\/abilica.com\/wp-content\/uploads\/2017\/08\/300931.jpg\",\"width\":1200,\"height\":1200},{\"@type\":\"BreadcrumbList\",\"@id\":\"https:\/\/abilica.com\/sv\/styrka\/skivor-och-stanger\/abilica-multigripbar\/#breadcrumb\",\"itemListElement\":[{\"@type\":\"ListItem\",\"position\":1,\"name\":\"Hem\",\"item\":\"https:\/\/abilica.com\/sv\/\"},{\"@type\":\"ListItem\",\"position\":2,\"name\":\"Produkter\",\"item\":\"https:\/\/abilica.com\/sv\/shop\/\"},{\"@type\":\"ListItem\",\"position\":3,\"name\":\"Abilica MultigripBar 50 mm\"}]},{\"@type\":\"WebSite\",\"@id\":\"https:\/\/abilica.com\/#website\",\"url\":\"https:\/\/abilica.com\/\",\"name\":\"Abilica\",\"description\":\"Abilica Home Training\",\"potentialAction\":[{\"@type\":\"SearchAction\",\"target\":{\"@type\":\"EntryPoint\",\"urlTemplate\":\"https:\/\/abilica.com\/?s={search_term_string}\"},\"query-input\":{\"@type\":\"PropertyValueSpecification\",\"valueRequired\":true,\"valueName\":\"search_term_string\"}}],\"inLanguage\":\"sv-SE\"}]}<\/script>\n<!-- \/ Yoast SEO Premium plugin. -->","yoast_head_json":{"title":"Abilica MultigripBar 50 mm Abilica","robots":{"index":"index","follow":"follow","max-snippet":"max-snippet:-1","max-image-preview":"max-image-preview:large","max-video-preview":"max-video-preview:-1"},"canonical":"https:\/\/abilica.com\/sv\/styrka\/skivor-och-stanger\/abilica-multigripbar\/","og_locale":"sv_SE","og_type":"article","og_title":"Abilica MultigripBar 50 mm","og_description":"Multigrip bar er anpassad 50mm viktskivor och med 4 olika greppsm\u00f6jligheter ger den m\u00f6jligheter f\u00f6r...","og_url":"https:\/\/abilica.com\/sv\/styrka\/skivor-och-stanger\/abilica-multigripbar\/","og_site_name":"Abilica","article_publisher":"https:\/\/www.facebook.com\/abilicahometraining\/","article_modified_time":"2023-10-16T19:36:39+00:00","og_image":[{"width":1200,"height":1200,"url":"https:\/\/abilica.com\/wp-content\/uploads\/2017\/08\/300931.jpg","type":"image\/jpeg"}],"twitter_card":"summary_large_image","schema":{"@context":"https:\/\/schema.org","@graph":[{"@type":"WebPage","@id":"https:\/\/abilica.com\/sv\/styrka\/skivor-och-stanger\/abilica-multigripbar\/","url":"https:\/\/abilica.com\/sv\/styrka\/skivor-och-stanger\/abilica-multigripbar\/","name":"Abilica MultigripBar 50 mm Abilica","isPartOf":{"@id":"https:\/\/abilica.com\/#website"},"primaryImageOfPage":{"@id":"https:\/\/abilica.com\/sv\/styrka\/skivor-och-stanger\/abilica-multigripbar\/#primaryimage"},"image":{"@id":"https:\/\/abilica.com\/sv\/styrka\/skivor-och-stanger\/abilica-multigripbar\/#primaryimage"},"thumbnailUrl":"https:\/\/abilica.com\/wp-content\/uploads\/2017\/08\/300931.jpg","datePublished":"2017-08-09T10:21:08+00:00","dateModified":"2023-10-16T19:36:39+00:00","breadcrumb":{"@id":"https:\/\/abilica.com\/sv\/styrka\/skivor-och-stanger\/abilica-multigripbar\/#breadcrumb"},"inLanguage":"sv-SE","potentialAction":[{"@type":"ReadAction","target":["https:\/\/abilica.com\/sv\/styrka\/skivor-och-stanger\/abilica-multigripbar\/"]}]},{"@type":"ImageObject","inLanguage":"sv-SE","@id":"https:\/\/abilica.com\/sv\/styrka\/skivor-och-stanger\/abilica-multigripbar\/#primaryimage","url":"https:\/\/abilica.com\/wp-content\/uploads\/2017\/08\/300931.jpg","contentUrl":"https:\/\/abilica.com\/wp-content\/uploads\/2017\/08\/300931.jpg","width":1200,"height":1200},{"@type":"BreadcrumbList","@id":"https:\/\/abilica.com\/sv\/styrka\/skivor-och-stanger\/abilica-multigripbar\/#breadcrumb","itemListElement":[{"@type":"ListItem","position":1,"name":"Hem","item":"https:\/\/abilica.com\/sv\/"},{"@type":"ListItem","position":2,"name":"Produkter","item":"https:\/\/abilica.com\/sv\/shop\/"},{"@type":"ListItem","position":3,"name":"Abilica MultigripBar 50 mm"}]},{"@type":"WebSite","@id":"https:\/\/abilica.com\/#website","url":"https:\/\/abilica.com\/","name":"Abilica","description":"Abilica Home Training","potentialAction":[{"@type":"SearchAction","target":{"@type":"EntryPoint","urlTemplate":"https:\/\/abilica.com\/?s={search_term_string}"},"query-input":{"@type":"PropertyValueSpecification","valueRequired":true,"valueName":"search_term_string"}}],"inLanguage":"sv-SE"}]}},"_links":{"self":[{"href":"https:\/\/abilica.com\/sv\/wp-json\/wp\/v2\/product\/19209","targetHints":{"allow":["GET"]}}],"collection":[{"href":"https:\/\/abilica.com\/sv\/wp-json\/wp\/v2\/product"}],"about":[{"href":"https:\/\/abilica.com\/sv\/wp-json\/wp\/v2\/types\/product"}],"wp:featuredmedia":[{"embeddable":true,"href":"https:\/\/abilica.com\/sv\/wp-json\/wp\/v2\/media\/19210"}],"wp:attachment":[{"href":"https:\/\/abilica.com\/sv\/wp-json\/wp\/v2\/media?parent=19209"}],"wp:term":[{"taxonomy":"product_brand","embeddable":true,"href":"https:\/\/abilica.com\/sv\/wp-json\/wp\/v2\/product_brand?post=19209"},{"taxonomy":"product_cat","embeddable":true,"href":"https:\/\/abilica.com\/sv\/wp-json\/wp\/v2\/product_cat?post=19209"},{"taxonomy":"product_tag","embeddable":true,"href":"https:\/\/abilica.com\/sv\/wp-json\/wp\/v2\/product_tag?post=19209"}],"curies":[{"name":"wp","href":"https:\/\/api.w.org\/{rel}","templated":true}]}}