{"id":19251,"date":"2017-08-09T11:21:08","date_gmt":"2017-08-09T10:21:08","guid":{"rendered":"https:\/\/abilica.com\/se\/\/abilica-premium-gymmat-120x60-cm\/"},"modified":"2023-10-16T20:36:40","modified_gmt":"2023-10-16T19:36:40","slug":"abilica-premium-gymmat-120x60-cm","status":"publish","type":"product","link":"https:\/\/abilica.com\/sv\/styrka\/mattor\/abilica-premium-gymmat-120x60-cm\/","title":{"rendered":"Abilica Premium GymMat 120&#215;60 cm"},"content":{"rendered":"<div class=\"wpb-content-wrapper\"><p>[vc_row][vc_column][vc_column_text]Gymmatta anpassad f\u00f6r tr\u00e4ningsrum och gym. Som Abilica GymMat 120 x 60 x 2 cm, men med 2 st. \u00f6glor f\u00f6r upph\u00e4ngning och en tjocklek p\u00e5 1,5 cm. Producerad i\u00a0NBR med h\u00f6g t\u00e4thet och slitstyrka. F\u00f6r upph\u00e4ngning, se <a href=\"https:\/\/abilica.com\/se\/styrka\/mattor-styrka\/abilica-wallhangers\/\"><strong>WallHangers.<\/strong><\/a>[\/vc_column_text][vc_empty_space height=&#8221;52px&#8221;][\/vc_column][\/vc_row][vc_row][vc_column][vc_btn title=&#8221;Tr\u00e4ningstips&#8221; style=&#8221;flat&#8221; color=&#8221;black&#8221; i_icon_fontawesome=&#8221;fa fa-align-left&#8221; add_icon=&#8221;true&#8221; link=&#8221;url:http%3A%2F%2Fwww.hemmatraningsbloggen.se%2Fstyrka%2Ftrana-styrka-med-egen-kropp-pa-gymmatta%2F||target:%20_blank|&#8221;][\/vc_column][\/vc_row]<\/p>\n<\/div>","protected":false},"excerpt":{"rendered":"<p>[vc_row][vc_column][vc_column_text]Gymmatta anpassad f\u00f6r tr\u00e4ningsrum och gym. Som Abilica GymMat 120 x 60 x 2 cm,&#8230;<\/p>\n","protected":false},"featured_media":19252,"template":"","meta":{"_acf_changed":false},"product_brand":[],"product_cat":[493,471],"product_tag":[183,49],"class_list":{"0":"post-19251","1":"product","2":"type-product","3":"status-publish","4":"has-post-thumbnail","6":"product_cat-mattor","7":"product_cat-styrka","8":"product_tag-abilica-pregnancy","9":"product_tag-premium","11":"first","12":"outofstock","13":"product-type-simple"},"acf":[],"yoast_head":"<!-- This site is optimized with the Yoast SEO Premium plugin v21.1 (Yoast SEO v25.4) - https:\/\/yoast.com\/wordpress\/plugins\/seo\/ -->\n<title>Abilica Premium GymMat 120x60 cm Abilica<\/title>\n<meta name=\"robots\" content=\"index, follow, max-snippet:-1, max-image-preview:large, max-video-preview:-1\" \/>\n<link rel=\"canonical\" href=\"https:\/\/abilica.com\/sv\/styrka\/mattor\/abilica-premium-gymmat-120x60-cm\/\" \/>\n<meta property=\"og:locale\" content=\"sv_SE\" \/>\n<meta property=\"og:type\" content=\"article\" \/>\n<meta property=\"og:title\" content=\"Abilica Premium GymMat 120x60 cm\" \/>\n<meta property=\"og:description\" content=\"[vc_row][vc_column][vc_column_text]Gymmatta anpassad f\u00f6r tr\u00e4ningsrum och gym. Som Abilica GymMat 120 x 60 x 2 cm,...\" \/>\n<meta property=\"og:url\" content=\"https:\/\/abilica.com\/sv\/styrka\/mattor\/abilica-premium-gymmat-120x60-cm\/\" \/>\n<meta property=\"og:site_name\" content=\"Abilica\" \/>\n<meta property=\"article:publisher\" content=\"https:\/\/www.facebook.com\/abilicahometraining\/\" \/>\n<meta property=\"article:modified_time\" content=\"2023-10-16T19:36:40+00:00\" \/>\n<meta property=\"og:image\" content=\"https:\/\/abilica.com\/wp-content\/uploads\/2017\/08\/300898.jpg\" \/>\n\t<meta property=\"og:image:width\" content=\"1200\" \/>\n\t<meta property=\"og:image:height\" content=\"1200\" \/>\n\t<meta property=\"og:image:type\" content=\"image\/jpeg\" \/>\n<meta name=\"twitter:card\" content=\"summary_large_image\" \/>\n<meta name=\"twitter:label1\" content=\"Ber\u00e4knad l\u00e4stid\" \/>\n\t<meta name=\"twitter:data1\" content=\"1 minut\" \/>\n<script type=\"application\/ld+json\" class=\"yoast-schema-graph\">{\"@context\":\"https:\/\/schema.org\",\"@graph\":[{\"@type\":\"WebPage\",\"@id\":\"https:\/\/abilica.com\/sv\/styrka\/mattor\/abilica-premium-gymmat-120x60-cm\/\",\"url\":\"https:\/\/abilica.com\/sv\/styrka\/mattor\/abilica-premium-gymmat-120x60-cm\/\",\"name\":\"Abilica Premium GymMat 120x60 cm Abilica\",\"isPartOf\":{\"@id\":\"https:\/\/abilica.com\/#website\"},\"primaryImageOfPage\":{\"@id\":\"https:\/\/abilica.com\/sv\/styrka\/mattor\/abilica-premium-gymmat-120x60-cm\/#primaryimage\"},\"image\":{\"@id\":\"https:\/\/abilica.com\/sv\/styrka\/mattor\/abilica-premium-gymmat-120x60-cm\/#primaryimage\"},\"thumbnailUrl\":\"https:\/\/abilica.com\/wp-content\/uploads\/2017\/08\/300898.jpg\",\"datePublished\":\"2017-08-09T10:21:08+00:00\",\"dateModified\":\"2023-10-16T19:36:40+00:00\",\"breadcrumb\":{\"@id\":\"https:\/\/abilica.com\/sv\/styrka\/mattor\/abilica-premium-gymmat-120x60-cm\/#breadcrumb\"},\"inLanguage\":\"sv-SE\",\"potentialAction\":[{\"@type\":\"ReadAction\",\"target\":[\"https:\/\/abilica.com\/sv\/styrka\/mattor\/abilica-premium-gymmat-120x60-cm\/\"]}]},{\"@type\":\"ImageObject\",\"inLanguage\":\"sv-SE\",\"@id\":\"https:\/\/abilica.com\/sv\/styrka\/mattor\/abilica-premium-gymmat-120x60-cm\/#primaryimage\",\"url\":\"https:\/\/abilica.com\/wp-content\/uploads\/2017\/08\/300898.jpg\",\"contentUrl\":\"https:\/\/abilica.com\/wp-content\/uploads\/2017\/08\/300898.jpg\",\"width\":1200,\"height\":1200},{\"@type\":\"BreadcrumbList\",\"@id\":\"https:\/\/abilica.com\/sv\/styrka\/mattor\/abilica-premium-gymmat-120x60-cm\/#breadcrumb\",\"itemListElement\":[{\"@type\":\"ListItem\",\"position\":1,\"name\":\"Hem\",\"item\":\"https:\/\/abilica.com\/sv\/\"},{\"@type\":\"ListItem\",\"position\":2,\"name\":\"Produkter\",\"item\":\"https:\/\/abilica.com\/sv\/shop\/\"},{\"@type\":\"ListItem\",\"position\":3,\"name\":\"Abilica Premium GymMat 120&#215;60 cm\"}]},{\"@type\":\"WebSite\",\"@id\":\"https:\/\/abilica.com\/#website\",\"url\":\"https:\/\/abilica.com\/\",\"name\":\"Abilica\",\"description\":\"Abilica Home Training\",\"potentialAction\":[{\"@type\":\"SearchAction\",\"target\":{\"@type\":\"EntryPoint\",\"urlTemplate\":\"https:\/\/abilica.com\/?s={search_term_string}\"},\"query-input\":{\"@type\":\"PropertyValueSpecification\",\"valueRequired\":true,\"valueName\":\"search_term_string\"}}],\"inLanguage\":\"sv-SE\"}]}<\/script>\n<!-- \/ Yoast SEO Premium plugin. -->","yoast_head_json":{"title":"Abilica Premium GymMat 120x60 cm Abilica","robots":{"index":"index","follow":"follow","max-snippet":"max-snippet:-1","max-image-preview":"max-image-preview:large","max-video-preview":"max-video-preview:-1"},"canonical":"https:\/\/abilica.com\/sv\/styrka\/mattor\/abilica-premium-gymmat-120x60-cm\/","og_locale":"sv_SE","og_type":"article","og_title":"Abilica Premium GymMat 120x60 cm","og_description":"[vc_row][vc_column][vc_column_text]Gymmatta anpassad f\u00f6r tr\u00e4ningsrum och gym. Som Abilica GymMat 120 x 60 x 2 cm,...","og_url":"https:\/\/abilica.com\/sv\/styrka\/mattor\/abilica-premium-gymmat-120x60-cm\/","og_site_name":"Abilica","article_publisher":"https:\/\/www.facebook.com\/abilicahometraining\/","article_modified_time":"2023-10-16T19:36:40+00:00","og_image":[{"width":1200,"height":1200,"url":"https:\/\/abilica.com\/wp-content\/uploads\/2017\/08\/300898.jpg","type":"image\/jpeg"}],"twitter_card":"summary_large_image","twitter_misc":{"Ber\u00e4knad l\u00e4stid":"1 minut"},"schema":{"@context":"https:\/\/schema.org","@graph":[{"@type":"WebPage","@id":"https:\/\/abilica.com\/sv\/styrka\/mattor\/abilica-premium-gymmat-120x60-cm\/","url":"https:\/\/abilica.com\/sv\/styrka\/mattor\/abilica-premium-gymmat-120x60-cm\/","name":"Abilica Premium GymMat 120x60 cm Abilica","isPartOf":{"@id":"https:\/\/abilica.com\/#website"},"primaryImageOfPage":{"@id":"https:\/\/abilica.com\/sv\/styrka\/mattor\/abilica-premium-gymmat-120x60-cm\/#primaryimage"},"image":{"@id":"https:\/\/abilica.com\/sv\/styrka\/mattor\/abilica-premium-gymmat-120x60-cm\/#primaryimage"},"thumbnailUrl":"https:\/\/abilica.com\/wp-content\/uploads\/2017\/08\/300898.jpg","datePublished":"2017-08-09T10:21:08+00:00","dateModified":"2023-10-16T19:36:40+00:00","breadcrumb":{"@id":"https:\/\/abilica.com\/sv\/styrka\/mattor\/abilica-premium-gymmat-120x60-cm\/#breadcrumb"},"inLanguage":"sv-SE","potentialAction":[{"@type":"ReadAction","target":["https:\/\/abilica.com\/sv\/styrka\/mattor\/abilica-premium-gymmat-120x60-cm\/"]}]},{"@type":"ImageObject","inLanguage":"sv-SE","@id":"https:\/\/abilica.com\/sv\/styrka\/mattor\/abilica-premium-gymmat-120x60-cm\/#primaryimage","url":"https:\/\/abilica.com\/wp-content\/uploads\/2017\/08\/300898.jpg","contentUrl":"https:\/\/abilica.com\/wp-content\/uploads\/2017\/08\/300898.jpg","width":1200,"height":1200},{"@type":"BreadcrumbList","@id":"https:\/\/abilica.com\/sv\/styrka\/mattor\/abilica-premium-gymmat-120x60-cm\/#breadcrumb","itemListElement":[{"@type":"ListItem","position":1,"name":"Hem","item":"https:\/\/abilica.com\/sv\/"},{"@type":"ListItem","position":2,"name":"Produkter","item":"https:\/\/abilica.com\/sv\/shop\/"},{"@type":"ListItem","position":3,"name":"Abilica Premium GymMat 120&#215;60 cm"}]},{"@type":"WebSite","@id":"https:\/\/abilica.com\/#website","url":"https:\/\/abilica.com\/","name":"Abilica","description":"Abilica Home Training","potentialAction":[{"@type":"SearchAction","target":{"@type":"EntryPoint","urlTemplate":"https:\/\/abilica.com\/?s={search_term_string}"},"query-input":{"@type":"PropertyValueSpecification","valueRequired":true,"valueName":"search_term_string"}}],"inLanguage":"sv-SE"}]}},"_links":{"self":[{"href":"https:\/\/abilica.com\/sv\/wp-json\/wp\/v2\/product\/19251","targetHints":{"allow":["GET"]}}],"collection":[{"href":"https:\/\/abilica.com\/sv\/wp-json\/wp\/v2\/product"}],"about":[{"href":"https:\/\/abilica.com\/sv\/wp-json\/wp\/v2\/types\/product"}],"wp:featuredmedia":[{"embeddable":true,"href":"https:\/\/abilica.com\/sv\/wp-json\/wp\/v2\/media\/19252"}],"wp:attachment":[{"href":"https:\/\/abilica.com\/sv\/wp-json\/wp\/v2\/media?parent=19251"}],"wp:term":[{"taxonomy":"product_brand","embeddable":true,"href":"https:\/\/abilica.com\/sv\/wp-json\/wp\/v2\/product_brand?post=19251"},{"taxonomy":"product_cat","embeddable":true,"href":"https:\/\/abilica.com\/sv\/wp-json\/wp\/v2\/product_cat?post=19251"},{"taxonomy":"product_tag","embeddable":true,"href":"https:\/\/abilica.com\/sv\/wp-json\/wp\/v2\/product_tag?post=19251"}],"curies":[{"name":"wp","href":"https:\/\/api.w.org\/{rel}","templated":true}]}}