{"id":19287,"date":"2017-08-09T11:21:26","date_gmt":"2017-08-09T10:21:26","guid":{"rendered":"https:\/\/abilica.com\/se\/\/abilica-stepcross\/"},"modified":"2023-10-16T20:36:41","modified_gmt":"2023-10-16T19:36:41","slug":"abilica-stepcross","status":"publish","type":"product","link":"https:\/\/abilica.com\/sv\/kondition\/trappmaskiner\/abilica-stepcross\/","title":{"rendered":"Abilica StepCross"},"content":{"rendered":"<div class=\"wpb-content-wrapper\"><p>[vc_row][vc_column][vc_column_text]Stabil maskin som \u00e4r en blandning av en stepmaskin och en crosstrainer. Goda justeringsm\u00f6jligheter m\u00f6jligg\u00f6r varierad tr\u00e4ning. Abilica StepCross \u00e4r en maskin som ger mycket varierade tr\u00e4ningspass. Ett sv\u00e4nghjul p\u00e5 13 kg ger ett j\u00e4mnt tryck i tr\u00e4ningen. Manuell justering av motst\u00e5nd g\u00f6r att du kan tr\u00e4na med allt fr\u00e5n l\u00e5gt till mycket h\u00f6gt motst\u00e5nd. En maskin som tr\u00e4nar l\u00e5r, ben och s\u00e4te. StepCross har ett fast nav, tredelad vevaxel och ett mjukt transporthjul f\u00f6r skonsam f\u00f6rflyttning. Max. anv\u00e4ndarvikt \u00e4r 100kg.[\/vc_column_text][vc_empty_space height=&#8221;52px&#8221;][\/vc_column][\/vc_row][vc_row][vc_column][vc_video link=&#8221;https:\/\/www.youtube.com\/watch?v=hkxNGTD4Hpw&#8221; align=&#8221;center&#8221;][vc_empty_space height=&#8221;52px&#8221;][vc_btn title=&#8221;Tr\u00e4ningstips&#8221; style=&#8221;flat&#8221; color=&#8221;black&#8221; align=&#8221;center&#8221; i_icon_fontawesome=&#8221;fa fa-align-left&#8221; add_icon=&#8221;true&#8221; link=&#8221;url:http%3A%2F%2Fwww.hemmatraningsbloggen.se%2Fkondition%2Ftrana-kondition-och-styrka-med-abilica-stepcross%2F||target:%20_blank|&#8221;][\/vc_column][\/vc_row]<\/p>\n<\/div>","protected":false},"excerpt":{"rendered":"<p>[vc_row][vc_column][vc_column_text]Stabil maskin som \u00e4r en blandning av en stepmaskin och en crosstrainer. Goda justeringsm\u00f6jligheter m\u00f6jligg\u00f6r&#8230;<\/p>\n","protected":false},"featured_media":19510,"template":"","meta":{"_acf_changed":false},"product_brand":[],"product_cat":[475,492],"product_tag":[],"class_list":{"0":"post-19287","1":"product","2":"type-product","3":"status-publish","4":"has-post-thumbnail","6":"product_cat-kondition","7":"product_cat-trappmaskiner","9":"first","10":"instock","11":"product-type-simple"},"acf":[],"yoast_head":"<!-- This site is optimized with the Yoast SEO Premium plugin v21.1 (Yoast SEO v25.4) - https:\/\/yoast.com\/wordpress\/plugins\/seo\/ -->\n<title>Abilica StepCross Abilica<\/title>\n<meta name=\"robots\" content=\"index, follow, max-snippet:-1, max-image-preview:large, max-video-preview:-1\" \/>\n<link rel=\"canonical\" href=\"https:\/\/abilica.com\/sv\/kondition\/trappmaskiner\/abilica-stepcross\/\" \/>\n<meta property=\"og:locale\" content=\"sv_SE\" \/>\n<meta property=\"og:type\" content=\"article\" \/>\n<meta property=\"og:title\" content=\"Abilica StepCross\" \/>\n<meta property=\"og:description\" content=\"[vc_row][vc_column][vc_column_text]Stabil maskin som \u00e4r en blandning av en stepmaskin och en crosstrainer. Goda justeringsm\u00f6jligheter m\u00f6jligg\u00f6r...\" \/>\n<meta property=\"og:url\" content=\"https:\/\/abilica.com\/sv\/kondition\/trappmaskiner\/abilica-stepcross\/\" \/>\n<meta property=\"og:site_name\" content=\"Abilica\" \/>\n<meta property=\"article:publisher\" content=\"https:\/\/www.facebook.com\/abilicahometraining\/\" \/>\n<meta property=\"article:modified_time\" content=\"2023-10-16T19:36:41+00:00\" \/>\n<meta property=\"og:image\" content=\"https:\/\/abilica.com\/wp-content\/uploads\/2017\/08\/300933.jpg\" \/>\n\t<meta property=\"og:image:width\" content=\"1200\" \/>\n\t<meta property=\"og:image:height\" content=\"1200\" \/>\n\t<meta property=\"og:image:type\" content=\"image\/jpeg\" \/>\n<meta name=\"twitter:card\" content=\"summary_large_image\" \/>\n<meta name=\"twitter:label1\" content=\"Ber\u00e4knad l\u00e4stid\" \/>\n\t<meta name=\"twitter:data1\" content=\"1 minut\" \/>\n<script type=\"application\/ld+json\" class=\"yoast-schema-graph\">{\"@context\":\"https:\/\/schema.org\",\"@graph\":[{\"@type\":\"WebPage\",\"@id\":\"https:\/\/abilica.com\/sv\/kondition\/trappmaskiner\/abilica-stepcross\/\",\"url\":\"https:\/\/abilica.com\/sv\/kondition\/trappmaskiner\/abilica-stepcross\/\",\"name\":\"Abilica StepCross Abilica\",\"isPartOf\":{\"@id\":\"https:\/\/abilica.com\/#website\"},\"primaryImageOfPage\":{\"@id\":\"https:\/\/abilica.com\/sv\/kondition\/trappmaskiner\/abilica-stepcross\/#primaryimage\"},\"image\":{\"@id\":\"https:\/\/abilica.com\/sv\/kondition\/trappmaskiner\/abilica-stepcross\/#primaryimage\"},\"thumbnailUrl\":\"https:\/\/abilica.com\/wp-content\/uploads\/2017\/08\/300933.jpg\",\"datePublished\":\"2017-08-09T10:21:26+00:00\",\"dateModified\":\"2023-10-16T19:36:41+00:00\",\"breadcrumb\":{\"@id\":\"https:\/\/abilica.com\/sv\/kondition\/trappmaskiner\/abilica-stepcross\/#breadcrumb\"},\"inLanguage\":\"sv-SE\",\"potentialAction\":[{\"@type\":\"ReadAction\",\"target\":[\"https:\/\/abilica.com\/sv\/kondition\/trappmaskiner\/abilica-stepcross\/\"]}]},{\"@type\":\"ImageObject\",\"inLanguage\":\"sv-SE\",\"@id\":\"https:\/\/abilica.com\/sv\/kondition\/trappmaskiner\/abilica-stepcross\/#primaryimage\",\"url\":\"https:\/\/abilica.com\/wp-content\/uploads\/2017\/08\/300933.jpg\",\"contentUrl\":\"https:\/\/abilica.com\/wp-content\/uploads\/2017\/08\/300933.jpg\",\"width\":1200,\"height\":1200},{\"@type\":\"BreadcrumbList\",\"@id\":\"https:\/\/abilica.com\/sv\/kondition\/trappmaskiner\/abilica-stepcross\/#breadcrumb\",\"itemListElement\":[{\"@type\":\"ListItem\",\"position\":1,\"name\":\"Hem\",\"item\":\"https:\/\/abilica.com\/sv\/\"},{\"@type\":\"ListItem\",\"position\":2,\"name\":\"Produkter\",\"item\":\"https:\/\/abilica.com\/sv\/shop\/\"},{\"@type\":\"ListItem\",\"position\":3,\"name\":\"Abilica StepCross\"}]},{\"@type\":\"WebSite\",\"@id\":\"https:\/\/abilica.com\/#website\",\"url\":\"https:\/\/abilica.com\/\",\"name\":\"Abilica\",\"description\":\"Abilica Home Training\",\"potentialAction\":[{\"@type\":\"SearchAction\",\"target\":{\"@type\":\"EntryPoint\",\"urlTemplate\":\"https:\/\/abilica.com\/?s={search_term_string}\"},\"query-input\":{\"@type\":\"PropertyValueSpecification\",\"valueRequired\":true,\"valueName\":\"search_term_string\"}}],\"inLanguage\":\"sv-SE\"}]}<\/script>\n<!-- \/ Yoast SEO Premium plugin. -->","yoast_head_json":{"title":"Abilica StepCross Abilica","robots":{"index":"index","follow":"follow","max-snippet":"max-snippet:-1","max-image-preview":"max-image-preview:large","max-video-preview":"max-video-preview:-1"},"canonical":"https:\/\/abilica.com\/sv\/kondition\/trappmaskiner\/abilica-stepcross\/","og_locale":"sv_SE","og_type":"article","og_title":"Abilica StepCross","og_description":"[vc_row][vc_column][vc_column_text]Stabil maskin som \u00e4r en blandning av en stepmaskin och en crosstrainer. Goda justeringsm\u00f6jligheter m\u00f6jligg\u00f6r...","og_url":"https:\/\/abilica.com\/sv\/kondition\/trappmaskiner\/abilica-stepcross\/","og_site_name":"Abilica","article_publisher":"https:\/\/www.facebook.com\/abilicahometraining\/","article_modified_time":"2023-10-16T19:36:41+00:00","og_image":[{"width":1200,"height":1200,"url":"https:\/\/abilica.com\/wp-content\/uploads\/2017\/08\/300933.jpg","type":"image\/jpeg"}],"twitter_card":"summary_large_image","twitter_misc":{"Ber\u00e4knad l\u00e4stid":"1 minut"},"schema":{"@context":"https:\/\/schema.org","@graph":[{"@type":"WebPage","@id":"https:\/\/abilica.com\/sv\/kondition\/trappmaskiner\/abilica-stepcross\/","url":"https:\/\/abilica.com\/sv\/kondition\/trappmaskiner\/abilica-stepcross\/","name":"Abilica StepCross Abilica","isPartOf":{"@id":"https:\/\/abilica.com\/#website"},"primaryImageOfPage":{"@id":"https:\/\/abilica.com\/sv\/kondition\/trappmaskiner\/abilica-stepcross\/#primaryimage"},"image":{"@id":"https:\/\/abilica.com\/sv\/kondition\/trappmaskiner\/abilica-stepcross\/#primaryimage"},"thumbnailUrl":"https:\/\/abilica.com\/wp-content\/uploads\/2017\/08\/300933.jpg","datePublished":"2017-08-09T10:21:26+00:00","dateModified":"2023-10-16T19:36:41+00:00","breadcrumb":{"@id":"https:\/\/abilica.com\/sv\/kondition\/trappmaskiner\/abilica-stepcross\/#breadcrumb"},"inLanguage":"sv-SE","potentialAction":[{"@type":"ReadAction","target":["https:\/\/abilica.com\/sv\/kondition\/trappmaskiner\/abilica-stepcross\/"]}]},{"@type":"ImageObject","inLanguage":"sv-SE","@id":"https:\/\/abilica.com\/sv\/kondition\/trappmaskiner\/abilica-stepcross\/#primaryimage","url":"https:\/\/abilica.com\/wp-content\/uploads\/2017\/08\/300933.jpg","contentUrl":"https:\/\/abilica.com\/wp-content\/uploads\/2017\/08\/300933.jpg","width":1200,"height":1200},{"@type":"BreadcrumbList","@id":"https:\/\/abilica.com\/sv\/kondition\/trappmaskiner\/abilica-stepcross\/#breadcrumb","itemListElement":[{"@type":"ListItem","position":1,"name":"Hem","item":"https:\/\/abilica.com\/sv\/"},{"@type":"ListItem","position":2,"name":"Produkter","item":"https:\/\/abilica.com\/sv\/shop\/"},{"@type":"ListItem","position":3,"name":"Abilica StepCross"}]},{"@type":"WebSite","@id":"https:\/\/abilica.com\/#website","url":"https:\/\/abilica.com\/","name":"Abilica","description":"Abilica Home Training","potentialAction":[{"@type":"SearchAction","target":{"@type":"EntryPoint","urlTemplate":"https:\/\/abilica.com\/?s={search_term_string}"},"query-input":{"@type":"PropertyValueSpecification","valueRequired":true,"valueName":"search_term_string"}}],"inLanguage":"sv-SE"}]}},"_links":{"self":[{"href":"https:\/\/abilica.com\/sv\/wp-json\/wp\/v2\/product\/19287","targetHints":{"allow":["GET"]}}],"collection":[{"href":"https:\/\/abilica.com\/sv\/wp-json\/wp\/v2\/product"}],"about":[{"href":"https:\/\/abilica.com\/sv\/wp-json\/wp\/v2\/types\/product"}],"wp:featuredmedia":[{"embeddable":true,"href":"https:\/\/abilica.com\/sv\/wp-json\/wp\/v2\/media\/19510"}],"wp:attachment":[{"href":"https:\/\/abilica.com\/sv\/wp-json\/wp\/v2\/media?parent=19287"}],"wp:term":[{"taxonomy":"product_brand","embeddable":true,"href":"https:\/\/abilica.com\/sv\/wp-json\/wp\/v2\/product_brand?post=19287"},{"taxonomy":"product_cat","embeddable":true,"href":"https:\/\/abilica.com\/sv\/wp-json\/wp\/v2\/product_cat?post=19287"},{"taxonomy":"product_tag","embeddable":true,"href":"https:\/\/abilica.com\/sv\/wp-json\/wp\/v2\/product_tag?post=19287"}],"curies":[{"name":"wp","href":"https:\/\/api.w.org\/{rel}","templated":true}]}}